{"id":22865,"date":"2017-03-02T10:27:44","date_gmt":"2017-03-02T09:27:44","guid":{"rendered":"https:\/\/innow.pl\/produkt\/podlokietniki-odwodzone-do-boku\/"},"modified":"2025-03-27T07:32:32","modified_gmt":"2025-03-27T06:32:32","slug":"podlokietniki-odwodzone-do-boku","status":"publish","type":"product","link":"https:\/\/innow.pl\/fr\/produkt\/podlokietniki-odwodzone-do-boku\/","title":{"rendered":"Podparcie przedramion odwodzone do boku"},"content":{"rendered":"<p>W przypadku zainteresowania, prosimy o kontakt z dzia\u0142em handlowym w celu uzyskania informacji na temat dost\u0119pno\u015bci i\u00a0ceny.<\/p>\n<div>Mo\u017cliwe do zakupu tylko wraz z wyposa\u017ceniem <a style=\"color: #00c6e5;\" href=\"https:\/\/innow.pl\/produkt\/podglowek-z-podparciem-przedramion\/\">\u00ab\u00a0Podg\u0142\u00f3wek z podparciem przedramion\u00a0\u00bb<\/a> lub <a style=\"color: #00c6e5;\" href=\"https:\/\/innow.pl\/produkt\/podglowek-z-podparciem-przedramion-anatomiczny\/\">\u00ab\u00a0Podg\u0142\u00f3wek z podparciem przedramion anatomiczny\u00a0\u00bb.<\/a><\/div>\n","protected":false},"excerpt":{"rendered":"<p>W przypadku zainteresowania, prosimy o kontakt z dzia\u0142em handlowym w celu uzyskania informacji na temat dost\u0119pno\u015bci i\u00a0ceny. Mo\u017cliwe do zakupu tylko wraz z wyposa\u017ceniem \u00ab\u00a0Podg\u0142\u00f3wek z podparciem przedramion\u00a0\u00bb lub \u00ab\u00a0Podg\u0142\u00f3wek z podparciem przedramion anatomiczny\u00a0\u00bb.<\/p>\n","protected":false},"featured_media":22867,"comment_status":"open","ping_status":"closed","template":"","meta":{"_acf_changed":false},"product_brand":[],"product_cat":[49],"product_tag":[],"class_list":{"0":"post-22865","1":"product","2":"type-product","3":"status-publish","4":"has-post-thumbnail","6":"product_cat-lazienka-i-wc","8":"first","9":"instock","10":"taxable","11":"shipping-taxable","12":"purchasable","13":"product-type-simple"},"acf":[],"yoast_head":"<!-- This site is optimized with the Yoast SEO plugin v27.4 - https:\/\/yoast.com\/product\/yoast-seo-wordpress\/ -->\n<title>Podparcie przedramion odwodzone do boku - INNOW<\/title>\n<meta name=\"robots\" content=\"index, follow, max-snippet:-1, max-image-preview:large, max-video-preview:-1\" \/>\n<link rel=\"canonical\" href=\"https:\/\/innow.pl\/produkt\/podlokietniki-odwodzone-do-boku\/\" \/>\n<meta property=\"og:locale\" content=\"fr_FR\" \/>\n<meta property=\"og:type\" content=\"article\" \/>\n<meta property=\"og:title\" content=\"Podparcie przedramion odwodzone do boku - INNOW\" \/>\n<meta property=\"og:description\" content=\"W przypadku zainteresowania, prosimy o kontakt z dzia\u0142em handlowym w celu uzyskania informacji na temat dost\u0119pno\u015bci i\u00a0ceny. Mo\u017cliwe do zakupu tylko wraz z wyposa\u017ceniem \u00ab\u00a0Podg\u0142\u00f3wek z podparciem przedramion\u00a0\u00bb lub \u00ab\u00a0Podg\u0142\u00f3wek z podparciem przedramion anatomiczny\u00a0\u00bb.\" \/>\n<meta property=\"og:url\" content=\"https:\/\/innow.pl\/produkt\/podlokietniki-odwodzone-do-boku\/\" \/>\n<meta property=\"og:site_name\" content=\"INNOW\" \/>\n<meta property=\"article:modified_time\" content=\"2025-03-27T06:32:32+00:00\" \/>\n<meta property=\"og:image\" content=\"https:\/\/innow.pl\/wp-content\/uploads\/2024\/11\/podparcie-przedramion-odwodzone-do-boku.jpg\" \/>\n\t<meta property=\"og:image:width\" content=\"480\" \/>\n\t<meta property=\"og:image:height\" content=\"480\" \/>\n\t<meta property=\"og:image:type\" content=\"image\/jpeg\" \/>\n<meta name=\"twitter:card\" content=\"summary_large_image\" \/>\n<meta name=\"twitter:label1\" content=\"Dur\u00e9e de lecture estim\u00e9e\" \/>\n\t<meta name=\"twitter:data1\" content=\"1 minute\" \/>\n<script type=\"application\/ld+json\" class=\"yoast-schema-graph\">{\"@context\":\"https:\\\/\\\/schema.org\",\"@graph\":[{\"@type\":\"WebPage\",\"@id\":\"https:\\\/\\\/innow.pl\\\/produkt\\\/podlokietniki-odwodzone-do-boku\\\/\",\"url\":\"https:\\\/\\\/innow.pl\\\/produkt\\\/podlokietniki-odwodzone-do-boku\\\/\",\"name\":\"Podparcie przedramion odwodzone do boku - INNOW\",\"isPartOf\":{\"@id\":\"https:\\\/\\\/innow.pl\\\/#website\"},\"primaryImageOfPage\":{\"@id\":\"https:\\\/\\\/innow.pl\\\/produkt\\\/podlokietniki-odwodzone-do-boku\\\/#primaryimage\"},\"image\":{\"@id\":\"https:\\\/\\\/innow.pl\\\/produkt\\\/podlokietniki-odwodzone-do-boku\\\/#primaryimage\"},\"thumbnailUrl\":\"https:\\\/\\\/innow.pl\\\/wp-content\\\/uploads\\\/2024\\\/11\\\/podparcie-przedramion-odwodzone-do-boku.jpg\",\"datePublished\":\"2017-03-02T09:27:44+00:00\",\"dateModified\":\"2025-03-27T06:32:32+00:00\",\"breadcrumb\":{\"@id\":\"https:\\\/\\\/innow.pl\\\/produkt\\\/podlokietniki-odwodzone-do-boku\\\/#breadcrumb\"},\"inLanguage\":\"fr-FR\",\"potentialAction\":[{\"@type\":\"ReadAction\",\"target\":[\"https:\\\/\\\/innow.pl\\\/produkt\\\/podlokietniki-odwodzone-do-boku\\\/\"]}]},{\"@type\":\"ImageObject\",\"inLanguage\":\"fr-FR\",\"@id\":\"https:\\\/\\\/innow.pl\\\/produkt\\\/podlokietniki-odwodzone-do-boku\\\/#primaryimage\",\"url\":\"https:\\\/\\\/innow.pl\\\/wp-content\\\/uploads\\\/2024\\\/11\\\/podparcie-przedramion-odwodzone-do-boku.jpg\",\"contentUrl\":\"https:\\\/\\\/innow.pl\\\/wp-content\\\/uploads\\\/2024\\\/11\\\/podparcie-przedramion-odwodzone-do-boku.jpg\",\"width\":480,\"height\":480,\"caption\":\"Pod\u0142okietniki odwodzone do boku - INNOW\"},{\"@type\":\"BreadcrumbList\",\"@id\":\"https:\\\/\\\/innow.pl\\\/produkt\\\/podlokietniki-odwodzone-do-boku\\\/#breadcrumb\",\"itemListElement\":[{\"@type\":\"ListItem\",\"position\":1,\"name\":\"INNOW\",\"item\":\"https:\\\/\\\/innow.pl\\\/fr\\\/\"},{\"@type\":\"ListItem\",\"position\":2,\"name\":\"Produkty\",\"item\":\"https:\\\/\\\/innow.pl\\\/produkty\\\/\"},{\"@type\":\"ListItem\",\"position\":3,\"name\":\"\u0141azienka i WC\",\"item\":\"https:\\\/\\\/innow.pl\\\/produkty\\\/lazienka-i-wc\\\/\"},{\"@type\":\"ListItem\",\"position\":4,\"name\":\"Podparcie przedramion odwodzone do boku\"}]},{\"@type\":\"WebSite\",\"@id\":\"https:\\\/\\\/innow.pl\\\/#website\",\"url\":\"https:\\\/\\\/innow.pl\\\/\",\"name\":\"INNOW\",\"description\":\"\",\"potentialAction\":[{\"@type\":\"SearchAction\",\"target\":{\"@type\":\"EntryPoint\",\"urlTemplate\":\"https:\\\/\\\/innow.pl\\\/?s={search_term_string}\"},\"query-input\":{\"@type\":\"PropertyValueSpecification\",\"valueRequired\":true,\"valueName\":\"search_term_string\"}}],\"inLanguage\":\"fr-FR\"}]}<\/script>\n<!-- \/ Yoast SEO plugin. -->","yoast_head_json":{"title":"Podparcie przedramion odwodzone do boku - INNOW","robots":{"index":"index","follow":"follow","max-snippet":"max-snippet:-1","max-image-preview":"max-image-preview:large","max-video-preview":"max-video-preview:-1"},"canonical":"https:\/\/innow.pl\/produkt\/podlokietniki-odwodzone-do-boku\/","og_locale":"fr_FR","og_type":"article","og_title":"Podparcie przedramion odwodzone do boku - INNOW","og_description":"W przypadku zainteresowania, prosimy o kontakt z dzia\u0142em handlowym w celu uzyskania informacji na temat dost\u0119pno\u015bci i\u00a0ceny. Mo\u017cliwe do zakupu tylko wraz z wyposa\u017ceniem \u00ab\u00a0Podg\u0142\u00f3wek z podparciem przedramion\u00a0\u00bb lub \u00ab\u00a0Podg\u0142\u00f3wek z podparciem przedramion anatomiczny\u00a0\u00bb.","og_url":"https:\/\/innow.pl\/produkt\/podlokietniki-odwodzone-do-boku\/","og_site_name":"INNOW","article_modified_time":"2025-03-27T06:32:32+00:00","og_image":[{"width":480,"height":480,"url":"https:\/\/innow.pl\/wp-content\/uploads\/2024\/11\/podparcie-przedramion-odwodzone-do-boku.jpg","type":"image\/jpeg"}],"twitter_card":"summary_large_image","twitter_misc":{"Dur\u00e9e de lecture estim\u00e9e":"1 minute"},"schema":{"@context":"https:\/\/schema.org","@graph":[{"@type":"WebPage","@id":"https:\/\/innow.pl\/produkt\/podlokietniki-odwodzone-do-boku\/","url":"https:\/\/innow.pl\/produkt\/podlokietniki-odwodzone-do-boku\/","name":"Podparcie przedramion odwodzone do boku - INNOW","isPartOf":{"@id":"https:\/\/innow.pl\/#website"},"primaryImageOfPage":{"@id":"https:\/\/innow.pl\/produkt\/podlokietniki-odwodzone-do-boku\/#primaryimage"},"image":{"@id":"https:\/\/innow.pl\/produkt\/podlokietniki-odwodzone-do-boku\/#primaryimage"},"thumbnailUrl":"https:\/\/innow.pl\/wp-content\/uploads\/2024\/11\/podparcie-przedramion-odwodzone-do-boku.jpg","datePublished":"2017-03-02T09:27:44+00:00","dateModified":"2025-03-27T06:32:32+00:00","breadcrumb":{"@id":"https:\/\/innow.pl\/produkt\/podlokietniki-odwodzone-do-boku\/#breadcrumb"},"inLanguage":"fr-FR","potentialAction":[{"@type":"ReadAction","target":["https:\/\/innow.pl\/produkt\/podlokietniki-odwodzone-do-boku\/"]}]},{"@type":"ImageObject","inLanguage":"fr-FR","@id":"https:\/\/innow.pl\/produkt\/podlokietniki-odwodzone-do-boku\/#primaryimage","url":"https:\/\/innow.pl\/wp-content\/uploads\/2024\/11\/podparcie-przedramion-odwodzone-do-boku.jpg","contentUrl":"https:\/\/innow.pl\/wp-content\/uploads\/2024\/11\/podparcie-przedramion-odwodzone-do-boku.jpg","width":480,"height":480,"caption":"Pod\u0142okietniki odwodzone do boku - INNOW"},{"@type":"BreadcrumbList","@id":"https:\/\/innow.pl\/produkt\/podlokietniki-odwodzone-do-boku\/#breadcrumb","itemListElement":[{"@type":"ListItem","position":1,"name":"INNOW","item":"https:\/\/innow.pl\/fr\/"},{"@type":"ListItem","position":2,"name":"Produkty","item":"https:\/\/innow.pl\/produkty\/"},{"@type":"ListItem","position":3,"name":"\u0141azienka i WC","item":"https:\/\/innow.pl\/produkty\/lazienka-i-wc\/"},{"@type":"ListItem","position":4,"name":"Podparcie przedramion odwodzone do boku"}]},{"@type":"WebSite","@id":"https:\/\/innow.pl\/#website","url":"https:\/\/innow.pl\/","name":"INNOW","description":"","potentialAction":[{"@type":"SearchAction","target":{"@type":"EntryPoint","urlTemplate":"https:\/\/innow.pl\/?s={search_term_string}"},"query-input":{"@type":"PropertyValueSpecification","valueRequired":true,"valueName":"search_term_string"}}],"inLanguage":"fr-FR"}]}},"_links":{"self":[{"href":"https:\/\/innow.pl\/fr\/wp-json\/wp\/v2\/product\/22865","targetHints":{"allow":["GET"]}}],"collection":[{"href":"https:\/\/innow.pl\/fr\/wp-json\/wp\/v2\/product"}],"about":[{"href":"https:\/\/innow.pl\/fr\/wp-json\/wp\/v2\/types\/product"}],"replies":[{"embeddable":true,"href":"https:\/\/innow.pl\/fr\/wp-json\/wp\/v2\/comments?post=22865"}],"wp:featuredmedia":[{"embeddable":true,"href":"https:\/\/innow.pl\/fr\/wp-json\/wp\/v2\/media\/22867"}],"wp:attachment":[{"href":"https:\/\/innow.pl\/fr\/wp-json\/wp\/v2\/media?parent=22865"}],"wp:term":[{"taxonomy":"product_brand","embeddable":true,"href":"https:\/\/innow.pl\/fr\/wp-json\/wp\/v2\/product_brand?post=22865"},{"taxonomy":"product_cat","embeddable":true,"href":"https:\/\/innow.pl\/fr\/wp-json\/wp\/v2\/product_cat?post=22865"},{"taxonomy":"product_tag","embeddable":true,"href":"https:\/\/innow.pl\/fr\/wp-json\/wp\/v2\/product_tag?post=22865"}],"curies":[{"name":"wp","href":"https:\/\/api.w.org\/{rel}","templated":true}]}}