{"id":72529,"date":"2025-02-05T13:28:31","date_gmt":"2025-02-05T12:28:31","guid":{"rendered":"https:\/\/innow.pl\/?post_type=product&#038;p=72529"},"modified":"2026-03-24T13:14:13","modified_gmt":"2026-03-24T12:14:13","slug":"iwo11-wozek-oddzialowy","status":"publish","type":"product","link":"https:\/\/innow.pl\/en\/produkt\/iwo11-wozek-oddzialowy\/","title":{"rendered":"IWO11 &#8211; W\u00f3zek oddzia\u0142owy"},"content":{"rendered":"<p>W\u00f3zek oddzia\u0142owy z 3 p\u00f3\u0142kami (stolik oddzia\u0142owy) przeznaczony do przewo\u017cenia artyku\u0142\u00f3w higienicznych, \u015brodk\u00f3w do dezynfekcji, akcesori\u00f3w medycznych, itp.<\/p>\n<p>Wyposa\u017cenie:<\/p>\n<ul>\n<li>6 du\u017cych pojemnik\u00f3w z tworzywa &#8211; p\u00f3\u0142ka g\u00f3rna, \u015brodkowa i dolna,<\/li>\n<li>1 ma\u0142y pojemnik boczny umieszczony w koszyku,<\/li>\n<li>uchwyt na worek na odpady z pokryw\u0105, kt\u00f3r\u0105 mo\u017cna zdj\u0105\u0107,<\/li>\n<li>4 k\u00f3\u0142ka\u00a0\u220575 z hamulcami,<\/li>\n<li>2 uchwyty do prowadzenia.<\/li>\n<\/ul>\n<p>Pojemniki w kolorze bia\u0142ym. Konstrukcja lakierowana proszkowo na kolor bia\u0142y lub konstrukcja ze stali nierdzewnej &#8211; do wyboru.<\/p>\n","protected":false},"excerpt":{"rendered":"<p>W\u00f3zek oddzia\u0142owy z 3 p\u00f3\u0142kami (stolik oddzia\u0142owy) przeznaczony do przewo\u017cenia artyku\u0142\u00f3w higienicznych, \u015brodk\u00f3w do dezynfekcji, akcesori\u00f3w medycznych, itp. Wyposa\u017cenie: 6 du\u017cych pojemnik\u00f3w z tworzywa &#8211; p\u00f3\u0142ka g\u00f3rna, \u015brodkowa i dolna, 1 ma\u0142y pojemnik boczny umieszczony w koszyku, uchwyt na worek na odpady z pokryw\u0105, kt\u00f3r\u0105 mo\u017cna zdj\u0105\u0107, 4 k\u00f3\u0142ka\u00a0\u220575 z hamulcami, 2 uchwyty do prowadzenia. [&hellip;]<\/p>\n","protected":false},"featured_media":72418,"comment_status":"open","ping_status":"closed","template":"","meta":{"_acf_changed":false},"product_brand":[],"product_cat":[396,412],"product_tag":[],"class_list":{"0":"post-72529","1":"product","2":"type-product","3":"status-publish","4":"has-post-thumbnail","6":"product_cat-stoliki-i-wozki-medyczne","7":"product_cat-stoliki-zabiegowe-i-oddzialowe","8":"pa_dlugosc-102-cm","9":"pa_konstrukcja-stal-lakierowana-proszkowo","10":"pa_konstrukcja-stal-nierdzewna","11":"pa_szerokosc-42-cm","12":"pa_wysokosc-90-cm","14":"first","15":"instock","16":"taxable","17":"shipping-taxable","18":"purchasable","19":"product-type-variable"},"acf":[],"yoast_head":"<!-- This site is optimized with the Yoast SEO plugin v27.4 - https:\/\/yoast.com\/product\/yoast-seo-wordpress\/ -->\n<title>IWO11 - W\u00f3zek oddzia\u0142owy - INNOW<\/title>\n<meta name=\"description\" content=\"Du\u017cy w\u00f3zek oddzia\u0142owy wyposa\u017cony w pojemniki z tworzywa i uchwyt na worek. Polska produkcja firmy INNOW - ponad 40 lat na rynku! Sprawd\u017a teraz!\" \/>\n<meta name=\"robots\" content=\"index, follow, max-snippet:-1, max-image-preview:large, max-video-preview:-1\" \/>\n<link rel=\"canonical\" href=\"https:\/\/innow.pl\/produkt\/iwo11-wozek-oddzialowy\/\" \/>\n<meta property=\"og:locale\" content=\"en_US\" \/>\n<meta property=\"og:type\" content=\"article\" \/>\n<meta property=\"og:title\" content=\"IWO11 - W\u00f3zek oddzia\u0142owy - INNOW\" \/>\n<meta property=\"og:description\" content=\"Du\u017cy w\u00f3zek oddzia\u0142owy wyposa\u017cony w pojemniki z tworzywa i uchwyt na worek. Polska produkcja firmy INNOW - ponad 40 lat na rynku! Sprawd\u017a teraz!\" \/>\n<meta property=\"og:url\" content=\"https:\/\/innow.pl\/produkt\/iwo11-wozek-oddzialowy\/\" \/>\n<meta property=\"og:site_name\" content=\"INNOW\" \/>\n<meta property=\"article:modified_time\" content=\"2026-03-24T12:14:13+00:00\" \/>\n<meta property=\"og:image\" content=\"https:\/\/innow.pl\/wp-content\/uploads\/2025\/01\/IWO11_new.jpg\" \/>\n\t<meta property=\"og:image:width\" content=\"1000\" \/>\n\t<meta property=\"og:image:height\" content=\"1000\" \/>\n\t<meta property=\"og:image:type\" content=\"image\/jpeg\" \/>\n<meta name=\"twitter:card\" content=\"summary_large_image\" \/>\n<meta name=\"twitter:label1\" content=\"Est. reading time\" \/>\n\t<meta name=\"twitter:data1\" content=\"1 minute\" \/>\n<script type=\"application\/ld+json\" class=\"yoast-schema-graph\">{\"@context\":\"https:\\\/\\\/schema.org\",\"@graph\":[{\"@type\":\"WebPage\",\"@id\":\"https:\\\/\\\/innow.pl\\\/produkt\\\/iwo11-wozek-oddzialowy\\\/\",\"url\":\"https:\\\/\\\/innow.pl\\\/produkt\\\/iwo11-wozek-oddzialowy\\\/\",\"name\":\"IWO11 - W\u00f3zek oddzia\u0142owy - INNOW\",\"isPartOf\":{\"@id\":\"https:\\\/\\\/innow.pl\\\/#website\"},\"primaryImageOfPage\":{\"@id\":\"https:\\\/\\\/innow.pl\\\/produkt\\\/iwo11-wozek-oddzialowy\\\/#primaryimage\"},\"image\":{\"@id\":\"https:\\\/\\\/innow.pl\\\/produkt\\\/iwo11-wozek-oddzialowy\\\/#primaryimage\"},\"thumbnailUrl\":\"https:\\\/\\\/innow.pl\\\/wp-content\\\/uploads\\\/2025\\\/01\\\/IWO11_new.jpg\",\"datePublished\":\"2025-02-05T12:28:31+00:00\",\"dateModified\":\"2026-03-24T12:14:13+00:00\",\"description\":\"Du\u017cy w\u00f3zek oddzia\u0142owy wyposa\u017cony w pojemniki z tworzywa i uchwyt na worek. Polska produkcja firmy INNOW - ponad 40 lat na rynku! Sprawd\u017a teraz!\",\"breadcrumb\":{\"@id\":\"https:\\\/\\\/innow.pl\\\/produkt\\\/iwo11-wozek-oddzialowy\\\/#breadcrumb\"},\"inLanguage\":\"en-US\",\"potentialAction\":[{\"@type\":\"ReadAction\",\"target\":[\"https:\\\/\\\/innow.pl\\\/produkt\\\/iwo11-wozek-oddzialowy\\\/\"]}]},{\"@type\":\"ImageObject\",\"inLanguage\":\"en-US\",\"@id\":\"https:\\\/\\\/innow.pl\\\/produkt\\\/iwo11-wozek-oddzialowy\\\/#primaryimage\",\"url\":\"https:\\\/\\\/innow.pl\\\/wp-content\\\/uploads\\\/2025\\\/01\\\/IWO11_new.jpg\",\"contentUrl\":\"https:\\\/\\\/innow.pl\\\/wp-content\\\/uploads\\\/2025\\\/01\\\/IWO11_new.jpg\",\"width\":1000,\"height\":1000},{\"@type\":\"BreadcrumbList\",\"@id\":\"https:\\\/\\\/innow.pl\\\/produkt\\\/iwo11-wozek-oddzialowy\\\/#breadcrumb\",\"itemListElement\":[{\"@type\":\"ListItem\",\"position\":1,\"name\":\"INNOW\",\"item\":\"https:\\\/\\\/innow.pl\\\/en\\\/\"},{\"@type\":\"ListItem\",\"position\":2,\"name\":\"Produkty\",\"item\":\"https:\\\/\\\/innow.pl\\\/produkty\\\/\"},{\"@type\":\"ListItem\",\"position\":3,\"name\":\"Stoliki i w\u00f3zki medyczne\",\"item\":\"https:\\\/\\\/innow.pl\\\/produkty\\\/stoliki-i-wozki-medyczne\\\/\"},{\"@type\":\"ListItem\",\"position\":4,\"name\":\"Stoliki zabiegowe i oddzia\u0142owe\",\"item\":\"https:\\\/\\\/innow.pl\\\/produkty\\\/stoliki-i-wozki-medyczne\\\/stoliki-zabiegowe-i-oddzialowe\\\/\"},{\"@type\":\"ListItem\",\"position\":5,\"name\":\"IWO11 &#8211; W\u00f3zek oddzia\u0142owy\"}]},{\"@type\":\"WebSite\",\"@id\":\"https:\\\/\\\/innow.pl\\\/#website\",\"url\":\"https:\\\/\\\/innow.pl\\\/\",\"name\":\"INNOW\",\"description\":\"\",\"potentialAction\":[{\"@type\":\"SearchAction\",\"target\":{\"@type\":\"EntryPoint\",\"urlTemplate\":\"https:\\\/\\\/innow.pl\\\/?s={search_term_string}\"},\"query-input\":{\"@type\":\"PropertyValueSpecification\",\"valueRequired\":true,\"valueName\":\"search_term_string\"}}],\"inLanguage\":\"en-US\"}]}<\/script>\n<!-- \/ Yoast SEO plugin. -->","yoast_head_json":{"title":"IWO11 - W\u00f3zek oddzia\u0142owy - INNOW","description":"Du\u017cy w\u00f3zek oddzia\u0142owy wyposa\u017cony w pojemniki z tworzywa i uchwyt na worek. Polska produkcja firmy INNOW - ponad 40 lat na rynku! Sprawd\u017a teraz!","robots":{"index":"index","follow":"follow","max-snippet":"max-snippet:-1","max-image-preview":"max-image-preview:large","max-video-preview":"max-video-preview:-1"},"canonical":"https:\/\/innow.pl\/produkt\/iwo11-wozek-oddzialowy\/","og_locale":"en_US","og_type":"article","og_title":"IWO11 - W\u00f3zek oddzia\u0142owy - INNOW","og_description":"Du\u017cy w\u00f3zek oddzia\u0142owy wyposa\u017cony w pojemniki z tworzywa i uchwyt na worek. Polska produkcja firmy INNOW - ponad 40 lat na rynku! Sprawd\u017a teraz!","og_url":"https:\/\/innow.pl\/produkt\/iwo11-wozek-oddzialowy\/","og_site_name":"INNOW","article_modified_time":"2026-03-24T12:14:13+00:00","og_image":[{"width":1000,"height":1000,"url":"https:\/\/innow.pl\/wp-content\/uploads\/2025\/01\/IWO11_new.jpg","type":"image\/jpeg"}],"twitter_card":"summary_large_image","twitter_misc":{"Est. reading time":"1 minute"},"schema":{"@context":"https:\/\/schema.org","@graph":[{"@type":"WebPage","@id":"https:\/\/innow.pl\/produkt\/iwo11-wozek-oddzialowy\/","url":"https:\/\/innow.pl\/produkt\/iwo11-wozek-oddzialowy\/","name":"IWO11 - W\u00f3zek oddzia\u0142owy - INNOW","isPartOf":{"@id":"https:\/\/innow.pl\/#website"},"primaryImageOfPage":{"@id":"https:\/\/innow.pl\/produkt\/iwo11-wozek-oddzialowy\/#primaryimage"},"image":{"@id":"https:\/\/innow.pl\/produkt\/iwo11-wozek-oddzialowy\/#primaryimage"},"thumbnailUrl":"https:\/\/innow.pl\/wp-content\/uploads\/2025\/01\/IWO11_new.jpg","datePublished":"2025-02-05T12:28:31+00:00","dateModified":"2026-03-24T12:14:13+00:00","description":"Du\u017cy w\u00f3zek oddzia\u0142owy wyposa\u017cony w pojemniki z tworzywa i uchwyt na worek. Polska produkcja firmy INNOW - ponad 40 lat na rynku! Sprawd\u017a teraz!","breadcrumb":{"@id":"https:\/\/innow.pl\/produkt\/iwo11-wozek-oddzialowy\/#breadcrumb"},"inLanguage":"en-US","potentialAction":[{"@type":"ReadAction","target":["https:\/\/innow.pl\/produkt\/iwo11-wozek-oddzialowy\/"]}]},{"@type":"ImageObject","inLanguage":"en-US","@id":"https:\/\/innow.pl\/produkt\/iwo11-wozek-oddzialowy\/#primaryimage","url":"https:\/\/innow.pl\/wp-content\/uploads\/2025\/01\/IWO11_new.jpg","contentUrl":"https:\/\/innow.pl\/wp-content\/uploads\/2025\/01\/IWO11_new.jpg","width":1000,"height":1000},{"@type":"BreadcrumbList","@id":"https:\/\/innow.pl\/produkt\/iwo11-wozek-oddzialowy\/#breadcrumb","itemListElement":[{"@type":"ListItem","position":1,"name":"INNOW","item":"https:\/\/innow.pl\/en\/"},{"@type":"ListItem","position":2,"name":"Produkty","item":"https:\/\/innow.pl\/produkty\/"},{"@type":"ListItem","position":3,"name":"Stoliki i w\u00f3zki medyczne","item":"https:\/\/innow.pl\/produkty\/stoliki-i-wozki-medyczne\/"},{"@type":"ListItem","position":4,"name":"Stoliki zabiegowe i oddzia\u0142owe","item":"https:\/\/innow.pl\/produkty\/stoliki-i-wozki-medyczne\/stoliki-zabiegowe-i-oddzialowe\/"},{"@type":"ListItem","position":5,"name":"IWO11 &#8211; W\u00f3zek oddzia\u0142owy"}]},{"@type":"WebSite","@id":"https:\/\/innow.pl\/#website","url":"https:\/\/innow.pl\/","name":"INNOW","description":"","potentialAction":[{"@type":"SearchAction","target":{"@type":"EntryPoint","urlTemplate":"https:\/\/innow.pl\/?s={search_term_string}"},"query-input":{"@type":"PropertyValueSpecification","valueRequired":true,"valueName":"search_term_string"}}],"inLanguage":"en-US"}]}},"_links":{"self":[{"href":"https:\/\/innow.pl\/en\/wp-json\/wp\/v2\/product\/72529","targetHints":{"allow":["GET"]}}],"collection":[{"href":"https:\/\/innow.pl\/en\/wp-json\/wp\/v2\/product"}],"about":[{"href":"https:\/\/innow.pl\/en\/wp-json\/wp\/v2\/types\/product"}],"replies":[{"embeddable":true,"href":"https:\/\/innow.pl\/en\/wp-json\/wp\/v2\/comments?post=72529"}],"wp:featuredmedia":[{"embeddable":true,"href":"https:\/\/innow.pl\/en\/wp-json\/wp\/v2\/media\/72418"}],"wp:attachment":[{"href":"https:\/\/innow.pl\/en\/wp-json\/wp\/v2\/media?parent=72529"}],"wp:term":[{"taxonomy":"product_brand","embeddable":true,"href":"https:\/\/innow.pl\/en\/wp-json\/wp\/v2\/product_brand?post=72529"},{"taxonomy":"product_cat","embeddable":true,"href":"https:\/\/innow.pl\/en\/wp-json\/wp\/v2\/product_cat?post=72529"},{"taxonomy":"product_tag","embeddable":true,"href":"https:\/\/innow.pl\/en\/wp-json\/wp\/v2\/product_tag?post=72529"}],"curies":[{"name":"wp","href":"https:\/\/api.w.org\/{rel}","templated":true}]}}