{"id":72520,"date":"2025-02-05T12:56:14","date_gmt":"2025-02-05T11:56:14","guid":{"rendered":"https:\/\/innow.pl\/?post_type=product&#038;p=72520"},"modified":"2026-03-24T13:57:21","modified_gmt":"2026-03-24T12:57:21","slug":"iwo-l2-wozek-oddzialowy-do-rozwozenia-lekow-konstrukcja-standardowa-lub-nierdzewna","status":"publish","type":"product","link":"https:\/\/innow.pl\/en\/produkt\/iwo-l2-wozek-oddzialowy-do-rozwozenia-lekow-konstrukcja-standardowa-lub-nierdzewna\/","title":{"rendered":"IWO-L2- W\u00f3zek oddzia\u0142owy do rozwo\u017cenia lek\u00f3w, konstrukcja standardowa lub nierdzewna"},"content":{"rendered":"<p>W\u00f3zek oddzia\u0142owy (stolik oddzia\u0142owy) wyposa\u017cony w tace do przewo\u017cenia lek\u00f3w. Stanowi doskona\u0142e wyposa\u017cenie oddzia\u0142\u00f3w szpitalnych.<\/p>\n<p>Wyposa\u017cenie:<\/p>\n<ul>\n<li>4 tacki z przegr\u00f3dkami (22 miejsca na kieliszki + 1 miejsce na karteczki na tacce),<\/li>\n<li>1 ma\u0142y pojemnik boczny,<\/li>\n<li>1 miska nierdzewna obrotowa,<\/li>\n<li>4 k\u00f3\u0142ka\u00a0\u2205 75 z hamulcami,<\/li>\n<li>2 uchwyty do prowadzenia.<\/li>\n<\/ul>\n<p>Konstrukcja lakierowana proszkowo na kolor bia\u0142y lub konstrukcja ze stali nierdzewnej &#8211; do wyboru.<\/p>\n","protected":false},"excerpt":{"rendered":"<p>W\u00f3zek oddzia\u0142owy (stolik oddzia\u0142owy) wyposa\u017cony w tace do przewo\u017cenia lek\u00f3w. Stanowi doskona\u0142e wyposa\u017cenie oddzia\u0142\u00f3w szpitalnych. Wyposa\u017cenie: 4 tacki z przegr\u00f3dkami (22 miejsca na kieliszki + 1 miejsce na karteczki na tacce), 1 ma\u0142y pojemnik boczny, 1 miska nierdzewna obrotowa, 4 k\u00f3\u0142ka\u00a0\u2205 75 z hamulcami, 2 uchwyty do prowadzenia. Konstrukcja lakierowana proszkowo na kolor bia\u0142y lub [&hellip;]<\/p>\n","protected":false},"featured_media":72432,"comment_status":"open","ping_status":"closed","template":"","meta":{"_acf_changed":false},"product_brand":[],"product_cat":[396,412,414],"product_tag":[],"class_list":{"0":"post-72520","1":"product","2":"type-product","3":"status-publish","4":"has-post-thumbnail","6":"product_cat-stoliki-i-wozki-medyczne","7":"product_cat-stoliki-zabiegowe-i-oddzialowe","8":"product_cat-wozki-do-przewozu-lekow","9":"pa_dlugosc-86-cm","10":"pa_konstrukcja-stal-lakierowana-proszkowo","11":"pa_konstrukcja-stal-nierdzewna","12":"pa_szerokosc-42-cm","13":"pa_wysokosc-90-cm","15":"first","16":"instock","17":"taxable","18":"shipping-taxable","19":"purchasable","20":"product-type-variable"},"acf":[],"yoast_head":"<!-- This site is optimized with the Yoast SEO plugin v27.4 - https:\/\/yoast.com\/product\/yoast-seo-wordpress\/ -->\n<title>IWO-L2- W\u00f3zek oddzia\u0142owy do rozwo\u017cenia lek\u00f3w, konstrukcja standardowa lub nierdzewna - INNOW<\/title>\n<meta name=\"description\" content=\"Du\u017cy w\u00f3zek oddzia\u0142owy do rozwo\u017cenia lek\u00f3w. Do wyboru konstrukcja standardowa lub nierdzewna. Polska produkcja - firma INNOW - 40 lat na rynku!\" \/>\n<meta name=\"robots\" content=\"index, follow, max-snippet:-1, max-image-preview:large, max-video-preview:-1\" \/>\n<link rel=\"canonical\" href=\"https:\/\/innow.pl\/produkt\/iwo-l2-wozek-oddzialowy-do-rozwozenia-lekow-konstrukcja-standardowa-lub-nierdzewna\/\" \/>\n<meta property=\"og:locale\" content=\"en_US\" \/>\n<meta property=\"og:type\" content=\"article\" \/>\n<meta property=\"og:title\" content=\"IWO-L2- W\u00f3zek oddzia\u0142owy do rozwo\u017cenia lek\u00f3w, konstrukcja standardowa lub nierdzewna - INNOW\" \/>\n<meta property=\"og:description\" content=\"Du\u017cy w\u00f3zek oddzia\u0142owy do rozwo\u017cenia lek\u00f3w. Do wyboru konstrukcja standardowa lub nierdzewna. Polska produkcja - firma INNOW - 40 lat na rynku!\" \/>\n<meta property=\"og:url\" content=\"https:\/\/innow.pl\/produkt\/iwo-l2-wozek-oddzialowy-do-rozwozenia-lekow-konstrukcja-standardowa-lub-nierdzewna\/\" \/>\n<meta property=\"og:site_name\" content=\"INNOW\" \/>\n<meta property=\"article:modified_time\" content=\"2026-03-24T12:57:21+00:00\" \/>\n<meta property=\"og:image\" content=\"https:\/\/innow.pl\/wp-content\/uploads\/2025\/01\/IWOL2_new.jpg\" \/>\n\t<meta property=\"og:image:width\" content=\"1000\" \/>\n\t<meta property=\"og:image:height\" content=\"1000\" \/>\n\t<meta property=\"og:image:type\" content=\"image\/jpeg\" \/>\n<meta name=\"twitter:card\" content=\"summary_large_image\" \/>\n<meta name=\"twitter:label1\" content=\"Est. reading time\" \/>\n\t<meta name=\"twitter:data1\" content=\"1 minute\" \/>\n<script type=\"application\/ld+json\" class=\"yoast-schema-graph\">{\"@context\":\"https:\\\/\\\/schema.org\",\"@graph\":[{\"@type\":\"WebPage\",\"@id\":\"https:\\\/\\\/innow.pl\\\/produkt\\\/iwo-l2-wozek-oddzialowy-do-rozwozenia-lekow-konstrukcja-standardowa-lub-nierdzewna\\\/\",\"url\":\"https:\\\/\\\/innow.pl\\\/produkt\\\/iwo-l2-wozek-oddzialowy-do-rozwozenia-lekow-konstrukcja-standardowa-lub-nierdzewna\\\/\",\"name\":\"IWO-L2- W\u00f3zek oddzia\u0142owy do rozwo\u017cenia lek\u00f3w, konstrukcja standardowa lub nierdzewna - INNOW\",\"isPartOf\":{\"@id\":\"https:\\\/\\\/innow.pl\\\/#website\"},\"primaryImageOfPage\":{\"@id\":\"https:\\\/\\\/innow.pl\\\/produkt\\\/iwo-l2-wozek-oddzialowy-do-rozwozenia-lekow-konstrukcja-standardowa-lub-nierdzewna\\\/#primaryimage\"},\"image\":{\"@id\":\"https:\\\/\\\/innow.pl\\\/produkt\\\/iwo-l2-wozek-oddzialowy-do-rozwozenia-lekow-konstrukcja-standardowa-lub-nierdzewna\\\/#primaryimage\"},\"thumbnailUrl\":\"https:\\\/\\\/innow.pl\\\/wp-content\\\/uploads\\\/2025\\\/01\\\/IWOL2_new.jpg\",\"datePublished\":\"2025-02-05T11:56:14+00:00\",\"dateModified\":\"2026-03-24T12:57:21+00:00\",\"description\":\"Du\u017cy w\u00f3zek oddzia\u0142owy do rozwo\u017cenia lek\u00f3w. Do wyboru konstrukcja standardowa lub nierdzewna. Polska produkcja - firma INNOW - 40 lat na rynku!\",\"breadcrumb\":{\"@id\":\"https:\\\/\\\/innow.pl\\\/produkt\\\/iwo-l2-wozek-oddzialowy-do-rozwozenia-lekow-konstrukcja-standardowa-lub-nierdzewna\\\/#breadcrumb\"},\"inLanguage\":\"en-US\",\"potentialAction\":[{\"@type\":\"ReadAction\",\"target\":[\"https:\\\/\\\/innow.pl\\\/produkt\\\/iwo-l2-wozek-oddzialowy-do-rozwozenia-lekow-konstrukcja-standardowa-lub-nierdzewna\\\/\"]}]},{\"@type\":\"ImageObject\",\"inLanguage\":\"en-US\",\"@id\":\"https:\\\/\\\/innow.pl\\\/produkt\\\/iwo-l2-wozek-oddzialowy-do-rozwozenia-lekow-konstrukcja-standardowa-lub-nierdzewna\\\/#primaryimage\",\"url\":\"https:\\\/\\\/innow.pl\\\/wp-content\\\/uploads\\\/2025\\\/01\\\/IWOL2_new.jpg\",\"contentUrl\":\"https:\\\/\\\/innow.pl\\\/wp-content\\\/uploads\\\/2025\\\/01\\\/IWOL2_new.jpg\",\"width\":1000,\"height\":1000},{\"@type\":\"BreadcrumbList\",\"@id\":\"https:\\\/\\\/innow.pl\\\/produkt\\\/iwo-l2-wozek-oddzialowy-do-rozwozenia-lekow-konstrukcja-standardowa-lub-nierdzewna\\\/#breadcrumb\",\"itemListElement\":[{\"@type\":\"ListItem\",\"position\":1,\"name\":\"INNOW\",\"item\":\"https:\\\/\\\/innow.pl\\\/en\\\/\"},{\"@type\":\"ListItem\",\"position\":2,\"name\":\"Produkty\",\"item\":\"https:\\\/\\\/innow.pl\\\/produkty\\\/\"},{\"@type\":\"ListItem\",\"position\":3,\"name\":\"Stoliki i w\u00f3zki medyczne\",\"item\":\"https:\\\/\\\/innow.pl\\\/produkty\\\/stoliki-i-wozki-medyczne\\\/\"},{\"@type\":\"ListItem\",\"position\":4,\"name\":\"Stoliki zabiegowe i oddzia\u0142owe\",\"item\":\"https:\\\/\\\/innow.pl\\\/produkty\\\/stoliki-i-wozki-medyczne\\\/stoliki-zabiegowe-i-oddzialowe\\\/\"},{\"@type\":\"ListItem\",\"position\":5,\"name\":\"IWO-L2- W\u00f3zek oddzia\u0142owy do rozwo\u017cenia lek\u00f3w, konstrukcja standardowa lub nierdzewna\"}]},{\"@type\":\"WebSite\",\"@id\":\"https:\\\/\\\/innow.pl\\\/#website\",\"url\":\"https:\\\/\\\/innow.pl\\\/\",\"name\":\"INNOW\",\"description\":\"\",\"potentialAction\":[{\"@type\":\"SearchAction\",\"target\":{\"@type\":\"EntryPoint\",\"urlTemplate\":\"https:\\\/\\\/innow.pl\\\/?s={search_term_string}\"},\"query-input\":{\"@type\":\"PropertyValueSpecification\",\"valueRequired\":true,\"valueName\":\"search_term_string\"}}],\"inLanguage\":\"en-US\"}]}<\/script>\n<!-- \/ Yoast SEO plugin. -->","yoast_head_json":{"title":"IWO-L2- W\u00f3zek oddzia\u0142owy do rozwo\u017cenia lek\u00f3w, konstrukcja standardowa lub nierdzewna - INNOW","description":"Du\u017cy w\u00f3zek oddzia\u0142owy do rozwo\u017cenia lek\u00f3w. Do wyboru konstrukcja standardowa lub nierdzewna. Polska produkcja - firma INNOW - 40 lat na rynku!","robots":{"index":"index","follow":"follow","max-snippet":"max-snippet:-1","max-image-preview":"max-image-preview:large","max-video-preview":"max-video-preview:-1"},"canonical":"https:\/\/innow.pl\/produkt\/iwo-l2-wozek-oddzialowy-do-rozwozenia-lekow-konstrukcja-standardowa-lub-nierdzewna\/","og_locale":"en_US","og_type":"article","og_title":"IWO-L2- W\u00f3zek oddzia\u0142owy do rozwo\u017cenia lek\u00f3w, konstrukcja standardowa lub nierdzewna - INNOW","og_description":"Du\u017cy w\u00f3zek oddzia\u0142owy do rozwo\u017cenia lek\u00f3w. Do wyboru konstrukcja standardowa lub nierdzewna. Polska produkcja - firma INNOW - 40 lat na rynku!","og_url":"https:\/\/innow.pl\/produkt\/iwo-l2-wozek-oddzialowy-do-rozwozenia-lekow-konstrukcja-standardowa-lub-nierdzewna\/","og_site_name":"INNOW","article_modified_time":"2026-03-24T12:57:21+00:00","og_image":[{"width":1000,"height":1000,"url":"https:\/\/innow.pl\/wp-content\/uploads\/2025\/01\/IWOL2_new.jpg","type":"image\/jpeg"}],"twitter_card":"summary_large_image","twitter_misc":{"Est. reading time":"1 minute"},"schema":{"@context":"https:\/\/schema.org","@graph":[{"@type":"WebPage","@id":"https:\/\/innow.pl\/produkt\/iwo-l2-wozek-oddzialowy-do-rozwozenia-lekow-konstrukcja-standardowa-lub-nierdzewna\/","url":"https:\/\/innow.pl\/produkt\/iwo-l2-wozek-oddzialowy-do-rozwozenia-lekow-konstrukcja-standardowa-lub-nierdzewna\/","name":"IWO-L2- W\u00f3zek oddzia\u0142owy do rozwo\u017cenia lek\u00f3w, konstrukcja standardowa lub nierdzewna - INNOW","isPartOf":{"@id":"https:\/\/innow.pl\/#website"},"primaryImageOfPage":{"@id":"https:\/\/innow.pl\/produkt\/iwo-l2-wozek-oddzialowy-do-rozwozenia-lekow-konstrukcja-standardowa-lub-nierdzewna\/#primaryimage"},"image":{"@id":"https:\/\/innow.pl\/produkt\/iwo-l2-wozek-oddzialowy-do-rozwozenia-lekow-konstrukcja-standardowa-lub-nierdzewna\/#primaryimage"},"thumbnailUrl":"https:\/\/innow.pl\/wp-content\/uploads\/2025\/01\/IWOL2_new.jpg","datePublished":"2025-02-05T11:56:14+00:00","dateModified":"2026-03-24T12:57:21+00:00","description":"Du\u017cy w\u00f3zek oddzia\u0142owy do rozwo\u017cenia lek\u00f3w. Do wyboru konstrukcja standardowa lub nierdzewna. Polska produkcja - firma INNOW - 40 lat na rynku!","breadcrumb":{"@id":"https:\/\/innow.pl\/produkt\/iwo-l2-wozek-oddzialowy-do-rozwozenia-lekow-konstrukcja-standardowa-lub-nierdzewna\/#breadcrumb"},"inLanguage":"en-US","potentialAction":[{"@type":"ReadAction","target":["https:\/\/innow.pl\/produkt\/iwo-l2-wozek-oddzialowy-do-rozwozenia-lekow-konstrukcja-standardowa-lub-nierdzewna\/"]}]},{"@type":"ImageObject","inLanguage":"en-US","@id":"https:\/\/innow.pl\/produkt\/iwo-l2-wozek-oddzialowy-do-rozwozenia-lekow-konstrukcja-standardowa-lub-nierdzewna\/#primaryimage","url":"https:\/\/innow.pl\/wp-content\/uploads\/2025\/01\/IWOL2_new.jpg","contentUrl":"https:\/\/innow.pl\/wp-content\/uploads\/2025\/01\/IWOL2_new.jpg","width":1000,"height":1000},{"@type":"BreadcrumbList","@id":"https:\/\/innow.pl\/produkt\/iwo-l2-wozek-oddzialowy-do-rozwozenia-lekow-konstrukcja-standardowa-lub-nierdzewna\/#breadcrumb","itemListElement":[{"@type":"ListItem","position":1,"name":"INNOW","item":"https:\/\/innow.pl\/en\/"},{"@type":"ListItem","position":2,"name":"Produkty","item":"https:\/\/innow.pl\/produkty\/"},{"@type":"ListItem","position":3,"name":"Stoliki i w\u00f3zki medyczne","item":"https:\/\/innow.pl\/produkty\/stoliki-i-wozki-medyczne\/"},{"@type":"ListItem","position":4,"name":"Stoliki zabiegowe i oddzia\u0142owe","item":"https:\/\/innow.pl\/produkty\/stoliki-i-wozki-medyczne\/stoliki-zabiegowe-i-oddzialowe\/"},{"@type":"ListItem","position":5,"name":"IWO-L2- W\u00f3zek oddzia\u0142owy do rozwo\u017cenia lek\u00f3w, konstrukcja standardowa lub nierdzewna"}]},{"@type":"WebSite","@id":"https:\/\/innow.pl\/#website","url":"https:\/\/innow.pl\/","name":"INNOW","description":"","potentialAction":[{"@type":"SearchAction","target":{"@type":"EntryPoint","urlTemplate":"https:\/\/innow.pl\/?s={search_term_string}"},"query-input":{"@type":"PropertyValueSpecification","valueRequired":true,"valueName":"search_term_string"}}],"inLanguage":"en-US"}]}},"_links":{"self":[{"href":"https:\/\/innow.pl\/en\/wp-json\/wp\/v2\/product\/72520","targetHints":{"allow":["GET"]}}],"collection":[{"href":"https:\/\/innow.pl\/en\/wp-json\/wp\/v2\/product"}],"about":[{"href":"https:\/\/innow.pl\/en\/wp-json\/wp\/v2\/types\/product"}],"replies":[{"embeddable":true,"href":"https:\/\/innow.pl\/en\/wp-json\/wp\/v2\/comments?post=72520"}],"wp:featuredmedia":[{"embeddable":true,"href":"https:\/\/innow.pl\/en\/wp-json\/wp\/v2\/media\/72432"}],"wp:attachment":[{"href":"https:\/\/innow.pl\/en\/wp-json\/wp\/v2\/media?parent=72520"}],"wp:term":[{"taxonomy":"product_brand","embeddable":true,"href":"https:\/\/innow.pl\/en\/wp-json\/wp\/v2\/product_brand?post=72520"},{"taxonomy":"product_cat","embeddable":true,"href":"https:\/\/innow.pl\/en\/wp-json\/wp\/v2\/product_cat?post=72520"},{"taxonomy":"product_tag","embeddable":true,"href":"https:\/\/innow.pl\/en\/wp-json\/wp\/v2\/product_tag?post=72520"}],"curies":[{"name":"wp","href":"https:\/\/api.w.org\/{rel}","templated":true}]}}