{"id":48784,"date":"2023-10-17T08:05:45","date_gmt":"2023-10-17T06:05:45","guid":{"rendered":"https:\/\/innow.pl\/produkt\/t675-wozek-do-transportu-butli-gazowych-maly-dla-butli-10l-2\/"},"modified":"2025-10-16T14:02:38","modified_gmt":"2025-10-16T12:02:38","slug":"t675-wozek-do-transportu-butli-gazowych-maly-dla-butli-10l-2","status":"publish","type":"product","link":"https:\/\/innow.pl\/en\/produkt\/t675-wozek-do-transportu-butli-gazowych-maly-dla-butli-10l-2\/","title":{"rendered":"T675 [BL] &#8211; W\u00f3zek do transportu butli gazowych &#8211; ma\u0142y (dla butli 10l), podstawa z blachy"},"content":{"rendered":"<p lang=\"pl-PL\" align=\"left\">W\u00f3zek do butli gazowych ma za zadanie u\u0142atwienie transportowania butli o pojemno\u015bciach 10 litr\u00f3w.<\/p>\n<p lang=\"pl-PL\" align=\"left\">W\u00f3zek do przewozu (transportu) butli gazowych tak\u017ce spe\u0142nia\u0107 rol\u0119 stojaka na butl\u0119 przy \u0142\u00f3\u017cku pacjenta w szpitalu, gabinecie zabiegowym, gabinecie lekarskim, o\u015brodkach zdrowia jak i domach pomocy spo\u0142ecznej.<\/p>\n<p lang=\"pl-PL\" align=\"left\">W\u00f3zek T675 [BL] wymaga, po ustawieniu stojaka na \u017c\u0105dan\u0105 \u015brednic\u0119 butli, dokr\u0119cenia \u015bruby mocuj\u0105cej i dokr\u0119cenia nakr\u0119tki kontruj\u0105cej.<\/p>\n","protected":false},"excerpt":{"rendered":"<p>W\u00f3zek do butli gazowych ma za zadanie u\u0142atwienie transportowania butli o pojemno\u015bciach 10 litr\u00f3w. W\u00f3zek do przewozu (transportu) butli gazowych tak\u017ce spe\u0142nia\u0107 rol\u0119 stojaka na butl\u0119 przy \u0142\u00f3\u017cku pacjenta w szpitalu, gabinecie zabiegowym, gabinecie lekarskim, o\u015brodkach zdrowia jak i domach pomocy spo\u0142ecznej. W\u00f3zek T675 [BL] wymaga, po ustawieniu stojaka na \u017c\u0105dan\u0105 \u015brednic\u0119 butli, dokr\u0119cenia \u015bruby [&hellip;]<\/p>\n","protected":false},"featured_media":48786,"comment_status":"open","ping_status":"closed","template":"","meta":{"_acf_changed":false},"product_brand":[],"product_cat":[439,519],"product_tag":[],"class_list":{"0":"post-48784","1":"product","2":"type-product","3":"status-publish","4":"has-post-thumbnail","6":"product_cat-transport","7":"product_cat-wozki-do-transportu-butli","8":"pa_dlugosc-47-cm","9":"pa_szerokosc-47-cm","10":"pa_wysokosc-80-cm","12":"first","13":"instock","14":"taxable","15":"shipping-taxable","16":"purchasable","17":"product-type-simple"},"acf":[],"yoast_head":"<!-- This site is optimized with the Yoast SEO plugin v27.4 - https:\/\/yoast.com\/product\/yoast-seo-wordpress\/ -->\n<title>T675 [BL] - W\u00f3zek do transportu butli gazowych - ma\u0142y (dla butli 10l), podstawa z blachy - INNOW<\/title>\n<meta name=\"description\" content=\"Solidny w\u00f3zek do transportu ma\u0142ych butli gazowych z estetyczn\u0105 podstaw\u0105 z blachy. Osadzony na 5 ko\u0142ach, z pasami zabezpieczaj\u0105cymi. Zobacz wi\u0119cej!\" \/>\n<meta name=\"robots\" content=\"index, follow, max-snippet:-1, max-image-preview:large, max-video-preview:-1\" \/>\n<link rel=\"canonical\" href=\"https:\/\/innow.pl\/produkt\/t675-wozek-do-transportu-butli-gazowych-maly-dla-butli-10l-2\/\" \/>\n<meta property=\"og:locale\" content=\"en_US\" \/>\n<meta property=\"og:type\" content=\"article\" \/>\n<meta property=\"og:title\" content=\"T675 [BL] - W\u00f3zek do transportu butli gazowych - ma\u0142y (dla butli 10l), podstawa z blachy - INNOW\" \/>\n<meta property=\"og:description\" content=\"Solidny w\u00f3zek do transportu ma\u0142ych butli gazowych z estetyczn\u0105 podstaw\u0105 z blachy. Osadzony na 5 ko\u0142ach, z pasami zabezpieczaj\u0105cymi. Zobacz wi\u0119cej!\" \/>\n<meta property=\"og:url\" content=\"https:\/\/innow.pl\/produkt\/t675-wozek-do-transportu-butli-gazowych-maly-dla-butli-10l-2\/\" \/>\n<meta property=\"og:site_name\" content=\"INNOW\" \/>\n<meta property=\"article:modified_time\" content=\"2025-10-16T12:02:38+00:00\" \/>\n<meta property=\"og:image\" content=\"https:\/\/innow.pl\/wp-content\/uploads\/2024\/11\/T675_BL.jpg\" \/>\n\t<meta property=\"og:image:width\" content=\"800\" \/>\n\t<meta property=\"og:image:height\" content=\"800\" \/>\n\t<meta property=\"og:image:type\" content=\"image\/jpeg\" \/>\n<meta name=\"twitter:card\" content=\"summary_large_image\" \/>\n<meta name=\"twitter:label1\" content=\"Est. reading time\" \/>\n\t<meta name=\"twitter:data1\" content=\"1 minute\" \/>\n<script type=\"application\/ld+json\" class=\"yoast-schema-graph\">{\"@context\":\"https:\\\/\\\/schema.org\",\"@graph\":[{\"@type\":\"WebPage\",\"@id\":\"https:\\\/\\\/innow.pl\\\/produkt\\\/t675-wozek-do-transportu-butli-gazowych-maly-dla-butli-10l-2\\\/\",\"url\":\"https:\\\/\\\/innow.pl\\\/produkt\\\/t675-wozek-do-transportu-butli-gazowych-maly-dla-butli-10l-2\\\/\",\"name\":\"T675 [BL] - W\u00f3zek do transportu butli gazowych - ma\u0142y (dla butli 10l), podstawa z blachy - INNOW\",\"isPartOf\":{\"@id\":\"https:\\\/\\\/innow.pl\\\/#website\"},\"primaryImageOfPage\":{\"@id\":\"https:\\\/\\\/innow.pl\\\/produkt\\\/t675-wozek-do-transportu-butli-gazowych-maly-dla-butli-10l-2\\\/#primaryimage\"},\"image\":{\"@id\":\"https:\\\/\\\/innow.pl\\\/produkt\\\/t675-wozek-do-transportu-butli-gazowych-maly-dla-butli-10l-2\\\/#primaryimage\"},\"thumbnailUrl\":\"https:\\\/\\\/innow.pl\\\/wp-content\\\/uploads\\\/2024\\\/11\\\/T675_BL.jpg\",\"datePublished\":\"2023-10-17T06:05:45+00:00\",\"dateModified\":\"2025-10-16T12:02:38+00:00\",\"description\":\"Solidny w\u00f3zek do transportu ma\u0142ych butli gazowych z estetyczn\u0105 podstaw\u0105 z blachy. Osadzony na 5 ko\u0142ach, z pasami zabezpieczaj\u0105cymi. Zobacz wi\u0119cej!\",\"breadcrumb\":{\"@id\":\"https:\\\/\\\/innow.pl\\\/produkt\\\/t675-wozek-do-transportu-butli-gazowych-maly-dla-butli-10l-2\\\/#breadcrumb\"},\"inLanguage\":\"en-US\",\"potentialAction\":[{\"@type\":\"ReadAction\",\"target\":[\"https:\\\/\\\/innow.pl\\\/produkt\\\/t675-wozek-do-transportu-butli-gazowych-maly-dla-butli-10l-2\\\/\"]}]},{\"@type\":\"ImageObject\",\"inLanguage\":\"en-US\",\"@id\":\"https:\\\/\\\/innow.pl\\\/produkt\\\/t675-wozek-do-transportu-butli-gazowych-maly-dla-butli-10l-2\\\/#primaryimage\",\"url\":\"https:\\\/\\\/innow.pl\\\/wp-content\\\/uploads\\\/2024\\\/11\\\/T675_BL.jpg\",\"contentUrl\":\"https:\\\/\\\/innow.pl\\\/wp-content\\\/uploads\\\/2024\\\/11\\\/T675_BL.jpg\",\"width\":800,\"height\":800},{\"@type\":\"BreadcrumbList\",\"@id\":\"https:\\\/\\\/innow.pl\\\/produkt\\\/t675-wozek-do-transportu-butli-gazowych-maly-dla-butli-10l-2\\\/#breadcrumb\",\"itemListElement\":[{\"@type\":\"ListItem\",\"position\":1,\"name\":\"INNOW\",\"item\":\"https:\\\/\\\/innow.pl\\\/en\\\/\"},{\"@type\":\"ListItem\",\"position\":2,\"name\":\"Produkty\",\"item\":\"https:\\\/\\\/innow.pl\\\/produkty\\\/\"},{\"@type\":\"ListItem\",\"position\":3,\"name\":\"Transport\",\"item\":\"https:\\\/\\\/innow.pl\\\/produkty\\\/transport\\\/\"},{\"@type\":\"ListItem\",\"position\":4,\"name\":\"W\u00f3zki do transportu butli\",\"item\":\"https:\\\/\\\/innow.pl\\\/produkty\\\/transport\\\/wozki-do-transportu-butli\\\/\"},{\"@type\":\"ListItem\",\"position\":5,\"name\":\"T675 [BL] &#8211; W\u00f3zek do transportu butli gazowych &#8211; ma\u0142y (dla butli 10l), podstawa z blachy\"}]},{\"@type\":\"WebSite\",\"@id\":\"https:\\\/\\\/innow.pl\\\/#website\",\"url\":\"https:\\\/\\\/innow.pl\\\/\",\"name\":\"INNOW\",\"description\":\"\",\"potentialAction\":[{\"@type\":\"SearchAction\",\"target\":{\"@type\":\"EntryPoint\",\"urlTemplate\":\"https:\\\/\\\/innow.pl\\\/?s={search_term_string}\"},\"query-input\":{\"@type\":\"PropertyValueSpecification\",\"valueRequired\":true,\"valueName\":\"search_term_string\"}}],\"inLanguage\":\"en-US\"}]}<\/script>\n<!-- \/ Yoast SEO plugin. -->","yoast_head_json":{"title":"T675 [BL] - W\u00f3zek do transportu butli gazowych - ma\u0142y (dla butli 10l), podstawa z blachy - INNOW","description":"Solidny w\u00f3zek do transportu ma\u0142ych butli gazowych z estetyczn\u0105 podstaw\u0105 z blachy. Osadzony na 5 ko\u0142ach, z pasami zabezpieczaj\u0105cymi. Zobacz wi\u0119cej!","robots":{"index":"index","follow":"follow","max-snippet":"max-snippet:-1","max-image-preview":"max-image-preview:large","max-video-preview":"max-video-preview:-1"},"canonical":"https:\/\/innow.pl\/produkt\/t675-wozek-do-transportu-butli-gazowych-maly-dla-butli-10l-2\/","og_locale":"en_US","og_type":"article","og_title":"T675 [BL] - W\u00f3zek do transportu butli gazowych - ma\u0142y (dla butli 10l), podstawa z blachy - INNOW","og_description":"Solidny w\u00f3zek do transportu ma\u0142ych butli gazowych z estetyczn\u0105 podstaw\u0105 z blachy. Osadzony na 5 ko\u0142ach, z pasami zabezpieczaj\u0105cymi. Zobacz wi\u0119cej!","og_url":"https:\/\/innow.pl\/produkt\/t675-wozek-do-transportu-butli-gazowych-maly-dla-butli-10l-2\/","og_site_name":"INNOW","article_modified_time":"2025-10-16T12:02:38+00:00","og_image":[{"width":800,"height":800,"url":"https:\/\/innow.pl\/wp-content\/uploads\/2024\/11\/T675_BL.jpg","type":"image\/jpeg"}],"twitter_card":"summary_large_image","twitter_misc":{"Est. reading time":"1 minute"},"schema":{"@context":"https:\/\/schema.org","@graph":[{"@type":"WebPage","@id":"https:\/\/innow.pl\/produkt\/t675-wozek-do-transportu-butli-gazowych-maly-dla-butli-10l-2\/","url":"https:\/\/innow.pl\/produkt\/t675-wozek-do-transportu-butli-gazowych-maly-dla-butli-10l-2\/","name":"T675 [BL] - W\u00f3zek do transportu butli gazowych - ma\u0142y (dla butli 10l), podstawa z blachy - INNOW","isPartOf":{"@id":"https:\/\/innow.pl\/#website"},"primaryImageOfPage":{"@id":"https:\/\/innow.pl\/produkt\/t675-wozek-do-transportu-butli-gazowych-maly-dla-butli-10l-2\/#primaryimage"},"image":{"@id":"https:\/\/innow.pl\/produkt\/t675-wozek-do-transportu-butli-gazowych-maly-dla-butli-10l-2\/#primaryimage"},"thumbnailUrl":"https:\/\/innow.pl\/wp-content\/uploads\/2024\/11\/T675_BL.jpg","datePublished":"2023-10-17T06:05:45+00:00","dateModified":"2025-10-16T12:02:38+00:00","description":"Solidny w\u00f3zek do transportu ma\u0142ych butli gazowych z estetyczn\u0105 podstaw\u0105 z blachy. Osadzony na 5 ko\u0142ach, z pasami zabezpieczaj\u0105cymi. Zobacz wi\u0119cej!","breadcrumb":{"@id":"https:\/\/innow.pl\/produkt\/t675-wozek-do-transportu-butli-gazowych-maly-dla-butli-10l-2\/#breadcrumb"},"inLanguage":"en-US","potentialAction":[{"@type":"ReadAction","target":["https:\/\/innow.pl\/produkt\/t675-wozek-do-transportu-butli-gazowych-maly-dla-butli-10l-2\/"]}]},{"@type":"ImageObject","inLanguage":"en-US","@id":"https:\/\/innow.pl\/produkt\/t675-wozek-do-transportu-butli-gazowych-maly-dla-butli-10l-2\/#primaryimage","url":"https:\/\/innow.pl\/wp-content\/uploads\/2024\/11\/T675_BL.jpg","contentUrl":"https:\/\/innow.pl\/wp-content\/uploads\/2024\/11\/T675_BL.jpg","width":800,"height":800},{"@type":"BreadcrumbList","@id":"https:\/\/innow.pl\/produkt\/t675-wozek-do-transportu-butli-gazowych-maly-dla-butli-10l-2\/#breadcrumb","itemListElement":[{"@type":"ListItem","position":1,"name":"INNOW","item":"https:\/\/innow.pl\/en\/"},{"@type":"ListItem","position":2,"name":"Produkty","item":"https:\/\/innow.pl\/produkty\/"},{"@type":"ListItem","position":3,"name":"Transport","item":"https:\/\/innow.pl\/produkty\/transport\/"},{"@type":"ListItem","position":4,"name":"W\u00f3zki do transportu butli","item":"https:\/\/innow.pl\/produkty\/transport\/wozki-do-transportu-butli\/"},{"@type":"ListItem","position":5,"name":"T675 [BL] &#8211; W\u00f3zek do transportu butli gazowych &#8211; ma\u0142y (dla butli 10l), podstawa z blachy"}]},{"@type":"WebSite","@id":"https:\/\/innow.pl\/#website","url":"https:\/\/innow.pl\/","name":"INNOW","description":"","potentialAction":[{"@type":"SearchAction","target":{"@type":"EntryPoint","urlTemplate":"https:\/\/innow.pl\/?s={search_term_string}"},"query-input":{"@type":"PropertyValueSpecification","valueRequired":true,"valueName":"search_term_string"}}],"inLanguage":"en-US"}]}},"_links":{"self":[{"href":"https:\/\/innow.pl\/en\/wp-json\/wp\/v2\/product\/48784","targetHints":{"allow":["GET"]}}],"collection":[{"href":"https:\/\/innow.pl\/en\/wp-json\/wp\/v2\/product"}],"about":[{"href":"https:\/\/innow.pl\/en\/wp-json\/wp\/v2\/types\/product"}],"replies":[{"embeddable":true,"href":"https:\/\/innow.pl\/en\/wp-json\/wp\/v2\/comments?post=48784"}],"wp:featuredmedia":[{"embeddable":true,"href":"https:\/\/innow.pl\/en\/wp-json\/wp\/v2\/media\/48786"}],"wp:attachment":[{"href":"https:\/\/innow.pl\/en\/wp-json\/wp\/v2\/media?parent=48784"}],"wp:term":[{"taxonomy":"product_brand","embeddable":true,"href":"https:\/\/innow.pl\/en\/wp-json\/wp\/v2\/product_brand?post=48784"},{"taxonomy":"product_cat","embeddable":true,"href":"https:\/\/innow.pl\/en\/wp-json\/wp\/v2\/product_cat?post=48784"},{"taxonomy":"product_tag","embeddable":true,"href":"https:\/\/innow.pl\/en\/wp-json\/wp\/v2\/product_tag?post=48784"}],"curies":[{"name":"wp","href":"https:\/\/api.w.org\/{rel}","templated":true}]}}