{"id":48675,"date":"2023-10-16T10:42:37","date_gmt":"2023-10-16T08:42:37","guid":{"rendered":"https:\/\/innow.pl\/produkt\/pq802ek-parawan-medyczny-zmywalny-dwuczesciowy\/"},"modified":"2025-06-24T11:49:49","modified_gmt":"2025-06-24T09:49:49","slug":"pq802ek-parawan-medyczny-zmywalny-dwuczesciowy","status":"publish","type":"product","link":"https:\/\/innow.pl\/en\/produkt\/pq802ek-parawan-medyczny-zmywalny-dwuczesciowy\/","title":{"rendered":"PQ802 [EK] &#8211; Parawan medyczny, materia\u0142 impregnowany, dwucz\u0119\u015bciowy"},"content":{"rendered":"<p>Parawan medyczny (lekarski, szpitalny) 2-cz\u0119\u015bciowy ze skrzyd\u0142em uchylanym bezzawiasowo. Jest to parawan mobilny, wyposa\u017cony jest w 4 k\u00f3\u0142ka z hamulcami. Posiada estetyczn\u0105 konstrukcj\u0119, kt\u00f3ra pasuje do wn\u0119trza gabinet\u00f3w zabiegowych, lekrskich. Ekran z materia\u0142u impregnowanego (poliester 100%) z mo\u017cliwo\u015bci\u0105 prania i czyszczenia. Dost\u0119pny jest r\u00f3wnie\u017c parawan tego typu z ekranem tapicerowanym: <a style=\"color: #3399ff\" href=\"https:\/\/innow.pl\/produkt\/pq802-parawan-medyczny-zmywalny-dwuczesciowy\/\">PQ802<\/a>. \u00a0 \u00a0<\/p>\n<p style=\"text-align: center\">Dost\u0119pne kolory ekran\u00f3w:<\/p>\n<p style=\"text-align: center\"><img decoding=\"async\" class=\"\" style=\"max-width: 500px\" src=\"https:\/\/innow.pl\/wp-content\/uploads\/2024\/11\/Ekrany_parawanow-43.jpg\" \/><\/p>\n","protected":false},"excerpt":{"rendered":"<p>Parawan medyczny (lekarski, szpitalny) 2-cz\u0119\u015bciowy ze skrzyd\u0142em uchylanym bezzawiasowo. Jest to parawan mobilny, wyposa\u017cony jest w 4 k\u00f3\u0142ka z hamulcami. Posiada estetyczn\u0105 konstrukcj\u0119, kt\u00f3ra pasuje do wn\u0119trza gabinet\u00f3w zabiegowych, lekrskich. Ekran z materia\u0142u impregnowanego (poliester 100%) z mo\u017cliwo\u015bci\u0105 prania i czyszczenia. Dost\u0119pny jest r\u00f3wnie\u017c parawan tego typu z ekranem tapicerowanym: PQ802. \u00a0 \u00a0 Dost\u0119pne kolory [&hellip;]<\/p>\n","protected":false},"featured_media":48678,"comment_status":"open","ping_status":"closed","template":"","meta":{"_acf_changed":false},"product_brand":[],"product_cat":[440,530,532],"product_tag":[],"class_list":{"0":"post-48675","1":"product","2":"type-product","3":"status-publish","4":"has-post-thumbnail","6":"product_cat-meble-medyczne","7":"product_cat-parawany-meble-medyczne","8":"product_cat-parawany-wieloskrzydlowe","9":"pa_kolor-ekranu-bialy","10":"pa_kolor-ekranu-blekitny","11":"pa_kolor-ekranu-lazur","12":"pa_kolor-ekranu-morski","13":"pa_kolor-ekranu-zielen-medyczna","14":"pa_kolor-ekranu-zolty","15":"pa_szerokosc-70-138-cm","17":"first","18":"instock","19":"taxable","20":"shipping-taxable","21":"purchasable","22":"product-type-variable"},"acf":[],"yoast_head":"<!-- This site is optimized with the Yoast SEO plugin v27.4 - https:\/\/yoast.com\/product\/yoast-seo-wordpress\/ -->\n<title>PQ802 [EK] - Parawan medyczny, materia\u0142 impregnowany, dwucz\u0119\u015bciowy - INNOW<\/title>\n<meta name=\"description\" content=\"Parawan 2-cz\u0119\u015bciowy z ekranem wykonanym z poliestru (zmywalny). Skrzyd\u0142o uchylane bezzawiasowo. Konstrukcja malowana proszkowo. Wejd\u017a i dowiedz si\u0119 wi\u0119cej!\" \/>\n<meta name=\"robots\" content=\"index, follow, max-snippet:-1, max-image-preview:large, max-video-preview:-1\" \/>\n<link rel=\"canonical\" href=\"https:\/\/innow.pl\/produkt\/pq802ek-parawan-medyczny-zmywalny-dwuczesciowy\/\" \/>\n<meta property=\"og:locale\" content=\"en_US\" \/>\n<meta property=\"og:type\" content=\"article\" \/>\n<meta property=\"og:title\" content=\"PQ802 [EK] - Parawan medyczny, materia\u0142 impregnowany, dwucz\u0119\u015bciowy - INNOW\" \/>\n<meta property=\"og:description\" content=\"Parawan 2-cz\u0119\u015bciowy z ekranem wykonanym z poliestru (zmywalny). Skrzyd\u0142o uchylane bezzawiasowo. Konstrukcja malowana proszkowo. Wejd\u017a i dowiedz si\u0119 wi\u0119cej!\" \/>\n<meta property=\"og:url\" content=\"https:\/\/innow.pl\/produkt\/pq802ek-parawan-medyczny-zmywalny-dwuczesciowy\/\" \/>\n<meta property=\"og:site_name\" content=\"INNOW\" \/>\n<meta property=\"article:modified_time\" content=\"2025-06-24T09:49:49+00:00\" \/>\n<meta property=\"og:image\" content=\"https:\/\/innow.pl\/wp-content\/uploads\/2024\/11\/PQ802EK_1.jpg\" \/>\n\t<meta property=\"og:image:width\" content=\"800\" \/>\n\t<meta property=\"og:image:height\" content=\"800\" \/>\n\t<meta property=\"og:image:type\" content=\"image\/jpeg\" \/>\n<meta name=\"twitter:card\" content=\"summary_large_image\" \/>\n<meta name=\"twitter:label1\" content=\"Est. reading time\" \/>\n\t<meta name=\"twitter:data1\" content=\"1 minute\" \/>\n<script type=\"application\/ld+json\" class=\"yoast-schema-graph\">{\"@context\":\"https:\\\/\\\/schema.org\",\"@graph\":[{\"@type\":\"WebPage\",\"@id\":\"https:\\\/\\\/innow.pl\\\/produkt\\\/pq802ek-parawan-medyczny-zmywalny-dwuczesciowy\\\/\",\"url\":\"https:\\\/\\\/innow.pl\\\/produkt\\\/pq802ek-parawan-medyczny-zmywalny-dwuczesciowy\\\/\",\"name\":\"PQ802 [EK] - Parawan medyczny, materia\u0142 impregnowany, dwucz\u0119\u015bciowy - INNOW\",\"isPartOf\":{\"@id\":\"https:\\\/\\\/innow.pl\\\/#website\"},\"primaryImageOfPage\":{\"@id\":\"https:\\\/\\\/innow.pl\\\/produkt\\\/pq802ek-parawan-medyczny-zmywalny-dwuczesciowy\\\/#primaryimage\"},\"image\":{\"@id\":\"https:\\\/\\\/innow.pl\\\/produkt\\\/pq802ek-parawan-medyczny-zmywalny-dwuczesciowy\\\/#primaryimage\"},\"thumbnailUrl\":\"https:\\\/\\\/innow.pl\\\/wp-content\\\/uploads\\\/2024\\\/11\\\/PQ802EK_1.jpg\",\"datePublished\":\"2023-10-16T08:42:37+00:00\",\"dateModified\":\"2025-06-24T09:49:49+00:00\",\"description\":\"Parawan 2-cz\u0119\u015bciowy z ekranem wykonanym z poliestru (zmywalny). Skrzyd\u0142o uchylane bezzawiasowo. Konstrukcja malowana proszkowo. Wejd\u017a i dowiedz si\u0119 wi\u0119cej!\",\"breadcrumb\":{\"@id\":\"https:\\\/\\\/innow.pl\\\/produkt\\\/pq802ek-parawan-medyczny-zmywalny-dwuczesciowy\\\/#breadcrumb\"},\"inLanguage\":\"en-US\",\"potentialAction\":[{\"@type\":\"ReadAction\",\"target\":[\"https:\\\/\\\/innow.pl\\\/produkt\\\/pq802ek-parawan-medyczny-zmywalny-dwuczesciowy\\\/\"]}]},{\"@type\":\"ImageObject\",\"inLanguage\":\"en-US\",\"@id\":\"https:\\\/\\\/innow.pl\\\/produkt\\\/pq802ek-parawan-medyczny-zmywalny-dwuczesciowy\\\/#primaryimage\",\"url\":\"https:\\\/\\\/innow.pl\\\/wp-content\\\/uploads\\\/2024\\\/11\\\/PQ802EK_1.jpg\",\"contentUrl\":\"https:\\\/\\\/innow.pl\\\/wp-content\\\/uploads\\\/2024\\\/11\\\/PQ802EK_1.jpg\",\"width\":800,\"height\":800},{\"@type\":\"BreadcrumbList\",\"@id\":\"https:\\\/\\\/innow.pl\\\/produkt\\\/pq802ek-parawan-medyczny-zmywalny-dwuczesciowy\\\/#breadcrumb\",\"itemListElement\":[{\"@type\":\"ListItem\",\"position\":1,\"name\":\"INNOW\",\"item\":\"https:\\\/\\\/innow.pl\\\/en\\\/\"},{\"@type\":\"ListItem\",\"position\":2,\"name\":\"Produkty\",\"item\":\"https:\\\/\\\/innow.pl\\\/produkty\\\/\"},{\"@type\":\"ListItem\",\"position\":3,\"name\":\"Meble medyczne\",\"item\":\"https:\\\/\\\/innow.pl\\\/produkty\\\/meble-medyczne\\\/\"},{\"@type\":\"ListItem\",\"position\":4,\"name\":\"Parawany\",\"item\":\"https:\\\/\\\/innow.pl\\\/produkty\\\/meble-medyczne\\\/parawany-meble-medyczne\\\/\"},{\"@type\":\"ListItem\",\"position\":5,\"name\":\"Parawany wieloskrzyd\u0142owe\",\"item\":\"https:\\\/\\\/innow.pl\\\/produkty\\\/meble-medyczne\\\/parawany-meble-medyczne\\\/parawany-wieloskrzydlowe\\\/\"},{\"@type\":\"ListItem\",\"position\":6,\"name\":\"PQ802 [EK] &#8211; Parawan medyczny, materia\u0142 impregnowany, dwucz\u0119\u015bciowy\"}]},{\"@type\":\"WebSite\",\"@id\":\"https:\\\/\\\/innow.pl\\\/#website\",\"url\":\"https:\\\/\\\/innow.pl\\\/\",\"name\":\"INNOW\",\"description\":\"\",\"potentialAction\":[{\"@type\":\"SearchAction\",\"target\":{\"@type\":\"EntryPoint\",\"urlTemplate\":\"https:\\\/\\\/innow.pl\\\/?s={search_term_string}\"},\"query-input\":{\"@type\":\"PropertyValueSpecification\",\"valueRequired\":true,\"valueName\":\"search_term_string\"}}],\"inLanguage\":\"en-US\"}]}<\/script>\n<!-- \/ Yoast SEO plugin. -->","yoast_head_json":{"title":"PQ802 [EK] - Parawan medyczny, materia\u0142 impregnowany, dwucz\u0119\u015bciowy - INNOW","description":"Parawan 2-cz\u0119\u015bciowy z ekranem wykonanym z poliestru (zmywalny). Skrzyd\u0142o uchylane bezzawiasowo. Konstrukcja malowana proszkowo. Wejd\u017a i dowiedz si\u0119 wi\u0119cej!","robots":{"index":"index","follow":"follow","max-snippet":"max-snippet:-1","max-image-preview":"max-image-preview:large","max-video-preview":"max-video-preview:-1"},"canonical":"https:\/\/innow.pl\/produkt\/pq802ek-parawan-medyczny-zmywalny-dwuczesciowy\/","og_locale":"en_US","og_type":"article","og_title":"PQ802 [EK] - Parawan medyczny, materia\u0142 impregnowany, dwucz\u0119\u015bciowy - INNOW","og_description":"Parawan 2-cz\u0119\u015bciowy z ekranem wykonanym z poliestru (zmywalny). Skrzyd\u0142o uchylane bezzawiasowo. Konstrukcja malowana proszkowo. Wejd\u017a i dowiedz si\u0119 wi\u0119cej!","og_url":"https:\/\/innow.pl\/produkt\/pq802ek-parawan-medyczny-zmywalny-dwuczesciowy\/","og_site_name":"INNOW","article_modified_time":"2025-06-24T09:49:49+00:00","og_image":[{"width":800,"height":800,"url":"https:\/\/innow.pl\/wp-content\/uploads\/2024\/11\/PQ802EK_1.jpg","type":"image\/jpeg"}],"twitter_card":"summary_large_image","twitter_misc":{"Est. reading time":"1 minute"},"schema":{"@context":"https:\/\/schema.org","@graph":[{"@type":"WebPage","@id":"https:\/\/innow.pl\/produkt\/pq802ek-parawan-medyczny-zmywalny-dwuczesciowy\/","url":"https:\/\/innow.pl\/produkt\/pq802ek-parawan-medyczny-zmywalny-dwuczesciowy\/","name":"PQ802 [EK] - Parawan medyczny, materia\u0142 impregnowany, dwucz\u0119\u015bciowy - INNOW","isPartOf":{"@id":"https:\/\/innow.pl\/#website"},"primaryImageOfPage":{"@id":"https:\/\/innow.pl\/produkt\/pq802ek-parawan-medyczny-zmywalny-dwuczesciowy\/#primaryimage"},"image":{"@id":"https:\/\/innow.pl\/produkt\/pq802ek-parawan-medyczny-zmywalny-dwuczesciowy\/#primaryimage"},"thumbnailUrl":"https:\/\/innow.pl\/wp-content\/uploads\/2024\/11\/PQ802EK_1.jpg","datePublished":"2023-10-16T08:42:37+00:00","dateModified":"2025-06-24T09:49:49+00:00","description":"Parawan 2-cz\u0119\u015bciowy z ekranem wykonanym z poliestru (zmywalny). Skrzyd\u0142o uchylane bezzawiasowo. Konstrukcja malowana proszkowo. Wejd\u017a i dowiedz si\u0119 wi\u0119cej!","breadcrumb":{"@id":"https:\/\/innow.pl\/produkt\/pq802ek-parawan-medyczny-zmywalny-dwuczesciowy\/#breadcrumb"},"inLanguage":"en-US","potentialAction":[{"@type":"ReadAction","target":["https:\/\/innow.pl\/produkt\/pq802ek-parawan-medyczny-zmywalny-dwuczesciowy\/"]}]},{"@type":"ImageObject","inLanguage":"en-US","@id":"https:\/\/innow.pl\/produkt\/pq802ek-parawan-medyczny-zmywalny-dwuczesciowy\/#primaryimage","url":"https:\/\/innow.pl\/wp-content\/uploads\/2024\/11\/PQ802EK_1.jpg","contentUrl":"https:\/\/innow.pl\/wp-content\/uploads\/2024\/11\/PQ802EK_1.jpg","width":800,"height":800},{"@type":"BreadcrumbList","@id":"https:\/\/innow.pl\/produkt\/pq802ek-parawan-medyczny-zmywalny-dwuczesciowy\/#breadcrumb","itemListElement":[{"@type":"ListItem","position":1,"name":"INNOW","item":"https:\/\/innow.pl\/en\/"},{"@type":"ListItem","position":2,"name":"Produkty","item":"https:\/\/innow.pl\/produkty\/"},{"@type":"ListItem","position":3,"name":"Meble medyczne","item":"https:\/\/innow.pl\/produkty\/meble-medyczne\/"},{"@type":"ListItem","position":4,"name":"Parawany","item":"https:\/\/innow.pl\/produkty\/meble-medyczne\/parawany-meble-medyczne\/"},{"@type":"ListItem","position":5,"name":"Parawany wieloskrzyd\u0142owe","item":"https:\/\/innow.pl\/produkty\/meble-medyczne\/parawany-meble-medyczne\/parawany-wieloskrzydlowe\/"},{"@type":"ListItem","position":6,"name":"PQ802 [EK] &#8211; Parawan medyczny, materia\u0142 impregnowany, dwucz\u0119\u015bciowy"}]},{"@type":"WebSite","@id":"https:\/\/innow.pl\/#website","url":"https:\/\/innow.pl\/","name":"INNOW","description":"","potentialAction":[{"@type":"SearchAction","target":{"@type":"EntryPoint","urlTemplate":"https:\/\/innow.pl\/?s={search_term_string}"},"query-input":{"@type":"PropertyValueSpecification","valueRequired":true,"valueName":"search_term_string"}}],"inLanguage":"en-US"}]}},"_links":{"self":[{"href":"https:\/\/innow.pl\/en\/wp-json\/wp\/v2\/product\/48675","targetHints":{"allow":["GET"]}}],"collection":[{"href":"https:\/\/innow.pl\/en\/wp-json\/wp\/v2\/product"}],"about":[{"href":"https:\/\/innow.pl\/en\/wp-json\/wp\/v2\/types\/product"}],"replies":[{"embeddable":true,"href":"https:\/\/innow.pl\/en\/wp-json\/wp\/v2\/comments?post=48675"}],"wp:featuredmedia":[{"embeddable":true,"href":"https:\/\/innow.pl\/en\/wp-json\/wp\/v2\/media\/48678"}],"wp:attachment":[{"href":"https:\/\/innow.pl\/en\/wp-json\/wp\/v2\/media?parent=48675"}],"wp:term":[{"taxonomy":"product_brand","embeddable":true,"href":"https:\/\/innow.pl\/en\/wp-json\/wp\/v2\/product_brand?post=48675"},{"taxonomy":"product_cat","embeddable":true,"href":"https:\/\/innow.pl\/en\/wp-json\/wp\/v2\/product_cat?post=48675"},{"taxonomy":"product_tag","embeddable":true,"href":"https:\/\/innow.pl\/en\/wp-json\/wp\/v2\/product_tag?post=48675"}],"curies":[{"name":"wp","href":"https:\/\/api.w.org\/{rel}","templated":true}]}}