{"id":48415,"date":"2024-01-09T12:52:41","date_gmt":"2024-01-09T11:52:41","guid":{"rendered":"https:\/\/innow.pl\/produkt\/mauro-fotel-pielegnacyjny-z-regulacja-elektryczna\/"},"modified":"2025-02-11T09:28:39","modified_gmt":"2025-02-11T08:28:39","slug":"mauro-fotel-pielegnacyjny-z-regulacja-elektryczna","status":"publish","type":"product","link":"https:\/\/innow.pl\/en\/produkt\/mauro-fotel-pielegnacyjny-z-regulacja-elektryczna\/","title":{"rendered":"Mauro E-move &#8211; Fotel piel\u0119gnacyjny z regulacj\u0105 elektryczn\u0105"},"content":{"rendered":"<p>Fotel piel\u0119gnacyjny Mauro E-move o estetycznej, lekkiej konstrukcji. <strong>Elektryczna regulacja<\/strong> z zastosowaniem <strong>pilota r\u0119cznego<\/strong>, umo\u017cliwia zar\u00f3wno <strong>odr\u0119bn\u0105<\/strong> jak i <strong>jednoczesn\u0105<\/strong> zmian\u0119 po\u0142o\u017cenia oparcia i podparcia n\u00f3g, co umo\u017cliwia r\u00f3wnie\u017c u\u0142o\u017cenie pacjenta w pozycji<strong> Zero-gravity<\/strong>, zapewniaj\u0105cej najkorzystniejsze dla staw\u00f3w i kr\u0105\u017cenia krwi u\u0142o\u017cenie cia\u0142a. <strong>Dopasowany do krzywizn ludzkiego<\/strong> <strong>kr\u0119gos\u0142upa<\/strong> kszta\u0142t oparcia w po\u0142\u0105czeniu z wype\u0142niaj\u0105cymi je <strong>dwoma rodzajami pianki o r\u00f3\u017cnej g\u0119sto\u015bci<\/strong> zapewnia doskona\u0142e <strong>wsparcie dla odcinka l\u0119d\u017awiowego i ramion<\/strong>. W tylnej cz\u0119\u015bci oparcia plec\u00f3w znajduje si\u0119 <strong>uchwyt do pchania fotela<\/strong>. Mo\u017cna wybra\u0107 jeden z nast\u0119puj\u0105cych wariant\u00f3w k\u00f3\u0142 (ka\u017cdy posiada pilot do sterowania widoczny na zdj\u0119ciu 1): &#8211; <strong>4 ko\u0142a o \u015brednicy 125 mm z centraln\u0105 blokad\u0105<\/strong> \u2013 uniwersalne zastosowanie (<em>Zdj\u0119cie 1<\/em>), &#8211; <strong>2 ko\u0142a o \u015brednicy 300 mm i 2 ko\u0142a o \u015brednicy 150 mm z centraln\u0105 blokad\u0105<\/strong> \u2013 do \u0142atwiejszego pokonywania prog\u00f3w lub przemieszczania po wyboistym terenie (<em>Zdj\u0119cie 2<\/em>), &#8211;<strong> 4 ko\u0142a o \u015brednicy 100 mm z indywidualn\u0105 blokad\u0105<\/strong> \u2013 mo\u017cliwo\u015b\u0107 oddzielnego blokowania k\u00f3\u0142 (<em>Zdj\u0119cie 3<\/em>). Fotel posiada <strong>pod\u0142okietniki z regulacj\u0105 wysoko\u015bci<\/strong> (3 poziomy). Na najni\u017cszym poziomie pod\u0142okietnik znajduje si\u0119 na wysoko\u015bci siedziska, co <strong>u\u0142atwia siadanie i wstawanie lub przemieszczanie pacjenta przez bok fotela<\/strong> np. na \u0142\u00f3\u017cko. Pod\u0142okietniki wyposa\u017cone s\u0105 w <strong>uchwyty do mocowania tacy na posi\u0142ki<\/strong>. Podczas rozk\u0142adania fotela do pozycji le\u017c\u0105cej <strong>podn\u00f3\u017cek synchronicznie wyd\u0142u\u017ca si\u0119<\/strong> (do 7 cm), zapewniaj\u0105c <strong>optymalne podparcie n\u00f3g<\/strong> i <strong>eliminuj\u0105c napi\u0119cie<\/strong> w tylnej cz\u0119\u015bci kolan, dzi\u0119ki czemu <strong>zmniejsza ryzyko powstawania w tym miejscu odle\u017cyn<\/strong>. <strong>Siedzisko fotela mo\u017cna \u0142atwo wyj\u0105\u0107<\/strong> bez konieczno\u015bci u\u017cywania narz\u0119dzi, dzi\u0119ki czemu \u0142atwiej utrzyma\u0107 je w czysto\u015bci. Fotel Mauro E-move wykonywany jest <strong>zgodnie z normami<\/strong>: EN 16139, EN 1728, EN ISO 14971, EN 60601-1, EN 60601-1-2. Dost\u0119pne s\u0105 <strong>akcesoria dodatkowe<\/strong> widoczne pod opisem. <em>Podczas sk\u0142adania zam\u00f3wienia prosimy o podanie wybranego koloru tapicerki.<\/em><\/p>\n<p style=\"text-align: center\">Dost\u0119pnych jest <strong>12 kolor\u00f3w<\/strong> sk\u00f3ropodobnego materia\u0142u, charakteryzuj\u0105cego si\u0119 ognioodporno\u015bci\u0105.<\/p>\n<p><img decoding=\"async\" class=\"aligncenter\" src=\"https:\/\/innow.pl\/wp-content\/uploads\/2024\/11\/Kolory.png\" \/><\/p>\n","protected":false},"excerpt":{"rendered":"<p>Fotel piel\u0119gnacyjny Mauro E-move o estetycznej, lekkiej konstrukcji. Elektryczna regulacja z zastosowaniem pilota r\u0119cznego, umo\u017cliwia zar\u00f3wno odr\u0119bn\u0105 jak i jednoczesn\u0105 zmian\u0119 po\u0142o\u017cenia oparcia i podparcia n\u00f3g, co umo\u017cliwia r\u00f3wnie\u017c u\u0142o\u017cenie pacjenta w pozycji Zero-gravity, zapewniaj\u0105cej najkorzystniejsze dla staw\u00f3w i kr\u0105\u017cenia krwi u\u0142o\u017cenie cia\u0142a. Dopasowany do krzywizn ludzkiego kr\u0119gos\u0142upa kszta\u0142t oparcia w po\u0142\u0105czeniu z wype\u0142niaj\u0105cymi je [&hellip;]<\/p>\n","protected":false},"featured_media":48419,"comment_status":"open","ping_status":"closed","template":"","meta":{"_acf_changed":false},"product_brand":[],"product_cat":[480,438],"product_tag":[],"class_list":{"0":"post-48415","1":"product","2":"type-product","3":"status-publish","4":"has-post-thumbnail","6":"product_cat-fotele-rehabilitacyjne","7":"product_cat-pielegnacja-i-rehabilitacja","8":"pa_glebokosc-78-cm","9":"pa_glebokosc-siedziska-51-cm","10":"pa_kola-2-kola-o300-mm-i-2-kola-o150-mm-z-centralna-blokada","11":"pa_kola-4-kola-o100-mm-z-indywidualna-blokada","12":"pa_kola-4-kola-o125-mm-z-centralna-blokada","13":"pa_szerokosc-72-cm","14":"pa_szerokosc-siedziska-53-cm","15":"pa_wysokosc-128-cm","16":"pa_wysokosc-podlokietnikow-50-705-cm","17":"pa_wysokosc-siedziska-50-cm","19":"first","20":"instock","21":"taxable","22":"shipping-taxable","23":"purchasable","24":"product-type-variable"},"acf":[],"yoast_head":"<!-- This site is optimized with the Yoast SEO plugin v27.4 - https:\/\/yoast.com\/product\/yoast-seo-wordpress\/ -->\n<title>Mauro E-move - Fotel piel\u0119gnacyjny z regulacj\u0105 elektryczn\u0105 - INNOW<\/title>\n<meta name=\"description\" content=\"Komfortowy fotel piel\u0119gnacyjny, dla seniora - Mauro E-move, z elektryczn\u0105 regulacj\u0105 i szerokim wyborem akcesori\u00f3w. 12 kolor\u00f3w tapicerki do wyrobu. Zobacz!\" \/>\n<meta name=\"robots\" content=\"index, follow, max-snippet:-1, max-image-preview:large, max-video-preview:-1\" \/>\n<link rel=\"canonical\" href=\"https:\/\/innow.pl\/produkt\/mauro-fotel-pielegnacyjny-z-regulacja-elektryczna\/\" \/>\n<meta property=\"og:locale\" content=\"en_US\" \/>\n<meta property=\"og:type\" content=\"article\" \/>\n<meta property=\"og:title\" content=\"Mauro E-move - Fotel piel\u0119gnacyjny z regulacj\u0105 elektryczn\u0105 - INNOW\" \/>\n<meta property=\"og:description\" content=\"Komfortowy fotel piel\u0119gnacyjny, dla seniora - Mauro E-move, z elektryczn\u0105 regulacj\u0105 i szerokim wyborem akcesori\u00f3w. 12 kolor\u00f3w tapicerki do wyrobu. Zobacz!\" \/>\n<meta property=\"og:url\" content=\"https:\/\/innow.pl\/produkt\/mauro-fotel-pielegnacyjny-z-regulacja-elektryczna\/\" \/>\n<meta property=\"og:site_name\" content=\"INNOW\" \/>\n<meta property=\"article:modified_time\" content=\"2025-02-11T08:28:39+00:00\" \/>\n<meta property=\"og:image\" content=\"https:\/\/innow.pl\/wp-content\/uploads\/2024\/11\/Mauro-Emove-4x125mm_pilot.jpg\" \/>\n\t<meta property=\"og:image:width\" content=\"800\" \/>\n\t<meta property=\"og:image:height\" content=\"800\" \/>\n\t<meta property=\"og:image:type\" content=\"image\/jpeg\" \/>\n<meta name=\"twitter:card\" content=\"summary_large_image\" \/>\n<meta name=\"twitter:label1\" content=\"Est. reading time\" \/>\n\t<meta name=\"twitter:data1\" content=\"3 minutes\" \/>\n<script type=\"application\/ld+json\" class=\"yoast-schema-graph\">{\"@context\":\"https:\\\/\\\/schema.org\",\"@graph\":[{\"@type\":\"WebPage\",\"@id\":\"https:\\\/\\\/innow.pl\\\/produkt\\\/mauro-fotel-pielegnacyjny-z-regulacja-elektryczna\\\/\",\"url\":\"https:\\\/\\\/innow.pl\\\/produkt\\\/mauro-fotel-pielegnacyjny-z-regulacja-elektryczna\\\/\",\"name\":\"Mauro E-move - Fotel piel\u0119gnacyjny z regulacj\u0105 elektryczn\u0105 - INNOW\",\"isPartOf\":{\"@id\":\"https:\\\/\\\/innow.pl\\\/#website\"},\"primaryImageOfPage\":{\"@id\":\"https:\\\/\\\/innow.pl\\\/produkt\\\/mauro-fotel-pielegnacyjny-z-regulacja-elektryczna\\\/#primaryimage\"},\"image\":{\"@id\":\"https:\\\/\\\/innow.pl\\\/produkt\\\/mauro-fotel-pielegnacyjny-z-regulacja-elektryczna\\\/#primaryimage\"},\"thumbnailUrl\":\"https:\\\/\\\/innow.pl\\\/wp-content\\\/uploads\\\/2024\\\/11\\\/Mauro-Emove-4x125mm_pilot.jpg\",\"datePublished\":\"2024-01-09T11:52:41+00:00\",\"dateModified\":\"2025-02-11T08:28:39+00:00\",\"description\":\"Komfortowy fotel piel\u0119gnacyjny, dla seniora - Mauro E-move, z elektryczn\u0105 regulacj\u0105 i szerokim wyborem akcesori\u00f3w. 12 kolor\u00f3w tapicerki do wyrobu. Zobacz!\",\"breadcrumb\":{\"@id\":\"https:\\\/\\\/innow.pl\\\/produkt\\\/mauro-fotel-pielegnacyjny-z-regulacja-elektryczna\\\/#breadcrumb\"},\"inLanguage\":\"en-US\",\"potentialAction\":[{\"@type\":\"ReadAction\",\"target\":[\"https:\\\/\\\/innow.pl\\\/produkt\\\/mauro-fotel-pielegnacyjny-z-regulacja-elektryczna\\\/\"]}]},{\"@type\":\"ImageObject\",\"inLanguage\":\"en-US\",\"@id\":\"https:\\\/\\\/innow.pl\\\/produkt\\\/mauro-fotel-pielegnacyjny-z-regulacja-elektryczna\\\/#primaryimage\",\"url\":\"https:\\\/\\\/innow.pl\\\/wp-content\\\/uploads\\\/2024\\\/11\\\/Mauro-Emove-4x125mm_pilot.jpg\",\"contentUrl\":\"https:\\\/\\\/innow.pl\\\/wp-content\\\/uploads\\\/2024\\\/11\\\/Mauro-Emove-4x125mm_pilot.jpg\",\"width\":800,\"height\":800,\"caption\":\"Fotel piel\u0119gnacyjny Mauro E-move z 4 ko\u0142ami o \u015brednicy 125 mm\"},{\"@type\":\"BreadcrumbList\",\"@id\":\"https:\\\/\\\/innow.pl\\\/produkt\\\/mauro-fotel-pielegnacyjny-z-regulacja-elektryczna\\\/#breadcrumb\",\"itemListElement\":[{\"@type\":\"ListItem\",\"position\":1,\"name\":\"INNOW\",\"item\":\"https:\\\/\\\/innow.pl\\\/en\\\/\"},{\"@type\":\"ListItem\",\"position\":2,\"name\":\"Produkty\",\"item\":\"https:\\\/\\\/innow.pl\\\/produkty\\\/\"},{\"@type\":\"ListItem\",\"position\":3,\"name\":\"Piel\u0119gnacja i rehabilitacja\",\"item\":\"https:\\\/\\\/innow.pl\\\/produkty\\\/pielegnacja-i-rehabilitacja\\\/\"},{\"@type\":\"ListItem\",\"position\":4,\"name\":\"Fotele rehabilitacyjne, dla seniora\",\"item\":\"https:\\\/\\\/innow.pl\\\/produkty\\\/pielegnacja-i-rehabilitacja\\\/fotele-rehabilitacyjne\\\/\"},{\"@type\":\"ListItem\",\"position\":5,\"name\":\"Mauro E-move &#8211; Fotel piel\u0119gnacyjny z regulacj\u0105 elektryczn\u0105\"}]},{\"@type\":\"WebSite\",\"@id\":\"https:\\\/\\\/innow.pl\\\/#website\",\"url\":\"https:\\\/\\\/innow.pl\\\/\",\"name\":\"INNOW\",\"description\":\"\",\"potentialAction\":[{\"@type\":\"SearchAction\",\"target\":{\"@type\":\"EntryPoint\",\"urlTemplate\":\"https:\\\/\\\/innow.pl\\\/?s={search_term_string}\"},\"query-input\":{\"@type\":\"PropertyValueSpecification\",\"valueRequired\":true,\"valueName\":\"search_term_string\"}}],\"inLanguage\":\"en-US\"}]}<\/script>\n<!-- \/ Yoast SEO plugin. -->","yoast_head_json":{"title":"Mauro E-move - Fotel piel\u0119gnacyjny z regulacj\u0105 elektryczn\u0105 - INNOW","description":"Komfortowy fotel piel\u0119gnacyjny, dla seniora - Mauro E-move, z elektryczn\u0105 regulacj\u0105 i szerokim wyborem akcesori\u00f3w. 12 kolor\u00f3w tapicerki do wyrobu. Zobacz!","robots":{"index":"index","follow":"follow","max-snippet":"max-snippet:-1","max-image-preview":"max-image-preview:large","max-video-preview":"max-video-preview:-1"},"canonical":"https:\/\/innow.pl\/produkt\/mauro-fotel-pielegnacyjny-z-regulacja-elektryczna\/","og_locale":"en_US","og_type":"article","og_title":"Mauro E-move - Fotel piel\u0119gnacyjny z regulacj\u0105 elektryczn\u0105 - INNOW","og_description":"Komfortowy fotel piel\u0119gnacyjny, dla seniora - Mauro E-move, z elektryczn\u0105 regulacj\u0105 i szerokim wyborem akcesori\u00f3w. 12 kolor\u00f3w tapicerki do wyrobu. Zobacz!","og_url":"https:\/\/innow.pl\/produkt\/mauro-fotel-pielegnacyjny-z-regulacja-elektryczna\/","og_site_name":"INNOW","article_modified_time":"2025-02-11T08:28:39+00:00","og_image":[{"width":800,"height":800,"url":"https:\/\/innow.pl\/wp-content\/uploads\/2024\/11\/Mauro-Emove-4x125mm_pilot.jpg","type":"image\/jpeg"}],"twitter_card":"summary_large_image","twitter_misc":{"Est. reading time":"3 minutes"},"schema":{"@context":"https:\/\/schema.org","@graph":[{"@type":"WebPage","@id":"https:\/\/innow.pl\/produkt\/mauro-fotel-pielegnacyjny-z-regulacja-elektryczna\/","url":"https:\/\/innow.pl\/produkt\/mauro-fotel-pielegnacyjny-z-regulacja-elektryczna\/","name":"Mauro E-move - Fotel piel\u0119gnacyjny z regulacj\u0105 elektryczn\u0105 - INNOW","isPartOf":{"@id":"https:\/\/innow.pl\/#website"},"primaryImageOfPage":{"@id":"https:\/\/innow.pl\/produkt\/mauro-fotel-pielegnacyjny-z-regulacja-elektryczna\/#primaryimage"},"image":{"@id":"https:\/\/innow.pl\/produkt\/mauro-fotel-pielegnacyjny-z-regulacja-elektryczna\/#primaryimage"},"thumbnailUrl":"https:\/\/innow.pl\/wp-content\/uploads\/2024\/11\/Mauro-Emove-4x125mm_pilot.jpg","datePublished":"2024-01-09T11:52:41+00:00","dateModified":"2025-02-11T08:28:39+00:00","description":"Komfortowy fotel piel\u0119gnacyjny, dla seniora - Mauro E-move, z elektryczn\u0105 regulacj\u0105 i szerokim wyborem akcesori\u00f3w. 12 kolor\u00f3w tapicerki do wyrobu. Zobacz!","breadcrumb":{"@id":"https:\/\/innow.pl\/produkt\/mauro-fotel-pielegnacyjny-z-regulacja-elektryczna\/#breadcrumb"},"inLanguage":"en-US","potentialAction":[{"@type":"ReadAction","target":["https:\/\/innow.pl\/produkt\/mauro-fotel-pielegnacyjny-z-regulacja-elektryczna\/"]}]},{"@type":"ImageObject","inLanguage":"en-US","@id":"https:\/\/innow.pl\/produkt\/mauro-fotel-pielegnacyjny-z-regulacja-elektryczna\/#primaryimage","url":"https:\/\/innow.pl\/wp-content\/uploads\/2024\/11\/Mauro-Emove-4x125mm_pilot.jpg","contentUrl":"https:\/\/innow.pl\/wp-content\/uploads\/2024\/11\/Mauro-Emove-4x125mm_pilot.jpg","width":800,"height":800,"caption":"Fotel piel\u0119gnacyjny Mauro E-move z 4 ko\u0142ami o \u015brednicy 125 mm"},{"@type":"BreadcrumbList","@id":"https:\/\/innow.pl\/produkt\/mauro-fotel-pielegnacyjny-z-regulacja-elektryczna\/#breadcrumb","itemListElement":[{"@type":"ListItem","position":1,"name":"INNOW","item":"https:\/\/innow.pl\/en\/"},{"@type":"ListItem","position":2,"name":"Produkty","item":"https:\/\/innow.pl\/produkty\/"},{"@type":"ListItem","position":3,"name":"Piel\u0119gnacja i rehabilitacja","item":"https:\/\/innow.pl\/produkty\/pielegnacja-i-rehabilitacja\/"},{"@type":"ListItem","position":4,"name":"Fotele rehabilitacyjne, dla seniora","item":"https:\/\/innow.pl\/produkty\/pielegnacja-i-rehabilitacja\/fotele-rehabilitacyjne\/"},{"@type":"ListItem","position":5,"name":"Mauro E-move &#8211; Fotel piel\u0119gnacyjny z regulacj\u0105 elektryczn\u0105"}]},{"@type":"WebSite","@id":"https:\/\/innow.pl\/#website","url":"https:\/\/innow.pl\/","name":"INNOW","description":"","potentialAction":[{"@type":"SearchAction","target":{"@type":"EntryPoint","urlTemplate":"https:\/\/innow.pl\/?s={search_term_string}"},"query-input":{"@type":"PropertyValueSpecification","valueRequired":true,"valueName":"search_term_string"}}],"inLanguage":"en-US"}]}},"_links":{"self":[{"href":"https:\/\/innow.pl\/en\/wp-json\/wp\/v2\/product\/48415","targetHints":{"allow":["GET"]}}],"collection":[{"href":"https:\/\/innow.pl\/en\/wp-json\/wp\/v2\/product"}],"about":[{"href":"https:\/\/innow.pl\/en\/wp-json\/wp\/v2\/types\/product"}],"replies":[{"embeddable":true,"href":"https:\/\/innow.pl\/en\/wp-json\/wp\/v2\/comments?post=48415"}],"wp:featuredmedia":[{"embeddable":true,"href":"https:\/\/innow.pl\/en\/wp-json\/wp\/v2\/media\/48419"}],"wp:attachment":[{"href":"https:\/\/innow.pl\/en\/wp-json\/wp\/v2\/media?parent=48415"}],"wp:term":[{"taxonomy":"product_brand","embeddable":true,"href":"https:\/\/innow.pl\/en\/wp-json\/wp\/v2\/product_brand?post=48415"},{"taxonomy":"product_cat","embeddable":true,"href":"https:\/\/innow.pl\/en\/wp-json\/wp\/v2\/product_cat?post=48415"},{"taxonomy":"product_tag","embeddable":true,"href":"https:\/\/innow.pl\/en\/wp-json\/wp\/v2\/product_tag?post=48415"}],"curies":[{"name":"wp","href":"https:\/\/api.w.org\/{rel}","templated":true}]}}