{"id":48245,"date":"2022-07-03T13:06:38","date_gmt":"2022-07-03T11:06:38","guid":{"rendered":"https:\/\/innow.pl\/produkt\/sk803bl-stojak-z-wieszakiem-kroplowki-z-podstawa-z-blachy\/"},"modified":"2025-02-11T11:59:55","modified_gmt":"2025-02-11T10:59:55","slug":"sk803bl-stojak-z-wieszakiem-kroplowki-z-podstawa-z-blachy","status":"publish","type":"product","link":"https:\/\/innow.pl\/en\/produkt\/sk803bl-stojak-z-wieszakiem-kroplowki-z-podstawa-z-blachy\/","title":{"rendered":"SK803 [BL] &#8211; Stojak z wieszakiem kropl\u00f3wki z podstaw\u0105 z blachy"},"content":{"rendered":"<p>Stojak z nierdzewnym wieszakiem na kropl\u00f3wki wyposa\u017cony w podstaw\u0119 z blachy o unikatowym kszta\u0142cie. Posiada 5 k\u00f3\u0142ek z hamulcami.<\/p>\n","protected":false},"excerpt":{"rendered":"<p>Stojak z nierdzewnym wieszakiem na kropl\u00f3wki wyposa\u017cony w podstaw\u0119 z blachy o unikatowym kszta\u0142cie. Posiada 5 k\u00f3\u0142ek z hamulcami.<\/p>\n","protected":false},"featured_media":48247,"comment_status":"open","ping_status":"closed","template":"","meta":{"_acf_changed":false},"product_brand":[],"product_cat":[440,458],"product_tag":[],"class_list":{"0":"post-48245","1":"product","2":"type-product","3":"status-publish","4":"has-post-thumbnail","6":"product_cat-meble-medyczne","7":"product_cat-stojaki-wieszaki-na-kroplowki","8":"pa_szerokosc-podstawy-47-cm","9":"pa_wysokosc-150-210-cm","11":"first","12":"instock","13":"taxable","14":"shipping-taxable","15":"purchasable","16":"product-type-simple"},"acf":[],"yoast_head":"<!-- This site is optimized with the Yoast SEO plugin v27.4 - https:\/\/yoast.com\/product\/yoast-seo-wordpress\/ -->\n<title>Stojak z wieszakiem kropl\u00f3wki z podstaw\u0105 z blachy - SK803[BL] - INNOW<\/title>\n<meta name=\"description\" content=\"Stojak z wieszakiem na kropl\u00f3wki (stal nierdzewna) z podstaw\u0105 z blachy o wyr\u00f3\u017cniaj\u0105cym si\u0119 kszta\u0142cie. Niecodzienny design! Sprawd\u017a teraz!\" \/>\n<meta name=\"robots\" content=\"index, follow, max-snippet:-1, max-image-preview:large, max-video-preview:-1\" \/>\n<link rel=\"canonical\" href=\"https:\/\/innow.pl\/produkt\/sk803bl-stojak-z-wieszakiem-kroplowki-z-podstawa-z-blachy\/\" \/>\n<meta property=\"og:locale\" content=\"en_US\" \/>\n<meta property=\"og:type\" content=\"article\" \/>\n<meta property=\"og:title\" content=\"Stojak z wieszakiem kropl\u00f3wki z podstaw\u0105 z blachy - SK803[BL] - INNOW\" \/>\n<meta property=\"og:description\" content=\"Stojak z wieszakiem na kropl\u00f3wki (stal nierdzewna) z podstaw\u0105 z blachy o wyr\u00f3\u017cniaj\u0105cym si\u0119 kszta\u0142cie. Niecodzienny design! Sprawd\u017a teraz!\" \/>\n<meta property=\"og:url\" content=\"https:\/\/innow.pl\/produkt\/sk803bl-stojak-z-wieszakiem-kroplowki-z-podstawa-z-blachy\/\" \/>\n<meta property=\"og:site_name\" content=\"INNOW\" \/>\n<meta property=\"article:modified_time\" content=\"2025-02-11T10:59:55+00:00\" \/>\n<meta property=\"og:image\" content=\"https:\/\/innow.pl\/wp-content\/uploads\/2024\/11\/SK803BL_new_1.jpg\" \/>\n\t<meta property=\"og:image:width\" content=\"800\" \/>\n\t<meta property=\"og:image:height\" content=\"800\" \/>\n\t<meta property=\"og:image:type\" content=\"image\/jpeg\" \/>\n<meta name=\"twitter:card\" content=\"summary_large_image\" \/>\n<meta name=\"twitter:label1\" content=\"Est. reading time\" \/>\n\t<meta name=\"twitter:data1\" content=\"1 minute\" \/>\n<script type=\"application\/ld+json\" class=\"yoast-schema-graph\">{\"@context\":\"https:\\\/\\\/schema.org\",\"@graph\":[{\"@type\":\"WebPage\",\"@id\":\"https:\\\/\\\/innow.pl\\\/produkt\\\/sk803bl-stojak-z-wieszakiem-kroplowki-z-podstawa-z-blachy\\\/\",\"url\":\"https:\\\/\\\/innow.pl\\\/produkt\\\/sk803bl-stojak-z-wieszakiem-kroplowki-z-podstawa-z-blachy\\\/\",\"name\":\"Stojak z wieszakiem kropl\u00f3wki z podstaw\u0105 z blachy - SK803[BL] - INNOW\",\"isPartOf\":{\"@id\":\"https:\\\/\\\/innow.pl\\\/#website\"},\"primaryImageOfPage\":{\"@id\":\"https:\\\/\\\/innow.pl\\\/produkt\\\/sk803bl-stojak-z-wieszakiem-kroplowki-z-podstawa-z-blachy\\\/#primaryimage\"},\"image\":{\"@id\":\"https:\\\/\\\/innow.pl\\\/produkt\\\/sk803bl-stojak-z-wieszakiem-kroplowki-z-podstawa-z-blachy\\\/#primaryimage\"},\"thumbnailUrl\":\"https:\\\/\\\/innow.pl\\\/wp-content\\\/uploads\\\/2024\\\/11\\\/SK803BL_new_1.jpg\",\"datePublished\":\"2022-07-03T11:06:38+00:00\",\"dateModified\":\"2025-02-11T10:59:55+00:00\",\"description\":\"Stojak z wieszakiem na kropl\u00f3wki (stal nierdzewna) z podstaw\u0105 z blachy o wyr\u00f3\u017cniaj\u0105cym si\u0119 kszta\u0142cie. Niecodzienny design! Sprawd\u017a teraz!\",\"breadcrumb\":{\"@id\":\"https:\\\/\\\/innow.pl\\\/produkt\\\/sk803bl-stojak-z-wieszakiem-kroplowki-z-podstawa-z-blachy\\\/#breadcrumb\"},\"inLanguage\":\"en-US\",\"potentialAction\":[{\"@type\":\"ReadAction\",\"target\":[\"https:\\\/\\\/innow.pl\\\/produkt\\\/sk803bl-stojak-z-wieszakiem-kroplowki-z-podstawa-z-blachy\\\/\"]}]},{\"@type\":\"ImageObject\",\"inLanguage\":\"en-US\",\"@id\":\"https:\\\/\\\/innow.pl\\\/produkt\\\/sk803bl-stojak-z-wieszakiem-kroplowki-z-podstawa-z-blachy\\\/#primaryimage\",\"url\":\"https:\\\/\\\/innow.pl\\\/wp-content\\\/uploads\\\/2024\\\/11\\\/SK803BL_new_1.jpg\",\"contentUrl\":\"https:\\\/\\\/innow.pl\\\/wp-content\\\/uploads\\\/2024\\\/11\\\/SK803BL_new_1.jpg\",\"width\":800,\"height\":800,\"caption\":\"SK803 [BL] - Stojak z wieszakiem kropl\u00f3wki z podstaw\u0105 z blachy\"},{\"@type\":\"BreadcrumbList\",\"@id\":\"https:\\\/\\\/innow.pl\\\/produkt\\\/sk803bl-stojak-z-wieszakiem-kroplowki-z-podstawa-z-blachy\\\/#breadcrumb\",\"itemListElement\":[{\"@type\":\"ListItem\",\"position\":1,\"name\":\"INNOW\",\"item\":\"https:\\\/\\\/innow.pl\\\/en\\\/\"},{\"@type\":\"ListItem\",\"position\":2,\"name\":\"Produkty\",\"item\":\"https:\\\/\\\/innow.pl\\\/produkty\\\/\"},{\"@type\":\"ListItem\",\"position\":3,\"name\":\"Meble medyczne\",\"item\":\"https:\\\/\\\/innow.pl\\\/produkty\\\/meble-medyczne\\\/\"},{\"@type\":\"ListItem\",\"position\":4,\"name\":\"Stojaki, wieszaki na kropl\u00f3wki\",\"item\":\"https:\\\/\\\/innow.pl\\\/produkty\\\/meble-medyczne\\\/stojaki-wieszaki-na-kroplowki\\\/\"},{\"@type\":\"ListItem\",\"position\":5,\"name\":\"SK803 [BL] &#8211; Stojak z wieszakiem kropl\u00f3wki z podstaw\u0105 z blachy\"}]},{\"@type\":\"WebSite\",\"@id\":\"https:\\\/\\\/innow.pl\\\/#website\",\"url\":\"https:\\\/\\\/innow.pl\\\/\",\"name\":\"INNOW\",\"description\":\"\",\"potentialAction\":[{\"@type\":\"SearchAction\",\"target\":{\"@type\":\"EntryPoint\",\"urlTemplate\":\"https:\\\/\\\/innow.pl\\\/?s={search_term_string}\"},\"query-input\":{\"@type\":\"PropertyValueSpecification\",\"valueRequired\":true,\"valueName\":\"search_term_string\"}}],\"inLanguage\":\"en-US\"}]}<\/script>\n<!-- \/ Yoast SEO plugin. -->","yoast_head_json":{"title":"Stojak z wieszakiem kropl\u00f3wki z podstaw\u0105 z blachy - SK803[BL] - INNOW","description":"Stojak z wieszakiem na kropl\u00f3wki (stal nierdzewna) z podstaw\u0105 z blachy o wyr\u00f3\u017cniaj\u0105cym si\u0119 kszta\u0142cie. Niecodzienny design! Sprawd\u017a teraz!","robots":{"index":"index","follow":"follow","max-snippet":"max-snippet:-1","max-image-preview":"max-image-preview:large","max-video-preview":"max-video-preview:-1"},"canonical":"https:\/\/innow.pl\/produkt\/sk803bl-stojak-z-wieszakiem-kroplowki-z-podstawa-z-blachy\/","og_locale":"en_US","og_type":"article","og_title":"Stojak z wieszakiem kropl\u00f3wki z podstaw\u0105 z blachy - SK803[BL] - INNOW","og_description":"Stojak z wieszakiem na kropl\u00f3wki (stal nierdzewna) z podstaw\u0105 z blachy o wyr\u00f3\u017cniaj\u0105cym si\u0119 kszta\u0142cie. Niecodzienny design! Sprawd\u017a teraz!","og_url":"https:\/\/innow.pl\/produkt\/sk803bl-stojak-z-wieszakiem-kroplowki-z-podstawa-z-blachy\/","og_site_name":"INNOW","article_modified_time":"2025-02-11T10:59:55+00:00","og_image":[{"width":800,"height":800,"url":"https:\/\/innow.pl\/wp-content\/uploads\/2024\/11\/SK803BL_new_1.jpg","type":"image\/jpeg"}],"twitter_card":"summary_large_image","twitter_misc":{"Est. reading time":"1 minute"},"schema":{"@context":"https:\/\/schema.org","@graph":[{"@type":"WebPage","@id":"https:\/\/innow.pl\/produkt\/sk803bl-stojak-z-wieszakiem-kroplowki-z-podstawa-z-blachy\/","url":"https:\/\/innow.pl\/produkt\/sk803bl-stojak-z-wieszakiem-kroplowki-z-podstawa-z-blachy\/","name":"Stojak z wieszakiem kropl\u00f3wki z podstaw\u0105 z blachy - SK803[BL] - INNOW","isPartOf":{"@id":"https:\/\/innow.pl\/#website"},"primaryImageOfPage":{"@id":"https:\/\/innow.pl\/produkt\/sk803bl-stojak-z-wieszakiem-kroplowki-z-podstawa-z-blachy\/#primaryimage"},"image":{"@id":"https:\/\/innow.pl\/produkt\/sk803bl-stojak-z-wieszakiem-kroplowki-z-podstawa-z-blachy\/#primaryimage"},"thumbnailUrl":"https:\/\/innow.pl\/wp-content\/uploads\/2024\/11\/SK803BL_new_1.jpg","datePublished":"2022-07-03T11:06:38+00:00","dateModified":"2025-02-11T10:59:55+00:00","description":"Stojak z wieszakiem na kropl\u00f3wki (stal nierdzewna) z podstaw\u0105 z blachy o wyr\u00f3\u017cniaj\u0105cym si\u0119 kszta\u0142cie. Niecodzienny design! Sprawd\u017a teraz!","breadcrumb":{"@id":"https:\/\/innow.pl\/produkt\/sk803bl-stojak-z-wieszakiem-kroplowki-z-podstawa-z-blachy\/#breadcrumb"},"inLanguage":"en-US","potentialAction":[{"@type":"ReadAction","target":["https:\/\/innow.pl\/produkt\/sk803bl-stojak-z-wieszakiem-kroplowki-z-podstawa-z-blachy\/"]}]},{"@type":"ImageObject","inLanguage":"en-US","@id":"https:\/\/innow.pl\/produkt\/sk803bl-stojak-z-wieszakiem-kroplowki-z-podstawa-z-blachy\/#primaryimage","url":"https:\/\/innow.pl\/wp-content\/uploads\/2024\/11\/SK803BL_new_1.jpg","contentUrl":"https:\/\/innow.pl\/wp-content\/uploads\/2024\/11\/SK803BL_new_1.jpg","width":800,"height":800,"caption":"SK803 [BL] - Stojak z wieszakiem kropl\u00f3wki z podstaw\u0105 z blachy"},{"@type":"BreadcrumbList","@id":"https:\/\/innow.pl\/produkt\/sk803bl-stojak-z-wieszakiem-kroplowki-z-podstawa-z-blachy\/#breadcrumb","itemListElement":[{"@type":"ListItem","position":1,"name":"INNOW","item":"https:\/\/innow.pl\/en\/"},{"@type":"ListItem","position":2,"name":"Produkty","item":"https:\/\/innow.pl\/produkty\/"},{"@type":"ListItem","position":3,"name":"Meble medyczne","item":"https:\/\/innow.pl\/produkty\/meble-medyczne\/"},{"@type":"ListItem","position":4,"name":"Stojaki, wieszaki na kropl\u00f3wki","item":"https:\/\/innow.pl\/produkty\/meble-medyczne\/stojaki-wieszaki-na-kroplowki\/"},{"@type":"ListItem","position":5,"name":"SK803 [BL] &#8211; Stojak z wieszakiem kropl\u00f3wki z podstaw\u0105 z blachy"}]},{"@type":"WebSite","@id":"https:\/\/innow.pl\/#website","url":"https:\/\/innow.pl\/","name":"INNOW","description":"","potentialAction":[{"@type":"SearchAction","target":{"@type":"EntryPoint","urlTemplate":"https:\/\/innow.pl\/?s={search_term_string}"},"query-input":{"@type":"PropertyValueSpecification","valueRequired":true,"valueName":"search_term_string"}}],"inLanguage":"en-US"}]}},"_links":{"self":[{"href":"https:\/\/innow.pl\/en\/wp-json\/wp\/v2\/product\/48245","targetHints":{"allow":["GET"]}}],"collection":[{"href":"https:\/\/innow.pl\/en\/wp-json\/wp\/v2\/product"}],"about":[{"href":"https:\/\/innow.pl\/en\/wp-json\/wp\/v2\/types\/product"}],"replies":[{"embeddable":true,"href":"https:\/\/innow.pl\/en\/wp-json\/wp\/v2\/comments?post=48245"}],"wp:featuredmedia":[{"embeddable":true,"href":"https:\/\/innow.pl\/en\/wp-json\/wp\/v2\/media\/48247"}],"wp:attachment":[{"href":"https:\/\/innow.pl\/en\/wp-json\/wp\/v2\/media?parent=48245"}],"wp:term":[{"taxonomy":"product_brand","embeddable":true,"href":"https:\/\/innow.pl\/en\/wp-json\/wp\/v2\/product_brand?post=48245"},{"taxonomy":"product_cat","embeddable":true,"href":"https:\/\/innow.pl\/en\/wp-json\/wp\/v2\/product_cat?post=48245"},{"taxonomy":"product_tag","embeddable":true,"href":"https:\/\/innow.pl\/en\/wp-json\/wp\/v2\/product_tag?post=48245"}],"curies":[{"name":"wp","href":"https:\/\/api.w.org\/{rel}","templated":true}]}}