{"id":48231,"date":"2022-05-17T05:31:36","date_gmt":"2022-05-17T03:31:36","guid":{"rendered":"https:\/\/innow.pl\/produkt\/wu01-12-wieszak-na-ubrania\/"},"modified":"2025-02-11T12:02:00","modified_gmt":"2025-02-11T11:02:00","slug":"wu01-12-wieszak-na-ubrania","status":"publish","type":"product","link":"https:\/\/innow.pl\/en\/produkt\/wu01-12-wieszak-na-ubrania\/","title":{"rendered":"WU01-12 &#8211; Wieszak na ubrania"},"content":{"rendered":"<p>Wieszak na ubrania przeznaczony do stosowania w pomieszczeniach zamkni\u0119tych. Wyr\u00f3\u017cnia go nowoczesna konstrukcja, kt\u00f3ra sprawdzi si\u0119 w ka\u017cdej poczekalni lub gabinecie. Wyr\u00f3b cechuje si\u0119 stabilno\u015bci\u0105 dzi\u0119ki szerokiej, opartej na 5 stopkach, podstawie. Dost\u0119pne kolory konstrukcji: bia\u0142y &#8211; standardowy (zdj\u0119cie 1), za dop\u0142at\u0105 (+20% do ceny netto): szary (zdj\u0119cie 2) i czarny (zdj\u0119cie 3). Przy zakupie powy\u017cej 10 sztuk &#8211; szary lub czarny kolor konstrukcji za dop\u0142at\u0105 +10% do ceny netto. Przy zakupie 10 sztuk &#8211; cena: 149 z\u0142 netto + 23% VAT.<\/p>\n","protected":false},"excerpt":{"rendered":"<p>Wieszak na ubrania przeznaczony do stosowania w pomieszczeniach zamkni\u0119tych. Wyr\u00f3\u017cnia go nowoczesna konstrukcja, kt\u00f3ra sprawdzi si\u0119 w ka\u017cdej poczekalni lub gabinecie. Wyr\u00f3b cechuje si\u0119 stabilno\u015bci\u0105 dzi\u0119ki szerokiej, opartej na 5 stopkach, podstawie. Dost\u0119pne kolory konstrukcji: bia\u0142y &#8211; standardowy (zdj\u0119cie 1), za dop\u0142at\u0105 (+20% do ceny netto): szary (zdj\u0119cie 2) i czarny (zdj\u0119cie 3). Przy zakupie [&hellip;]<\/p>\n","protected":false},"featured_media":48233,"comment_status":"open","ping_status":"closed","template":"","meta":{"_acf_changed":false},"product_brand":[],"product_cat":[440,495],"product_tag":[],"class_list":{"0":"post-48231","1":"product","2":"type-product","3":"status-publish","4":"has-post-thumbnail","6":"product_cat-meble-medyczne","7":"product_cat-wieszaki-ubraniowe","8":"pa_szerokosc-podstawy-47-cm","9":"pa_wysokosc-163-cm","11":"first","12":"instock","13":"taxable","14":"shipping-taxable","15":"purchasable","16":"product-type-simple"},"acf":[],"yoast_head":"<!-- This site is optimized with the Yoast SEO plugin v27.4 - https:\/\/yoast.com\/product\/yoast-seo-wordpress\/ -->\n<title>WU01-12 - Wieszak na ubrania - INNOW<\/title>\n<meta name=\"description\" content=\"Wieszak na ubrania o nowoczesnej, unikatowej konstrukcji. Doskonale sprawdzi si\u0119 w ka\u017cdej poczekalni, czy gabinecie. Wejd\u017a i zobacz!\" \/>\n<meta name=\"robots\" content=\"index, follow, max-snippet:-1, max-image-preview:large, max-video-preview:-1\" \/>\n<link rel=\"canonical\" href=\"https:\/\/innow.pl\/produkt\/wu01-12-wieszak-na-ubrania\/\" \/>\n<meta property=\"og:locale\" content=\"en_US\" \/>\n<meta property=\"og:type\" content=\"article\" \/>\n<meta property=\"og:title\" content=\"WU01-12 - Wieszak na ubrania - INNOW\" \/>\n<meta property=\"og:description\" content=\"Wieszak na ubrania o nowoczesnej, unikatowej konstrukcji. Doskonale sprawdzi si\u0119 w ka\u017cdej poczekalni, czy gabinecie. Wejd\u017a i zobacz!\" \/>\n<meta property=\"og:url\" content=\"https:\/\/innow.pl\/produkt\/wu01-12-wieszak-na-ubrania\/\" \/>\n<meta property=\"og:site_name\" content=\"INNOW\" \/>\n<meta property=\"article:modified_time\" content=\"2025-02-11T11:02:00+00:00\" \/>\n<meta property=\"og:image\" content=\"https:\/\/innow.pl\/wp-content\/uploads\/2024\/11\/WU_01-12_new.jpg\" \/>\n\t<meta property=\"og:image:width\" content=\"800\" \/>\n\t<meta property=\"og:image:height\" content=\"800\" \/>\n\t<meta property=\"og:image:type\" content=\"image\/jpeg\" \/>\n<meta name=\"twitter:card\" content=\"summary_large_image\" \/>\n<meta name=\"twitter:label1\" content=\"Est. reading time\" \/>\n\t<meta name=\"twitter:data1\" content=\"1 minute\" \/>\n<script type=\"application\/ld+json\" class=\"yoast-schema-graph\">{\"@context\":\"https:\\\/\\\/schema.org\",\"@graph\":[{\"@type\":\"WebPage\",\"@id\":\"https:\\\/\\\/innow.pl\\\/produkt\\\/wu01-12-wieszak-na-ubrania\\\/\",\"url\":\"https:\\\/\\\/innow.pl\\\/produkt\\\/wu01-12-wieszak-na-ubrania\\\/\",\"name\":\"WU01-12 - Wieszak na ubrania - INNOW\",\"isPartOf\":{\"@id\":\"https:\\\/\\\/innow.pl\\\/#website\"},\"primaryImageOfPage\":{\"@id\":\"https:\\\/\\\/innow.pl\\\/produkt\\\/wu01-12-wieszak-na-ubrania\\\/#primaryimage\"},\"image\":{\"@id\":\"https:\\\/\\\/innow.pl\\\/produkt\\\/wu01-12-wieszak-na-ubrania\\\/#primaryimage\"},\"thumbnailUrl\":\"https:\\\/\\\/innow.pl\\\/wp-content\\\/uploads\\\/2024\\\/11\\\/WU_01-12_new.jpg\",\"datePublished\":\"2022-05-17T03:31:36+00:00\",\"dateModified\":\"2025-02-11T11:02:00+00:00\",\"description\":\"Wieszak na ubrania o nowoczesnej, unikatowej konstrukcji. Doskonale sprawdzi si\u0119 w ka\u017cdej poczekalni, czy gabinecie. Wejd\u017a i zobacz!\",\"breadcrumb\":{\"@id\":\"https:\\\/\\\/innow.pl\\\/produkt\\\/wu01-12-wieszak-na-ubrania\\\/#breadcrumb\"},\"inLanguage\":\"en-US\",\"potentialAction\":[{\"@type\":\"ReadAction\",\"target\":[\"https:\\\/\\\/innow.pl\\\/produkt\\\/wu01-12-wieszak-na-ubrania\\\/\"]}]},{\"@type\":\"ImageObject\",\"inLanguage\":\"en-US\",\"@id\":\"https:\\\/\\\/innow.pl\\\/produkt\\\/wu01-12-wieszak-na-ubrania\\\/#primaryimage\",\"url\":\"https:\\\/\\\/innow.pl\\\/wp-content\\\/uploads\\\/2024\\\/11\\\/WU_01-12_new.jpg\",\"contentUrl\":\"https:\\\/\\\/innow.pl\\\/wp-content\\\/uploads\\\/2024\\\/11\\\/WU_01-12_new.jpg\",\"width\":800,\"height\":800},{\"@type\":\"BreadcrumbList\",\"@id\":\"https:\\\/\\\/innow.pl\\\/produkt\\\/wu01-12-wieszak-na-ubrania\\\/#breadcrumb\",\"itemListElement\":[{\"@type\":\"ListItem\",\"position\":1,\"name\":\"INNOW\",\"item\":\"https:\\\/\\\/innow.pl\\\/en\\\/\"},{\"@type\":\"ListItem\",\"position\":2,\"name\":\"Produkty\",\"item\":\"https:\\\/\\\/innow.pl\\\/produkty\\\/\"},{\"@type\":\"ListItem\",\"position\":3,\"name\":\"Meble medyczne\",\"item\":\"https:\\\/\\\/innow.pl\\\/produkty\\\/meble-medyczne\\\/\"},{\"@type\":\"ListItem\",\"position\":4,\"name\":\"Wieszaki ubraniowe\",\"item\":\"https:\\\/\\\/innow.pl\\\/produkty\\\/meble-medyczne\\\/wieszaki-ubraniowe\\\/\"},{\"@type\":\"ListItem\",\"position\":5,\"name\":\"WU01-12 &#8211; Wieszak na ubrania\"}]},{\"@type\":\"WebSite\",\"@id\":\"https:\\\/\\\/innow.pl\\\/#website\",\"url\":\"https:\\\/\\\/innow.pl\\\/\",\"name\":\"INNOW\",\"description\":\"\",\"potentialAction\":[{\"@type\":\"SearchAction\",\"target\":{\"@type\":\"EntryPoint\",\"urlTemplate\":\"https:\\\/\\\/innow.pl\\\/?s={search_term_string}\"},\"query-input\":{\"@type\":\"PropertyValueSpecification\",\"valueRequired\":true,\"valueName\":\"search_term_string\"}}],\"inLanguage\":\"en-US\"}]}<\/script>\n<!-- \/ Yoast SEO plugin. -->","yoast_head_json":{"title":"WU01-12 - Wieszak na ubrania - INNOW","description":"Wieszak na ubrania o nowoczesnej, unikatowej konstrukcji. Doskonale sprawdzi si\u0119 w ka\u017cdej poczekalni, czy gabinecie. Wejd\u017a i zobacz!","robots":{"index":"index","follow":"follow","max-snippet":"max-snippet:-1","max-image-preview":"max-image-preview:large","max-video-preview":"max-video-preview:-1"},"canonical":"https:\/\/innow.pl\/produkt\/wu01-12-wieszak-na-ubrania\/","og_locale":"en_US","og_type":"article","og_title":"WU01-12 - Wieszak na ubrania - INNOW","og_description":"Wieszak na ubrania o nowoczesnej, unikatowej konstrukcji. Doskonale sprawdzi si\u0119 w ka\u017cdej poczekalni, czy gabinecie. Wejd\u017a i zobacz!","og_url":"https:\/\/innow.pl\/produkt\/wu01-12-wieszak-na-ubrania\/","og_site_name":"INNOW","article_modified_time":"2025-02-11T11:02:00+00:00","og_image":[{"width":800,"height":800,"url":"https:\/\/innow.pl\/wp-content\/uploads\/2024\/11\/WU_01-12_new.jpg","type":"image\/jpeg"}],"twitter_card":"summary_large_image","twitter_misc":{"Est. reading time":"1 minute"},"schema":{"@context":"https:\/\/schema.org","@graph":[{"@type":"WebPage","@id":"https:\/\/innow.pl\/produkt\/wu01-12-wieszak-na-ubrania\/","url":"https:\/\/innow.pl\/produkt\/wu01-12-wieszak-na-ubrania\/","name":"WU01-12 - Wieszak na ubrania - INNOW","isPartOf":{"@id":"https:\/\/innow.pl\/#website"},"primaryImageOfPage":{"@id":"https:\/\/innow.pl\/produkt\/wu01-12-wieszak-na-ubrania\/#primaryimage"},"image":{"@id":"https:\/\/innow.pl\/produkt\/wu01-12-wieszak-na-ubrania\/#primaryimage"},"thumbnailUrl":"https:\/\/innow.pl\/wp-content\/uploads\/2024\/11\/WU_01-12_new.jpg","datePublished":"2022-05-17T03:31:36+00:00","dateModified":"2025-02-11T11:02:00+00:00","description":"Wieszak na ubrania o nowoczesnej, unikatowej konstrukcji. Doskonale sprawdzi si\u0119 w ka\u017cdej poczekalni, czy gabinecie. Wejd\u017a i zobacz!","breadcrumb":{"@id":"https:\/\/innow.pl\/produkt\/wu01-12-wieszak-na-ubrania\/#breadcrumb"},"inLanguage":"en-US","potentialAction":[{"@type":"ReadAction","target":["https:\/\/innow.pl\/produkt\/wu01-12-wieszak-na-ubrania\/"]}]},{"@type":"ImageObject","inLanguage":"en-US","@id":"https:\/\/innow.pl\/produkt\/wu01-12-wieszak-na-ubrania\/#primaryimage","url":"https:\/\/innow.pl\/wp-content\/uploads\/2024\/11\/WU_01-12_new.jpg","contentUrl":"https:\/\/innow.pl\/wp-content\/uploads\/2024\/11\/WU_01-12_new.jpg","width":800,"height":800},{"@type":"BreadcrumbList","@id":"https:\/\/innow.pl\/produkt\/wu01-12-wieszak-na-ubrania\/#breadcrumb","itemListElement":[{"@type":"ListItem","position":1,"name":"INNOW","item":"https:\/\/innow.pl\/en\/"},{"@type":"ListItem","position":2,"name":"Produkty","item":"https:\/\/innow.pl\/produkty\/"},{"@type":"ListItem","position":3,"name":"Meble medyczne","item":"https:\/\/innow.pl\/produkty\/meble-medyczne\/"},{"@type":"ListItem","position":4,"name":"Wieszaki ubraniowe","item":"https:\/\/innow.pl\/produkty\/meble-medyczne\/wieszaki-ubraniowe\/"},{"@type":"ListItem","position":5,"name":"WU01-12 &#8211; Wieszak na ubrania"}]},{"@type":"WebSite","@id":"https:\/\/innow.pl\/#website","url":"https:\/\/innow.pl\/","name":"INNOW","description":"","potentialAction":[{"@type":"SearchAction","target":{"@type":"EntryPoint","urlTemplate":"https:\/\/innow.pl\/?s={search_term_string}"},"query-input":{"@type":"PropertyValueSpecification","valueRequired":true,"valueName":"search_term_string"}}],"inLanguage":"en-US"}]}},"_links":{"self":[{"href":"https:\/\/innow.pl\/en\/wp-json\/wp\/v2\/product\/48231","targetHints":{"allow":["GET"]}}],"collection":[{"href":"https:\/\/innow.pl\/en\/wp-json\/wp\/v2\/product"}],"about":[{"href":"https:\/\/innow.pl\/en\/wp-json\/wp\/v2\/types\/product"}],"replies":[{"embeddable":true,"href":"https:\/\/innow.pl\/en\/wp-json\/wp\/v2\/comments?post=48231"}],"wp:featuredmedia":[{"embeddable":true,"href":"https:\/\/innow.pl\/en\/wp-json\/wp\/v2\/media\/48233"}],"wp:attachment":[{"href":"https:\/\/innow.pl\/en\/wp-json\/wp\/v2\/media?parent=48231"}],"wp:term":[{"taxonomy":"product_brand","embeddable":true,"href":"https:\/\/innow.pl\/en\/wp-json\/wp\/v2\/product_brand?post=48231"},{"taxonomy":"product_cat","embeddable":true,"href":"https:\/\/innow.pl\/en\/wp-json\/wp\/v2\/product_cat?post=48231"},{"taxonomy":"product_tag","embeddable":true,"href":"https:\/\/innow.pl\/en\/wp-json\/wp\/v2\/product_tag?post=48231"}],"curies":[{"name":"wp","href":"https:\/\/api.w.org\/{rel}","templated":true}]}}