{"id":48209,"date":"2022-04-27T08:20:02","date_gmt":"2022-04-27T06:20:02","guid":{"rendered":"https:\/\/innow.pl\/produkt\/c226es-taboret-prysznicowy-skladany\/"},"modified":"2026-02-17T13:34:29","modified_gmt":"2026-02-17T12:34:29","slug":"c226es-taboret-prysznicowy-skladany","status":"publish","type":"product","link":"https:\/\/innow.pl\/en\/produkt\/c226es-taboret-prysznicowy-skladany\/","title":{"rendered":"C226E\/S &#8211; Taboret prysznicowy sk\u0142adany"},"content":{"rendered":"<p>Lekki taboret prysznicowy o aluminiowej, sk\u0142adanej konstrukcji. Siedzisko i oparcie z tworzywa, z dodatkow\u0105 mi\u0119kk\u0105 piank\u0105, zwi\u0119kszaj\u0105c\u0105 komfort u\u017cytkowania. Siedzisko posiada otwory do odprowadzania wody. Na zako\u0144czeniach n\u00f3\u017cek umieszczone s\u0105 antypo\u015blizgowe nak\u0142adki.<\/p>\n","protected":false},"excerpt":{"rendered":"<p>Lekki taboret prysznicowy o aluminiowej, sk\u0142adanej konstrukcji. Siedzisko i oparcie z tworzywa, z dodatkow\u0105 mi\u0119kk\u0105 piank\u0105, zwi\u0119kszaj\u0105c\u0105 komfort u\u017cytkowania. Siedzisko posiada otwory do odprowadzania wody. Na zako\u0144czeniach n\u00f3\u017cek umieszczone s\u0105 antypo\u015blizgowe nak\u0142adki.<\/p>\n","protected":false},"featured_media":48211,"comment_status":"open","ping_status":"closed","template":"","meta":{"_acf_changed":false},"product_brand":[],"product_cat":[436,512,49],"product_tag":[],"class_list":{"0":"post-48209","1":"product","2":"type-product","3":"status-publish","4":"has-post-thumbnail","6":"product_cat-siodelka-siedziska-i-taborety","7":"product_cat-taborety-prysznicowe","8":"product_cat-lazienka-i-wc","9":"pa_glebokosc-siedziska-30-cm","10":"pa_szerokosc-siedziska-41-cm","11":"pa_wysokosc-calkowita-74-77-cm","12":"pa_wysokosc-siedziska-41-45-cm","14":"first","15":"instock","16":"taxable","17":"shipping-taxable","18":"purchasable","19":"product-type-simple"},"acf":[],"yoast_head":"<!-- This site is optimized with the Yoast SEO plugin v27.4 - https:\/\/yoast.com\/product\/yoast-seo-wordpress\/ -->\n<title>C226E\/S - Taboret prysznicowy sk\u0142adany - INNOW<\/title>\n<meta name=\"description\" content=\"Niezwykle pomocny podczas k\u0105pieli taboret prysznicowy o lekkiej, sk\u0142adanej konstrukcji z aluminium. Mi\u0119kkie nak\u0142adki na siedzisku i oparciu. Zobacz teraz!\" \/>\n<meta name=\"robots\" content=\"index, follow, max-snippet:-1, max-image-preview:large, max-video-preview:-1\" \/>\n<link rel=\"canonical\" href=\"https:\/\/innow.pl\/produkt\/c226es-taboret-prysznicowy-skladany\/\" \/>\n<meta property=\"og:locale\" content=\"en_US\" \/>\n<meta property=\"og:type\" content=\"article\" \/>\n<meta property=\"og:title\" content=\"C226E\/S - Taboret prysznicowy sk\u0142adany - INNOW\" \/>\n<meta property=\"og:description\" content=\"Niezwykle pomocny podczas k\u0105pieli taboret prysznicowy o lekkiej, sk\u0142adanej konstrukcji z aluminium. Mi\u0119kkie nak\u0142adki na siedzisku i oparciu. Zobacz teraz!\" \/>\n<meta property=\"og:url\" content=\"https:\/\/innow.pl\/produkt\/c226es-taboret-prysznicowy-skladany\/\" \/>\n<meta property=\"og:site_name\" content=\"INNOW\" \/>\n<meta property=\"article:modified_time\" content=\"2026-02-17T12:34:29+00:00\" \/>\n<meta property=\"og:image\" content=\"https:\/\/innow.pl\/wp-content\/uploads\/2024\/11\/C226ES.jpg\" \/>\n\t<meta property=\"og:image:width\" content=\"800\" \/>\n\t<meta property=\"og:image:height\" content=\"800\" \/>\n\t<meta property=\"og:image:type\" content=\"image\/jpeg\" \/>\n<meta name=\"twitter:card\" content=\"summary_large_image\" \/>\n<meta name=\"twitter:label1\" content=\"Est. reading time\" \/>\n\t<meta name=\"twitter:data1\" content=\"1 minute\" \/>\n<script type=\"application\/ld+json\" class=\"yoast-schema-graph\">{\"@context\":\"https:\\\/\\\/schema.org\",\"@graph\":[{\"@type\":\"WebPage\",\"@id\":\"https:\\\/\\\/innow.pl\\\/produkt\\\/c226es-taboret-prysznicowy-skladany\\\/\",\"url\":\"https:\\\/\\\/innow.pl\\\/produkt\\\/c226es-taboret-prysznicowy-skladany\\\/\",\"name\":\"C226E\\\/S - Taboret prysznicowy sk\u0142adany - INNOW\",\"isPartOf\":{\"@id\":\"https:\\\/\\\/innow.pl\\\/#website\"},\"primaryImageOfPage\":{\"@id\":\"https:\\\/\\\/innow.pl\\\/produkt\\\/c226es-taboret-prysznicowy-skladany\\\/#primaryimage\"},\"image\":{\"@id\":\"https:\\\/\\\/innow.pl\\\/produkt\\\/c226es-taboret-prysznicowy-skladany\\\/#primaryimage\"},\"thumbnailUrl\":\"https:\\\/\\\/innow.pl\\\/wp-content\\\/uploads\\\/2024\\\/11\\\/C226ES.jpg\",\"datePublished\":\"2022-04-27T06:20:02+00:00\",\"dateModified\":\"2026-02-17T12:34:29+00:00\",\"description\":\"Niezwykle pomocny podczas k\u0105pieli taboret prysznicowy o lekkiej, sk\u0142adanej konstrukcji z aluminium. Mi\u0119kkie nak\u0142adki na siedzisku i oparciu. Zobacz teraz!\",\"breadcrumb\":{\"@id\":\"https:\\\/\\\/innow.pl\\\/produkt\\\/c226es-taboret-prysznicowy-skladany\\\/#breadcrumb\"},\"inLanguage\":\"en-US\",\"potentialAction\":[{\"@type\":\"ReadAction\",\"target\":[\"https:\\\/\\\/innow.pl\\\/produkt\\\/c226es-taboret-prysznicowy-skladany\\\/\"]}]},{\"@type\":\"ImageObject\",\"inLanguage\":\"en-US\",\"@id\":\"https:\\\/\\\/innow.pl\\\/produkt\\\/c226es-taboret-prysznicowy-skladany\\\/#primaryimage\",\"url\":\"https:\\\/\\\/innow.pl\\\/wp-content\\\/uploads\\\/2024\\\/11\\\/C226ES.jpg\",\"contentUrl\":\"https:\\\/\\\/innow.pl\\\/wp-content\\\/uploads\\\/2024\\\/11\\\/C226ES.jpg\",\"width\":800,\"height\":800,\"caption\":\"C226E\\\/S - Taboret prysznicowy sk\u0142adany\"},{\"@type\":\"BreadcrumbList\",\"@id\":\"https:\\\/\\\/innow.pl\\\/produkt\\\/c226es-taboret-prysznicowy-skladany\\\/#breadcrumb\",\"itemListElement\":[{\"@type\":\"ListItem\",\"position\":1,\"name\":\"INNOW\",\"item\":\"https:\\\/\\\/innow.pl\\\/en\\\/\"},{\"@type\":\"ListItem\",\"position\":2,\"name\":\"Produkty\",\"item\":\"https:\\\/\\\/innow.pl\\\/produkty\\\/\"},{\"@type\":\"ListItem\",\"position\":3,\"name\":\"\u0141azienka i WC\",\"item\":\"https:\\\/\\\/innow.pl\\\/produkty\\\/lazienka-i-wc\\\/\"},{\"@type\":\"ListItem\",\"position\":4,\"name\":\"Siode\u0142ka, siedziska i taborety\",\"item\":\"https:\\\/\\\/innow.pl\\\/produkty\\\/lazienka-i-wc\\\/siodelka-siedziska-i-taborety\\\/\"},{\"@type\":\"ListItem\",\"position\":5,\"name\":\"Taborety prysznicowe\",\"item\":\"https:\\\/\\\/innow.pl\\\/produkty\\\/lazienka-i-wc\\\/siodelka-siedziska-i-taborety\\\/taborety-prysznicowe\\\/\"},{\"@type\":\"ListItem\",\"position\":6,\"name\":\"C226E\\\/S &#8211; Taboret prysznicowy sk\u0142adany\"}]},{\"@type\":\"WebSite\",\"@id\":\"https:\\\/\\\/innow.pl\\\/#website\",\"url\":\"https:\\\/\\\/innow.pl\\\/\",\"name\":\"INNOW\",\"description\":\"\",\"potentialAction\":[{\"@type\":\"SearchAction\",\"target\":{\"@type\":\"EntryPoint\",\"urlTemplate\":\"https:\\\/\\\/innow.pl\\\/?s={search_term_string}\"},\"query-input\":{\"@type\":\"PropertyValueSpecification\",\"valueRequired\":true,\"valueName\":\"search_term_string\"}}],\"inLanguage\":\"en-US\"}]}<\/script>\n<!-- \/ Yoast SEO plugin. -->","yoast_head_json":{"title":"C226E\/S - Taboret prysznicowy sk\u0142adany - INNOW","description":"Niezwykle pomocny podczas k\u0105pieli taboret prysznicowy o lekkiej, sk\u0142adanej konstrukcji z aluminium. Mi\u0119kkie nak\u0142adki na siedzisku i oparciu. Zobacz teraz!","robots":{"index":"index","follow":"follow","max-snippet":"max-snippet:-1","max-image-preview":"max-image-preview:large","max-video-preview":"max-video-preview:-1"},"canonical":"https:\/\/innow.pl\/produkt\/c226es-taboret-prysznicowy-skladany\/","og_locale":"en_US","og_type":"article","og_title":"C226E\/S - Taboret prysznicowy sk\u0142adany - INNOW","og_description":"Niezwykle pomocny podczas k\u0105pieli taboret prysznicowy o lekkiej, sk\u0142adanej konstrukcji z aluminium. Mi\u0119kkie nak\u0142adki na siedzisku i oparciu. Zobacz teraz!","og_url":"https:\/\/innow.pl\/produkt\/c226es-taboret-prysznicowy-skladany\/","og_site_name":"INNOW","article_modified_time":"2026-02-17T12:34:29+00:00","og_image":[{"width":800,"height":800,"url":"https:\/\/innow.pl\/wp-content\/uploads\/2024\/11\/C226ES.jpg","type":"image\/jpeg"}],"twitter_card":"summary_large_image","twitter_misc":{"Est. reading time":"1 minute"},"schema":{"@context":"https:\/\/schema.org","@graph":[{"@type":"WebPage","@id":"https:\/\/innow.pl\/produkt\/c226es-taboret-prysznicowy-skladany\/","url":"https:\/\/innow.pl\/produkt\/c226es-taboret-prysznicowy-skladany\/","name":"C226E\/S - Taboret prysznicowy sk\u0142adany - INNOW","isPartOf":{"@id":"https:\/\/innow.pl\/#website"},"primaryImageOfPage":{"@id":"https:\/\/innow.pl\/produkt\/c226es-taboret-prysznicowy-skladany\/#primaryimage"},"image":{"@id":"https:\/\/innow.pl\/produkt\/c226es-taboret-prysznicowy-skladany\/#primaryimage"},"thumbnailUrl":"https:\/\/innow.pl\/wp-content\/uploads\/2024\/11\/C226ES.jpg","datePublished":"2022-04-27T06:20:02+00:00","dateModified":"2026-02-17T12:34:29+00:00","description":"Niezwykle pomocny podczas k\u0105pieli taboret prysznicowy o lekkiej, sk\u0142adanej konstrukcji z aluminium. Mi\u0119kkie nak\u0142adki na siedzisku i oparciu. Zobacz teraz!","breadcrumb":{"@id":"https:\/\/innow.pl\/produkt\/c226es-taboret-prysznicowy-skladany\/#breadcrumb"},"inLanguage":"en-US","potentialAction":[{"@type":"ReadAction","target":["https:\/\/innow.pl\/produkt\/c226es-taboret-prysznicowy-skladany\/"]}]},{"@type":"ImageObject","inLanguage":"en-US","@id":"https:\/\/innow.pl\/produkt\/c226es-taboret-prysznicowy-skladany\/#primaryimage","url":"https:\/\/innow.pl\/wp-content\/uploads\/2024\/11\/C226ES.jpg","contentUrl":"https:\/\/innow.pl\/wp-content\/uploads\/2024\/11\/C226ES.jpg","width":800,"height":800,"caption":"C226E\/S - Taboret prysznicowy sk\u0142adany"},{"@type":"BreadcrumbList","@id":"https:\/\/innow.pl\/produkt\/c226es-taboret-prysznicowy-skladany\/#breadcrumb","itemListElement":[{"@type":"ListItem","position":1,"name":"INNOW","item":"https:\/\/innow.pl\/en\/"},{"@type":"ListItem","position":2,"name":"Produkty","item":"https:\/\/innow.pl\/produkty\/"},{"@type":"ListItem","position":3,"name":"\u0141azienka i WC","item":"https:\/\/innow.pl\/produkty\/lazienka-i-wc\/"},{"@type":"ListItem","position":4,"name":"Siode\u0142ka, siedziska i taborety","item":"https:\/\/innow.pl\/produkty\/lazienka-i-wc\/siodelka-siedziska-i-taborety\/"},{"@type":"ListItem","position":5,"name":"Taborety prysznicowe","item":"https:\/\/innow.pl\/produkty\/lazienka-i-wc\/siodelka-siedziska-i-taborety\/taborety-prysznicowe\/"},{"@type":"ListItem","position":6,"name":"C226E\/S &#8211; Taboret prysznicowy sk\u0142adany"}]},{"@type":"WebSite","@id":"https:\/\/innow.pl\/#website","url":"https:\/\/innow.pl\/","name":"INNOW","description":"","potentialAction":[{"@type":"SearchAction","target":{"@type":"EntryPoint","urlTemplate":"https:\/\/innow.pl\/?s={search_term_string}"},"query-input":{"@type":"PropertyValueSpecification","valueRequired":true,"valueName":"search_term_string"}}],"inLanguage":"en-US"}]}},"_links":{"self":[{"href":"https:\/\/innow.pl\/en\/wp-json\/wp\/v2\/product\/48209","targetHints":{"allow":["GET"]}}],"collection":[{"href":"https:\/\/innow.pl\/en\/wp-json\/wp\/v2\/product"}],"about":[{"href":"https:\/\/innow.pl\/en\/wp-json\/wp\/v2\/types\/product"}],"replies":[{"embeddable":true,"href":"https:\/\/innow.pl\/en\/wp-json\/wp\/v2\/comments?post=48209"}],"wp:featuredmedia":[{"embeddable":true,"href":"https:\/\/innow.pl\/en\/wp-json\/wp\/v2\/media\/48211"}],"wp:attachment":[{"href":"https:\/\/innow.pl\/en\/wp-json\/wp\/v2\/media?parent=48209"}],"wp:term":[{"taxonomy":"product_brand","embeddable":true,"href":"https:\/\/innow.pl\/en\/wp-json\/wp\/v2\/product_brand?post=48209"},{"taxonomy":"product_cat","embeddable":true,"href":"https:\/\/innow.pl\/en\/wp-json\/wp\/v2\/product_cat?post=48209"},{"taxonomy":"product_tag","embeddable":true,"href":"https:\/\/innow.pl\/en\/wp-json\/wp\/v2\/product_tag?post=48209"}],"curies":[{"name":"wp","href":"https:\/\/api.w.org\/{rel}","templated":true}]}}