{"id":48196,"date":"2022-05-23T07:18:59","date_gmt":"2022-05-23T05:18:59","guid":{"rendered":"https:\/\/innow.pl\/produkt\/pv955-956-schodolaz-gasienicowy-130150-kg\/"},"modified":"2025-02-11T12:01:18","modified_gmt":"2025-02-11T11:01:18","slug":"pv955-956-schodolaz-gasienicowy-130150-kg","status":"publish","type":"product","link":"https:\/\/innow.pl\/en\/produkt\/pv955-956-schodolaz-gasienicowy-130150-kg\/","title":{"rendered":"PV955\/PV956 &#8211; Schodo\u0142az g\u0105sienicowy, 130\/150 kg"},"content":{"rendered":"<p>Schodo\u0142az usprawniaj\u0105cy transport osoby niepe\u0142nosprawnej na w\u00f3zku inwalidzkim. Mi\u0142y dla oka design w po\u0142\u0105czeniu z trwa\u0142ymi materia\u0142ami. Cechy i wyposa\u017cenie:<\/p>\n<ul>\n<li>intuicyjny panel sterowania z wy\u015bwietlaczem,<\/li>\n<li>obci\u0105\u017cenie dopuszczalne 130 kg (PV955) lub 150 kg (PV956),<\/li>\n<li>wysoki komfort podczas przemieszczania &#8211; p\u0142ynny start i zatrzymanie,<\/li>\n<li>awaryjny przycisk bezpiecze\u0144stwa,<\/li>\n<li>pasy bezpiecze\u0144stwa,<\/li>\n<li>regulowany, wyjmowany podg\u0142\u00f3wek,<\/li>\n<li>mo\u017cliwo\u015b\u0107 od\u0142\u0105czenia kolumny sterowania w celu \u0142atwiejszego transportu urz\u0105dzenia,<\/li>\n<li>mo\u017cliwo\u015b\u0107 wymiany i \u0142adowania baterii poza urz\u0105dzeniem,<\/li>\n<li>mo\u017cliwo\u015b\u0107 sterowania r\u0119cznego w razie wyst\u0105pienia awarii,<\/li>\n<li>zasi\u0119g 45 pi\u0119ter (model PV955) lub 35 pi\u0119ter (model PV956),<\/li>\n<li>regulowane mocowanie w\u00f3zka z regulowanymi zaciskami.<\/li>\n<\/ul>\n","protected":false},"excerpt":{"rendered":"<p>Schodo\u0142az usprawniaj\u0105cy transport osoby niepe\u0142nosprawnej na w\u00f3zku inwalidzkim. Mi\u0142y dla oka design w po\u0142\u0105czeniu z trwa\u0142ymi materia\u0142ami. Cechy i wyposa\u017cenie: intuicyjny panel sterowania z wy\u015bwietlaczem, obci\u0105\u017cenie dopuszczalne 130 kg (PV955) lub 150 kg (PV956), wysoki komfort podczas przemieszczania &#8211; p\u0142ynny start i zatrzymanie, awaryjny przycisk bezpiecze\u0144stwa, pasy bezpiecze\u0144stwa, regulowany, wyjmowany podg\u0142\u00f3wek, mo\u017cliwo\u015b\u0107 od\u0142\u0105czenia kolumny sterowania [&hellip;]<\/p>\n","protected":false},"featured_media":48199,"comment_status":"open","ping_status":"closed","template":"","meta":{"_acf_changed":false},"product_brand":[],"product_cat":[448,439],"product_tag":[],"class_list":{"0":"post-48196","1":"product","2":"type-product","3":"status-publish","4":"has-post-thumbnail","6":"product_cat-schodolazy","7":"product_cat-transport","8":"pa_maksymalna-wysokosc-stopnia-23-cm","9":"pa_maksymalne-pochylenie-1515","10":"pa_minimalna-szerokosc-stopnia-72-cm","11":"pa_moc-silnika-200w-pv956","12":"pa_moc-silnika-220w-pv955","13":"pa_napiecie-ladowania-110-230v","14":"pa_napiecie-silnika-24v","15":"pa_waga-ok-56-kg","17":"first","18":"instock","19":"taxable","20":"shipping-taxable","21":"purchasable","22":"product-type-variable"},"acf":[],"yoast_head":"<!-- This site is optimized with the Yoast SEO plugin v27.4 - https:\/\/yoast.com\/product\/yoast-seo-wordpress\/ -->\n<title>PV955\/PV956 - Schodo\u0142az g\u0105sienicowy, 130\/150 kg<\/title>\n<meta name=\"description\" content=\"Schodo\u0142az g\u0105sienicowy u\u0142atwiaj\u0105cy przemieszczanie osoby niepe\u0142nosprawnej na w\u00f3zku inwalidzkim. Zasi\u0119g 35\/45 pi\u0119ter. \u0141atwe sterowanie. Zobacz teraz!\" \/>\n<meta name=\"robots\" content=\"index, follow, max-snippet:-1, max-image-preview:large, max-video-preview:-1\" \/>\n<link rel=\"canonical\" href=\"https:\/\/innow.pl\/produkt\/pv955-956-schodolaz-gasienicowy-130150-kg\/\" \/>\n<meta property=\"og:locale\" content=\"en_US\" \/>\n<meta property=\"og:type\" content=\"article\" \/>\n<meta property=\"og:title\" content=\"PV955\/PV956 - Schodo\u0142az g\u0105sienicowy, 130\/150 kg\" \/>\n<meta property=\"og:description\" content=\"Schodo\u0142az g\u0105sienicowy u\u0142atwiaj\u0105cy przemieszczanie osoby niepe\u0142nosprawnej na w\u00f3zku inwalidzkim. Zasi\u0119g 35\/45 pi\u0119ter. \u0141atwe sterowanie. Zobacz teraz!\" \/>\n<meta property=\"og:url\" content=\"https:\/\/innow.pl\/produkt\/pv955-956-schodolaz-gasienicowy-130150-kg\/\" \/>\n<meta property=\"og:site_name\" content=\"INNOW\" \/>\n<meta property=\"article:modified_time\" content=\"2025-02-11T11:01:18+00:00\" \/>\n<meta property=\"og:image\" content=\"https:\/\/innow.pl\/wp-content\/uploads\/2024\/11\/PV955_956.jpg\" \/>\n\t<meta property=\"og:image:width\" content=\"726\" \/>\n\t<meta property=\"og:image:height\" content=\"726\" \/>\n\t<meta property=\"og:image:type\" content=\"image\/jpeg\" \/>\n<meta name=\"twitter:card\" content=\"summary_large_image\" \/>\n<meta name=\"twitter:label1\" content=\"Est. reading time\" \/>\n\t<meta name=\"twitter:data1\" content=\"1 minute\" \/>\n<script type=\"application\/ld+json\" class=\"yoast-schema-graph\">{\"@context\":\"https:\\\/\\\/schema.org\",\"@graph\":[{\"@type\":\"WebPage\",\"@id\":\"https:\\\/\\\/innow.pl\\\/produkt\\\/pv955-956-schodolaz-gasienicowy-130150-kg\\\/\",\"url\":\"https:\\\/\\\/innow.pl\\\/produkt\\\/pv955-956-schodolaz-gasienicowy-130150-kg\\\/\",\"name\":\"PV955\\\/PV956 - Schodo\u0142az g\u0105sienicowy, 130\\\/150 kg\",\"isPartOf\":{\"@id\":\"https:\\\/\\\/innow.pl\\\/#website\"},\"primaryImageOfPage\":{\"@id\":\"https:\\\/\\\/innow.pl\\\/produkt\\\/pv955-956-schodolaz-gasienicowy-130150-kg\\\/#primaryimage\"},\"image\":{\"@id\":\"https:\\\/\\\/innow.pl\\\/produkt\\\/pv955-956-schodolaz-gasienicowy-130150-kg\\\/#primaryimage\"},\"thumbnailUrl\":\"https:\\\/\\\/innow.pl\\\/wp-content\\\/uploads\\\/2024\\\/11\\\/PV955_956.jpg\",\"datePublished\":\"2022-05-23T05:18:59+00:00\",\"dateModified\":\"2025-02-11T11:01:18+00:00\",\"description\":\"Schodo\u0142az g\u0105sienicowy u\u0142atwiaj\u0105cy przemieszczanie osoby niepe\u0142nosprawnej na w\u00f3zku inwalidzkim. Zasi\u0119g 35\\\/45 pi\u0119ter. \u0141atwe sterowanie. Zobacz teraz!\",\"breadcrumb\":{\"@id\":\"https:\\\/\\\/innow.pl\\\/produkt\\\/pv955-956-schodolaz-gasienicowy-130150-kg\\\/#breadcrumb\"},\"inLanguage\":\"en-US\",\"potentialAction\":[{\"@type\":\"ReadAction\",\"target\":[\"https:\\\/\\\/innow.pl\\\/produkt\\\/pv955-956-schodolaz-gasienicowy-130150-kg\\\/\"]}]},{\"@type\":\"ImageObject\",\"inLanguage\":\"en-US\",\"@id\":\"https:\\\/\\\/innow.pl\\\/produkt\\\/pv955-956-schodolaz-gasienicowy-130150-kg\\\/#primaryimage\",\"url\":\"https:\\\/\\\/innow.pl\\\/wp-content\\\/uploads\\\/2024\\\/11\\\/PV955_956.jpg\",\"contentUrl\":\"https:\\\/\\\/innow.pl\\\/wp-content\\\/uploads\\\/2024\\\/11\\\/PV955_956.jpg\",\"width\":726,\"height\":726},{\"@type\":\"BreadcrumbList\",\"@id\":\"https:\\\/\\\/innow.pl\\\/produkt\\\/pv955-956-schodolaz-gasienicowy-130150-kg\\\/#breadcrumb\",\"itemListElement\":[{\"@type\":\"ListItem\",\"position\":1,\"name\":\"INNOW\",\"item\":\"https:\\\/\\\/innow.pl\\\/en\\\/\"},{\"@type\":\"ListItem\",\"position\":2,\"name\":\"Produkty\",\"item\":\"https:\\\/\\\/innow.pl\\\/produkty\\\/\"},{\"@type\":\"ListItem\",\"position\":3,\"name\":\"Transport\",\"item\":\"https:\\\/\\\/innow.pl\\\/produkty\\\/transport\\\/\"},{\"@type\":\"ListItem\",\"position\":4,\"name\":\"Schodo\u0142azy\",\"item\":\"https:\\\/\\\/innow.pl\\\/produkty\\\/transport\\\/schodolazy\\\/\"},{\"@type\":\"ListItem\",\"position\":5,\"name\":\"PV955\\\/PV956 &#8211; Schodo\u0142az g\u0105sienicowy, 130\\\/150 kg\"}]},{\"@type\":\"WebSite\",\"@id\":\"https:\\\/\\\/innow.pl\\\/#website\",\"url\":\"https:\\\/\\\/innow.pl\\\/\",\"name\":\"INNOW\",\"description\":\"\",\"potentialAction\":[{\"@type\":\"SearchAction\",\"target\":{\"@type\":\"EntryPoint\",\"urlTemplate\":\"https:\\\/\\\/innow.pl\\\/?s={search_term_string}\"},\"query-input\":{\"@type\":\"PropertyValueSpecification\",\"valueRequired\":true,\"valueName\":\"search_term_string\"}}],\"inLanguage\":\"en-US\"}]}<\/script>\n<!-- \/ Yoast SEO plugin. -->","yoast_head_json":{"title":"PV955\/PV956 - Schodo\u0142az g\u0105sienicowy, 130\/150 kg","description":"Schodo\u0142az g\u0105sienicowy u\u0142atwiaj\u0105cy przemieszczanie osoby niepe\u0142nosprawnej na w\u00f3zku inwalidzkim. Zasi\u0119g 35\/45 pi\u0119ter. \u0141atwe sterowanie. Zobacz teraz!","robots":{"index":"index","follow":"follow","max-snippet":"max-snippet:-1","max-image-preview":"max-image-preview:large","max-video-preview":"max-video-preview:-1"},"canonical":"https:\/\/innow.pl\/produkt\/pv955-956-schodolaz-gasienicowy-130150-kg\/","og_locale":"en_US","og_type":"article","og_title":"PV955\/PV956 - Schodo\u0142az g\u0105sienicowy, 130\/150 kg","og_description":"Schodo\u0142az g\u0105sienicowy u\u0142atwiaj\u0105cy przemieszczanie osoby niepe\u0142nosprawnej na w\u00f3zku inwalidzkim. Zasi\u0119g 35\/45 pi\u0119ter. \u0141atwe sterowanie. Zobacz teraz!","og_url":"https:\/\/innow.pl\/produkt\/pv955-956-schodolaz-gasienicowy-130150-kg\/","og_site_name":"INNOW","article_modified_time":"2025-02-11T11:01:18+00:00","og_image":[{"width":726,"height":726,"url":"https:\/\/innow.pl\/wp-content\/uploads\/2024\/11\/PV955_956.jpg","type":"image\/jpeg"}],"twitter_card":"summary_large_image","twitter_misc":{"Est. reading time":"1 minute"},"schema":{"@context":"https:\/\/schema.org","@graph":[{"@type":"WebPage","@id":"https:\/\/innow.pl\/produkt\/pv955-956-schodolaz-gasienicowy-130150-kg\/","url":"https:\/\/innow.pl\/produkt\/pv955-956-schodolaz-gasienicowy-130150-kg\/","name":"PV955\/PV956 - Schodo\u0142az g\u0105sienicowy, 130\/150 kg","isPartOf":{"@id":"https:\/\/innow.pl\/#website"},"primaryImageOfPage":{"@id":"https:\/\/innow.pl\/produkt\/pv955-956-schodolaz-gasienicowy-130150-kg\/#primaryimage"},"image":{"@id":"https:\/\/innow.pl\/produkt\/pv955-956-schodolaz-gasienicowy-130150-kg\/#primaryimage"},"thumbnailUrl":"https:\/\/innow.pl\/wp-content\/uploads\/2024\/11\/PV955_956.jpg","datePublished":"2022-05-23T05:18:59+00:00","dateModified":"2025-02-11T11:01:18+00:00","description":"Schodo\u0142az g\u0105sienicowy u\u0142atwiaj\u0105cy przemieszczanie osoby niepe\u0142nosprawnej na w\u00f3zku inwalidzkim. Zasi\u0119g 35\/45 pi\u0119ter. \u0141atwe sterowanie. Zobacz teraz!","breadcrumb":{"@id":"https:\/\/innow.pl\/produkt\/pv955-956-schodolaz-gasienicowy-130150-kg\/#breadcrumb"},"inLanguage":"en-US","potentialAction":[{"@type":"ReadAction","target":["https:\/\/innow.pl\/produkt\/pv955-956-schodolaz-gasienicowy-130150-kg\/"]}]},{"@type":"ImageObject","inLanguage":"en-US","@id":"https:\/\/innow.pl\/produkt\/pv955-956-schodolaz-gasienicowy-130150-kg\/#primaryimage","url":"https:\/\/innow.pl\/wp-content\/uploads\/2024\/11\/PV955_956.jpg","contentUrl":"https:\/\/innow.pl\/wp-content\/uploads\/2024\/11\/PV955_956.jpg","width":726,"height":726},{"@type":"BreadcrumbList","@id":"https:\/\/innow.pl\/produkt\/pv955-956-schodolaz-gasienicowy-130150-kg\/#breadcrumb","itemListElement":[{"@type":"ListItem","position":1,"name":"INNOW","item":"https:\/\/innow.pl\/en\/"},{"@type":"ListItem","position":2,"name":"Produkty","item":"https:\/\/innow.pl\/produkty\/"},{"@type":"ListItem","position":3,"name":"Transport","item":"https:\/\/innow.pl\/produkty\/transport\/"},{"@type":"ListItem","position":4,"name":"Schodo\u0142azy","item":"https:\/\/innow.pl\/produkty\/transport\/schodolazy\/"},{"@type":"ListItem","position":5,"name":"PV955\/PV956 &#8211; Schodo\u0142az g\u0105sienicowy, 130\/150 kg"}]},{"@type":"WebSite","@id":"https:\/\/innow.pl\/#website","url":"https:\/\/innow.pl\/","name":"INNOW","description":"","potentialAction":[{"@type":"SearchAction","target":{"@type":"EntryPoint","urlTemplate":"https:\/\/innow.pl\/?s={search_term_string}"},"query-input":{"@type":"PropertyValueSpecification","valueRequired":true,"valueName":"search_term_string"}}],"inLanguage":"en-US"}]}},"_links":{"self":[{"href":"https:\/\/innow.pl\/en\/wp-json\/wp\/v2\/product\/48196","targetHints":{"allow":["GET"]}}],"collection":[{"href":"https:\/\/innow.pl\/en\/wp-json\/wp\/v2\/product"}],"about":[{"href":"https:\/\/innow.pl\/en\/wp-json\/wp\/v2\/types\/product"}],"replies":[{"embeddable":true,"href":"https:\/\/innow.pl\/en\/wp-json\/wp\/v2\/comments?post=48196"}],"wp:featuredmedia":[{"embeddable":true,"href":"https:\/\/innow.pl\/en\/wp-json\/wp\/v2\/media\/48199"}],"wp:attachment":[{"href":"https:\/\/innow.pl\/en\/wp-json\/wp\/v2\/media?parent=48196"}],"wp:term":[{"taxonomy":"product_brand","embeddable":true,"href":"https:\/\/innow.pl\/en\/wp-json\/wp\/v2\/product_brand?post=48196"},{"taxonomy":"product_cat","embeddable":true,"href":"https:\/\/innow.pl\/en\/wp-json\/wp\/v2\/product_cat?post=48196"},{"taxonomy":"product_tag","embeddable":true,"href":"https:\/\/innow.pl\/en\/wp-json\/wp\/v2\/product_tag?post=48196"}],"curies":[{"name":"wp","href":"https:\/\/api.w.org\/{rel}","templated":true}]}}