{"id":46369,"date":"2021-01-16T12:02:21","date_gmt":"2021-01-16T11:02:21","guid":{"rendered":"https:\/\/innow.pl\/produkt\/s412eb-stol-pielegnacyjny-stol-rehabilitacyjny-bobath-elektryczny-pielegnacji-przewijania-osob-niepelnosprawnych\/"},"modified":"2025-11-13T10:24:56","modified_gmt":"2025-11-13T09:24:56","slug":"s412eb-stol-pielegnacyjny-stol-rehabilitacyjny-bobath-elektryczny-pielegnacji-przewijania-osob-niepelnosprawnych","status":"publish","type":"product","link":"https:\/\/innow.pl\/en\/produkt\/s412eb-stol-pielegnacyjny-stol-rehabilitacyjny-bobath-elektryczny-pielegnacji-przewijania-osob-niepelnosprawnych\/","title":{"rendered":"S412EB [ST\u00d3\u0141 PIEL\u0118GNACYJNY] &#8211; St\u00f3\u0142 rehabilitacyjny BOBATH (elektryczny) do piel\u0119gnacji, przewijania niepe\u0142nosprawnych"},"content":{"rendered":"<p>St\u00f3\u0142 do piel\u0119gnacji, przewijania os\u00f3b doros\u0142ych, chorych, niepe\u0142nosprawnych wyposa\u017cony w elektryczn\u0105 regulacj\u0119 wysoko\u015bci. Znajduje zastosowanie w przychodniach, szpitalach, domach pomocy spo\u0142ecznej, domach opieki. Mo\u017cliwo\u015b\u0107 wyrobu le\u017cyska z podg\u0142\u00f3wkiem (dop\u0142ata). Mo\u017cliwo\u015b\u0107 dokupienia barierek bocznych.<\/p>\n<p style=\"text-align: center;\"><a>Informacje o w\u0142a\u015bciwo\u015bciach dost\u0119pnych <strong>materia\u0142\u00f3w obiciowych<\/strong> dost\u0119pne po klikni\u0119ciu w zdj\u0119cie:<\/a> <a href=\"https:\/\/innow.pl\/publikacje\/KatalogPDF\/Pokrycia-obiciowe-tapicerki.pdf\" target=\"_blank\" rel=\"noopener\"><img decoding=\"async\" class=\"aligncenter\" src=\"https:\/\/innow.pl\/wp-content\/uploads\/2024\/11\/Tapicerki.jpg\" \/><\/a><\/p>\n","protected":false},"excerpt":{"rendered":"<p>St\u00f3\u0142 do piel\u0119gnacji, przewijania os\u00f3b doros\u0142ych, chorych, niepe\u0142nosprawnych wyposa\u017cony w elektryczn\u0105 regulacj\u0119 wysoko\u015bci. Znajduje zastosowanie w przychodniach, szpitalach, domach pomocy spo\u0142ecznej, domach opieki. Mo\u017cliwo\u015b\u0107 wyrobu le\u017cyska z podg\u0142\u00f3wkiem (dop\u0142ata). Mo\u017cliwo\u015b\u0107 dokupienia barierek bocznych. Informacje o w\u0142a\u015bciwo\u015bciach dost\u0119pnych materia\u0142\u00f3w obiciowych dost\u0119pne po klikni\u0119ciu w zdj\u0119cie:<\/p>\n","protected":false},"featured_media":46373,"comment_status":"open","ping_status":"closed","template":"","meta":{"_acf_changed":false},"product_brand":[],"product_cat":[438,447],"product_tag":[],"class_list":{"0":"post-46369","1":"product","2":"type-product","3":"status-publish","4":"has-post-thumbnail","6":"product_cat-pielegnacja-i-rehabilitacja","7":"product_cat-stoly-do-pielegnacji-niepelnosprawnych-przewijaki","8":"pa_dlugosc-standardowa-200-cm","9":"pa_dlugosc-za-doplata-150-cm","10":"pa_szerokosc-standardowa-70-cm","11":"pa_szerokosc-za-doplata-80-cm-610-zl-netto-90-cm-755-zl-netto-120-cm-1230-zl-netto","12":"pa_wysokosc-50-90-cm","13":"pa_wytrzymalosc-200-kg","15":"first","16":"instock","17":"taxable","18":"shipping-taxable","19":"purchasable","20":"product-type-simple"},"acf":[],"yoast_head":"<!-- This site is optimized with the Yoast SEO plugin v27.4 - https:\/\/yoast.com\/product\/yoast-seo-wordpress\/ -->\n<title>S412EB [ST\u00d3\u0141 PIEL\u0118GNACYJNY] - St\u00f3\u0142 rehabilitacyjny BOBATH (elektryczny) do piel\u0119gnacji, przewijania niepe\u0142nosprawnych<\/title>\n<meta name=\"description\" content=\"St\u00f3\u0142 piel\u0119gnacyjny z szerokim le\u017cyskiem (120 cm) i elektryczn\u0105 regulacj\u0105 wysoko\u015bci. Do przewijania i piel\u0119gnacji chorych, niepe\u0142nosprawnych. Zobacz wi\u0119cej!\" \/>\n<meta name=\"robots\" content=\"index, follow, max-snippet:-1, max-image-preview:large, max-video-preview:-1\" \/>\n<link rel=\"canonical\" href=\"https:\/\/innow.pl\/produkt\/s412eb-stol-pielegnacyjny-stol-rehabilitacyjny-bobath-elektryczny-pielegnacji-przewijania-osob-niepelnosprawnych\/\" \/>\n<meta property=\"og:locale\" content=\"en_US\" \/>\n<meta property=\"og:type\" content=\"article\" \/>\n<meta property=\"og:title\" content=\"S412EB [ST\u00d3\u0141 PIEL\u0118GNACYJNY] - St\u00f3\u0142 rehabilitacyjny BOBATH (elektryczny) do piel\u0119gnacji, przewijania niepe\u0142nosprawnych\" \/>\n<meta property=\"og:description\" content=\"St\u00f3\u0142 piel\u0119gnacyjny z szerokim le\u017cyskiem (120 cm) i elektryczn\u0105 regulacj\u0105 wysoko\u015bci. Do przewijania i piel\u0119gnacji chorych, niepe\u0142nosprawnych. Zobacz wi\u0119cej!\" \/>\n<meta property=\"og:url\" content=\"https:\/\/innow.pl\/produkt\/s412eb-stol-pielegnacyjny-stol-rehabilitacyjny-bobath-elektryczny-pielegnacji-przewijania-osob-niepelnosprawnych\/\" \/>\n<meta property=\"og:site_name\" content=\"INNOW\" \/>\n<meta property=\"article:modified_time\" content=\"2025-11-13T09:24:56+00:00\" \/>\n<meta property=\"og:image\" content=\"https:\/\/innow.pl\/wp-content\/uploads\/2024\/11\/S412EB_stol_pielegnacyjny_70_1.jpg\" \/>\n\t<meta property=\"og:image:width\" content=\"800\" \/>\n\t<meta property=\"og:image:height\" content=\"800\" \/>\n\t<meta property=\"og:image:type\" content=\"image\/jpeg\" \/>\n<meta name=\"twitter:card\" content=\"summary_large_image\" \/>\n<meta name=\"twitter:label1\" content=\"Est. reading time\" \/>\n\t<meta name=\"twitter:data1\" content=\"1 minute\" \/>\n<script type=\"application\/ld+json\" class=\"yoast-schema-graph\">{\"@context\":\"https:\\\/\\\/schema.org\",\"@graph\":[{\"@type\":\"WebPage\",\"@id\":\"https:\\\/\\\/innow.pl\\\/produkt\\\/s412eb-stol-pielegnacyjny-stol-rehabilitacyjny-bobath-elektryczny-pielegnacji-przewijania-osob-niepelnosprawnych\\\/\",\"url\":\"https:\\\/\\\/innow.pl\\\/produkt\\\/s412eb-stol-pielegnacyjny-stol-rehabilitacyjny-bobath-elektryczny-pielegnacji-przewijania-osob-niepelnosprawnych\\\/\",\"name\":\"S412EB [ST\u00d3\u0141 PIEL\u0118GNACYJNY] - St\u00f3\u0142 rehabilitacyjny BOBATH (elektryczny) do piel\u0119gnacji, przewijania niepe\u0142nosprawnych\",\"isPartOf\":{\"@id\":\"https:\\\/\\\/innow.pl\\\/#website\"},\"primaryImageOfPage\":{\"@id\":\"https:\\\/\\\/innow.pl\\\/produkt\\\/s412eb-stol-pielegnacyjny-stol-rehabilitacyjny-bobath-elektryczny-pielegnacji-przewijania-osob-niepelnosprawnych\\\/#primaryimage\"},\"image\":{\"@id\":\"https:\\\/\\\/innow.pl\\\/produkt\\\/s412eb-stol-pielegnacyjny-stol-rehabilitacyjny-bobath-elektryczny-pielegnacji-przewijania-osob-niepelnosprawnych\\\/#primaryimage\"},\"thumbnailUrl\":\"https:\\\/\\\/innow.pl\\\/wp-content\\\/uploads\\\/2024\\\/11\\\/S412EB_stol_pielegnacyjny_70_1.jpg\",\"datePublished\":\"2021-01-16T11:02:21+00:00\",\"dateModified\":\"2025-11-13T09:24:56+00:00\",\"description\":\"St\u00f3\u0142 piel\u0119gnacyjny z szerokim le\u017cyskiem (120 cm) i elektryczn\u0105 regulacj\u0105 wysoko\u015bci. Do przewijania i piel\u0119gnacji chorych, niepe\u0142nosprawnych. Zobacz wi\u0119cej!\",\"breadcrumb\":{\"@id\":\"https:\\\/\\\/innow.pl\\\/produkt\\\/s412eb-stol-pielegnacyjny-stol-rehabilitacyjny-bobath-elektryczny-pielegnacji-przewijania-osob-niepelnosprawnych\\\/#breadcrumb\"},\"inLanguage\":\"en-US\",\"potentialAction\":[{\"@type\":\"ReadAction\",\"target\":[\"https:\\\/\\\/innow.pl\\\/produkt\\\/s412eb-stol-pielegnacyjny-stol-rehabilitacyjny-bobath-elektryczny-pielegnacji-przewijania-osob-niepelnosprawnych\\\/\"]}]},{\"@type\":\"ImageObject\",\"inLanguage\":\"en-US\",\"@id\":\"https:\\\/\\\/innow.pl\\\/produkt\\\/s412eb-stol-pielegnacyjny-stol-rehabilitacyjny-bobath-elektryczny-pielegnacji-przewijania-osob-niepelnosprawnych\\\/#primaryimage\",\"url\":\"https:\\\/\\\/innow.pl\\\/wp-content\\\/uploads\\\/2024\\\/11\\\/S412EB_stol_pielegnacyjny_70_1.jpg\",\"contentUrl\":\"https:\\\/\\\/innow.pl\\\/wp-content\\\/uploads\\\/2024\\\/11\\\/S412EB_stol_pielegnacyjny_70_1.jpg\",\"width\":800,\"height\":800,\"caption\":\"S412EB [ST\u00d3\u0141 PIEL\u0118GNACYJNY] - St\u00f3\u0142 rehabilitacyjny BOBATH (elektryczny) do piel\u0119gnacji, przewijania niepe\u0142nosprawnych\"},{\"@type\":\"BreadcrumbList\",\"@id\":\"https:\\\/\\\/innow.pl\\\/produkt\\\/s412eb-stol-pielegnacyjny-stol-rehabilitacyjny-bobath-elektryczny-pielegnacji-przewijania-osob-niepelnosprawnych\\\/#breadcrumb\",\"itemListElement\":[{\"@type\":\"ListItem\",\"position\":1,\"name\":\"INNOW\",\"item\":\"https:\\\/\\\/innow.pl\\\/en\\\/\"},{\"@type\":\"ListItem\",\"position\":2,\"name\":\"Produkty\",\"item\":\"https:\\\/\\\/innow.pl\\\/produkty\\\/\"},{\"@type\":\"ListItem\",\"position\":3,\"name\":\"Piel\u0119gnacja i rehabilitacja\",\"item\":\"https:\\\/\\\/innow.pl\\\/produkty\\\/pielegnacja-i-rehabilitacja\\\/\"},{\"@type\":\"ListItem\",\"position\":4,\"name\":\"Sto\u0142y do piel\u0119gnacji niepe\u0142nosprawnych - przewijaki\",\"item\":\"https:\\\/\\\/innow.pl\\\/produkty\\\/pielegnacja-i-rehabilitacja\\\/stoly-do-pielegnacji-niepelnosprawnych-przewijaki\\\/\"},{\"@type\":\"ListItem\",\"position\":5,\"name\":\"S412EB [ST\u00d3\u0141 PIEL\u0118GNACYJNY] &#8211; St\u00f3\u0142 rehabilitacyjny BOBATH (elektryczny) do piel\u0119gnacji, przewijania niepe\u0142nosprawnych\"}]},{\"@type\":\"WebSite\",\"@id\":\"https:\\\/\\\/innow.pl\\\/#website\",\"url\":\"https:\\\/\\\/innow.pl\\\/\",\"name\":\"INNOW\",\"description\":\"\",\"potentialAction\":[{\"@type\":\"SearchAction\",\"target\":{\"@type\":\"EntryPoint\",\"urlTemplate\":\"https:\\\/\\\/innow.pl\\\/?s={search_term_string}\"},\"query-input\":{\"@type\":\"PropertyValueSpecification\",\"valueRequired\":true,\"valueName\":\"search_term_string\"}}],\"inLanguage\":\"en-US\"}]}<\/script>\n<!-- \/ Yoast SEO plugin. -->","yoast_head_json":{"title":"S412EB [ST\u00d3\u0141 PIEL\u0118GNACYJNY] - St\u00f3\u0142 rehabilitacyjny BOBATH (elektryczny) do piel\u0119gnacji, przewijania niepe\u0142nosprawnych","description":"St\u00f3\u0142 piel\u0119gnacyjny z szerokim le\u017cyskiem (120 cm) i elektryczn\u0105 regulacj\u0105 wysoko\u015bci. Do przewijania i piel\u0119gnacji chorych, niepe\u0142nosprawnych. Zobacz wi\u0119cej!","robots":{"index":"index","follow":"follow","max-snippet":"max-snippet:-1","max-image-preview":"max-image-preview:large","max-video-preview":"max-video-preview:-1"},"canonical":"https:\/\/innow.pl\/produkt\/s412eb-stol-pielegnacyjny-stol-rehabilitacyjny-bobath-elektryczny-pielegnacji-przewijania-osob-niepelnosprawnych\/","og_locale":"en_US","og_type":"article","og_title":"S412EB [ST\u00d3\u0141 PIEL\u0118GNACYJNY] - St\u00f3\u0142 rehabilitacyjny BOBATH (elektryczny) do piel\u0119gnacji, przewijania niepe\u0142nosprawnych","og_description":"St\u00f3\u0142 piel\u0119gnacyjny z szerokim le\u017cyskiem (120 cm) i elektryczn\u0105 regulacj\u0105 wysoko\u015bci. Do przewijania i piel\u0119gnacji chorych, niepe\u0142nosprawnych. Zobacz wi\u0119cej!","og_url":"https:\/\/innow.pl\/produkt\/s412eb-stol-pielegnacyjny-stol-rehabilitacyjny-bobath-elektryczny-pielegnacji-przewijania-osob-niepelnosprawnych\/","og_site_name":"INNOW","article_modified_time":"2025-11-13T09:24:56+00:00","og_image":[{"width":800,"height":800,"url":"https:\/\/innow.pl\/wp-content\/uploads\/2024\/11\/S412EB_stol_pielegnacyjny_70_1.jpg","type":"image\/jpeg"}],"twitter_card":"summary_large_image","twitter_misc":{"Est. reading time":"1 minute"},"schema":{"@context":"https:\/\/schema.org","@graph":[{"@type":"WebPage","@id":"https:\/\/innow.pl\/produkt\/s412eb-stol-pielegnacyjny-stol-rehabilitacyjny-bobath-elektryczny-pielegnacji-przewijania-osob-niepelnosprawnych\/","url":"https:\/\/innow.pl\/produkt\/s412eb-stol-pielegnacyjny-stol-rehabilitacyjny-bobath-elektryczny-pielegnacji-przewijania-osob-niepelnosprawnych\/","name":"S412EB [ST\u00d3\u0141 PIEL\u0118GNACYJNY] - St\u00f3\u0142 rehabilitacyjny BOBATH (elektryczny) do piel\u0119gnacji, przewijania niepe\u0142nosprawnych","isPartOf":{"@id":"https:\/\/innow.pl\/#website"},"primaryImageOfPage":{"@id":"https:\/\/innow.pl\/produkt\/s412eb-stol-pielegnacyjny-stol-rehabilitacyjny-bobath-elektryczny-pielegnacji-przewijania-osob-niepelnosprawnych\/#primaryimage"},"image":{"@id":"https:\/\/innow.pl\/produkt\/s412eb-stol-pielegnacyjny-stol-rehabilitacyjny-bobath-elektryczny-pielegnacji-przewijania-osob-niepelnosprawnych\/#primaryimage"},"thumbnailUrl":"https:\/\/innow.pl\/wp-content\/uploads\/2024\/11\/S412EB_stol_pielegnacyjny_70_1.jpg","datePublished":"2021-01-16T11:02:21+00:00","dateModified":"2025-11-13T09:24:56+00:00","description":"St\u00f3\u0142 piel\u0119gnacyjny z szerokim le\u017cyskiem (120 cm) i elektryczn\u0105 regulacj\u0105 wysoko\u015bci. Do przewijania i piel\u0119gnacji chorych, niepe\u0142nosprawnych. Zobacz wi\u0119cej!","breadcrumb":{"@id":"https:\/\/innow.pl\/produkt\/s412eb-stol-pielegnacyjny-stol-rehabilitacyjny-bobath-elektryczny-pielegnacji-przewijania-osob-niepelnosprawnych\/#breadcrumb"},"inLanguage":"en-US","potentialAction":[{"@type":"ReadAction","target":["https:\/\/innow.pl\/produkt\/s412eb-stol-pielegnacyjny-stol-rehabilitacyjny-bobath-elektryczny-pielegnacji-przewijania-osob-niepelnosprawnych\/"]}]},{"@type":"ImageObject","inLanguage":"en-US","@id":"https:\/\/innow.pl\/produkt\/s412eb-stol-pielegnacyjny-stol-rehabilitacyjny-bobath-elektryczny-pielegnacji-przewijania-osob-niepelnosprawnych\/#primaryimage","url":"https:\/\/innow.pl\/wp-content\/uploads\/2024\/11\/S412EB_stol_pielegnacyjny_70_1.jpg","contentUrl":"https:\/\/innow.pl\/wp-content\/uploads\/2024\/11\/S412EB_stol_pielegnacyjny_70_1.jpg","width":800,"height":800,"caption":"S412EB [ST\u00d3\u0141 PIEL\u0118GNACYJNY] - St\u00f3\u0142 rehabilitacyjny BOBATH (elektryczny) do piel\u0119gnacji, przewijania niepe\u0142nosprawnych"},{"@type":"BreadcrumbList","@id":"https:\/\/innow.pl\/produkt\/s412eb-stol-pielegnacyjny-stol-rehabilitacyjny-bobath-elektryczny-pielegnacji-przewijania-osob-niepelnosprawnych\/#breadcrumb","itemListElement":[{"@type":"ListItem","position":1,"name":"INNOW","item":"https:\/\/innow.pl\/en\/"},{"@type":"ListItem","position":2,"name":"Produkty","item":"https:\/\/innow.pl\/produkty\/"},{"@type":"ListItem","position":3,"name":"Piel\u0119gnacja i rehabilitacja","item":"https:\/\/innow.pl\/produkty\/pielegnacja-i-rehabilitacja\/"},{"@type":"ListItem","position":4,"name":"Sto\u0142y do piel\u0119gnacji niepe\u0142nosprawnych - przewijaki","item":"https:\/\/innow.pl\/produkty\/pielegnacja-i-rehabilitacja\/stoly-do-pielegnacji-niepelnosprawnych-przewijaki\/"},{"@type":"ListItem","position":5,"name":"S412EB [ST\u00d3\u0141 PIEL\u0118GNACYJNY] &#8211; St\u00f3\u0142 rehabilitacyjny BOBATH (elektryczny) do piel\u0119gnacji, przewijania niepe\u0142nosprawnych"}]},{"@type":"WebSite","@id":"https:\/\/innow.pl\/#website","url":"https:\/\/innow.pl\/","name":"INNOW","description":"","potentialAction":[{"@type":"SearchAction","target":{"@type":"EntryPoint","urlTemplate":"https:\/\/innow.pl\/?s={search_term_string}"},"query-input":{"@type":"PropertyValueSpecification","valueRequired":true,"valueName":"search_term_string"}}],"inLanguage":"en-US"}]}},"_links":{"self":[{"href":"https:\/\/innow.pl\/en\/wp-json\/wp\/v2\/product\/46369","targetHints":{"allow":["GET"]}}],"collection":[{"href":"https:\/\/innow.pl\/en\/wp-json\/wp\/v2\/product"}],"about":[{"href":"https:\/\/innow.pl\/en\/wp-json\/wp\/v2\/types\/product"}],"replies":[{"embeddable":true,"href":"https:\/\/innow.pl\/en\/wp-json\/wp\/v2\/comments?post=46369"}],"wp:featuredmedia":[{"embeddable":true,"href":"https:\/\/innow.pl\/en\/wp-json\/wp\/v2\/media\/46373"}],"wp:attachment":[{"href":"https:\/\/innow.pl\/en\/wp-json\/wp\/v2\/media?parent=46369"}],"wp:term":[{"taxonomy":"product_brand","embeddable":true,"href":"https:\/\/innow.pl\/en\/wp-json\/wp\/v2\/product_brand?post=46369"},{"taxonomy":"product_cat","embeddable":true,"href":"https:\/\/innow.pl\/en\/wp-json\/wp\/v2\/product_cat?post=46369"},{"taxonomy":"product_tag","embeddable":true,"href":"https:\/\/innow.pl\/en\/wp-json\/wp\/v2\/product_tag?post=46369"}],"curies":[{"name":"wp","href":"https:\/\/api.w.org\/{rel}","templated":true}]}}