{"id":44273,"date":"2022-01-29T12:31:09","date_gmt":"2022-01-29T11:31:09","guid":{"rendered":"https:\/\/innow.pl\/produkt\/wdz-01-orws-wozek-transportu-zwlok\/"},"modified":"2025-02-11T12:25:52","modified_gmt":"2025-02-11T11:25:52","slug":"wdz-01-orws-wozek-transportu-zwlok","status":"publish","type":"product","link":"https:\/\/innow.pl\/en\/produkt\/wdz-01-orws-wozek-transportu-zwlok\/","title":{"rendered":"WDZ-01 [ORWS] \u2013 W\u00f3zek do transportu zw\u0142ok"},"content":{"rendered":"<p style=\"text-align: left\">W\u00f3zek do mycia oraz przewo\u017cenia i kr\u00f3tkiego przechowywania zw\u0142ok wewn\u0105trz pomieszcze\u0144. W\u00f3zek w tej wersji wyposa\u017cony jest w konstrukcj\u0119 malowan\u0105 proszkowo, nierdzewn\u0105 tac\u0119 na k\u00f3\u0142kach i pokryw\u0119 z PCV.<\/p>\n<p style=\"text-align: left\">Szczeg\u00f3\u0142owy opis wyrobu tego typu znajduje si\u0119 pod linkiem: <strong><a style=\"color: #00c6e5\" href=\"https:\/\/innow.pl\/produkt\/wdz-01-wozek-transportu-zwlok\/\">WDZ-01<\/a><\/strong><\/p>\n","protected":false},"excerpt":{"rendered":"<p>W\u00f3zek do mycia oraz przewo\u017cenia i kr\u00f3tkiego przechowywania zw\u0142ok wewn\u0105trz pomieszcze\u0144. W\u00f3zek w tej wersji wyposa\u017cony jest w konstrukcj\u0119 malowan\u0105 proszkowo, nierdzewn\u0105 tac\u0119 na k\u00f3\u0142kach i pokryw\u0119 z PCV. Szczeg\u00f3\u0142owy opis wyrobu tego typu znajduje si\u0119 pod linkiem: WDZ-01<\/p>\n","protected":false},"featured_media":44275,"comment_status":"open","ping_status":"closed","template":"","meta":{"_acf_changed":false},"product_brand":[],"product_cat":[393,1291],"product_tag":[],"class_list":{"0":"post-44273","1":"product","2":"type-product","3":"status-publish","4":"has-post-thumbnail","6":"product_cat-od-reki-w-salonie","7":"product_cat-urzadzenia-transportowe-i-kapielowe","9":"first","10":"instock","11":"taxable","12":"shipping-taxable","13":"purchasable","14":"product-type-simple"},"acf":[],"yoast_head":"<!-- This site is optimized with the Yoast SEO plugin v27.4 - https:\/\/yoast.com\/product\/yoast-seo-wordpress\/ -->\n<title>WDZ-01 [ORWS] \u2013 W\u00f3zek do transportu zw\u0142ok - INNOW<\/title>\n<meta name=\"robots\" content=\"index, follow, max-snippet:-1, max-image-preview:large, max-video-preview:-1\" \/>\n<link rel=\"canonical\" href=\"https:\/\/innow.pl\/produkt\/wdz-01-orws-wozek-transportu-zwlok\/\" \/>\n<meta property=\"og:locale\" content=\"en_US\" \/>\n<meta property=\"og:type\" content=\"article\" \/>\n<meta property=\"og:title\" content=\"WDZ-01 [ORWS] \u2013 W\u00f3zek do transportu zw\u0142ok - INNOW\" \/>\n<meta property=\"og:description\" content=\"W\u00f3zek do mycia oraz przewo\u017cenia i kr\u00f3tkiego przechowywania zw\u0142ok wewn\u0105trz pomieszcze\u0144. W\u00f3zek w tej wersji wyposa\u017cony jest w konstrukcj\u0119 malowan\u0105 proszkowo, nierdzewn\u0105 tac\u0119 na k\u00f3\u0142kach i pokryw\u0119 z PCV. Szczeg\u00f3\u0142owy opis wyrobu tego typu znajduje si\u0119 pod linkiem: WDZ-01\" \/>\n<meta property=\"og:url\" content=\"https:\/\/innow.pl\/produkt\/wdz-01-orws-wozek-transportu-zwlok\/\" \/>\n<meta property=\"og:site_name\" content=\"INNOW\" \/>\n<meta property=\"article:modified_time\" content=\"2025-02-11T11:25:52+00:00\" \/>\n<meta property=\"og:image\" content=\"https:\/\/innow.pl\/wp-content\/uploads\/2024\/11\/WDZ-01_ORWS_1.jpg\" \/>\n\t<meta property=\"og:image:width\" content=\"800\" \/>\n\t<meta property=\"og:image:height\" content=\"800\" \/>\n\t<meta property=\"og:image:type\" content=\"image\/jpeg\" \/>\n<meta name=\"twitter:card\" content=\"summary_large_image\" \/>\n<meta name=\"twitter:label1\" content=\"Est. reading time\" \/>\n\t<meta name=\"twitter:data1\" content=\"1 minute\" \/>\n<script type=\"application\/ld+json\" class=\"yoast-schema-graph\">{\"@context\":\"https:\\\/\\\/schema.org\",\"@graph\":[{\"@type\":\"WebPage\",\"@id\":\"https:\\\/\\\/innow.pl\\\/produkt\\\/wdz-01-orws-wozek-transportu-zwlok\\\/\",\"url\":\"https:\\\/\\\/innow.pl\\\/produkt\\\/wdz-01-orws-wozek-transportu-zwlok\\\/\",\"name\":\"WDZ-01 [ORWS] \u2013 W\u00f3zek do transportu zw\u0142ok - INNOW\",\"isPartOf\":{\"@id\":\"https:\\\/\\\/innow.pl\\\/#website\"},\"primaryImageOfPage\":{\"@id\":\"https:\\\/\\\/innow.pl\\\/produkt\\\/wdz-01-orws-wozek-transportu-zwlok\\\/#primaryimage\"},\"image\":{\"@id\":\"https:\\\/\\\/innow.pl\\\/produkt\\\/wdz-01-orws-wozek-transportu-zwlok\\\/#primaryimage\"},\"thumbnailUrl\":\"https:\\\/\\\/innow.pl\\\/wp-content\\\/uploads\\\/2024\\\/11\\\/WDZ-01_ORWS_1.jpg\",\"datePublished\":\"2022-01-29T11:31:09+00:00\",\"dateModified\":\"2025-02-11T11:25:52+00:00\",\"breadcrumb\":{\"@id\":\"https:\\\/\\\/innow.pl\\\/produkt\\\/wdz-01-orws-wozek-transportu-zwlok\\\/#breadcrumb\"},\"inLanguage\":\"en-US\",\"potentialAction\":[{\"@type\":\"ReadAction\",\"target\":[\"https:\\\/\\\/innow.pl\\\/produkt\\\/wdz-01-orws-wozek-transportu-zwlok\\\/\"]}]},{\"@type\":\"ImageObject\",\"inLanguage\":\"en-US\",\"@id\":\"https:\\\/\\\/innow.pl\\\/produkt\\\/wdz-01-orws-wozek-transportu-zwlok\\\/#primaryimage\",\"url\":\"https:\\\/\\\/innow.pl\\\/wp-content\\\/uploads\\\/2024\\\/11\\\/WDZ-01_ORWS_1.jpg\",\"contentUrl\":\"https:\\\/\\\/innow.pl\\\/wp-content\\\/uploads\\\/2024\\\/11\\\/WDZ-01_ORWS_1.jpg\",\"width\":800,\"height\":800,\"caption\":\"WDZ-01 [ORWS] - W\u00f3zek do transportu zw\u0142ok z nierdzewn\u0105 tac\u0105 oraz pokryw\u0105 z PCV\"},{\"@type\":\"BreadcrumbList\",\"@id\":\"https:\\\/\\\/innow.pl\\\/produkt\\\/wdz-01-orws-wozek-transportu-zwlok\\\/#breadcrumb\",\"itemListElement\":[{\"@type\":\"ListItem\",\"position\":1,\"name\":\"INNOW\",\"item\":\"https:\\\/\\\/innow.pl\\\/en\\\/\"},{\"@type\":\"ListItem\",\"position\":2,\"name\":\"Produkty\",\"item\":\"https:\\\/\\\/innow.pl\\\/produkty\\\/\"},{\"@type\":\"ListItem\",\"position\":3,\"name\":\"Available immediately in showroom\",\"item\":\"https:\\\/\\\/innow.pl\\\/en\\\/produkty\\\/available-immediately-in-showroom\\\/\"},{\"@type\":\"ListItem\",\"position\":4,\"name\":\"Patient transport and bathing equipment\",\"item\":\"https:\\\/\\\/innow.pl\\\/en\\\/produkty\\\/available-immediately-in-showroom\\\/patient-transport-and-bathing-equipment\\\/\"},{\"@type\":\"ListItem\",\"position\":5,\"name\":\"WDZ-01 [ORWS] \u2013 W\u00f3zek do transportu zw\u0142ok\"}]},{\"@type\":\"WebSite\",\"@id\":\"https:\\\/\\\/innow.pl\\\/#website\",\"url\":\"https:\\\/\\\/innow.pl\\\/\",\"name\":\"INNOW\",\"description\":\"\",\"potentialAction\":[{\"@type\":\"SearchAction\",\"target\":{\"@type\":\"EntryPoint\",\"urlTemplate\":\"https:\\\/\\\/innow.pl\\\/?s={search_term_string}\"},\"query-input\":{\"@type\":\"PropertyValueSpecification\",\"valueRequired\":true,\"valueName\":\"search_term_string\"}}],\"inLanguage\":\"en-US\"}]}<\/script>\n<!-- \/ Yoast SEO plugin. -->","yoast_head_json":{"title":"WDZ-01 [ORWS] \u2013 W\u00f3zek do transportu zw\u0142ok - INNOW","robots":{"index":"index","follow":"follow","max-snippet":"max-snippet:-1","max-image-preview":"max-image-preview:large","max-video-preview":"max-video-preview:-1"},"canonical":"https:\/\/innow.pl\/produkt\/wdz-01-orws-wozek-transportu-zwlok\/","og_locale":"en_US","og_type":"article","og_title":"WDZ-01 [ORWS] \u2013 W\u00f3zek do transportu zw\u0142ok - INNOW","og_description":"W\u00f3zek do mycia oraz przewo\u017cenia i kr\u00f3tkiego przechowywania zw\u0142ok wewn\u0105trz pomieszcze\u0144. W\u00f3zek w tej wersji wyposa\u017cony jest w konstrukcj\u0119 malowan\u0105 proszkowo, nierdzewn\u0105 tac\u0119 na k\u00f3\u0142kach i pokryw\u0119 z PCV. Szczeg\u00f3\u0142owy opis wyrobu tego typu znajduje si\u0119 pod linkiem: WDZ-01","og_url":"https:\/\/innow.pl\/produkt\/wdz-01-orws-wozek-transportu-zwlok\/","og_site_name":"INNOW","article_modified_time":"2025-02-11T11:25:52+00:00","og_image":[{"width":800,"height":800,"url":"https:\/\/innow.pl\/wp-content\/uploads\/2024\/11\/WDZ-01_ORWS_1.jpg","type":"image\/jpeg"}],"twitter_card":"summary_large_image","twitter_misc":{"Est. reading time":"1 minute"},"schema":{"@context":"https:\/\/schema.org","@graph":[{"@type":"WebPage","@id":"https:\/\/innow.pl\/produkt\/wdz-01-orws-wozek-transportu-zwlok\/","url":"https:\/\/innow.pl\/produkt\/wdz-01-orws-wozek-transportu-zwlok\/","name":"WDZ-01 [ORWS] \u2013 W\u00f3zek do transportu zw\u0142ok - INNOW","isPartOf":{"@id":"https:\/\/innow.pl\/#website"},"primaryImageOfPage":{"@id":"https:\/\/innow.pl\/produkt\/wdz-01-orws-wozek-transportu-zwlok\/#primaryimage"},"image":{"@id":"https:\/\/innow.pl\/produkt\/wdz-01-orws-wozek-transportu-zwlok\/#primaryimage"},"thumbnailUrl":"https:\/\/innow.pl\/wp-content\/uploads\/2024\/11\/WDZ-01_ORWS_1.jpg","datePublished":"2022-01-29T11:31:09+00:00","dateModified":"2025-02-11T11:25:52+00:00","breadcrumb":{"@id":"https:\/\/innow.pl\/produkt\/wdz-01-orws-wozek-transportu-zwlok\/#breadcrumb"},"inLanguage":"en-US","potentialAction":[{"@type":"ReadAction","target":["https:\/\/innow.pl\/produkt\/wdz-01-orws-wozek-transportu-zwlok\/"]}]},{"@type":"ImageObject","inLanguage":"en-US","@id":"https:\/\/innow.pl\/produkt\/wdz-01-orws-wozek-transportu-zwlok\/#primaryimage","url":"https:\/\/innow.pl\/wp-content\/uploads\/2024\/11\/WDZ-01_ORWS_1.jpg","contentUrl":"https:\/\/innow.pl\/wp-content\/uploads\/2024\/11\/WDZ-01_ORWS_1.jpg","width":800,"height":800,"caption":"WDZ-01 [ORWS] - W\u00f3zek do transportu zw\u0142ok z nierdzewn\u0105 tac\u0105 oraz pokryw\u0105 z PCV"},{"@type":"BreadcrumbList","@id":"https:\/\/innow.pl\/produkt\/wdz-01-orws-wozek-transportu-zwlok\/#breadcrumb","itemListElement":[{"@type":"ListItem","position":1,"name":"INNOW","item":"https:\/\/innow.pl\/en\/"},{"@type":"ListItem","position":2,"name":"Produkty","item":"https:\/\/innow.pl\/produkty\/"},{"@type":"ListItem","position":3,"name":"Available immediately in showroom","item":"https:\/\/innow.pl\/en\/produkty\/available-immediately-in-showroom\/"},{"@type":"ListItem","position":4,"name":"Patient transport and bathing equipment","item":"https:\/\/innow.pl\/en\/produkty\/available-immediately-in-showroom\/patient-transport-and-bathing-equipment\/"},{"@type":"ListItem","position":5,"name":"WDZ-01 [ORWS] \u2013 W\u00f3zek do transportu zw\u0142ok"}]},{"@type":"WebSite","@id":"https:\/\/innow.pl\/#website","url":"https:\/\/innow.pl\/","name":"INNOW","description":"","potentialAction":[{"@type":"SearchAction","target":{"@type":"EntryPoint","urlTemplate":"https:\/\/innow.pl\/?s={search_term_string}"},"query-input":{"@type":"PropertyValueSpecification","valueRequired":true,"valueName":"search_term_string"}}],"inLanguage":"en-US"}]}},"_links":{"self":[{"href":"https:\/\/innow.pl\/en\/wp-json\/wp\/v2\/product\/44273","targetHints":{"allow":["GET"]}}],"collection":[{"href":"https:\/\/innow.pl\/en\/wp-json\/wp\/v2\/product"}],"about":[{"href":"https:\/\/innow.pl\/en\/wp-json\/wp\/v2\/types\/product"}],"replies":[{"embeddable":true,"href":"https:\/\/innow.pl\/en\/wp-json\/wp\/v2\/comments?post=44273"}],"wp:featuredmedia":[{"embeddable":true,"href":"https:\/\/innow.pl\/en\/wp-json\/wp\/v2\/media\/44275"}],"wp:attachment":[{"href":"https:\/\/innow.pl\/en\/wp-json\/wp\/v2\/media?parent=44273"}],"wp:term":[{"taxonomy":"product_brand","embeddable":true,"href":"https:\/\/innow.pl\/en\/wp-json\/wp\/v2\/product_brand?post=44273"},{"taxonomy":"product_cat","embeddable":true,"href":"https:\/\/innow.pl\/en\/wp-json\/wp\/v2\/product_cat?post=44273"},{"taxonomy":"product_tag","embeddable":true,"href":"https:\/\/innow.pl\/en\/wp-json\/wp\/v2\/product_tag?post=44273"}],"curies":[{"name":"wp","href":"https:\/\/api.w.org\/{rel}","templated":true}]}}