{"id":44255,"date":"2021-04-28T12:41:25","date_gmt":"2021-04-28T10:41:25","guid":{"rendered":"https:\/\/innow.pl\/produkt\/t643rf-balkonik-dwukolowy-skladany-ultralekki\/"},"modified":"2025-02-11T12:51:35","modified_gmt":"2025-02-11T11:51:35","slug":"t643rf-balkonik-dwukolowy-skladany-ultralekki","status":"publish","type":"product","link":"https:\/\/innow.pl\/en\/produkt\/t643rf-balkonik-dwukolowy-skladany-ultralekki\/","title":{"rendered":"T643RF \u2013 Balkonik dwuko\u0142owy sk\u0142adany ultralekki"},"content":{"rendered":"<p>Bardzo lekki balkonik o aluminiowej konstrukcji, wyposa\u017cony w 2 k\u00f3\u0142ka i 2 antypo\u015blizgowe stopki oraz kulk\u0119, kt\u00f3ra u\u0142atwia sk\u0142adanie. Usprawnia chodzenie i u\u0142atwia pionizacj\u0119.<\/p>\n","protected":false},"excerpt":{"rendered":"<p>Bardzo lekki balkonik o aluminiowej konstrukcji, wyposa\u017cony w 2 k\u00f3\u0142ka i 2 antypo\u015blizgowe stopki oraz kulk\u0119, kt\u00f3ra u\u0142atwia sk\u0142adanie. Usprawnia chodzenie i u\u0142atwia pionizacj\u0119.<\/p>\n","protected":false},"featured_media":44257,"comment_status":"open","ping_status":"closed","template":"","meta":{"_acf_changed":false},"product_brand":[],"product_cat":[541,566,482,438],"product_tag":[],"class_list":{"0":"post-44255","1":"product","2":"type-product","3":"status-publish","4":"has-post-thumbnail","6":"product_cat-balkoniki","7":"product_cat-balkoniki-skladane","8":"product_cat-balkoniki-kule-laski","9":"product_cat-pielegnacja-i-rehabilitacja","10":"pa_glebokosc-51-cm","11":"pa_szerokosc-64-cm","12":"pa_wysokosc-79-87-cm","14":"first","15":"instock","16":"taxable","17":"shipping-taxable","18":"purchasable","19":"product-type-simple"},"acf":[],"yoast_head":"<!-- This site is optimized with the Yoast SEO plugin v27.4 - https:\/\/yoast.com\/product\/yoast-seo-wordpress\/ -->\n<title>T643RF \u2013 Balkonik dwuko\u0142owy sk\u0142adany ultralekki - INNOW<\/title>\n<meta name=\"description\" content=\"Bardzo lekki balkonik wyposa\u017cony w kulk\u0119 u\u0142atwiaj\u0105c\u0105 sk\u0142adanie. Posiada 2 k\u00f3\u0142ka i 2 stopki antypo\u015blizgowe. U\u0142atwia poruszanie si\u0119 i pionizacj\u0119. Sprawd\u017a!\" \/>\n<meta name=\"robots\" content=\"index, follow, max-snippet:-1, max-image-preview:large, max-video-preview:-1\" \/>\n<link rel=\"canonical\" href=\"https:\/\/innow.pl\/produkt\/t643rf-balkonik-dwukolowy-skladany-ultralekki\/\" \/>\n<meta property=\"og:locale\" content=\"en_US\" \/>\n<meta property=\"og:type\" content=\"article\" \/>\n<meta property=\"og:title\" content=\"T643RF \u2013 Balkonik dwuko\u0142owy sk\u0142adany ultralekki - INNOW\" \/>\n<meta property=\"og:description\" content=\"Bardzo lekki balkonik wyposa\u017cony w kulk\u0119 u\u0142atwiaj\u0105c\u0105 sk\u0142adanie. Posiada 2 k\u00f3\u0142ka i 2 stopki antypo\u015blizgowe. U\u0142atwia poruszanie si\u0119 i pionizacj\u0119. Sprawd\u017a!\" \/>\n<meta property=\"og:url\" content=\"https:\/\/innow.pl\/produkt\/t643rf-balkonik-dwukolowy-skladany-ultralekki\/\" \/>\n<meta property=\"og:site_name\" content=\"INNOW\" \/>\n<meta property=\"article:modified_time\" content=\"2025-02-11T11:51:35+00:00\" \/>\n<meta property=\"og:image\" content=\"https:\/\/innow.pl\/wp-content\/uploads\/2024\/11\/T643RF_1.jpg\" \/>\n\t<meta property=\"og:image:width\" content=\"800\" \/>\n\t<meta property=\"og:image:height\" content=\"800\" \/>\n\t<meta property=\"og:image:type\" content=\"image\/jpeg\" \/>\n<meta name=\"twitter:card\" content=\"summary_large_image\" \/>\n<meta name=\"twitter:label1\" content=\"Est. reading time\" \/>\n\t<meta name=\"twitter:data1\" content=\"1 minute\" \/>\n<script type=\"application\/ld+json\" class=\"yoast-schema-graph\">{\"@context\":\"https:\\\/\\\/schema.org\",\"@graph\":[{\"@type\":\"WebPage\",\"@id\":\"https:\\\/\\\/innow.pl\\\/produkt\\\/t643rf-balkonik-dwukolowy-skladany-ultralekki\\\/\",\"url\":\"https:\\\/\\\/innow.pl\\\/produkt\\\/t643rf-balkonik-dwukolowy-skladany-ultralekki\\\/\",\"name\":\"T643RF \u2013 Balkonik dwuko\u0142owy sk\u0142adany ultralekki - INNOW\",\"isPartOf\":{\"@id\":\"https:\\\/\\\/innow.pl\\\/#website\"},\"primaryImageOfPage\":{\"@id\":\"https:\\\/\\\/innow.pl\\\/produkt\\\/t643rf-balkonik-dwukolowy-skladany-ultralekki\\\/#primaryimage\"},\"image\":{\"@id\":\"https:\\\/\\\/innow.pl\\\/produkt\\\/t643rf-balkonik-dwukolowy-skladany-ultralekki\\\/#primaryimage\"},\"thumbnailUrl\":\"https:\\\/\\\/innow.pl\\\/wp-content\\\/uploads\\\/2024\\\/11\\\/T643RF_1.jpg\",\"datePublished\":\"2021-04-28T10:41:25+00:00\",\"dateModified\":\"2025-02-11T11:51:35+00:00\",\"description\":\"Bardzo lekki balkonik wyposa\u017cony w kulk\u0119 u\u0142atwiaj\u0105c\u0105 sk\u0142adanie. Posiada 2 k\u00f3\u0142ka i 2 stopki antypo\u015blizgowe. U\u0142atwia poruszanie si\u0119 i pionizacj\u0119. Sprawd\u017a!\",\"breadcrumb\":{\"@id\":\"https:\\\/\\\/innow.pl\\\/produkt\\\/t643rf-balkonik-dwukolowy-skladany-ultralekki\\\/#breadcrumb\"},\"inLanguage\":\"en-US\",\"potentialAction\":[{\"@type\":\"ReadAction\",\"target\":[\"https:\\\/\\\/innow.pl\\\/produkt\\\/t643rf-balkonik-dwukolowy-skladany-ultralekki\\\/\"]}]},{\"@type\":\"ImageObject\",\"inLanguage\":\"en-US\",\"@id\":\"https:\\\/\\\/innow.pl\\\/produkt\\\/t643rf-balkonik-dwukolowy-skladany-ultralekki\\\/#primaryimage\",\"url\":\"https:\\\/\\\/innow.pl\\\/wp-content\\\/uploads\\\/2024\\\/11\\\/T643RF_1.jpg\",\"contentUrl\":\"https:\\\/\\\/innow.pl\\\/wp-content\\\/uploads\\\/2024\\\/11\\\/T643RF_1.jpg\",\"width\":800,\"height\":800,\"caption\":\"T643RF \u2013 Balkonik dwuko\u0142owy sk\u0142adany ultralekki\"},{\"@type\":\"BreadcrumbList\",\"@id\":\"https:\\\/\\\/innow.pl\\\/produkt\\\/t643rf-balkonik-dwukolowy-skladany-ultralekki\\\/#breadcrumb\",\"itemListElement\":[{\"@type\":\"ListItem\",\"position\":1,\"name\":\"INNOW\",\"item\":\"https:\\\/\\\/innow.pl\\\/en\\\/\"},{\"@type\":\"ListItem\",\"position\":2,\"name\":\"Produkty\",\"item\":\"https:\\\/\\\/innow.pl\\\/produkty\\\/\"},{\"@type\":\"ListItem\",\"position\":3,\"name\":\"Piel\u0119gnacja i rehabilitacja\",\"item\":\"https:\\\/\\\/innow.pl\\\/produkty\\\/pielegnacja-i-rehabilitacja\\\/\"},{\"@type\":\"ListItem\",\"position\":4,\"name\":\"Balkoniki, kule, laski\",\"item\":\"https:\\\/\\\/innow.pl\\\/produkty\\\/pielegnacja-i-rehabilitacja\\\/balkoniki-kule-laski\\\/\"},{\"@type\":\"ListItem\",\"position\":5,\"name\":\"Balkoniki\",\"item\":\"https:\\\/\\\/innow.pl\\\/produkty\\\/pielegnacja-i-rehabilitacja\\\/balkoniki-kule-laski\\\/balkoniki\\\/\"},{\"@type\":\"ListItem\",\"position\":6,\"name\":\"Balkoniki sk\u0142adane\",\"item\":\"https:\\\/\\\/innow.pl\\\/produkty\\\/pielegnacja-i-rehabilitacja\\\/balkoniki-kule-laski\\\/balkoniki\\\/balkoniki-skladane\\\/\"},{\"@type\":\"ListItem\",\"position\":7,\"name\":\"T643RF \u2013 Balkonik dwuko\u0142owy sk\u0142adany ultralekki\"}]},{\"@type\":\"WebSite\",\"@id\":\"https:\\\/\\\/innow.pl\\\/#website\",\"url\":\"https:\\\/\\\/innow.pl\\\/\",\"name\":\"INNOW\",\"description\":\"\",\"potentialAction\":[{\"@type\":\"SearchAction\",\"target\":{\"@type\":\"EntryPoint\",\"urlTemplate\":\"https:\\\/\\\/innow.pl\\\/?s={search_term_string}\"},\"query-input\":{\"@type\":\"PropertyValueSpecification\",\"valueRequired\":true,\"valueName\":\"search_term_string\"}}],\"inLanguage\":\"en-US\"}]}<\/script>\n<!-- \/ Yoast SEO plugin. -->","yoast_head_json":{"title":"T643RF \u2013 Balkonik dwuko\u0142owy sk\u0142adany ultralekki - INNOW","description":"Bardzo lekki balkonik wyposa\u017cony w kulk\u0119 u\u0142atwiaj\u0105c\u0105 sk\u0142adanie. Posiada 2 k\u00f3\u0142ka i 2 stopki antypo\u015blizgowe. U\u0142atwia poruszanie si\u0119 i pionizacj\u0119. Sprawd\u017a!","robots":{"index":"index","follow":"follow","max-snippet":"max-snippet:-1","max-image-preview":"max-image-preview:large","max-video-preview":"max-video-preview:-1"},"canonical":"https:\/\/innow.pl\/produkt\/t643rf-balkonik-dwukolowy-skladany-ultralekki\/","og_locale":"en_US","og_type":"article","og_title":"T643RF \u2013 Balkonik dwuko\u0142owy sk\u0142adany ultralekki - INNOW","og_description":"Bardzo lekki balkonik wyposa\u017cony w kulk\u0119 u\u0142atwiaj\u0105c\u0105 sk\u0142adanie. Posiada 2 k\u00f3\u0142ka i 2 stopki antypo\u015blizgowe. U\u0142atwia poruszanie si\u0119 i pionizacj\u0119. Sprawd\u017a!","og_url":"https:\/\/innow.pl\/produkt\/t643rf-balkonik-dwukolowy-skladany-ultralekki\/","og_site_name":"INNOW","article_modified_time":"2025-02-11T11:51:35+00:00","og_image":[{"width":800,"height":800,"url":"https:\/\/innow.pl\/wp-content\/uploads\/2024\/11\/T643RF_1.jpg","type":"image\/jpeg"}],"twitter_card":"summary_large_image","twitter_misc":{"Est. reading time":"1 minute"},"schema":{"@context":"https:\/\/schema.org","@graph":[{"@type":"WebPage","@id":"https:\/\/innow.pl\/produkt\/t643rf-balkonik-dwukolowy-skladany-ultralekki\/","url":"https:\/\/innow.pl\/produkt\/t643rf-balkonik-dwukolowy-skladany-ultralekki\/","name":"T643RF \u2013 Balkonik dwuko\u0142owy sk\u0142adany ultralekki - INNOW","isPartOf":{"@id":"https:\/\/innow.pl\/#website"},"primaryImageOfPage":{"@id":"https:\/\/innow.pl\/produkt\/t643rf-balkonik-dwukolowy-skladany-ultralekki\/#primaryimage"},"image":{"@id":"https:\/\/innow.pl\/produkt\/t643rf-balkonik-dwukolowy-skladany-ultralekki\/#primaryimage"},"thumbnailUrl":"https:\/\/innow.pl\/wp-content\/uploads\/2024\/11\/T643RF_1.jpg","datePublished":"2021-04-28T10:41:25+00:00","dateModified":"2025-02-11T11:51:35+00:00","description":"Bardzo lekki balkonik wyposa\u017cony w kulk\u0119 u\u0142atwiaj\u0105c\u0105 sk\u0142adanie. Posiada 2 k\u00f3\u0142ka i 2 stopki antypo\u015blizgowe. U\u0142atwia poruszanie si\u0119 i pionizacj\u0119. Sprawd\u017a!","breadcrumb":{"@id":"https:\/\/innow.pl\/produkt\/t643rf-balkonik-dwukolowy-skladany-ultralekki\/#breadcrumb"},"inLanguage":"en-US","potentialAction":[{"@type":"ReadAction","target":["https:\/\/innow.pl\/produkt\/t643rf-balkonik-dwukolowy-skladany-ultralekki\/"]}]},{"@type":"ImageObject","inLanguage":"en-US","@id":"https:\/\/innow.pl\/produkt\/t643rf-balkonik-dwukolowy-skladany-ultralekki\/#primaryimage","url":"https:\/\/innow.pl\/wp-content\/uploads\/2024\/11\/T643RF_1.jpg","contentUrl":"https:\/\/innow.pl\/wp-content\/uploads\/2024\/11\/T643RF_1.jpg","width":800,"height":800,"caption":"T643RF \u2013 Balkonik dwuko\u0142owy sk\u0142adany ultralekki"},{"@type":"BreadcrumbList","@id":"https:\/\/innow.pl\/produkt\/t643rf-balkonik-dwukolowy-skladany-ultralekki\/#breadcrumb","itemListElement":[{"@type":"ListItem","position":1,"name":"INNOW","item":"https:\/\/innow.pl\/en\/"},{"@type":"ListItem","position":2,"name":"Produkty","item":"https:\/\/innow.pl\/produkty\/"},{"@type":"ListItem","position":3,"name":"Piel\u0119gnacja i rehabilitacja","item":"https:\/\/innow.pl\/produkty\/pielegnacja-i-rehabilitacja\/"},{"@type":"ListItem","position":4,"name":"Balkoniki, kule, laski","item":"https:\/\/innow.pl\/produkty\/pielegnacja-i-rehabilitacja\/balkoniki-kule-laski\/"},{"@type":"ListItem","position":5,"name":"Balkoniki","item":"https:\/\/innow.pl\/produkty\/pielegnacja-i-rehabilitacja\/balkoniki-kule-laski\/balkoniki\/"},{"@type":"ListItem","position":6,"name":"Balkoniki sk\u0142adane","item":"https:\/\/innow.pl\/produkty\/pielegnacja-i-rehabilitacja\/balkoniki-kule-laski\/balkoniki\/balkoniki-skladane\/"},{"@type":"ListItem","position":7,"name":"T643RF \u2013 Balkonik dwuko\u0142owy sk\u0142adany ultralekki"}]},{"@type":"WebSite","@id":"https:\/\/innow.pl\/#website","url":"https:\/\/innow.pl\/","name":"INNOW","description":"","potentialAction":[{"@type":"SearchAction","target":{"@type":"EntryPoint","urlTemplate":"https:\/\/innow.pl\/?s={search_term_string}"},"query-input":{"@type":"PropertyValueSpecification","valueRequired":true,"valueName":"search_term_string"}}],"inLanguage":"en-US"}]}},"_links":{"self":[{"href":"https:\/\/innow.pl\/en\/wp-json\/wp\/v2\/product\/44255","targetHints":{"allow":["GET"]}}],"collection":[{"href":"https:\/\/innow.pl\/en\/wp-json\/wp\/v2\/product"}],"about":[{"href":"https:\/\/innow.pl\/en\/wp-json\/wp\/v2\/types\/product"}],"replies":[{"embeddable":true,"href":"https:\/\/innow.pl\/en\/wp-json\/wp\/v2\/comments?post=44255"}],"wp:featuredmedia":[{"embeddable":true,"href":"https:\/\/innow.pl\/en\/wp-json\/wp\/v2\/media\/44257"}],"wp:attachment":[{"href":"https:\/\/innow.pl\/en\/wp-json\/wp\/v2\/media?parent=44255"}],"wp:term":[{"taxonomy":"product_brand","embeddable":true,"href":"https:\/\/innow.pl\/en\/wp-json\/wp\/v2\/product_brand?post=44255"},{"taxonomy":"product_cat","embeddable":true,"href":"https:\/\/innow.pl\/en\/wp-json\/wp\/v2\/product_cat?post=44255"},{"taxonomy":"product_tag","embeddable":true,"href":"https:\/\/innow.pl\/en\/wp-json\/wp\/v2\/product_tag?post=44255"}],"curies":[{"name":"wp","href":"https:\/\/api.w.org\/{rel}","templated":true}]}}