{"id":43219,"date":"2021-08-26T07:25:15","date_gmt":"2021-08-26T05:25:15","guid":{"rendered":"https:\/\/innow.pl\/produkt\/f301-traper-fotel-rehabilitacyjny-geriatryczny-dla-seniora-pielegnacyjny\/"},"modified":"2026-03-17T13:58:29","modified_gmt":"2026-03-17T12:58:29","slug":"f301-traper-fotel-rehabilitacyjny-geriatryczny-dla-seniora-pielegnacyjny","status":"publish","type":"product","link":"https:\/\/innow.pl\/en\/produkt\/f301-traper-fotel-rehabilitacyjny-geriatryczny-dla-seniora-pielegnacyjny\/","title":{"rendered":"F301 TRAPER &#8211; Fotel rehabilitacyjny, geriatryczny (dla seniora), piel\u0119gnacyjny"},"content":{"rendered":"<p><span style=\"color: #ff0000\"><strong>PRODUKCJA WSTRZYMANA!<\/strong><\/span><\/p>\n<p>Wielofunkcyjny fotel rehabilitacyjny, geriatryczny (dla seniora, dla os\u00f3b starszych), piel\u0119gnacyjny b\u0119d\u0105cy \u015bwietnym rozwi\u0105zaniem dla os\u00f3b, kt\u00f3re zmuszone by\u0142y do d\u0142ugotrwa\u0142ego przebywania w \u0142\u00f3\u017cku w pozycji le\u017c\u0105cej. Osoby niepe\u0142nosprawne ruchowo, czy te\u017c starsze, mog\u0105 na fotelu tym by\u0107 transportowane nawet na zewn\u0105trz, dzi\u0119ki 4 ko\u0142om, w tym 2 du\u017cym przednim, pozwalaj\u0105cym nawet na pokonywanie niewielkich przeszk\u00f3d. Le\u017cysko sk\u0142adaj\u0105ce si\u0119 z 3 cz\u0119\u015bci pozwala na uzyskanie r\u00f3\u017cnych pozycji, dogodnych dla pacjenta:<\/p>\n<ul>\n<li>siedz\u0105cej,<\/li>\n<li>le\u017c\u0105cej,<\/li>\n<li>p\u00f3\u0142siedz\u0105cej.<\/li>\n<\/ul>\n<p>Dokupienie hydraulicznej regulacji siedziska dodatkowo umo\u017cliwia uzyskanie pozycji Trendelenburga i anty-Trendelenburga. Fotel piel\u0119gnacyjny posiada konstrukcj\u0119 pozwalaj\u0105c\u0105 na regulacj\u0119 oparcia plec\u00f3w i n\u00f3g (spr\u0119\u017cyny gazowe), co pozwala na unikni\u0119cie pojawienia si\u0119 odle\u017cyn. W wersji podstawowej fotel geriatryczny (dla seniora) posiada r\u00f3wnie\u017c podparcie pod stopy wykonane z tworzywa, umo\u017cliwiaj\u0105ce zmian\u0119 po\u0142o\u017cenia (wysoko\u015b\u0107, odchylenie) oraz tapicerowane pod\u0142okietniki. <em>Na zdj\u0119ciach 1, 2 widoczny fotel z siedziskiem sta\u0142ym, na zdj\u0119ciu 3 &#8211; z siedziskiem sta\u0142ym i ud\u017awigiem zwi\u0119kszonym do 18o kg, na zdj\u0119ciach 4-6 &#8211; z hydraulicznym odchylaniem siedziska.<\/em> \u00a0<\/p>\n<p style=\"text-align: center\"><a>Informacje o w\u0142a\u015bciwo\u015bciach dost\u0119pnych <strong>materia\u0142\u00f3w obiciowych<\/strong> dost\u0119pne po klikni\u0119ciu w zdj\u0119cie:<\/a> <a href=\"https:\/\/innow.pl\/publikacje\/KatalogPDF\/Pokrycia-obiciowe-tapicerki.pdf\" target=\"_blank\" rel=\"noopener\"><img decoding=\"async\" class=\"aligncenter\" src=\"https:\/\/innow.pl\/wp-content\/uploads\/2024\/11\/Tapicerki.jpg\" \/><\/a><\/p>\n<p style=\"text-align: left\">Do wyrobu dokupi\u0107 mo\u017cna wyposa\u017cenie dodatkowe &#8211; informacje poni\u017cej.<\/p>\n","protected":false},"excerpt":{"rendered":"<p>PRODUKCJA WSTRZYMANA! Wielofunkcyjny fotel rehabilitacyjny, geriatryczny (dla seniora, dla os\u00f3b starszych), piel\u0119gnacyjny b\u0119d\u0105cy \u015bwietnym rozwi\u0105zaniem dla os\u00f3b, kt\u00f3re zmuszone by\u0142y do d\u0142ugotrwa\u0142ego przebywania w \u0142\u00f3\u017cku w pozycji le\u017c\u0105cej. Osoby niepe\u0142nosprawne ruchowo, czy te\u017c starsze, mog\u0105 na fotelu tym by\u0107 transportowane nawet na zewn\u0105trz, dzi\u0119ki 4 ko\u0142om, w tym 2 du\u017cym przednim, pozwalaj\u0105cym nawet na pokonywanie [&hellip;]<\/p>\n","protected":false},"featured_media":43222,"comment_status":"open","ping_status":"closed","template":"","meta":{"_acf_changed":false},"product_brand":[],"product_cat":[480,438],"product_tag":[],"class_list":{"0":"post-43219","1":"product","2":"type-product","3":"status-publish","4":"has-post-thumbnail","6":"product_cat-fotele-rehabilitacyjne","7":"product_cat-pielegnacja-i-rehabilitacja","8":"pa_dlugosc-166-cm","9":"pa_dlugosc-oparcia-76-cm","10":"pa_dlugosc-podnozka-40-cm","11":"pa_dlugosc-siedziska-50-cm","12":"pa_odchylanie-siedziska-hydrauliczna-regulacja-siedziska","13":"pa_odchylanie-siedziska-siedzisko-stale","14":"pa_odchylanie-siedziska-siedzisko-stale-udzwig-180-kg","15":"pa_szerokosc-siedziska-50-cm","16":"pa_wysokosc-siedziska-58-cm","18":"first","19":"instock","20":"taxable","21":"shipping-taxable","22":"purchasable","23":"product-type-variable"},"acf":[],"yoast_head":"<!-- This site is optimized with the Yoast SEO plugin v27.4 - https:\/\/yoast.com\/product\/yoast-seo-wordpress\/ -->\n<title>F301 TRAPER - Fotel rehabilitacyjny, geriatryczny (dla seniora), piel\u0119gnacyjny - INNOW<\/title>\n<meta name=\"description\" content=\"Mobilny fotel rehabilitacyjny, geriatryczny (dla seniora), piel\u0119gnacyjny z du\u017cymi przednimi ko\u0142ami, 3-cz\u0119\u015bciowym le\u017cyskiem i podparciem st\u00f3p. Zobacz wi\u0119cej!\" \/>\n<meta name=\"robots\" content=\"index, follow, max-snippet:-1, max-image-preview:large, max-video-preview:-1\" \/>\n<link rel=\"canonical\" href=\"https:\/\/innow.pl\/produkt\/f301-traper-fotel-rehabilitacyjny-geriatryczny-dla-seniora-pielegnacyjny\/\" \/>\n<meta property=\"og:locale\" content=\"en_US\" \/>\n<meta property=\"og:type\" content=\"article\" \/>\n<meta property=\"og:title\" content=\"F301 TRAPER - Fotel rehabilitacyjny, geriatryczny (dla seniora), piel\u0119gnacyjny - INNOW\" \/>\n<meta property=\"og:description\" content=\"Mobilny fotel rehabilitacyjny, geriatryczny (dla seniora), piel\u0119gnacyjny z du\u017cymi przednimi ko\u0142ami, 3-cz\u0119\u015bciowym le\u017cyskiem i podparciem st\u00f3p. Zobacz wi\u0119cej!\" \/>\n<meta property=\"og:url\" content=\"https:\/\/innow.pl\/produkt\/f301-traper-fotel-rehabilitacyjny-geriatryczny-dla-seniora-pielegnacyjny\/\" \/>\n<meta property=\"og:site_name\" content=\"INNOW\" \/>\n<meta property=\"article:modified_time\" content=\"2026-03-17T12:58:29+00:00\" \/>\n<meta property=\"og:image\" content=\"https:\/\/innow.pl\/wp-content\/uploads\/2024\/11\/F301_staly_1.jpg\" \/>\n\t<meta property=\"og:image:width\" content=\"800\" \/>\n\t<meta property=\"og:image:height\" content=\"800\" \/>\n\t<meta property=\"og:image:type\" content=\"image\/jpeg\" \/>\n<meta name=\"twitter:card\" content=\"summary_large_image\" \/>\n<meta name=\"twitter:label1\" content=\"Est. reading time\" \/>\n\t<meta name=\"twitter:data1\" content=\"2 minutes\" \/>\n<script type=\"application\/ld+json\" class=\"yoast-schema-graph\">{\"@context\":\"https:\\\/\\\/schema.org\",\"@graph\":[{\"@type\":\"WebPage\",\"@id\":\"https:\\\/\\\/innow.pl\\\/produkt\\\/f301-traper-fotel-rehabilitacyjny-geriatryczny-dla-seniora-pielegnacyjny\\\/\",\"url\":\"https:\\\/\\\/innow.pl\\\/produkt\\\/f301-traper-fotel-rehabilitacyjny-geriatryczny-dla-seniora-pielegnacyjny\\\/\",\"name\":\"F301 TRAPER - Fotel rehabilitacyjny, geriatryczny (dla seniora), piel\u0119gnacyjny - INNOW\",\"isPartOf\":{\"@id\":\"https:\\\/\\\/innow.pl\\\/#website\"},\"primaryImageOfPage\":{\"@id\":\"https:\\\/\\\/innow.pl\\\/produkt\\\/f301-traper-fotel-rehabilitacyjny-geriatryczny-dla-seniora-pielegnacyjny\\\/#primaryimage\"},\"image\":{\"@id\":\"https:\\\/\\\/innow.pl\\\/produkt\\\/f301-traper-fotel-rehabilitacyjny-geriatryczny-dla-seniora-pielegnacyjny\\\/#primaryimage\"},\"thumbnailUrl\":\"https:\\\/\\\/innow.pl\\\/wp-content\\\/uploads\\\/2024\\\/11\\\/F301_staly_1.jpg\",\"datePublished\":\"2021-08-26T05:25:15+00:00\",\"dateModified\":\"2026-03-17T12:58:29+00:00\",\"description\":\"Mobilny fotel rehabilitacyjny, geriatryczny (dla seniora), piel\u0119gnacyjny z du\u017cymi przednimi ko\u0142ami, 3-cz\u0119\u015bciowym le\u017cyskiem i podparciem st\u00f3p. Zobacz wi\u0119cej!\",\"breadcrumb\":{\"@id\":\"https:\\\/\\\/innow.pl\\\/produkt\\\/f301-traper-fotel-rehabilitacyjny-geriatryczny-dla-seniora-pielegnacyjny\\\/#breadcrumb\"},\"inLanguage\":\"en-US\",\"potentialAction\":[{\"@type\":\"ReadAction\",\"target\":[\"https:\\\/\\\/innow.pl\\\/produkt\\\/f301-traper-fotel-rehabilitacyjny-geriatryczny-dla-seniora-pielegnacyjny\\\/\"]}]},{\"@type\":\"ImageObject\",\"inLanguage\":\"en-US\",\"@id\":\"https:\\\/\\\/innow.pl\\\/produkt\\\/f301-traper-fotel-rehabilitacyjny-geriatryczny-dla-seniora-pielegnacyjny\\\/#primaryimage\",\"url\":\"https:\\\/\\\/innow.pl\\\/wp-content\\\/uploads\\\/2024\\\/11\\\/F301_staly_1.jpg\",\"contentUrl\":\"https:\\\/\\\/innow.pl\\\/wp-content\\\/uploads\\\/2024\\\/11\\\/F301_staly_1.jpg\",\"width\":800,\"height\":800,\"caption\":\"F301 TRAPER \u2013 Fotel rehabilitacyjny, geriatryczny (dla seniora), piel\u0119gnacyjny ze sta\u0142ym siedziskiem\"},{\"@type\":\"BreadcrumbList\",\"@id\":\"https:\\\/\\\/innow.pl\\\/produkt\\\/f301-traper-fotel-rehabilitacyjny-geriatryczny-dla-seniora-pielegnacyjny\\\/#breadcrumb\",\"itemListElement\":[{\"@type\":\"ListItem\",\"position\":1,\"name\":\"INNOW\",\"item\":\"https:\\\/\\\/innow.pl\\\/en\\\/\"},{\"@type\":\"ListItem\",\"position\":2,\"name\":\"Produkty\",\"item\":\"https:\\\/\\\/innow.pl\\\/produkty\\\/\"},{\"@type\":\"ListItem\",\"position\":3,\"name\":\"Piel\u0119gnacja i rehabilitacja\",\"item\":\"https:\\\/\\\/innow.pl\\\/produkty\\\/pielegnacja-i-rehabilitacja\\\/\"},{\"@type\":\"ListItem\",\"position\":4,\"name\":\"Fotele rehabilitacyjne, dla seniora\",\"item\":\"https:\\\/\\\/innow.pl\\\/produkty\\\/pielegnacja-i-rehabilitacja\\\/fotele-rehabilitacyjne\\\/\"},{\"@type\":\"ListItem\",\"position\":5,\"name\":\"F301 TRAPER &#8211; Fotel rehabilitacyjny, geriatryczny (dla seniora), piel\u0119gnacyjny\"}]},{\"@type\":\"WebSite\",\"@id\":\"https:\\\/\\\/innow.pl\\\/#website\",\"url\":\"https:\\\/\\\/innow.pl\\\/\",\"name\":\"INNOW\",\"description\":\"\",\"potentialAction\":[{\"@type\":\"SearchAction\",\"target\":{\"@type\":\"EntryPoint\",\"urlTemplate\":\"https:\\\/\\\/innow.pl\\\/?s={search_term_string}\"},\"query-input\":{\"@type\":\"PropertyValueSpecification\",\"valueRequired\":true,\"valueName\":\"search_term_string\"}}],\"inLanguage\":\"en-US\"}]}<\/script>\n<!-- \/ Yoast SEO plugin. -->","yoast_head_json":{"title":"F301 TRAPER - Fotel rehabilitacyjny, geriatryczny (dla seniora), piel\u0119gnacyjny - INNOW","description":"Mobilny fotel rehabilitacyjny, geriatryczny (dla seniora), piel\u0119gnacyjny z du\u017cymi przednimi ko\u0142ami, 3-cz\u0119\u015bciowym le\u017cyskiem i podparciem st\u00f3p. Zobacz wi\u0119cej!","robots":{"index":"index","follow":"follow","max-snippet":"max-snippet:-1","max-image-preview":"max-image-preview:large","max-video-preview":"max-video-preview:-1"},"canonical":"https:\/\/innow.pl\/produkt\/f301-traper-fotel-rehabilitacyjny-geriatryczny-dla-seniora-pielegnacyjny\/","og_locale":"en_US","og_type":"article","og_title":"F301 TRAPER - Fotel rehabilitacyjny, geriatryczny (dla seniora), piel\u0119gnacyjny - INNOW","og_description":"Mobilny fotel rehabilitacyjny, geriatryczny (dla seniora), piel\u0119gnacyjny z du\u017cymi przednimi ko\u0142ami, 3-cz\u0119\u015bciowym le\u017cyskiem i podparciem st\u00f3p. Zobacz wi\u0119cej!","og_url":"https:\/\/innow.pl\/produkt\/f301-traper-fotel-rehabilitacyjny-geriatryczny-dla-seniora-pielegnacyjny\/","og_site_name":"INNOW","article_modified_time":"2026-03-17T12:58:29+00:00","og_image":[{"width":800,"height":800,"url":"https:\/\/innow.pl\/wp-content\/uploads\/2024\/11\/F301_staly_1.jpg","type":"image\/jpeg"}],"twitter_card":"summary_large_image","twitter_misc":{"Est. reading time":"2 minutes"},"schema":{"@context":"https:\/\/schema.org","@graph":[{"@type":"WebPage","@id":"https:\/\/innow.pl\/produkt\/f301-traper-fotel-rehabilitacyjny-geriatryczny-dla-seniora-pielegnacyjny\/","url":"https:\/\/innow.pl\/produkt\/f301-traper-fotel-rehabilitacyjny-geriatryczny-dla-seniora-pielegnacyjny\/","name":"F301 TRAPER - Fotel rehabilitacyjny, geriatryczny (dla seniora), piel\u0119gnacyjny - INNOW","isPartOf":{"@id":"https:\/\/innow.pl\/#website"},"primaryImageOfPage":{"@id":"https:\/\/innow.pl\/produkt\/f301-traper-fotel-rehabilitacyjny-geriatryczny-dla-seniora-pielegnacyjny\/#primaryimage"},"image":{"@id":"https:\/\/innow.pl\/produkt\/f301-traper-fotel-rehabilitacyjny-geriatryczny-dla-seniora-pielegnacyjny\/#primaryimage"},"thumbnailUrl":"https:\/\/innow.pl\/wp-content\/uploads\/2024\/11\/F301_staly_1.jpg","datePublished":"2021-08-26T05:25:15+00:00","dateModified":"2026-03-17T12:58:29+00:00","description":"Mobilny fotel rehabilitacyjny, geriatryczny (dla seniora), piel\u0119gnacyjny z du\u017cymi przednimi ko\u0142ami, 3-cz\u0119\u015bciowym le\u017cyskiem i podparciem st\u00f3p. Zobacz wi\u0119cej!","breadcrumb":{"@id":"https:\/\/innow.pl\/produkt\/f301-traper-fotel-rehabilitacyjny-geriatryczny-dla-seniora-pielegnacyjny\/#breadcrumb"},"inLanguage":"en-US","potentialAction":[{"@type":"ReadAction","target":["https:\/\/innow.pl\/produkt\/f301-traper-fotel-rehabilitacyjny-geriatryczny-dla-seniora-pielegnacyjny\/"]}]},{"@type":"ImageObject","inLanguage":"en-US","@id":"https:\/\/innow.pl\/produkt\/f301-traper-fotel-rehabilitacyjny-geriatryczny-dla-seniora-pielegnacyjny\/#primaryimage","url":"https:\/\/innow.pl\/wp-content\/uploads\/2024\/11\/F301_staly_1.jpg","contentUrl":"https:\/\/innow.pl\/wp-content\/uploads\/2024\/11\/F301_staly_1.jpg","width":800,"height":800,"caption":"F301 TRAPER \u2013 Fotel rehabilitacyjny, geriatryczny (dla seniora), piel\u0119gnacyjny ze sta\u0142ym siedziskiem"},{"@type":"BreadcrumbList","@id":"https:\/\/innow.pl\/produkt\/f301-traper-fotel-rehabilitacyjny-geriatryczny-dla-seniora-pielegnacyjny\/#breadcrumb","itemListElement":[{"@type":"ListItem","position":1,"name":"INNOW","item":"https:\/\/innow.pl\/en\/"},{"@type":"ListItem","position":2,"name":"Produkty","item":"https:\/\/innow.pl\/produkty\/"},{"@type":"ListItem","position":3,"name":"Piel\u0119gnacja i rehabilitacja","item":"https:\/\/innow.pl\/produkty\/pielegnacja-i-rehabilitacja\/"},{"@type":"ListItem","position":4,"name":"Fotele rehabilitacyjne, dla seniora","item":"https:\/\/innow.pl\/produkty\/pielegnacja-i-rehabilitacja\/fotele-rehabilitacyjne\/"},{"@type":"ListItem","position":5,"name":"F301 TRAPER &#8211; Fotel rehabilitacyjny, geriatryczny (dla seniora), piel\u0119gnacyjny"}]},{"@type":"WebSite","@id":"https:\/\/innow.pl\/#website","url":"https:\/\/innow.pl\/","name":"INNOW","description":"","potentialAction":[{"@type":"SearchAction","target":{"@type":"EntryPoint","urlTemplate":"https:\/\/innow.pl\/?s={search_term_string}"},"query-input":{"@type":"PropertyValueSpecification","valueRequired":true,"valueName":"search_term_string"}}],"inLanguage":"en-US"}]}},"_links":{"self":[{"href":"https:\/\/innow.pl\/en\/wp-json\/wp\/v2\/product\/43219","targetHints":{"allow":["GET"]}}],"collection":[{"href":"https:\/\/innow.pl\/en\/wp-json\/wp\/v2\/product"}],"about":[{"href":"https:\/\/innow.pl\/en\/wp-json\/wp\/v2\/types\/product"}],"replies":[{"embeddable":true,"href":"https:\/\/innow.pl\/en\/wp-json\/wp\/v2\/comments?post=43219"}],"wp:featuredmedia":[{"embeddable":true,"href":"https:\/\/innow.pl\/en\/wp-json\/wp\/v2\/media\/43222"}],"wp:attachment":[{"href":"https:\/\/innow.pl\/en\/wp-json\/wp\/v2\/media?parent=43219"}],"wp:term":[{"taxonomy":"product_brand","embeddable":true,"href":"https:\/\/innow.pl\/en\/wp-json\/wp\/v2\/product_brand?post=43219"},{"taxonomy":"product_cat","embeddable":true,"href":"https:\/\/innow.pl\/en\/wp-json\/wp\/v2\/product_cat?post=43219"},{"taxonomy":"product_tag","embeddable":true,"href":"https:\/\/innow.pl\/en\/wp-json\/wp\/v2\/product_tag?post=43219"}],"curies":[{"name":"wp","href":"https:\/\/api.w.org\/{rel}","templated":true}]}}