{"id":43184,"date":"2021-08-20T11:55:44","date_gmt":"2021-08-20T09:55:44","guid":{"rendered":"https:\/\/innow.pl\/produkt\/stp405-e-evo-stol-pielegnacyjno-transportowy\/"},"modified":"2026-01-30T11:20:40","modified_gmt":"2026-01-30T10:20:40","slug":"stp405-e-evo-stol-pielegnacyjno-transportowy","status":"publish","type":"product","link":"https:\/\/innow.pl\/en\/produkt\/stp405-e-evo-stol-pielegnacyjno-transportowy\/","title":{"rendered":"STP405 E EVO &#8211; St\u00f3\u0142 piel\u0119gnacyjno &#8211; transportowy"},"content":{"rendered":"<p>St\u00f3\u0142 piel\u0119gnacyjno-transportowy z elektryczn\u0105 regulacj\u0105 wysoko\u015bci. Przeznaczony jest do stosowania podczas piel\u0119gnacji, wykonywania czynno\u015bci sanitarno-higienicznych, przeprowadzania bada\u0144, przewozu pacjent\u00f3w a tak\u017ce przewijania os\u00f3b chorych i niepe\u0142nosprawnych.<\/p>\n<p>Jest szczeg\u00f3lnie przydatny w szpitalach, gabinetach rehabilitacyjnych i zabiegowych oraz w plac\u00f3wkach pomocy spo\u0142ecznej.<\/p>\n<p>Po\u0142o\u017cenie le\u017cyska (wysoko\u015b\u0107) reguluje si\u0119 elektrycznie za pomoc\u0105 pilota r\u0119cznego.<\/p>\n<p>Cech\u0105 wyr\u00f3\u017cniaj\u0105c\u0105 sto\u0142y z serii STP s\u0105 rolki umieszczone w \u015brodkowej cz\u0119\u015bci le\u017cyska, kt\u00f3re u\u0142atwiaj\u0105 obracanie pacjenta. Jest to szczeg\u00f3lnie pomocne przy wykonywaniu zabieg\u00f3w piel\u0119gnacyjnych.<\/p>\n<p>Barierki boczne w pozycji podniesionej chroni\u0105 pacjenta przed wypadni\u0119ciem ze sto\u0142u, natomiast opuszczone u\u0142atwiaj\u0105 bezpieczne przemieszczenie go na \u0142\u00f3\u017cko, st\u00f3\u0142 zabiegowy, itp.<\/p>\n<p><a style=\"color: #3f5ae0;\" href=\"https:\/\/innow.pl\/produkt\/centralny-system-hamowania\/\">Centralny system hamowania<\/a> w standardzie.<\/p>\n<p><em>Na zdj\u0119ciach przedstawiony jest st\u00f3\u0142:<\/em><\/p>\n<ul>\n<li><em>1-5: w podstawowej wersji,<\/em><\/li>\n<li><em>6-8: z wyposa\u017ceniem opcjonalnym &#8211; podnoszone oparcie plec\u00f3w<\/em><\/li>\n<li><em>9-12: z wyposa\u017ceniem opcjonalnym &#8211; barierki bezkolizyjne<\/em><\/li>\n<li><em>13-15: z wyposa\u017ceniem opcjonalnym &#8211; podnoszone oparcie plec\u00f3w, barierki bezkolizyjne.<\/em><\/li>\n<\/ul>\n<p style=\"text-align: center;\"><a>Informacje o w\u0142a\u015bciwo\u015bciach dost\u0119pnych <strong>materia\u0142\u00f3w obiciowych<\/strong> dost\u0119pne po klikni\u0119ciu w zdj\u0119cie:<\/a> <a href=\"https:\/\/innow.pl\/publikacje\/KatalogPDF\/Pokrycia-obiciowe-tapicerki.pdf\" target=\"_blank\" rel=\"noopener\"><img decoding=\"async\" class=\"aligncenter\" src=\"https:\/\/innow.pl\/wp-content\/uploads\/2024\/11\/Tapicerki.jpg\" \/><\/a><\/p>\n","protected":false},"excerpt":{"rendered":"<p>St\u00f3\u0142 piel\u0119gnacyjno-transportowy z elektryczn\u0105 regulacj\u0105 wysoko\u015bci. Przeznaczony jest do stosowania podczas piel\u0119gnacji, wykonywania czynno\u015bci sanitarno-higienicznych, przeprowadzania bada\u0144, przewozu pacjent\u00f3w a tak\u017ce przewijania os\u00f3b chorych i niepe\u0142nosprawnych. Jest szczeg\u00f3lnie przydatny w szpitalach, gabinetach rehabilitacyjnych i zabiegowych oraz w plac\u00f3wkach pomocy spo\u0142ecznej. Po\u0142o\u017cenie le\u017cyska (wysoko\u015b\u0107) reguluje si\u0119 elektrycznie za pomoc\u0105 pilota r\u0119cznego. Cech\u0105 wyr\u00f3\u017cniaj\u0105c\u0105 sto\u0142y z serii [&hellip;]<\/p>\n","protected":false},"featured_media":43187,"comment_status":"open","ping_status":"closed","template":"","meta":{"_acf_changed":false},"product_brand":[],"product_cat":[438,447,521,515,439],"product_tag":[],"class_list":{"0":"post-43184","1":"product","2":"type-product","3":"status-publish","4":"has-post-thumbnail","6":"product_cat-pielegnacja-i-rehabilitacja","7":"product_cat-stoly-do-pielegnacji-niepelnosprawnych-przewijaki","8":"product_cat-stoly-o-regulowanej-wysokosci","9":"product_cat-stoly-do-transportu-chorych","10":"product_cat-transport","11":"pa_dlugosc-calkowita-203-cm","12":"pa_dlugosc-lezyska-190-cm","13":"pa_szerokosc-calkowita-83-cm","14":"pa_szerokosc-lezyska-70-cm","16":"first","17":"instock","18":"taxable","19":"shipping-taxable","20":"purchasable","21":"product-type-simple"},"acf":[],"yoast_head":"<!-- This site is optimized with the Yoast SEO plugin v27.4 - https:\/\/yoast.com\/product\/yoast-seo-wordpress\/ -->\n<title>STP405 E EVO - St\u00f3\u0142 piel\u0119gnacyjno - transportowy - INNOW<\/title>\n<meta name=\"description\" content=\"Elektryczny st\u00f3\u0142 piel\u0119gnacyjno-transportowy do piel\u0119gnacji, wykonywania czynno\u015bci sanitarno-higienicznych, przeprowadzania bada\u0144 oraz transportu pacjent\u00f3w\" \/>\n<meta name=\"robots\" content=\"index, follow, max-snippet:-1, max-image-preview:large, max-video-preview:-1\" \/>\n<link rel=\"canonical\" href=\"https:\/\/innow.pl\/produkt\/stp405-e-evo-stol-pielegnacyjno-transportowy\/\" \/>\n<meta property=\"og:locale\" content=\"en_US\" \/>\n<meta property=\"og:type\" content=\"article\" \/>\n<meta property=\"og:title\" content=\"STP405 E EVO - St\u00f3\u0142 piel\u0119gnacyjno - transportowy - INNOW\" \/>\n<meta property=\"og:description\" content=\"Elektryczny st\u00f3\u0142 piel\u0119gnacyjno-transportowy do piel\u0119gnacji, wykonywania czynno\u015bci sanitarno-higienicznych, przeprowadzania bada\u0144 oraz transportu pacjent\u00f3w\" \/>\n<meta property=\"og:url\" content=\"https:\/\/innow.pl\/produkt\/stp405-e-evo-stol-pielegnacyjno-transportowy\/\" \/>\n<meta property=\"og:site_name\" content=\"INNOW\" \/>\n<meta property=\"article:modified_time\" content=\"2026-01-30T10:20:40+00:00\" \/>\n<meta property=\"og:image\" content=\"https:\/\/innow.pl\/wp-content\/uploads\/2024\/11\/STP405EEVO_4.jpg\" \/>\n\t<meta property=\"og:image:width\" content=\"800\" \/>\n\t<meta property=\"og:image:height\" content=\"800\" \/>\n\t<meta property=\"og:image:type\" content=\"image\/jpeg\" \/>\n<meta name=\"twitter:card\" content=\"summary_large_image\" \/>\n<meta name=\"twitter:label1\" content=\"Est. reading time\" \/>\n\t<meta name=\"twitter:data1\" content=\"2 minutes\" \/>\n<script type=\"application\/ld+json\" class=\"yoast-schema-graph\">{\"@context\":\"https:\\\/\\\/schema.org\",\"@graph\":[{\"@type\":\"WebPage\",\"@id\":\"https:\\\/\\\/innow.pl\\\/produkt\\\/stp405-e-evo-stol-pielegnacyjno-transportowy\\\/\",\"url\":\"https:\\\/\\\/innow.pl\\\/produkt\\\/stp405-e-evo-stol-pielegnacyjno-transportowy\\\/\",\"name\":\"STP405 E EVO - St\u00f3\u0142 piel\u0119gnacyjno - transportowy - INNOW\",\"isPartOf\":{\"@id\":\"https:\\\/\\\/innow.pl\\\/#website\"},\"primaryImageOfPage\":{\"@id\":\"https:\\\/\\\/innow.pl\\\/produkt\\\/stp405-e-evo-stol-pielegnacyjno-transportowy\\\/#primaryimage\"},\"image\":{\"@id\":\"https:\\\/\\\/innow.pl\\\/produkt\\\/stp405-e-evo-stol-pielegnacyjno-transportowy\\\/#primaryimage\"},\"thumbnailUrl\":\"https:\\\/\\\/innow.pl\\\/wp-content\\\/uploads\\\/2024\\\/11\\\/STP405EEVO_4.jpg\",\"datePublished\":\"2021-08-20T09:55:44+00:00\",\"dateModified\":\"2026-01-30T10:20:40+00:00\",\"description\":\"Elektryczny st\u00f3\u0142 piel\u0119gnacyjno-transportowy do piel\u0119gnacji, wykonywania czynno\u015bci sanitarno-higienicznych, przeprowadzania bada\u0144 oraz transportu pacjent\u00f3w\",\"breadcrumb\":{\"@id\":\"https:\\\/\\\/innow.pl\\\/produkt\\\/stp405-e-evo-stol-pielegnacyjno-transportowy\\\/#breadcrumb\"},\"inLanguage\":\"en-US\",\"potentialAction\":[{\"@type\":\"ReadAction\",\"target\":[\"https:\\\/\\\/innow.pl\\\/produkt\\\/stp405-e-evo-stol-pielegnacyjno-transportowy\\\/\"]}]},{\"@type\":\"ImageObject\",\"inLanguage\":\"en-US\",\"@id\":\"https:\\\/\\\/innow.pl\\\/produkt\\\/stp405-e-evo-stol-pielegnacyjno-transportowy\\\/#primaryimage\",\"url\":\"https:\\\/\\\/innow.pl\\\/wp-content\\\/uploads\\\/2024\\\/11\\\/STP405EEVO_4.jpg\",\"contentUrl\":\"https:\\\/\\\/innow.pl\\\/wp-content\\\/uploads\\\/2024\\\/11\\\/STP405EEVO_4.jpg\",\"width\":800,\"height\":800},{\"@type\":\"BreadcrumbList\",\"@id\":\"https:\\\/\\\/innow.pl\\\/produkt\\\/stp405-e-evo-stol-pielegnacyjno-transportowy\\\/#breadcrumb\",\"itemListElement\":[{\"@type\":\"ListItem\",\"position\":1,\"name\":\"INNOW\",\"item\":\"https:\\\/\\\/innow.pl\\\/en\\\/\"},{\"@type\":\"ListItem\",\"position\":2,\"name\":\"Produkty\",\"item\":\"https:\\\/\\\/innow.pl\\\/produkty\\\/\"},{\"@type\":\"ListItem\",\"position\":3,\"name\":\"Transport\",\"item\":\"https:\\\/\\\/innow.pl\\\/produkty\\\/transport\\\/\"},{\"@type\":\"ListItem\",\"position\":4,\"name\":\"Sto\u0142y, w\u00f3zki do transportu chorych\",\"item\":\"https:\\\/\\\/innow.pl\\\/produkty\\\/transport\\\/stoly-do-transportu-chorych\\\/\"},{\"@type\":\"ListItem\",\"position\":5,\"name\":\"Sto\u0142y o regulowanej wysoko\u015bci\",\"item\":\"https:\\\/\\\/innow.pl\\\/produkty\\\/transport\\\/stoly-do-transportu-chorych\\\/stoly-o-regulowanej-wysokosci\\\/\"},{\"@type\":\"ListItem\",\"position\":6,\"name\":\"STP405 E EVO &#8211; St\u00f3\u0142 piel\u0119gnacyjno &#8211; transportowy\"}]},{\"@type\":\"WebSite\",\"@id\":\"https:\\\/\\\/innow.pl\\\/#website\",\"url\":\"https:\\\/\\\/innow.pl\\\/\",\"name\":\"INNOW\",\"description\":\"\",\"potentialAction\":[{\"@type\":\"SearchAction\",\"target\":{\"@type\":\"EntryPoint\",\"urlTemplate\":\"https:\\\/\\\/innow.pl\\\/?s={search_term_string}\"},\"query-input\":{\"@type\":\"PropertyValueSpecification\",\"valueRequired\":true,\"valueName\":\"search_term_string\"}}],\"inLanguage\":\"en-US\"}]}<\/script>\n<!-- \/ Yoast SEO plugin. -->","yoast_head_json":{"title":"STP405 E EVO - St\u00f3\u0142 piel\u0119gnacyjno - transportowy - INNOW","description":"Elektryczny st\u00f3\u0142 piel\u0119gnacyjno-transportowy do piel\u0119gnacji, wykonywania czynno\u015bci sanitarno-higienicznych, przeprowadzania bada\u0144 oraz transportu pacjent\u00f3w","robots":{"index":"index","follow":"follow","max-snippet":"max-snippet:-1","max-image-preview":"max-image-preview:large","max-video-preview":"max-video-preview:-1"},"canonical":"https:\/\/innow.pl\/produkt\/stp405-e-evo-stol-pielegnacyjno-transportowy\/","og_locale":"en_US","og_type":"article","og_title":"STP405 E EVO - St\u00f3\u0142 piel\u0119gnacyjno - transportowy - INNOW","og_description":"Elektryczny st\u00f3\u0142 piel\u0119gnacyjno-transportowy do piel\u0119gnacji, wykonywania czynno\u015bci sanitarno-higienicznych, przeprowadzania bada\u0144 oraz transportu pacjent\u00f3w","og_url":"https:\/\/innow.pl\/produkt\/stp405-e-evo-stol-pielegnacyjno-transportowy\/","og_site_name":"INNOW","article_modified_time":"2026-01-30T10:20:40+00:00","og_image":[{"width":800,"height":800,"url":"https:\/\/innow.pl\/wp-content\/uploads\/2024\/11\/STP405EEVO_4.jpg","type":"image\/jpeg"}],"twitter_card":"summary_large_image","twitter_misc":{"Est. reading time":"2 minutes"},"schema":{"@context":"https:\/\/schema.org","@graph":[{"@type":"WebPage","@id":"https:\/\/innow.pl\/produkt\/stp405-e-evo-stol-pielegnacyjno-transportowy\/","url":"https:\/\/innow.pl\/produkt\/stp405-e-evo-stol-pielegnacyjno-transportowy\/","name":"STP405 E EVO - St\u00f3\u0142 piel\u0119gnacyjno - transportowy - INNOW","isPartOf":{"@id":"https:\/\/innow.pl\/#website"},"primaryImageOfPage":{"@id":"https:\/\/innow.pl\/produkt\/stp405-e-evo-stol-pielegnacyjno-transportowy\/#primaryimage"},"image":{"@id":"https:\/\/innow.pl\/produkt\/stp405-e-evo-stol-pielegnacyjno-transportowy\/#primaryimage"},"thumbnailUrl":"https:\/\/innow.pl\/wp-content\/uploads\/2024\/11\/STP405EEVO_4.jpg","datePublished":"2021-08-20T09:55:44+00:00","dateModified":"2026-01-30T10:20:40+00:00","description":"Elektryczny st\u00f3\u0142 piel\u0119gnacyjno-transportowy do piel\u0119gnacji, wykonywania czynno\u015bci sanitarno-higienicznych, przeprowadzania bada\u0144 oraz transportu pacjent\u00f3w","breadcrumb":{"@id":"https:\/\/innow.pl\/produkt\/stp405-e-evo-stol-pielegnacyjno-transportowy\/#breadcrumb"},"inLanguage":"en-US","potentialAction":[{"@type":"ReadAction","target":["https:\/\/innow.pl\/produkt\/stp405-e-evo-stol-pielegnacyjno-transportowy\/"]}]},{"@type":"ImageObject","inLanguage":"en-US","@id":"https:\/\/innow.pl\/produkt\/stp405-e-evo-stol-pielegnacyjno-transportowy\/#primaryimage","url":"https:\/\/innow.pl\/wp-content\/uploads\/2024\/11\/STP405EEVO_4.jpg","contentUrl":"https:\/\/innow.pl\/wp-content\/uploads\/2024\/11\/STP405EEVO_4.jpg","width":800,"height":800},{"@type":"BreadcrumbList","@id":"https:\/\/innow.pl\/produkt\/stp405-e-evo-stol-pielegnacyjno-transportowy\/#breadcrumb","itemListElement":[{"@type":"ListItem","position":1,"name":"INNOW","item":"https:\/\/innow.pl\/en\/"},{"@type":"ListItem","position":2,"name":"Produkty","item":"https:\/\/innow.pl\/produkty\/"},{"@type":"ListItem","position":3,"name":"Transport","item":"https:\/\/innow.pl\/produkty\/transport\/"},{"@type":"ListItem","position":4,"name":"Sto\u0142y, w\u00f3zki do transportu chorych","item":"https:\/\/innow.pl\/produkty\/transport\/stoly-do-transportu-chorych\/"},{"@type":"ListItem","position":5,"name":"Sto\u0142y o regulowanej wysoko\u015bci","item":"https:\/\/innow.pl\/produkty\/transport\/stoly-do-transportu-chorych\/stoly-o-regulowanej-wysokosci\/"},{"@type":"ListItem","position":6,"name":"STP405 E EVO &#8211; St\u00f3\u0142 piel\u0119gnacyjno &#8211; transportowy"}]},{"@type":"WebSite","@id":"https:\/\/innow.pl\/#website","url":"https:\/\/innow.pl\/","name":"INNOW","description":"","potentialAction":[{"@type":"SearchAction","target":{"@type":"EntryPoint","urlTemplate":"https:\/\/innow.pl\/?s={search_term_string}"},"query-input":{"@type":"PropertyValueSpecification","valueRequired":true,"valueName":"search_term_string"}}],"inLanguage":"en-US"}]}},"_links":{"self":[{"href":"https:\/\/innow.pl\/en\/wp-json\/wp\/v2\/product\/43184","targetHints":{"allow":["GET"]}}],"collection":[{"href":"https:\/\/innow.pl\/en\/wp-json\/wp\/v2\/product"}],"about":[{"href":"https:\/\/innow.pl\/en\/wp-json\/wp\/v2\/types\/product"}],"replies":[{"embeddable":true,"href":"https:\/\/innow.pl\/en\/wp-json\/wp\/v2\/comments?post=43184"}],"wp:featuredmedia":[{"embeddable":true,"href":"https:\/\/innow.pl\/en\/wp-json\/wp\/v2\/media\/43187"}],"wp:attachment":[{"href":"https:\/\/innow.pl\/en\/wp-json\/wp\/v2\/media?parent=43184"}],"wp:term":[{"taxonomy":"product_brand","embeddable":true,"href":"https:\/\/innow.pl\/en\/wp-json\/wp\/v2\/product_brand?post=43184"},{"taxonomy":"product_cat","embeddable":true,"href":"https:\/\/innow.pl\/en\/wp-json\/wp\/v2\/product_cat?post=43184"},{"taxonomy":"product_tag","embeddable":true,"href":"https:\/\/innow.pl\/en\/wp-json\/wp\/v2\/product_tag?post=43184"}],"curies":[{"name":"wp","href":"https:\/\/api.w.org\/{rel}","templated":true}]}}