{"id":42772,"date":"2020-06-17T10:34:01","date_gmt":"2020-06-17T08:34:01","guid":{"rendered":"https:\/\/innow.pl\/produkt\/palcat-cwiczen-szermierczych-szczegoly-w-filmie-zrodzeni-szabli\/"},"modified":"2025-02-11T14:23:53","modified_gmt":"2025-02-11T13:23:53","slug":"palcat-cwiczen-szermierczych-szczegoly-w-filmie-zrodzeni-szabli","status":"publish","type":"product","link":"https:\/\/innow.pl\/en\/produkt\/palcat-cwiczen-szermierczych-szczegoly-w-filmie-zrodzeni-szabli\/","title":{"rendered":"Palcat do \u0107wicze\u0144 szermierczych (szczeg\u00f3\u0142y w filmie: &#8220;Zrodzeni do szabli&#8221;), patyk do hobby horse"},"content":{"rendered":"<p>Palcaty wykonane z drewna bukowego. Oba ko\u0144ce r\u0119cznie fazowane. Palcaty zalecane do treningu indywidualnego, dla os\u00f3b doros\u0142ych. &#8212; Mo\u017cliwe zastosowanie jako patyk do hobby horse.<\/p>\n","protected":false},"excerpt":{"rendered":"<p>Palcaty wykonane z drewna bukowego. Oba ko\u0144ce r\u0119cznie fazowane. Palcaty zalecane do treningu indywidualnego, dla os\u00f3b doros\u0142ych. &#8212; Mo\u017cliwe zastosowanie jako patyk do hobby horse.<\/p>\n","protected":false},"featured_media":42774,"comment_status":"open","ping_status":"closed","template":"","meta":{"_acf_changed":false},"product_brand":[],"product_cat":[441,394],"product_tag":[],"class_list":{"0":"post-42772","1":"product","2":"type-product","3":"status-publish","4":"has-post-thumbnail","6":"product_cat-sarmacja","7":"product_cat-sklepik-z-kultura","8":"pa_dlugosc-75-cm","9":"pa_srednica-25-cm","11":"first","12":"instock","13":"taxable","14":"shipping-taxable","15":"purchasable","16":"product-type-simple"},"acf":[],"yoast_head":"<!-- This site is optimized with the Yoast SEO plugin v27.4 - https:\/\/yoast.com\/product\/yoast-seo-wordpress\/ -->\n<title>Palcat do \u0107wicze\u0144 szermierczych (szczeg\u00f3\u0142y w filmie: &quot;Zrodzeni do szabli&quot;), patyk do hobby horse - INNOW<\/title>\n<meta name=\"description\" content=\"Palcat do \u0107wicze\u0144 szermierczych - z nim Sarmaci wzrastali, przygotowywali si\u0119 do zada\u0144 zwi\u0105zanych z obowi\u0105zkiem obrony kraju. Patyk do hobby horse.\" \/>\n<meta name=\"robots\" content=\"index, follow, max-snippet:-1, max-image-preview:large, max-video-preview:-1\" \/>\n<link rel=\"canonical\" href=\"https:\/\/innow.pl\/produkt\/palcat-cwiczen-szermierczych-szczegoly-w-filmie-zrodzeni-szabli\/\" \/>\n<meta property=\"og:locale\" content=\"en_US\" \/>\n<meta property=\"og:type\" content=\"article\" \/>\n<meta property=\"og:title\" content=\"Palcat do \u0107wicze\u0144 szermierczych (szczeg\u00f3\u0142y w filmie: &quot;Zrodzeni do szabli&quot;), patyk do hobby horse - INNOW\" \/>\n<meta property=\"og:description\" content=\"Palcat do \u0107wicze\u0144 szermierczych - z nim Sarmaci wzrastali, przygotowywali si\u0119 do zada\u0144 zwi\u0105zanych z obowi\u0105zkiem obrony kraju. Patyk do hobby horse.\" \/>\n<meta property=\"og:url\" content=\"https:\/\/innow.pl\/produkt\/palcat-cwiczen-szermierczych-szczegoly-w-filmie-zrodzeni-szabli\/\" \/>\n<meta property=\"og:site_name\" content=\"INNOW\" \/>\n<meta property=\"article:modified_time\" content=\"2025-02-11T13:23:53+00:00\" \/>\n<meta property=\"og:image\" content=\"https:\/\/innow.pl\/wp-content\/uploads\/2024\/11\/Palcat_do_cwiczen_szermierczych_1.jpg\" \/>\n\t<meta property=\"og:image:width\" content=\"800\" \/>\n\t<meta property=\"og:image:height\" content=\"800\" \/>\n\t<meta property=\"og:image:type\" content=\"image\/jpeg\" \/>\n<meta name=\"twitter:card\" content=\"summary_large_image\" \/>\n<meta name=\"twitter:label1\" content=\"Est. reading time\" \/>\n\t<meta name=\"twitter:data1\" content=\"1 minute\" \/>\n<script type=\"application\/ld+json\" class=\"yoast-schema-graph\">{\"@context\":\"https:\\\/\\\/schema.org\",\"@graph\":[{\"@type\":\"WebPage\",\"@id\":\"https:\\\/\\\/innow.pl\\\/produkt\\\/palcat-cwiczen-szermierczych-szczegoly-w-filmie-zrodzeni-szabli\\\/\",\"url\":\"https:\\\/\\\/innow.pl\\\/produkt\\\/palcat-cwiczen-szermierczych-szczegoly-w-filmie-zrodzeni-szabli\\\/\",\"name\":\"Palcat do \u0107wicze\u0144 szermierczych (szczeg\u00f3\u0142y w filmie: \\\"Zrodzeni do szabli\\\"), patyk do hobby horse - INNOW\",\"isPartOf\":{\"@id\":\"https:\\\/\\\/innow.pl\\\/#website\"},\"primaryImageOfPage\":{\"@id\":\"https:\\\/\\\/innow.pl\\\/produkt\\\/palcat-cwiczen-szermierczych-szczegoly-w-filmie-zrodzeni-szabli\\\/#primaryimage\"},\"image\":{\"@id\":\"https:\\\/\\\/innow.pl\\\/produkt\\\/palcat-cwiczen-szermierczych-szczegoly-w-filmie-zrodzeni-szabli\\\/#primaryimage\"},\"thumbnailUrl\":\"https:\\\/\\\/innow.pl\\\/wp-content\\\/uploads\\\/2024\\\/11\\\/Palcat_do_cwiczen_szermierczych_1.jpg\",\"datePublished\":\"2020-06-17T08:34:01+00:00\",\"dateModified\":\"2025-02-11T13:23:53+00:00\",\"description\":\"Palcat do \u0107wicze\u0144 szermierczych - z nim Sarmaci wzrastali, przygotowywali si\u0119 do zada\u0144 zwi\u0105zanych z obowi\u0105zkiem obrony kraju. Patyk do hobby horse.\",\"breadcrumb\":{\"@id\":\"https:\\\/\\\/innow.pl\\\/produkt\\\/palcat-cwiczen-szermierczych-szczegoly-w-filmie-zrodzeni-szabli\\\/#breadcrumb\"},\"inLanguage\":\"en-US\",\"potentialAction\":[{\"@type\":\"ReadAction\",\"target\":[\"https:\\\/\\\/innow.pl\\\/produkt\\\/palcat-cwiczen-szermierczych-szczegoly-w-filmie-zrodzeni-szabli\\\/\"]}]},{\"@type\":\"ImageObject\",\"inLanguage\":\"en-US\",\"@id\":\"https:\\\/\\\/innow.pl\\\/produkt\\\/palcat-cwiczen-szermierczych-szczegoly-w-filmie-zrodzeni-szabli\\\/#primaryimage\",\"url\":\"https:\\\/\\\/innow.pl\\\/wp-content\\\/uploads\\\/2024\\\/11\\\/Palcat_do_cwiczen_szermierczych_1.jpg\",\"contentUrl\":\"https:\\\/\\\/innow.pl\\\/wp-content\\\/uploads\\\/2024\\\/11\\\/Palcat_do_cwiczen_szermierczych_1.jpg\",\"width\":800,\"height\":800,\"caption\":\"Palcat do \u0107wicze\u0144 szermierczych - INNOW\"},{\"@type\":\"BreadcrumbList\",\"@id\":\"https:\\\/\\\/innow.pl\\\/produkt\\\/palcat-cwiczen-szermierczych-szczegoly-w-filmie-zrodzeni-szabli\\\/#breadcrumb\",\"itemListElement\":[{\"@type\":\"ListItem\",\"position\":1,\"name\":\"INNOW\",\"item\":\"https:\\\/\\\/innow.pl\\\/en\\\/\"},{\"@type\":\"ListItem\",\"position\":2,\"name\":\"Produkty\",\"item\":\"https:\\\/\\\/innow.pl\\\/produkty\\\/\"},{\"@type\":\"ListItem\",\"position\":3,\"name\":\"Sklepik z kultur\u0105\",\"item\":\"https:\\\/\\\/innow.pl\\\/produkty\\\/sklepik-z-kultura\\\/\"},{\"@type\":\"ListItem\",\"position\":4,\"name\":\"Sarmacja\",\"item\":\"https:\\\/\\\/innow.pl\\\/produkty\\\/sklepik-z-kultura\\\/sarmacja\\\/\"},{\"@type\":\"ListItem\",\"position\":5,\"name\":\"Palcat do \u0107wicze\u0144 szermierczych (szczeg\u00f3\u0142y w filmie: &#8222;Zrodzeni do szabli&#8221;), patyk do hobby horse\"}]},{\"@type\":\"WebSite\",\"@id\":\"https:\\\/\\\/innow.pl\\\/#website\",\"url\":\"https:\\\/\\\/innow.pl\\\/\",\"name\":\"INNOW\",\"description\":\"\",\"potentialAction\":[{\"@type\":\"SearchAction\",\"target\":{\"@type\":\"EntryPoint\",\"urlTemplate\":\"https:\\\/\\\/innow.pl\\\/?s={search_term_string}\"},\"query-input\":{\"@type\":\"PropertyValueSpecification\",\"valueRequired\":true,\"valueName\":\"search_term_string\"}}],\"inLanguage\":\"en-US\"}]}<\/script>\n<!-- \/ Yoast SEO plugin. -->","yoast_head_json":{"title":"Palcat do \u0107wicze\u0144 szermierczych (szczeg\u00f3\u0142y w filmie: \"Zrodzeni do szabli\"), patyk do hobby horse - INNOW","description":"Palcat do \u0107wicze\u0144 szermierczych - z nim Sarmaci wzrastali, przygotowywali si\u0119 do zada\u0144 zwi\u0105zanych z obowi\u0105zkiem obrony kraju. Patyk do hobby horse.","robots":{"index":"index","follow":"follow","max-snippet":"max-snippet:-1","max-image-preview":"max-image-preview:large","max-video-preview":"max-video-preview:-1"},"canonical":"https:\/\/innow.pl\/produkt\/palcat-cwiczen-szermierczych-szczegoly-w-filmie-zrodzeni-szabli\/","og_locale":"en_US","og_type":"article","og_title":"Palcat do \u0107wicze\u0144 szermierczych (szczeg\u00f3\u0142y w filmie: \"Zrodzeni do szabli\"), patyk do hobby horse - INNOW","og_description":"Palcat do \u0107wicze\u0144 szermierczych - z nim Sarmaci wzrastali, przygotowywali si\u0119 do zada\u0144 zwi\u0105zanych z obowi\u0105zkiem obrony kraju. Patyk do hobby horse.","og_url":"https:\/\/innow.pl\/produkt\/palcat-cwiczen-szermierczych-szczegoly-w-filmie-zrodzeni-szabli\/","og_site_name":"INNOW","article_modified_time":"2025-02-11T13:23:53+00:00","og_image":[{"width":800,"height":800,"url":"https:\/\/innow.pl\/wp-content\/uploads\/2024\/11\/Palcat_do_cwiczen_szermierczych_1.jpg","type":"image\/jpeg"}],"twitter_card":"summary_large_image","twitter_misc":{"Est. reading time":"1 minute"},"schema":{"@context":"https:\/\/schema.org","@graph":[{"@type":"WebPage","@id":"https:\/\/innow.pl\/produkt\/palcat-cwiczen-szermierczych-szczegoly-w-filmie-zrodzeni-szabli\/","url":"https:\/\/innow.pl\/produkt\/palcat-cwiczen-szermierczych-szczegoly-w-filmie-zrodzeni-szabli\/","name":"Palcat do \u0107wicze\u0144 szermierczych (szczeg\u00f3\u0142y w filmie: \"Zrodzeni do szabli\"), patyk do hobby horse - INNOW","isPartOf":{"@id":"https:\/\/innow.pl\/#website"},"primaryImageOfPage":{"@id":"https:\/\/innow.pl\/produkt\/palcat-cwiczen-szermierczych-szczegoly-w-filmie-zrodzeni-szabli\/#primaryimage"},"image":{"@id":"https:\/\/innow.pl\/produkt\/palcat-cwiczen-szermierczych-szczegoly-w-filmie-zrodzeni-szabli\/#primaryimage"},"thumbnailUrl":"https:\/\/innow.pl\/wp-content\/uploads\/2024\/11\/Palcat_do_cwiczen_szermierczych_1.jpg","datePublished":"2020-06-17T08:34:01+00:00","dateModified":"2025-02-11T13:23:53+00:00","description":"Palcat do \u0107wicze\u0144 szermierczych - z nim Sarmaci wzrastali, przygotowywali si\u0119 do zada\u0144 zwi\u0105zanych z obowi\u0105zkiem obrony kraju. Patyk do hobby horse.","breadcrumb":{"@id":"https:\/\/innow.pl\/produkt\/palcat-cwiczen-szermierczych-szczegoly-w-filmie-zrodzeni-szabli\/#breadcrumb"},"inLanguage":"en-US","potentialAction":[{"@type":"ReadAction","target":["https:\/\/innow.pl\/produkt\/palcat-cwiczen-szermierczych-szczegoly-w-filmie-zrodzeni-szabli\/"]}]},{"@type":"ImageObject","inLanguage":"en-US","@id":"https:\/\/innow.pl\/produkt\/palcat-cwiczen-szermierczych-szczegoly-w-filmie-zrodzeni-szabli\/#primaryimage","url":"https:\/\/innow.pl\/wp-content\/uploads\/2024\/11\/Palcat_do_cwiczen_szermierczych_1.jpg","contentUrl":"https:\/\/innow.pl\/wp-content\/uploads\/2024\/11\/Palcat_do_cwiczen_szermierczych_1.jpg","width":800,"height":800,"caption":"Palcat do \u0107wicze\u0144 szermierczych - INNOW"},{"@type":"BreadcrumbList","@id":"https:\/\/innow.pl\/produkt\/palcat-cwiczen-szermierczych-szczegoly-w-filmie-zrodzeni-szabli\/#breadcrumb","itemListElement":[{"@type":"ListItem","position":1,"name":"INNOW","item":"https:\/\/innow.pl\/en\/"},{"@type":"ListItem","position":2,"name":"Produkty","item":"https:\/\/innow.pl\/produkty\/"},{"@type":"ListItem","position":3,"name":"Sklepik z kultur\u0105","item":"https:\/\/innow.pl\/produkty\/sklepik-z-kultura\/"},{"@type":"ListItem","position":4,"name":"Sarmacja","item":"https:\/\/innow.pl\/produkty\/sklepik-z-kultura\/sarmacja\/"},{"@type":"ListItem","position":5,"name":"Palcat do \u0107wicze\u0144 szermierczych (szczeg\u00f3\u0142y w filmie: &#8222;Zrodzeni do szabli&#8221;), patyk do hobby horse"}]},{"@type":"WebSite","@id":"https:\/\/innow.pl\/#website","url":"https:\/\/innow.pl\/","name":"INNOW","description":"","potentialAction":[{"@type":"SearchAction","target":{"@type":"EntryPoint","urlTemplate":"https:\/\/innow.pl\/?s={search_term_string}"},"query-input":{"@type":"PropertyValueSpecification","valueRequired":true,"valueName":"search_term_string"}}],"inLanguage":"en-US"}]}},"_links":{"self":[{"href":"https:\/\/innow.pl\/en\/wp-json\/wp\/v2\/product\/42772","targetHints":{"allow":["GET"]}}],"collection":[{"href":"https:\/\/innow.pl\/en\/wp-json\/wp\/v2\/product"}],"about":[{"href":"https:\/\/innow.pl\/en\/wp-json\/wp\/v2\/types\/product"}],"replies":[{"embeddable":true,"href":"https:\/\/innow.pl\/en\/wp-json\/wp\/v2\/comments?post=42772"}],"wp:featuredmedia":[{"embeddable":true,"href":"https:\/\/innow.pl\/en\/wp-json\/wp\/v2\/media\/42774"}],"wp:attachment":[{"href":"https:\/\/innow.pl\/en\/wp-json\/wp\/v2\/media?parent=42772"}],"wp:term":[{"taxonomy":"product_brand","embeddable":true,"href":"https:\/\/innow.pl\/en\/wp-json\/wp\/v2\/product_brand?post=42772"},{"taxonomy":"product_cat","embeddable":true,"href":"https:\/\/innow.pl\/en\/wp-json\/wp\/v2\/product_cat?post=42772"},{"taxonomy":"product_tag","embeddable":true,"href":"https:\/\/innow.pl\/en\/wp-json\/wp\/v2\/product_tag?post=42772"}],"curies":[{"name":"wp","href":"https:\/\/api.w.org\/{rel}","templated":true}]}}