{"id":35165,"date":"2020-03-30T09:56:24","date_gmt":"2020-03-30T07:56:24","guid":{"rendered":"https:\/\/innow.pl\/produkt\/wozek-na-odpady-lub-brudna-bielizne\/"},"modified":"2025-02-11T14:26:32","modified_gmt":"2025-02-11T13:26:32","slug":"wozek-na-odpady-lub-brudna-bielizne","status":"publish","type":"product","link":"https:\/\/innow.pl\/en\/produkt\/wozek-na-odpady-lub-brudna-bielizne\/","title":{"rendered":"W\u00f3zek na odpady lub brudn\u0105 bielizn\u0119"},"content":{"rendered":"<p>W\u00f3zek na odpady lub brudn\u0105 bielizn\u0119 w dw\u00f3ch wariantach pojemno\u015bci:<\/p>\n<ul>\n<li>60 &#8211; 80 litr\u00f3w,<\/li>\n<li>100-120 litr\u00f3w.<\/li>\n<\/ul>\n<p>Umo\u017cliwia przechowywanie i transport \u2013 posiada k\u00f3\u0142ka, z czego 2 wyposa\u017cone s\u0105 w hamulce. Ryzyko zsuwania si\u0119 worka jest zmniejszone dzi\u0119ki obr\u0119czy z klipsami zaciskowymi. Pokrywa oraz os\u0142ona podstawy w\u00f3zka wytworzone s\u0105 z tworzywa ABS \u2013 dost\u0119pne wy\u0142\u0105czenie w <strong>kolorze bia\u0142ym<\/strong>. Podnoszenie pokrywy za pomoc\u0105 peda\u0142a no\u017cnego.<\/p>\n<p>Stela\u017c w 1 wariancie:<\/p>\n<ul>\n<li>ze stali nierdzewnej.<\/li>\n<\/ul>\n","protected":false},"excerpt":{"rendered":"<p>W\u00f3zek na odpady lub brudn\u0105 bielizn\u0119 w dw\u00f3ch wariantach pojemno\u015bci: 60 &#8211; 80 litr\u00f3w, 100-120 litr\u00f3w. Umo\u017cliwia przechowywanie i transport \u2013 posiada k\u00f3\u0142ka, z czego 2 wyposa\u017cone s\u0105 w hamulce. Ryzyko zsuwania si\u0119 worka jest zmniejszone dzi\u0119ki obr\u0119czy z klipsami zaciskowymi. Pokrywa oraz os\u0142ona podstawy w\u00f3zka wytworzone s\u0105 z tworzywa ABS \u2013 dost\u0119pne wy\u0142\u0105czenie w [&hellip;]<\/p>\n","protected":false},"featured_media":35168,"comment_status":"open","ping_status":"closed","template":"","meta":{"_acf_changed":false},"product_brand":[],"product_cat":[413,396],"product_tag":[],"class_list":{"0":"post-35165","1":"product","2":"type-product","3":"status-publish","4":"has-post-thumbnail","6":"product_cat-brudowniki-wozki-stojaki","7":"product_cat-stoliki-i-wozki-medyczne","8":"pa_dlugosc-405-cm","9":"pa_pojemnosc-100-120-l","10":"pa_pojemnosc-60-80-l","11":"pa_szerokosc-52-cm","12":"pa_wysokosc-68-cm-dla-60-80-litrow","13":"pa_wysokosc-86-cm-dla-100-120-litrow","15":"first","16":"instock","17":"taxable","18":"shipping-taxable","19":"purchasable","20":"product-type-variable"},"acf":[],"yoast_head":"<!-- This site is optimized with the Yoast SEO plugin v27.4 - https:\/\/yoast.com\/product\/yoast-seo-wordpress\/ -->\n<title>W\u00f3zek na odpady lub brudn\u0105 bielizn\u0119 - INNOW<\/title>\n<meta name=\"description\" content=\"Praktyczny w\u00f3zek na odpady lub brudn\u0105 bielizn\u0119 o pojemno\u015bci 60-80 litr\u00f3w lub 100-120 litr\u00f3w, ze stali chromowanej lub nierdzewnej. Kliknij!\" \/>\n<meta name=\"robots\" content=\"index, follow, max-snippet:-1, max-image-preview:large, max-video-preview:-1\" \/>\n<link rel=\"canonical\" href=\"https:\/\/innow.pl\/produkt\/wozek-na-odpady-lub-brudna-bielizne\/\" \/>\n<meta property=\"og:locale\" content=\"en_US\" \/>\n<meta property=\"og:type\" content=\"article\" \/>\n<meta property=\"og:title\" content=\"W\u00f3zek na odpady lub brudn\u0105 bielizn\u0119 - INNOW\" \/>\n<meta property=\"og:description\" content=\"Praktyczny w\u00f3zek na odpady lub brudn\u0105 bielizn\u0119 o pojemno\u015bci 60-80 litr\u00f3w lub 100-120 litr\u00f3w, ze stali chromowanej lub nierdzewnej. Kliknij!\" \/>\n<meta property=\"og:url\" content=\"https:\/\/innow.pl\/produkt\/wozek-na-odpady-lub-brudna-bielizne\/\" \/>\n<meta property=\"og:site_name\" content=\"INNOW\" \/>\n<meta property=\"article:modified_time\" content=\"2025-02-11T13:26:32+00:00\" \/>\n<meta property=\"og:image\" content=\"https:\/\/innow.pl\/wp-content\/uploads\/2024\/11\/TMM02_nowy_1.jpg\" \/>\n\t<meta property=\"og:image:width\" content=\"800\" \/>\n\t<meta property=\"og:image:height\" content=\"800\" \/>\n\t<meta property=\"og:image:type\" content=\"image\/jpeg\" \/>\n<meta name=\"twitter:card\" content=\"summary_large_image\" \/>\n<meta name=\"twitter:label1\" content=\"Est. reading time\" \/>\n\t<meta name=\"twitter:data1\" content=\"1 minute\" \/>\n<script type=\"application\/ld+json\" class=\"yoast-schema-graph\">{\"@context\":\"https:\\\/\\\/schema.org\",\"@graph\":[{\"@type\":\"WebPage\",\"@id\":\"https:\\\/\\\/innow.pl\\\/produkt\\\/wozek-na-odpady-lub-brudna-bielizne\\\/\",\"url\":\"https:\\\/\\\/innow.pl\\\/produkt\\\/wozek-na-odpady-lub-brudna-bielizne\\\/\",\"name\":\"W\u00f3zek na odpady lub brudn\u0105 bielizn\u0119 - INNOW\",\"isPartOf\":{\"@id\":\"https:\\\/\\\/innow.pl\\\/#website\"},\"primaryImageOfPage\":{\"@id\":\"https:\\\/\\\/innow.pl\\\/produkt\\\/wozek-na-odpady-lub-brudna-bielizne\\\/#primaryimage\"},\"image\":{\"@id\":\"https:\\\/\\\/innow.pl\\\/produkt\\\/wozek-na-odpady-lub-brudna-bielizne\\\/#primaryimage\"},\"thumbnailUrl\":\"https:\\\/\\\/innow.pl\\\/wp-content\\\/uploads\\\/2024\\\/11\\\/TMM02_nowy_1.jpg\",\"datePublished\":\"2020-03-30T07:56:24+00:00\",\"dateModified\":\"2025-02-11T13:26:32+00:00\",\"description\":\"Praktyczny w\u00f3zek na odpady lub brudn\u0105 bielizn\u0119 o pojemno\u015bci 60-80 litr\u00f3w lub 100-120 litr\u00f3w, ze stali chromowanej lub nierdzewnej. Kliknij!\",\"breadcrumb\":{\"@id\":\"https:\\\/\\\/innow.pl\\\/produkt\\\/wozek-na-odpady-lub-brudna-bielizne\\\/#breadcrumb\"},\"inLanguage\":\"en-US\",\"potentialAction\":[{\"@type\":\"ReadAction\",\"target\":[\"https:\\\/\\\/innow.pl\\\/produkt\\\/wozek-na-odpady-lub-brudna-bielizne\\\/\"]}]},{\"@type\":\"ImageObject\",\"inLanguage\":\"en-US\",\"@id\":\"https:\\\/\\\/innow.pl\\\/produkt\\\/wozek-na-odpady-lub-brudna-bielizne\\\/#primaryimage\",\"url\":\"https:\\\/\\\/innow.pl\\\/wp-content\\\/uploads\\\/2024\\\/11\\\/TMM02_nowy_1.jpg\",\"contentUrl\":\"https:\\\/\\\/innow.pl\\\/wp-content\\\/uploads\\\/2024\\\/11\\\/TMM02_nowy_1.jpg\",\"width\":800,\"height\":800,\"caption\":\"W\u00f3zek na odpady lub brudn\u0105 bielizn\u0119 - INNOW\"},{\"@type\":\"BreadcrumbList\",\"@id\":\"https:\\\/\\\/innow.pl\\\/produkt\\\/wozek-na-odpady-lub-brudna-bielizne\\\/#breadcrumb\",\"itemListElement\":[{\"@type\":\"ListItem\",\"position\":1,\"name\":\"INNOW\",\"item\":\"https:\\\/\\\/innow.pl\\\/en\\\/\"},{\"@type\":\"ListItem\",\"position\":2,\"name\":\"Produkty\",\"item\":\"https:\\\/\\\/innow.pl\\\/produkty\\\/\"},{\"@type\":\"ListItem\",\"position\":3,\"name\":\"Stoliki i w\u00f3zki medyczne\",\"item\":\"https:\\\/\\\/innow.pl\\\/produkty\\\/stoliki-i-wozki-medyczne\\\/\"},{\"@type\":\"ListItem\",\"position\":4,\"name\":\"Brudowniki, w\u00f3zki, stojaki\",\"item\":\"https:\\\/\\\/innow.pl\\\/produkty\\\/stoliki-i-wozki-medyczne\\\/brudowniki-wozki-stojaki\\\/\"},{\"@type\":\"ListItem\",\"position\":5,\"name\":\"W\u00f3zek na odpady lub brudn\u0105 bielizn\u0119\"}]},{\"@type\":\"WebSite\",\"@id\":\"https:\\\/\\\/innow.pl\\\/#website\",\"url\":\"https:\\\/\\\/innow.pl\\\/\",\"name\":\"INNOW\",\"description\":\"\",\"potentialAction\":[{\"@type\":\"SearchAction\",\"target\":{\"@type\":\"EntryPoint\",\"urlTemplate\":\"https:\\\/\\\/innow.pl\\\/?s={search_term_string}\"},\"query-input\":{\"@type\":\"PropertyValueSpecification\",\"valueRequired\":true,\"valueName\":\"search_term_string\"}}],\"inLanguage\":\"en-US\"}]}<\/script>\n<!-- \/ Yoast SEO plugin. -->","yoast_head_json":{"title":"W\u00f3zek na odpady lub brudn\u0105 bielizn\u0119 - INNOW","description":"Praktyczny w\u00f3zek na odpady lub brudn\u0105 bielizn\u0119 o pojemno\u015bci 60-80 litr\u00f3w lub 100-120 litr\u00f3w, ze stali chromowanej lub nierdzewnej. Kliknij!","robots":{"index":"index","follow":"follow","max-snippet":"max-snippet:-1","max-image-preview":"max-image-preview:large","max-video-preview":"max-video-preview:-1"},"canonical":"https:\/\/innow.pl\/produkt\/wozek-na-odpady-lub-brudna-bielizne\/","og_locale":"en_US","og_type":"article","og_title":"W\u00f3zek na odpady lub brudn\u0105 bielizn\u0119 - INNOW","og_description":"Praktyczny w\u00f3zek na odpady lub brudn\u0105 bielizn\u0119 o pojemno\u015bci 60-80 litr\u00f3w lub 100-120 litr\u00f3w, ze stali chromowanej lub nierdzewnej. Kliknij!","og_url":"https:\/\/innow.pl\/produkt\/wozek-na-odpady-lub-brudna-bielizne\/","og_site_name":"INNOW","article_modified_time":"2025-02-11T13:26:32+00:00","og_image":[{"width":800,"height":800,"url":"https:\/\/innow.pl\/wp-content\/uploads\/2024\/11\/TMM02_nowy_1.jpg","type":"image\/jpeg"}],"twitter_card":"summary_large_image","twitter_misc":{"Est. reading time":"1 minute"},"schema":{"@context":"https:\/\/schema.org","@graph":[{"@type":"WebPage","@id":"https:\/\/innow.pl\/produkt\/wozek-na-odpady-lub-brudna-bielizne\/","url":"https:\/\/innow.pl\/produkt\/wozek-na-odpady-lub-brudna-bielizne\/","name":"W\u00f3zek na odpady lub brudn\u0105 bielizn\u0119 - INNOW","isPartOf":{"@id":"https:\/\/innow.pl\/#website"},"primaryImageOfPage":{"@id":"https:\/\/innow.pl\/produkt\/wozek-na-odpady-lub-brudna-bielizne\/#primaryimage"},"image":{"@id":"https:\/\/innow.pl\/produkt\/wozek-na-odpady-lub-brudna-bielizne\/#primaryimage"},"thumbnailUrl":"https:\/\/innow.pl\/wp-content\/uploads\/2024\/11\/TMM02_nowy_1.jpg","datePublished":"2020-03-30T07:56:24+00:00","dateModified":"2025-02-11T13:26:32+00:00","description":"Praktyczny w\u00f3zek na odpady lub brudn\u0105 bielizn\u0119 o pojemno\u015bci 60-80 litr\u00f3w lub 100-120 litr\u00f3w, ze stali chromowanej lub nierdzewnej. Kliknij!","breadcrumb":{"@id":"https:\/\/innow.pl\/produkt\/wozek-na-odpady-lub-brudna-bielizne\/#breadcrumb"},"inLanguage":"en-US","potentialAction":[{"@type":"ReadAction","target":["https:\/\/innow.pl\/produkt\/wozek-na-odpady-lub-brudna-bielizne\/"]}]},{"@type":"ImageObject","inLanguage":"en-US","@id":"https:\/\/innow.pl\/produkt\/wozek-na-odpady-lub-brudna-bielizne\/#primaryimage","url":"https:\/\/innow.pl\/wp-content\/uploads\/2024\/11\/TMM02_nowy_1.jpg","contentUrl":"https:\/\/innow.pl\/wp-content\/uploads\/2024\/11\/TMM02_nowy_1.jpg","width":800,"height":800,"caption":"W\u00f3zek na odpady lub brudn\u0105 bielizn\u0119 - INNOW"},{"@type":"BreadcrumbList","@id":"https:\/\/innow.pl\/produkt\/wozek-na-odpady-lub-brudna-bielizne\/#breadcrumb","itemListElement":[{"@type":"ListItem","position":1,"name":"INNOW","item":"https:\/\/innow.pl\/en\/"},{"@type":"ListItem","position":2,"name":"Produkty","item":"https:\/\/innow.pl\/produkty\/"},{"@type":"ListItem","position":3,"name":"Stoliki i w\u00f3zki medyczne","item":"https:\/\/innow.pl\/produkty\/stoliki-i-wozki-medyczne\/"},{"@type":"ListItem","position":4,"name":"Brudowniki, w\u00f3zki, stojaki","item":"https:\/\/innow.pl\/produkty\/stoliki-i-wozki-medyczne\/brudowniki-wozki-stojaki\/"},{"@type":"ListItem","position":5,"name":"W\u00f3zek na odpady lub brudn\u0105 bielizn\u0119"}]},{"@type":"WebSite","@id":"https:\/\/innow.pl\/#website","url":"https:\/\/innow.pl\/","name":"INNOW","description":"","potentialAction":[{"@type":"SearchAction","target":{"@type":"EntryPoint","urlTemplate":"https:\/\/innow.pl\/?s={search_term_string}"},"query-input":{"@type":"PropertyValueSpecification","valueRequired":true,"valueName":"search_term_string"}}],"inLanguage":"en-US"}]}},"_links":{"self":[{"href":"https:\/\/innow.pl\/en\/wp-json\/wp\/v2\/product\/35165","targetHints":{"allow":["GET"]}}],"collection":[{"href":"https:\/\/innow.pl\/en\/wp-json\/wp\/v2\/product"}],"about":[{"href":"https:\/\/innow.pl\/en\/wp-json\/wp\/v2\/types\/product"}],"replies":[{"embeddable":true,"href":"https:\/\/innow.pl\/en\/wp-json\/wp\/v2\/comments?post=35165"}],"wp:featuredmedia":[{"embeddable":true,"href":"https:\/\/innow.pl\/en\/wp-json\/wp\/v2\/media\/35168"}],"wp:attachment":[{"href":"https:\/\/innow.pl\/en\/wp-json\/wp\/v2\/media?parent=35165"}],"wp:term":[{"taxonomy":"product_brand","embeddable":true,"href":"https:\/\/innow.pl\/en\/wp-json\/wp\/v2\/product_brand?post=35165"},{"taxonomy":"product_cat","embeddable":true,"href":"https:\/\/innow.pl\/en\/wp-json\/wp\/v2\/product_cat?post=35165"},{"taxonomy":"product_tag","embeddable":true,"href":"https:\/\/innow.pl\/en\/wp-json\/wp\/v2\/product_tag?post=35165"}],"curies":[{"name":"wp","href":"https:\/\/api.w.org\/{rel}","templated":true}]}}