{"id":29328,"date":"2020-01-20T10:17:26","date_gmt":"2020-01-20T09:17:26","guid":{"rendered":"https:\/\/innow.pl\/produkt\/pz111-podglowek-zatyczka\/"},"modified":"2025-10-03T10:03:19","modified_gmt":"2025-10-03T08:03:19","slug":"pz111-podglowek-zatyczka","status":"publish","type":"product","link":"https:\/\/innow.pl\/en\/produkt\/pz111-podglowek-zatyczka\/","title":{"rendered":"PZ111 &#8211; Podg\u0142\u00f3wek-zatyczka"},"content":{"rendered":"<p>Podg\u0142\u00f3wek-zatyczka zwi\u0119ksza komfort os\u00f3b korzystaj\u0105cych ze sto\u0142\u00f3w rehabilitacyjnych i kozetek. Wyr\u00f3b jednocze\u015bnie mo\u017ce pe\u0142ni\u0107 funkcj\u0119 wype\u0142nienia otworu w podg\u0142\u00f3wku, gdy nie jest on wykorzystywany.<\/p>\n","protected":false},"excerpt":{"rendered":"<p>Podg\u0142\u00f3wek-zatyczka zwi\u0119ksza komfort os\u00f3b korzystaj\u0105cych ze sto\u0142\u00f3w rehabilitacyjnych i kozetek. Wyr\u00f3b jednocze\u015bnie mo\u017ce pe\u0142ni\u0107 funkcj\u0119 wype\u0142nienia otworu w podg\u0142\u00f3wku, gdy nie jest on wykorzystywany.<\/p>\n","protected":false},"featured_media":29330,"comment_status":"open","ping_status":"closed","template":"","meta":{"_acf_changed":false},"product_brand":[],"product_cat":[2017],"product_tag":[],"class_list":{"0":"post-29328","1":"product","2":"type-product","3":"status-publish","4":"has-post-thumbnail","6":"product_cat-wyposazenie-opcjonalne","7":"pa_dlugosc-23-cm","8":"pa_szerokosc-20-cm","9":"pa_wysokosc-7-cm","10":"pa_zamowienie-zamawiam-jako-odrebny-wyrob","11":"pa_zamowienie-zamawiam-razem-ze-stolem-kozetka-zamiast-standardowej-zatyczki","13":"first","14":"instock","15":"taxable","16":"shipping-taxable","17":"purchasable","18":"product-type-variable"},"acf":[],"yoast_head":"<!-- This site is optimized with the Yoast SEO plugin v27.4 - https:\/\/yoast.com\/product\/yoast-seo-wordpress\/ -->\n<title>PZ111 - Podg\u0142\u00f3wek-zatyczka - INNOW<\/title>\n<meta name=\"description\" content=\"Komfortowe podparcie pod g\u0142ow\u0119 do sto\u0142\u00f3w rehabilitacyjnych i kozetek. Jednocze\u015bnie stanowi wype\u0142nienie otworu w podg\u0142\u00f3wku, gdy nie jest u\u017cywany. Zobacz!\" \/>\n<meta name=\"robots\" content=\"index, follow, max-snippet:-1, max-image-preview:large, max-video-preview:-1\" \/>\n<link rel=\"canonical\" href=\"https:\/\/innow.pl\/produkt\/pz111-podglowek-zatyczka\/\" \/>\n<meta property=\"og:locale\" content=\"en_US\" \/>\n<meta property=\"og:type\" content=\"article\" \/>\n<meta property=\"og:title\" content=\"PZ111 - Podg\u0142\u00f3wek-zatyczka - INNOW\" \/>\n<meta property=\"og:description\" content=\"Komfortowe podparcie pod g\u0142ow\u0119 do sto\u0142\u00f3w rehabilitacyjnych i kozetek. Jednocze\u015bnie stanowi wype\u0142nienie otworu w podg\u0142\u00f3wku, gdy nie jest u\u017cywany. Zobacz!\" \/>\n<meta property=\"og:url\" content=\"https:\/\/innow.pl\/produkt\/pz111-podglowek-zatyczka\/\" \/>\n<meta property=\"og:site_name\" content=\"INNOW\" \/>\n<meta property=\"article:modified_time\" content=\"2025-10-03T08:03:19+00:00\" \/>\n<meta property=\"og:image\" content=\"https:\/\/innow.pl\/wp-content\/uploads\/2024\/11\/PZ111_1.jpg\" \/>\n\t<meta property=\"og:image:width\" content=\"800\" \/>\n\t<meta property=\"og:image:height\" content=\"800\" \/>\n\t<meta property=\"og:image:type\" content=\"image\/jpeg\" \/>\n<meta name=\"twitter:card\" content=\"summary_large_image\" \/>\n<meta name=\"twitter:label1\" content=\"Est. reading time\" \/>\n\t<meta name=\"twitter:data1\" content=\"1 minute\" \/>\n<script type=\"application\/ld+json\" class=\"yoast-schema-graph\">{\"@context\":\"https:\\\/\\\/schema.org\",\"@graph\":[{\"@type\":\"WebPage\",\"@id\":\"https:\\\/\\\/innow.pl\\\/produkt\\\/pz111-podglowek-zatyczka\\\/\",\"url\":\"https:\\\/\\\/innow.pl\\\/produkt\\\/pz111-podglowek-zatyczka\\\/\",\"name\":\"PZ111 - Podg\u0142\u00f3wek-zatyczka - INNOW\",\"isPartOf\":{\"@id\":\"https:\\\/\\\/innow.pl\\\/#website\"},\"primaryImageOfPage\":{\"@id\":\"https:\\\/\\\/innow.pl\\\/produkt\\\/pz111-podglowek-zatyczka\\\/#primaryimage\"},\"image\":{\"@id\":\"https:\\\/\\\/innow.pl\\\/produkt\\\/pz111-podglowek-zatyczka\\\/#primaryimage\"},\"thumbnailUrl\":\"https:\\\/\\\/innow.pl\\\/wp-content\\\/uploads\\\/2024\\\/11\\\/PZ111_1.jpg\",\"datePublished\":\"2020-01-20T09:17:26+00:00\",\"dateModified\":\"2025-10-03T08:03:19+00:00\",\"description\":\"Komfortowe podparcie pod g\u0142ow\u0119 do sto\u0142\u00f3w rehabilitacyjnych i kozetek. Jednocze\u015bnie stanowi wype\u0142nienie otworu w podg\u0142\u00f3wku, gdy nie jest u\u017cywany. Zobacz!\",\"breadcrumb\":{\"@id\":\"https:\\\/\\\/innow.pl\\\/produkt\\\/pz111-podglowek-zatyczka\\\/#breadcrumb\"},\"inLanguage\":\"en-US\",\"potentialAction\":[{\"@type\":\"ReadAction\",\"target\":[\"https:\\\/\\\/innow.pl\\\/produkt\\\/pz111-podglowek-zatyczka\\\/\"]}]},{\"@type\":\"ImageObject\",\"inLanguage\":\"en-US\",\"@id\":\"https:\\\/\\\/innow.pl\\\/produkt\\\/pz111-podglowek-zatyczka\\\/#primaryimage\",\"url\":\"https:\\\/\\\/innow.pl\\\/wp-content\\\/uploads\\\/2024\\\/11\\\/PZ111_1.jpg\",\"contentUrl\":\"https:\\\/\\\/innow.pl\\\/wp-content\\\/uploads\\\/2024\\\/11\\\/PZ111_1.jpg\",\"width\":800,\"height\":800,\"caption\":\"Podg\u0142\u00f3wek-zatyczka - PZ111 - INNOW\"},{\"@type\":\"BreadcrumbList\",\"@id\":\"https:\\\/\\\/innow.pl\\\/produkt\\\/pz111-podglowek-zatyczka\\\/#breadcrumb\",\"itemListElement\":[{\"@type\":\"ListItem\",\"position\":1,\"name\":\"INNOW\",\"item\":\"https:\\\/\\\/innow.pl\\\/en\\\/\"},{\"@type\":\"ListItem\",\"position\":2,\"name\":\"Produkty\",\"item\":\"https:\\\/\\\/innow.pl\\\/produkty\\\/\"},{\"@type\":\"ListItem\",\"position\":3,\"name\":\"Wyposa\u017cenie opcjonalne\",\"item\":\"https:\\\/\\\/innow.pl\\\/produkty\\\/wyposazenie-opcjonalne\\\/\"},{\"@type\":\"ListItem\",\"position\":4,\"name\":\"PZ111 &#8211; Podg\u0142\u00f3wek-zatyczka\"}]},{\"@type\":\"WebSite\",\"@id\":\"https:\\\/\\\/innow.pl\\\/#website\",\"url\":\"https:\\\/\\\/innow.pl\\\/\",\"name\":\"INNOW\",\"description\":\"\",\"potentialAction\":[{\"@type\":\"SearchAction\",\"target\":{\"@type\":\"EntryPoint\",\"urlTemplate\":\"https:\\\/\\\/innow.pl\\\/?s={search_term_string}\"},\"query-input\":{\"@type\":\"PropertyValueSpecification\",\"valueRequired\":true,\"valueName\":\"search_term_string\"}}],\"inLanguage\":\"en-US\"}]}<\/script>\n<!-- \/ Yoast SEO plugin. -->","yoast_head_json":{"title":"PZ111 - Podg\u0142\u00f3wek-zatyczka - INNOW","description":"Komfortowe podparcie pod g\u0142ow\u0119 do sto\u0142\u00f3w rehabilitacyjnych i kozetek. Jednocze\u015bnie stanowi wype\u0142nienie otworu w podg\u0142\u00f3wku, gdy nie jest u\u017cywany. Zobacz!","robots":{"index":"index","follow":"follow","max-snippet":"max-snippet:-1","max-image-preview":"max-image-preview:large","max-video-preview":"max-video-preview:-1"},"canonical":"https:\/\/innow.pl\/produkt\/pz111-podglowek-zatyczka\/","og_locale":"en_US","og_type":"article","og_title":"PZ111 - Podg\u0142\u00f3wek-zatyczka - INNOW","og_description":"Komfortowe podparcie pod g\u0142ow\u0119 do sto\u0142\u00f3w rehabilitacyjnych i kozetek. Jednocze\u015bnie stanowi wype\u0142nienie otworu w podg\u0142\u00f3wku, gdy nie jest u\u017cywany. Zobacz!","og_url":"https:\/\/innow.pl\/produkt\/pz111-podglowek-zatyczka\/","og_site_name":"INNOW","article_modified_time":"2025-10-03T08:03:19+00:00","og_image":[{"width":800,"height":800,"url":"https:\/\/innow.pl\/wp-content\/uploads\/2024\/11\/PZ111_1.jpg","type":"image\/jpeg"}],"twitter_card":"summary_large_image","twitter_misc":{"Est. reading time":"1 minute"},"schema":{"@context":"https:\/\/schema.org","@graph":[{"@type":"WebPage","@id":"https:\/\/innow.pl\/produkt\/pz111-podglowek-zatyczka\/","url":"https:\/\/innow.pl\/produkt\/pz111-podglowek-zatyczka\/","name":"PZ111 - Podg\u0142\u00f3wek-zatyczka - INNOW","isPartOf":{"@id":"https:\/\/innow.pl\/#website"},"primaryImageOfPage":{"@id":"https:\/\/innow.pl\/produkt\/pz111-podglowek-zatyczka\/#primaryimage"},"image":{"@id":"https:\/\/innow.pl\/produkt\/pz111-podglowek-zatyczka\/#primaryimage"},"thumbnailUrl":"https:\/\/innow.pl\/wp-content\/uploads\/2024\/11\/PZ111_1.jpg","datePublished":"2020-01-20T09:17:26+00:00","dateModified":"2025-10-03T08:03:19+00:00","description":"Komfortowe podparcie pod g\u0142ow\u0119 do sto\u0142\u00f3w rehabilitacyjnych i kozetek. Jednocze\u015bnie stanowi wype\u0142nienie otworu w podg\u0142\u00f3wku, gdy nie jest u\u017cywany. Zobacz!","breadcrumb":{"@id":"https:\/\/innow.pl\/produkt\/pz111-podglowek-zatyczka\/#breadcrumb"},"inLanguage":"en-US","potentialAction":[{"@type":"ReadAction","target":["https:\/\/innow.pl\/produkt\/pz111-podglowek-zatyczka\/"]}]},{"@type":"ImageObject","inLanguage":"en-US","@id":"https:\/\/innow.pl\/produkt\/pz111-podglowek-zatyczka\/#primaryimage","url":"https:\/\/innow.pl\/wp-content\/uploads\/2024\/11\/PZ111_1.jpg","contentUrl":"https:\/\/innow.pl\/wp-content\/uploads\/2024\/11\/PZ111_1.jpg","width":800,"height":800,"caption":"Podg\u0142\u00f3wek-zatyczka - PZ111 - INNOW"},{"@type":"BreadcrumbList","@id":"https:\/\/innow.pl\/produkt\/pz111-podglowek-zatyczka\/#breadcrumb","itemListElement":[{"@type":"ListItem","position":1,"name":"INNOW","item":"https:\/\/innow.pl\/en\/"},{"@type":"ListItem","position":2,"name":"Produkty","item":"https:\/\/innow.pl\/produkty\/"},{"@type":"ListItem","position":3,"name":"Wyposa\u017cenie opcjonalne","item":"https:\/\/innow.pl\/produkty\/wyposazenie-opcjonalne\/"},{"@type":"ListItem","position":4,"name":"PZ111 &#8211; Podg\u0142\u00f3wek-zatyczka"}]},{"@type":"WebSite","@id":"https:\/\/innow.pl\/#website","url":"https:\/\/innow.pl\/","name":"INNOW","description":"","potentialAction":[{"@type":"SearchAction","target":{"@type":"EntryPoint","urlTemplate":"https:\/\/innow.pl\/?s={search_term_string}"},"query-input":{"@type":"PropertyValueSpecification","valueRequired":true,"valueName":"search_term_string"}}],"inLanguage":"en-US"}]}},"_links":{"self":[{"href":"https:\/\/innow.pl\/en\/wp-json\/wp\/v2\/product\/29328","targetHints":{"allow":["GET"]}}],"collection":[{"href":"https:\/\/innow.pl\/en\/wp-json\/wp\/v2\/product"}],"about":[{"href":"https:\/\/innow.pl\/en\/wp-json\/wp\/v2\/types\/product"}],"replies":[{"embeddable":true,"href":"https:\/\/innow.pl\/en\/wp-json\/wp\/v2\/comments?post=29328"}],"wp:featuredmedia":[{"embeddable":true,"href":"https:\/\/innow.pl\/en\/wp-json\/wp\/v2\/media\/29330"}],"wp:attachment":[{"href":"https:\/\/innow.pl\/en\/wp-json\/wp\/v2\/media?parent=29328"}],"wp:term":[{"taxonomy":"product_brand","embeddable":true,"href":"https:\/\/innow.pl\/en\/wp-json\/wp\/v2\/product_brand?post=29328"},{"taxonomy":"product_cat","embeddable":true,"href":"https:\/\/innow.pl\/en\/wp-json\/wp\/v2\/product_cat?post=29328"},{"taxonomy":"product_tag","embeddable":true,"href":"https:\/\/innow.pl\/en\/wp-json\/wp\/v2\/product_tag?post=29328"}],"curies":[{"name":"wp","href":"https:\/\/api.w.org\/{rel}","templated":true}]}}