{"id":29076,"date":"2019-08-06T06:10:11","date_gmt":"2019-08-06T04:10:11","guid":{"rendered":"https:\/\/innow.pl\/produkt\/pq802n-parawan-dwuczesciowy-ze-stali-nierdzewnej-inox\/"},"modified":"2025-10-03T09:44:06","modified_gmt":"2025-10-03T07:44:06","slug":"pq802n-parawan-dwuczesciowy-ze-stali-nierdzewnej-inox","status":"publish","type":"product","link":"https:\/\/innow.pl\/en\/produkt\/pq802n-parawan-dwuczesciowy-ze-stali-nierdzewnej-inox\/","title":{"rendered":"PQ802 [N] &#8211; Parawan dwucz\u0119\u015bciowy ze stali nierdzewnej INOX"},"content":{"rendered":"<p>Parawan medyczny (lekarski, szpitalny) 2-cz\u0119\u015bciowy o trwa\u0142ej konstrukcji wykonanej ze stali nierdzewnej. Posiada skrzyd\u0142o odchylane bez zastosowania zawias\u00f3w. Wyposa\u017cony w ko\u0142a z hamulcami (parawan mobilny). Przeznaczony do zastosowania w szpitalach, przychodniach, jak r\u00f3wnie\u017c prywatnych gabinetach lekarskich i zabiegowych. Cechy ekranu:<\/p>\n<ul>\n<li>sk\u00f3ropodobny materia\u0142 przeznaczony dla medycyny,<\/li>\n<li>materia\u0142 charakteryzuje si\u0119 wi\u0119ksz\u0105 sztywno\u015bci\u0105 ni\u017c standardowe materia\u0142y do produkcji ekran\u00f3w,<\/li>\n<li>nie ma konieczno\u015bci jego prania,<\/li>\n<li>wysoki poziom zmywalno\u015bci,<\/li>\n<li>mo\u017cliwa jest dezynfekcja bezalkoholowymi medycznymi \u015brodkami,<\/li>\n<li>wiele dost\u0119pnych kolor\u00f3w.<\/li>\n<\/ul>\n<p><em>Zdj\u0119cia 3-6 przedstawiaj\u0105 parawan z dodatkowym ekranem standardowym (wyposa\u017cenie opcjonalne).<\/em> \u00a0<\/p>\n<p style=\"text-align: left\"><a>Informacje o w\u0142a\u015bciwo\u015bciach dost\u0119pnych <strong>materia\u0142\u00f3w obiciowych<\/strong> dost\u0119pne po klikni\u0119ciu w zdj\u0119cie:<\/a><\/p>\n<p style=\"text-align: left\"><a href=\"https:\/\/innow.pl\/publikacje\/KatalogPDF\/Pokrycia-obiciowe-tapicerki.pdf\" target=\"_blank\" rel=\"noopener\"><img decoding=\"async\" src=\"https:\/\/innow.pl\/wp-content\/uploads\/2024\/11\/Tapicerki.jpg\" \/><\/a><\/p>\n","protected":false},"excerpt":{"rendered":"<p>Parawan medyczny (lekarski, szpitalny) 2-cz\u0119\u015bciowy o trwa\u0142ej konstrukcji wykonanej ze stali nierdzewnej. Posiada skrzyd\u0142o odchylane bez zastosowania zawias\u00f3w. Wyposa\u017cony w ko\u0142a z hamulcami (parawan mobilny). Przeznaczony do zastosowania w szpitalach, przychodniach, jak r\u00f3wnie\u017c prywatnych gabinetach lekarskich i zabiegowych. Cechy ekranu: sk\u00f3ropodobny materia\u0142 przeznaczony dla medycyny, materia\u0142 charakteryzuje si\u0119 wi\u0119ksz\u0105 sztywno\u015bci\u0105 ni\u017c standardowe materia\u0142y do produkcji [&hellip;]<\/p>\n","protected":false},"featured_media":29079,"comment_status":"open","ping_status":"closed","template":"","meta":{"_acf_changed":false},"product_brand":[],"product_cat":[440,530,532],"product_tag":[],"class_list":{"0":"post-29076","1":"product","2":"type-product","3":"status-publish","4":"has-post-thumbnail","6":"product_cat-meble-medyczne","7":"product_cat-parawany-meble-medyczne","8":"product_cat-parawany-wieloskrzydlowe","9":"pa_szerokosc-70-138-cm","10":"pa_wysokosc-1825-cm","12":"first","13":"instock","14":"taxable","15":"shipping-taxable","16":"purchasable","17":"product-type-simple"},"acf":[],"yoast_head":"<!-- This site is optimized with the Yoast SEO plugin v27.4 - https:\/\/yoast.com\/product\/yoast-seo-wordpress\/ -->\n<title>PQ802 [N] - Parawan dwucz\u0119\u015bciowy ze stali nierdzewnej INOX - INNOW<\/title>\n<meta name=\"description\" content=\"Parawan 2-cz\u0119\u015bciowy ze stali nierdzewnej, z tapicerowanym ekranem. Odchylane bezzawiasowo skrzyd\u0142o. Mo\u017cliwo\u015b\u0107 zakupienia standardowego ekranu. Zobacz!\" \/>\n<meta name=\"robots\" content=\"index, follow, max-snippet:-1, max-image-preview:large, max-video-preview:-1\" \/>\n<link rel=\"canonical\" href=\"https:\/\/innow.pl\/produkt\/pq802n-parawan-dwuczesciowy-ze-stali-nierdzewnej-inox\/\" \/>\n<meta property=\"og:locale\" content=\"en_US\" \/>\n<meta property=\"og:type\" content=\"article\" \/>\n<meta property=\"og:title\" content=\"PQ802 [N] - Parawan dwucz\u0119\u015bciowy ze stali nierdzewnej INOX - INNOW\" \/>\n<meta property=\"og:description\" content=\"Parawan 2-cz\u0119\u015bciowy ze stali nierdzewnej, z tapicerowanym ekranem. Odchylane bezzawiasowo skrzyd\u0142o. Mo\u017cliwo\u015b\u0107 zakupienia standardowego ekranu. Zobacz!\" \/>\n<meta property=\"og:url\" content=\"https:\/\/innow.pl\/produkt\/pq802n-parawan-dwuczesciowy-ze-stali-nierdzewnej-inox\/\" \/>\n<meta property=\"og:site_name\" content=\"INNOW\" \/>\n<meta property=\"article:modified_time\" content=\"2025-10-03T07:44:06+00:00\" \/>\n<meta property=\"og:image\" content=\"https:\/\/innow.pl\/wp-content\/uploads\/2024\/11\/PQ802N_new_1.jpg\" \/>\n\t<meta property=\"og:image:width\" content=\"800\" \/>\n\t<meta property=\"og:image:height\" content=\"800\" \/>\n\t<meta property=\"og:image:type\" content=\"image\/jpeg\" \/>\n<meta name=\"twitter:card\" content=\"summary_large_image\" \/>\n<meta name=\"twitter:label1\" content=\"Est. reading time\" \/>\n\t<meta name=\"twitter:data1\" content=\"1 minute\" \/>\n<script type=\"application\/ld+json\" class=\"yoast-schema-graph\">{\"@context\":\"https:\\\/\\\/schema.org\",\"@graph\":[{\"@type\":\"WebPage\",\"@id\":\"https:\\\/\\\/innow.pl\\\/produkt\\\/pq802n-parawan-dwuczesciowy-ze-stali-nierdzewnej-inox\\\/\",\"url\":\"https:\\\/\\\/innow.pl\\\/produkt\\\/pq802n-parawan-dwuczesciowy-ze-stali-nierdzewnej-inox\\\/\",\"name\":\"PQ802 [N] - Parawan dwucz\u0119\u015bciowy ze stali nierdzewnej INOX - INNOW\",\"isPartOf\":{\"@id\":\"https:\\\/\\\/innow.pl\\\/#website\"},\"primaryImageOfPage\":{\"@id\":\"https:\\\/\\\/innow.pl\\\/produkt\\\/pq802n-parawan-dwuczesciowy-ze-stali-nierdzewnej-inox\\\/#primaryimage\"},\"image\":{\"@id\":\"https:\\\/\\\/innow.pl\\\/produkt\\\/pq802n-parawan-dwuczesciowy-ze-stali-nierdzewnej-inox\\\/#primaryimage\"},\"thumbnailUrl\":\"https:\\\/\\\/innow.pl\\\/wp-content\\\/uploads\\\/2024\\\/11\\\/PQ802N_new_1.jpg\",\"datePublished\":\"2019-08-06T04:10:11+00:00\",\"dateModified\":\"2025-10-03T07:44:06+00:00\",\"description\":\"Parawan 2-cz\u0119\u015bciowy ze stali nierdzewnej, z tapicerowanym ekranem. Odchylane bezzawiasowo skrzyd\u0142o. Mo\u017cliwo\u015b\u0107 zakupienia standardowego ekranu. Zobacz!\",\"breadcrumb\":{\"@id\":\"https:\\\/\\\/innow.pl\\\/produkt\\\/pq802n-parawan-dwuczesciowy-ze-stali-nierdzewnej-inox\\\/#breadcrumb\"},\"inLanguage\":\"en-US\",\"potentialAction\":[{\"@type\":\"ReadAction\",\"target\":[\"https:\\\/\\\/innow.pl\\\/produkt\\\/pq802n-parawan-dwuczesciowy-ze-stali-nierdzewnej-inox\\\/\"]}]},{\"@type\":\"ImageObject\",\"inLanguage\":\"en-US\",\"@id\":\"https:\\\/\\\/innow.pl\\\/produkt\\\/pq802n-parawan-dwuczesciowy-ze-stali-nierdzewnej-inox\\\/#primaryimage\",\"url\":\"https:\\\/\\\/innow.pl\\\/wp-content\\\/uploads\\\/2024\\\/11\\\/PQ802N_new_1.jpg\",\"contentUrl\":\"https:\\\/\\\/innow.pl\\\/wp-content\\\/uploads\\\/2024\\\/11\\\/PQ802N_new_1.jpg\",\"width\":800,\"height\":800,\"caption\":\"PQ802[N] - Parawan dwucz\u0119\u015bciowy ze stali nierdzewnej INOX\"},{\"@type\":\"BreadcrumbList\",\"@id\":\"https:\\\/\\\/innow.pl\\\/produkt\\\/pq802n-parawan-dwuczesciowy-ze-stali-nierdzewnej-inox\\\/#breadcrumb\",\"itemListElement\":[{\"@type\":\"ListItem\",\"position\":1,\"name\":\"INNOW\",\"item\":\"https:\\\/\\\/innow.pl\\\/en\\\/\"},{\"@type\":\"ListItem\",\"position\":2,\"name\":\"Produkty\",\"item\":\"https:\\\/\\\/innow.pl\\\/produkty\\\/\"},{\"@type\":\"ListItem\",\"position\":3,\"name\":\"Meble medyczne\",\"item\":\"https:\\\/\\\/innow.pl\\\/produkty\\\/meble-medyczne\\\/\"},{\"@type\":\"ListItem\",\"position\":4,\"name\":\"Parawany\",\"item\":\"https:\\\/\\\/innow.pl\\\/produkty\\\/meble-medyczne\\\/parawany-meble-medyczne\\\/\"},{\"@type\":\"ListItem\",\"position\":5,\"name\":\"Parawany wieloskrzyd\u0142owe\",\"item\":\"https:\\\/\\\/innow.pl\\\/produkty\\\/meble-medyczne\\\/parawany-meble-medyczne\\\/parawany-wieloskrzydlowe\\\/\"},{\"@type\":\"ListItem\",\"position\":6,\"name\":\"PQ802 [N] &#8211; Parawan dwucz\u0119\u015bciowy ze stali nierdzewnej INOX\"}]},{\"@type\":\"WebSite\",\"@id\":\"https:\\\/\\\/innow.pl\\\/#website\",\"url\":\"https:\\\/\\\/innow.pl\\\/\",\"name\":\"INNOW\",\"description\":\"\",\"potentialAction\":[{\"@type\":\"SearchAction\",\"target\":{\"@type\":\"EntryPoint\",\"urlTemplate\":\"https:\\\/\\\/innow.pl\\\/?s={search_term_string}\"},\"query-input\":{\"@type\":\"PropertyValueSpecification\",\"valueRequired\":true,\"valueName\":\"search_term_string\"}}],\"inLanguage\":\"en-US\"}]}<\/script>\n<!-- \/ Yoast SEO plugin. -->","yoast_head_json":{"title":"PQ802 [N] - Parawan dwucz\u0119\u015bciowy ze stali nierdzewnej INOX - INNOW","description":"Parawan 2-cz\u0119\u015bciowy ze stali nierdzewnej, z tapicerowanym ekranem. Odchylane bezzawiasowo skrzyd\u0142o. Mo\u017cliwo\u015b\u0107 zakupienia standardowego ekranu. Zobacz!","robots":{"index":"index","follow":"follow","max-snippet":"max-snippet:-1","max-image-preview":"max-image-preview:large","max-video-preview":"max-video-preview:-1"},"canonical":"https:\/\/innow.pl\/produkt\/pq802n-parawan-dwuczesciowy-ze-stali-nierdzewnej-inox\/","og_locale":"en_US","og_type":"article","og_title":"PQ802 [N] - Parawan dwucz\u0119\u015bciowy ze stali nierdzewnej INOX - INNOW","og_description":"Parawan 2-cz\u0119\u015bciowy ze stali nierdzewnej, z tapicerowanym ekranem. Odchylane bezzawiasowo skrzyd\u0142o. Mo\u017cliwo\u015b\u0107 zakupienia standardowego ekranu. Zobacz!","og_url":"https:\/\/innow.pl\/produkt\/pq802n-parawan-dwuczesciowy-ze-stali-nierdzewnej-inox\/","og_site_name":"INNOW","article_modified_time":"2025-10-03T07:44:06+00:00","og_image":[{"width":800,"height":800,"url":"https:\/\/innow.pl\/wp-content\/uploads\/2024\/11\/PQ802N_new_1.jpg","type":"image\/jpeg"}],"twitter_card":"summary_large_image","twitter_misc":{"Est. reading time":"1 minute"},"schema":{"@context":"https:\/\/schema.org","@graph":[{"@type":"WebPage","@id":"https:\/\/innow.pl\/produkt\/pq802n-parawan-dwuczesciowy-ze-stali-nierdzewnej-inox\/","url":"https:\/\/innow.pl\/produkt\/pq802n-parawan-dwuczesciowy-ze-stali-nierdzewnej-inox\/","name":"PQ802 [N] - Parawan dwucz\u0119\u015bciowy ze stali nierdzewnej INOX - INNOW","isPartOf":{"@id":"https:\/\/innow.pl\/#website"},"primaryImageOfPage":{"@id":"https:\/\/innow.pl\/produkt\/pq802n-parawan-dwuczesciowy-ze-stali-nierdzewnej-inox\/#primaryimage"},"image":{"@id":"https:\/\/innow.pl\/produkt\/pq802n-parawan-dwuczesciowy-ze-stali-nierdzewnej-inox\/#primaryimage"},"thumbnailUrl":"https:\/\/innow.pl\/wp-content\/uploads\/2024\/11\/PQ802N_new_1.jpg","datePublished":"2019-08-06T04:10:11+00:00","dateModified":"2025-10-03T07:44:06+00:00","description":"Parawan 2-cz\u0119\u015bciowy ze stali nierdzewnej, z tapicerowanym ekranem. Odchylane bezzawiasowo skrzyd\u0142o. Mo\u017cliwo\u015b\u0107 zakupienia standardowego ekranu. Zobacz!","breadcrumb":{"@id":"https:\/\/innow.pl\/produkt\/pq802n-parawan-dwuczesciowy-ze-stali-nierdzewnej-inox\/#breadcrumb"},"inLanguage":"en-US","potentialAction":[{"@type":"ReadAction","target":["https:\/\/innow.pl\/produkt\/pq802n-parawan-dwuczesciowy-ze-stali-nierdzewnej-inox\/"]}]},{"@type":"ImageObject","inLanguage":"en-US","@id":"https:\/\/innow.pl\/produkt\/pq802n-parawan-dwuczesciowy-ze-stali-nierdzewnej-inox\/#primaryimage","url":"https:\/\/innow.pl\/wp-content\/uploads\/2024\/11\/PQ802N_new_1.jpg","contentUrl":"https:\/\/innow.pl\/wp-content\/uploads\/2024\/11\/PQ802N_new_1.jpg","width":800,"height":800,"caption":"PQ802[N] - Parawan dwucz\u0119\u015bciowy ze stali nierdzewnej INOX"},{"@type":"BreadcrumbList","@id":"https:\/\/innow.pl\/produkt\/pq802n-parawan-dwuczesciowy-ze-stali-nierdzewnej-inox\/#breadcrumb","itemListElement":[{"@type":"ListItem","position":1,"name":"INNOW","item":"https:\/\/innow.pl\/en\/"},{"@type":"ListItem","position":2,"name":"Produkty","item":"https:\/\/innow.pl\/produkty\/"},{"@type":"ListItem","position":3,"name":"Meble medyczne","item":"https:\/\/innow.pl\/produkty\/meble-medyczne\/"},{"@type":"ListItem","position":4,"name":"Parawany","item":"https:\/\/innow.pl\/produkty\/meble-medyczne\/parawany-meble-medyczne\/"},{"@type":"ListItem","position":5,"name":"Parawany wieloskrzyd\u0142owe","item":"https:\/\/innow.pl\/produkty\/meble-medyczne\/parawany-meble-medyczne\/parawany-wieloskrzydlowe\/"},{"@type":"ListItem","position":6,"name":"PQ802 [N] &#8211; Parawan dwucz\u0119\u015bciowy ze stali nierdzewnej INOX"}]},{"@type":"WebSite","@id":"https:\/\/innow.pl\/#website","url":"https:\/\/innow.pl\/","name":"INNOW","description":"","potentialAction":[{"@type":"SearchAction","target":{"@type":"EntryPoint","urlTemplate":"https:\/\/innow.pl\/?s={search_term_string}"},"query-input":{"@type":"PropertyValueSpecification","valueRequired":true,"valueName":"search_term_string"}}],"inLanguage":"en-US"}]}},"_links":{"self":[{"href":"https:\/\/innow.pl\/en\/wp-json\/wp\/v2\/product\/29076","targetHints":{"allow":["GET"]}}],"collection":[{"href":"https:\/\/innow.pl\/en\/wp-json\/wp\/v2\/product"}],"about":[{"href":"https:\/\/innow.pl\/en\/wp-json\/wp\/v2\/types\/product"}],"replies":[{"embeddable":true,"href":"https:\/\/innow.pl\/en\/wp-json\/wp\/v2\/comments?post=29076"}],"wp:featuredmedia":[{"embeddable":true,"href":"https:\/\/innow.pl\/en\/wp-json\/wp\/v2\/media\/29079"}],"wp:attachment":[{"href":"https:\/\/innow.pl\/en\/wp-json\/wp\/v2\/media?parent=29076"}],"wp:term":[{"taxonomy":"product_brand","embeddable":true,"href":"https:\/\/innow.pl\/en\/wp-json\/wp\/v2\/product_brand?post=29076"},{"taxonomy":"product_cat","embeddable":true,"href":"https:\/\/innow.pl\/en\/wp-json\/wp\/v2\/product_cat?post=29076"},{"taxonomy":"product_tag","embeddable":true,"href":"https:\/\/innow.pl\/en\/wp-json\/wp\/v2\/product_tag?post=29076"}],"curies":[{"name":"wp","href":"https:\/\/api.w.org\/{rel}","templated":true}]}}