{"id":28937,"date":"2019-08-07T05:55:08","date_gmt":"2019-08-07T03:55:08","guid":{"rendered":"https:\/\/innow.pl\/produkt\/ek1-ekran-do-parawanow-1-skrzydlowych\/"},"modified":"2025-07-11T09:23:07","modified_gmt":"2025-07-11T07:23:07","slug":"ek1-ekran-do-parawanow-1-skrzydlowych","status":"publish","type":"product","link":"https:\/\/innow.pl\/en\/produkt\/ek1-ekran-do-parawanow-1-skrzydlowych\/","title":{"rendered":"EK1 &#8211; Dodatkowy ekran do parawan\u00f3w 1-skrzyd\u0142owych"},"content":{"rendered":"<p>Ekran zmywalny do parawan\u00f3w jednocz\u0119\u015bciowych P804, P804[N], P804D, PQ804, PQ804N. Ekrany nale\u017cy przeciera\u0107 such\u0105 lub lekko zwil\u017con\u0105 szmatk\u0105 z dodatkiem \u015brodka myj\u0105cego posiadaj\u0105cego atest PZH. Dopuszczalne jest r\u00f3wnie\u017c pranie ekran\u00f3w w niskiej temperaturze (40\u00b0).<\/p>\n","protected":false},"excerpt":{"rendered":"<p>Ekran zmywalny do parawan\u00f3w jednocz\u0119\u015bciowych P804, P804[N], P804D, PQ804, PQ804N. Ekrany nale\u017cy przeciera\u0107 such\u0105 lub lekko zwil\u017con\u0105 szmatk\u0105 z dodatkiem \u015brodka myj\u0105cego posiadaj\u0105cego atest PZH. Dopuszczalne jest r\u00f3wnie\u017c pranie ekran\u00f3w w niskiej temperaturze (40\u00b0).<\/p>\n","protected":false},"featured_media":28939,"comment_status":"open","ping_status":"closed","template":"","meta":{"_acf_changed":false},"product_brand":[],"product_cat":[440,530,531],"product_tag":[],"class_list":{"0":"post-28937","1":"product","2":"type-product","3":"status-publish","4":"has-post-thumbnail","6":"product_cat-meble-medyczne","7":"product_cat-parawany-meble-medyczne","8":"product_cat-parawany-jednoskrzydlowe","9":"pa_dlugosc-140-cm","10":"pa_kolor-ekranu-bialy","11":"pa_kolor-ekranu-blekitny","12":"pa_kolor-ekranu-lazur","13":"pa_kolor-ekranu-morski","14":"pa_kolor-ekranu-zielen-medyczna","15":"pa_kolor-ekranu-zolty","16":"pa_szerokosc-100-cm","18":"first","19":"instock","20":"taxable","21":"shipping-taxable","22":"purchasable","23":"product-type-variable"},"acf":[],"yoast_head":"<!-- This site is optimized with the Yoast SEO plugin v27.4 - https:\/\/yoast.com\/product\/yoast-seo-wordpress\/ -->\n<title>EK1 - Dodatkowy ekran do parawan\u00f3w 1-skrzyd\u0142owych - INNOW<\/title>\n<meta name=\"description\" content=\"Zmywalny ekran do parawan\u00f3w 1-skrzyd\u0142owych firmy INNOW: P804, P804[N], P804D, PQ804, PQ804N. Wiele kolor\u00f3w do wyboru. Wejd\u017a i sprawd\u017a!\" \/>\n<meta name=\"robots\" content=\"index, follow, max-snippet:-1, max-image-preview:large, max-video-preview:-1\" \/>\n<link rel=\"canonical\" href=\"https:\/\/innow.pl\/produkt\/ek1-ekran-do-parawanow-1-skrzydlowych\/\" \/>\n<meta property=\"og:locale\" content=\"en_US\" \/>\n<meta property=\"og:type\" content=\"article\" \/>\n<meta property=\"og:title\" content=\"EK1 - Dodatkowy ekran do parawan\u00f3w 1-skrzyd\u0142owych - INNOW\" \/>\n<meta property=\"og:description\" content=\"Zmywalny ekran do parawan\u00f3w 1-skrzyd\u0142owych firmy INNOW: P804, P804[N], P804D, PQ804, PQ804N. Wiele kolor\u00f3w do wyboru. Wejd\u017a i sprawd\u017a!\" \/>\n<meta property=\"og:url\" content=\"https:\/\/innow.pl\/produkt\/ek1-ekran-do-parawanow-1-skrzydlowych\/\" \/>\n<meta property=\"og:site_name\" content=\"INNOW\" \/>\n<meta property=\"article:modified_time\" content=\"2025-07-11T07:23:07+00:00\" \/>\n<meta property=\"og:image\" content=\"https:\/\/innow.pl\/wp-content\/uploads\/2024\/11\/Ekrany_parawanow-14.jpg\" \/>\n\t<meta property=\"og:image:width\" content=\"1905\" \/>\n\t<meta property=\"og:image:height\" content=\"1905\" \/>\n\t<meta property=\"og:image:type\" content=\"image\/jpeg\" \/>\n<meta name=\"twitter:card\" content=\"summary_large_image\" \/>\n<meta name=\"twitter:label1\" content=\"Est. reading time\" \/>\n\t<meta name=\"twitter:data1\" content=\"1 minute\" \/>\n<script type=\"application\/ld+json\" class=\"yoast-schema-graph\">{\"@context\":\"https:\\\/\\\/schema.org\",\"@graph\":[{\"@type\":\"WebPage\",\"@id\":\"https:\\\/\\\/innow.pl\\\/produkt\\\/ek1-ekran-do-parawanow-1-skrzydlowych\\\/\",\"url\":\"https:\\\/\\\/innow.pl\\\/produkt\\\/ek1-ekran-do-parawanow-1-skrzydlowych\\\/\",\"name\":\"EK1 - Dodatkowy ekran do parawan\u00f3w 1-skrzyd\u0142owych - INNOW\",\"isPartOf\":{\"@id\":\"https:\\\/\\\/innow.pl\\\/#website\"},\"primaryImageOfPage\":{\"@id\":\"https:\\\/\\\/innow.pl\\\/produkt\\\/ek1-ekran-do-parawanow-1-skrzydlowych\\\/#primaryimage\"},\"image\":{\"@id\":\"https:\\\/\\\/innow.pl\\\/produkt\\\/ek1-ekran-do-parawanow-1-skrzydlowych\\\/#primaryimage\"},\"thumbnailUrl\":\"https:\\\/\\\/innow.pl\\\/wp-content\\\/uploads\\\/2024\\\/11\\\/Ekrany_parawanow-14.jpg\",\"datePublished\":\"2019-08-07T03:55:08+00:00\",\"dateModified\":\"2025-07-11T07:23:07+00:00\",\"description\":\"Zmywalny ekran do parawan\u00f3w 1-skrzyd\u0142owych firmy INNOW: P804, P804[N], P804D, PQ804, PQ804N. Wiele kolor\u00f3w do wyboru. Wejd\u017a i sprawd\u017a!\",\"breadcrumb\":{\"@id\":\"https:\\\/\\\/innow.pl\\\/produkt\\\/ek1-ekran-do-parawanow-1-skrzydlowych\\\/#breadcrumb\"},\"inLanguage\":\"en-US\",\"potentialAction\":[{\"@type\":\"ReadAction\",\"target\":[\"https:\\\/\\\/innow.pl\\\/produkt\\\/ek1-ekran-do-parawanow-1-skrzydlowych\\\/\"]}]},{\"@type\":\"ImageObject\",\"inLanguage\":\"en-US\",\"@id\":\"https:\\\/\\\/innow.pl\\\/produkt\\\/ek1-ekran-do-parawanow-1-skrzydlowych\\\/#primaryimage\",\"url\":\"https:\\\/\\\/innow.pl\\\/wp-content\\\/uploads\\\/2024\\\/11\\\/Ekrany_parawanow-14.jpg\",\"contentUrl\":\"https:\\\/\\\/innow.pl\\\/wp-content\\\/uploads\\\/2024\\\/11\\\/Ekrany_parawanow-14.jpg\",\"width\":1905,\"height\":1905,\"caption\":\"Ekrany parawan\u00f3w medycznych - 7 kolor\u00f3w do wyboru: \u017c\u00f3\u0142ty, b\u0142\u0119kitny, morski, ziele\u0144 medyczna, bia\u0142y, lazur\"},{\"@type\":\"BreadcrumbList\",\"@id\":\"https:\\\/\\\/innow.pl\\\/produkt\\\/ek1-ekran-do-parawanow-1-skrzydlowych\\\/#breadcrumb\",\"itemListElement\":[{\"@type\":\"ListItem\",\"position\":1,\"name\":\"INNOW\",\"item\":\"https:\\\/\\\/innow.pl\\\/en\\\/\"},{\"@type\":\"ListItem\",\"position\":2,\"name\":\"Produkty\",\"item\":\"https:\\\/\\\/innow.pl\\\/produkty\\\/\"},{\"@type\":\"ListItem\",\"position\":3,\"name\":\"Meble medyczne\",\"item\":\"https:\\\/\\\/innow.pl\\\/produkty\\\/meble-medyczne\\\/\"},{\"@type\":\"ListItem\",\"position\":4,\"name\":\"EK1 &#8211; Dodatkowy ekran do parawan\u00f3w 1-skrzyd\u0142owych\"}]},{\"@type\":\"WebSite\",\"@id\":\"https:\\\/\\\/innow.pl\\\/#website\",\"url\":\"https:\\\/\\\/innow.pl\\\/\",\"name\":\"INNOW\",\"description\":\"\",\"potentialAction\":[{\"@type\":\"SearchAction\",\"target\":{\"@type\":\"EntryPoint\",\"urlTemplate\":\"https:\\\/\\\/innow.pl\\\/?s={search_term_string}\"},\"query-input\":{\"@type\":\"PropertyValueSpecification\",\"valueRequired\":true,\"valueName\":\"search_term_string\"}}],\"inLanguage\":\"en-US\"}]}<\/script>\n<!-- \/ Yoast SEO plugin. -->","yoast_head_json":{"title":"EK1 - Dodatkowy ekran do parawan\u00f3w 1-skrzyd\u0142owych - INNOW","description":"Zmywalny ekran do parawan\u00f3w 1-skrzyd\u0142owych firmy INNOW: P804, P804[N], P804D, PQ804, PQ804N. Wiele kolor\u00f3w do wyboru. Wejd\u017a i sprawd\u017a!","robots":{"index":"index","follow":"follow","max-snippet":"max-snippet:-1","max-image-preview":"max-image-preview:large","max-video-preview":"max-video-preview:-1"},"canonical":"https:\/\/innow.pl\/produkt\/ek1-ekran-do-parawanow-1-skrzydlowych\/","og_locale":"en_US","og_type":"article","og_title":"EK1 - Dodatkowy ekran do parawan\u00f3w 1-skrzyd\u0142owych - INNOW","og_description":"Zmywalny ekran do parawan\u00f3w 1-skrzyd\u0142owych firmy INNOW: P804, P804[N], P804D, PQ804, PQ804N. Wiele kolor\u00f3w do wyboru. Wejd\u017a i sprawd\u017a!","og_url":"https:\/\/innow.pl\/produkt\/ek1-ekran-do-parawanow-1-skrzydlowych\/","og_site_name":"INNOW","article_modified_time":"2025-07-11T07:23:07+00:00","og_image":[{"width":1905,"height":1905,"url":"https:\/\/innow.pl\/wp-content\/uploads\/2024\/11\/Ekrany_parawanow-14.jpg","type":"image\/jpeg"}],"twitter_card":"summary_large_image","twitter_misc":{"Est. reading time":"1 minute"},"schema":{"@context":"https:\/\/schema.org","@graph":[{"@type":"WebPage","@id":"https:\/\/innow.pl\/produkt\/ek1-ekran-do-parawanow-1-skrzydlowych\/","url":"https:\/\/innow.pl\/produkt\/ek1-ekran-do-parawanow-1-skrzydlowych\/","name":"EK1 - Dodatkowy ekran do parawan\u00f3w 1-skrzyd\u0142owych - INNOW","isPartOf":{"@id":"https:\/\/innow.pl\/#website"},"primaryImageOfPage":{"@id":"https:\/\/innow.pl\/produkt\/ek1-ekran-do-parawanow-1-skrzydlowych\/#primaryimage"},"image":{"@id":"https:\/\/innow.pl\/produkt\/ek1-ekran-do-parawanow-1-skrzydlowych\/#primaryimage"},"thumbnailUrl":"https:\/\/innow.pl\/wp-content\/uploads\/2024\/11\/Ekrany_parawanow-14.jpg","datePublished":"2019-08-07T03:55:08+00:00","dateModified":"2025-07-11T07:23:07+00:00","description":"Zmywalny ekran do parawan\u00f3w 1-skrzyd\u0142owych firmy INNOW: P804, P804[N], P804D, PQ804, PQ804N. Wiele kolor\u00f3w do wyboru. Wejd\u017a i sprawd\u017a!","breadcrumb":{"@id":"https:\/\/innow.pl\/produkt\/ek1-ekran-do-parawanow-1-skrzydlowych\/#breadcrumb"},"inLanguage":"en-US","potentialAction":[{"@type":"ReadAction","target":["https:\/\/innow.pl\/produkt\/ek1-ekran-do-parawanow-1-skrzydlowych\/"]}]},{"@type":"ImageObject","inLanguage":"en-US","@id":"https:\/\/innow.pl\/produkt\/ek1-ekran-do-parawanow-1-skrzydlowych\/#primaryimage","url":"https:\/\/innow.pl\/wp-content\/uploads\/2024\/11\/Ekrany_parawanow-14.jpg","contentUrl":"https:\/\/innow.pl\/wp-content\/uploads\/2024\/11\/Ekrany_parawanow-14.jpg","width":1905,"height":1905,"caption":"Ekrany parawan\u00f3w medycznych - 7 kolor\u00f3w do wyboru: \u017c\u00f3\u0142ty, b\u0142\u0119kitny, morski, ziele\u0144 medyczna, bia\u0142y, lazur"},{"@type":"BreadcrumbList","@id":"https:\/\/innow.pl\/produkt\/ek1-ekran-do-parawanow-1-skrzydlowych\/#breadcrumb","itemListElement":[{"@type":"ListItem","position":1,"name":"INNOW","item":"https:\/\/innow.pl\/en\/"},{"@type":"ListItem","position":2,"name":"Produkty","item":"https:\/\/innow.pl\/produkty\/"},{"@type":"ListItem","position":3,"name":"Meble medyczne","item":"https:\/\/innow.pl\/produkty\/meble-medyczne\/"},{"@type":"ListItem","position":4,"name":"EK1 &#8211; Dodatkowy ekran do parawan\u00f3w 1-skrzyd\u0142owych"}]},{"@type":"WebSite","@id":"https:\/\/innow.pl\/#website","url":"https:\/\/innow.pl\/","name":"INNOW","description":"","potentialAction":[{"@type":"SearchAction","target":{"@type":"EntryPoint","urlTemplate":"https:\/\/innow.pl\/?s={search_term_string}"},"query-input":{"@type":"PropertyValueSpecification","valueRequired":true,"valueName":"search_term_string"}}],"inLanguage":"en-US"}]}},"_links":{"self":[{"href":"https:\/\/innow.pl\/en\/wp-json\/wp\/v2\/product\/28937","targetHints":{"allow":["GET"]}}],"collection":[{"href":"https:\/\/innow.pl\/en\/wp-json\/wp\/v2\/product"}],"about":[{"href":"https:\/\/innow.pl\/en\/wp-json\/wp\/v2\/types\/product"}],"replies":[{"embeddable":true,"href":"https:\/\/innow.pl\/en\/wp-json\/wp\/v2\/comments?post=28937"}],"wp:featuredmedia":[{"embeddable":true,"href":"https:\/\/innow.pl\/en\/wp-json\/wp\/v2\/media\/28939"}],"wp:attachment":[{"href":"https:\/\/innow.pl\/en\/wp-json\/wp\/v2\/media?parent=28937"}],"wp:term":[{"taxonomy":"product_brand","embeddable":true,"href":"https:\/\/innow.pl\/en\/wp-json\/wp\/v2\/product_brand?post=28937"},{"taxonomy":"product_cat","embeddable":true,"href":"https:\/\/innow.pl\/en\/wp-json\/wp\/v2\/product_cat?post=28937"},{"taxonomy":"product_tag","embeddable":true,"href":"https:\/\/innow.pl\/en\/wp-json\/wp\/v2\/product_tag?post=28937"}],"curies":[{"name":"wp","href":"https:\/\/api.w.org\/{rel}","templated":true}]}}