{"id":28926,"date":"2016-08-07T05:00:18","date_gmt":"2016-08-07T03:00:18","guid":{"rendered":"https:\/\/innow.pl\/produkt\/ekran-tapicerowany-nakladany-na-parawan-pq804-pq804n\/"},"modified":"2025-06-11T14:08:29","modified_gmt":"2025-06-11T12:08:29","slug":"ekran-tapicerowany-nakladany-na-parawan-pq804-pq804n","status":"publish","type":"product","link":"https:\/\/innow.pl\/en\/produkt\/ekran-tapicerowany-nakladany-na-parawan-pq804-pq804n\/","title":{"rendered":"TAP-EK PQ804 &#8211; Dodatkowy ekran tapicerowany, nak\u0142adany na ram\u0119 parawanu PQ804, PQ804[N]"},"content":{"rendered":"<p style=\"text-align: left;\">Ekran nak\u0142adany na parawan, wykonany z materia\u0142u tapicerskiego do zastosowa\u0144 medycznych.<\/p>\n<p style=\"text-align: left;\">\u00a0<\/p>\n<p style=\"text-align: left;\"><a>Informacje o w\u0142a\u015bciwo\u015bciach dost\u0119pnych <strong>materia\u0142\u00f3w obiciowych<\/strong> dost\u0119pne po klikni\u0119ciu w zdj\u0119cie:<\/a><\/p>\n<p style=\"text-align: left;\"><a href=\"https:\/\/innow.pl\/publikacje\/KatalogPDF\/Pokrycia-obiciowe-tapicerki.pdf\" target=\"_blank\" rel=\"noopener\"><img decoding=\"async\" src=\"https:\/\/innow.pl\/wp-content\/uploads\/2024\/11\/Tapicerki.jpg\" \/><\/a><\/p>\n","protected":false},"excerpt":{"rendered":"<p>Ekran nak\u0142adany na parawan, wykonany z materia\u0142u tapicerskiego do zastosowa\u0144 medycznych. \u00a0 Informacje o w\u0142a\u015bciwo\u015bciach dost\u0119pnych materia\u0142\u00f3w obiciowych dost\u0119pne po klikni\u0119ciu w zdj\u0119cie:<\/p>\n","protected":false},"featured_media":28929,"comment_status":"open","ping_status":"closed","template":"","meta":{"_acf_changed":false},"product_brand":[],"product_cat":[440,530,531],"product_tag":[],"class_list":{"0":"post-28926","1":"product","2":"type-product","3":"status-publish","4":"has-post-thumbnail","6":"product_cat-meble-medyczne","7":"product_cat-parawany-meble-medyczne","8":"product_cat-parawany-jednoskrzydlowe","10":"first","11":"instock","12":"taxable","13":"shipping-taxable","14":"purchasable","15":"product-type-simple"},"acf":[],"yoast_head":"<!-- This site is optimized with the Yoast SEO plugin v27.4 - https:\/\/yoast.com\/product\/yoast-seo-wordpress\/ -->\n<title>TAP-EK PQ804 - Dodatkowy ekran tapicerowany, nak\u0142adany na ram\u0119 parawanu PQ804, PQ804[N] - INNOW<\/title>\n<meta name=\"description\" content=\"Ekran wykonany z materia\u0142u tapicerskiego do zastosowa\u0144 medycznych, nak\u0142adany na parawan PQ804 i PQ804[N]. Kolor do wyboru. Kliknij i zobacz!\" \/>\n<meta name=\"robots\" content=\"index, follow, max-snippet:-1, max-image-preview:large, max-video-preview:-1\" \/>\n<link rel=\"canonical\" href=\"https:\/\/innow.pl\/produkt\/ekran-tapicerowany-nakladany-na-parawan-pq804-pq804n\/\" \/>\n<meta property=\"og:locale\" content=\"en_US\" \/>\n<meta property=\"og:type\" content=\"article\" \/>\n<meta property=\"og:title\" content=\"TAP-EK PQ804 - Dodatkowy ekran tapicerowany, nak\u0142adany na ram\u0119 parawanu PQ804, PQ804[N] - INNOW\" \/>\n<meta property=\"og:description\" content=\"Ekran wykonany z materia\u0142u tapicerskiego do zastosowa\u0144 medycznych, nak\u0142adany na parawan PQ804 i PQ804[N]. Kolor do wyboru. Kliknij i zobacz!\" \/>\n<meta property=\"og:url\" content=\"https:\/\/innow.pl\/produkt\/ekran-tapicerowany-nakladany-na-parawan-pq804-pq804n\/\" \/>\n<meta property=\"og:site_name\" content=\"INNOW\" \/>\n<meta property=\"article:modified_time\" content=\"2025-06-11T12:08:29+00:00\" \/>\n<meta property=\"og:image\" content=\"https:\/\/innow.pl\/wp-content\/uploads\/2024\/11\/TAP-EK-PQ804-nowy.jpg\" \/>\n\t<meta property=\"og:image:width\" content=\"800\" \/>\n\t<meta property=\"og:image:height\" content=\"800\" \/>\n\t<meta property=\"og:image:type\" content=\"image\/jpeg\" \/>\n<meta name=\"twitter:card\" content=\"summary_large_image\" \/>\n<meta name=\"twitter:label1\" content=\"Est. reading time\" \/>\n\t<meta name=\"twitter:data1\" content=\"1 minute\" \/>\n<script type=\"application\/ld+json\" class=\"yoast-schema-graph\">{\"@context\":\"https:\\\/\\\/schema.org\",\"@graph\":[{\"@type\":\"WebPage\",\"@id\":\"https:\\\/\\\/innow.pl\\\/produkt\\\/ekran-tapicerowany-nakladany-na-parawan-pq804-pq804n\\\/\",\"url\":\"https:\\\/\\\/innow.pl\\\/produkt\\\/ekran-tapicerowany-nakladany-na-parawan-pq804-pq804n\\\/\",\"name\":\"TAP-EK PQ804 - Dodatkowy ekran tapicerowany, nak\u0142adany na ram\u0119 parawanu PQ804, PQ804[N] - INNOW\",\"isPartOf\":{\"@id\":\"https:\\\/\\\/innow.pl\\\/#website\"},\"primaryImageOfPage\":{\"@id\":\"https:\\\/\\\/innow.pl\\\/produkt\\\/ekran-tapicerowany-nakladany-na-parawan-pq804-pq804n\\\/#primaryimage\"},\"image\":{\"@id\":\"https:\\\/\\\/innow.pl\\\/produkt\\\/ekran-tapicerowany-nakladany-na-parawan-pq804-pq804n\\\/#primaryimage\"},\"thumbnailUrl\":\"https:\\\/\\\/innow.pl\\\/wp-content\\\/uploads\\\/2024\\\/11\\\/TAP-EK-PQ804-nowy.jpg\",\"datePublished\":\"2016-08-07T03:00:18+00:00\",\"dateModified\":\"2025-06-11T12:08:29+00:00\",\"description\":\"Ekran wykonany z materia\u0142u tapicerskiego do zastosowa\u0144 medycznych, nak\u0142adany na parawan PQ804 i PQ804[N]. Kolor do wyboru. Kliknij i zobacz!\",\"breadcrumb\":{\"@id\":\"https:\\\/\\\/innow.pl\\\/produkt\\\/ekran-tapicerowany-nakladany-na-parawan-pq804-pq804n\\\/#breadcrumb\"},\"inLanguage\":\"en-US\",\"potentialAction\":[{\"@type\":\"ReadAction\",\"target\":[\"https:\\\/\\\/innow.pl\\\/produkt\\\/ekran-tapicerowany-nakladany-na-parawan-pq804-pq804n\\\/\"]}]},{\"@type\":\"ImageObject\",\"inLanguage\":\"en-US\",\"@id\":\"https:\\\/\\\/innow.pl\\\/produkt\\\/ekran-tapicerowany-nakladany-na-parawan-pq804-pq804n\\\/#primaryimage\",\"url\":\"https:\\\/\\\/innow.pl\\\/wp-content\\\/uploads\\\/2024\\\/11\\\/TAP-EK-PQ804-nowy.jpg\",\"contentUrl\":\"https:\\\/\\\/innow.pl\\\/wp-content\\\/uploads\\\/2024\\\/11\\\/TAP-EK-PQ804-nowy.jpg\",\"width\":800,\"height\":800,\"caption\":\"TAP-EK PQ804 - Dodatkowy ekran tapicerowany, nak\u0142adany na ram\u0119 parawanu PQ804, PQ804[N]\"},{\"@type\":\"BreadcrumbList\",\"@id\":\"https:\\\/\\\/innow.pl\\\/produkt\\\/ekran-tapicerowany-nakladany-na-parawan-pq804-pq804n\\\/#breadcrumb\",\"itemListElement\":[{\"@type\":\"ListItem\",\"position\":1,\"name\":\"INNOW\",\"item\":\"https:\\\/\\\/innow.pl\\\/en\\\/\"},{\"@type\":\"ListItem\",\"position\":2,\"name\":\"Produkty\",\"item\":\"https:\\\/\\\/innow.pl\\\/produkty\\\/\"},{\"@type\":\"ListItem\",\"position\":3,\"name\":\"Meble medyczne\",\"item\":\"https:\\\/\\\/innow.pl\\\/produkty\\\/meble-medyczne\\\/\"},{\"@type\":\"ListItem\",\"position\":4,\"name\":\"Parawany\",\"item\":\"https:\\\/\\\/innow.pl\\\/produkty\\\/meble-medyczne\\\/parawany-meble-medyczne\\\/\"},{\"@type\":\"ListItem\",\"position\":5,\"name\":\"Parawany jednoskrzyd\u0142owe\",\"item\":\"https:\\\/\\\/innow.pl\\\/produkty\\\/meble-medyczne\\\/parawany-meble-medyczne\\\/parawany-jednoskrzydlowe\\\/\"},{\"@type\":\"ListItem\",\"position\":6,\"name\":\"TAP-EK PQ804 &#8211; Dodatkowy ekran tapicerowany, nak\u0142adany na ram\u0119 parawanu PQ804, PQ804[N]\"}]},{\"@type\":\"WebSite\",\"@id\":\"https:\\\/\\\/innow.pl\\\/#website\",\"url\":\"https:\\\/\\\/innow.pl\\\/\",\"name\":\"INNOW\",\"description\":\"\",\"potentialAction\":[{\"@type\":\"SearchAction\",\"target\":{\"@type\":\"EntryPoint\",\"urlTemplate\":\"https:\\\/\\\/innow.pl\\\/?s={search_term_string}\"},\"query-input\":{\"@type\":\"PropertyValueSpecification\",\"valueRequired\":true,\"valueName\":\"search_term_string\"}}],\"inLanguage\":\"en-US\"}]}<\/script>\n<!-- \/ Yoast SEO plugin. -->","yoast_head_json":{"title":"TAP-EK PQ804 - Dodatkowy ekran tapicerowany, nak\u0142adany na ram\u0119 parawanu PQ804, PQ804[N] - INNOW","description":"Ekran wykonany z materia\u0142u tapicerskiego do zastosowa\u0144 medycznych, nak\u0142adany na parawan PQ804 i PQ804[N]. Kolor do wyboru. Kliknij i zobacz!","robots":{"index":"index","follow":"follow","max-snippet":"max-snippet:-1","max-image-preview":"max-image-preview:large","max-video-preview":"max-video-preview:-1"},"canonical":"https:\/\/innow.pl\/produkt\/ekran-tapicerowany-nakladany-na-parawan-pq804-pq804n\/","og_locale":"en_US","og_type":"article","og_title":"TAP-EK PQ804 - Dodatkowy ekran tapicerowany, nak\u0142adany na ram\u0119 parawanu PQ804, PQ804[N] - INNOW","og_description":"Ekran wykonany z materia\u0142u tapicerskiego do zastosowa\u0144 medycznych, nak\u0142adany na parawan PQ804 i PQ804[N]. Kolor do wyboru. Kliknij i zobacz!","og_url":"https:\/\/innow.pl\/produkt\/ekran-tapicerowany-nakladany-na-parawan-pq804-pq804n\/","og_site_name":"INNOW","article_modified_time":"2025-06-11T12:08:29+00:00","og_image":[{"width":800,"height":800,"url":"https:\/\/innow.pl\/wp-content\/uploads\/2024\/11\/TAP-EK-PQ804-nowy.jpg","type":"image\/jpeg"}],"twitter_card":"summary_large_image","twitter_misc":{"Est. reading time":"1 minute"},"schema":{"@context":"https:\/\/schema.org","@graph":[{"@type":"WebPage","@id":"https:\/\/innow.pl\/produkt\/ekran-tapicerowany-nakladany-na-parawan-pq804-pq804n\/","url":"https:\/\/innow.pl\/produkt\/ekran-tapicerowany-nakladany-na-parawan-pq804-pq804n\/","name":"TAP-EK PQ804 - Dodatkowy ekran tapicerowany, nak\u0142adany na ram\u0119 parawanu PQ804, PQ804[N] - INNOW","isPartOf":{"@id":"https:\/\/innow.pl\/#website"},"primaryImageOfPage":{"@id":"https:\/\/innow.pl\/produkt\/ekran-tapicerowany-nakladany-na-parawan-pq804-pq804n\/#primaryimage"},"image":{"@id":"https:\/\/innow.pl\/produkt\/ekran-tapicerowany-nakladany-na-parawan-pq804-pq804n\/#primaryimage"},"thumbnailUrl":"https:\/\/innow.pl\/wp-content\/uploads\/2024\/11\/TAP-EK-PQ804-nowy.jpg","datePublished":"2016-08-07T03:00:18+00:00","dateModified":"2025-06-11T12:08:29+00:00","description":"Ekran wykonany z materia\u0142u tapicerskiego do zastosowa\u0144 medycznych, nak\u0142adany na parawan PQ804 i PQ804[N]. Kolor do wyboru. Kliknij i zobacz!","breadcrumb":{"@id":"https:\/\/innow.pl\/produkt\/ekran-tapicerowany-nakladany-na-parawan-pq804-pq804n\/#breadcrumb"},"inLanguage":"en-US","potentialAction":[{"@type":"ReadAction","target":["https:\/\/innow.pl\/produkt\/ekran-tapicerowany-nakladany-na-parawan-pq804-pq804n\/"]}]},{"@type":"ImageObject","inLanguage":"en-US","@id":"https:\/\/innow.pl\/produkt\/ekran-tapicerowany-nakladany-na-parawan-pq804-pq804n\/#primaryimage","url":"https:\/\/innow.pl\/wp-content\/uploads\/2024\/11\/TAP-EK-PQ804-nowy.jpg","contentUrl":"https:\/\/innow.pl\/wp-content\/uploads\/2024\/11\/TAP-EK-PQ804-nowy.jpg","width":800,"height":800,"caption":"TAP-EK PQ804 - Dodatkowy ekran tapicerowany, nak\u0142adany na ram\u0119 parawanu PQ804, PQ804[N]"},{"@type":"BreadcrumbList","@id":"https:\/\/innow.pl\/produkt\/ekran-tapicerowany-nakladany-na-parawan-pq804-pq804n\/#breadcrumb","itemListElement":[{"@type":"ListItem","position":1,"name":"INNOW","item":"https:\/\/innow.pl\/en\/"},{"@type":"ListItem","position":2,"name":"Produkty","item":"https:\/\/innow.pl\/produkty\/"},{"@type":"ListItem","position":3,"name":"Meble medyczne","item":"https:\/\/innow.pl\/produkty\/meble-medyczne\/"},{"@type":"ListItem","position":4,"name":"Parawany","item":"https:\/\/innow.pl\/produkty\/meble-medyczne\/parawany-meble-medyczne\/"},{"@type":"ListItem","position":5,"name":"Parawany jednoskrzyd\u0142owe","item":"https:\/\/innow.pl\/produkty\/meble-medyczne\/parawany-meble-medyczne\/parawany-jednoskrzydlowe\/"},{"@type":"ListItem","position":6,"name":"TAP-EK PQ804 &#8211; Dodatkowy ekran tapicerowany, nak\u0142adany na ram\u0119 parawanu PQ804, PQ804[N]"}]},{"@type":"WebSite","@id":"https:\/\/innow.pl\/#website","url":"https:\/\/innow.pl\/","name":"INNOW","description":"","potentialAction":[{"@type":"SearchAction","target":{"@type":"EntryPoint","urlTemplate":"https:\/\/innow.pl\/?s={search_term_string}"},"query-input":{"@type":"PropertyValueSpecification","valueRequired":true,"valueName":"search_term_string"}}],"inLanguage":"en-US"}]}},"_links":{"self":[{"href":"https:\/\/innow.pl\/en\/wp-json\/wp\/v2\/product\/28926","targetHints":{"allow":["GET"]}}],"collection":[{"href":"https:\/\/innow.pl\/en\/wp-json\/wp\/v2\/product"}],"about":[{"href":"https:\/\/innow.pl\/en\/wp-json\/wp\/v2\/types\/product"}],"replies":[{"embeddable":true,"href":"https:\/\/innow.pl\/en\/wp-json\/wp\/v2\/comments?post=28926"}],"wp:featuredmedia":[{"embeddable":true,"href":"https:\/\/innow.pl\/en\/wp-json\/wp\/v2\/media\/28929"}],"wp:attachment":[{"href":"https:\/\/innow.pl\/en\/wp-json\/wp\/v2\/media?parent=28926"}],"wp:term":[{"taxonomy":"product_brand","embeddable":true,"href":"https:\/\/innow.pl\/en\/wp-json\/wp\/v2\/product_brand?post=28926"},{"taxonomy":"product_cat","embeddable":true,"href":"https:\/\/innow.pl\/en\/wp-json\/wp\/v2\/product_cat?post=28926"},{"taxonomy":"product_tag","embeddable":true,"href":"https:\/\/innow.pl\/en\/wp-json\/wp\/v2\/product_tag?post=28926"}],"curies":[{"name":"wp","href":"https:\/\/api.w.org\/{rel}","templated":true}]}}