{"id":28799,"date":"2024-01-16T07:55:52","date_gmt":"2024-01-16T06:55:52","guid":{"rendered":"https:\/\/innow.pl\/produkt\/fz01-eu-3cp-fotel-zabiegowy-3-czesciowy-z-odchylanym-siedziskiem\/"},"modified":"2026-04-16T14:06:28","modified_gmt":"2026-04-16T12:06:28","slug":"fz01-eu-3cp-fotel-zabiegowy-3-czesciowy-z-odchylanym-siedziskiem","status":"publish","type":"product","link":"https:\/\/innow.pl\/en\/produkt\/fz01-eu-3cp-fotel-zabiegowy-3-czesciowy-z-odchylanym-siedziskiem\/","title":{"rendered":"FZ01 EU [3CP] &#8211; Fotel zabiegowy 3-cz\u0119\u015bciowy z odchylanym siedziskiem"},"content":{"rendered":"<p>Innowacyjny i uniwersalny fotel do przeprowadzania bada\u0144 i zabieg\u00f3w (fotel zabiegowy medyczny) z zakresu laryngologii, okulistyki, krwiodawstwa i dializ; 3-sekcyjny, uchylany. Segment oparcia plec\u00f3w i podparcia n\u00f3g regulowane gazowo. Odpowiednie u\u0142o\u017cenie poszczeg\u00f3lnych segment\u00f3w daje mo\u017cliwo\u015b\u0107 uzyskania pozycji kolebkowej oraz anty-Trendelenburga. Konstrukcja wykonana z profili stalowych, malowanych proszkowo na kolor bia\u0142y. <strong>Wysoko\u015b\u0107 siedziska <\/strong>do wyboru<strong>: 53 cm <\/strong>lub<strong> 65 cm.<\/strong> <em>Zdj\u0119cie 1, 6: fotel z wyposa\u017ceniem opcjonalnym: podparcie pod r\u0119k\u0119 proste (tapicerowane), podajnik podk\u0142ad\u00f3w ochronnych nierdzewny.<\/em> <em>Zdj\u0119cie 2-5: fotel w wersji standardowej.<\/em> <strong>Wyposa\u017cenie podstawowe fotela:<\/strong><\/p>\n<ul>\n<li>trzysegmentowe le\u017ce,<\/li>\n<li>odchylanie siedziska od poziomu (hydrauliczne),<\/li>\n<li>regulacja oparcia spr\u0119\u017cyn\u0105 gazow\u0105,<\/li>\n<li>regulacja cz\u0119\u015bci no\u017cnej spr\u0119\u017cyn\u0105 gazow\u0105.<\/li>\n<\/ul>\n<p><strong>Wyposa\u017cenie dodatkowe fotela pod opisem.<\/strong> W przypadku dokupienia podparcia wielopozycyjnego pod r\u0119k\u0119, fotel mo\u017ce by\u0107 u\u017cytkowany jako fotel dla krwiodawstwa, dla dawc\u00f3w krwi.<\/p>\n<p style=\"text-align: center;\"><a>Informacje o w\u0142a\u015bciwo\u015bciach dost\u0119pnych <strong>materia\u0142\u00f3w obiciowych<\/strong> dost\u0119pne po klikni\u0119ciu w zdj\u0119cie:<\/a> <a href=\"https:\/\/innow.pl\/publikacje\/KatalogPDF\/Pokrycia-obiciowe-tapicerki.pdf\" target=\"_blank\" rel=\"noopener\"><img decoding=\"async\" class=\"aligncenter\" src=\"https:\/\/innow.pl\/wp-content\/uploads\/2024\/11\/Tapicerki.jpg\" \/><\/a><\/p>\n","protected":false},"excerpt":{"rendered":"<p>Innowacyjny i uniwersalny fotel do przeprowadzania bada\u0144 i zabieg\u00f3w (fotel zabiegowy medyczny) z zakresu laryngologii, okulistyki, krwiodawstwa i dializ; 3-sekcyjny, uchylany. Segment oparcia plec\u00f3w i podparcia n\u00f3g regulowane gazowo. Odpowiednie u\u0142o\u017cenie poszczeg\u00f3lnych segment\u00f3w daje mo\u017cliwo\u015b\u0107 uzyskania pozycji kolebkowej oraz anty-Trendelenburga. Konstrukcja wykonana z profili stalowych, malowanych proszkowo na kolor bia\u0142y. Wysoko\u015b\u0107 siedziska do wyboru: 53 [&hellip;]<\/p>\n","protected":false},"featured_media":28802,"comment_status":"open","ping_status":"closed","template":"","meta":{"_acf_changed":false},"product_brand":[],"product_cat":[491,550,440],"product_tag":[],"class_list":{"0":"post-28799","1":"product","2":"type-product","3":"status-publish","4":"has-post-thumbnail","6":"product_cat-fotele-zabiegowe","7":"product_cat-fotele-zabiegowe-uniwersalne","8":"product_cat-meble-medyczne","9":"pa_dlugosc-166-cm","10":"pa_szerokosc-68-cm","11":"pa_wysokosc-53-cm","12":"pa_wysokosc-65-cm","14":"first","15":"instock","16":"taxable","17":"shipping-taxable","18":"purchasable","19":"product-type-simple"},"acf":[],"yoast_head":"<!-- This site is optimized with the Yoast SEO plugin v27.4 - https:\/\/yoast.com\/product\/yoast-seo-wordpress\/ -->\n<title>Fotel zabiegowy 3-cz\u0119\u015bciowy z odchylanym siedziskiem - FZ01 EU [3CP] - INNOW<\/title>\n<meta name=\"description\" content=\"Praktyczny fotel zabiegowy 3-cz\u0119\u015bciowy z odchylanym siedziskiem umo\u017cliwiaj\u0105cy odpowiednie u\u0142o\u017cenie pacjenta podczas zabieg\u00f3w i bada\u0144. Zobacz wi\u0119cej!\" \/>\n<meta name=\"robots\" content=\"index, follow, max-snippet:-1, max-image-preview:large, max-video-preview:-1\" \/>\n<link rel=\"canonical\" href=\"https:\/\/innow.pl\/produkt\/fz01-eu-3cp-fotel-zabiegowy-3-czesciowy-z-odchylanym-siedziskiem\/\" \/>\n<meta property=\"og:locale\" content=\"en_US\" \/>\n<meta property=\"og:type\" content=\"article\" \/>\n<meta property=\"og:title\" content=\"Fotel zabiegowy 3-cz\u0119\u015bciowy z odchylanym siedziskiem - FZ01 EU [3CP] - INNOW\" \/>\n<meta property=\"og:description\" content=\"Praktyczny fotel zabiegowy 3-cz\u0119\u015bciowy z odchylanym siedziskiem umo\u017cliwiaj\u0105cy odpowiednie u\u0142o\u017cenie pacjenta podczas zabieg\u00f3w i bada\u0144. Zobacz wi\u0119cej!\" \/>\n<meta property=\"og:url\" content=\"https:\/\/innow.pl\/produkt\/fz01-eu-3cp-fotel-zabiegowy-3-czesciowy-z-odchylanym-siedziskiem\/\" \/>\n<meta property=\"og:site_name\" content=\"INNOW\" \/>\n<meta property=\"article:modified_time\" content=\"2026-04-16T12:06:28+00:00\" \/>\n<meta property=\"og:image\" content=\"https:\/\/innow.pl\/wp-content\/uploads\/2024\/11\/FZ01EU3CP_2.jpg\" \/>\n\t<meta property=\"og:image:width\" content=\"800\" \/>\n\t<meta property=\"og:image:height\" content=\"800\" \/>\n\t<meta property=\"og:image:type\" content=\"image\/jpeg\" \/>\n<meta name=\"twitter:card\" content=\"summary_large_image\" \/>\n<meta name=\"twitter:label1\" content=\"Est. reading time\" \/>\n\t<meta name=\"twitter:data1\" content=\"2 minutes\" \/>\n<script type=\"application\/ld+json\" class=\"yoast-schema-graph\">{\"@context\":\"https:\\\/\\\/schema.org\",\"@graph\":[{\"@type\":\"WebPage\",\"@id\":\"https:\\\/\\\/innow.pl\\\/produkt\\\/fz01-eu-3cp-fotel-zabiegowy-3-czesciowy-z-odchylanym-siedziskiem\\\/\",\"url\":\"https:\\\/\\\/innow.pl\\\/produkt\\\/fz01-eu-3cp-fotel-zabiegowy-3-czesciowy-z-odchylanym-siedziskiem\\\/\",\"name\":\"Fotel zabiegowy 3-cz\u0119\u015bciowy z odchylanym siedziskiem - FZ01 EU [3CP] - INNOW\",\"isPartOf\":{\"@id\":\"https:\\\/\\\/innow.pl\\\/#website\"},\"primaryImageOfPage\":{\"@id\":\"https:\\\/\\\/innow.pl\\\/produkt\\\/fz01-eu-3cp-fotel-zabiegowy-3-czesciowy-z-odchylanym-siedziskiem\\\/#primaryimage\"},\"image\":{\"@id\":\"https:\\\/\\\/innow.pl\\\/produkt\\\/fz01-eu-3cp-fotel-zabiegowy-3-czesciowy-z-odchylanym-siedziskiem\\\/#primaryimage\"},\"thumbnailUrl\":\"https:\\\/\\\/innow.pl\\\/wp-content\\\/uploads\\\/2024\\\/11\\\/FZ01EU3CP_2.jpg\",\"datePublished\":\"2024-01-16T06:55:52+00:00\",\"dateModified\":\"2026-04-16T12:06:28+00:00\",\"description\":\"Praktyczny fotel zabiegowy 3-cz\u0119\u015bciowy z odchylanym siedziskiem umo\u017cliwiaj\u0105cy odpowiednie u\u0142o\u017cenie pacjenta podczas zabieg\u00f3w i bada\u0144. Zobacz wi\u0119cej!\",\"breadcrumb\":{\"@id\":\"https:\\\/\\\/innow.pl\\\/produkt\\\/fz01-eu-3cp-fotel-zabiegowy-3-czesciowy-z-odchylanym-siedziskiem\\\/#breadcrumb\"},\"inLanguage\":\"en-US\",\"potentialAction\":[{\"@type\":\"ReadAction\",\"target\":[\"https:\\\/\\\/innow.pl\\\/produkt\\\/fz01-eu-3cp-fotel-zabiegowy-3-czesciowy-z-odchylanym-siedziskiem\\\/\"]}]},{\"@type\":\"ImageObject\",\"inLanguage\":\"en-US\",\"@id\":\"https:\\\/\\\/innow.pl\\\/produkt\\\/fz01-eu-3cp-fotel-zabiegowy-3-czesciowy-z-odchylanym-siedziskiem\\\/#primaryimage\",\"url\":\"https:\\\/\\\/innow.pl\\\/wp-content\\\/uploads\\\/2024\\\/11\\\/FZ01EU3CP_2.jpg\",\"contentUrl\":\"https:\\\/\\\/innow.pl\\\/wp-content\\\/uploads\\\/2024\\\/11\\\/FZ01EU3CP_2.jpg\",\"width\":800,\"height\":800,\"caption\":\"Fotel zabiegowy 3-cz\u0119\u015bciowy z odchylanym siedziskiem - FZ01 EU [3CP] - INNOW\"},{\"@type\":\"BreadcrumbList\",\"@id\":\"https:\\\/\\\/innow.pl\\\/produkt\\\/fz01-eu-3cp-fotel-zabiegowy-3-czesciowy-z-odchylanym-siedziskiem\\\/#breadcrumb\",\"itemListElement\":[{\"@type\":\"ListItem\",\"position\":1,\"name\":\"INNOW\",\"item\":\"https:\\\/\\\/innow.pl\\\/en\\\/\"},{\"@type\":\"ListItem\",\"position\":2,\"name\":\"Produkty\",\"item\":\"https:\\\/\\\/innow.pl\\\/produkty\\\/\"},{\"@type\":\"ListItem\",\"position\":3,\"name\":\"Meble medyczne\",\"item\":\"https:\\\/\\\/innow.pl\\\/produkty\\\/meble-medyczne\\\/\"},{\"@type\":\"ListItem\",\"position\":4,\"name\":\"Fotele zabiegowe\",\"item\":\"https:\\\/\\\/innow.pl\\\/produkty\\\/meble-medyczne\\\/fotele-zabiegowe\\\/\"},{\"@type\":\"ListItem\",\"position\":5,\"name\":\"Fotele zabiegowe uniwersalne\",\"item\":\"https:\\\/\\\/innow.pl\\\/produkty\\\/meble-medyczne\\\/fotele-zabiegowe\\\/fotele-zabiegowe-uniwersalne\\\/\"},{\"@type\":\"ListItem\",\"position\":6,\"name\":\"FZ01 EU [3CP] &#8211; Fotel zabiegowy 3-cz\u0119\u015bciowy z odchylanym siedziskiem\"}]},{\"@type\":\"WebSite\",\"@id\":\"https:\\\/\\\/innow.pl\\\/#website\",\"url\":\"https:\\\/\\\/innow.pl\\\/\",\"name\":\"INNOW\",\"description\":\"\",\"potentialAction\":[{\"@type\":\"SearchAction\",\"target\":{\"@type\":\"EntryPoint\",\"urlTemplate\":\"https:\\\/\\\/innow.pl\\\/?s={search_term_string}\"},\"query-input\":{\"@type\":\"PropertyValueSpecification\",\"valueRequired\":true,\"valueName\":\"search_term_string\"}}],\"inLanguage\":\"en-US\"}]}<\/script>\n<!-- \/ Yoast SEO plugin. -->","yoast_head_json":{"title":"Fotel zabiegowy 3-cz\u0119\u015bciowy z odchylanym siedziskiem - FZ01 EU [3CP] - INNOW","description":"Praktyczny fotel zabiegowy 3-cz\u0119\u015bciowy z odchylanym siedziskiem umo\u017cliwiaj\u0105cy odpowiednie u\u0142o\u017cenie pacjenta podczas zabieg\u00f3w i bada\u0144. Zobacz wi\u0119cej!","robots":{"index":"index","follow":"follow","max-snippet":"max-snippet:-1","max-image-preview":"max-image-preview:large","max-video-preview":"max-video-preview:-1"},"canonical":"https:\/\/innow.pl\/produkt\/fz01-eu-3cp-fotel-zabiegowy-3-czesciowy-z-odchylanym-siedziskiem\/","og_locale":"en_US","og_type":"article","og_title":"Fotel zabiegowy 3-cz\u0119\u015bciowy z odchylanym siedziskiem - FZ01 EU [3CP] - INNOW","og_description":"Praktyczny fotel zabiegowy 3-cz\u0119\u015bciowy z odchylanym siedziskiem umo\u017cliwiaj\u0105cy odpowiednie u\u0142o\u017cenie pacjenta podczas zabieg\u00f3w i bada\u0144. Zobacz wi\u0119cej!","og_url":"https:\/\/innow.pl\/produkt\/fz01-eu-3cp-fotel-zabiegowy-3-czesciowy-z-odchylanym-siedziskiem\/","og_site_name":"INNOW","article_modified_time":"2026-04-16T12:06:28+00:00","og_image":[{"width":800,"height":800,"url":"https:\/\/innow.pl\/wp-content\/uploads\/2024\/11\/FZ01EU3CP_2.jpg","type":"image\/jpeg"}],"twitter_card":"summary_large_image","twitter_misc":{"Est. reading time":"2 minutes"},"schema":{"@context":"https:\/\/schema.org","@graph":[{"@type":"WebPage","@id":"https:\/\/innow.pl\/produkt\/fz01-eu-3cp-fotel-zabiegowy-3-czesciowy-z-odchylanym-siedziskiem\/","url":"https:\/\/innow.pl\/produkt\/fz01-eu-3cp-fotel-zabiegowy-3-czesciowy-z-odchylanym-siedziskiem\/","name":"Fotel zabiegowy 3-cz\u0119\u015bciowy z odchylanym siedziskiem - FZ01 EU [3CP] - INNOW","isPartOf":{"@id":"https:\/\/innow.pl\/#website"},"primaryImageOfPage":{"@id":"https:\/\/innow.pl\/produkt\/fz01-eu-3cp-fotel-zabiegowy-3-czesciowy-z-odchylanym-siedziskiem\/#primaryimage"},"image":{"@id":"https:\/\/innow.pl\/produkt\/fz01-eu-3cp-fotel-zabiegowy-3-czesciowy-z-odchylanym-siedziskiem\/#primaryimage"},"thumbnailUrl":"https:\/\/innow.pl\/wp-content\/uploads\/2024\/11\/FZ01EU3CP_2.jpg","datePublished":"2024-01-16T06:55:52+00:00","dateModified":"2026-04-16T12:06:28+00:00","description":"Praktyczny fotel zabiegowy 3-cz\u0119\u015bciowy z odchylanym siedziskiem umo\u017cliwiaj\u0105cy odpowiednie u\u0142o\u017cenie pacjenta podczas zabieg\u00f3w i bada\u0144. Zobacz wi\u0119cej!","breadcrumb":{"@id":"https:\/\/innow.pl\/produkt\/fz01-eu-3cp-fotel-zabiegowy-3-czesciowy-z-odchylanym-siedziskiem\/#breadcrumb"},"inLanguage":"en-US","potentialAction":[{"@type":"ReadAction","target":["https:\/\/innow.pl\/produkt\/fz01-eu-3cp-fotel-zabiegowy-3-czesciowy-z-odchylanym-siedziskiem\/"]}]},{"@type":"ImageObject","inLanguage":"en-US","@id":"https:\/\/innow.pl\/produkt\/fz01-eu-3cp-fotel-zabiegowy-3-czesciowy-z-odchylanym-siedziskiem\/#primaryimage","url":"https:\/\/innow.pl\/wp-content\/uploads\/2024\/11\/FZ01EU3CP_2.jpg","contentUrl":"https:\/\/innow.pl\/wp-content\/uploads\/2024\/11\/FZ01EU3CP_2.jpg","width":800,"height":800,"caption":"Fotel zabiegowy 3-cz\u0119\u015bciowy z odchylanym siedziskiem - FZ01 EU [3CP] - INNOW"},{"@type":"BreadcrumbList","@id":"https:\/\/innow.pl\/produkt\/fz01-eu-3cp-fotel-zabiegowy-3-czesciowy-z-odchylanym-siedziskiem\/#breadcrumb","itemListElement":[{"@type":"ListItem","position":1,"name":"INNOW","item":"https:\/\/innow.pl\/en\/"},{"@type":"ListItem","position":2,"name":"Produkty","item":"https:\/\/innow.pl\/produkty\/"},{"@type":"ListItem","position":3,"name":"Meble medyczne","item":"https:\/\/innow.pl\/produkty\/meble-medyczne\/"},{"@type":"ListItem","position":4,"name":"Fotele zabiegowe","item":"https:\/\/innow.pl\/produkty\/meble-medyczne\/fotele-zabiegowe\/"},{"@type":"ListItem","position":5,"name":"Fotele zabiegowe uniwersalne","item":"https:\/\/innow.pl\/produkty\/meble-medyczne\/fotele-zabiegowe\/fotele-zabiegowe-uniwersalne\/"},{"@type":"ListItem","position":6,"name":"FZ01 EU [3CP] &#8211; Fotel zabiegowy 3-cz\u0119\u015bciowy z odchylanym siedziskiem"}]},{"@type":"WebSite","@id":"https:\/\/innow.pl\/#website","url":"https:\/\/innow.pl\/","name":"INNOW","description":"","potentialAction":[{"@type":"SearchAction","target":{"@type":"EntryPoint","urlTemplate":"https:\/\/innow.pl\/?s={search_term_string}"},"query-input":{"@type":"PropertyValueSpecification","valueRequired":true,"valueName":"search_term_string"}}],"inLanguage":"en-US"}]}},"_links":{"self":[{"href":"https:\/\/innow.pl\/en\/wp-json\/wp\/v2\/product\/28799","targetHints":{"allow":["GET"]}}],"collection":[{"href":"https:\/\/innow.pl\/en\/wp-json\/wp\/v2\/product"}],"about":[{"href":"https:\/\/innow.pl\/en\/wp-json\/wp\/v2\/types\/product"}],"replies":[{"embeddable":true,"href":"https:\/\/innow.pl\/en\/wp-json\/wp\/v2\/comments?post=28799"}],"wp:featuredmedia":[{"embeddable":true,"href":"https:\/\/innow.pl\/en\/wp-json\/wp\/v2\/media\/28802"}],"wp:attachment":[{"href":"https:\/\/innow.pl\/en\/wp-json\/wp\/v2\/media?parent=28799"}],"wp:term":[{"taxonomy":"product_brand","embeddable":true,"href":"https:\/\/innow.pl\/en\/wp-json\/wp\/v2\/product_brand?post=28799"},{"taxonomy":"product_cat","embeddable":true,"href":"https:\/\/innow.pl\/en\/wp-json\/wp\/v2\/product_cat?post=28799"},{"taxonomy":"product_tag","embeddable":true,"href":"https:\/\/innow.pl\/en\/wp-json\/wp\/v2\/product_tag?post=28799"}],"curies":[{"name":"wp","href":"https:\/\/api.w.org\/{rel}","templated":true}]}}