{"id":28749,"date":"2019-05-10T09:34:07","date_gmt":"2019-05-10T07:34:07","guid":{"rendered":"https:\/\/innow.pl\/produkt\/s412-kardio-h-stol-rehabilitacyjny-kardiologiczny-hydrauliczny\/"},"modified":"2025-12-05T08:59:45","modified_gmt":"2025-12-05T07:59:45","slug":"s412-kardio-h-stol-rehabilitacyjny-kardiologiczny-hydrauliczny","status":"publish","type":"product","link":"https:\/\/innow.pl\/en\/produkt\/s412-kardio-h-stol-rehabilitacyjny-kardiologiczny-hydrauliczny\/","title":{"rendered":"S412H [KARDIO] &#8211; St\u00f3\u0142 rehabilitacyjny (kardiologiczny) hydrauliczny"},"content":{"rendered":"<p>St\u00f3\u0142 kardiologiczny (kozetka zabiegowa, le\u017canka rehabilitacyjna) wyposa\u017cony w <strong>hydrauliczn\u0105<\/strong> regulacj\u0119 wysoko\u015bci. Posiada stabiln\u0105 konstrukcj\u0119 krzy\u017cakow\u0105, szuflad\u0119 kardiologiczn\u0105 oraz podg\u0142\u00f3wek przeznaczony do zabieg\u00f3w na boku. Opcj\u0105 dodatkow\u0105 jest monta\u017c szyn do mocowania akcesori\u00f3w. Po stronie, po kt\u00f3rej znajduje si\u0119 szuflada szyny przebiegaj\u0105 &#8211; do miejsca jej montowania, natomiast po drugiej stronie na ca\u0142ej d\u0142ugo\u015bci sto\u0142u. St\u00f3\u0142 mo\u017ce by\u0107 zastosowany jako: st\u00f3\u0142 kardiologiczny, do bada\u0144 EKG, echokardiografii z uwagi na obecno\u015b\u0107 kardiologicznej szuflady lub jako st\u00f3\u0142 do przeprowadzania zabieg\u00f3w i bada\u0144 lekarskich z pacjentem u\u0142o\u017conym na boku. Wysuwan\u0105 szuflad\u0119 boczn\u0105 mo\u017cna zablokowa\u0107 w dowolnej pozycji, dokr\u0119caj\u0105c pokr\u0119t\u0142o blokuj\u0105ce. Istnieje tak\u017ce mo\u017cliwo\u015b\u0107 ca\u0142kowitego wyj\u0119cia szuflady. Standardowe wyposa\u017cenie:<\/p>\n<ul>\n<li>hydrauliczna regulacja wysoko\u015bci,<\/li>\n<li>szuflada kardiologiczna,<\/li>\n<li>podg\u0142\u00f3wek do zabieg\u00f3w na boku, regulowany 2 spr\u0119\u017cynami gazowymi, z otworem twarzowym,<\/li>\n<li>komplet blach do podwozia.<\/li>\n<\/ul>\n<p>&nbsp;<\/p>\n<p style=\"text-align: left\"><a>Informacje o w\u0142a\u015bciwo\u015bciach dost\u0119pnych <strong>materia\u0142\u00f3w obiciowych<\/strong> dost\u0119pne po klikni\u0119ciu w zdj\u0119cie:<\/a>\u00a0<\/p>\n<p style=\"text-align: left\"><a href=\"https:\/\/innow.pl\/publikacje\/KatalogPDF\/Pokrycia-obiciowe-tapicerki.pdf\" target=\"_blank\" rel=\"noopener\"><img decoding=\"async\" src=\"https:\/\/innow.pl\/wp-content\/uploads\/2024\/11\/Tapicerki.jpg\" \/><\/a><\/p>\n","protected":false},"excerpt":{"rendered":"<p>St\u00f3\u0142 kardiologiczny (kozetka zabiegowa, le\u017canka rehabilitacyjna) wyposa\u017cony w hydrauliczn\u0105 regulacj\u0119 wysoko\u015bci. Posiada stabiln\u0105 konstrukcj\u0119 krzy\u017cakow\u0105, szuflad\u0119 kardiologiczn\u0105 oraz podg\u0142\u00f3wek przeznaczony do zabieg\u00f3w na boku. Opcj\u0105 dodatkow\u0105 jest monta\u017c szyn do mocowania akcesori\u00f3w. Po stronie, po kt\u00f3rej znajduje si\u0119 szuflada szyny przebiegaj\u0105 &#8211; do miejsca jej montowania, natomiast po drugiej stronie na ca\u0142ej d\u0142ugo\u015bci sto\u0142u. St\u00f3\u0142 [&hellip;]<\/p>\n","protected":false},"featured_media":28752,"comment_status":"open","ping_status":"closed","template":"","meta":{"_acf_changed":false},"product_brand":[],"product_cat":[463,440,470],"product_tag":[],"class_list":{"0":"post-28749","1":"product","2":"type-product","3":"status-publish","4":"has-post-thumbnail","6":"product_cat-kozetki","7":"product_cat-meble-medyczne","8":"product_cat-stoly-kardiologiczne","9":"pa_dlugosc-200-cm","10":"pa_regulacja-podglowka-w-dol-591","11":"pa_regulacja-podglowka-w-gore-631","12":"pa_szerokosc-70-cm","13":"pa_wysokosc-55-90-cm-hydrauliczna","14":"pa_wytrzymalosc-200-kg","16":"first","17":"instock","18":"taxable","19":"shipping-taxable","20":"purchasable","21":"product-type-simple"},"acf":[],"yoast_head":"<!-- This site is optimized with the Yoast SEO plugin v27.4 - https:\/\/yoast.com\/product\/yoast-seo-wordpress\/ -->\n<title>S412H [KARDIO] - St\u00f3\u0142 rehabilitacyjny (kardiologiczny) hydrauliczny - INNOW<\/title>\n<meta name=\"description\" content=\"Wyj\u0105tkowy st\u00f3\u0142 kardiologiczny, EKG, do echokardiografii z hydrauliczn\u0105 regulacj\u0105 wysoko\u015bci i kardiologiczn\u0105 szuflad\u0105. Kliknij i dowiedz si\u0119 wi\u0119cej!\" \/>\n<meta name=\"robots\" content=\"index, follow, max-snippet:-1, max-image-preview:large, max-video-preview:-1\" \/>\n<link rel=\"canonical\" href=\"https:\/\/innow.pl\/produkt\/s412-kardio-h-stol-rehabilitacyjny-kardiologiczny-hydrauliczny\/\" \/>\n<meta property=\"og:locale\" content=\"en_US\" \/>\n<meta property=\"og:type\" content=\"article\" \/>\n<meta property=\"og:title\" content=\"S412H [KARDIO] - St\u00f3\u0142 rehabilitacyjny (kardiologiczny) hydrauliczny - INNOW\" \/>\n<meta property=\"og:description\" content=\"Wyj\u0105tkowy st\u00f3\u0142 kardiologiczny, EKG, do echokardiografii z hydrauliczn\u0105 regulacj\u0105 wysoko\u015bci i kardiologiczn\u0105 szuflad\u0105. Kliknij i dowiedz si\u0119 wi\u0119cej!\" \/>\n<meta property=\"og:url\" content=\"https:\/\/innow.pl\/produkt\/s412-kardio-h-stol-rehabilitacyjny-kardiologiczny-hydrauliczny\/\" \/>\n<meta property=\"og:site_name\" content=\"INNOW\" \/>\n<meta property=\"article:modified_time\" content=\"2025-12-05T07:59:45+00:00\" \/>\n<meta property=\"og:image\" content=\"https:\/\/innow.pl\/wp-content\/uploads\/2024\/11\/S412HKARDIO_1-2.jpg\" \/>\n\t<meta property=\"og:image:width\" content=\"800\" \/>\n\t<meta property=\"og:image:height\" content=\"800\" \/>\n\t<meta property=\"og:image:type\" content=\"image\/jpeg\" \/>\n<meta name=\"twitter:card\" content=\"summary_large_image\" \/>\n<meta name=\"twitter:label1\" content=\"Est. reading time\" \/>\n\t<meta name=\"twitter:data1\" content=\"2 minutes\" \/>\n<script type=\"application\/ld+json\" class=\"yoast-schema-graph\">{\"@context\":\"https:\\\/\\\/schema.org\",\"@graph\":[{\"@type\":\"WebPage\",\"@id\":\"https:\\\/\\\/innow.pl\\\/produkt\\\/s412-kardio-h-stol-rehabilitacyjny-kardiologiczny-hydrauliczny\\\/\",\"url\":\"https:\\\/\\\/innow.pl\\\/produkt\\\/s412-kardio-h-stol-rehabilitacyjny-kardiologiczny-hydrauliczny\\\/\",\"name\":\"S412H [KARDIO] - St\u00f3\u0142 rehabilitacyjny (kardiologiczny) hydrauliczny - INNOW\",\"isPartOf\":{\"@id\":\"https:\\\/\\\/innow.pl\\\/#website\"},\"primaryImageOfPage\":{\"@id\":\"https:\\\/\\\/innow.pl\\\/produkt\\\/s412-kardio-h-stol-rehabilitacyjny-kardiologiczny-hydrauliczny\\\/#primaryimage\"},\"image\":{\"@id\":\"https:\\\/\\\/innow.pl\\\/produkt\\\/s412-kardio-h-stol-rehabilitacyjny-kardiologiczny-hydrauliczny\\\/#primaryimage\"},\"thumbnailUrl\":\"https:\\\/\\\/innow.pl\\\/wp-content\\\/uploads\\\/2024\\\/11\\\/S412HKARDIO_1-2.jpg\",\"datePublished\":\"2019-05-10T07:34:07+00:00\",\"dateModified\":\"2025-12-05T07:59:45+00:00\",\"description\":\"Wyj\u0105tkowy st\u00f3\u0142 kardiologiczny, EKG, do echokardiografii z hydrauliczn\u0105 regulacj\u0105 wysoko\u015bci i kardiologiczn\u0105 szuflad\u0105. Kliknij i dowiedz si\u0119 wi\u0119cej!\",\"breadcrumb\":{\"@id\":\"https:\\\/\\\/innow.pl\\\/produkt\\\/s412-kardio-h-stol-rehabilitacyjny-kardiologiczny-hydrauliczny\\\/#breadcrumb\"},\"inLanguage\":\"en-US\",\"potentialAction\":[{\"@type\":\"ReadAction\",\"target\":[\"https:\\\/\\\/innow.pl\\\/produkt\\\/s412-kardio-h-stol-rehabilitacyjny-kardiologiczny-hydrauliczny\\\/\"]}]},{\"@type\":\"ImageObject\",\"inLanguage\":\"en-US\",\"@id\":\"https:\\\/\\\/innow.pl\\\/produkt\\\/s412-kardio-h-stol-rehabilitacyjny-kardiologiczny-hydrauliczny\\\/#primaryimage\",\"url\":\"https:\\\/\\\/innow.pl\\\/wp-content\\\/uploads\\\/2024\\\/11\\\/S412HKARDIO_1-2.jpg\",\"contentUrl\":\"https:\\\/\\\/innow.pl\\\/wp-content\\\/uploads\\\/2024\\\/11\\\/S412HKARDIO_1-2.jpg\",\"width\":800,\"height\":800,\"caption\":\"St\u00f3\u0142 rehabilitacyjny (kardiologiczny) hydrauliczny - S412H [KARDIO] - INNOW\"},{\"@type\":\"BreadcrumbList\",\"@id\":\"https:\\\/\\\/innow.pl\\\/produkt\\\/s412-kardio-h-stol-rehabilitacyjny-kardiologiczny-hydrauliczny\\\/#breadcrumb\",\"itemListElement\":[{\"@type\":\"ListItem\",\"position\":1,\"name\":\"INNOW\",\"item\":\"https:\\\/\\\/innow.pl\\\/en\\\/\"},{\"@type\":\"ListItem\",\"position\":2,\"name\":\"Produkty\",\"item\":\"https:\\\/\\\/innow.pl\\\/produkty\\\/\"},{\"@type\":\"ListItem\",\"position\":3,\"name\":\"Meble medyczne\",\"item\":\"https:\\\/\\\/innow.pl\\\/produkty\\\/meble-medyczne\\\/\"},{\"@type\":\"ListItem\",\"position\":4,\"name\":\"Kozetki\",\"item\":\"https:\\\/\\\/innow.pl\\\/produkty\\\/meble-medyczne\\\/kozetki\\\/\"},{\"@type\":\"ListItem\",\"position\":5,\"name\":\"Sto\u0142y kardiologiczne\",\"item\":\"https:\\\/\\\/innow.pl\\\/produkty\\\/meble-medyczne\\\/kozetki\\\/stoly-kardiologiczne\\\/\"},{\"@type\":\"ListItem\",\"position\":6,\"name\":\"S412H [KARDIO] &#8211; St\u00f3\u0142 rehabilitacyjny (kardiologiczny) hydrauliczny\"}]},{\"@type\":\"WebSite\",\"@id\":\"https:\\\/\\\/innow.pl\\\/#website\",\"url\":\"https:\\\/\\\/innow.pl\\\/\",\"name\":\"INNOW\",\"description\":\"\",\"potentialAction\":[{\"@type\":\"SearchAction\",\"target\":{\"@type\":\"EntryPoint\",\"urlTemplate\":\"https:\\\/\\\/innow.pl\\\/?s={search_term_string}\"},\"query-input\":{\"@type\":\"PropertyValueSpecification\",\"valueRequired\":true,\"valueName\":\"search_term_string\"}}],\"inLanguage\":\"en-US\"}]}<\/script>\n<!-- \/ Yoast SEO plugin. -->","yoast_head_json":{"title":"S412H [KARDIO] - St\u00f3\u0142 rehabilitacyjny (kardiologiczny) hydrauliczny - INNOW","description":"Wyj\u0105tkowy st\u00f3\u0142 kardiologiczny, EKG, do echokardiografii z hydrauliczn\u0105 regulacj\u0105 wysoko\u015bci i kardiologiczn\u0105 szuflad\u0105. Kliknij i dowiedz si\u0119 wi\u0119cej!","robots":{"index":"index","follow":"follow","max-snippet":"max-snippet:-1","max-image-preview":"max-image-preview:large","max-video-preview":"max-video-preview:-1"},"canonical":"https:\/\/innow.pl\/produkt\/s412-kardio-h-stol-rehabilitacyjny-kardiologiczny-hydrauliczny\/","og_locale":"en_US","og_type":"article","og_title":"S412H [KARDIO] - St\u00f3\u0142 rehabilitacyjny (kardiologiczny) hydrauliczny - INNOW","og_description":"Wyj\u0105tkowy st\u00f3\u0142 kardiologiczny, EKG, do echokardiografii z hydrauliczn\u0105 regulacj\u0105 wysoko\u015bci i kardiologiczn\u0105 szuflad\u0105. Kliknij i dowiedz si\u0119 wi\u0119cej!","og_url":"https:\/\/innow.pl\/produkt\/s412-kardio-h-stol-rehabilitacyjny-kardiologiczny-hydrauliczny\/","og_site_name":"INNOW","article_modified_time":"2025-12-05T07:59:45+00:00","og_image":[{"width":800,"height":800,"url":"https:\/\/innow.pl\/wp-content\/uploads\/2024\/11\/S412HKARDIO_1-2.jpg","type":"image\/jpeg"}],"twitter_card":"summary_large_image","twitter_misc":{"Est. reading time":"2 minutes"},"schema":{"@context":"https:\/\/schema.org","@graph":[{"@type":"WebPage","@id":"https:\/\/innow.pl\/produkt\/s412-kardio-h-stol-rehabilitacyjny-kardiologiczny-hydrauliczny\/","url":"https:\/\/innow.pl\/produkt\/s412-kardio-h-stol-rehabilitacyjny-kardiologiczny-hydrauliczny\/","name":"S412H [KARDIO] - St\u00f3\u0142 rehabilitacyjny (kardiologiczny) hydrauliczny - INNOW","isPartOf":{"@id":"https:\/\/innow.pl\/#website"},"primaryImageOfPage":{"@id":"https:\/\/innow.pl\/produkt\/s412-kardio-h-stol-rehabilitacyjny-kardiologiczny-hydrauliczny\/#primaryimage"},"image":{"@id":"https:\/\/innow.pl\/produkt\/s412-kardio-h-stol-rehabilitacyjny-kardiologiczny-hydrauliczny\/#primaryimage"},"thumbnailUrl":"https:\/\/innow.pl\/wp-content\/uploads\/2024\/11\/S412HKARDIO_1-2.jpg","datePublished":"2019-05-10T07:34:07+00:00","dateModified":"2025-12-05T07:59:45+00:00","description":"Wyj\u0105tkowy st\u00f3\u0142 kardiologiczny, EKG, do echokardiografii z hydrauliczn\u0105 regulacj\u0105 wysoko\u015bci i kardiologiczn\u0105 szuflad\u0105. Kliknij i dowiedz si\u0119 wi\u0119cej!","breadcrumb":{"@id":"https:\/\/innow.pl\/produkt\/s412-kardio-h-stol-rehabilitacyjny-kardiologiczny-hydrauliczny\/#breadcrumb"},"inLanguage":"en-US","potentialAction":[{"@type":"ReadAction","target":["https:\/\/innow.pl\/produkt\/s412-kardio-h-stol-rehabilitacyjny-kardiologiczny-hydrauliczny\/"]}]},{"@type":"ImageObject","inLanguage":"en-US","@id":"https:\/\/innow.pl\/produkt\/s412-kardio-h-stol-rehabilitacyjny-kardiologiczny-hydrauliczny\/#primaryimage","url":"https:\/\/innow.pl\/wp-content\/uploads\/2024\/11\/S412HKARDIO_1-2.jpg","contentUrl":"https:\/\/innow.pl\/wp-content\/uploads\/2024\/11\/S412HKARDIO_1-2.jpg","width":800,"height":800,"caption":"St\u00f3\u0142 rehabilitacyjny (kardiologiczny) hydrauliczny - S412H [KARDIO] - INNOW"},{"@type":"BreadcrumbList","@id":"https:\/\/innow.pl\/produkt\/s412-kardio-h-stol-rehabilitacyjny-kardiologiczny-hydrauliczny\/#breadcrumb","itemListElement":[{"@type":"ListItem","position":1,"name":"INNOW","item":"https:\/\/innow.pl\/en\/"},{"@type":"ListItem","position":2,"name":"Produkty","item":"https:\/\/innow.pl\/produkty\/"},{"@type":"ListItem","position":3,"name":"Meble medyczne","item":"https:\/\/innow.pl\/produkty\/meble-medyczne\/"},{"@type":"ListItem","position":4,"name":"Kozetki","item":"https:\/\/innow.pl\/produkty\/meble-medyczne\/kozetki\/"},{"@type":"ListItem","position":5,"name":"Sto\u0142y kardiologiczne","item":"https:\/\/innow.pl\/produkty\/meble-medyczne\/kozetki\/stoly-kardiologiczne\/"},{"@type":"ListItem","position":6,"name":"S412H [KARDIO] &#8211; St\u00f3\u0142 rehabilitacyjny (kardiologiczny) hydrauliczny"}]},{"@type":"WebSite","@id":"https:\/\/innow.pl\/#website","url":"https:\/\/innow.pl\/","name":"INNOW","description":"","potentialAction":[{"@type":"SearchAction","target":{"@type":"EntryPoint","urlTemplate":"https:\/\/innow.pl\/?s={search_term_string}"},"query-input":{"@type":"PropertyValueSpecification","valueRequired":true,"valueName":"search_term_string"}}],"inLanguage":"en-US"}]}},"_links":{"self":[{"href":"https:\/\/innow.pl\/en\/wp-json\/wp\/v2\/product\/28749","targetHints":{"allow":["GET"]}}],"collection":[{"href":"https:\/\/innow.pl\/en\/wp-json\/wp\/v2\/product"}],"about":[{"href":"https:\/\/innow.pl\/en\/wp-json\/wp\/v2\/types\/product"}],"replies":[{"embeddable":true,"href":"https:\/\/innow.pl\/en\/wp-json\/wp\/v2\/comments?post=28749"}],"wp:featuredmedia":[{"embeddable":true,"href":"https:\/\/innow.pl\/en\/wp-json\/wp\/v2\/media\/28752"}],"wp:attachment":[{"href":"https:\/\/innow.pl\/en\/wp-json\/wp\/v2\/media?parent=28749"}],"wp:term":[{"taxonomy":"product_brand","embeddable":true,"href":"https:\/\/innow.pl\/en\/wp-json\/wp\/v2\/product_brand?post=28749"},{"taxonomy":"product_cat","embeddable":true,"href":"https:\/\/innow.pl\/en\/wp-json\/wp\/v2\/product_cat?post=28749"},{"taxonomy":"product_tag","embeddable":true,"href":"https:\/\/innow.pl\/en\/wp-json\/wp\/v2\/product_tag?post=28749"}],"curies":[{"name":"wp","href":"https:\/\/api.w.org\/{rel}","templated":true}]}}