{"id":28736,"date":"2017-05-09T13:23:05","date_gmt":"2017-05-09T11:23:05","guid":{"rendered":"https:\/\/innow.pl\/produkt\/s407-stol-rehabilitacyjny-stalywysoka-kozetka\/"},"modified":"2025-06-11T13:17:56","modified_gmt":"2025-06-11T11:17:56","slug":"s407-stol-rehabilitacyjny-stalywysoka-kozetka","status":"publish","type":"product","link":"https:\/\/innow.pl\/en\/produkt\/s407-stol-rehabilitacyjny-stalywysoka-kozetka\/","title":{"rendered":"S407 &#8211; St\u00f3\u0142 rehabilitacyjny ze skokow\u0105 regulacj\u0105 wysoko\u015bci"},"content":{"rendered":"<p style=\"text-align: left;\">St\u00f3\u0142 ma zastosowanie przy rehabilitacji os\u00f3b niepe\u0142nosprawnych, badaniach czy terapiach pourazowych, s\u0105 to tylko jedne z niekt\u00f3rych\u00a0 zastosowa\u0144 kozetki do zabieg\u00f3w leczniczych i rehabilitacyjnych.<\/p>\n<p style=\"text-align: left;\">Model S407 posiada funkcj\u0119 mechanicznej regulacji podg\u0142\u00f3wka oraz skokow\u0105 regulacj\u0119. Istnieje mo\u017cliwo\u015b\u0107 zakupu produktu wyposa\u017conego w podg\u0142\u00f3wek z podparciem przedramion. W takim przypadku konieczny jest zakup dodatkowego wyposa\u017cenia, kt\u00f3rym jest 3-cz\u0119\u015bciowe le\u017cysko. <em>Zdj\u0119cie 4: S407 z konstrukcj\u0105 lakierowan\u0105 na kolor czarny (konstrukcja w kolorze innym ni\u017c bia\u0142y wi\u0105\u017ce si\u0119 z dop\u0142at\u0105), tapicerka: Smolny 9011.<\/em><\/p>\n<p style=\"text-align: left;\"><a>Informacje o w\u0142a\u015bciwo\u015bciach dost\u0119pnych <strong>materia\u0142\u00f3w obiciowych<\/strong> dost\u0119pne po klikni\u0119ciu w zdj\u0119cie:<\/a><\/p>\n<p style=\"text-align: left;\"><a href=\"https:\/\/innow.pl\/publikacje\/KatalogPDF\/Pokrycia-obiciowe-tapicerki.pdf\" target=\"_blank\" rel=\"noopener\"><img decoding=\"async\" src=\"https:\/\/innow.pl\/wp-content\/uploads\/2024\/11\/Tapicerki.jpg\" \/><\/a><\/p>\n","protected":false},"excerpt":{"rendered":"<p>St\u00f3\u0142 ma zastosowanie przy rehabilitacji os\u00f3b niepe\u0142nosprawnych, badaniach czy terapiach pourazowych, s\u0105 to tylko jedne z niekt\u00f3rych\u00a0 zastosowa\u0144 kozetki do zabieg\u00f3w leczniczych i rehabilitacyjnych. Model S407 posiada funkcj\u0119 mechanicznej regulacji podg\u0142\u00f3wka oraz skokow\u0105 regulacj\u0119. Istnieje mo\u017cliwo\u015b\u0107 zakupu produktu wyposa\u017conego w podg\u0142\u00f3wek z podparciem przedramion. W takim przypadku konieczny jest zakup dodatkowego wyposa\u017cenia, kt\u00f3rym jest 3-cz\u0119\u015bciowe [&hellip;]<\/p>\n","protected":false},"featured_media":28739,"comment_status":"open","ping_status":"closed","template":"","meta":{"_acf_changed":false},"product_brand":[],"product_cat":[406,504,455],"product_tag":[],"class_list":{"0":"post-28736","1":"product","2":"type-product","3":"status-publish","4":"has-post-thumbnail","6":"product_cat-stoly-rehabilitacyjne","7":"product_cat-stoly-o-regulacji-skokowej","8":"product_cat-stoly-z-mechaniczna-regulacja-wysokosci","9":"pa_dlugosc-200-cm","10":"pa_regulacja-podglowka-w-gore-631","11":"pa_szerokosc-70-cm","12":"pa_wysokosc-70-75-80-85-90-cm-skokowo","14":"first","15":"instock","16":"taxable","17":"shipping-taxable","18":"purchasable","19":"product-type-simple"},"acf":[],"yoast_head":"<!-- This site is optimized with the Yoast SEO plugin v27.4 - https:\/\/yoast.com\/product\/yoast-seo-wordpress\/ -->\n<title>S407 - St\u00f3\u0142 rehabilitacyjny ze skokow\u0105 regulacj\u0105 wysoko\u015bci - INNOW<\/title>\n<meta name=\"description\" content=\"Ekonomiczny st\u00f3\u0142 rehabilitacyjny sta\u0142y z otworem twarzowym i regulacj\u0105 podg\u0142\u00f3wka. W ofercie r\u00f3wnie\u017c wyposa\u017cenie dodatkowe. Kliknij po wi\u0119cej informacji!\" \/>\n<meta name=\"robots\" content=\"index, follow, max-snippet:-1, max-image-preview:large, max-video-preview:-1\" \/>\n<link rel=\"canonical\" href=\"https:\/\/innow.pl\/produkt\/s407-stol-rehabilitacyjny-stalywysoka-kozetka\/\" \/>\n<meta property=\"og:locale\" content=\"en_US\" \/>\n<meta property=\"og:type\" content=\"article\" \/>\n<meta property=\"og:title\" content=\"S407 - St\u00f3\u0142 rehabilitacyjny ze skokow\u0105 regulacj\u0105 wysoko\u015bci - INNOW\" \/>\n<meta property=\"og:description\" content=\"Ekonomiczny st\u00f3\u0142 rehabilitacyjny sta\u0142y z otworem twarzowym i regulacj\u0105 podg\u0142\u00f3wka. W ofercie r\u00f3wnie\u017c wyposa\u017cenie dodatkowe. Kliknij po wi\u0119cej informacji!\" \/>\n<meta property=\"og:url\" content=\"https:\/\/innow.pl\/produkt\/s407-stol-rehabilitacyjny-stalywysoka-kozetka\/\" \/>\n<meta property=\"og:site_name\" content=\"INNOW\" \/>\n<meta property=\"article:modified_time\" content=\"2025-06-11T11:17:56+00:00\" \/>\n<meta property=\"og:image\" content=\"https:\/\/innow.pl\/wp-content\/uploads\/2024\/11\/S407_stol_new.jpg\" \/>\n\t<meta property=\"og:image:width\" content=\"800\" \/>\n\t<meta property=\"og:image:height\" content=\"800\" \/>\n\t<meta property=\"og:image:type\" content=\"image\/jpeg\" \/>\n<meta name=\"twitter:card\" content=\"summary_large_image\" \/>\n<meta name=\"twitter:label1\" content=\"Est. reading time\" \/>\n\t<meta name=\"twitter:data1\" content=\"1 minute\" \/>\n<script type=\"application\/ld+json\" class=\"yoast-schema-graph\">{\"@context\":\"https:\\\/\\\/schema.org\",\"@graph\":[{\"@type\":\"WebPage\",\"@id\":\"https:\\\/\\\/innow.pl\\\/produkt\\\/s407-stol-rehabilitacyjny-stalywysoka-kozetka\\\/\",\"url\":\"https:\\\/\\\/innow.pl\\\/produkt\\\/s407-stol-rehabilitacyjny-stalywysoka-kozetka\\\/\",\"name\":\"S407 - St\u00f3\u0142 rehabilitacyjny ze skokow\u0105 regulacj\u0105 wysoko\u015bci - INNOW\",\"isPartOf\":{\"@id\":\"https:\\\/\\\/innow.pl\\\/#website\"},\"primaryImageOfPage\":{\"@id\":\"https:\\\/\\\/innow.pl\\\/produkt\\\/s407-stol-rehabilitacyjny-stalywysoka-kozetka\\\/#primaryimage\"},\"image\":{\"@id\":\"https:\\\/\\\/innow.pl\\\/produkt\\\/s407-stol-rehabilitacyjny-stalywysoka-kozetka\\\/#primaryimage\"},\"thumbnailUrl\":\"https:\\\/\\\/innow.pl\\\/wp-content\\\/uploads\\\/2024\\\/11\\\/S407_stol_new.jpg\",\"datePublished\":\"2017-05-09T11:23:05+00:00\",\"dateModified\":\"2025-06-11T11:17:56+00:00\",\"description\":\"Ekonomiczny st\u00f3\u0142 rehabilitacyjny sta\u0142y z otworem twarzowym i regulacj\u0105 podg\u0142\u00f3wka. W ofercie r\u00f3wnie\u017c wyposa\u017cenie dodatkowe. Kliknij po wi\u0119cej informacji!\",\"breadcrumb\":{\"@id\":\"https:\\\/\\\/innow.pl\\\/produkt\\\/s407-stol-rehabilitacyjny-stalywysoka-kozetka\\\/#breadcrumb\"},\"inLanguage\":\"en-US\",\"potentialAction\":[{\"@type\":\"ReadAction\",\"target\":[\"https:\\\/\\\/innow.pl\\\/produkt\\\/s407-stol-rehabilitacyjny-stalywysoka-kozetka\\\/\"]}]},{\"@type\":\"ImageObject\",\"inLanguage\":\"en-US\",\"@id\":\"https:\\\/\\\/innow.pl\\\/produkt\\\/s407-stol-rehabilitacyjny-stalywysoka-kozetka\\\/#primaryimage\",\"url\":\"https:\\\/\\\/innow.pl\\\/wp-content\\\/uploads\\\/2024\\\/11\\\/S407_stol_new.jpg\",\"contentUrl\":\"https:\\\/\\\/innow.pl\\\/wp-content\\\/uploads\\\/2024\\\/11\\\/S407_stol_new.jpg\",\"width\":800,\"height\":800},{\"@type\":\"BreadcrumbList\",\"@id\":\"https:\\\/\\\/innow.pl\\\/produkt\\\/s407-stol-rehabilitacyjny-stalywysoka-kozetka\\\/#breadcrumb\",\"itemListElement\":[{\"@type\":\"ListItem\",\"position\":1,\"name\":\"INNOW\",\"item\":\"https:\\\/\\\/innow.pl\\\/en\\\/\"},{\"@type\":\"ListItem\",\"position\":2,\"name\":\"Produkty\",\"item\":\"https:\\\/\\\/innow.pl\\\/produkty\\\/\"},{\"@type\":\"ListItem\",\"position\":3,\"name\":\"Sto\u0142y do masa\u017cu, rehabilitacji\",\"item\":\"https:\\\/\\\/innow.pl\\\/produkty\\\/stoly-rehabilitacyjne\\\/\"},{\"@type\":\"ListItem\",\"position\":4,\"name\":\"Sto\u0142y z mechaniczn\u0105 regulacj\u0105 wysoko\u015bci\",\"item\":\"https:\\\/\\\/innow.pl\\\/produkty\\\/stoly-rehabilitacyjne\\\/stoly-z-mechaniczna-regulacja-wysokosci\\\/\"},{\"@type\":\"ListItem\",\"position\":5,\"name\":\"Sto\u0142y o regulacji skokowej\",\"item\":\"https:\\\/\\\/innow.pl\\\/produkty\\\/stoly-rehabilitacyjne\\\/stoly-z-mechaniczna-regulacja-wysokosci\\\/stoly-o-regulacji-skokowej\\\/\"},{\"@type\":\"ListItem\",\"position\":6,\"name\":\"S407 &#8211; St\u00f3\u0142 rehabilitacyjny ze skokow\u0105 regulacj\u0105 wysoko\u015bci\"}]},{\"@type\":\"WebSite\",\"@id\":\"https:\\\/\\\/innow.pl\\\/#website\",\"url\":\"https:\\\/\\\/innow.pl\\\/\",\"name\":\"INNOW\",\"description\":\"\",\"potentialAction\":[{\"@type\":\"SearchAction\",\"target\":{\"@type\":\"EntryPoint\",\"urlTemplate\":\"https:\\\/\\\/innow.pl\\\/?s={search_term_string}\"},\"query-input\":{\"@type\":\"PropertyValueSpecification\",\"valueRequired\":true,\"valueName\":\"search_term_string\"}}],\"inLanguage\":\"en-US\"}]}<\/script>\n<!-- \/ Yoast SEO plugin. -->","yoast_head_json":{"title":"S407 - St\u00f3\u0142 rehabilitacyjny ze skokow\u0105 regulacj\u0105 wysoko\u015bci - INNOW","description":"Ekonomiczny st\u00f3\u0142 rehabilitacyjny sta\u0142y z otworem twarzowym i regulacj\u0105 podg\u0142\u00f3wka. W ofercie r\u00f3wnie\u017c wyposa\u017cenie dodatkowe. Kliknij po wi\u0119cej informacji!","robots":{"index":"index","follow":"follow","max-snippet":"max-snippet:-1","max-image-preview":"max-image-preview:large","max-video-preview":"max-video-preview:-1"},"canonical":"https:\/\/innow.pl\/produkt\/s407-stol-rehabilitacyjny-stalywysoka-kozetka\/","og_locale":"en_US","og_type":"article","og_title":"S407 - St\u00f3\u0142 rehabilitacyjny ze skokow\u0105 regulacj\u0105 wysoko\u015bci - INNOW","og_description":"Ekonomiczny st\u00f3\u0142 rehabilitacyjny sta\u0142y z otworem twarzowym i regulacj\u0105 podg\u0142\u00f3wka. W ofercie r\u00f3wnie\u017c wyposa\u017cenie dodatkowe. Kliknij po wi\u0119cej informacji!","og_url":"https:\/\/innow.pl\/produkt\/s407-stol-rehabilitacyjny-stalywysoka-kozetka\/","og_site_name":"INNOW","article_modified_time":"2025-06-11T11:17:56+00:00","og_image":[{"width":800,"height":800,"url":"https:\/\/innow.pl\/wp-content\/uploads\/2024\/11\/S407_stol_new.jpg","type":"image\/jpeg"}],"twitter_card":"summary_large_image","twitter_misc":{"Est. reading time":"1 minute"},"schema":{"@context":"https:\/\/schema.org","@graph":[{"@type":"WebPage","@id":"https:\/\/innow.pl\/produkt\/s407-stol-rehabilitacyjny-stalywysoka-kozetka\/","url":"https:\/\/innow.pl\/produkt\/s407-stol-rehabilitacyjny-stalywysoka-kozetka\/","name":"S407 - St\u00f3\u0142 rehabilitacyjny ze skokow\u0105 regulacj\u0105 wysoko\u015bci - INNOW","isPartOf":{"@id":"https:\/\/innow.pl\/#website"},"primaryImageOfPage":{"@id":"https:\/\/innow.pl\/produkt\/s407-stol-rehabilitacyjny-stalywysoka-kozetka\/#primaryimage"},"image":{"@id":"https:\/\/innow.pl\/produkt\/s407-stol-rehabilitacyjny-stalywysoka-kozetka\/#primaryimage"},"thumbnailUrl":"https:\/\/innow.pl\/wp-content\/uploads\/2024\/11\/S407_stol_new.jpg","datePublished":"2017-05-09T11:23:05+00:00","dateModified":"2025-06-11T11:17:56+00:00","description":"Ekonomiczny st\u00f3\u0142 rehabilitacyjny sta\u0142y z otworem twarzowym i regulacj\u0105 podg\u0142\u00f3wka. W ofercie r\u00f3wnie\u017c wyposa\u017cenie dodatkowe. Kliknij po wi\u0119cej informacji!","breadcrumb":{"@id":"https:\/\/innow.pl\/produkt\/s407-stol-rehabilitacyjny-stalywysoka-kozetka\/#breadcrumb"},"inLanguage":"en-US","potentialAction":[{"@type":"ReadAction","target":["https:\/\/innow.pl\/produkt\/s407-stol-rehabilitacyjny-stalywysoka-kozetka\/"]}]},{"@type":"ImageObject","inLanguage":"en-US","@id":"https:\/\/innow.pl\/produkt\/s407-stol-rehabilitacyjny-stalywysoka-kozetka\/#primaryimage","url":"https:\/\/innow.pl\/wp-content\/uploads\/2024\/11\/S407_stol_new.jpg","contentUrl":"https:\/\/innow.pl\/wp-content\/uploads\/2024\/11\/S407_stol_new.jpg","width":800,"height":800},{"@type":"BreadcrumbList","@id":"https:\/\/innow.pl\/produkt\/s407-stol-rehabilitacyjny-stalywysoka-kozetka\/#breadcrumb","itemListElement":[{"@type":"ListItem","position":1,"name":"INNOW","item":"https:\/\/innow.pl\/en\/"},{"@type":"ListItem","position":2,"name":"Produkty","item":"https:\/\/innow.pl\/produkty\/"},{"@type":"ListItem","position":3,"name":"Sto\u0142y do masa\u017cu, rehabilitacji","item":"https:\/\/innow.pl\/produkty\/stoly-rehabilitacyjne\/"},{"@type":"ListItem","position":4,"name":"Sto\u0142y z mechaniczn\u0105 regulacj\u0105 wysoko\u015bci","item":"https:\/\/innow.pl\/produkty\/stoly-rehabilitacyjne\/stoly-z-mechaniczna-regulacja-wysokosci\/"},{"@type":"ListItem","position":5,"name":"Sto\u0142y o regulacji skokowej","item":"https:\/\/innow.pl\/produkty\/stoly-rehabilitacyjne\/stoly-z-mechaniczna-regulacja-wysokosci\/stoly-o-regulacji-skokowej\/"},{"@type":"ListItem","position":6,"name":"S407 &#8211; St\u00f3\u0142 rehabilitacyjny ze skokow\u0105 regulacj\u0105 wysoko\u015bci"}]},{"@type":"WebSite","@id":"https:\/\/innow.pl\/#website","url":"https:\/\/innow.pl\/","name":"INNOW","description":"","potentialAction":[{"@type":"SearchAction","target":{"@type":"EntryPoint","urlTemplate":"https:\/\/innow.pl\/?s={search_term_string}"},"query-input":{"@type":"PropertyValueSpecification","valueRequired":true,"valueName":"search_term_string"}}],"inLanguage":"en-US"}]}},"_links":{"self":[{"href":"https:\/\/innow.pl\/en\/wp-json\/wp\/v2\/product\/28736","targetHints":{"allow":["GET"]}}],"collection":[{"href":"https:\/\/innow.pl\/en\/wp-json\/wp\/v2\/product"}],"about":[{"href":"https:\/\/innow.pl\/en\/wp-json\/wp\/v2\/types\/product"}],"replies":[{"embeddable":true,"href":"https:\/\/innow.pl\/en\/wp-json\/wp\/v2\/comments?post=28736"}],"wp:featuredmedia":[{"embeddable":true,"href":"https:\/\/innow.pl\/en\/wp-json\/wp\/v2\/media\/28739"}],"wp:attachment":[{"href":"https:\/\/innow.pl\/en\/wp-json\/wp\/v2\/media?parent=28736"}],"wp:term":[{"taxonomy":"product_brand","embeddable":true,"href":"https:\/\/innow.pl\/en\/wp-json\/wp\/v2\/product_brand?post=28736"},{"taxonomy":"product_cat","embeddable":true,"href":"https:\/\/innow.pl\/en\/wp-json\/wp\/v2\/product_cat?post=28736"},{"taxonomy":"product_tag","embeddable":true,"href":"https:\/\/innow.pl\/en\/wp-json\/wp\/v2\/product_tag?post=28736"}],"curies":[{"name":"wp","href":"https:\/\/api.w.org\/{rel}","templated":true}]}}