{"id":28693,"date":"2019-04-29T12:01:48","date_gmt":"2019-04-29T10:01:48","guid":{"rendered":"https:\/\/innow.pl\/produkt\/sax-302-evo-stolik-pod-aparature-z-2-polkami-i-pojemnikiem-duzy\/"},"modified":"2025-12-18T09:04:13","modified_gmt":"2025-12-18T08:04:13","slug":"sax-302-evo-stolik-pod-aparature-z-2-polkami-i-pojemnikiem-duzy","status":"publish","type":"product","link":"https:\/\/innow.pl\/en\/produkt\/sax-302-evo-stolik-pod-aparature-z-2-polkami-i-pojemnikiem-duzy\/","title":{"rendered":"SAX 302 EVO \u2013 Stolik pod aparatur\u0119 z 2 p\u00f3\u0142kami i pojemnikiem, du\u017cy"},"content":{"rendered":"<p>Stolik pod aparatur\u0119 medyczn\u0105 przeznaczony do zastosowania w o\u015brodkach zdrowia, rehabilitacyjnych oraz szpitalach i innych plac\u00f3wkach medycznych. Pojemnik w komplecie. Kolor pojemnika mo\u017ce r\u00f3\u017cni\u0107 si\u0119 w zale\u017cno\u015bci od serii produkcyjnej. Umo\u017cliwiamy dokupienie listwy elektrycznej z wy\u0142\u0105cznikiem (koszt to 60 z\u0142 netto +23% VAT).<\/p>\n","protected":false},"excerpt":{"rendered":"<p>Stolik pod aparatur\u0119 medyczn\u0105 przeznaczony do zastosowania w o\u015brodkach zdrowia, rehabilitacyjnych oraz szpitalach i innych plac\u00f3wkach medycznych. Pojemnik w komplecie. Kolor pojemnika mo\u017ce r\u00f3\u017cni\u0107 si\u0119 w zale\u017cno\u015bci od serii produkcyjnej. Umo\u017cliwiamy dokupienie listwy elektrycznej z wy\u0142\u0105cznikiem (koszt to 60 z\u0142 netto +23% VAT).<\/p>\n","protected":false},"featured_media":28695,"comment_status":"open","ping_status":"closed","template":"","meta":{"_acf_changed":false},"product_brand":[],"product_cat":[396,409],"product_tag":[],"class_list":{"0":"post-28693","1":"product","2":"type-product","3":"status-publish","4":"has-post-thumbnail","6":"product_cat-stoliki-i-wozki-medyczne","7":"product_cat-stoliki-pod-aparature","8":"pa_glebokosc-60-cm","9":"pa_szerokosc-61-cm","10":"pa_wysokosc-110-cm","12":"first","13":"instock","14":"taxable","15":"shipping-taxable","16":"purchasable","17":"product-type-simple"},"acf":[],"yoast_head":"<!-- This site is optimized with the Yoast SEO plugin v27.4 - https:\/\/yoast.com\/product\/yoast-seo-wordpress\/ -->\n<title>SAX 302 EVO \u2013 Stolik pod aparatur\u0119 z 2 p\u00f3\u0142kami i pojemnikiem, du\u017cy - INNOW<\/title>\n<meta name=\"description\" content=\"Niezwykle praktyczny stolik pod aparatur\u0119 o estetycznej, trwa\u0142ej konstrukcji. Posiada 2 p\u00f3\u0142ki i 4 k\u00f3\u0142ka. Kliknij po wi\u0119cej informacji!\" \/>\n<meta name=\"robots\" content=\"index, follow, max-snippet:-1, max-image-preview:large, max-video-preview:-1\" \/>\n<link rel=\"canonical\" href=\"https:\/\/innow.pl\/produkt\/sax-302-evo-stolik-pod-aparature-z-2-polkami-i-pojemnikiem-duzy\/\" \/>\n<meta property=\"og:locale\" content=\"en_US\" \/>\n<meta property=\"og:type\" content=\"article\" \/>\n<meta property=\"og:title\" content=\"SAX 302 EVO \u2013 Stolik pod aparatur\u0119 z 2 p\u00f3\u0142kami i pojemnikiem, du\u017cy - INNOW\" \/>\n<meta property=\"og:description\" content=\"Niezwykle praktyczny stolik pod aparatur\u0119 o estetycznej, trwa\u0142ej konstrukcji. Posiada 2 p\u00f3\u0142ki i 4 k\u00f3\u0142ka. Kliknij po wi\u0119cej informacji!\" \/>\n<meta property=\"og:url\" content=\"https:\/\/innow.pl\/produkt\/sax-302-evo-stolik-pod-aparature-z-2-polkami-i-pojemnikiem-duzy\/\" \/>\n<meta property=\"og:site_name\" content=\"INNOW\" \/>\n<meta property=\"article:modified_time\" content=\"2025-12-18T08:04:13+00:00\" \/>\n<meta property=\"og:image\" content=\"https:\/\/innow.pl\/wp-content\/uploads\/2024\/11\/SAX_302_EVO.jpg\" \/>\n\t<meta property=\"og:image:width\" content=\"800\" \/>\n\t<meta property=\"og:image:height\" content=\"800\" \/>\n\t<meta property=\"og:image:type\" content=\"image\/jpeg\" \/>\n<meta name=\"twitter:card\" content=\"summary_large_image\" \/>\n<meta name=\"twitter:label1\" content=\"Est. reading time\" \/>\n\t<meta name=\"twitter:data1\" content=\"1 minute\" \/>\n<script type=\"application\/ld+json\" class=\"yoast-schema-graph\">{\"@context\":\"https:\\\/\\\/schema.org\",\"@graph\":[{\"@type\":\"WebPage\",\"@id\":\"https:\\\/\\\/innow.pl\\\/produkt\\\/sax-302-evo-stolik-pod-aparature-z-2-polkami-i-pojemnikiem-duzy\\\/\",\"url\":\"https:\\\/\\\/innow.pl\\\/produkt\\\/sax-302-evo-stolik-pod-aparature-z-2-polkami-i-pojemnikiem-duzy\\\/\",\"name\":\"SAX 302 EVO \u2013 Stolik pod aparatur\u0119 z 2 p\u00f3\u0142kami i pojemnikiem, du\u017cy - INNOW\",\"isPartOf\":{\"@id\":\"https:\\\/\\\/innow.pl\\\/#website\"},\"primaryImageOfPage\":{\"@id\":\"https:\\\/\\\/innow.pl\\\/produkt\\\/sax-302-evo-stolik-pod-aparature-z-2-polkami-i-pojemnikiem-duzy\\\/#primaryimage\"},\"image\":{\"@id\":\"https:\\\/\\\/innow.pl\\\/produkt\\\/sax-302-evo-stolik-pod-aparature-z-2-polkami-i-pojemnikiem-duzy\\\/#primaryimage\"},\"thumbnailUrl\":\"https:\\\/\\\/innow.pl\\\/wp-content\\\/uploads\\\/2024\\\/11\\\/SAX_302_EVO.jpg\",\"datePublished\":\"2019-04-29T10:01:48+00:00\",\"dateModified\":\"2025-12-18T08:04:13+00:00\",\"description\":\"Niezwykle praktyczny stolik pod aparatur\u0119 o estetycznej, trwa\u0142ej konstrukcji. Posiada 2 p\u00f3\u0142ki i 4 k\u00f3\u0142ka. Kliknij po wi\u0119cej informacji!\",\"breadcrumb\":{\"@id\":\"https:\\\/\\\/innow.pl\\\/produkt\\\/sax-302-evo-stolik-pod-aparature-z-2-polkami-i-pojemnikiem-duzy\\\/#breadcrumb\"},\"inLanguage\":\"en-US\",\"potentialAction\":[{\"@type\":\"ReadAction\",\"target\":[\"https:\\\/\\\/innow.pl\\\/produkt\\\/sax-302-evo-stolik-pod-aparature-z-2-polkami-i-pojemnikiem-duzy\\\/\"]}]},{\"@type\":\"ImageObject\",\"inLanguage\":\"en-US\",\"@id\":\"https:\\\/\\\/innow.pl\\\/produkt\\\/sax-302-evo-stolik-pod-aparature-z-2-polkami-i-pojemnikiem-duzy\\\/#primaryimage\",\"url\":\"https:\\\/\\\/innow.pl\\\/wp-content\\\/uploads\\\/2024\\\/11\\\/SAX_302_EVO.jpg\",\"contentUrl\":\"https:\\\/\\\/innow.pl\\\/wp-content\\\/uploads\\\/2024\\\/11\\\/SAX_302_EVO.jpg\",\"width\":800,\"height\":800,\"caption\":\"Stolik pod aparatur\u0119 z 2 p\u00f3\u0142kami i pojemnikiem - SAX 302 EVO \u2013 INNOW\"},{\"@type\":\"BreadcrumbList\",\"@id\":\"https:\\\/\\\/innow.pl\\\/produkt\\\/sax-302-evo-stolik-pod-aparature-z-2-polkami-i-pojemnikiem-duzy\\\/#breadcrumb\",\"itemListElement\":[{\"@type\":\"ListItem\",\"position\":1,\"name\":\"INNOW\",\"item\":\"https:\\\/\\\/innow.pl\\\/en\\\/\"},{\"@type\":\"ListItem\",\"position\":2,\"name\":\"Produkty\",\"item\":\"https:\\\/\\\/innow.pl\\\/produkty\\\/\"},{\"@type\":\"ListItem\",\"position\":3,\"name\":\"Stoliki i w\u00f3zki medyczne\",\"item\":\"https:\\\/\\\/innow.pl\\\/produkty\\\/stoliki-i-wozki-medyczne\\\/\"},{\"@type\":\"ListItem\",\"position\":4,\"name\":\"Stoliki pod aparatur\u0119\",\"item\":\"https:\\\/\\\/innow.pl\\\/produkty\\\/stoliki-i-wozki-medyczne\\\/stoliki-pod-aparature\\\/\"},{\"@type\":\"ListItem\",\"position\":5,\"name\":\"SAX 302 EVO \u2013 Stolik pod aparatur\u0119 z 2 p\u00f3\u0142kami i pojemnikiem, du\u017cy\"}]},{\"@type\":\"WebSite\",\"@id\":\"https:\\\/\\\/innow.pl\\\/#website\",\"url\":\"https:\\\/\\\/innow.pl\\\/\",\"name\":\"INNOW\",\"description\":\"\",\"potentialAction\":[{\"@type\":\"SearchAction\",\"target\":{\"@type\":\"EntryPoint\",\"urlTemplate\":\"https:\\\/\\\/innow.pl\\\/?s={search_term_string}\"},\"query-input\":{\"@type\":\"PropertyValueSpecification\",\"valueRequired\":true,\"valueName\":\"search_term_string\"}}],\"inLanguage\":\"en-US\"}]}<\/script>\n<!-- \/ Yoast SEO plugin. -->","yoast_head_json":{"title":"SAX 302 EVO \u2013 Stolik pod aparatur\u0119 z 2 p\u00f3\u0142kami i pojemnikiem, du\u017cy - INNOW","description":"Niezwykle praktyczny stolik pod aparatur\u0119 o estetycznej, trwa\u0142ej konstrukcji. Posiada 2 p\u00f3\u0142ki i 4 k\u00f3\u0142ka. Kliknij po wi\u0119cej informacji!","robots":{"index":"index","follow":"follow","max-snippet":"max-snippet:-1","max-image-preview":"max-image-preview:large","max-video-preview":"max-video-preview:-1"},"canonical":"https:\/\/innow.pl\/produkt\/sax-302-evo-stolik-pod-aparature-z-2-polkami-i-pojemnikiem-duzy\/","og_locale":"en_US","og_type":"article","og_title":"SAX 302 EVO \u2013 Stolik pod aparatur\u0119 z 2 p\u00f3\u0142kami i pojemnikiem, du\u017cy - INNOW","og_description":"Niezwykle praktyczny stolik pod aparatur\u0119 o estetycznej, trwa\u0142ej konstrukcji. Posiada 2 p\u00f3\u0142ki i 4 k\u00f3\u0142ka. Kliknij po wi\u0119cej informacji!","og_url":"https:\/\/innow.pl\/produkt\/sax-302-evo-stolik-pod-aparature-z-2-polkami-i-pojemnikiem-duzy\/","og_site_name":"INNOW","article_modified_time":"2025-12-18T08:04:13+00:00","og_image":[{"width":800,"height":800,"url":"https:\/\/innow.pl\/wp-content\/uploads\/2024\/11\/SAX_302_EVO.jpg","type":"image\/jpeg"}],"twitter_card":"summary_large_image","twitter_misc":{"Est. reading time":"1 minute"},"schema":{"@context":"https:\/\/schema.org","@graph":[{"@type":"WebPage","@id":"https:\/\/innow.pl\/produkt\/sax-302-evo-stolik-pod-aparature-z-2-polkami-i-pojemnikiem-duzy\/","url":"https:\/\/innow.pl\/produkt\/sax-302-evo-stolik-pod-aparature-z-2-polkami-i-pojemnikiem-duzy\/","name":"SAX 302 EVO \u2013 Stolik pod aparatur\u0119 z 2 p\u00f3\u0142kami i pojemnikiem, du\u017cy - INNOW","isPartOf":{"@id":"https:\/\/innow.pl\/#website"},"primaryImageOfPage":{"@id":"https:\/\/innow.pl\/produkt\/sax-302-evo-stolik-pod-aparature-z-2-polkami-i-pojemnikiem-duzy\/#primaryimage"},"image":{"@id":"https:\/\/innow.pl\/produkt\/sax-302-evo-stolik-pod-aparature-z-2-polkami-i-pojemnikiem-duzy\/#primaryimage"},"thumbnailUrl":"https:\/\/innow.pl\/wp-content\/uploads\/2024\/11\/SAX_302_EVO.jpg","datePublished":"2019-04-29T10:01:48+00:00","dateModified":"2025-12-18T08:04:13+00:00","description":"Niezwykle praktyczny stolik pod aparatur\u0119 o estetycznej, trwa\u0142ej konstrukcji. Posiada 2 p\u00f3\u0142ki i 4 k\u00f3\u0142ka. Kliknij po wi\u0119cej informacji!","breadcrumb":{"@id":"https:\/\/innow.pl\/produkt\/sax-302-evo-stolik-pod-aparature-z-2-polkami-i-pojemnikiem-duzy\/#breadcrumb"},"inLanguage":"en-US","potentialAction":[{"@type":"ReadAction","target":["https:\/\/innow.pl\/produkt\/sax-302-evo-stolik-pod-aparature-z-2-polkami-i-pojemnikiem-duzy\/"]}]},{"@type":"ImageObject","inLanguage":"en-US","@id":"https:\/\/innow.pl\/produkt\/sax-302-evo-stolik-pod-aparature-z-2-polkami-i-pojemnikiem-duzy\/#primaryimage","url":"https:\/\/innow.pl\/wp-content\/uploads\/2024\/11\/SAX_302_EVO.jpg","contentUrl":"https:\/\/innow.pl\/wp-content\/uploads\/2024\/11\/SAX_302_EVO.jpg","width":800,"height":800,"caption":"Stolik pod aparatur\u0119 z 2 p\u00f3\u0142kami i pojemnikiem - SAX 302 EVO \u2013 INNOW"},{"@type":"BreadcrumbList","@id":"https:\/\/innow.pl\/produkt\/sax-302-evo-stolik-pod-aparature-z-2-polkami-i-pojemnikiem-duzy\/#breadcrumb","itemListElement":[{"@type":"ListItem","position":1,"name":"INNOW","item":"https:\/\/innow.pl\/en\/"},{"@type":"ListItem","position":2,"name":"Produkty","item":"https:\/\/innow.pl\/produkty\/"},{"@type":"ListItem","position":3,"name":"Stoliki i w\u00f3zki medyczne","item":"https:\/\/innow.pl\/produkty\/stoliki-i-wozki-medyczne\/"},{"@type":"ListItem","position":4,"name":"Stoliki pod aparatur\u0119","item":"https:\/\/innow.pl\/produkty\/stoliki-i-wozki-medyczne\/stoliki-pod-aparature\/"},{"@type":"ListItem","position":5,"name":"SAX 302 EVO \u2013 Stolik pod aparatur\u0119 z 2 p\u00f3\u0142kami i pojemnikiem, du\u017cy"}]},{"@type":"WebSite","@id":"https:\/\/innow.pl\/#website","url":"https:\/\/innow.pl\/","name":"INNOW","description":"","potentialAction":[{"@type":"SearchAction","target":{"@type":"EntryPoint","urlTemplate":"https:\/\/innow.pl\/?s={search_term_string}"},"query-input":{"@type":"PropertyValueSpecification","valueRequired":true,"valueName":"search_term_string"}}],"inLanguage":"en-US"}]}},"_links":{"self":[{"href":"https:\/\/innow.pl\/en\/wp-json\/wp\/v2\/product\/28693","targetHints":{"allow":["GET"]}}],"collection":[{"href":"https:\/\/innow.pl\/en\/wp-json\/wp\/v2\/product"}],"about":[{"href":"https:\/\/innow.pl\/en\/wp-json\/wp\/v2\/types\/product"}],"replies":[{"embeddable":true,"href":"https:\/\/innow.pl\/en\/wp-json\/wp\/v2\/comments?post=28693"}],"wp:featuredmedia":[{"embeddable":true,"href":"https:\/\/innow.pl\/en\/wp-json\/wp\/v2\/media\/28695"}],"wp:attachment":[{"href":"https:\/\/innow.pl\/en\/wp-json\/wp\/v2\/media?parent=28693"}],"wp:term":[{"taxonomy":"product_brand","embeddable":true,"href":"https:\/\/innow.pl\/en\/wp-json\/wp\/v2\/product_brand?post=28693"},{"taxonomy":"product_cat","embeddable":true,"href":"https:\/\/innow.pl\/en\/wp-json\/wp\/v2\/product_cat?post=28693"},{"taxonomy":"product_tag","embeddable":true,"href":"https:\/\/innow.pl\/en\/wp-json\/wp\/v2\/product_tag?post=28693"}],"curies":[{"name":"wp","href":"https:\/\/api.w.org\/{rel}","templated":true}]}}