{"id":28654,"date":"2017-04-01T10:46:34","date_gmt":"2017-04-01T08:46:34","guid":{"rendered":"https:\/\/innow.pl\/produkt\/sma3-stol-rehabilitacyjny-skladany-aluminiowy-3-czesciowy\/"},"modified":"2025-11-03T10:34:19","modified_gmt":"2025-11-03T09:34:19","slug":"sma3-stol-rehabilitacyjny-skladany-aluminiowy-3-czesciowy","status":"publish","type":"product","link":"https:\/\/innow.pl\/en\/produkt\/sma3-stol-rehabilitacyjny-skladany-aluminiowy-3-czesciowy\/","title":{"rendered":"SMA3 &#8211; St\u00f3\u0142 rehabilitacyjny sk\u0142adany, aluminiowy, 3-cz\u0119\u015bciowy"},"content":{"rendered":"<p>Lekki i \u0142atwy w transporcie st\u00f3\u0142 rehabilitacyjny sk\u0142adany z le\u017cyskiem 3-cz\u0119\u015bciowym (regulowana cz\u0119\u015b\u0107 no\u017cna). Posiada podg\u0142\u00f3wek i pod\u0142okietnik z regulacj\u0105 oraz otw\u00f3r twarzowy z dopasowan\u0105 za\u015blepk\u0105. W komplecie znajduje si\u0119 kieszonka do przechowywania kosmetyk\u00f3w oraz niezwykle przydatna przy transporcie torba na k\u00f3\u0142kach GRATIS!<\/p>\n","protected":false},"excerpt":{"rendered":"<p>Lekki i \u0142atwy w transporcie st\u00f3\u0142 rehabilitacyjny sk\u0142adany z le\u017cyskiem 3-cz\u0119\u015bciowym (regulowana cz\u0119\u015b\u0107 no\u017cna). Posiada podg\u0142\u00f3wek i pod\u0142okietnik z regulacj\u0105 oraz otw\u00f3r twarzowy z dopasowan\u0105 za\u015blepk\u0105. W komplecie znajduje si\u0119 kieszonka do przechowywania kosmetyk\u00f3w oraz niezwykle przydatna przy transporcie torba na k\u00f3\u0142kach GRATIS!<\/p>\n","protected":false},"featured_media":28656,"comment_status":"open","ping_status":"closed","template":"","meta":{"_acf_changed":false},"product_brand":[],"product_cat":[406,1367,455],"product_tag":[],"class_list":{"0":"post-28654","1":"product","2":"type-product","3":"status-publish","4":"has-post-thumbnail","6":"product_cat-stoly-rehabilitacyjne","7":"product_cat-stoly-rehabilitacyjne-skladane","8":"product_cat-stoly-z-mechaniczna-regulacja-wysokosci","9":"pa_dlugosc-195-cm","10":"pa_grubosc-pianka-5-cm","11":"pa_szerokosc-70-cm","12":"pa_waga-12-kg","13":"pa_waga-z-wyposazeniem-13-kg","14":"pa_wymiary-otworu-twarzowego-11-x-16-cm","15":"pa_wymiary-podglowka-29-x-29-cm","16":"pa_wymiary-podlokietnika-45-x-19-cm","17":"pa_wysokosc-64-90-cm","19":"first","20":"instock","21":"taxable","22":"shipping-taxable","23":"purchasable","24":"product-type-simple"},"acf":[],"yoast_head":"<!-- This site is optimized with the Yoast SEO plugin v27.4 - https:\/\/yoast.com\/product\/yoast-seo-wordpress\/ -->\n<title>SMA3 - St\u00f3\u0142 rehabilitacyjny sk\u0142adany, aluminiowy, 3-cz\u0119\u015bciowy - INNOW<\/title>\n<meta name=\"description\" content=\"Estetyczny st\u00f3\u0142 rehabilitacyjny sk\u0142adany z regulowan\u0105 cz\u0119\u015bci\u0105 no\u017cn\u0105. Tapicerka ze sk\u00f3ry ekologicznej, lekka konstrukcja, torba na k\u00f3\u0142kach GRATIS. Sprawd\u017a!\" \/>\n<meta name=\"robots\" content=\"index, follow, max-snippet:-1, max-image-preview:large, max-video-preview:-1\" \/>\n<link rel=\"canonical\" href=\"https:\/\/innow.pl\/produkt\/sma3-stol-rehabilitacyjny-skladany-aluminiowy-3-czesciowy\/\" \/>\n<meta property=\"og:locale\" content=\"en_US\" \/>\n<meta property=\"og:type\" content=\"article\" \/>\n<meta property=\"og:title\" content=\"SMA3 - St\u00f3\u0142 rehabilitacyjny sk\u0142adany, aluminiowy, 3-cz\u0119\u015bciowy - INNOW\" \/>\n<meta property=\"og:description\" content=\"Estetyczny st\u00f3\u0142 rehabilitacyjny sk\u0142adany z regulowan\u0105 cz\u0119\u015bci\u0105 no\u017cn\u0105. Tapicerka ze sk\u00f3ry ekologicznej, lekka konstrukcja, torba na k\u00f3\u0142kach GRATIS. Sprawd\u017a!\" \/>\n<meta property=\"og:url\" content=\"https:\/\/innow.pl\/produkt\/sma3-stol-rehabilitacyjny-skladany-aluminiowy-3-czesciowy\/\" \/>\n<meta property=\"og:site_name\" content=\"INNOW\" \/>\n<meta property=\"article:modified_time\" content=\"2025-11-03T09:34:19+00:00\" \/>\n<meta property=\"og:image\" content=\"https:\/\/innow.pl\/wp-content\/uploads\/2024\/11\/SMA_3_1-2.jpg\" \/>\n\t<meta property=\"og:image:width\" content=\"480\" \/>\n\t<meta property=\"og:image:height\" content=\"480\" \/>\n\t<meta property=\"og:image:type\" content=\"image\/jpeg\" \/>\n<meta name=\"twitter:card\" content=\"summary_large_image\" \/>\n<meta name=\"twitter:label1\" content=\"Est. reading time\" \/>\n\t<meta name=\"twitter:data1\" content=\"1 minute\" \/>\n<script type=\"application\/ld+json\" class=\"yoast-schema-graph\">{\"@context\":\"https:\\\/\\\/schema.org\",\"@graph\":[{\"@type\":\"WebPage\",\"@id\":\"https:\\\/\\\/innow.pl\\\/produkt\\\/sma3-stol-rehabilitacyjny-skladany-aluminiowy-3-czesciowy\\\/\",\"url\":\"https:\\\/\\\/innow.pl\\\/produkt\\\/sma3-stol-rehabilitacyjny-skladany-aluminiowy-3-czesciowy\\\/\",\"name\":\"SMA3 - St\u00f3\u0142 rehabilitacyjny sk\u0142adany, aluminiowy, 3-cz\u0119\u015bciowy - INNOW\",\"isPartOf\":{\"@id\":\"https:\\\/\\\/innow.pl\\\/#website\"},\"primaryImageOfPage\":{\"@id\":\"https:\\\/\\\/innow.pl\\\/produkt\\\/sma3-stol-rehabilitacyjny-skladany-aluminiowy-3-czesciowy\\\/#primaryimage\"},\"image\":{\"@id\":\"https:\\\/\\\/innow.pl\\\/produkt\\\/sma3-stol-rehabilitacyjny-skladany-aluminiowy-3-czesciowy\\\/#primaryimage\"},\"thumbnailUrl\":\"https:\\\/\\\/innow.pl\\\/wp-content\\\/uploads\\\/2024\\\/11\\\/SMA_3_1-2.jpg\",\"datePublished\":\"2017-04-01T08:46:34+00:00\",\"dateModified\":\"2025-11-03T09:34:19+00:00\",\"description\":\"Estetyczny st\u00f3\u0142 rehabilitacyjny sk\u0142adany z regulowan\u0105 cz\u0119\u015bci\u0105 no\u017cn\u0105. Tapicerka ze sk\u00f3ry ekologicznej, lekka konstrukcja, torba na k\u00f3\u0142kach GRATIS. Sprawd\u017a!\",\"breadcrumb\":{\"@id\":\"https:\\\/\\\/innow.pl\\\/produkt\\\/sma3-stol-rehabilitacyjny-skladany-aluminiowy-3-czesciowy\\\/#breadcrumb\"},\"inLanguage\":\"en-US\",\"potentialAction\":[{\"@type\":\"ReadAction\",\"target\":[\"https:\\\/\\\/innow.pl\\\/produkt\\\/sma3-stol-rehabilitacyjny-skladany-aluminiowy-3-czesciowy\\\/\"]}]},{\"@type\":\"ImageObject\",\"inLanguage\":\"en-US\",\"@id\":\"https:\\\/\\\/innow.pl\\\/produkt\\\/sma3-stol-rehabilitacyjny-skladany-aluminiowy-3-czesciowy\\\/#primaryimage\",\"url\":\"https:\\\/\\\/innow.pl\\\/wp-content\\\/uploads\\\/2024\\\/11\\\/SMA_3_1-2.jpg\",\"contentUrl\":\"https:\\\/\\\/innow.pl\\\/wp-content\\\/uploads\\\/2024\\\/11\\\/SMA_3_1-2.jpg\",\"width\":480,\"height\":480,\"caption\":\"St\u00f3\u0142 rehabilitacyjny sk\u0142adany, aluminiowy, 3-cz\u0119\u015bciowy - SMA3 - INNOW\"},{\"@type\":\"BreadcrumbList\",\"@id\":\"https:\\\/\\\/innow.pl\\\/produkt\\\/sma3-stol-rehabilitacyjny-skladany-aluminiowy-3-czesciowy\\\/#breadcrumb\",\"itemListElement\":[{\"@type\":\"ListItem\",\"position\":1,\"name\":\"INNOW\",\"item\":\"https:\\\/\\\/innow.pl\\\/en\\\/\"},{\"@type\":\"ListItem\",\"position\":2,\"name\":\"Produkty\",\"item\":\"https:\\\/\\\/innow.pl\\\/produkty\\\/\"},{\"@type\":\"ListItem\",\"position\":3,\"name\":\"Sto\u0142y do masa\u017cu, rehabilitacji\",\"item\":\"https:\\\/\\\/innow.pl\\\/produkty\\\/stoly-rehabilitacyjne\\\/\"},{\"@type\":\"ListItem\",\"position\":4,\"name\":\"Sto\u0142y z mechaniczn\u0105 regulacj\u0105 wysoko\u015bci\",\"item\":\"https:\\\/\\\/innow.pl\\\/produkty\\\/stoly-rehabilitacyjne\\\/stoly-z-mechaniczna-regulacja-wysokosci\\\/\"},{\"@type\":\"ListItem\",\"position\":5,\"name\":\"Sto\u0142y rehabilitacyjne sk\u0142adane\",\"item\":\"https:\\\/\\\/innow.pl\\\/produkty\\\/stoly-rehabilitacyjne\\\/stoly-z-mechaniczna-regulacja-wysokosci\\\/stoly-rehabilitacyjne-skladane\\\/\"},{\"@type\":\"ListItem\",\"position\":6,\"name\":\"SMA3 &#8211; St\u00f3\u0142 rehabilitacyjny sk\u0142adany, aluminiowy, 3-cz\u0119\u015bciowy\"}]},{\"@type\":\"WebSite\",\"@id\":\"https:\\\/\\\/innow.pl\\\/#website\",\"url\":\"https:\\\/\\\/innow.pl\\\/\",\"name\":\"INNOW\",\"description\":\"\",\"potentialAction\":[{\"@type\":\"SearchAction\",\"target\":{\"@type\":\"EntryPoint\",\"urlTemplate\":\"https:\\\/\\\/innow.pl\\\/?s={search_term_string}\"},\"query-input\":{\"@type\":\"PropertyValueSpecification\",\"valueRequired\":true,\"valueName\":\"search_term_string\"}}],\"inLanguage\":\"en-US\"}]}<\/script>\n<!-- \/ Yoast SEO plugin. -->","yoast_head_json":{"title":"SMA3 - St\u00f3\u0142 rehabilitacyjny sk\u0142adany, aluminiowy, 3-cz\u0119\u015bciowy - INNOW","description":"Estetyczny st\u00f3\u0142 rehabilitacyjny sk\u0142adany z regulowan\u0105 cz\u0119\u015bci\u0105 no\u017cn\u0105. Tapicerka ze sk\u00f3ry ekologicznej, lekka konstrukcja, torba na k\u00f3\u0142kach GRATIS. Sprawd\u017a!","robots":{"index":"index","follow":"follow","max-snippet":"max-snippet:-1","max-image-preview":"max-image-preview:large","max-video-preview":"max-video-preview:-1"},"canonical":"https:\/\/innow.pl\/produkt\/sma3-stol-rehabilitacyjny-skladany-aluminiowy-3-czesciowy\/","og_locale":"en_US","og_type":"article","og_title":"SMA3 - St\u00f3\u0142 rehabilitacyjny sk\u0142adany, aluminiowy, 3-cz\u0119\u015bciowy - INNOW","og_description":"Estetyczny st\u00f3\u0142 rehabilitacyjny sk\u0142adany z regulowan\u0105 cz\u0119\u015bci\u0105 no\u017cn\u0105. Tapicerka ze sk\u00f3ry ekologicznej, lekka konstrukcja, torba na k\u00f3\u0142kach GRATIS. Sprawd\u017a!","og_url":"https:\/\/innow.pl\/produkt\/sma3-stol-rehabilitacyjny-skladany-aluminiowy-3-czesciowy\/","og_site_name":"INNOW","article_modified_time":"2025-11-03T09:34:19+00:00","og_image":[{"width":480,"height":480,"url":"https:\/\/innow.pl\/wp-content\/uploads\/2024\/11\/SMA_3_1-2.jpg","type":"image\/jpeg"}],"twitter_card":"summary_large_image","twitter_misc":{"Est. reading time":"1 minute"},"schema":{"@context":"https:\/\/schema.org","@graph":[{"@type":"WebPage","@id":"https:\/\/innow.pl\/produkt\/sma3-stol-rehabilitacyjny-skladany-aluminiowy-3-czesciowy\/","url":"https:\/\/innow.pl\/produkt\/sma3-stol-rehabilitacyjny-skladany-aluminiowy-3-czesciowy\/","name":"SMA3 - St\u00f3\u0142 rehabilitacyjny sk\u0142adany, aluminiowy, 3-cz\u0119\u015bciowy - INNOW","isPartOf":{"@id":"https:\/\/innow.pl\/#website"},"primaryImageOfPage":{"@id":"https:\/\/innow.pl\/produkt\/sma3-stol-rehabilitacyjny-skladany-aluminiowy-3-czesciowy\/#primaryimage"},"image":{"@id":"https:\/\/innow.pl\/produkt\/sma3-stol-rehabilitacyjny-skladany-aluminiowy-3-czesciowy\/#primaryimage"},"thumbnailUrl":"https:\/\/innow.pl\/wp-content\/uploads\/2024\/11\/SMA_3_1-2.jpg","datePublished":"2017-04-01T08:46:34+00:00","dateModified":"2025-11-03T09:34:19+00:00","description":"Estetyczny st\u00f3\u0142 rehabilitacyjny sk\u0142adany z regulowan\u0105 cz\u0119\u015bci\u0105 no\u017cn\u0105. Tapicerka ze sk\u00f3ry ekologicznej, lekka konstrukcja, torba na k\u00f3\u0142kach GRATIS. Sprawd\u017a!","breadcrumb":{"@id":"https:\/\/innow.pl\/produkt\/sma3-stol-rehabilitacyjny-skladany-aluminiowy-3-czesciowy\/#breadcrumb"},"inLanguage":"en-US","potentialAction":[{"@type":"ReadAction","target":["https:\/\/innow.pl\/produkt\/sma3-stol-rehabilitacyjny-skladany-aluminiowy-3-czesciowy\/"]}]},{"@type":"ImageObject","inLanguage":"en-US","@id":"https:\/\/innow.pl\/produkt\/sma3-stol-rehabilitacyjny-skladany-aluminiowy-3-czesciowy\/#primaryimage","url":"https:\/\/innow.pl\/wp-content\/uploads\/2024\/11\/SMA_3_1-2.jpg","contentUrl":"https:\/\/innow.pl\/wp-content\/uploads\/2024\/11\/SMA_3_1-2.jpg","width":480,"height":480,"caption":"St\u00f3\u0142 rehabilitacyjny sk\u0142adany, aluminiowy, 3-cz\u0119\u015bciowy - SMA3 - INNOW"},{"@type":"BreadcrumbList","@id":"https:\/\/innow.pl\/produkt\/sma3-stol-rehabilitacyjny-skladany-aluminiowy-3-czesciowy\/#breadcrumb","itemListElement":[{"@type":"ListItem","position":1,"name":"INNOW","item":"https:\/\/innow.pl\/en\/"},{"@type":"ListItem","position":2,"name":"Produkty","item":"https:\/\/innow.pl\/produkty\/"},{"@type":"ListItem","position":3,"name":"Sto\u0142y do masa\u017cu, rehabilitacji","item":"https:\/\/innow.pl\/produkty\/stoly-rehabilitacyjne\/"},{"@type":"ListItem","position":4,"name":"Sto\u0142y z mechaniczn\u0105 regulacj\u0105 wysoko\u015bci","item":"https:\/\/innow.pl\/produkty\/stoly-rehabilitacyjne\/stoly-z-mechaniczna-regulacja-wysokosci\/"},{"@type":"ListItem","position":5,"name":"Sto\u0142y rehabilitacyjne sk\u0142adane","item":"https:\/\/innow.pl\/produkty\/stoly-rehabilitacyjne\/stoly-z-mechaniczna-regulacja-wysokosci\/stoly-rehabilitacyjne-skladane\/"},{"@type":"ListItem","position":6,"name":"SMA3 &#8211; St\u00f3\u0142 rehabilitacyjny sk\u0142adany, aluminiowy, 3-cz\u0119\u015bciowy"}]},{"@type":"WebSite","@id":"https:\/\/innow.pl\/#website","url":"https:\/\/innow.pl\/","name":"INNOW","description":"","potentialAction":[{"@type":"SearchAction","target":{"@type":"EntryPoint","urlTemplate":"https:\/\/innow.pl\/?s={search_term_string}"},"query-input":{"@type":"PropertyValueSpecification","valueRequired":true,"valueName":"search_term_string"}}],"inLanguage":"en-US"}]}},"_links":{"self":[{"href":"https:\/\/innow.pl\/en\/wp-json\/wp\/v2\/product\/28654","targetHints":{"allow":["GET"]}}],"collection":[{"href":"https:\/\/innow.pl\/en\/wp-json\/wp\/v2\/product"}],"about":[{"href":"https:\/\/innow.pl\/en\/wp-json\/wp\/v2\/types\/product"}],"replies":[{"embeddable":true,"href":"https:\/\/innow.pl\/en\/wp-json\/wp\/v2\/comments?post=28654"}],"wp:featuredmedia":[{"embeddable":true,"href":"https:\/\/innow.pl\/en\/wp-json\/wp\/v2\/media\/28656"}],"wp:attachment":[{"href":"https:\/\/innow.pl\/en\/wp-json\/wp\/v2\/media?parent=28654"}],"wp:term":[{"taxonomy":"product_brand","embeddable":true,"href":"https:\/\/innow.pl\/en\/wp-json\/wp\/v2\/product_brand?post=28654"},{"taxonomy":"product_cat","embeddable":true,"href":"https:\/\/innow.pl\/en\/wp-json\/wp\/v2\/product_cat?post=28654"},{"taxonomy":"product_tag","embeddable":true,"href":"https:\/\/innow.pl\/en\/wp-json\/wp\/v2\/product_tag?post=28654"}],"curies":[{"name":"wp","href":"https:\/\/api.w.org\/{rel}","templated":true}]}}