{"id":28594,"date":"2019-03-12T12:04:31","date_gmt":"2019-03-12T11:04:31","guid":{"rendered":"https:\/\/innow.pl\/produkt\/sa111-evo-inox-stolik-pod-aparature-ze-stali-nierdzewnej-z-2-polkami-pojemnikiem\/"},"modified":"2025-10-03T10:00:52","modified_gmt":"2025-10-03T08:00:52","slug":"sa111-evo-inox-stolik-pod-aparature-ze-stali-nierdzewnej-z-2-polkami-pojemnikiem","status":"publish","type":"product","link":"https:\/\/innow.pl\/en\/produkt\/sa111-evo-inox-stolik-pod-aparature-ze-stali-nierdzewnej-z-2-polkami-pojemnikiem\/","title":{"rendered":"SA 111 EVO INOX \u2013 Stolik pod aparatur\u0119 ze stali nierdzewnej"},"content":{"rendered":"<p>Stolik przeznaczony pod aparatur\u0119 medyczn\u0105. W ca\u0142o\u015bci wykonany ze stali nierdzewnej. Wyposa\u017cony w 2 p\u00f3\u0142ki oraz plastikowy pojemnik lub 3 p\u00f3\u0142ki bez pojemnika. Znajduje zastosowanie m. in.\u00a0 w szpitalach, o\u015brodkach zdrowia, plac\u00f3wkach rehabilitacyjnych i opieku\u0144czych. Istnieje mo\u017cliwo\u015b\u0107 doposa\u017cenia go w listw\u0119 elektryczn\u0105 z w\u0142\u0105cznikiem &#8211; cena 60 z\u0142 +23% VAT \u00a0<\/p>\n","protected":false},"excerpt":{"rendered":"<p>Stolik przeznaczony pod aparatur\u0119 medyczn\u0105. W ca\u0142o\u015bci wykonany ze stali nierdzewnej. Wyposa\u017cony w 2 p\u00f3\u0142ki oraz plastikowy pojemnik lub 3 p\u00f3\u0142ki bez pojemnika. Znajduje zastosowanie m. in.\u00a0 w szpitalach, o\u015brodkach zdrowia, plac\u00f3wkach rehabilitacyjnych i opieku\u0144czych. Istnieje mo\u017cliwo\u015b\u0107 doposa\u017cenia go w listw\u0119 elektryczn\u0105 z w\u0142\u0105cznikiem &#8211; cena 60 z\u0142 +23% VAT \u00a0<\/p>\n","protected":false},"featured_media":28596,"comment_status":"open","ping_status":"closed","template":"","meta":{"_acf_changed":false},"product_brand":[],"product_cat":[396,409],"product_tag":[],"class_list":{"0":"post-28594","1":"product","2":"type-product","3":"status-publish","4":"has-post-thumbnail","6":"product_cat-stoliki-i-wozki-medyczne","7":"product_cat-stoliki-pod-aparature","8":"pa_dolny-poziom-pojemnik","9":"pa_dolny-poziom-polka","10":"pa_glebokosc-48-cm","11":"pa_szerokosc-475-cm","12":"pa_wysokosc-905-cm","14":"first","15":"instock","16":"taxable","17":"shipping-taxable","18":"purchasable","19":"product-type-variable"},"acf":[],"yoast_head":"<!-- This site is optimized with the Yoast SEO plugin v27.4 - https:\/\/yoast.com\/product\/yoast-seo-wordpress\/ -->\n<title>SA 111 EVO INOX \u2013 Stolik pod aparatur\u0119 ze stali nierdzewnej - INNOW<\/title>\n<meta name=\"description\" content=\"Ergonomiczny stolik pod aparatur\u0119 ze stali nierdzewnej. Posiada dwie p\u00f3\u0142ki i pojemnik lub 3 p\u00f3\u0142ki. Atrakcyjna konstrukcja o nowoczesnym kszta\u0142cie. Zobacz!\" \/>\n<meta name=\"robots\" content=\"index, follow, max-snippet:-1, max-image-preview:large, max-video-preview:-1\" \/>\n<link rel=\"canonical\" href=\"https:\/\/innow.pl\/produkt\/sa111-evo-inox-stolik-pod-aparature-ze-stali-nierdzewnej-z-2-polkami-pojemnikiem\/\" \/>\n<meta property=\"og:locale\" content=\"en_US\" \/>\n<meta property=\"og:type\" content=\"article\" \/>\n<meta property=\"og:title\" content=\"SA 111 EVO INOX \u2013 Stolik pod aparatur\u0119 ze stali nierdzewnej - INNOW\" \/>\n<meta property=\"og:description\" content=\"Ergonomiczny stolik pod aparatur\u0119 ze stali nierdzewnej. Posiada dwie p\u00f3\u0142ki i pojemnik lub 3 p\u00f3\u0142ki. Atrakcyjna konstrukcja o nowoczesnym kszta\u0142cie. Zobacz!\" \/>\n<meta property=\"og:url\" content=\"https:\/\/innow.pl\/produkt\/sa111-evo-inox-stolik-pod-aparature-ze-stali-nierdzewnej-z-2-polkami-pojemnikiem\/\" \/>\n<meta property=\"og:site_name\" content=\"INNOW\" \/>\n<meta property=\"article:modified_time\" content=\"2025-10-03T08:00:52+00:00\" \/>\n<meta property=\"og:image\" content=\"https:\/\/innow.pl\/wp-content\/uploads\/2024\/11\/SA111EVO-2.jpg\" \/>\n\t<meta property=\"og:image:width\" content=\"800\" \/>\n\t<meta property=\"og:image:height\" content=\"800\" \/>\n\t<meta property=\"og:image:type\" content=\"image\/jpeg\" \/>\n<meta name=\"twitter:card\" content=\"summary_large_image\" \/>\n<meta name=\"twitter:label1\" content=\"Est. reading time\" \/>\n\t<meta name=\"twitter:data1\" content=\"1 minute\" \/>\n<script type=\"application\/ld+json\" class=\"yoast-schema-graph\">{\"@context\":\"https:\\\/\\\/schema.org\",\"@graph\":[{\"@type\":\"WebPage\",\"@id\":\"https:\\\/\\\/innow.pl\\\/produkt\\\/sa111-evo-inox-stolik-pod-aparature-ze-stali-nierdzewnej-z-2-polkami-pojemnikiem\\\/\",\"url\":\"https:\\\/\\\/innow.pl\\\/produkt\\\/sa111-evo-inox-stolik-pod-aparature-ze-stali-nierdzewnej-z-2-polkami-pojemnikiem\\\/\",\"name\":\"SA 111 EVO INOX \u2013 Stolik pod aparatur\u0119 ze stali nierdzewnej - INNOW\",\"isPartOf\":{\"@id\":\"https:\\\/\\\/innow.pl\\\/#website\"},\"primaryImageOfPage\":{\"@id\":\"https:\\\/\\\/innow.pl\\\/produkt\\\/sa111-evo-inox-stolik-pod-aparature-ze-stali-nierdzewnej-z-2-polkami-pojemnikiem\\\/#primaryimage\"},\"image\":{\"@id\":\"https:\\\/\\\/innow.pl\\\/produkt\\\/sa111-evo-inox-stolik-pod-aparature-ze-stali-nierdzewnej-z-2-polkami-pojemnikiem\\\/#primaryimage\"},\"thumbnailUrl\":\"https:\\\/\\\/innow.pl\\\/wp-content\\\/uploads\\\/2024\\\/11\\\/SA111EVO-2.jpg\",\"datePublished\":\"2019-03-12T11:04:31+00:00\",\"dateModified\":\"2025-10-03T08:00:52+00:00\",\"description\":\"Ergonomiczny stolik pod aparatur\u0119 ze stali nierdzewnej. Posiada dwie p\u00f3\u0142ki i pojemnik lub 3 p\u00f3\u0142ki. Atrakcyjna konstrukcja o nowoczesnym kszta\u0142cie. Zobacz!\",\"breadcrumb\":{\"@id\":\"https:\\\/\\\/innow.pl\\\/produkt\\\/sa111-evo-inox-stolik-pod-aparature-ze-stali-nierdzewnej-z-2-polkami-pojemnikiem\\\/#breadcrumb\"},\"inLanguage\":\"en-US\",\"potentialAction\":[{\"@type\":\"ReadAction\",\"target\":[\"https:\\\/\\\/innow.pl\\\/produkt\\\/sa111-evo-inox-stolik-pod-aparature-ze-stali-nierdzewnej-z-2-polkami-pojemnikiem\\\/\"]}]},{\"@type\":\"ImageObject\",\"inLanguage\":\"en-US\",\"@id\":\"https:\\\/\\\/innow.pl\\\/produkt\\\/sa111-evo-inox-stolik-pod-aparature-ze-stali-nierdzewnej-z-2-polkami-pojemnikiem\\\/#primaryimage\",\"url\":\"https:\\\/\\\/innow.pl\\\/wp-content\\\/uploads\\\/2024\\\/11\\\/SA111EVO-2.jpg\",\"contentUrl\":\"https:\\\/\\\/innow.pl\\\/wp-content\\\/uploads\\\/2024\\\/11\\\/SA111EVO-2.jpg\",\"width\":800,\"height\":800,\"caption\":\"Stolik pod aparatur\u0119 z 2 p\u00f3\u0142kami i pojemnikiem \u2013 SA111 EVO \u2013 INNOW\"},{\"@type\":\"BreadcrumbList\",\"@id\":\"https:\\\/\\\/innow.pl\\\/produkt\\\/sa111-evo-inox-stolik-pod-aparature-ze-stali-nierdzewnej-z-2-polkami-pojemnikiem\\\/#breadcrumb\",\"itemListElement\":[{\"@type\":\"ListItem\",\"position\":1,\"name\":\"INNOW\",\"item\":\"https:\\\/\\\/innow.pl\\\/en\\\/\"},{\"@type\":\"ListItem\",\"position\":2,\"name\":\"Produkty\",\"item\":\"https:\\\/\\\/innow.pl\\\/produkty\\\/\"},{\"@type\":\"ListItem\",\"position\":3,\"name\":\"Stoliki i w\u00f3zki medyczne\",\"item\":\"https:\\\/\\\/innow.pl\\\/produkty\\\/stoliki-i-wozki-medyczne\\\/\"},{\"@type\":\"ListItem\",\"position\":4,\"name\":\"Stoliki pod aparatur\u0119\",\"item\":\"https:\\\/\\\/innow.pl\\\/produkty\\\/stoliki-i-wozki-medyczne\\\/stoliki-pod-aparature\\\/\"},{\"@type\":\"ListItem\",\"position\":5,\"name\":\"SA 111 EVO INOX \u2013 Stolik pod aparatur\u0119 ze stali nierdzewnej\"}]},{\"@type\":\"WebSite\",\"@id\":\"https:\\\/\\\/innow.pl\\\/#website\",\"url\":\"https:\\\/\\\/innow.pl\\\/\",\"name\":\"INNOW\",\"description\":\"\",\"potentialAction\":[{\"@type\":\"SearchAction\",\"target\":{\"@type\":\"EntryPoint\",\"urlTemplate\":\"https:\\\/\\\/innow.pl\\\/?s={search_term_string}\"},\"query-input\":{\"@type\":\"PropertyValueSpecification\",\"valueRequired\":true,\"valueName\":\"search_term_string\"}}],\"inLanguage\":\"en-US\"}]}<\/script>\n<!-- \/ Yoast SEO plugin. -->","yoast_head_json":{"title":"SA 111 EVO INOX \u2013 Stolik pod aparatur\u0119 ze stali nierdzewnej - INNOW","description":"Ergonomiczny stolik pod aparatur\u0119 ze stali nierdzewnej. Posiada dwie p\u00f3\u0142ki i pojemnik lub 3 p\u00f3\u0142ki. Atrakcyjna konstrukcja o nowoczesnym kszta\u0142cie. Zobacz!","robots":{"index":"index","follow":"follow","max-snippet":"max-snippet:-1","max-image-preview":"max-image-preview:large","max-video-preview":"max-video-preview:-1"},"canonical":"https:\/\/innow.pl\/produkt\/sa111-evo-inox-stolik-pod-aparature-ze-stali-nierdzewnej-z-2-polkami-pojemnikiem\/","og_locale":"en_US","og_type":"article","og_title":"SA 111 EVO INOX \u2013 Stolik pod aparatur\u0119 ze stali nierdzewnej - INNOW","og_description":"Ergonomiczny stolik pod aparatur\u0119 ze stali nierdzewnej. Posiada dwie p\u00f3\u0142ki i pojemnik lub 3 p\u00f3\u0142ki. Atrakcyjna konstrukcja o nowoczesnym kszta\u0142cie. Zobacz!","og_url":"https:\/\/innow.pl\/produkt\/sa111-evo-inox-stolik-pod-aparature-ze-stali-nierdzewnej-z-2-polkami-pojemnikiem\/","og_site_name":"INNOW","article_modified_time":"2025-10-03T08:00:52+00:00","og_image":[{"width":800,"height":800,"url":"https:\/\/innow.pl\/wp-content\/uploads\/2024\/11\/SA111EVO-2.jpg","type":"image\/jpeg"}],"twitter_card":"summary_large_image","twitter_misc":{"Est. reading time":"1 minute"},"schema":{"@context":"https:\/\/schema.org","@graph":[{"@type":"WebPage","@id":"https:\/\/innow.pl\/produkt\/sa111-evo-inox-stolik-pod-aparature-ze-stali-nierdzewnej-z-2-polkami-pojemnikiem\/","url":"https:\/\/innow.pl\/produkt\/sa111-evo-inox-stolik-pod-aparature-ze-stali-nierdzewnej-z-2-polkami-pojemnikiem\/","name":"SA 111 EVO INOX \u2013 Stolik pod aparatur\u0119 ze stali nierdzewnej - INNOW","isPartOf":{"@id":"https:\/\/innow.pl\/#website"},"primaryImageOfPage":{"@id":"https:\/\/innow.pl\/produkt\/sa111-evo-inox-stolik-pod-aparature-ze-stali-nierdzewnej-z-2-polkami-pojemnikiem\/#primaryimage"},"image":{"@id":"https:\/\/innow.pl\/produkt\/sa111-evo-inox-stolik-pod-aparature-ze-stali-nierdzewnej-z-2-polkami-pojemnikiem\/#primaryimage"},"thumbnailUrl":"https:\/\/innow.pl\/wp-content\/uploads\/2024\/11\/SA111EVO-2.jpg","datePublished":"2019-03-12T11:04:31+00:00","dateModified":"2025-10-03T08:00:52+00:00","description":"Ergonomiczny stolik pod aparatur\u0119 ze stali nierdzewnej. Posiada dwie p\u00f3\u0142ki i pojemnik lub 3 p\u00f3\u0142ki. Atrakcyjna konstrukcja o nowoczesnym kszta\u0142cie. Zobacz!","breadcrumb":{"@id":"https:\/\/innow.pl\/produkt\/sa111-evo-inox-stolik-pod-aparature-ze-stali-nierdzewnej-z-2-polkami-pojemnikiem\/#breadcrumb"},"inLanguage":"en-US","potentialAction":[{"@type":"ReadAction","target":["https:\/\/innow.pl\/produkt\/sa111-evo-inox-stolik-pod-aparature-ze-stali-nierdzewnej-z-2-polkami-pojemnikiem\/"]}]},{"@type":"ImageObject","inLanguage":"en-US","@id":"https:\/\/innow.pl\/produkt\/sa111-evo-inox-stolik-pod-aparature-ze-stali-nierdzewnej-z-2-polkami-pojemnikiem\/#primaryimage","url":"https:\/\/innow.pl\/wp-content\/uploads\/2024\/11\/SA111EVO-2.jpg","contentUrl":"https:\/\/innow.pl\/wp-content\/uploads\/2024\/11\/SA111EVO-2.jpg","width":800,"height":800,"caption":"Stolik pod aparatur\u0119 z 2 p\u00f3\u0142kami i pojemnikiem \u2013 SA111 EVO \u2013 INNOW"},{"@type":"BreadcrumbList","@id":"https:\/\/innow.pl\/produkt\/sa111-evo-inox-stolik-pod-aparature-ze-stali-nierdzewnej-z-2-polkami-pojemnikiem\/#breadcrumb","itemListElement":[{"@type":"ListItem","position":1,"name":"INNOW","item":"https:\/\/innow.pl\/en\/"},{"@type":"ListItem","position":2,"name":"Produkty","item":"https:\/\/innow.pl\/produkty\/"},{"@type":"ListItem","position":3,"name":"Stoliki i w\u00f3zki medyczne","item":"https:\/\/innow.pl\/produkty\/stoliki-i-wozki-medyczne\/"},{"@type":"ListItem","position":4,"name":"Stoliki pod aparatur\u0119","item":"https:\/\/innow.pl\/produkty\/stoliki-i-wozki-medyczne\/stoliki-pod-aparature\/"},{"@type":"ListItem","position":5,"name":"SA 111 EVO INOX \u2013 Stolik pod aparatur\u0119 ze stali nierdzewnej"}]},{"@type":"WebSite","@id":"https:\/\/innow.pl\/#website","url":"https:\/\/innow.pl\/","name":"INNOW","description":"","potentialAction":[{"@type":"SearchAction","target":{"@type":"EntryPoint","urlTemplate":"https:\/\/innow.pl\/?s={search_term_string}"},"query-input":{"@type":"PropertyValueSpecification","valueRequired":true,"valueName":"search_term_string"}}],"inLanguage":"en-US"}]}},"_links":{"self":[{"href":"https:\/\/innow.pl\/en\/wp-json\/wp\/v2\/product\/28594","targetHints":{"allow":["GET"]}}],"collection":[{"href":"https:\/\/innow.pl\/en\/wp-json\/wp\/v2\/product"}],"about":[{"href":"https:\/\/innow.pl\/en\/wp-json\/wp\/v2\/types\/product"}],"replies":[{"embeddable":true,"href":"https:\/\/innow.pl\/en\/wp-json\/wp\/v2\/comments?post=28594"}],"wp:featuredmedia":[{"embeddable":true,"href":"https:\/\/innow.pl\/en\/wp-json\/wp\/v2\/media\/28596"}],"wp:attachment":[{"href":"https:\/\/innow.pl\/en\/wp-json\/wp\/v2\/media?parent=28594"}],"wp:term":[{"taxonomy":"product_brand","embeddable":true,"href":"https:\/\/innow.pl\/en\/wp-json\/wp\/v2\/product_brand?post=28594"},{"taxonomy":"product_cat","embeddable":true,"href":"https:\/\/innow.pl\/en\/wp-json\/wp\/v2\/product_cat?post=28594"},{"taxonomy":"product_tag","embeddable":true,"href":"https:\/\/innow.pl\/en\/wp-json\/wp\/v2\/product_tag?post=28594"}],"curies":[{"name":"wp","href":"https:\/\/api.w.org\/{rel}","templated":true}]}}