{"id":28394,"date":"2019-01-14T14:58:18","date_gmt":"2019-01-14T13:58:18","guid":{"rendered":"https:\/\/innow.pl\/produkt\/fz-02-finn-at-lux\/"},"modified":"2025-07-29T12:55:39","modified_gmt":"2025-07-29T10:55:39","slug":"fz-02-finn-at-lux","status":"publish","type":"product","link":"https:\/\/innow.pl\/en\/produkt\/fz-02-finn-at-lux\/","title":{"rendered":"FZ-02 FINN AT [LUX] &#8211; St\u00f3\u0142 zabiegowy z pozycj\u0105 anty-\/Trendelenburga, elektryczny"},"content":{"rendered":"<p>Niezwykle bogato wyposa\u017cony st\u00f3\u0142 zabiegowy z szerokimi mo\u017cliwo\u015bciami zastosowania (chirurgia, ginekologia, urologia). Kilkusegmentowe le\u017cysko pokryte jest przystosowanym do zastosowa\u0144 medycznych i \u0142atwym w dezynfekcji materia\u0142em obiciowym . Zmian\u0119 wysoko\u015bci oraz uzyskanie pozycji anty- i\u00a0 Trendelenburga umo\u017cliwia si\u0142ownik elektryczny sterowany za pomoc\u0105 pilota r\u0119cznego lub r\u0119cznego+no\u017cnego (do\u0142\u0105czony jest wy\u0142\u0105cznik bezpiecze\u0144stwa). St\u00f3\u0142 wyposa\u017cony jest w nast\u0119puj\u0105ce funkcje i akcesoria:<\/p>\n<ul>\n<li>pozycja anty- i Trendelenburga,<\/li>\n<li>zmywalna, dostosowana do zastosowa\u0144 medycznych tapicerka,<\/li>\n<li>le\u017cysko z wydzielon\u0105 cz\u0119\u015bci\u0105 oparcia, siedzenia, no\u017cn\u0105 oraz wielopozycyjny podg\u0142\u00f3wek umo\u017cliwiaj\u0105cy \u0142atwe dostosowanie po\u0142o\u017cenia g\u0142owy pacjenta podczas zabiegu,<\/li>\n<li>pilot r\u0119czny do regulacji wysoko\u015bci oraz pozycji anty- i Trendelenburga LUB pilot r\u0119czny do regulacji wysoko\u015bci oraz pozycji anty- i Trendelenburga + pilot no\u017cny do regulacji wysoko\u015bci + wy\u0142\u0105cznik bezpiecze\u0144stwa,<\/li>\n<li>regulacja oparcia plec\u00f3w za pomoc\u0105 spr\u0119\u017cyny gazowej,<\/li>\n<li>obudowa (maskownica) ramy dolnej,<\/li>\n<li>listwy boczne na segmencie le\u017cyska i cz\u0119\u015bci no\u017cnej przeznaczone do mocowania osprz\u0119tu dodatkowego,<\/li>\n<li>os\u0142ona sekcji podnoszenia,<\/li>\n<li>rama g\u00f3rna z blach\u0105 maskuj\u0105c\u0105,<\/li>\n<li>podajnik podk\u0142ad\u00f3w,<\/li>\n<li>2 ko\u0142a\/rolki do przesuwania sto\u0142u.<\/li>\n<\/ul>\n<p><strong>W przypadku wyboru podparcia poliuretanowego wielopozycyjnego pod r\u0119k\u0119 lub pod uda konieczne jest zakupienie <a style=\"color: #3399ff;\" href=\"https:\/\/innow.pl\/kategoria-produktu\/stoly-zabiegowe\/osprzet-do-stolow-zabiegowych\/zaciski-do-stabilizacji-na-listwe-boczna\/\">ZACISK\u00d3W.<\/a><\/strong> Ze wzgl\u0119du na specyfik\u0119 wyrobu, po z\u0142o\u017ceniu zam\u00f3wienia, producent prosi o kontakt w sprawie uzgodnienia szczeg\u00f3\u0142\u00f3w. Stopie\u0144 skomplikowania sto\u0142u wywo\u0142uje potrzeb\u0119 doprecyzowania poszczeg\u00f3lnych atrybut\u00f3w. Po podsumowaniu i doprecyzowaniu wszystkich cech sto\u0142u (w tym po okre\u015bleniu przeznaczenia) zostanie przedstawiona ostateczna oferta. <em>Pod\u0142okietniki wielopozycyjne przedstawione na zdj\u0119ciu s\u0105 opcj\u0105 dodatkow\u0105, dost\u0119pn\u0105 do zakupienia poni\u017cej.<\/em> \u00a0<\/p>\n<p style=\"text-align: left;\"><a>Informacje o w\u0142a\u015bciwo\u015bciach dost\u0119pnych <strong>materia\u0142\u00f3w obiciowych<\/strong> dost\u0119pne po klikni\u0119ciu w zdj\u0119cie:<\/a><\/p>\n<p style=\"text-align: left;\"><a href=\"https:\/\/innow.pl\/publikacje\/KatalogPDF\/Pokrycia-obiciowe-tapicerki.pdf\" target=\"_blank\" rel=\"noopener\"><img decoding=\"async\" src=\"https:\/\/innow.pl\/wp-content\/uploads\/2024\/11\/Tapicerki.jpg\" \/><\/a><\/p>\n<p style=\"text-align: left;\">Osprz\u0119t do sto\u0142\u00f3w mo\u017cna dobra\u0107 w dziale: <span style=\"color: #24c2e3;\"><a style=\"color: #24c2e3; font-size: 24px;\" href=\"http:\/\/innow.pl\/kategoria-produktu\/stoly-zabiegowe\/osprzet-do-stolow-zabiegowych\/\">Sto\u0142y zabiegowe &#8211; <strong>OSPRZ\u0118T<\/strong><\/a><\/span><\/p>\n","protected":false},"excerpt":{"rendered":"<p>Niezwykle bogato wyposa\u017cony st\u00f3\u0142 zabiegowy z szerokimi mo\u017cliwo\u015bciami zastosowania (chirurgia, ginekologia, urologia). Kilkusegmentowe le\u017cysko pokryte jest przystosowanym do zastosowa\u0144 medycznych i \u0142atwym w dezynfekcji materia\u0142em obiciowym . Zmian\u0119 wysoko\u015bci oraz uzyskanie pozycji anty- i\u00a0 Trendelenburga umo\u017cliwia si\u0142ownik elektryczny sterowany za pomoc\u0105 pilota r\u0119cznego lub r\u0119cznego+no\u017cnego (do\u0142\u0105czony jest wy\u0142\u0105cznik bezpiecze\u0144stwa). St\u00f3\u0142 wyposa\u017cony jest w nast\u0119puj\u0105ce funkcje [&hellip;]<\/p>\n","protected":false},"featured_media":28397,"comment_status":"open","ping_status":"closed","template":"","meta":{"_acf_changed":false},"product_brand":[],"product_cat":[440,479,493],"product_tag":[],"class_list":{"0":"post-28394","1":"product","2":"type-product","3":"status-publish","4":"has-post-thumbnail","6":"product_cat-meble-medyczne","7":"product_cat-stoly-zabiegowe","8":"product_cat-stoly-zabiegowe-rozbudowane","9":"pa_dlugosc-1975-cm","10":"pa_piloty-do-regulacji-pilot-reczny-462-zl-netto","11":"pa_piloty-do-regulacji-pilot-reczny-nozny-dolaczony-jest-wylacznik-bezpieczenstwa-1218-zl-netto","12":"pa_szerokosc-55-cm","13":"pa_wysokosc-70-97-cm","15":"first","16":"instock","17":"taxable","18":"shipping-taxable","19":"purchasable","20":"product-type-variable"},"acf":[],"yoast_head":"<!-- This site is optimized with the Yoast SEO plugin v27.4 - https:\/\/yoast.com\/product\/yoast-seo-wordpress\/ -->\n<title>FZ-02 FINN AT [LUX] - St\u00f3\u0142 zabiegowy z pozycj\u0105 anty-\/Trendelenburga, elektryczny - INNOW<\/title>\n<meta name=\"description\" content=\"Nowoczesny st\u00f3\u0142 zabiegowy z pozycj\u0105 anty- i Trendelenburga. Rama g\u00f3rna z zabudow\u0105, os\u0142ona cz\u0119\u015bci podnoszenia, wielopozycyjny podg\u0142\u00f3wek! Poznaj szczeg\u00f3\u0142y!\" \/>\n<meta name=\"robots\" content=\"index, follow, max-snippet:-1, max-image-preview:large, max-video-preview:-1\" \/>\n<link rel=\"canonical\" href=\"https:\/\/innow.pl\/produkt\/fz-02-finn-at-lux\/\" \/>\n<meta property=\"og:locale\" content=\"en_US\" \/>\n<meta property=\"og:type\" content=\"article\" \/>\n<meta property=\"og:title\" content=\"FZ-02 FINN AT [LUX] - St\u00f3\u0142 zabiegowy z pozycj\u0105 anty-\/Trendelenburga, elektryczny - INNOW\" \/>\n<meta property=\"og:description\" content=\"Nowoczesny st\u00f3\u0142 zabiegowy z pozycj\u0105 anty- i Trendelenburga. Rama g\u00f3rna z zabudow\u0105, os\u0142ona cz\u0119\u015bci podnoszenia, wielopozycyjny podg\u0142\u00f3wek! Poznaj szczeg\u00f3\u0142y!\" \/>\n<meta property=\"og:url\" content=\"https:\/\/innow.pl\/produkt\/fz-02-finn-at-lux\/\" \/>\n<meta property=\"og:site_name\" content=\"INNOW\" \/>\n<meta property=\"article:modified_time\" content=\"2025-07-29T10:55:39+00:00\" \/>\n<meta property=\"og:image\" content=\"https:\/\/innow.pl\/wp-content\/uploads\/2024\/11\/FZ02FINNATLUX_1_new.jpg\" \/>\n\t<meta property=\"og:image:width\" content=\"800\" \/>\n\t<meta property=\"og:image:height\" content=\"800\" \/>\n\t<meta property=\"og:image:type\" content=\"image\/jpeg\" \/>\n<meta name=\"twitter:card\" content=\"summary_large_image\" \/>\n<meta name=\"twitter:label1\" content=\"Est. reading time\" \/>\n\t<meta name=\"twitter:data1\" content=\"2 minutes\" \/>\n<script type=\"application\/ld+json\" class=\"yoast-schema-graph\">{\"@context\":\"https:\\\/\\\/schema.org\",\"@graph\":[{\"@type\":\"WebPage\",\"@id\":\"https:\\\/\\\/innow.pl\\\/produkt\\\/fz-02-finn-at-lux\\\/\",\"url\":\"https:\\\/\\\/innow.pl\\\/produkt\\\/fz-02-finn-at-lux\\\/\",\"name\":\"FZ-02 FINN AT [LUX] - St\u00f3\u0142 zabiegowy z pozycj\u0105 anty-\\\/Trendelenburga, elektryczny - INNOW\",\"isPartOf\":{\"@id\":\"https:\\\/\\\/innow.pl\\\/#website\"},\"primaryImageOfPage\":{\"@id\":\"https:\\\/\\\/innow.pl\\\/produkt\\\/fz-02-finn-at-lux\\\/#primaryimage\"},\"image\":{\"@id\":\"https:\\\/\\\/innow.pl\\\/produkt\\\/fz-02-finn-at-lux\\\/#primaryimage\"},\"thumbnailUrl\":\"https:\\\/\\\/innow.pl\\\/wp-content\\\/uploads\\\/2024\\\/11\\\/FZ02FINNATLUX_1_new.jpg\",\"datePublished\":\"2019-01-14T13:58:18+00:00\",\"dateModified\":\"2025-07-29T10:55:39+00:00\",\"description\":\"Nowoczesny st\u00f3\u0142 zabiegowy z pozycj\u0105 anty- i Trendelenburga. Rama g\u00f3rna z zabudow\u0105, os\u0142ona cz\u0119\u015bci podnoszenia, wielopozycyjny podg\u0142\u00f3wek! Poznaj szczeg\u00f3\u0142y!\",\"breadcrumb\":{\"@id\":\"https:\\\/\\\/innow.pl\\\/produkt\\\/fz-02-finn-at-lux\\\/#breadcrumb\"},\"inLanguage\":\"en-US\",\"potentialAction\":[{\"@type\":\"ReadAction\",\"target\":[\"https:\\\/\\\/innow.pl\\\/produkt\\\/fz-02-finn-at-lux\\\/\"]}]},{\"@type\":\"ImageObject\",\"inLanguage\":\"en-US\",\"@id\":\"https:\\\/\\\/innow.pl\\\/produkt\\\/fz-02-finn-at-lux\\\/#primaryimage\",\"url\":\"https:\\\/\\\/innow.pl\\\/wp-content\\\/uploads\\\/2024\\\/11\\\/FZ02FINNATLUX_1_new.jpg\",\"contentUrl\":\"https:\\\/\\\/innow.pl\\\/wp-content\\\/uploads\\\/2024\\\/11\\\/FZ02FINNATLUX_1_new.jpg\",\"width\":800,\"height\":800,\"caption\":\"St\u00f3\u0142 zabiegowy - FZ 02 FINN AT [LUX] - INNOW\"},{\"@type\":\"BreadcrumbList\",\"@id\":\"https:\\\/\\\/innow.pl\\\/produkt\\\/fz-02-finn-at-lux\\\/#breadcrumb\",\"itemListElement\":[{\"@type\":\"ListItem\",\"position\":1,\"name\":\"INNOW\",\"item\":\"https:\\\/\\\/innow.pl\\\/en\\\/\"},{\"@type\":\"ListItem\",\"position\":2,\"name\":\"Produkty\",\"item\":\"https:\\\/\\\/innow.pl\\\/produkty\\\/\"},{\"@type\":\"ListItem\",\"position\":3,\"name\":\"Meble medyczne\",\"item\":\"https:\\\/\\\/innow.pl\\\/produkty\\\/meble-medyczne\\\/\"},{\"@type\":\"ListItem\",\"position\":4,\"name\":\"Sto\u0142y zabiegowe\",\"item\":\"https:\\\/\\\/innow.pl\\\/produkty\\\/meble-medyczne\\\/stoly-zabiegowe\\\/\"},{\"@type\":\"ListItem\",\"position\":5,\"name\":\"Sto\u0142y zabiegowe rozbudowane\",\"item\":\"https:\\\/\\\/innow.pl\\\/produkty\\\/meble-medyczne\\\/stoly-zabiegowe\\\/stoly-zabiegowe-rozbudowane\\\/\"},{\"@type\":\"ListItem\",\"position\":6,\"name\":\"FZ-02 FINN AT [LUX] &#8211; St\u00f3\u0142 zabiegowy z pozycj\u0105 anty-\\\/Trendelenburga, elektryczny\"}]},{\"@type\":\"WebSite\",\"@id\":\"https:\\\/\\\/innow.pl\\\/#website\",\"url\":\"https:\\\/\\\/innow.pl\\\/\",\"name\":\"INNOW\",\"description\":\"\",\"potentialAction\":[{\"@type\":\"SearchAction\",\"target\":{\"@type\":\"EntryPoint\",\"urlTemplate\":\"https:\\\/\\\/innow.pl\\\/?s={search_term_string}\"},\"query-input\":{\"@type\":\"PropertyValueSpecification\",\"valueRequired\":true,\"valueName\":\"search_term_string\"}}],\"inLanguage\":\"en-US\"}]}<\/script>\n<!-- \/ Yoast SEO plugin. -->","yoast_head_json":{"title":"FZ-02 FINN AT [LUX] - St\u00f3\u0142 zabiegowy z pozycj\u0105 anty-\/Trendelenburga, elektryczny - INNOW","description":"Nowoczesny st\u00f3\u0142 zabiegowy z pozycj\u0105 anty- i Trendelenburga. Rama g\u00f3rna z zabudow\u0105, os\u0142ona cz\u0119\u015bci podnoszenia, wielopozycyjny podg\u0142\u00f3wek! Poznaj szczeg\u00f3\u0142y!","robots":{"index":"index","follow":"follow","max-snippet":"max-snippet:-1","max-image-preview":"max-image-preview:large","max-video-preview":"max-video-preview:-1"},"canonical":"https:\/\/innow.pl\/produkt\/fz-02-finn-at-lux\/","og_locale":"en_US","og_type":"article","og_title":"FZ-02 FINN AT [LUX] - St\u00f3\u0142 zabiegowy z pozycj\u0105 anty-\/Trendelenburga, elektryczny - INNOW","og_description":"Nowoczesny st\u00f3\u0142 zabiegowy z pozycj\u0105 anty- i Trendelenburga. Rama g\u00f3rna z zabudow\u0105, os\u0142ona cz\u0119\u015bci podnoszenia, wielopozycyjny podg\u0142\u00f3wek! Poznaj szczeg\u00f3\u0142y!","og_url":"https:\/\/innow.pl\/produkt\/fz-02-finn-at-lux\/","og_site_name":"INNOW","article_modified_time":"2025-07-29T10:55:39+00:00","og_image":[{"width":800,"height":800,"url":"https:\/\/innow.pl\/wp-content\/uploads\/2024\/11\/FZ02FINNATLUX_1_new.jpg","type":"image\/jpeg"}],"twitter_card":"summary_large_image","twitter_misc":{"Est. reading time":"2 minutes"},"schema":{"@context":"https:\/\/schema.org","@graph":[{"@type":"WebPage","@id":"https:\/\/innow.pl\/produkt\/fz-02-finn-at-lux\/","url":"https:\/\/innow.pl\/produkt\/fz-02-finn-at-lux\/","name":"FZ-02 FINN AT [LUX] - St\u00f3\u0142 zabiegowy z pozycj\u0105 anty-\/Trendelenburga, elektryczny - INNOW","isPartOf":{"@id":"https:\/\/innow.pl\/#website"},"primaryImageOfPage":{"@id":"https:\/\/innow.pl\/produkt\/fz-02-finn-at-lux\/#primaryimage"},"image":{"@id":"https:\/\/innow.pl\/produkt\/fz-02-finn-at-lux\/#primaryimage"},"thumbnailUrl":"https:\/\/innow.pl\/wp-content\/uploads\/2024\/11\/FZ02FINNATLUX_1_new.jpg","datePublished":"2019-01-14T13:58:18+00:00","dateModified":"2025-07-29T10:55:39+00:00","description":"Nowoczesny st\u00f3\u0142 zabiegowy z pozycj\u0105 anty- i Trendelenburga. Rama g\u00f3rna z zabudow\u0105, os\u0142ona cz\u0119\u015bci podnoszenia, wielopozycyjny podg\u0142\u00f3wek! Poznaj szczeg\u00f3\u0142y!","breadcrumb":{"@id":"https:\/\/innow.pl\/produkt\/fz-02-finn-at-lux\/#breadcrumb"},"inLanguage":"en-US","potentialAction":[{"@type":"ReadAction","target":["https:\/\/innow.pl\/produkt\/fz-02-finn-at-lux\/"]}]},{"@type":"ImageObject","inLanguage":"en-US","@id":"https:\/\/innow.pl\/produkt\/fz-02-finn-at-lux\/#primaryimage","url":"https:\/\/innow.pl\/wp-content\/uploads\/2024\/11\/FZ02FINNATLUX_1_new.jpg","contentUrl":"https:\/\/innow.pl\/wp-content\/uploads\/2024\/11\/FZ02FINNATLUX_1_new.jpg","width":800,"height":800,"caption":"St\u00f3\u0142 zabiegowy - FZ 02 FINN AT [LUX] - INNOW"},{"@type":"BreadcrumbList","@id":"https:\/\/innow.pl\/produkt\/fz-02-finn-at-lux\/#breadcrumb","itemListElement":[{"@type":"ListItem","position":1,"name":"INNOW","item":"https:\/\/innow.pl\/en\/"},{"@type":"ListItem","position":2,"name":"Produkty","item":"https:\/\/innow.pl\/produkty\/"},{"@type":"ListItem","position":3,"name":"Meble medyczne","item":"https:\/\/innow.pl\/produkty\/meble-medyczne\/"},{"@type":"ListItem","position":4,"name":"Sto\u0142y zabiegowe","item":"https:\/\/innow.pl\/produkty\/meble-medyczne\/stoly-zabiegowe\/"},{"@type":"ListItem","position":5,"name":"Sto\u0142y zabiegowe rozbudowane","item":"https:\/\/innow.pl\/produkty\/meble-medyczne\/stoly-zabiegowe\/stoly-zabiegowe-rozbudowane\/"},{"@type":"ListItem","position":6,"name":"FZ-02 FINN AT [LUX] &#8211; St\u00f3\u0142 zabiegowy z pozycj\u0105 anty-\/Trendelenburga, elektryczny"}]},{"@type":"WebSite","@id":"https:\/\/innow.pl\/#website","url":"https:\/\/innow.pl\/","name":"INNOW","description":"","potentialAction":[{"@type":"SearchAction","target":{"@type":"EntryPoint","urlTemplate":"https:\/\/innow.pl\/?s={search_term_string}"},"query-input":{"@type":"PropertyValueSpecification","valueRequired":true,"valueName":"search_term_string"}}],"inLanguage":"en-US"}]}},"_links":{"self":[{"href":"https:\/\/innow.pl\/en\/wp-json\/wp\/v2\/product\/28394","targetHints":{"allow":["GET"]}}],"collection":[{"href":"https:\/\/innow.pl\/en\/wp-json\/wp\/v2\/product"}],"about":[{"href":"https:\/\/innow.pl\/en\/wp-json\/wp\/v2\/types\/product"}],"replies":[{"embeddable":true,"href":"https:\/\/innow.pl\/en\/wp-json\/wp\/v2\/comments?post=28394"}],"wp:featuredmedia":[{"embeddable":true,"href":"https:\/\/innow.pl\/en\/wp-json\/wp\/v2\/media\/28397"}],"wp:attachment":[{"href":"https:\/\/innow.pl\/en\/wp-json\/wp\/v2\/media?parent=28394"}],"wp:term":[{"taxonomy":"product_brand","embeddable":true,"href":"https:\/\/innow.pl\/en\/wp-json\/wp\/v2\/product_brand?post=28394"},{"taxonomy":"product_cat","embeddable":true,"href":"https:\/\/innow.pl\/en\/wp-json\/wp\/v2\/product_cat?post=28394"},{"taxonomy":"product_tag","embeddable":true,"href":"https:\/\/innow.pl\/en\/wp-json\/wp\/v2\/product_tag?post=28394"}],"curies":[{"name":"wp","href":"https:\/\/api.w.org\/{rel}","templated":true}]}}