{"id":28292,"date":"2018-11-27T09:32:40","date_gmt":"2018-11-27T08:32:40","guid":{"rendered":"https:\/\/innow.pl\/produkt\/polwalek-rehabilitacyjny\/"},"modified":"2026-02-17T10:37:55","modified_gmt":"2026-02-17T09:37:55","slug":"polwalek-rehabilitacyjny","status":"publish","type":"product","link":"https:\/\/innow.pl\/en\/produkt\/polwalek-rehabilitacyjny\/","title":{"rendered":"P\u00f3\u0142wa\u0142ek rehabilitacyjny"},"content":{"rendered":"<p>P\u00f3\u0142wa\u0142ki b\u0119d\u0105ce akcesorium przydatnym podczas r\u00f3\u017cnych zabieg\u00f3w rehabilitacyjnych, masa\u017cu, itp. Wspomagaj\u0105 podczas terapii \u0142agodz\u0105cych skutki uraz\u00f3w oraz chor\u00f3b.<\/p>\n","protected":false},"excerpt":{"rendered":"<p>P\u00f3\u0142wa\u0142ki b\u0119d\u0105ce akcesorium przydatnym podczas r\u00f3\u017cnych zabieg\u00f3w rehabilitacyjnych, masa\u017cu, itp. Wspomagaj\u0105 podczas terapii \u0142agodz\u0105cych skutki uraz\u00f3w oraz chor\u00f3b.<\/p>\n","protected":false},"featured_media":28295,"comment_status":"open","ping_status":"closed","template":"","meta":{"_acf_changed":false},"product_brand":[],"product_cat":[460,438,459,456],"product_tag":[],"class_list":{"0":"post-28292","1":"product","2":"type-product","3":"status-publish","4":"has-post-thumbnail","6":"product_cat-kliny-walki-i-polwalki-rehabilitacyjne","7":"product_cat-pielegnacja-i-rehabilitacja","8":"product_cat-sprzet-do-kinezyterapii","9":"product_cat-urzadzenia-do-fizjoterapii","10":"pa_wymiary-32-x-25-x-7-cm","11":"pa_wymiary-60-x-15-x-10-cm","12":"pa_wymiary-60-x-18-x-12-cm","13":"pa_wymiary-60-x-19-x-9-cm","14":"pa_wymiary-60-x-30-x-15-cm","16":"first","17":"instock","18":"taxable","19":"shipping-taxable","20":"purchasable","21":"product-type-variable"},"acf":[],"yoast_head":"<!-- This site is optimized with the Yoast SEO plugin v27.4 - https:\/\/yoast.com\/product\/yoast-seo-wordpress\/ -->\n<title>P\u00f3\u0142wa\u0142ek rehabilitacyjny - INNOW<\/title>\n<meta name=\"description\" content=\"Przydatny podczas \u0107wicze\u0144 terapeutyczny, starannie wykonany p\u00f3\u0142wa\u0142ek rehabilitacyjny. Dost\u0119pne r\u00f3wne wymiary. Niezb\u0119dne akcesorium rehabilitanta! Zobacz!\" \/>\n<meta name=\"robots\" content=\"index, follow, max-snippet:-1, max-image-preview:large, max-video-preview:-1\" \/>\n<link rel=\"canonical\" href=\"https:\/\/innow.pl\/produkt\/polwalek-rehabilitacyjny\/\" \/>\n<meta property=\"og:locale\" content=\"en_US\" \/>\n<meta property=\"og:type\" content=\"article\" \/>\n<meta property=\"og:title\" content=\"P\u00f3\u0142wa\u0142ek rehabilitacyjny - INNOW\" \/>\n<meta property=\"og:description\" content=\"Przydatny podczas \u0107wicze\u0144 terapeutyczny, starannie wykonany p\u00f3\u0142wa\u0142ek rehabilitacyjny. Dost\u0119pne r\u00f3wne wymiary. Niezb\u0119dne akcesorium rehabilitanta! Zobacz!\" \/>\n<meta property=\"og:url\" content=\"https:\/\/innow.pl\/produkt\/polwalek-rehabilitacyjny\/\" \/>\n<meta property=\"og:site_name\" content=\"INNOW\" \/>\n<meta property=\"article:modified_time\" content=\"2026-02-17T09:37:55+00:00\" \/>\n<meta property=\"og:image\" content=\"https:\/\/innow.pl\/wp-content\/uploads\/2024\/11\/polwalki_1.jpg\" \/>\n\t<meta property=\"og:image:width\" content=\"480\" \/>\n\t<meta property=\"og:image:height\" content=\"480\" \/>\n\t<meta property=\"og:image:type\" content=\"image\/jpeg\" \/>\n<meta name=\"twitter:card\" content=\"summary_large_image\" \/>\n<meta name=\"twitter:label1\" content=\"Est. reading time\" \/>\n\t<meta name=\"twitter:data1\" content=\"1 minute\" \/>\n<script type=\"application\/ld+json\" class=\"yoast-schema-graph\">{\"@context\":\"https:\\\/\\\/schema.org\",\"@graph\":[{\"@type\":\"WebPage\",\"@id\":\"https:\\\/\\\/innow.pl\\\/produkt\\\/polwalek-rehabilitacyjny\\\/\",\"url\":\"https:\\\/\\\/innow.pl\\\/produkt\\\/polwalek-rehabilitacyjny\\\/\",\"name\":\"P\u00f3\u0142wa\u0142ek rehabilitacyjny - INNOW\",\"isPartOf\":{\"@id\":\"https:\\\/\\\/innow.pl\\\/#website\"},\"primaryImageOfPage\":{\"@id\":\"https:\\\/\\\/innow.pl\\\/produkt\\\/polwalek-rehabilitacyjny\\\/#primaryimage\"},\"image\":{\"@id\":\"https:\\\/\\\/innow.pl\\\/produkt\\\/polwalek-rehabilitacyjny\\\/#primaryimage\"},\"thumbnailUrl\":\"https:\\\/\\\/innow.pl\\\/wp-content\\\/uploads\\\/2024\\\/11\\\/polwalki_1.jpg\",\"datePublished\":\"2018-11-27T08:32:40+00:00\",\"dateModified\":\"2026-02-17T09:37:55+00:00\",\"description\":\"Przydatny podczas \u0107wicze\u0144 terapeutyczny, starannie wykonany p\u00f3\u0142wa\u0142ek rehabilitacyjny. Dost\u0119pne r\u00f3wne wymiary. Niezb\u0119dne akcesorium rehabilitanta! Zobacz!\",\"breadcrumb\":{\"@id\":\"https:\\\/\\\/innow.pl\\\/produkt\\\/polwalek-rehabilitacyjny\\\/#breadcrumb\"},\"inLanguage\":\"en-US\",\"potentialAction\":[{\"@type\":\"ReadAction\",\"target\":[\"https:\\\/\\\/innow.pl\\\/produkt\\\/polwalek-rehabilitacyjny\\\/\"]}]},{\"@type\":\"ImageObject\",\"inLanguage\":\"en-US\",\"@id\":\"https:\\\/\\\/innow.pl\\\/produkt\\\/polwalek-rehabilitacyjny\\\/#primaryimage\",\"url\":\"https:\\\/\\\/innow.pl\\\/wp-content\\\/uploads\\\/2024\\\/11\\\/polwalki_1.jpg\",\"contentUrl\":\"https:\\\/\\\/innow.pl\\\/wp-content\\\/uploads\\\/2024\\\/11\\\/polwalki_1.jpg\",\"width\":480,\"height\":480,\"caption\":\"P\u00f3\u0142wa\u0142ek rehabilitacyjny - INNOW\"},{\"@type\":\"BreadcrumbList\",\"@id\":\"https:\\\/\\\/innow.pl\\\/produkt\\\/polwalek-rehabilitacyjny\\\/#breadcrumb\",\"itemListElement\":[{\"@type\":\"ListItem\",\"position\":1,\"name\":\"INNOW\",\"item\":\"https:\\\/\\\/innow.pl\\\/en\\\/\"},{\"@type\":\"ListItem\",\"position\":2,\"name\":\"Produkty\",\"item\":\"https:\\\/\\\/innow.pl\\\/produkty\\\/\"},{\"@type\":\"ListItem\",\"position\":3,\"name\":\"Piel\u0119gnacja i rehabilitacja\",\"item\":\"https:\\\/\\\/innow.pl\\\/produkty\\\/pielegnacja-i-rehabilitacja\\\/\"},{\"@type\":\"ListItem\",\"position\":4,\"name\":\"Urz\u0105dzenia do fizjoterapii\",\"item\":\"https:\\\/\\\/innow.pl\\\/produkty\\\/pielegnacja-i-rehabilitacja\\\/urzadzenia-do-fizjoterapii\\\/\"},{\"@type\":\"ListItem\",\"position\":5,\"name\":\"Sprz\u0119t do kinezyterapii\",\"item\":\"https:\\\/\\\/innow.pl\\\/produkty\\\/pielegnacja-i-rehabilitacja\\\/urzadzenia-do-fizjoterapii\\\/sprzet-do-kinezyterapii\\\/\"},{\"@type\":\"ListItem\",\"position\":6,\"name\":\"Kliny, wa\u0142ki i p\u00f3\u0142wa\u0142ki rehabilitacyjne\",\"item\":\"https:\\\/\\\/innow.pl\\\/produkty\\\/pielegnacja-i-rehabilitacja\\\/urzadzenia-do-fizjoterapii\\\/sprzet-do-kinezyterapii\\\/kliny-walki-i-polwalki-rehabilitacyjne\\\/\"},{\"@type\":\"ListItem\",\"position\":7,\"name\":\"P\u00f3\u0142wa\u0142ek rehabilitacyjny\"}]},{\"@type\":\"WebSite\",\"@id\":\"https:\\\/\\\/innow.pl\\\/#website\",\"url\":\"https:\\\/\\\/innow.pl\\\/\",\"name\":\"INNOW\",\"description\":\"\",\"potentialAction\":[{\"@type\":\"SearchAction\",\"target\":{\"@type\":\"EntryPoint\",\"urlTemplate\":\"https:\\\/\\\/innow.pl\\\/?s={search_term_string}\"},\"query-input\":{\"@type\":\"PropertyValueSpecification\",\"valueRequired\":true,\"valueName\":\"search_term_string\"}}],\"inLanguage\":\"en-US\"}]}<\/script>\n<!-- \/ Yoast SEO plugin. -->","yoast_head_json":{"title":"P\u00f3\u0142wa\u0142ek rehabilitacyjny - INNOW","description":"Przydatny podczas \u0107wicze\u0144 terapeutyczny, starannie wykonany p\u00f3\u0142wa\u0142ek rehabilitacyjny. Dost\u0119pne r\u00f3wne wymiary. Niezb\u0119dne akcesorium rehabilitanta! Zobacz!","robots":{"index":"index","follow":"follow","max-snippet":"max-snippet:-1","max-image-preview":"max-image-preview:large","max-video-preview":"max-video-preview:-1"},"canonical":"https:\/\/innow.pl\/produkt\/polwalek-rehabilitacyjny\/","og_locale":"en_US","og_type":"article","og_title":"P\u00f3\u0142wa\u0142ek rehabilitacyjny - INNOW","og_description":"Przydatny podczas \u0107wicze\u0144 terapeutyczny, starannie wykonany p\u00f3\u0142wa\u0142ek rehabilitacyjny. Dost\u0119pne r\u00f3wne wymiary. Niezb\u0119dne akcesorium rehabilitanta! Zobacz!","og_url":"https:\/\/innow.pl\/produkt\/polwalek-rehabilitacyjny\/","og_site_name":"INNOW","article_modified_time":"2026-02-17T09:37:55+00:00","og_image":[{"width":480,"height":480,"url":"https:\/\/innow.pl\/wp-content\/uploads\/2024\/11\/polwalki_1.jpg","type":"image\/jpeg"}],"twitter_card":"summary_large_image","twitter_misc":{"Est. reading time":"1 minute"},"schema":{"@context":"https:\/\/schema.org","@graph":[{"@type":"WebPage","@id":"https:\/\/innow.pl\/produkt\/polwalek-rehabilitacyjny\/","url":"https:\/\/innow.pl\/produkt\/polwalek-rehabilitacyjny\/","name":"P\u00f3\u0142wa\u0142ek rehabilitacyjny - INNOW","isPartOf":{"@id":"https:\/\/innow.pl\/#website"},"primaryImageOfPage":{"@id":"https:\/\/innow.pl\/produkt\/polwalek-rehabilitacyjny\/#primaryimage"},"image":{"@id":"https:\/\/innow.pl\/produkt\/polwalek-rehabilitacyjny\/#primaryimage"},"thumbnailUrl":"https:\/\/innow.pl\/wp-content\/uploads\/2024\/11\/polwalki_1.jpg","datePublished":"2018-11-27T08:32:40+00:00","dateModified":"2026-02-17T09:37:55+00:00","description":"Przydatny podczas \u0107wicze\u0144 terapeutyczny, starannie wykonany p\u00f3\u0142wa\u0142ek rehabilitacyjny. Dost\u0119pne r\u00f3wne wymiary. Niezb\u0119dne akcesorium rehabilitanta! Zobacz!","breadcrumb":{"@id":"https:\/\/innow.pl\/produkt\/polwalek-rehabilitacyjny\/#breadcrumb"},"inLanguage":"en-US","potentialAction":[{"@type":"ReadAction","target":["https:\/\/innow.pl\/produkt\/polwalek-rehabilitacyjny\/"]}]},{"@type":"ImageObject","inLanguage":"en-US","@id":"https:\/\/innow.pl\/produkt\/polwalek-rehabilitacyjny\/#primaryimage","url":"https:\/\/innow.pl\/wp-content\/uploads\/2024\/11\/polwalki_1.jpg","contentUrl":"https:\/\/innow.pl\/wp-content\/uploads\/2024\/11\/polwalki_1.jpg","width":480,"height":480,"caption":"P\u00f3\u0142wa\u0142ek rehabilitacyjny - INNOW"},{"@type":"BreadcrumbList","@id":"https:\/\/innow.pl\/produkt\/polwalek-rehabilitacyjny\/#breadcrumb","itemListElement":[{"@type":"ListItem","position":1,"name":"INNOW","item":"https:\/\/innow.pl\/en\/"},{"@type":"ListItem","position":2,"name":"Produkty","item":"https:\/\/innow.pl\/produkty\/"},{"@type":"ListItem","position":3,"name":"Piel\u0119gnacja i rehabilitacja","item":"https:\/\/innow.pl\/produkty\/pielegnacja-i-rehabilitacja\/"},{"@type":"ListItem","position":4,"name":"Urz\u0105dzenia do fizjoterapii","item":"https:\/\/innow.pl\/produkty\/pielegnacja-i-rehabilitacja\/urzadzenia-do-fizjoterapii\/"},{"@type":"ListItem","position":5,"name":"Sprz\u0119t do kinezyterapii","item":"https:\/\/innow.pl\/produkty\/pielegnacja-i-rehabilitacja\/urzadzenia-do-fizjoterapii\/sprzet-do-kinezyterapii\/"},{"@type":"ListItem","position":6,"name":"Kliny, wa\u0142ki i p\u00f3\u0142wa\u0142ki rehabilitacyjne","item":"https:\/\/innow.pl\/produkty\/pielegnacja-i-rehabilitacja\/urzadzenia-do-fizjoterapii\/sprzet-do-kinezyterapii\/kliny-walki-i-polwalki-rehabilitacyjne\/"},{"@type":"ListItem","position":7,"name":"P\u00f3\u0142wa\u0142ek rehabilitacyjny"}]},{"@type":"WebSite","@id":"https:\/\/innow.pl\/#website","url":"https:\/\/innow.pl\/","name":"INNOW","description":"","potentialAction":[{"@type":"SearchAction","target":{"@type":"EntryPoint","urlTemplate":"https:\/\/innow.pl\/?s={search_term_string}"},"query-input":{"@type":"PropertyValueSpecification","valueRequired":true,"valueName":"search_term_string"}}],"inLanguage":"en-US"}]}},"_links":{"self":[{"href":"https:\/\/innow.pl\/en\/wp-json\/wp\/v2\/product\/28292","targetHints":{"allow":["GET"]}}],"collection":[{"href":"https:\/\/innow.pl\/en\/wp-json\/wp\/v2\/product"}],"about":[{"href":"https:\/\/innow.pl\/en\/wp-json\/wp\/v2\/types\/product"}],"replies":[{"embeddable":true,"href":"https:\/\/innow.pl\/en\/wp-json\/wp\/v2\/comments?post=28292"}],"wp:featuredmedia":[{"embeddable":true,"href":"https:\/\/innow.pl\/en\/wp-json\/wp\/v2\/media\/28295"}],"wp:attachment":[{"href":"https:\/\/innow.pl\/en\/wp-json\/wp\/v2\/media?parent=28292"}],"wp:term":[{"taxonomy":"product_brand","embeddable":true,"href":"https:\/\/innow.pl\/en\/wp-json\/wp\/v2\/product_brand?post=28292"},{"taxonomy":"product_cat","embeddable":true,"href":"https:\/\/innow.pl\/en\/wp-json\/wp\/v2\/product_cat?post=28292"},{"taxonomy":"product_tag","embeddable":true,"href":"https:\/\/innow.pl\/en\/wp-json\/wp\/v2\/product_tag?post=28292"}],"curies":[{"name":"wp","href":"https:\/\/api.w.org\/{rel}","templated":true}]}}