{"id":28200,"date":"2018-11-22T13:11:54","date_gmt":"2018-11-22T12:11:54","guid":{"rendered":"https:\/\/innow.pl\/produkt\/przescieradlo-medyczne-bibulowo-foliowe\/"},"modified":"2025-02-17T12:59:41","modified_gmt":"2025-02-17T11:59:41","slug":"przescieradlo-medyczne-bibulowo-foliowe","status":"publish","type":"product","link":"https:\/\/innow.pl\/en\/produkt\/przescieradlo-medyczne-bibulowo-foliowe\/","title":{"rendered":"Prze\u015bcierad\u0142o medyczne bibu\u0142owo-foliowe"},"content":{"rendered":"<p>Prze\u015bcierad\u0142o medyczne, w kt\u00f3rym jedna warstwa wykonana jest z folii polietylenowej, co zapewnia du\u017c\u0105 wytrzyma\u0142o\u015b\u0107. Produkt mo\u017cna zakupi\u0107 w jednym z nast\u0119puj\u0105cych kolor\u00f3w: bia\u0142y, \u017c\u00f3\u0142ty, morelowy, r\u00f3\u017cowy, wrzosowy, limonka, zielony oraz niebieski.<\/p>\n","protected":false},"excerpt":{"rendered":"<p>Prze\u015bcierad\u0142o medyczne, w kt\u00f3rym jedna warstwa wykonana jest z folii polietylenowej, co zapewnia du\u017c\u0105 wytrzyma\u0142o\u015b\u0107. Produkt mo\u017cna zakupi\u0107 w jednym z nast\u0119puj\u0105cych kolor\u00f3w: bia\u0142y, \u017c\u00f3\u0142ty, morelowy, r\u00f3\u017cowy, wrzosowy, limonka, zielony oraz niebieski.<\/p>\n","protected":false},"featured_media":28202,"comment_status":"open","ping_status":"closed","template":"","meta":{"_acf_changed":false},"product_brand":[],"product_cat":[537,438,508,481],"product_tag":[],"class_list":{"0":"post-28200","1":"product","2":"type-product","3":"status-publish","4":"has-post-thumbnail","6":"product_cat-materace-i-podklady","7":"product_cat-pielegnacja-i-rehabilitacja","8":"product_cat-wyposazenie-pomocnicze","9":"product_cat-lozka-rehabilitacyjne","10":"pa_wymiary-przescieradla-150-x-210-cm","11":"pa_wymiary-przescieradla-77-x-210-cm","13":"first","14":"instock","15":"taxable","16":"shipping-taxable","17":"purchasable","18":"product-type-variable"},"acf":[],"yoast_head":"<!-- This site is optimized with the Yoast SEO plugin v27.4 - https:\/\/yoast.com\/product\/yoast-seo-wordpress\/ -->\n<title>Prze\u015bcierad\u0142o medyczne bibu\u0142owo-foliowe - INNOW<\/title>\n<meta name=\"description\" content=\"Niezb\u0119dne wyposa\u017cenie! Prze\u015bcierad\u0142o medyczne bibu\u0142owo-foliowe do zachowania czysto\u015bci na powierzchni mebli medycznych. Sprawd\u017a!\" \/>\n<meta name=\"robots\" content=\"index, follow, max-snippet:-1, max-image-preview:large, max-video-preview:-1\" \/>\n<link rel=\"canonical\" href=\"https:\/\/innow.pl\/produkt\/przescieradlo-medyczne-bibulowo-foliowe\/\" \/>\n<meta property=\"og:locale\" content=\"en_US\" \/>\n<meta property=\"og:type\" content=\"article\" \/>\n<meta property=\"og:title\" content=\"Prze\u015bcierad\u0142o medyczne bibu\u0142owo-foliowe - INNOW\" \/>\n<meta property=\"og:description\" content=\"Niezb\u0119dne wyposa\u017cenie! Prze\u015bcierad\u0142o medyczne bibu\u0142owo-foliowe do zachowania czysto\u015bci na powierzchni mebli medycznych. Sprawd\u017a!\" \/>\n<meta property=\"og:url\" content=\"https:\/\/innow.pl\/produkt\/przescieradlo-medyczne-bibulowo-foliowe\/\" \/>\n<meta property=\"og:site_name\" content=\"INNOW\" \/>\n<meta property=\"article:modified_time\" content=\"2025-02-17T11:59:41+00:00\" \/>\n<meta property=\"og:image\" content=\"https:\/\/innow.pl\/wp-content\/uploads\/2024\/11\/PM.jpg\" \/>\n\t<meta property=\"og:image:width\" content=\"480\" \/>\n\t<meta property=\"og:image:height\" content=\"480\" \/>\n\t<meta property=\"og:image:type\" content=\"image\/jpeg\" \/>\n<meta name=\"twitter:card\" content=\"summary_large_image\" \/>\n<meta name=\"twitter:label1\" content=\"Est. reading time\" \/>\n\t<meta name=\"twitter:data1\" content=\"1 minute\" \/>\n<script type=\"application\/ld+json\" class=\"yoast-schema-graph\">{\"@context\":\"https:\\\/\\\/schema.org\",\"@graph\":[{\"@type\":\"WebPage\",\"@id\":\"https:\\\/\\\/innow.pl\\\/produkt\\\/przescieradlo-medyczne-bibulowo-foliowe\\\/\",\"url\":\"https:\\\/\\\/innow.pl\\\/produkt\\\/przescieradlo-medyczne-bibulowo-foliowe\\\/\",\"name\":\"Prze\u015bcierad\u0142o medyczne bibu\u0142owo-foliowe - INNOW\",\"isPartOf\":{\"@id\":\"https:\\\/\\\/innow.pl\\\/#website\"},\"primaryImageOfPage\":{\"@id\":\"https:\\\/\\\/innow.pl\\\/produkt\\\/przescieradlo-medyczne-bibulowo-foliowe\\\/#primaryimage\"},\"image\":{\"@id\":\"https:\\\/\\\/innow.pl\\\/produkt\\\/przescieradlo-medyczne-bibulowo-foliowe\\\/#primaryimage\"},\"thumbnailUrl\":\"https:\\\/\\\/innow.pl\\\/wp-content\\\/uploads\\\/2024\\\/11\\\/PM.jpg\",\"datePublished\":\"2018-11-22T12:11:54+00:00\",\"dateModified\":\"2025-02-17T11:59:41+00:00\",\"description\":\"Niezb\u0119dne wyposa\u017cenie! Prze\u015bcierad\u0142o medyczne bibu\u0142owo-foliowe do zachowania czysto\u015bci na powierzchni mebli medycznych. Sprawd\u017a!\",\"breadcrumb\":{\"@id\":\"https:\\\/\\\/innow.pl\\\/produkt\\\/przescieradlo-medyczne-bibulowo-foliowe\\\/#breadcrumb\"},\"inLanguage\":\"en-US\",\"potentialAction\":[{\"@type\":\"ReadAction\",\"target\":[\"https:\\\/\\\/innow.pl\\\/produkt\\\/przescieradlo-medyczne-bibulowo-foliowe\\\/\"]}]},{\"@type\":\"ImageObject\",\"inLanguage\":\"en-US\",\"@id\":\"https:\\\/\\\/innow.pl\\\/produkt\\\/przescieradlo-medyczne-bibulowo-foliowe\\\/#primaryimage\",\"url\":\"https:\\\/\\\/innow.pl\\\/wp-content\\\/uploads\\\/2024\\\/11\\\/PM.jpg\",\"contentUrl\":\"https:\\\/\\\/innow.pl\\\/wp-content\\\/uploads\\\/2024\\\/11\\\/PM.jpg\",\"width\":480,\"height\":480,\"caption\":\"Prze\u015bcierad\u0142o medyczne bibu\u0142owo-foliowe 77x210 cm \u2013 PM77 \u2013 INNOW\"},{\"@type\":\"BreadcrumbList\",\"@id\":\"https:\\\/\\\/innow.pl\\\/produkt\\\/przescieradlo-medyczne-bibulowo-foliowe\\\/#breadcrumb\",\"itemListElement\":[{\"@type\":\"ListItem\",\"position\":1,\"name\":\"INNOW\",\"item\":\"https:\\\/\\\/innow.pl\\\/en\\\/\"},{\"@type\":\"ListItem\",\"position\":2,\"name\":\"Produkty\",\"item\":\"https:\\\/\\\/innow.pl\\\/produkty\\\/\"},{\"@type\":\"ListItem\",\"position\":3,\"name\":\"Piel\u0119gnacja i rehabilitacja\",\"item\":\"https:\\\/\\\/innow.pl\\\/produkty\\\/pielegnacja-i-rehabilitacja\\\/\"},{\"@type\":\"ListItem\",\"position\":4,\"name\":\"\u0141\u00f3\u017cka rehabilitacyjne\",\"item\":\"https:\\\/\\\/innow.pl\\\/produkty\\\/pielegnacja-i-rehabilitacja\\\/lozka-rehabilitacyjne\\\/\"},{\"@type\":\"ListItem\",\"position\":5,\"name\":\"Wyposa\u017cenie pomocnicze\",\"item\":\"https:\\\/\\\/innow.pl\\\/produkty\\\/pielegnacja-i-rehabilitacja\\\/lozka-rehabilitacyjne\\\/wyposazenie-pomocnicze\\\/\"},{\"@type\":\"ListItem\",\"position\":6,\"name\":\"Materace i podk\u0142ady\",\"item\":\"https:\\\/\\\/innow.pl\\\/produkty\\\/pielegnacja-i-rehabilitacja\\\/lozka-rehabilitacyjne\\\/wyposazenie-pomocnicze\\\/materace-i-podklady\\\/\"},{\"@type\":\"ListItem\",\"position\":7,\"name\":\"Prze\u015bcierad\u0142o medyczne bibu\u0142owo-foliowe\"}]},{\"@type\":\"WebSite\",\"@id\":\"https:\\\/\\\/innow.pl\\\/#website\",\"url\":\"https:\\\/\\\/innow.pl\\\/\",\"name\":\"INNOW\",\"description\":\"\",\"potentialAction\":[{\"@type\":\"SearchAction\",\"target\":{\"@type\":\"EntryPoint\",\"urlTemplate\":\"https:\\\/\\\/innow.pl\\\/?s={search_term_string}\"},\"query-input\":{\"@type\":\"PropertyValueSpecification\",\"valueRequired\":true,\"valueName\":\"search_term_string\"}}],\"inLanguage\":\"en-US\"}]}<\/script>\n<!-- \/ Yoast SEO plugin. -->","yoast_head_json":{"title":"Prze\u015bcierad\u0142o medyczne bibu\u0142owo-foliowe - INNOW","description":"Niezb\u0119dne wyposa\u017cenie! Prze\u015bcierad\u0142o medyczne bibu\u0142owo-foliowe do zachowania czysto\u015bci na powierzchni mebli medycznych. Sprawd\u017a!","robots":{"index":"index","follow":"follow","max-snippet":"max-snippet:-1","max-image-preview":"max-image-preview:large","max-video-preview":"max-video-preview:-1"},"canonical":"https:\/\/innow.pl\/produkt\/przescieradlo-medyczne-bibulowo-foliowe\/","og_locale":"en_US","og_type":"article","og_title":"Prze\u015bcierad\u0142o medyczne bibu\u0142owo-foliowe - INNOW","og_description":"Niezb\u0119dne wyposa\u017cenie! Prze\u015bcierad\u0142o medyczne bibu\u0142owo-foliowe do zachowania czysto\u015bci na powierzchni mebli medycznych. Sprawd\u017a!","og_url":"https:\/\/innow.pl\/produkt\/przescieradlo-medyczne-bibulowo-foliowe\/","og_site_name":"INNOW","article_modified_time":"2025-02-17T11:59:41+00:00","og_image":[{"width":480,"height":480,"url":"https:\/\/innow.pl\/wp-content\/uploads\/2024\/11\/PM.jpg","type":"image\/jpeg"}],"twitter_card":"summary_large_image","twitter_misc":{"Est. reading time":"1 minute"},"schema":{"@context":"https:\/\/schema.org","@graph":[{"@type":"WebPage","@id":"https:\/\/innow.pl\/produkt\/przescieradlo-medyczne-bibulowo-foliowe\/","url":"https:\/\/innow.pl\/produkt\/przescieradlo-medyczne-bibulowo-foliowe\/","name":"Prze\u015bcierad\u0142o medyczne bibu\u0142owo-foliowe - INNOW","isPartOf":{"@id":"https:\/\/innow.pl\/#website"},"primaryImageOfPage":{"@id":"https:\/\/innow.pl\/produkt\/przescieradlo-medyczne-bibulowo-foliowe\/#primaryimage"},"image":{"@id":"https:\/\/innow.pl\/produkt\/przescieradlo-medyczne-bibulowo-foliowe\/#primaryimage"},"thumbnailUrl":"https:\/\/innow.pl\/wp-content\/uploads\/2024\/11\/PM.jpg","datePublished":"2018-11-22T12:11:54+00:00","dateModified":"2025-02-17T11:59:41+00:00","description":"Niezb\u0119dne wyposa\u017cenie! Prze\u015bcierad\u0142o medyczne bibu\u0142owo-foliowe do zachowania czysto\u015bci na powierzchni mebli medycznych. Sprawd\u017a!","breadcrumb":{"@id":"https:\/\/innow.pl\/produkt\/przescieradlo-medyczne-bibulowo-foliowe\/#breadcrumb"},"inLanguage":"en-US","potentialAction":[{"@type":"ReadAction","target":["https:\/\/innow.pl\/produkt\/przescieradlo-medyczne-bibulowo-foliowe\/"]}]},{"@type":"ImageObject","inLanguage":"en-US","@id":"https:\/\/innow.pl\/produkt\/przescieradlo-medyczne-bibulowo-foliowe\/#primaryimage","url":"https:\/\/innow.pl\/wp-content\/uploads\/2024\/11\/PM.jpg","contentUrl":"https:\/\/innow.pl\/wp-content\/uploads\/2024\/11\/PM.jpg","width":480,"height":480,"caption":"Prze\u015bcierad\u0142o medyczne bibu\u0142owo-foliowe 77x210 cm \u2013 PM77 \u2013 INNOW"},{"@type":"BreadcrumbList","@id":"https:\/\/innow.pl\/produkt\/przescieradlo-medyczne-bibulowo-foliowe\/#breadcrumb","itemListElement":[{"@type":"ListItem","position":1,"name":"INNOW","item":"https:\/\/innow.pl\/en\/"},{"@type":"ListItem","position":2,"name":"Produkty","item":"https:\/\/innow.pl\/produkty\/"},{"@type":"ListItem","position":3,"name":"Piel\u0119gnacja i rehabilitacja","item":"https:\/\/innow.pl\/produkty\/pielegnacja-i-rehabilitacja\/"},{"@type":"ListItem","position":4,"name":"\u0141\u00f3\u017cka rehabilitacyjne","item":"https:\/\/innow.pl\/produkty\/pielegnacja-i-rehabilitacja\/lozka-rehabilitacyjne\/"},{"@type":"ListItem","position":5,"name":"Wyposa\u017cenie pomocnicze","item":"https:\/\/innow.pl\/produkty\/pielegnacja-i-rehabilitacja\/lozka-rehabilitacyjne\/wyposazenie-pomocnicze\/"},{"@type":"ListItem","position":6,"name":"Materace i podk\u0142ady","item":"https:\/\/innow.pl\/produkty\/pielegnacja-i-rehabilitacja\/lozka-rehabilitacyjne\/wyposazenie-pomocnicze\/materace-i-podklady\/"},{"@type":"ListItem","position":7,"name":"Prze\u015bcierad\u0142o medyczne bibu\u0142owo-foliowe"}]},{"@type":"WebSite","@id":"https:\/\/innow.pl\/#website","url":"https:\/\/innow.pl\/","name":"INNOW","description":"","potentialAction":[{"@type":"SearchAction","target":{"@type":"EntryPoint","urlTemplate":"https:\/\/innow.pl\/?s={search_term_string}"},"query-input":{"@type":"PropertyValueSpecification","valueRequired":true,"valueName":"search_term_string"}}],"inLanguage":"en-US"}]}},"_links":{"self":[{"href":"https:\/\/innow.pl\/en\/wp-json\/wp\/v2\/product\/28200","targetHints":{"allow":["GET"]}}],"collection":[{"href":"https:\/\/innow.pl\/en\/wp-json\/wp\/v2\/product"}],"about":[{"href":"https:\/\/innow.pl\/en\/wp-json\/wp\/v2\/types\/product"}],"replies":[{"embeddable":true,"href":"https:\/\/innow.pl\/en\/wp-json\/wp\/v2\/comments?post=28200"}],"wp:featuredmedia":[{"embeddable":true,"href":"https:\/\/innow.pl\/en\/wp-json\/wp\/v2\/media\/28202"}],"wp:attachment":[{"href":"https:\/\/innow.pl\/en\/wp-json\/wp\/v2\/media?parent=28200"}],"wp:term":[{"taxonomy":"product_brand","embeddable":true,"href":"https:\/\/innow.pl\/en\/wp-json\/wp\/v2\/product_brand?post=28200"},{"taxonomy":"product_cat","embeddable":true,"href":"https:\/\/innow.pl\/en\/wp-json\/wp\/v2\/product_cat?post=28200"},{"taxonomy":"product_tag","embeddable":true,"href":"https:\/\/innow.pl\/en\/wp-json\/wp\/v2\/product_tag?post=28200"}],"curies":[{"name":"wp","href":"https:\/\/api.w.org\/{rel}","templated":true}]}}