{"id":28158,"date":"2018-11-14T13:43:36","date_gmt":"2018-11-14T12:43:36","guid":{"rendered":"https:\/\/innow.pl\/produkt\/p806-orws-yellow-parawan-medyczny-zmywalny-teleskopowy-przejezdny-dl-210-cm\/"},"modified":"2025-06-24T12:37:48","modified_gmt":"2025-06-24T10:37:48","slug":"p806-orws-yellow-parawan-medyczny-zmywalny-teleskopowy-przejezdny-dl-210-cm","status":"publish","type":"product","link":"https:\/\/innow.pl\/en\/produkt\/p806-orws-yellow-parawan-medyczny-zmywalny-teleskopowy-przejezdny-dl-210-cm\/","title":{"rendered":"P806 [ORWS YELLOW] &#8211; Parawan medyczny, materia\u0142 impregnowany, teleskopowy, przejezdny, d\u0142. 210 cm"},"content":{"rendered":"<p style=\"text-align: left\">Parawan teleskopowy z ekranem w \u017c\u00f3\u0142tym kolorze. Posiada 4 k\u00f3\u0142kach, przy czym 2 przeciwstawnych posiadaj\u0105 hamulce.<\/p>\n<p style=\"text-align: left\">Szczeg\u00f3\u0142owy opis wyrobu tego typu znajduje si\u0119 pod linkiem: <strong><a style=\"color: #00c6e5\" href=\"https:\/\/innow.pl\/produkt\/p806-parawan-medyczny-zmywalny-teleskopowy-przejezdny-dl-210cm\/\">P806<\/a><\/strong><\/p>\n","protected":false},"excerpt":{"rendered":"<p>Parawan teleskopowy z ekranem w \u017c\u00f3\u0142tym kolorze. Posiada 4 k\u00f3\u0142kach, przy czym 2 przeciwstawnych posiadaj\u0105 hamulce. Szczeg\u00f3\u0142owy opis wyrobu tego typu znajduje si\u0119 pod linkiem: P806<\/p>\n","protected":false},"featured_media":28160,"comment_status":"open","ping_status":"closed","template":"","meta":{"_acf_changed":false},"product_brand":[],"product_cat":[1286,393],"product_tag":[],"class_list":{"0":"post-28158","1":"product","2":"type-product","3":"status-publish","4":"has-post-thumbnail","6":"product_cat-meble-medyczne-od-reki-w-salonie","7":"product_cat-od-reki-w-salonie","9":"first","10":"instock","11":"taxable","12":"shipping-taxable","13":"purchasable","14":"product-type-simple"},"acf":[],"yoast_head":"<!-- This site is optimized with the Yoast SEO plugin v27.4 - https:\/\/yoast.com\/product\/yoast-seo-wordpress\/ -->\n<title>P806 [ORWS YELLOW] - Parawan medyczny, materia\u0142 impregnowany, teleskopowy, przejezdny, d\u0142. 210 cm - INNOW<\/title>\n<meta name=\"robots\" content=\"index, follow, max-snippet:-1, max-image-preview:large, max-video-preview:-1\" \/>\n<link rel=\"canonical\" href=\"https:\/\/innow.pl\/produkt\/p806-orws-yellow-parawan-medyczny-zmywalny-teleskopowy-przejezdny-dl-210-cm\/\" \/>\n<meta property=\"og:locale\" content=\"en_US\" \/>\n<meta property=\"og:type\" content=\"article\" \/>\n<meta property=\"og:title\" content=\"P806 [ORWS YELLOW] - Parawan medyczny, materia\u0142 impregnowany, teleskopowy, przejezdny, d\u0142. 210 cm - INNOW\" \/>\n<meta property=\"og:description\" content=\"Parawan teleskopowy z ekranem w \u017c\u00f3\u0142tym kolorze. Posiada 4 k\u00f3\u0142kach, przy czym 2 przeciwstawnych posiadaj\u0105 hamulce. Szczeg\u00f3\u0142owy opis wyrobu tego typu znajduje si\u0119 pod linkiem: P806\" \/>\n<meta property=\"og:url\" content=\"https:\/\/innow.pl\/produkt\/p806-orws-yellow-parawan-medyczny-zmywalny-teleskopowy-przejezdny-dl-210-cm\/\" \/>\n<meta property=\"og:site_name\" content=\"INNOW\" \/>\n<meta property=\"article:modified_time\" content=\"2025-06-24T10:37:48+00:00\" \/>\n<meta property=\"og:image\" content=\"https:\/\/innow.pl\/wp-content\/uploads\/2024\/11\/P806_ORWS_YELLOW_1.jpg\" \/>\n\t<meta property=\"og:image:width\" content=\"480\" \/>\n\t<meta property=\"og:image:height\" content=\"480\" \/>\n\t<meta property=\"og:image:type\" content=\"image\/jpeg\" \/>\n<meta name=\"twitter:card\" content=\"summary_large_image\" \/>\n<meta name=\"twitter:label1\" content=\"Est. reading time\" \/>\n\t<meta name=\"twitter:data1\" content=\"1 minute\" \/>\n<script type=\"application\/ld+json\" class=\"yoast-schema-graph\">{\"@context\":\"https:\\\/\\\/schema.org\",\"@graph\":[{\"@type\":\"WebPage\",\"@id\":\"https:\\\/\\\/innow.pl\\\/produkt\\\/p806-orws-yellow-parawan-medyczny-zmywalny-teleskopowy-przejezdny-dl-210-cm\\\/\",\"url\":\"https:\\\/\\\/innow.pl\\\/produkt\\\/p806-orws-yellow-parawan-medyczny-zmywalny-teleskopowy-przejezdny-dl-210-cm\\\/\",\"name\":\"P806 [ORWS YELLOW] - Parawan medyczny, materia\u0142 impregnowany, teleskopowy, przejezdny, d\u0142. 210 cm - INNOW\",\"isPartOf\":{\"@id\":\"https:\\\/\\\/innow.pl\\\/#website\"},\"primaryImageOfPage\":{\"@id\":\"https:\\\/\\\/innow.pl\\\/produkt\\\/p806-orws-yellow-parawan-medyczny-zmywalny-teleskopowy-przejezdny-dl-210-cm\\\/#primaryimage\"},\"image\":{\"@id\":\"https:\\\/\\\/innow.pl\\\/produkt\\\/p806-orws-yellow-parawan-medyczny-zmywalny-teleskopowy-przejezdny-dl-210-cm\\\/#primaryimage\"},\"thumbnailUrl\":\"https:\\\/\\\/innow.pl\\\/wp-content\\\/uploads\\\/2024\\\/11\\\/P806_ORWS_YELLOW_1.jpg\",\"datePublished\":\"2018-11-14T12:43:36+00:00\",\"dateModified\":\"2025-06-24T10:37:48+00:00\",\"breadcrumb\":{\"@id\":\"https:\\\/\\\/innow.pl\\\/produkt\\\/p806-orws-yellow-parawan-medyczny-zmywalny-teleskopowy-przejezdny-dl-210-cm\\\/#breadcrumb\"},\"inLanguage\":\"en-US\",\"potentialAction\":[{\"@type\":\"ReadAction\",\"target\":[\"https:\\\/\\\/innow.pl\\\/produkt\\\/p806-orws-yellow-parawan-medyczny-zmywalny-teleskopowy-przejezdny-dl-210-cm\\\/\"]}]},{\"@type\":\"ImageObject\",\"inLanguage\":\"en-US\",\"@id\":\"https:\\\/\\\/innow.pl\\\/produkt\\\/p806-orws-yellow-parawan-medyczny-zmywalny-teleskopowy-przejezdny-dl-210-cm\\\/#primaryimage\",\"url\":\"https:\\\/\\\/innow.pl\\\/wp-content\\\/uploads\\\/2024\\\/11\\\/P806_ORWS_YELLOW_1.jpg\",\"contentUrl\":\"https:\\\/\\\/innow.pl\\\/wp-content\\\/uploads\\\/2024\\\/11\\\/P806_ORWS_YELLOW_1.jpg\",\"width\":480,\"height\":480,\"caption\":\"Parawan medyczny, zmywalny, teleskopowy, przejezdny, d\u0142. 210 cm - P806 [ORWS YELLOW] - INNOW\"},{\"@type\":\"BreadcrumbList\",\"@id\":\"https:\\\/\\\/innow.pl\\\/produkt\\\/p806-orws-yellow-parawan-medyczny-zmywalny-teleskopowy-przejezdny-dl-210-cm\\\/#breadcrumb\",\"itemListElement\":[{\"@type\":\"ListItem\",\"position\":1,\"name\":\"INNOW\",\"item\":\"https:\\\/\\\/innow.pl\\\/en\\\/\"},{\"@type\":\"ListItem\",\"position\":2,\"name\":\"Produkty\",\"item\":\"https:\\\/\\\/innow.pl\\\/produkty\\\/\"},{\"@type\":\"ListItem\",\"position\":3,\"name\":\"Od r\u0119ki w salonie\",\"item\":\"https:\\\/\\\/innow.pl\\\/produkty\\\/od-reki-w-salonie\\\/\"},{\"@type\":\"ListItem\",\"position\":4,\"name\":\"Meble medyczne\",\"item\":\"https:\\\/\\\/innow.pl\\\/produkty\\\/od-reki-w-salonie\\\/meble-medyczne-od-reki-w-salonie\\\/\"},{\"@type\":\"ListItem\",\"position\":5,\"name\":\"P806 [ORWS YELLOW] &#8211; Parawan medyczny, materia\u0142 impregnowany, teleskopowy, przejezdny, d\u0142. 210 cm\"}]},{\"@type\":\"WebSite\",\"@id\":\"https:\\\/\\\/innow.pl\\\/#website\",\"url\":\"https:\\\/\\\/innow.pl\\\/\",\"name\":\"INNOW\",\"description\":\"\",\"potentialAction\":[{\"@type\":\"SearchAction\",\"target\":{\"@type\":\"EntryPoint\",\"urlTemplate\":\"https:\\\/\\\/innow.pl\\\/?s={search_term_string}\"},\"query-input\":{\"@type\":\"PropertyValueSpecification\",\"valueRequired\":true,\"valueName\":\"search_term_string\"}}],\"inLanguage\":\"en-US\"}]}<\/script>\n<!-- \/ Yoast SEO plugin. -->","yoast_head_json":{"title":"P806 [ORWS YELLOW] - Parawan medyczny, materia\u0142 impregnowany, teleskopowy, przejezdny, d\u0142. 210 cm - INNOW","robots":{"index":"index","follow":"follow","max-snippet":"max-snippet:-1","max-image-preview":"max-image-preview:large","max-video-preview":"max-video-preview:-1"},"canonical":"https:\/\/innow.pl\/produkt\/p806-orws-yellow-parawan-medyczny-zmywalny-teleskopowy-przejezdny-dl-210-cm\/","og_locale":"en_US","og_type":"article","og_title":"P806 [ORWS YELLOW] - Parawan medyczny, materia\u0142 impregnowany, teleskopowy, przejezdny, d\u0142. 210 cm - INNOW","og_description":"Parawan teleskopowy z ekranem w \u017c\u00f3\u0142tym kolorze. Posiada 4 k\u00f3\u0142kach, przy czym 2 przeciwstawnych posiadaj\u0105 hamulce. Szczeg\u00f3\u0142owy opis wyrobu tego typu znajduje si\u0119 pod linkiem: P806","og_url":"https:\/\/innow.pl\/produkt\/p806-orws-yellow-parawan-medyczny-zmywalny-teleskopowy-przejezdny-dl-210-cm\/","og_site_name":"INNOW","article_modified_time":"2025-06-24T10:37:48+00:00","og_image":[{"width":480,"height":480,"url":"https:\/\/innow.pl\/wp-content\/uploads\/2024\/11\/P806_ORWS_YELLOW_1.jpg","type":"image\/jpeg"}],"twitter_card":"summary_large_image","twitter_misc":{"Est. reading time":"1 minute"},"schema":{"@context":"https:\/\/schema.org","@graph":[{"@type":"WebPage","@id":"https:\/\/innow.pl\/produkt\/p806-orws-yellow-parawan-medyczny-zmywalny-teleskopowy-przejezdny-dl-210-cm\/","url":"https:\/\/innow.pl\/produkt\/p806-orws-yellow-parawan-medyczny-zmywalny-teleskopowy-przejezdny-dl-210-cm\/","name":"P806 [ORWS YELLOW] - Parawan medyczny, materia\u0142 impregnowany, teleskopowy, przejezdny, d\u0142. 210 cm - INNOW","isPartOf":{"@id":"https:\/\/innow.pl\/#website"},"primaryImageOfPage":{"@id":"https:\/\/innow.pl\/produkt\/p806-orws-yellow-parawan-medyczny-zmywalny-teleskopowy-przejezdny-dl-210-cm\/#primaryimage"},"image":{"@id":"https:\/\/innow.pl\/produkt\/p806-orws-yellow-parawan-medyczny-zmywalny-teleskopowy-przejezdny-dl-210-cm\/#primaryimage"},"thumbnailUrl":"https:\/\/innow.pl\/wp-content\/uploads\/2024\/11\/P806_ORWS_YELLOW_1.jpg","datePublished":"2018-11-14T12:43:36+00:00","dateModified":"2025-06-24T10:37:48+00:00","breadcrumb":{"@id":"https:\/\/innow.pl\/produkt\/p806-orws-yellow-parawan-medyczny-zmywalny-teleskopowy-przejezdny-dl-210-cm\/#breadcrumb"},"inLanguage":"en-US","potentialAction":[{"@type":"ReadAction","target":["https:\/\/innow.pl\/produkt\/p806-orws-yellow-parawan-medyczny-zmywalny-teleskopowy-przejezdny-dl-210-cm\/"]}]},{"@type":"ImageObject","inLanguage":"en-US","@id":"https:\/\/innow.pl\/produkt\/p806-orws-yellow-parawan-medyczny-zmywalny-teleskopowy-przejezdny-dl-210-cm\/#primaryimage","url":"https:\/\/innow.pl\/wp-content\/uploads\/2024\/11\/P806_ORWS_YELLOW_1.jpg","contentUrl":"https:\/\/innow.pl\/wp-content\/uploads\/2024\/11\/P806_ORWS_YELLOW_1.jpg","width":480,"height":480,"caption":"Parawan medyczny, zmywalny, teleskopowy, przejezdny, d\u0142. 210 cm - P806 [ORWS YELLOW] - INNOW"},{"@type":"BreadcrumbList","@id":"https:\/\/innow.pl\/produkt\/p806-orws-yellow-parawan-medyczny-zmywalny-teleskopowy-przejezdny-dl-210-cm\/#breadcrumb","itemListElement":[{"@type":"ListItem","position":1,"name":"INNOW","item":"https:\/\/innow.pl\/en\/"},{"@type":"ListItem","position":2,"name":"Produkty","item":"https:\/\/innow.pl\/produkty\/"},{"@type":"ListItem","position":3,"name":"Od r\u0119ki w salonie","item":"https:\/\/innow.pl\/produkty\/od-reki-w-salonie\/"},{"@type":"ListItem","position":4,"name":"Meble medyczne","item":"https:\/\/innow.pl\/produkty\/od-reki-w-salonie\/meble-medyczne-od-reki-w-salonie\/"},{"@type":"ListItem","position":5,"name":"P806 [ORWS YELLOW] &#8211; Parawan medyczny, materia\u0142 impregnowany, teleskopowy, przejezdny, d\u0142. 210 cm"}]},{"@type":"WebSite","@id":"https:\/\/innow.pl\/#website","url":"https:\/\/innow.pl\/","name":"INNOW","description":"","potentialAction":[{"@type":"SearchAction","target":{"@type":"EntryPoint","urlTemplate":"https:\/\/innow.pl\/?s={search_term_string}"},"query-input":{"@type":"PropertyValueSpecification","valueRequired":true,"valueName":"search_term_string"}}],"inLanguage":"en-US"}]}},"_links":{"self":[{"href":"https:\/\/innow.pl\/en\/wp-json\/wp\/v2\/product\/28158","targetHints":{"allow":["GET"]}}],"collection":[{"href":"https:\/\/innow.pl\/en\/wp-json\/wp\/v2\/product"}],"about":[{"href":"https:\/\/innow.pl\/en\/wp-json\/wp\/v2\/types\/product"}],"replies":[{"embeddable":true,"href":"https:\/\/innow.pl\/en\/wp-json\/wp\/v2\/comments?post=28158"}],"wp:featuredmedia":[{"embeddable":true,"href":"https:\/\/innow.pl\/en\/wp-json\/wp\/v2\/media\/28160"}],"wp:attachment":[{"href":"https:\/\/innow.pl\/en\/wp-json\/wp\/v2\/media?parent=28158"}],"wp:term":[{"taxonomy":"product_brand","embeddable":true,"href":"https:\/\/innow.pl\/en\/wp-json\/wp\/v2\/product_brand?post=28158"},{"taxonomy":"product_cat","embeddable":true,"href":"https:\/\/innow.pl\/en\/wp-json\/wp\/v2\/product_cat?post=28158"},{"taxonomy":"product_tag","embeddable":true,"href":"https:\/\/innow.pl\/en\/wp-json\/wp\/v2\/product_tag?post=28158"}],"curies":[{"name":"wp","href":"https:\/\/api.w.org\/{rel}","templated":true}]}}