{"id":28084,"date":"2018-07-12T11:38:36","date_gmt":"2018-07-12T09:38:36","guid":{"rendered":"https:\/\/innow.pl\/produkt\/konstrukcja-ze-stali-nierdzewnej-inox-stoly-transportowe\/"},"modified":"2025-03-28T15:17:02","modified_gmt":"2025-03-28T14:17:02","slug":"konstrukcja-ze-stali-nierdzewnej-inox-stoly-transportowe","status":"publish","type":"product","link":"https:\/\/innow.pl\/en\/produkt\/konstrukcja-ze-stali-nierdzewnej-inox-stoly-transportowe\/","title":{"rendered":"Konstrukcja ze stali nierdzewnej INOX (sto\u0142y transportowe)"},"content":{"rendered":"<p>Wykonanie konstrukcji ze stali nierdzewnej INOX dla sto\u0142\u00f3w do transportu chorych w pozycji le\u017c\u0105cej.<\/p>\n","protected":false},"excerpt":{"rendered":"<p>Wykonanie konstrukcji ze stali nierdzewnej INOX dla sto\u0142\u00f3w do transportu chorych w pozycji le\u017c\u0105cej.<\/p>\n","protected":false},"featured_media":28086,"comment_status":"open","ping_status":"closed","template":"","meta":{"_acf_changed":false},"product_brand":[],"product_cat":[2017],"product_tag":[],"class_list":{"0":"post-28084","1":"product","2":"type-product","3":"status-publish","4":"has-post-thumbnail","6":"product_cat-wyposazenie-opcjonalne","8":"first","9":"instock","10":"taxable","11":"shipping-taxable","12":"purchasable","13":"product-type-simple"},"acf":[],"yoast_head":"<!-- This site is optimized with the Yoast SEO plugin v27.4 - https:\/\/yoast.com\/product\/yoast-seo-wordpress\/ -->\n<title>Konstrukcja ze stali nierdzewnej INOX (sto\u0142y transportowe) - INNOW<\/title>\n<meta name=\"robots\" content=\"index, follow, max-snippet:-1, max-image-preview:large, max-video-preview:-1\" \/>\n<link rel=\"canonical\" href=\"https:\/\/innow.pl\/produkt\/konstrukcja-ze-stali-nierdzewnej-inox-stoly-transportowe\/\" \/>\n<meta property=\"og:locale\" content=\"en_US\" \/>\n<meta property=\"og:type\" content=\"article\" \/>\n<meta property=\"og:title\" content=\"Konstrukcja ze stali nierdzewnej INOX (sto\u0142y transportowe) - INNOW\" \/>\n<meta property=\"og:description\" content=\"Wykonanie konstrukcji ze stali nierdzewnej INOX dla sto\u0142\u00f3w do transportu chorych w pozycji le\u017c\u0105cej.\" \/>\n<meta property=\"og:url\" content=\"https:\/\/innow.pl\/produkt\/konstrukcja-ze-stali-nierdzewnej-inox-stoly-transportowe\/\" \/>\n<meta property=\"og:site_name\" content=\"INNOW\" \/>\n<meta property=\"article:modified_time\" content=\"2025-03-28T14:17:02+00:00\" \/>\n<meta property=\"og:image\" content=\"https:\/\/innow.pl\/wp-content\/uploads\/2024\/11\/Konstrukcja_ze_stali_nierdzewnej_stoly_transportowe.jpg\" \/>\n\t<meta property=\"og:image:width\" content=\"800\" \/>\n\t<meta property=\"og:image:height\" content=\"800\" \/>\n\t<meta property=\"og:image:type\" content=\"image\/jpeg\" \/>\n<meta name=\"twitter:card\" content=\"summary_large_image\" \/>\n<meta name=\"twitter:label1\" content=\"Est. reading time\" \/>\n\t<meta name=\"twitter:data1\" content=\"1 minute\" \/>\n<script type=\"application\/ld+json\" class=\"yoast-schema-graph\">{\"@context\":\"https:\\\/\\\/schema.org\",\"@graph\":[{\"@type\":\"WebPage\",\"@id\":\"https:\\\/\\\/innow.pl\\\/produkt\\\/konstrukcja-ze-stali-nierdzewnej-inox-stoly-transportowe\\\/\",\"url\":\"https:\\\/\\\/innow.pl\\\/produkt\\\/konstrukcja-ze-stali-nierdzewnej-inox-stoly-transportowe\\\/\",\"name\":\"Konstrukcja ze stali nierdzewnej INOX (sto\u0142y transportowe) - INNOW\",\"isPartOf\":{\"@id\":\"https:\\\/\\\/innow.pl\\\/#website\"},\"primaryImageOfPage\":{\"@id\":\"https:\\\/\\\/innow.pl\\\/produkt\\\/konstrukcja-ze-stali-nierdzewnej-inox-stoly-transportowe\\\/#primaryimage\"},\"image\":{\"@id\":\"https:\\\/\\\/innow.pl\\\/produkt\\\/konstrukcja-ze-stali-nierdzewnej-inox-stoly-transportowe\\\/#primaryimage\"},\"thumbnailUrl\":\"https:\\\/\\\/innow.pl\\\/wp-content\\\/uploads\\\/2024\\\/11\\\/Konstrukcja_ze_stali_nierdzewnej_stoly_transportowe.jpg\",\"datePublished\":\"2018-07-12T09:38:36+00:00\",\"dateModified\":\"2025-03-28T14:17:02+00:00\",\"breadcrumb\":{\"@id\":\"https:\\\/\\\/innow.pl\\\/produkt\\\/konstrukcja-ze-stali-nierdzewnej-inox-stoly-transportowe\\\/#breadcrumb\"},\"inLanguage\":\"en-US\",\"potentialAction\":[{\"@type\":\"ReadAction\",\"target\":[\"https:\\\/\\\/innow.pl\\\/produkt\\\/konstrukcja-ze-stali-nierdzewnej-inox-stoly-transportowe\\\/\"]}]},{\"@type\":\"ImageObject\",\"inLanguage\":\"en-US\",\"@id\":\"https:\\\/\\\/innow.pl\\\/produkt\\\/konstrukcja-ze-stali-nierdzewnej-inox-stoly-transportowe\\\/#primaryimage\",\"url\":\"https:\\\/\\\/innow.pl\\\/wp-content\\\/uploads\\\/2024\\\/11\\\/Konstrukcja_ze_stali_nierdzewnej_stoly_transportowe.jpg\",\"contentUrl\":\"https:\\\/\\\/innow.pl\\\/wp-content\\\/uploads\\\/2024\\\/11\\\/Konstrukcja_ze_stali_nierdzewnej_stoly_transportowe.jpg\",\"width\":800,\"height\":800,\"caption\":\"Konstrukcja ze stali nierdzewnej INOX (sto\u0142y transportowe) - INNOW\"},{\"@type\":\"BreadcrumbList\",\"@id\":\"https:\\\/\\\/innow.pl\\\/produkt\\\/konstrukcja-ze-stali-nierdzewnej-inox-stoly-transportowe\\\/#breadcrumb\",\"itemListElement\":[{\"@type\":\"ListItem\",\"position\":1,\"name\":\"INNOW\",\"item\":\"https:\\\/\\\/innow.pl\\\/en\\\/\"},{\"@type\":\"ListItem\",\"position\":2,\"name\":\"Produkty\",\"item\":\"https:\\\/\\\/innow.pl\\\/produkty\\\/\"},{\"@type\":\"ListItem\",\"position\":3,\"name\":\"Wyposa\u017cenie opcjonalne\",\"item\":\"https:\\\/\\\/innow.pl\\\/produkty\\\/wyposazenie-opcjonalne\\\/\"},{\"@type\":\"ListItem\",\"position\":4,\"name\":\"Konstrukcja ze stali nierdzewnej INOX (sto\u0142y transportowe)\"}]},{\"@type\":\"WebSite\",\"@id\":\"https:\\\/\\\/innow.pl\\\/#website\",\"url\":\"https:\\\/\\\/innow.pl\\\/\",\"name\":\"INNOW\",\"description\":\"\",\"potentialAction\":[{\"@type\":\"SearchAction\",\"target\":{\"@type\":\"EntryPoint\",\"urlTemplate\":\"https:\\\/\\\/innow.pl\\\/?s={search_term_string}\"},\"query-input\":{\"@type\":\"PropertyValueSpecification\",\"valueRequired\":true,\"valueName\":\"search_term_string\"}}],\"inLanguage\":\"en-US\"}]}<\/script>\n<!-- \/ Yoast SEO plugin. -->","yoast_head_json":{"title":"Konstrukcja ze stali nierdzewnej INOX (sto\u0142y transportowe) - INNOW","robots":{"index":"index","follow":"follow","max-snippet":"max-snippet:-1","max-image-preview":"max-image-preview:large","max-video-preview":"max-video-preview:-1"},"canonical":"https:\/\/innow.pl\/produkt\/konstrukcja-ze-stali-nierdzewnej-inox-stoly-transportowe\/","og_locale":"en_US","og_type":"article","og_title":"Konstrukcja ze stali nierdzewnej INOX (sto\u0142y transportowe) - INNOW","og_description":"Wykonanie konstrukcji ze stali nierdzewnej INOX dla sto\u0142\u00f3w do transportu chorych w pozycji le\u017c\u0105cej.","og_url":"https:\/\/innow.pl\/produkt\/konstrukcja-ze-stali-nierdzewnej-inox-stoly-transportowe\/","og_site_name":"INNOW","article_modified_time":"2025-03-28T14:17:02+00:00","og_image":[{"width":800,"height":800,"url":"https:\/\/innow.pl\/wp-content\/uploads\/2024\/11\/Konstrukcja_ze_stali_nierdzewnej_stoly_transportowe.jpg","type":"image\/jpeg"}],"twitter_card":"summary_large_image","twitter_misc":{"Est. reading time":"1 minute"},"schema":{"@context":"https:\/\/schema.org","@graph":[{"@type":"WebPage","@id":"https:\/\/innow.pl\/produkt\/konstrukcja-ze-stali-nierdzewnej-inox-stoly-transportowe\/","url":"https:\/\/innow.pl\/produkt\/konstrukcja-ze-stali-nierdzewnej-inox-stoly-transportowe\/","name":"Konstrukcja ze stali nierdzewnej INOX (sto\u0142y transportowe) - INNOW","isPartOf":{"@id":"https:\/\/innow.pl\/#website"},"primaryImageOfPage":{"@id":"https:\/\/innow.pl\/produkt\/konstrukcja-ze-stali-nierdzewnej-inox-stoly-transportowe\/#primaryimage"},"image":{"@id":"https:\/\/innow.pl\/produkt\/konstrukcja-ze-stali-nierdzewnej-inox-stoly-transportowe\/#primaryimage"},"thumbnailUrl":"https:\/\/innow.pl\/wp-content\/uploads\/2024\/11\/Konstrukcja_ze_stali_nierdzewnej_stoly_transportowe.jpg","datePublished":"2018-07-12T09:38:36+00:00","dateModified":"2025-03-28T14:17:02+00:00","breadcrumb":{"@id":"https:\/\/innow.pl\/produkt\/konstrukcja-ze-stali-nierdzewnej-inox-stoly-transportowe\/#breadcrumb"},"inLanguage":"en-US","potentialAction":[{"@type":"ReadAction","target":["https:\/\/innow.pl\/produkt\/konstrukcja-ze-stali-nierdzewnej-inox-stoly-transportowe\/"]}]},{"@type":"ImageObject","inLanguage":"en-US","@id":"https:\/\/innow.pl\/produkt\/konstrukcja-ze-stali-nierdzewnej-inox-stoly-transportowe\/#primaryimage","url":"https:\/\/innow.pl\/wp-content\/uploads\/2024\/11\/Konstrukcja_ze_stali_nierdzewnej_stoly_transportowe.jpg","contentUrl":"https:\/\/innow.pl\/wp-content\/uploads\/2024\/11\/Konstrukcja_ze_stali_nierdzewnej_stoly_transportowe.jpg","width":800,"height":800,"caption":"Konstrukcja ze stali nierdzewnej INOX (sto\u0142y transportowe) - INNOW"},{"@type":"BreadcrumbList","@id":"https:\/\/innow.pl\/produkt\/konstrukcja-ze-stali-nierdzewnej-inox-stoly-transportowe\/#breadcrumb","itemListElement":[{"@type":"ListItem","position":1,"name":"INNOW","item":"https:\/\/innow.pl\/en\/"},{"@type":"ListItem","position":2,"name":"Produkty","item":"https:\/\/innow.pl\/produkty\/"},{"@type":"ListItem","position":3,"name":"Wyposa\u017cenie opcjonalne","item":"https:\/\/innow.pl\/produkty\/wyposazenie-opcjonalne\/"},{"@type":"ListItem","position":4,"name":"Konstrukcja ze stali nierdzewnej INOX (sto\u0142y transportowe)"}]},{"@type":"WebSite","@id":"https:\/\/innow.pl\/#website","url":"https:\/\/innow.pl\/","name":"INNOW","description":"","potentialAction":[{"@type":"SearchAction","target":{"@type":"EntryPoint","urlTemplate":"https:\/\/innow.pl\/?s={search_term_string}"},"query-input":{"@type":"PropertyValueSpecification","valueRequired":true,"valueName":"search_term_string"}}],"inLanguage":"en-US"}]}},"_links":{"self":[{"href":"https:\/\/innow.pl\/en\/wp-json\/wp\/v2\/product\/28084","targetHints":{"allow":["GET"]}}],"collection":[{"href":"https:\/\/innow.pl\/en\/wp-json\/wp\/v2\/product"}],"about":[{"href":"https:\/\/innow.pl\/en\/wp-json\/wp\/v2\/types\/product"}],"replies":[{"embeddable":true,"href":"https:\/\/innow.pl\/en\/wp-json\/wp\/v2\/comments?post=28084"}],"wp:featuredmedia":[{"embeddable":true,"href":"https:\/\/innow.pl\/en\/wp-json\/wp\/v2\/media\/28086"}],"wp:attachment":[{"href":"https:\/\/innow.pl\/en\/wp-json\/wp\/v2\/media?parent=28084"}],"wp:term":[{"taxonomy":"product_brand","embeddable":true,"href":"https:\/\/innow.pl\/en\/wp-json\/wp\/v2\/product_brand?post=28084"},{"taxonomy":"product_cat","embeddable":true,"href":"https:\/\/innow.pl\/en\/wp-json\/wp\/v2\/product_cat?post=28084"},{"taxonomy":"product_tag","embeddable":true,"href":"https:\/\/innow.pl\/en\/wp-json\/wp\/v2\/product_tag?post=28084"}],"curies":[{"name":"wp","href":"https:\/\/api.w.org\/{rel}","templated":true}]}}