{"id":28004,"date":"2018-04-20T12:19:01","date_gmt":"2018-04-20T10:19:01","guid":{"rendered":"https:\/\/innow.pl\/produkt\/kps406eu-kozetka-dla-szkol-dwufunkcyjna\/"},"modified":"2025-11-27T09:29:51","modified_gmt":"2025-11-27T08:29:51","slug":"kps406eu-kozetka-dla-szkol-dwufunkcyjna","status":"publish","type":"product","link":"https:\/\/innow.pl\/en\/produkt\/kps406eu-kozetka-dla-szkol-dwufunkcyjna\/","title":{"rendered":"KPS406EU &#8211; Kozetka dla szk\u00f3\u0142, dwufunkcyjna"},"content":{"rendered":"<p>Kozetka profilaktyczno-stomatologiczna (kozetka zabiegowa, le\u017canka) do przeprowadzania bada\u0144 profilaktycznych pacjenta, zar\u00f3wno w pozycji le\u017c\u0105cej, siedz\u0105cej, jak i po\u015brednich. Mo\u017ce by\u0107 stosowana w gabinetach medycznych czy higienistycznych. Doskonale nadaje si\u0119 do gabinetu piel\u0119gniarki szkolnej. Uniwersalna budowa kozetki umo\u017cliwia wykonywanie bada\u0144 przez lekarzy r\u00f3\u017cnych specjalno\u015bci w wielu pozycjach. Podczas przeprowadzania bada\u0144 w pozycji siedz\u0105cej wystarczy odchyli\u0107 oparcie plec\u00f3w do g\u00f3ry o wybrany k\u0105t (0-75\u00b0) zapewniaj\u0105c tym samym ergonomiczne i stabilne podparcie kr\u0119gos\u0142upa. Warto r\u00f3wnie\u017c wspomnie\u0107 o regulacji podn\u00f3\u017cka w zakresie 0-65\u00b0, dzi\u0119ki kt\u00f3remu kozetka do gabinet\u00f3w szkolnych umo\u017cliwia badanej osobie wygodne oparcie swobodnie po\u0142o\u017conych ko\u0144czyn dolnych. W przypadku bada\u0144 \u201cna le\u017c\u0105co\u201d kr\u00f3tsza cz\u0119\u015b\u0107 kozetki pe\u0142ni rol\u0119 podg\u0142\u00f3wka, kt\u00f3ry mo\u017cna ustawi\u0107 w wymaganej dla danego zabiegu pozycji (0-40\u00b0).<\/p>\n<p style=\"text-align: left\">Zapraszamy do zapoznania si\u0119 z <span style=\"color: #24c2e3\"><a style=\"color: #24c2e3\" href=\"https:\/\/innow.pl\/blog\/kozetka-czy-fotel-poznaj-rozwiazanie-2-w-1-kozetke-profilaktyczno-stomatologiczna\/\">artyku\u0142em<\/a><\/span> na temat kozetki dla szk\u00f3\u0142.<\/p>\n<p style=\"text-align: left\">\u00a0<\/p>\n<p style=\"text-align: left\"><a>Informacje o w\u0142a\u015bciwo\u015bciach dost\u0119pnych <strong>materia\u0142\u00f3w obiciowych<\/strong> dost\u0119pne po klikni\u0119ciu w zdj\u0119cie:<\/a><\/p>\n<p style=\"text-align: left\"><a href=\"https:\/\/innow.pl\/publikacje\/KatalogPDF\/Pokrycia-obiciowe-tapicerki.pdf\" target=\"_blank\" rel=\"noopener\"><img decoding=\"async\" src=\"https:\/\/innow.pl\/wp-content\/uploads\/2024\/11\/Tapicerki.jpg\" \/><\/a><\/p>\n","protected":false},"excerpt":{"rendered":"<p>Kozetka profilaktyczno-stomatologiczna (kozetka zabiegowa, le\u017canka) do przeprowadzania bada\u0144 profilaktycznych pacjenta, zar\u00f3wno w pozycji le\u017c\u0105cej, siedz\u0105cej, jak i po\u015brednich. Mo\u017ce by\u0107 stosowana w gabinetach medycznych czy higienistycznych. Doskonale nadaje si\u0119 do gabinetu piel\u0119gniarki szkolnej. Uniwersalna budowa kozetki umo\u017cliwia wykonywanie bada\u0144 przez lekarzy r\u00f3\u017cnych specjalno\u015bci w wielu pozycjach. Podczas przeprowadzania bada\u0144 w pozycji siedz\u0105cej wystarczy odchyli\u0107 oparcie [&hellip;]<\/p>\n","protected":false},"featured_media":28007,"comment_status":"open","ping_status":"closed","template":"","meta":{"_acf_changed":false},"product_brand":[],"product_cat":[463,2018,440],"product_tag":[],"class_list":{"0":"post-28004","1":"product","2":"type-product","3":"status-publish","4":"has-post-thumbnail","6":"product_cat-kozetki","7":"product_cat-kozetki-2w1-kozetka-fotel","8":"product_cat-meble-medyczne","9":"pa_dlugosc-200-cm","10":"pa_kat-odchylenia-oparcia-plecow-0-75","11":"pa_kat-odchylenia-podglowka-0-40","12":"pa_szerokosc-60-cm","13":"pa_wysokosc-60-cm","15":"first","16":"instock","17":"taxable","18":"shipping-taxable","19":"purchasable","20":"product-type-simple"},"acf":[],"yoast_head":"<!-- This site is optimized with the Yoast SEO plugin v27.4 - https:\/\/yoast.com\/product\/yoast-seo-wordpress\/ -->\n<title>KPS406EU - Kozetka dla szk\u00f3\u0142, dwufunkcyjna - INNOW<\/title>\n<meta name=\"description\" content=\"Rewelacyjna kozetka dla szk\u00f3\u0142 z mo\u017cliwo\u015bci\u0105 ustawienia do pozycji fotelowej - do bada\u0144 w gabinetach szkolnych w pozycji le\u017c\u0105cej, siedz\u0105cej i po\u015brednich!\" \/>\n<meta name=\"robots\" content=\"index, follow, max-snippet:-1, max-image-preview:large, max-video-preview:-1\" \/>\n<link rel=\"canonical\" href=\"https:\/\/innow.pl\/produkt\/kps406eu-kozetka-dla-szkol-dwufunkcyjna\/\" \/>\n<meta property=\"og:locale\" content=\"en_US\" \/>\n<meta property=\"og:type\" content=\"article\" \/>\n<meta property=\"og:title\" content=\"KPS406EU - Kozetka dla szk\u00f3\u0142, dwufunkcyjna - INNOW\" \/>\n<meta property=\"og:description\" content=\"Rewelacyjna kozetka dla szk\u00f3\u0142 z mo\u017cliwo\u015bci\u0105 ustawienia do pozycji fotelowej - do bada\u0144 w gabinetach szkolnych w pozycji le\u017c\u0105cej, siedz\u0105cej i po\u015brednich!\" \/>\n<meta property=\"og:url\" content=\"https:\/\/innow.pl\/produkt\/kps406eu-kozetka-dla-szkol-dwufunkcyjna\/\" \/>\n<meta property=\"og:site_name\" content=\"INNOW\" \/>\n<meta property=\"article:modified_time\" content=\"2025-11-27T08:29:51+00:00\" \/>\n<meta property=\"og:image\" content=\"https:\/\/innow.pl\/wp-content\/uploads\/2024\/11\/KPS406EU.jpg\" \/>\n\t<meta property=\"og:image:width\" content=\"800\" \/>\n\t<meta property=\"og:image:height\" content=\"800\" \/>\n\t<meta property=\"og:image:type\" content=\"image\/jpeg\" \/>\n<meta name=\"twitter:card\" content=\"summary_large_image\" \/>\n<meta name=\"twitter:label1\" content=\"Est. reading time\" \/>\n\t<meta name=\"twitter:data1\" content=\"2 minutes\" \/>\n<script type=\"application\/ld+json\" class=\"yoast-schema-graph\">{\"@context\":\"https:\\\/\\\/schema.org\",\"@graph\":[{\"@type\":\"WebPage\",\"@id\":\"https:\\\/\\\/innow.pl\\\/produkt\\\/kps406eu-kozetka-dla-szkol-dwufunkcyjna\\\/\",\"url\":\"https:\\\/\\\/innow.pl\\\/produkt\\\/kps406eu-kozetka-dla-szkol-dwufunkcyjna\\\/\",\"name\":\"KPS406EU - Kozetka dla szk\u00f3\u0142, dwufunkcyjna - INNOW\",\"isPartOf\":{\"@id\":\"https:\\\/\\\/innow.pl\\\/#website\"},\"primaryImageOfPage\":{\"@id\":\"https:\\\/\\\/innow.pl\\\/produkt\\\/kps406eu-kozetka-dla-szkol-dwufunkcyjna\\\/#primaryimage\"},\"image\":{\"@id\":\"https:\\\/\\\/innow.pl\\\/produkt\\\/kps406eu-kozetka-dla-szkol-dwufunkcyjna\\\/#primaryimage\"},\"thumbnailUrl\":\"https:\\\/\\\/innow.pl\\\/wp-content\\\/uploads\\\/2024\\\/11\\\/KPS406EU.jpg\",\"datePublished\":\"2018-04-20T10:19:01+00:00\",\"dateModified\":\"2025-11-27T08:29:51+00:00\",\"description\":\"Rewelacyjna kozetka dla szk\u00f3\u0142 z mo\u017cliwo\u015bci\u0105 ustawienia do pozycji fotelowej - do bada\u0144 w gabinetach szkolnych w pozycji le\u017c\u0105cej, siedz\u0105cej i po\u015brednich!\",\"breadcrumb\":{\"@id\":\"https:\\\/\\\/innow.pl\\\/produkt\\\/kps406eu-kozetka-dla-szkol-dwufunkcyjna\\\/#breadcrumb\"},\"inLanguage\":\"en-US\",\"potentialAction\":[{\"@type\":\"ReadAction\",\"target\":[\"https:\\\/\\\/innow.pl\\\/produkt\\\/kps406eu-kozetka-dla-szkol-dwufunkcyjna\\\/\"]}]},{\"@type\":\"ImageObject\",\"inLanguage\":\"en-US\",\"@id\":\"https:\\\/\\\/innow.pl\\\/produkt\\\/kps406eu-kozetka-dla-szkol-dwufunkcyjna\\\/#primaryimage\",\"url\":\"https:\\\/\\\/innow.pl\\\/wp-content\\\/uploads\\\/2024\\\/11\\\/KPS406EU.jpg\",\"contentUrl\":\"https:\\\/\\\/innow.pl\\\/wp-content\\\/uploads\\\/2024\\\/11\\\/KPS406EU.jpg\",\"width\":800,\"height\":800,\"caption\":\"Kozetka dla szk\u00f3\u0142, dwufunkcyjna - KPS406EU - INNOW\"},{\"@type\":\"BreadcrumbList\",\"@id\":\"https:\\\/\\\/innow.pl\\\/produkt\\\/kps406eu-kozetka-dla-szkol-dwufunkcyjna\\\/#breadcrumb\",\"itemListElement\":[{\"@type\":\"ListItem\",\"position\":1,\"name\":\"INNOW\",\"item\":\"https:\\\/\\\/innow.pl\\\/en\\\/\"},{\"@type\":\"ListItem\",\"position\":2,\"name\":\"Produkty\",\"item\":\"https:\\\/\\\/innow.pl\\\/produkty\\\/\"},{\"@type\":\"ListItem\",\"position\":3,\"name\":\"Meble medyczne\",\"item\":\"https:\\\/\\\/innow.pl\\\/produkty\\\/meble-medyczne\\\/\"},{\"@type\":\"ListItem\",\"position\":4,\"name\":\"KPS406EU &#8211; Kozetka dla szk\u00f3\u0142, dwufunkcyjna\"}]},{\"@type\":\"WebSite\",\"@id\":\"https:\\\/\\\/innow.pl\\\/#website\",\"url\":\"https:\\\/\\\/innow.pl\\\/\",\"name\":\"INNOW\",\"description\":\"\",\"potentialAction\":[{\"@type\":\"SearchAction\",\"target\":{\"@type\":\"EntryPoint\",\"urlTemplate\":\"https:\\\/\\\/innow.pl\\\/?s={search_term_string}\"},\"query-input\":{\"@type\":\"PropertyValueSpecification\",\"valueRequired\":true,\"valueName\":\"search_term_string\"}}],\"inLanguage\":\"en-US\"}]}<\/script>\n<!-- \/ Yoast SEO plugin. -->","yoast_head_json":{"title":"KPS406EU - Kozetka dla szk\u00f3\u0142, dwufunkcyjna - INNOW","description":"Rewelacyjna kozetka dla szk\u00f3\u0142 z mo\u017cliwo\u015bci\u0105 ustawienia do pozycji fotelowej - do bada\u0144 w gabinetach szkolnych w pozycji le\u017c\u0105cej, siedz\u0105cej i po\u015brednich!","robots":{"index":"index","follow":"follow","max-snippet":"max-snippet:-1","max-image-preview":"max-image-preview:large","max-video-preview":"max-video-preview:-1"},"canonical":"https:\/\/innow.pl\/produkt\/kps406eu-kozetka-dla-szkol-dwufunkcyjna\/","og_locale":"en_US","og_type":"article","og_title":"KPS406EU - Kozetka dla szk\u00f3\u0142, dwufunkcyjna - INNOW","og_description":"Rewelacyjna kozetka dla szk\u00f3\u0142 z mo\u017cliwo\u015bci\u0105 ustawienia do pozycji fotelowej - do bada\u0144 w gabinetach szkolnych w pozycji le\u017c\u0105cej, siedz\u0105cej i po\u015brednich!","og_url":"https:\/\/innow.pl\/produkt\/kps406eu-kozetka-dla-szkol-dwufunkcyjna\/","og_site_name":"INNOW","article_modified_time":"2025-11-27T08:29:51+00:00","og_image":[{"width":800,"height":800,"url":"https:\/\/innow.pl\/wp-content\/uploads\/2024\/11\/KPS406EU.jpg","type":"image\/jpeg"}],"twitter_card":"summary_large_image","twitter_misc":{"Est. reading time":"2 minutes"},"schema":{"@context":"https:\/\/schema.org","@graph":[{"@type":"WebPage","@id":"https:\/\/innow.pl\/produkt\/kps406eu-kozetka-dla-szkol-dwufunkcyjna\/","url":"https:\/\/innow.pl\/produkt\/kps406eu-kozetka-dla-szkol-dwufunkcyjna\/","name":"KPS406EU - Kozetka dla szk\u00f3\u0142, dwufunkcyjna - INNOW","isPartOf":{"@id":"https:\/\/innow.pl\/#website"},"primaryImageOfPage":{"@id":"https:\/\/innow.pl\/produkt\/kps406eu-kozetka-dla-szkol-dwufunkcyjna\/#primaryimage"},"image":{"@id":"https:\/\/innow.pl\/produkt\/kps406eu-kozetka-dla-szkol-dwufunkcyjna\/#primaryimage"},"thumbnailUrl":"https:\/\/innow.pl\/wp-content\/uploads\/2024\/11\/KPS406EU.jpg","datePublished":"2018-04-20T10:19:01+00:00","dateModified":"2025-11-27T08:29:51+00:00","description":"Rewelacyjna kozetka dla szk\u00f3\u0142 z mo\u017cliwo\u015bci\u0105 ustawienia do pozycji fotelowej - do bada\u0144 w gabinetach szkolnych w pozycji le\u017c\u0105cej, siedz\u0105cej i po\u015brednich!","breadcrumb":{"@id":"https:\/\/innow.pl\/produkt\/kps406eu-kozetka-dla-szkol-dwufunkcyjna\/#breadcrumb"},"inLanguage":"en-US","potentialAction":[{"@type":"ReadAction","target":["https:\/\/innow.pl\/produkt\/kps406eu-kozetka-dla-szkol-dwufunkcyjna\/"]}]},{"@type":"ImageObject","inLanguage":"en-US","@id":"https:\/\/innow.pl\/produkt\/kps406eu-kozetka-dla-szkol-dwufunkcyjna\/#primaryimage","url":"https:\/\/innow.pl\/wp-content\/uploads\/2024\/11\/KPS406EU.jpg","contentUrl":"https:\/\/innow.pl\/wp-content\/uploads\/2024\/11\/KPS406EU.jpg","width":800,"height":800,"caption":"Kozetka dla szk\u00f3\u0142, dwufunkcyjna - KPS406EU - INNOW"},{"@type":"BreadcrumbList","@id":"https:\/\/innow.pl\/produkt\/kps406eu-kozetka-dla-szkol-dwufunkcyjna\/#breadcrumb","itemListElement":[{"@type":"ListItem","position":1,"name":"INNOW","item":"https:\/\/innow.pl\/en\/"},{"@type":"ListItem","position":2,"name":"Produkty","item":"https:\/\/innow.pl\/produkty\/"},{"@type":"ListItem","position":3,"name":"Meble medyczne","item":"https:\/\/innow.pl\/produkty\/meble-medyczne\/"},{"@type":"ListItem","position":4,"name":"KPS406EU &#8211; Kozetka dla szk\u00f3\u0142, dwufunkcyjna"}]},{"@type":"WebSite","@id":"https:\/\/innow.pl\/#website","url":"https:\/\/innow.pl\/","name":"INNOW","description":"","potentialAction":[{"@type":"SearchAction","target":{"@type":"EntryPoint","urlTemplate":"https:\/\/innow.pl\/?s={search_term_string}"},"query-input":{"@type":"PropertyValueSpecification","valueRequired":true,"valueName":"search_term_string"}}],"inLanguage":"en-US"}]}},"_links":{"self":[{"href":"https:\/\/innow.pl\/en\/wp-json\/wp\/v2\/product\/28004","targetHints":{"allow":["GET"]}}],"collection":[{"href":"https:\/\/innow.pl\/en\/wp-json\/wp\/v2\/product"}],"about":[{"href":"https:\/\/innow.pl\/en\/wp-json\/wp\/v2\/types\/product"}],"replies":[{"embeddable":true,"href":"https:\/\/innow.pl\/en\/wp-json\/wp\/v2\/comments?post=28004"}],"wp:featuredmedia":[{"embeddable":true,"href":"https:\/\/innow.pl\/en\/wp-json\/wp\/v2\/media\/28007"}],"wp:attachment":[{"href":"https:\/\/innow.pl\/en\/wp-json\/wp\/v2\/media?parent=28004"}],"wp:term":[{"taxonomy":"product_brand","embeddable":true,"href":"https:\/\/innow.pl\/en\/wp-json\/wp\/v2\/product_brand?post=28004"},{"taxonomy":"product_cat","embeddable":true,"href":"https:\/\/innow.pl\/en\/wp-json\/wp\/v2\/product_cat?post=28004"},{"taxonomy":"product_tag","embeddable":true,"href":"https:\/\/innow.pl\/en\/wp-json\/wp\/v2\/product_tag?post=28004"}],"curies":[{"name":"wp","href":"https:\/\/api.w.org\/{rel}","templated":true}]}}