{"id":27909,"date":"2018-01-18T07:17:09","date_gmt":"2018-01-18T06:17:09","guid":{"rendered":"https:\/\/innow.pl\/produkt\/centralna-blokada-kol\/"},"modified":"2025-03-28T15:12:12","modified_gmt":"2025-03-28T14:12:12","slug":"centralna-blokada-kol","status":"publish","type":"product","link":"https:\/\/innow.pl\/en\/produkt\/centralna-blokada-kol\/","title":{"rendered":"Centralna blokada k\u00f3\u0142"},"content":{"rendered":"<p>Mechanizm centralnego blokowania k\u00f3\u0142 jezdnych sk\u0142ada si\u0119 z dw\u00f3ch d\u017awigni no\u017cnych. Pierwsza d\u017awignia znajduje si\u0119 przy ko\u0142ach przednich \u2013 odpowiada za blokad\u0119 kierunku jazdy, natomiast druga d\u017awignia znajduje si\u0119 przy ko\u0142ach tylnych \u2013 odpowiada za ca\u0142kowit\u0105 blokad\u0119 jazdy. Uruchamianie blokad odbywa si\u0119 przez delikatne naci\u015bni\u0119cie na d\u017awignie. Obudowa podwozia nie stanowi przedmiotu opcji.<\/p>\n","protected":false},"excerpt":{"rendered":"<p>Mechanizm centralnego blokowania k\u00f3\u0142 jezdnych sk\u0142ada si\u0119 z dw\u00f3ch d\u017awigni no\u017cnych. Pierwsza d\u017awignia znajduje si\u0119 przy ko\u0142ach przednich \u2013 odpowiada za blokad\u0119 kierunku jazdy, natomiast druga d\u017awignia znajduje si\u0119 przy ko\u0142ach tylnych \u2013 odpowiada za ca\u0142kowit\u0105 blokad\u0119 jazdy. Uruchamianie blokad odbywa si\u0119 przez delikatne naci\u015bni\u0119cie na d\u017awignie. Obudowa podwozia nie stanowi przedmiotu opcji.<\/p>\n","protected":false},"featured_media":27911,"comment_status":"open","ping_status":"closed","template":"","meta":{"_acf_changed":false},"product_brand":[],"product_cat":[2017],"product_tag":[],"class_list":{"0":"post-27909","1":"product","2":"type-product","3":"status-publish","4":"has-post-thumbnail","6":"product_cat-wyposazenie-opcjonalne","8":"first","9":"instock","10":"taxable","11":"shipping-taxable","12":"purchasable","13":"product-type-simple"},"acf":[],"yoast_head":"<!-- This site is optimized with the Yoast SEO plugin v27.4 - https:\/\/yoast.com\/product\/yoast-seo-wordpress\/ -->\n<title>Centralna blokada k\u00f3\u0142 - INNOW<\/title>\n<meta name=\"robots\" content=\"index, follow, max-snippet:-1, max-image-preview:large, max-video-preview:-1\" \/>\n<link rel=\"canonical\" href=\"https:\/\/innow.pl\/produkt\/centralna-blokada-kol\/\" \/>\n<meta property=\"og:locale\" content=\"en_US\" \/>\n<meta property=\"og:type\" content=\"article\" \/>\n<meta property=\"og:title\" content=\"Centralna blokada k\u00f3\u0142 - INNOW\" \/>\n<meta property=\"og:description\" content=\"Mechanizm centralnego blokowania k\u00f3\u0142 jezdnych sk\u0142ada si\u0119 z dw\u00f3ch d\u017awigni no\u017cnych. Pierwsza d\u017awignia znajduje si\u0119 przy ko\u0142ach przednich \u2013 odpowiada za blokad\u0119 kierunku jazdy, natomiast druga d\u017awignia znajduje si\u0119 przy ko\u0142ach tylnych \u2013 odpowiada za ca\u0142kowit\u0105 blokad\u0119 jazdy. Uruchamianie blokad odbywa si\u0119 przez delikatne naci\u015bni\u0119cie na d\u017awignie. Obudowa podwozia nie stanowi przedmiotu opcji.\" \/>\n<meta property=\"og:url\" content=\"https:\/\/innow.pl\/produkt\/centralna-blokada-kol\/\" \/>\n<meta property=\"og:site_name\" content=\"INNOW\" \/>\n<meta property=\"article:modified_time\" content=\"2025-03-28T14:12:12+00:00\" \/>\n<meta property=\"og:image\" content=\"https:\/\/innow.pl\/wp-content\/uploads\/2024\/11\/centralny-system-hamowania.jpg\" \/>\n\t<meta property=\"og:image:width\" content=\"800\" \/>\n\t<meta property=\"og:image:height\" content=\"800\" \/>\n\t<meta property=\"og:image:type\" content=\"image\/jpeg\" \/>\n<meta name=\"twitter:card\" content=\"summary_large_image\" \/>\n<meta name=\"twitter:label1\" content=\"Est. reading time\" \/>\n\t<meta name=\"twitter:data1\" content=\"1 minute\" \/>\n<script type=\"application\/ld+json\" class=\"yoast-schema-graph\">{\"@context\":\"https:\\\/\\\/schema.org\",\"@graph\":[{\"@type\":\"WebPage\",\"@id\":\"https:\\\/\\\/innow.pl\\\/produkt\\\/centralna-blokada-kol\\\/\",\"url\":\"https:\\\/\\\/innow.pl\\\/produkt\\\/centralna-blokada-kol\\\/\",\"name\":\"Centralna blokada k\u00f3\u0142 - INNOW\",\"isPartOf\":{\"@id\":\"https:\\\/\\\/innow.pl\\\/#website\"},\"primaryImageOfPage\":{\"@id\":\"https:\\\/\\\/innow.pl\\\/produkt\\\/centralna-blokada-kol\\\/#primaryimage\"},\"image\":{\"@id\":\"https:\\\/\\\/innow.pl\\\/produkt\\\/centralna-blokada-kol\\\/#primaryimage\"},\"thumbnailUrl\":\"https:\\\/\\\/innow.pl\\\/wp-content\\\/uploads\\\/2024\\\/11\\\/centralny-system-hamowania.jpg\",\"datePublished\":\"2018-01-18T06:17:09+00:00\",\"dateModified\":\"2025-03-28T14:12:12+00:00\",\"breadcrumb\":{\"@id\":\"https:\\\/\\\/innow.pl\\\/produkt\\\/centralna-blokada-kol\\\/#breadcrumb\"},\"inLanguage\":\"en-US\",\"potentialAction\":[{\"@type\":\"ReadAction\",\"target\":[\"https:\\\/\\\/innow.pl\\\/produkt\\\/centralna-blokada-kol\\\/\"]}]},{\"@type\":\"ImageObject\",\"inLanguage\":\"en-US\",\"@id\":\"https:\\\/\\\/innow.pl\\\/produkt\\\/centralna-blokada-kol\\\/#primaryimage\",\"url\":\"https:\\\/\\\/innow.pl\\\/wp-content\\\/uploads\\\/2024\\\/11\\\/centralny-system-hamowania.jpg\",\"contentUrl\":\"https:\\\/\\\/innow.pl\\\/wp-content\\\/uploads\\\/2024\\\/11\\\/centralny-system-hamowania.jpg\",\"width\":800,\"height\":800,\"caption\":\"Centralna blokada k\u00f3\u0142 - INNOW\"},{\"@type\":\"BreadcrumbList\",\"@id\":\"https:\\\/\\\/innow.pl\\\/produkt\\\/centralna-blokada-kol\\\/#breadcrumb\",\"itemListElement\":[{\"@type\":\"ListItem\",\"position\":1,\"name\":\"INNOW\",\"item\":\"https:\\\/\\\/innow.pl\\\/en\\\/\"},{\"@type\":\"ListItem\",\"position\":2,\"name\":\"Produkty\",\"item\":\"https:\\\/\\\/innow.pl\\\/produkty\\\/\"},{\"@type\":\"ListItem\",\"position\":3,\"name\":\"Wyposa\u017cenie opcjonalne\",\"item\":\"https:\\\/\\\/innow.pl\\\/produkty\\\/wyposazenie-opcjonalne\\\/\"},{\"@type\":\"ListItem\",\"position\":4,\"name\":\"Centralna blokada k\u00f3\u0142\"}]},{\"@type\":\"WebSite\",\"@id\":\"https:\\\/\\\/innow.pl\\\/#website\",\"url\":\"https:\\\/\\\/innow.pl\\\/\",\"name\":\"INNOW\",\"description\":\"\",\"potentialAction\":[{\"@type\":\"SearchAction\",\"target\":{\"@type\":\"EntryPoint\",\"urlTemplate\":\"https:\\\/\\\/innow.pl\\\/?s={search_term_string}\"},\"query-input\":{\"@type\":\"PropertyValueSpecification\",\"valueRequired\":true,\"valueName\":\"search_term_string\"}}],\"inLanguage\":\"en-US\"}]}<\/script>\n<!-- \/ Yoast SEO plugin. -->","yoast_head_json":{"title":"Centralna blokada k\u00f3\u0142 - INNOW","robots":{"index":"index","follow":"follow","max-snippet":"max-snippet:-1","max-image-preview":"max-image-preview:large","max-video-preview":"max-video-preview:-1"},"canonical":"https:\/\/innow.pl\/produkt\/centralna-blokada-kol\/","og_locale":"en_US","og_type":"article","og_title":"Centralna blokada k\u00f3\u0142 - INNOW","og_description":"Mechanizm centralnego blokowania k\u00f3\u0142 jezdnych sk\u0142ada si\u0119 z dw\u00f3ch d\u017awigni no\u017cnych. Pierwsza d\u017awignia znajduje si\u0119 przy ko\u0142ach przednich \u2013 odpowiada za blokad\u0119 kierunku jazdy, natomiast druga d\u017awignia znajduje si\u0119 przy ko\u0142ach tylnych \u2013 odpowiada za ca\u0142kowit\u0105 blokad\u0119 jazdy. Uruchamianie blokad odbywa si\u0119 przez delikatne naci\u015bni\u0119cie na d\u017awignie. Obudowa podwozia nie stanowi przedmiotu opcji.","og_url":"https:\/\/innow.pl\/produkt\/centralna-blokada-kol\/","og_site_name":"INNOW","article_modified_time":"2025-03-28T14:12:12+00:00","og_image":[{"width":800,"height":800,"url":"https:\/\/innow.pl\/wp-content\/uploads\/2024\/11\/centralny-system-hamowania.jpg","type":"image\/jpeg"}],"twitter_card":"summary_large_image","twitter_misc":{"Est. reading time":"1 minute"},"schema":{"@context":"https:\/\/schema.org","@graph":[{"@type":"WebPage","@id":"https:\/\/innow.pl\/produkt\/centralna-blokada-kol\/","url":"https:\/\/innow.pl\/produkt\/centralna-blokada-kol\/","name":"Centralna blokada k\u00f3\u0142 - INNOW","isPartOf":{"@id":"https:\/\/innow.pl\/#website"},"primaryImageOfPage":{"@id":"https:\/\/innow.pl\/produkt\/centralna-blokada-kol\/#primaryimage"},"image":{"@id":"https:\/\/innow.pl\/produkt\/centralna-blokada-kol\/#primaryimage"},"thumbnailUrl":"https:\/\/innow.pl\/wp-content\/uploads\/2024\/11\/centralny-system-hamowania.jpg","datePublished":"2018-01-18T06:17:09+00:00","dateModified":"2025-03-28T14:12:12+00:00","breadcrumb":{"@id":"https:\/\/innow.pl\/produkt\/centralna-blokada-kol\/#breadcrumb"},"inLanguage":"en-US","potentialAction":[{"@type":"ReadAction","target":["https:\/\/innow.pl\/produkt\/centralna-blokada-kol\/"]}]},{"@type":"ImageObject","inLanguage":"en-US","@id":"https:\/\/innow.pl\/produkt\/centralna-blokada-kol\/#primaryimage","url":"https:\/\/innow.pl\/wp-content\/uploads\/2024\/11\/centralny-system-hamowania.jpg","contentUrl":"https:\/\/innow.pl\/wp-content\/uploads\/2024\/11\/centralny-system-hamowania.jpg","width":800,"height":800,"caption":"Centralna blokada k\u00f3\u0142 - INNOW"},{"@type":"BreadcrumbList","@id":"https:\/\/innow.pl\/produkt\/centralna-blokada-kol\/#breadcrumb","itemListElement":[{"@type":"ListItem","position":1,"name":"INNOW","item":"https:\/\/innow.pl\/en\/"},{"@type":"ListItem","position":2,"name":"Produkty","item":"https:\/\/innow.pl\/produkty\/"},{"@type":"ListItem","position":3,"name":"Wyposa\u017cenie opcjonalne","item":"https:\/\/innow.pl\/produkty\/wyposazenie-opcjonalne\/"},{"@type":"ListItem","position":4,"name":"Centralna blokada k\u00f3\u0142"}]},{"@type":"WebSite","@id":"https:\/\/innow.pl\/#website","url":"https:\/\/innow.pl\/","name":"INNOW","description":"","potentialAction":[{"@type":"SearchAction","target":{"@type":"EntryPoint","urlTemplate":"https:\/\/innow.pl\/?s={search_term_string}"},"query-input":{"@type":"PropertyValueSpecification","valueRequired":true,"valueName":"search_term_string"}}],"inLanguage":"en-US"}]}},"_links":{"self":[{"href":"https:\/\/innow.pl\/en\/wp-json\/wp\/v2\/product\/27909","targetHints":{"allow":["GET"]}}],"collection":[{"href":"https:\/\/innow.pl\/en\/wp-json\/wp\/v2\/product"}],"about":[{"href":"https:\/\/innow.pl\/en\/wp-json\/wp\/v2\/types\/product"}],"replies":[{"embeddable":true,"href":"https:\/\/innow.pl\/en\/wp-json\/wp\/v2\/comments?post=27909"}],"wp:featuredmedia":[{"embeddable":true,"href":"https:\/\/innow.pl\/en\/wp-json\/wp\/v2\/media\/27911"}],"wp:attachment":[{"href":"https:\/\/innow.pl\/en\/wp-json\/wp\/v2\/media?parent=27909"}],"wp:term":[{"taxonomy":"product_brand","embeddable":true,"href":"https:\/\/innow.pl\/en\/wp-json\/wp\/v2\/product_brand?post=27909"},{"taxonomy":"product_cat","embeddable":true,"href":"https:\/\/innow.pl\/en\/wp-json\/wp\/v2\/product_cat?post=27909"},{"taxonomy":"product_tag","embeddable":true,"href":"https:\/\/innow.pl\/en\/wp-json\/wp\/v2\/product_tag?post=27909"}],"curies":[{"name":"wp","href":"https:\/\/api.w.org\/{rel}","templated":true}]}}