{"id":27783,"date":"2017-01-01T09:10:00","date_gmt":"2017-01-01T08:10:00","guid":{"rendered":"https:\/\/innow.pl\/produkt\/drazek-zaslony-prysznicowej-z-krytym-mocowaniem-do-sufitu-80x80x45-cm\/"},"modified":"2025-03-27T07:41:44","modified_gmt":"2025-03-27T06:41:44","slug":"drazek-zaslony-prysznicowej-z-krytym-mocowaniem-do-sufitu-80x80x45-cm","status":"publish","type":"product","link":"https:\/\/innow.pl\/en\/produkt\/drazek-zaslony-prysznicowej-z-krytym-mocowaniem-do-sufitu-80x80x45-cm\/","title":{"rendered":"Dr\u0105\u017cek zas\u0142ony prysznicowej z krytym mocowaniem do sufitu &#8211; 80x80x45 cm"},"content":{"rendered":"<p>Wykonany ze stali dr\u0105\u017cek zas\u0142ony prysznicowej\u00a0(\u015brednica: 25 cm) z krytym mocowaniem. Pokryty proszkowo, w kolorze bia\u0142ym. Na zdj\u0119ciu 2 widoczny jest<strong> <a href=\"https:\/\/innow.pl\/produkt\/drazek-zaslony-prysznicowej-z-mocowaniem-sufitu-inox-90x90x45-cm\/\">dr\u0105\u017cek ze stali nierdzewnej<\/a><\/strong>. Istnieje mo\u017cliwo\u015b\u0107 wykonania dr\u0105\u017cka o podanych przez Klienta wymiarach.<\/p>\n","protected":false},"excerpt":{"rendered":"<p>Wykonany ze stali dr\u0105\u017cek zas\u0142ony prysznicowej\u00a0(\u015brednica: 25 cm) z krytym mocowaniem. Pokryty proszkowo, w kolorze bia\u0142ym. Na zdj\u0119ciu 2 widoczny jest dr\u0105\u017cek ze stali nierdzewnej. Istnieje mo\u017cliwo\u015b\u0107 wykonania dr\u0105\u017cka o podanych przez Klienta wymiarach.<\/p>\n","protected":false},"featured_media":27785,"comment_status":"open","ping_status":"closed","template":"","meta":{"_acf_changed":false},"product_brand":[],"product_cat":[430,49],"product_tag":[],"class_list":{"0":"post-27783","1":"product","2":"type-product","3":"status-publish","4":"has-post-thumbnail","6":"product_cat-drazki-zaslony-prysznicowej","7":"product_cat-lazienka-i-wc","8":"pa_dlugosc-80-cm","9":"pa_szerokosc-80-cm","10":"pa_wysokosc-45-cm","12":"first","13":"instock","14":"taxable","15":"shipping-taxable","16":"purchasable","17":"product-type-simple"},"acf":[],"yoast_head":"<!-- This site is optimized with the Yoast SEO plugin v27.4 - https:\/\/yoast.com\/product\/yoast-seo-wordpress\/ -->\n<title>Dr\u0105\u017cek zas\u0142ony prysznicowej z krytym mocowaniem do sufitu - 80x80x45 cm - INNOW<\/title>\n<meta name=\"description\" content=\"Solidny dr\u0105\u017cek zas\u0142ony prysznicowej o estetycznej konstrukcji stalowej, z krytym mocowaniem. Kliknij po wi\u0119cej informacji!\" \/>\n<meta name=\"robots\" content=\"index, follow, max-snippet:-1, max-image-preview:large, max-video-preview:-1\" \/>\n<link rel=\"canonical\" href=\"https:\/\/innow.pl\/produkt\/drazek-zaslony-prysznicowej-z-krytym-mocowaniem-do-sufitu-80x80x45-cm\/\" \/>\n<meta property=\"og:locale\" content=\"en_US\" \/>\n<meta property=\"og:type\" content=\"article\" \/>\n<meta property=\"og:title\" content=\"Dr\u0105\u017cek zas\u0142ony prysznicowej z krytym mocowaniem do sufitu - 80x80x45 cm - INNOW\" \/>\n<meta property=\"og:description\" content=\"Solidny dr\u0105\u017cek zas\u0142ony prysznicowej o estetycznej konstrukcji stalowej, z krytym mocowaniem. Kliknij po wi\u0119cej informacji!\" \/>\n<meta property=\"og:url\" content=\"https:\/\/innow.pl\/produkt\/drazek-zaslony-prysznicowej-z-krytym-mocowaniem-do-sufitu-80x80x45-cm\/\" \/>\n<meta property=\"og:site_name\" content=\"INNOW\" \/>\n<meta property=\"article:modified_time\" content=\"2025-03-27T06:41:44+00:00\" \/>\n<meta property=\"og:image\" content=\"https:\/\/innow.pl\/wp-content\/uploads\/2024\/11\/drazek_zaslony_prysznicowej-2.jpg\" \/>\n\t<meta property=\"og:image:width\" content=\"480\" \/>\n\t<meta property=\"og:image:height\" content=\"480\" \/>\n\t<meta property=\"og:image:type\" content=\"image\/jpeg\" \/>\n<meta name=\"twitter:card\" content=\"summary_large_image\" \/>\n<meta name=\"twitter:label1\" content=\"Est. reading time\" \/>\n\t<meta name=\"twitter:data1\" content=\"1 minute\" \/>\n<script type=\"application\/ld+json\" class=\"yoast-schema-graph\">{\"@context\":\"https:\\\/\\\/schema.org\",\"@graph\":[{\"@type\":\"WebPage\",\"@id\":\"https:\\\/\\\/innow.pl\\\/produkt\\\/drazek-zaslony-prysznicowej-z-krytym-mocowaniem-do-sufitu-80x80x45-cm\\\/\",\"url\":\"https:\\\/\\\/innow.pl\\\/produkt\\\/drazek-zaslony-prysznicowej-z-krytym-mocowaniem-do-sufitu-80x80x45-cm\\\/\",\"name\":\"Dr\u0105\u017cek zas\u0142ony prysznicowej z krytym mocowaniem do sufitu - 80x80x45 cm - INNOW\",\"isPartOf\":{\"@id\":\"https:\\\/\\\/innow.pl\\\/#website\"},\"primaryImageOfPage\":{\"@id\":\"https:\\\/\\\/innow.pl\\\/produkt\\\/drazek-zaslony-prysznicowej-z-krytym-mocowaniem-do-sufitu-80x80x45-cm\\\/#primaryimage\"},\"image\":{\"@id\":\"https:\\\/\\\/innow.pl\\\/produkt\\\/drazek-zaslony-prysznicowej-z-krytym-mocowaniem-do-sufitu-80x80x45-cm\\\/#primaryimage\"},\"thumbnailUrl\":\"https:\\\/\\\/innow.pl\\\/wp-content\\\/uploads\\\/2024\\\/11\\\/drazek_zaslony_prysznicowej-2.jpg\",\"datePublished\":\"2017-01-01T08:10:00+00:00\",\"dateModified\":\"2025-03-27T06:41:44+00:00\",\"description\":\"Solidny dr\u0105\u017cek zas\u0142ony prysznicowej o estetycznej konstrukcji stalowej, z krytym mocowaniem. Kliknij po wi\u0119cej informacji!\",\"breadcrumb\":{\"@id\":\"https:\\\/\\\/innow.pl\\\/produkt\\\/drazek-zaslony-prysznicowej-z-krytym-mocowaniem-do-sufitu-80x80x45-cm\\\/#breadcrumb\"},\"inLanguage\":\"en-US\",\"potentialAction\":[{\"@type\":\"ReadAction\",\"target\":[\"https:\\\/\\\/innow.pl\\\/produkt\\\/drazek-zaslony-prysznicowej-z-krytym-mocowaniem-do-sufitu-80x80x45-cm\\\/\"]}]},{\"@type\":\"ImageObject\",\"inLanguage\":\"en-US\",\"@id\":\"https:\\\/\\\/innow.pl\\\/produkt\\\/drazek-zaslony-prysznicowej-z-krytym-mocowaniem-do-sufitu-80x80x45-cm\\\/#primaryimage\",\"url\":\"https:\\\/\\\/innow.pl\\\/wp-content\\\/uploads\\\/2024\\\/11\\\/drazek_zaslony_prysznicowej-2.jpg\",\"contentUrl\":\"https:\\\/\\\/innow.pl\\\/wp-content\\\/uploads\\\/2024\\\/11\\\/drazek_zaslony_prysznicowej-2.jpg\",\"width\":480,\"height\":480,\"caption\":\"Dr\u0105\u017cek zas\u0142ony prysznicowej z krytym mocowaniem do sufitu - INNOW\"},{\"@type\":\"BreadcrumbList\",\"@id\":\"https:\\\/\\\/innow.pl\\\/produkt\\\/drazek-zaslony-prysznicowej-z-krytym-mocowaniem-do-sufitu-80x80x45-cm\\\/#breadcrumb\",\"itemListElement\":[{\"@type\":\"ListItem\",\"position\":1,\"name\":\"INNOW\",\"item\":\"https:\\\/\\\/innow.pl\\\/en\\\/\"},{\"@type\":\"ListItem\",\"position\":2,\"name\":\"Produkty\",\"item\":\"https:\\\/\\\/innow.pl\\\/produkty\\\/\"},{\"@type\":\"ListItem\",\"position\":3,\"name\":\"\u0141azienka i WC\",\"item\":\"https:\\\/\\\/innow.pl\\\/produkty\\\/lazienka-i-wc\\\/\"},{\"@type\":\"ListItem\",\"position\":4,\"name\":\"Dr\u0105\u017cki zas\u0142ony prysznicowej\",\"item\":\"https:\\\/\\\/innow.pl\\\/produkty\\\/lazienka-i-wc\\\/drazki-zaslony-prysznicowej\\\/\"},{\"@type\":\"ListItem\",\"position\":5,\"name\":\"Dr\u0105\u017cek zas\u0142ony prysznicowej z krytym mocowaniem do sufitu &#8211; 80x80x45 cm\"}]},{\"@type\":\"WebSite\",\"@id\":\"https:\\\/\\\/innow.pl\\\/#website\",\"url\":\"https:\\\/\\\/innow.pl\\\/\",\"name\":\"INNOW\",\"description\":\"\",\"potentialAction\":[{\"@type\":\"SearchAction\",\"target\":{\"@type\":\"EntryPoint\",\"urlTemplate\":\"https:\\\/\\\/innow.pl\\\/?s={search_term_string}\"},\"query-input\":{\"@type\":\"PropertyValueSpecification\",\"valueRequired\":true,\"valueName\":\"search_term_string\"}}],\"inLanguage\":\"en-US\"}]}<\/script>\n<!-- \/ Yoast SEO plugin. -->","yoast_head_json":{"title":"Dr\u0105\u017cek zas\u0142ony prysznicowej z krytym mocowaniem do sufitu - 80x80x45 cm - INNOW","description":"Solidny dr\u0105\u017cek zas\u0142ony prysznicowej o estetycznej konstrukcji stalowej, z krytym mocowaniem. Kliknij po wi\u0119cej informacji!","robots":{"index":"index","follow":"follow","max-snippet":"max-snippet:-1","max-image-preview":"max-image-preview:large","max-video-preview":"max-video-preview:-1"},"canonical":"https:\/\/innow.pl\/produkt\/drazek-zaslony-prysznicowej-z-krytym-mocowaniem-do-sufitu-80x80x45-cm\/","og_locale":"en_US","og_type":"article","og_title":"Dr\u0105\u017cek zas\u0142ony prysznicowej z krytym mocowaniem do sufitu - 80x80x45 cm - INNOW","og_description":"Solidny dr\u0105\u017cek zas\u0142ony prysznicowej o estetycznej konstrukcji stalowej, z krytym mocowaniem. Kliknij po wi\u0119cej informacji!","og_url":"https:\/\/innow.pl\/produkt\/drazek-zaslony-prysznicowej-z-krytym-mocowaniem-do-sufitu-80x80x45-cm\/","og_site_name":"INNOW","article_modified_time":"2025-03-27T06:41:44+00:00","og_image":[{"width":480,"height":480,"url":"https:\/\/innow.pl\/wp-content\/uploads\/2024\/11\/drazek_zaslony_prysznicowej-2.jpg","type":"image\/jpeg"}],"twitter_card":"summary_large_image","twitter_misc":{"Est. reading time":"1 minute"},"schema":{"@context":"https:\/\/schema.org","@graph":[{"@type":"WebPage","@id":"https:\/\/innow.pl\/produkt\/drazek-zaslony-prysznicowej-z-krytym-mocowaniem-do-sufitu-80x80x45-cm\/","url":"https:\/\/innow.pl\/produkt\/drazek-zaslony-prysznicowej-z-krytym-mocowaniem-do-sufitu-80x80x45-cm\/","name":"Dr\u0105\u017cek zas\u0142ony prysznicowej z krytym mocowaniem do sufitu - 80x80x45 cm - INNOW","isPartOf":{"@id":"https:\/\/innow.pl\/#website"},"primaryImageOfPage":{"@id":"https:\/\/innow.pl\/produkt\/drazek-zaslony-prysznicowej-z-krytym-mocowaniem-do-sufitu-80x80x45-cm\/#primaryimage"},"image":{"@id":"https:\/\/innow.pl\/produkt\/drazek-zaslony-prysznicowej-z-krytym-mocowaniem-do-sufitu-80x80x45-cm\/#primaryimage"},"thumbnailUrl":"https:\/\/innow.pl\/wp-content\/uploads\/2024\/11\/drazek_zaslony_prysznicowej-2.jpg","datePublished":"2017-01-01T08:10:00+00:00","dateModified":"2025-03-27T06:41:44+00:00","description":"Solidny dr\u0105\u017cek zas\u0142ony prysznicowej o estetycznej konstrukcji stalowej, z krytym mocowaniem. Kliknij po wi\u0119cej informacji!","breadcrumb":{"@id":"https:\/\/innow.pl\/produkt\/drazek-zaslony-prysznicowej-z-krytym-mocowaniem-do-sufitu-80x80x45-cm\/#breadcrumb"},"inLanguage":"en-US","potentialAction":[{"@type":"ReadAction","target":["https:\/\/innow.pl\/produkt\/drazek-zaslony-prysznicowej-z-krytym-mocowaniem-do-sufitu-80x80x45-cm\/"]}]},{"@type":"ImageObject","inLanguage":"en-US","@id":"https:\/\/innow.pl\/produkt\/drazek-zaslony-prysznicowej-z-krytym-mocowaniem-do-sufitu-80x80x45-cm\/#primaryimage","url":"https:\/\/innow.pl\/wp-content\/uploads\/2024\/11\/drazek_zaslony_prysznicowej-2.jpg","contentUrl":"https:\/\/innow.pl\/wp-content\/uploads\/2024\/11\/drazek_zaslony_prysznicowej-2.jpg","width":480,"height":480,"caption":"Dr\u0105\u017cek zas\u0142ony prysznicowej z krytym mocowaniem do sufitu - INNOW"},{"@type":"BreadcrumbList","@id":"https:\/\/innow.pl\/produkt\/drazek-zaslony-prysznicowej-z-krytym-mocowaniem-do-sufitu-80x80x45-cm\/#breadcrumb","itemListElement":[{"@type":"ListItem","position":1,"name":"INNOW","item":"https:\/\/innow.pl\/en\/"},{"@type":"ListItem","position":2,"name":"Produkty","item":"https:\/\/innow.pl\/produkty\/"},{"@type":"ListItem","position":3,"name":"\u0141azienka i WC","item":"https:\/\/innow.pl\/produkty\/lazienka-i-wc\/"},{"@type":"ListItem","position":4,"name":"Dr\u0105\u017cki zas\u0142ony prysznicowej","item":"https:\/\/innow.pl\/produkty\/lazienka-i-wc\/drazki-zaslony-prysznicowej\/"},{"@type":"ListItem","position":5,"name":"Dr\u0105\u017cek zas\u0142ony prysznicowej z krytym mocowaniem do sufitu &#8211; 80x80x45 cm"}]},{"@type":"WebSite","@id":"https:\/\/innow.pl\/#website","url":"https:\/\/innow.pl\/","name":"INNOW","description":"","potentialAction":[{"@type":"SearchAction","target":{"@type":"EntryPoint","urlTemplate":"https:\/\/innow.pl\/?s={search_term_string}"},"query-input":{"@type":"PropertyValueSpecification","valueRequired":true,"valueName":"search_term_string"}}],"inLanguage":"en-US"}]}},"_links":{"self":[{"href":"https:\/\/innow.pl\/en\/wp-json\/wp\/v2\/product\/27783","targetHints":{"allow":["GET"]}}],"collection":[{"href":"https:\/\/innow.pl\/en\/wp-json\/wp\/v2\/product"}],"about":[{"href":"https:\/\/innow.pl\/en\/wp-json\/wp\/v2\/types\/product"}],"replies":[{"embeddable":true,"href":"https:\/\/innow.pl\/en\/wp-json\/wp\/v2\/comments?post=27783"}],"wp:featuredmedia":[{"embeddable":true,"href":"https:\/\/innow.pl\/en\/wp-json\/wp\/v2\/media\/27785"}],"wp:attachment":[{"href":"https:\/\/innow.pl\/en\/wp-json\/wp\/v2\/media?parent=27783"}],"wp:term":[{"taxonomy":"product_brand","embeddable":true,"href":"https:\/\/innow.pl\/en\/wp-json\/wp\/v2\/product_brand?post=27783"},{"taxonomy":"product_cat","embeddable":true,"href":"https:\/\/innow.pl\/en\/wp-json\/wp\/v2\/product_cat?post=27783"},{"taxonomy":"product_tag","embeddable":true,"href":"https:\/\/innow.pl\/en\/wp-json\/wp\/v2\/product_tag?post=27783"}],"curies":[{"name":"wp","href":"https:\/\/api.w.org\/{rel}","templated":true}]}}