{"id":27690,"date":"2017-11-10T12:15:28","date_gmt":"2017-11-10T11:15:28","guid":{"rendered":"https:\/\/innow.pl\/produkt\/t645w-orws-balkonik-podporka-stala-ulatwiajaca-wstawanie\/"},"modified":"2025-02-19T09:21:24","modified_gmt":"2025-02-19T08:21:24","slug":"t645w-orws-balkonik-podporka-stala-ulatwiajaca-wstawanie","status":"publish","type":"product","link":"https:\/\/innow.pl\/en\/produkt\/t645w-orws-balkonik-podporka-stala-ulatwiajaca-wstawanie\/","title":{"rendered":"T645W [ORWS] \u2013 Balkonik \u2013 podp\u00f3rka sta\u0142a u\u0142atwiaj\u0105ca wstawanie"},"content":{"rendered":"<p>Balkonik rehabilitacyjny ze specjalnymi uchwytami u\u0142atwiaj\u0105cymi wstawanie. Polecany jest osobom niepe\u0142nosprawnym z problemami zwi\u0105zanymi z narz\u0105dem ruchu, utrzymaniem r\u00f3wnowagi podczas chodzenia oraz pionizacj\u0105.<\/p>\n<p>Szczeg\u00f3\u0142owy opis wyrobu tego typu znajduje si\u0119 pod linkiem: <strong><a style=\"color: #00c6e5\" href=\"https:\/\/innow.pl\/produkt\/t645w-balkonik-podporka-stala-ulatwiajaca-wstawanie\/\">T645W<\/a><\/strong><\/p>\n","protected":false},"excerpt":{"rendered":"<p>Balkonik rehabilitacyjny ze specjalnymi uchwytami u\u0142atwiaj\u0105cymi wstawanie. Polecany jest osobom niepe\u0142nosprawnym z problemami zwi\u0105zanymi z narz\u0105dem ruchu, utrzymaniem r\u00f3wnowagi podczas chodzenia oraz pionizacj\u0105. Szczeg\u00f3\u0142owy opis wyrobu tego typu znajduje si\u0119 pod linkiem: T645W<\/p>\n","protected":false},"featured_media":27692,"comment_status":"open","ping_status":"closed","template":"","meta":{"_acf_changed":false},"product_brand":[],"product_cat":[393,1292],"product_tag":[],"class_list":{"0":"post-27690","1":"product","2":"type-product","3":"status-publish","4":"has-post-thumbnail","6":"product_cat-od-reki-w-salonie","7":"product_cat-rehabilitacja","9":"first","10":"instock","11":"taxable","12":"shipping-taxable","13":"purchasable","14":"product-type-simple"},"acf":[],"yoast_head":"<!-- This site is optimized with the Yoast SEO plugin v27.4 - https:\/\/yoast.com\/product\/yoast-seo-wordpress\/ -->\n<title>T645W [ORWS] \u2013 Balkonik \u2013 podp\u00f3rka sta\u0142a u\u0142atwiaj\u0105ca wstawanie - INNOW<\/title>\n<meta name=\"robots\" content=\"index, follow, max-snippet:-1, max-image-preview:large, max-video-preview:-1\" \/>\n<link rel=\"canonical\" href=\"https:\/\/innow.pl\/produkt\/t645w-orws-balkonik-podporka-stala-ulatwiajaca-wstawanie\/\" \/>\n<meta property=\"og:locale\" content=\"en_US\" \/>\n<meta property=\"og:type\" content=\"article\" \/>\n<meta property=\"og:title\" content=\"T645W [ORWS] \u2013 Balkonik \u2013 podp\u00f3rka sta\u0142a u\u0142atwiaj\u0105ca wstawanie - INNOW\" \/>\n<meta property=\"og:description\" content=\"Balkonik rehabilitacyjny ze specjalnymi uchwytami u\u0142atwiaj\u0105cymi wstawanie. Polecany jest osobom niepe\u0142nosprawnym z problemami zwi\u0105zanymi z narz\u0105dem ruchu, utrzymaniem r\u00f3wnowagi podczas chodzenia oraz pionizacj\u0105. Szczeg\u00f3\u0142owy opis wyrobu tego typu znajduje si\u0119 pod linkiem: T645W\" \/>\n<meta property=\"og:url\" content=\"https:\/\/innow.pl\/produkt\/t645w-orws-balkonik-podporka-stala-ulatwiajaca-wstawanie\/\" \/>\n<meta property=\"og:site_name\" content=\"INNOW\" \/>\n<meta property=\"article:modified_time\" content=\"2025-02-19T08:21:24+00:00\" \/>\n<meta property=\"og:image\" content=\"https:\/\/innow.pl\/wp-content\/uploads\/2024\/11\/T645W_ORWS_01.jpg\" \/>\n\t<meta property=\"og:image:width\" content=\"800\" \/>\n\t<meta property=\"og:image:height\" content=\"800\" \/>\n\t<meta property=\"og:image:type\" content=\"image\/jpeg\" \/>\n<meta name=\"twitter:card\" content=\"summary_large_image\" \/>\n<meta name=\"twitter:label1\" content=\"Est. reading time\" \/>\n\t<meta name=\"twitter:data1\" content=\"1 minute\" \/>\n<script type=\"application\/ld+json\" class=\"yoast-schema-graph\">{\"@context\":\"https:\\\/\\\/schema.org\",\"@graph\":[{\"@type\":\"WebPage\",\"@id\":\"https:\\\/\\\/innow.pl\\\/produkt\\\/t645w-orws-balkonik-podporka-stala-ulatwiajaca-wstawanie\\\/\",\"url\":\"https:\\\/\\\/innow.pl\\\/produkt\\\/t645w-orws-balkonik-podporka-stala-ulatwiajaca-wstawanie\\\/\",\"name\":\"T645W [ORWS] \u2013 Balkonik \u2013 podp\u00f3rka sta\u0142a u\u0142atwiaj\u0105ca wstawanie - INNOW\",\"isPartOf\":{\"@id\":\"https:\\\/\\\/innow.pl\\\/#website\"},\"primaryImageOfPage\":{\"@id\":\"https:\\\/\\\/innow.pl\\\/produkt\\\/t645w-orws-balkonik-podporka-stala-ulatwiajaca-wstawanie\\\/#primaryimage\"},\"image\":{\"@id\":\"https:\\\/\\\/innow.pl\\\/produkt\\\/t645w-orws-balkonik-podporka-stala-ulatwiajaca-wstawanie\\\/#primaryimage\"},\"thumbnailUrl\":\"https:\\\/\\\/innow.pl\\\/wp-content\\\/uploads\\\/2024\\\/11\\\/T645W_ORWS_01.jpg\",\"datePublished\":\"2017-11-10T11:15:28+00:00\",\"dateModified\":\"2025-02-19T08:21:24+00:00\",\"breadcrumb\":{\"@id\":\"https:\\\/\\\/innow.pl\\\/produkt\\\/t645w-orws-balkonik-podporka-stala-ulatwiajaca-wstawanie\\\/#breadcrumb\"},\"inLanguage\":\"en-US\",\"potentialAction\":[{\"@type\":\"ReadAction\",\"target\":[\"https:\\\/\\\/innow.pl\\\/produkt\\\/t645w-orws-balkonik-podporka-stala-ulatwiajaca-wstawanie\\\/\"]}]},{\"@type\":\"ImageObject\",\"inLanguage\":\"en-US\",\"@id\":\"https:\\\/\\\/innow.pl\\\/produkt\\\/t645w-orws-balkonik-podporka-stala-ulatwiajaca-wstawanie\\\/#primaryimage\",\"url\":\"https:\\\/\\\/innow.pl\\\/wp-content\\\/uploads\\\/2024\\\/11\\\/T645W_ORWS_01.jpg\",\"contentUrl\":\"https:\\\/\\\/innow.pl\\\/wp-content\\\/uploads\\\/2024\\\/11\\\/T645W_ORWS_01.jpg\",\"width\":800,\"height\":800,\"caption\":\"T645W [ORWS] \u2013 Balkonik \u2013 podp\u00f3rka sta\u0142a u\u0142atwiaj\u0105ca wstawanie\"},{\"@type\":\"BreadcrumbList\",\"@id\":\"https:\\\/\\\/innow.pl\\\/produkt\\\/t645w-orws-balkonik-podporka-stala-ulatwiajaca-wstawanie\\\/#breadcrumb\",\"itemListElement\":[{\"@type\":\"ListItem\",\"position\":1,\"name\":\"INNOW\",\"item\":\"https:\\\/\\\/innow.pl\\\/en\\\/\"},{\"@type\":\"ListItem\",\"position\":2,\"name\":\"Produkty\",\"item\":\"https:\\\/\\\/innow.pl\\\/produkty\\\/\"},{\"@type\":\"ListItem\",\"position\":3,\"name\":\"Od r\u0119ki w salonie\",\"item\":\"https:\\\/\\\/innow.pl\\\/produkty\\\/od-reki-w-salonie\\\/\"},{\"@type\":\"ListItem\",\"position\":4,\"name\":\"Rehabilitacja\",\"item\":\"https:\\\/\\\/innow.pl\\\/produkty\\\/od-reki-w-salonie\\\/rehabilitacja\\\/\"},{\"@type\":\"ListItem\",\"position\":5,\"name\":\"T645W [ORWS] \u2013 Balkonik \u2013 podp\u00f3rka sta\u0142a u\u0142atwiaj\u0105ca wstawanie\"}]},{\"@type\":\"WebSite\",\"@id\":\"https:\\\/\\\/innow.pl\\\/#website\",\"url\":\"https:\\\/\\\/innow.pl\\\/\",\"name\":\"INNOW\",\"description\":\"\",\"potentialAction\":[{\"@type\":\"SearchAction\",\"target\":{\"@type\":\"EntryPoint\",\"urlTemplate\":\"https:\\\/\\\/innow.pl\\\/?s={search_term_string}\"},\"query-input\":{\"@type\":\"PropertyValueSpecification\",\"valueRequired\":true,\"valueName\":\"search_term_string\"}}],\"inLanguage\":\"en-US\"}]}<\/script>\n<!-- \/ Yoast SEO plugin. -->","yoast_head_json":{"title":"T645W [ORWS] \u2013 Balkonik \u2013 podp\u00f3rka sta\u0142a u\u0142atwiaj\u0105ca wstawanie - INNOW","robots":{"index":"index","follow":"follow","max-snippet":"max-snippet:-1","max-image-preview":"max-image-preview:large","max-video-preview":"max-video-preview:-1"},"canonical":"https:\/\/innow.pl\/produkt\/t645w-orws-balkonik-podporka-stala-ulatwiajaca-wstawanie\/","og_locale":"en_US","og_type":"article","og_title":"T645W [ORWS] \u2013 Balkonik \u2013 podp\u00f3rka sta\u0142a u\u0142atwiaj\u0105ca wstawanie - INNOW","og_description":"Balkonik rehabilitacyjny ze specjalnymi uchwytami u\u0142atwiaj\u0105cymi wstawanie. Polecany jest osobom niepe\u0142nosprawnym z problemami zwi\u0105zanymi z narz\u0105dem ruchu, utrzymaniem r\u00f3wnowagi podczas chodzenia oraz pionizacj\u0105. Szczeg\u00f3\u0142owy opis wyrobu tego typu znajduje si\u0119 pod linkiem: T645W","og_url":"https:\/\/innow.pl\/produkt\/t645w-orws-balkonik-podporka-stala-ulatwiajaca-wstawanie\/","og_site_name":"INNOW","article_modified_time":"2025-02-19T08:21:24+00:00","og_image":[{"width":800,"height":800,"url":"https:\/\/innow.pl\/wp-content\/uploads\/2024\/11\/T645W_ORWS_01.jpg","type":"image\/jpeg"}],"twitter_card":"summary_large_image","twitter_misc":{"Est. reading time":"1 minute"},"schema":{"@context":"https:\/\/schema.org","@graph":[{"@type":"WebPage","@id":"https:\/\/innow.pl\/produkt\/t645w-orws-balkonik-podporka-stala-ulatwiajaca-wstawanie\/","url":"https:\/\/innow.pl\/produkt\/t645w-orws-balkonik-podporka-stala-ulatwiajaca-wstawanie\/","name":"T645W [ORWS] \u2013 Balkonik \u2013 podp\u00f3rka sta\u0142a u\u0142atwiaj\u0105ca wstawanie - INNOW","isPartOf":{"@id":"https:\/\/innow.pl\/#website"},"primaryImageOfPage":{"@id":"https:\/\/innow.pl\/produkt\/t645w-orws-balkonik-podporka-stala-ulatwiajaca-wstawanie\/#primaryimage"},"image":{"@id":"https:\/\/innow.pl\/produkt\/t645w-orws-balkonik-podporka-stala-ulatwiajaca-wstawanie\/#primaryimage"},"thumbnailUrl":"https:\/\/innow.pl\/wp-content\/uploads\/2024\/11\/T645W_ORWS_01.jpg","datePublished":"2017-11-10T11:15:28+00:00","dateModified":"2025-02-19T08:21:24+00:00","breadcrumb":{"@id":"https:\/\/innow.pl\/produkt\/t645w-orws-balkonik-podporka-stala-ulatwiajaca-wstawanie\/#breadcrumb"},"inLanguage":"en-US","potentialAction":[{"@type":"ReadAction","target":["https:\/\/innow.pl\/produkt\/t645w-orws-balkonik-podporka-stala-ulatwiajaca-wstawanie\/"]}]},{"@type":"ImageObject","inLanguage":"en-US","@id":"https:\/\/innow.pl\/produkt\/t645w-orws-balkonik-podporka-stala-ulatwiajaca-wstawanie\/#primaryimage","url":"https:\/\/innow.pl\/wp-content\/uploads\/2024\/11\/T645W_ORWS_01.jpg","contentUrl":"https:\/\/innow.pl\/wp-content\/uploads\/2024\/11\/T645W_ORWS_01.jpg","width":800,"height":800,"caption":"T645W [ORWS] \u2013 Balkonik \u2013 podp\u00f3rka sta\u0142a u\u0142atwiaj\u0105ca wstawanie"},{"@type":"BreadcrumbList","@id":"https:\/\/innow.pl\/produkt\/t645w-orws-balkonik-podporka-stala-ulatwiajaca-wstawanie\/#breadcrumb","itemListElement":[{"@type":"ListItem","position":1,"name":"INNOW","item":"https:\/\/innow.pl\/en\/"},{"@type":"ListItem","position":2,"name":"Produkty","item":"https:\/\/innow.pl\/produkty\/"},{"@type":"ListItem","position":3,"name":"Od r\u0119ki w salonie","item":"https:\/\/innow.pl\/produkty\/od-reki-w-salonie\/"},{"@type":"ListItem","position":4,"name":"Rehabilitacja","item":"https:\/\/innow.pl\/produkty\/od-reki-w-salonie\/rehabilitacja\/"},{"@type":"ListItem","position":5,"name":"T645W [ORWS] \u2013 Balkonik \u2013 podp\u00f3rka sta\u0142a u\u0142atwiaj\u0105ca wstawanie"}]},{"@type":"WebSite","@id":"https:\/\/innow.pl\/#website","url":"https:\/\/innow.pl\/","name":"INNOW","description":"","potentialAction":[{"@type":"SearchAction","target":{"@type":"EntryPoint","urlTemplate":"https:\/\/innow.pl\/?s={search_term_string}"},"query-input":{"@type":"PropertyValueSpecification","valueRequired":true,"valueName":"search_term_string"}}],"inLanguage":"en-US"}]}},"_links":{"self":[{"href":"https:\/\/innow.pl\/en\/wp-json\/wp\/v2\/product\/27690","targetHints":{"allow":["GET"]}}],"collection":[{"href":"https:\/\/innow.pl\/en\/wp-json\/wp\/v2\/product"}],"about":[{"href":"https:\/\/innow.pl\/en\/wp-json\/wp\/v2\/types\/product"}],"replies":[{"embeddable":true,"href":"https:\/\/innow.pl\/en\/wp-json\/wp\/v2\/comments?post=27690"}],"wp:featuredmedia":[{"embeddable":true,"href":"https:\/\/innow.pl\/en\/wp-json\/wp\/v2\/media\/27692"}],"wp:attachment":[{"href":"https:\/\/innow.pl\/en\/wp-json\/wp\/v2\/media?parent=27690"}],"wp:term":[{"taxonomy":"product_brand","embeddable":true,"href":"https:\/\/innow.pl\/en\/wp-json\/wp\/v2\/product_brand?post=27690"},{"taxonomy":"product_cat","embeddable":true,"href":"https:\/\/innow.pl\/en\/wp-json\/wp\/v2\/product_cat?post=27690"},{"taxonomy":"product_tag","embeddable":true,"href":"https:\/\/innow.pl\/en\/wp-json\/wp\/v2\/product_tag?post=27690"}],"curies":[{"name":"wp","href":"https:\/\/api.w.org\/{rel}","templated":true}]}}