{"id":27486,"date":"2017-09-07T11:01:10","date_gmt":"2017-09-07T09:01:10","guid":{"rendered":"https:\/\/innow.pl\/produkt\/podparcie-wielopozycyjne-pod-udo-poliuretan-2\/"},"modified":"2025-02-19T10:58:44","modified_gmt":"2025-02-19T09:58:44","slug":"podparcie-wielopozycyjne-pod-udo-poliuretan-2","status":"publish","type":"product","link":"https:\/\/innow.pl\/en\/produkt\/podparcie-wielopozycyjne-pod-udo-poliuretan-2\/","title":{"rendered":"PODINN_udo &#8211; Podparcie wielopozycyjne pod udo (poliuretan)"},"content":{"rendered":"<p>Wielopozycyjne podparcie pod udo do foteli ginekologicznych lub sto\u0142\u00f3w zabiegowych umo\u017cliwia wykonanie okre\u015blonych bada\u0144 i zabieg\u00f3w. UWAGA: oferta dotyczy sytuacji, gdy niniejszy produkt kupowany jest osobno (nie jako wyposa\u017cenie dodatkowe sto\u0142u).<\/p>\n","protected":false},"excerpt":{"rendered":"<p>Wielopozycyjne podparcie pod udo do foteli ginekologicznych lub sto\u0142\u00f3w zabiegowych umo\u017cliwia wykonanie okre\u015blonych bada\u0144 i zabieg\u00f3w. UWAGA: oferta dotyczy sytuacji, gdy niniejszy produkt kupowany jest osobno (nie jako wyposa\u017cenie dodatkowe sto\u0142u).<\/p>\n","protected":false},"featured_media":27488,"comment_status":"open","ping_status":"closed","template":"","meta":{"_acf_changed":false},"product_brand":[],"product_cat":[440,543,1281,479],"product_tag":[],"class_list":{"0":"post-27486","1":"product","2":"type-product","3":"status-publish","4":"has-post-thumbnail","6":"product_cat-meble-medyczne","7":"product_cat-osprzet-do-stolow-zabiegowych","8":"product_cat-podparcia-pod-rece-i-uda-standard","9":"product_cat-stoly-zabiegowe","11":"first","12":"instock","13":"taxable","14":"shipping-taxable","15":"purchasable","16":"product-type-simple"},"acf":[],"yoast_head":"<!-- This site is optimized with the Yoast SEO plugin v27.4 - https:\/\/yoast.com\/product\/yoast-seo-wordpress\/ -->\n<title>PODINN_udo - Podparcie wielopozycyjne pod udo (poliuretan) - INNOW<\/title>\n<meta name=\"description\" content=\"Komfortowe podparcie wielopozycyjne pod udo (poliuretan) - dostosowane do przeprowadzanego zabiegu, badania u\u0142o\u017cenie nogi pacjenta.\" \/>\n<meta name=\"robots\" content=\"index, follow, max-snippet:-1, max-image-preview:large, max-video-preview:-1\" \/>\n<link rel=\"canonical\" href=\"https:\/\/innow.pl\/produkt\/podparcie-wielopozycyjne-pod-udo-poliuretan-2\/\" \/>\n<meta property=\"og:locale\" content=\"en_US\" \/>\n<meta property=\"og:type\" content=\"article\" \/>\n<meta property=\"og:title\" content=\"PODINN_udo - Podparcie wielopozycyjne pod udo (poliuretan) - INNOW\" \/>\n<meta property=\"og:description\" content=\"Komfortowe podparcie wielopozycyjne pod udo (poliuretan) - dostosowane do przeprowadzanego zabiegu, badania u\u0142o\u017cenie nogi pacjenta.\" \/>\n<meta property=\"og:url\" content=\"https:\/\/innow.pl\/produkt\/podparcie-wielopozycyjne-pod-udo-poliuretan-2\/\" \/>\n<meta property=\"og:site_name\" content=\"INNOW\" \/>\n<meta property=\"article:modified_time\" content=\"2025-02-19T09:58:44+00:00\" \/>\n<meta property=\"og:image\" content=\"https:\/\/innow.pl\/wp-content\/uploads\/2024\/11\/Podparcie_pod_udo_wielopozycyjne_poliuretan_2-new-2.jpg\" \/>\n\t<meta property=\"og:image:width\" content=\"600\" \/>\n\t<meta property=\"og:image:height\" content=\"600\" \/>\n\t<meta property=\"og:image:type\" content=\"image\/jpeg\" \/>\n<meta name=\"twitter:card\" content=\"summary_large_image\" \/>\n<meta name=\"twitter:label1\" content=\"Est. reading time\" \/>\n\t<meta name=\"twitter:data1\" content=\"1 minute\" \/>\n<script type=\"application\/ld+json\" class=\"yoast-schema-graph\">{\"@context\":\"https:\\\/\\\/schema.org\",\"@graph\":[{\"@type\":\"WebPage\",\"@id\":\"https:\\\/\\\/innow.pl\\\/produkt\\\/podparcie-wielopozycyjne-pod-udo-poliuretan-2\\\/\",\"url\":\"https:\\\/\\\/innow.pl\\\/produkt\\\/podparcie-wielopozycyjne-pod-udo-poliuretan-2\\\/\",\"name\":\"PODINN_udo - Podparcie wielopozycyjne pod udo (poliuretan) - INNOW\",\"isPartOf\":{\"@id\":\"https:\\\/\\\/innow.pl\\\/#website\"},\"primaryImageOfPage\":{\"@id\":\"https:\\\/\\\/innow.pl\\\/produkt\\\/podparcie-wielopozycyjne-pod-udo-poliuretan-2\\\/#primaryimage\"},\"image\":{\"@id\":\"https:\\\/\\\/innow.pl\\\/produkt\\\/podparcie-wielopozycyjne-pod-udo-poliuretan-2\\\/#primaryimage\"},\"thumbnailUrl\":\"https:\\\/\\\/innow.pl\\\/wp-content\\\/uploads\\\/2024\\\/11\\\/Podparcie_pod_udo_wielopozycyjne_poliuretan_2-new-2.jpg\",\"datePublished\":\"2017-09-07T09:01:10+00:00\",\"dateModified\":\"2025-02-19T09:58:44+00:00\",\"description\":\"Komfortowe podparcie wielopozycyjne pod udo (poliuretan) - dostosowane do przeprowadzanego zabiegu, badania u\u0142o\u017cenie nogi pacjenta.\",\"breadcrumb\":{\"@id\":\"https:\\\/\\\/innow.pl\\\/produkt\\\/podparcie-wielopozycyjne-pod-udo-poliuretan-2\\\/#breadcrumb\"},\"inLanguage\":\"en-US\",\"potentialAction\":[{\"@type\":\"ReadAction\",\"target\":[\"https:\\\/\\\/innow.pl\\\/produkt\\\/podparcie-wielopozycyjne-pod-udo-poliuretan-2\\\/\"]}]},{\"@type\":\"ImageObject\",\"inLanguage\":\"en-US\",\"@id\":\"https:\\\/\\\/innow.pl\\\/produkt\\\/podparcie-wielopozycyjne-pod-udo-poliuretan-2\\\/#primaryimage\",\"url\":\"https:\\\/\\\/innow.pl\\\/wp-content\\\/uploads\\\/2024\\\/11\\\/Podparcie_pod_udo_wielopozycyjne_poliuretan_2-new-2.jpg\",\"contentUrl\":\"https:\\\/\\\/innow.pl\\\/wp-content\\\/uploads\\\/2024\\\/11\\\/Podparcie_pod_udo_wielopozycyjne_poliuretan_2-new-2.jpg\",\"width\":600,\"height\":600,\"caption\":\"Podparcie wielopozycyjne pod udo (poliuretan) \u2013 PODINN_udo \u2013 INNOW\"},{\"@type\":\"BreadcrumbList\",\"@id\":\"https:\\\/\\\/innow.pl\\\/produkt\\\/podparcie-wielopozycyjne-pod-udo-poliuretan-2\\\/#breadcrumb\",\"itemListElement\":[{\"@type\":\"ListItem\",\"position\":1,\"name\":\"INNOW\",\"item\":\"https:\\\/\\\/innow.pl\\\/en\\\/\"},{\"@type\":\"ListItem\",\"position\":2,\"name\":\"Produkty\",\"item\":\"https:\\\/\\\/innow.pl\\\/produkty\\\/\"},{\"@type\":\"ListItem\",\"position\":3,\"name\":\"Meble medyczne\",\"item\":\"https:\\\/\\\/innow.pl\\\/produkty\\\/meble-medyczne\\\/\"},{\"@type\":\"ListItem\",\"position\":4,\"name\":\"Sto\u0142y zabiegowe\",\"item\":\"https:\\\/\\\/innow.pl\\\/produkty\\\/meble-medyczne\\\/stoly-zabiegowe\\\/\"},{\"@type\":\"ListItem\",\"position\":5,\"name\":\"Osprz\u0119t do sto\u0142\u00f3w zabiegowych\",\"item\":\"https:\\\/\\\/innow.pl\\\/produkty\\\/meble-medyczne\\\/stoly-zabiegowe\\\/osprzet-do-stolow-zabiegowych\\\/\"},{\"@type\":\"ListItem\",\"position\":6,\"name\":\"Podparcia pod r\u0119ce i uda - standard\",\"item\":\"https:\\\/\\\/innow.pl\\\/produkty\\\/meble-medyczne\\\/stoly-zabiegowe\\\/osprzet-do-stolow-zabiegowych\\\/podparcia-pod-rece-i-uda-standard\\\/\"},{\"@type\":\"ListItem\",\"position\":7,\"name\":\"PODINN_udo &#8211; Podparcie wielopozycyjne pod udo (poliuretan)\"}]},{\"@type\":\"WebSite\",\"@id\":\"https:\\\/\\\/innow.pl\\\/#website\",\"url\":\"https:\\\/\\\/innow.pl\\\/\",\"name\":\"INNOW\",\"description\":\"\",\"potentialAction\":[{\"@type\":\"SearchAction\",\"target\":{\"@type\":\"EntryPoint\",\"urlTemplate\":\"https:\\\/\\\/innow.pl\\\/?s={search_term_string}\"},\"query-input\":{\"@type\":\"PropertyValueSpecification\",\"valueRequired\":true,\"valueName\":\"search_term_string\"}}],\"inLanguage\":\"en-US\"}]}<\/script>\n<!-- \/ Yoast SEO plugin. -->","yoast_head_json":{"title":"PODINN_udo - Podparcie wielopozycyjne pod udo (poliuretan) - INNOW","description":"Komfortowe podparcie wielopozycyjne pod udo (poliuretan) - dostosowane do przeprowadzanego zabiegu, badania u\u0142o\u017cenie nogi pacjenta.","robots":{"index":"index","follow":"follow","max-snippet":"max-snippet:-1","max-image-preview":"max-image-preview:large","max-video-preview":"max-video-preview:-1"},"canonical":"https:\/\/innow.pl\/produkt\/podparcie-wielopozycyjne-pod-udo-poliuretan-2\/","og_locale":"en_US","og_type":"article","og_title":"PODINN_udo - Podparcie wielopozycyjne pod udo (poliuretan) - INNOW","og_description":"Komfortowe podparcie wielopozycyjne pod udo (poliuretan) - dostosowane do przeprowadzanego zabiegu, badania u\u0142o\u017cenie nogi pacjenta.","og_url":"https:\/\/innow.pl\/produkt\/podparcie-wielopozycyjne-pod-udo-poliuretan-2\/","og_site_name":"INNOW","article_modified_time":"2025-02-19T09:58:44+00:00","og_image":[{"width":600,"height":600,"url":"https:\/\/innow.pl\/wp-content\/uploads\/2024\/11\/Podparcie_pod_udo_wielopozycyjne_poliuretan_2-new-2.jpg","type":"image\/jpeg"}],"twitter_card":"summary_large_image","twitter_misc":{"Est. reading time":"1 minute"},"schema":{"@context":"https:\/\/schema.org","@graph":[{"@type":"WebPage","@id":"https:\/\/innow.pl\/produkt\/podparcie-wielopozycyjne-pod-udo-poliuretan-2\/","url":"https:\/\/innow.pl\/produkt\/podparcie-wielopozycyjne-pod-udo-poliuretan-2\/","name":"PODINN_udo - Podparcie wielopozycyjne pod udo (poliuretan) - INNOW","isPartOf":{"@id":"https:\/\/innow.pl\/#website"},"primaryImageOfPage":{"@id":"https:\/\/innow.pl\/produkt\/podparcie-wielopozycyjne-pod-udo-poliuretan-2\/#primaryimage"},"image":{"@id":"https:\/\/innow.pl\/produkt\/podparcie-wielopozycyjne-pod-udo-poliuretan-2\/#primaryimage"},"thumbnailUrl":"https:\/\/innow.pl\/wp-content\/uploads\/2024\/11\/Podparcie_pod_udo_wielopozycyjne_poliuretan_2-new-2.jpg","datePublished":"2017-09-07T09:01:10+00:00","dateModified":"2025-02-19T09:58:44+00:00","description":"Komfortowe podparcie wielopozycyjne pod udo (poliuretan) - dostosowane do przeprowadzanego zabiegu, badania u\u0142o\u017cenie nogi pacjenta.","breadcrumb":{"@id":"https:\/\/innow.pl\/produkt\/podparcie-wielopozycyjne-pod-udo-poliuretan-2\/#breadcrumb"},"inLanguage":"en-US","potentialAction":[{"@type":"ReadAction","target":["https:\/\/innow.pl\/produkt\/podparcie-wielopozycyjne-pod-udo-poliuretan-2\/"]}]},{"@type":"ImageObject","inLanguage":"en-US","@id":"https:\/\/innow.pl\/produkt\/podparcie-wielopozycyjne-pod-udo-poliuretan-2\/#primaryimage","url":"https:\/\/innow.pl\/wp-content\/uploads\/2024\/11\/Podparcie_pod_udo_wielopozycyjne_poliuretan_2-new-2.jpg","contentUrl":"https:\/\/innow.pl\/wp-content\/uploads\/2024\/11\/Podparcie_pod_udo_wielopozycyjne_poliuretan_2-new-2.jpg","width":600,"height":600,"caption":"Podparcie wielopozycyjne pod udo (poliuretan) \u2013 PODINN_udo \u2013 INNOW"},{"@type":"BreadcrumbList","@id":"https:\/\/innow.pl\/produkt\/podparcie-wielopozycyjne-pod-udo-poliuretan-2\/#breadcrumb","itemListElement":[{"@type":"ListItem","position":1,"name":"INNOW","item":"https:\/\/innow.pl\/en\/"},{"@type":"ListItem","position":2,"name":"Produkty","item":"https:\/\/innow.pl\/produkty\/"},{"@type":"ListItem","position":3,"name":"Meble medyczne","item":"https:\/\/innow.pl\/produkty\/meble-medyczne\/"},{"@type":"ListItem","position":4,"name":"Sto\u0142y zabiegowe","item":"https:\/\/innow.pl\/produkty\/meble-medyczne\/stoly-zabiegowe\/"},{"@type":"ListItem","position":5,"name":"Osprz\u0119t do sto\u0142\u00f3w zabiegowych","item":"https:\/\/innow.pl\/produkty\/meble-medyczne\/stoly-zabiegowe\/osprzet-do-stolow-zabiegowych\/"},{"@type":"ListItem","position":6,"name":"Podparcia pod r\u0119ce i uda - standard","item":"https:\/\/innow.pl\/produkty\/meble-medyczne\/stoly-zabiegowe\/osprzet-do-stolow-zabiegowych\/podparcia-pod-rece-i-uda-standard\/"},{"@type":"ListItem","position":7,"name":"PODINN_udo &#8211; Podparcie wielopozycyjne pod udo (poliuretan)"}]},{"@type":"WebSite","@id":"https:\/\/innow.pl\/#website","url":"https:\/\/innow.pl\/","name":"INNOW","description":"","potentialAction":[{"@type":"SearchAction","target":{"@type":"EntryPoint","urlTemplate":"https:\/\/innow.pl\/?s={search_term_string}"},"query-input":{"@type":"PropertyValueSpecification","valueRequired":true,"valueName":"search_term_string"}}],"inLanguage":"en-US"}]}},"_links":{"self":[{"href":"https:\/\/innow.pl\/en\/wp-json\/wp\/v2\/product\/27486","targetHints":{"allow":["GET"]}}],"collection":[{"href":"https:\/\/innow.pl\/en\/wp-json\/wp\/v2\/product"}],"about":[{"href":"https:\/\/innow.pl\/en\/wp-json\/wp\/v2\/types\/product"}],"replies":[{"embeddable":true,"href":"https:\/\/innow.pl\/en\/wp-json\/wp\/v2\/comments?post=27486"}],"wp:featuredmedia":[{"embeddable":true,"href":"https:\/\/innow.pl\/en\/wp-json\/wp\/v2\/media\/27488"}],"wp:attachment":[{"href":"https:\/\/innow.pl\/en\/wp-json\/wp\/v2\/media?parent=27486"}],"wp:term":[{"taxonomy":"product_brand","embeddable":true,"href":"https:\/\/innow.pl\/en\/wp-json\/wp\/v2\/product_brand?post=27486"},{"taxonomy":"product_cat","embeddable":true,"href":"https:\/\/innow.pl\/en\/wp-json\/wp\/v2\/product_cat?post=27486"},{"taxonomy":"product_tag","embeddable":true,"href":"https:\/\/innow.pl\/en\/wp-json\/wp\/v2\/product_tag?post=27486"}],"curies":[{"name":"wp","href":"https:\/\/api.w.org\/{rel}","templated":true}]}}