{"id":27436,"date":"2017-09-01T06:44:56","date_gmt":"2017-09-01T04:44:56","guid":{"rendered":"https:\/\/innow.pl\/produkt\/gazowe-podnoszenie-oparcia-plecow\/"},"modified":"2025-03-28T15:15:38","modified_gmt":"2025-03-28T14:15:38","slug":"gazowe-podnoszenie-oparcia-plecow","status":"publish","type":"product","link":"https:\/\/innow.pl\/en\/produkt\/gazowe-podnoszenie-oparcia-plecow\/","title":{"rendered":"Gazowe podnoszenie oparcia plec\u00f3w"},"content":{"rendered":"<p align=\"left\">Regulacja za pomoc\u0105 spr\u0119\u017cyny gazowej u\u0142atwia i usprawnia zmian\u0119 k\u0105ta nachylenia oparcia plec\u00f3w.<\/p>\n<p lang=\"pl-PL\" align=\"left\">Sterowanie odbywa si\u0119 poprzez doci\u015bni\u0119cie dr\u0105\u017cka do fotela (zwalniaj\u0105c mechanizm) i ustawieniu odpowiedniej pozycji poprzez delikatne sterowanie dan\u0105 cz\u0119\u015bci\u0105.<\/p>\n","protected":false},"excerpt":{"rendered":"<p>Regulacja za pomoc\u0105 spr\u0119\u017cyny gazowej u\u0142atwia i usprawnia zmian\u0119 k\u0105ta nachylenia oparcia plec\u00f3w. Sterowanie odbywa si\u0119 poprzez doci\u015bni\u0119cie dr\u0105\u017cka do fotela (zwalniaj\u0105c mechanizm) i ustawieniu odpowiedniej pozycji poprzez delikatne sterowanie dan\u0105 cz\u0119\u015bci\u0105.<\/p>\n","protected":false},"featured_media":27438,"comment_status":"open","ping_status":"closed","template":"","meta":{"_acf_changed":false},"product_brand":[],"product_cat":[2017],"product_tag":[],"class_list":{"0":"post-27436","1":"product","2":"type-product","3":"status-publish","4":"has-post-thumbnail","6":"product_cat-wyposazenie-opcjonalne","8":"first","9":"instock","10":"taxable","11":"shipping-taxable","12":"purchasable","13":"product-type-simple"},"acf":[],"yoast_head":"<!-- This site is optimized with the Yoast SEO plugin v27.4 - https:\/\/yoast.com\/product\/yoast-seo-wordpress\/ -->\n<title>Gazowe podnoszenie oparcia plec\u00f3w - INNOW<\/title>\n<meta name=\"robots\" content=\"index, follow, max-snippet:-1, max-image-preview:large, max-video-preview:-1\" \/>\n<link rel=\"canonical\" href=\"https:\/\/innow.pl\/produkt\/gazowe-podnoszenie-oparcia-plecow\/\" \/>\n<meta property=\"og:locale\" content=\"en_US\" \/>\n<meta property=\"og:type\" content=\"article\" \/>\n<meta property=\"og:title\" content=\"Gazowe podnoszenie oparcia plec\u00f3w - INNOW\" \/>\n<meta property=\"og:description\" content=\"Regulacja za pomoc\u0105 spr\u0119\u017cyny gazowej u\u0142atwia i usprawnia zmian\u0119 k\u0105ta nachylenia oparcia plec\u00f3w. Sterowanie odbywa si\u0119 poprzez doci\u015bni\u0119cie dr\u0105\u017cka do fotela (zwalniaj\u0105c mechanizm) i ustawieniu odpowiedniej pozycji poprzez delikatne sterowanie dan\u0105 cz\u0119\u015bci\u0105.\" \/>\n<meta property=\"og:url\" content=\"https:\/\/innow.pl\/produkt\/gazowe-podnoszenie-oparcia-plecow\/\" \/>\n<meta property=\"og:site_name\" content=\"INNOW\" \/>\n<meta property=\"article:modified_time\" content=\"2025-03-28T14:15:38+00:00\" \/>\n<meta property=\"og:image\" content=\"https:\/\/innow.pl\/wp-content\/uploads\/2024\/11\/gazowe_podnoszenie_oparcia_plecow.jpg\" \/>\n\t<meta property=\"og:image:width\" content=\"543\" \/>\n\t<meta property=\"og:image:height\" content=\"480\" \/>\n\t<meta property=\"og:image:type\" content=\"image\/jpeg\" \/>\n<meta name=\"twitter:card\" content=\"summary_large_image\" \/>\n<meta name=\"twitter:label1\" content=\"Est. reading time\" \/>\n\t<meta name=\"twitter:data1\" content=\"1 minute\" \/>\n<script type=\"application\/ld+json\" class=\"yoast-schema-graph\">{\"@context\":\"https:\\\/\\\/schema.org\",\"@graph\":[{\"@type\":\"WebPage\",\"@id\":\"https:\\\/\\\/innow.pl\\\/produkt\\\/gazowe-podnoszenie-oparcia-plecow\\\/\",\"url\":\"https:\\\/\\\/innow.pl\\\/produkt\\\/gazowe-podnoszenie-oparcia-plecow\\\/\",\"name\":\"Gazowe podnoszenie oparcia plec\u00f3w - INNOW\",\"isPartOf\":{\"@id\":\"https:\\\/\\\/innow.pl\\\/#website\"},\"primaryImageOfPage\":{\"@id\":\"https:\\\/\\\/innow.pl\\\/produkt\\\/gazowe-podnoszenie-oparcia-plecow\\\/#primaryimage\"},\"image\":{\"@id\":\"https:\\\/\\\/innow.pl\\\/produkt\\\/gazowe-podnoszenie-oparcia-plecow\\\/#primaryimage\"},\"thumbnailUrl\":\"https:\\\/\\\/innow.pl\\\/wp-content\\\/uploads\\\/2024\\\/11\\\/gazowe_podnoszenie_oparcia_plecow.jpg\",\"datePublished\":\"2017-09-01T04:44:56+00:00\",\"dateModified\":\"2025-03-28T14:15:38+00:00\",\"breadcrumb\":{\"@id\":\"https:\\\/\\\/innow.pl\\\/produkt\\\/gazowe-podnoszenie-oparcia-plecow\\\/#breadcrumb\"},\"inLanguage\":\"en-US\",\"potentialAction\":[{\"@type\":\"ReadAction\",\"target\":[\"https:\\\/\\\/innow.pl\\\/produkt\\\/gazowe-podnoszenie-oparcia-plecow\\\/\"]}]},{\"@type\":\"ImageObject\",\"inLanguage\":\"en-US\",\"@id\":\"https:\\\/\\\/innow.pl\\\/produkt\\\/gazowe-podnoszenie-oparcia-plecow\\\/#primaryimage\",\"url\":\"https:\\\/\\\/innow.pl\\\/wp-content\\\/uploads\\\/2024\\\/11\\\/gazowe_podnoszenie_oparcia_plecow.jpg\",\"contentUrl\":\"https:\\\/\\\/innow.pl\\\/wp-content\\\/uploads\\\/2024\\\/11\\\/gazowe_podnoszenie_oparcia_plecow.jpg\",\"width\":543,\"height\":480,\"caption\":\"Gazowe podnoszenie oparcia plec\u00f3w - INNOW\"},{\"@type\":\"BreadcrumbList\",\"@id\":\"https:\\\/\\\/innow.pl\\\/produkt\\\/gazowe-podnoszenie-oparcia-plecow\\\/#breadcrumb\",\"itemListElement\":[{\"@type\":\"ListItem\",\"position\":1,\"name\":\"INNOW\",\"item\":\"https:\\\/\\\/innow.pl\\\/en\\\/\"},{\"@type\":\"ListItem\",\"position\":2,\"name\":\"Produkty\",\"item\":\"https:\\\/\\\/innow.pl\\\/produkty\\\/\"},{\"@type\":\"ListItem\",\"position\":3,\"name\":\"Wyposa\u017cenie opcjonalne\",\"item\":\"https:\\\/\\\/innow.pl\\\/produkty\\\/wyposazenie-opcjonalne\\\/\"},{\"@type\":\"ListItem\",\"position\":4,\"name\":\"Gazowe podnoszenie oparcia plec\u00f3w\"}]},{\"@type\":\"WebSite\",\"@id\":\"https:\\\/\\\/innow.pl\\\/#website\",\"url\":\"https:\\\/\\\/innow.pl\\\/\",\"name\":\"INNOW\",\"description\":\"\",\"potentialAction\":[{\"@type\":\"SearchAction\",\"target\":{\"@type\":\"EntryPoint\",\"urlTemplate\":\"https:\\\/\\\/innow.pl\\\/?s={search_term_string}\"},\"query-input\":{\"@type\":\"PropertyValueSpecification\",\"valueRequired\":true,\"valueName\":\"search_term_string\"}}],\"inLanguage\":\"en-US\"}]}<\/script>\n<!-- \/ Yoast SEO plugin. -->","yoast_head_json":{"title":"Gazowe podnoszenie oparcia plec\u00f3w - INNOW","robots":{"index":"index","follow":"follow","max-snippet":"max-snippet:-1","max-image-preview":"max-image-preview:large","max-video-preview":"max-video-preview:-1"},"canonical":"https:\/\/innow.pl\/produkt\/gazowe-podnoszenie-oparcia-plecow\/","og_locale":"en_US","og_type":"article","og_title":"Gazowe podnoszenie oparcia plec\u00f3w - INNOW","og_description":"Regulacja za pomoc\u0105 spr\u0119\u017cyny gazowej u\u0142atwia i usprawnia zmian\u0119 k\u0105ta nachylenia oparcia plec\u00f3w. Sterowanie odbywa si\u0119 poprzez doci\u015bni\u0119cie dr\u0105\u017cka do fotela (zwalniaj\u0105c mechanizm) i ustawieniu odpowiedniej pozycji poprzez delikatne sterowanie dan\u0105 cz\u0119\u015bci\u0105.","og_url":"https:\/\/innow.pl\/produkt\/gazowe-podnoszenie-oparcia-plecow\/","og_site_name":"INNOW","article_modified_time":"2025-03-28T14:15:38+00:00","og_image":[{"width":543,"height":480,"url":"https:\/\/innow.pl\/wp-content\/uploads\/2024\/11\/gazowe_podnoszenie_oparcia_plecow.jpg","type":"image\/jpeg"}],"twitter_card":"summary_large_image","twitter_misc":{"Est. reading time":"1 minute"},"schema":{"@context":"https:\/\/schema.org","@graph":[{"@type":"WebPage","@id":"https:\/\/innow.pl\/produkt\/gazowe-podnoszenie-oparcia-plecow\/","url":"https:\/\/innow.pl\/produkt\/gazowe-podnoszenie-oparcia-plecow\/","name":"Gazowe podnoszenie oparcia plec\u00f3w - INNOW","isPartOf":{"@id":"https:\/\/innow.pl\/#website"},"primaryImageOfPage":{"@id":"https:\/\/innow.pl\/produkt\/gazowe-podnoszenie-oparcia-plecow\/#primaryimage"},"image":{"@id":"https:\/\/innow.pl\/produkt\/gazowe-podnoszenie-oparcia-plecow\/#primaryimage"},"thumbnailUrl":"https:\/\/innow.pl\/wp-content\/uploads\/2024\/11\/gazowe_podnoszenie_oparcia_plecow.jpg","datePublished":"2017-09-01T04:44:56+00:00","dateModified":"2025-03-28T14:15:38+00:00","breadcrumb":{"@id":"https:\/\/innow.pl\/produkt\/gazowe-podnoszenie-oparcia-plecow\/#breadcrumb"},"inLanguage":"en-US","potentialAction":[{"@type":"ReadAction","target":["https:\/\/innow.pl\/produkt\/gazowe-podnoszenie-oparcia-plecow\/"]}]},{"@type":"ImageObject","inLanguage":"en-US","@id":"https:\/\/innow.pl\/produkt\/gazowe-podnoszenie-oparcia-plecow\/#primaryimage","url":"https:\/\/innow.pl\/wp-content\/uploads\/2024\/11\/gazowe_podnoszenie_oparcia_plecow.jpg","contentUrl":"https:\/\/innow.pl\/wp-content\/uploads\/2024\/11\/gazowe_podnoszenie_oparcia_plecow.jpg","width":543,"height":480,"caption":"Gazowe podnoszenie oparcia plec\u00f3w - INNOW"},{"@type":"BreadcrumbList","@id":"https:\/\/innow.pl\/produkt\/gazowe-podnoszenie-oparcia-plecow\/#breadcrumb","itemListElement":[{"@type":"ListItem","position":1,"name":"INNOW","item":"https:\/\/innow.pl\/en\/"},{"@type":"ListItem","position":2,"name":"Produkty","item":"https:\/\/innow.pl\/produkty\/"},{"@type":"ListItem","position":3,"name":"Wyposa\u017cenie opcjonalne","item":"https:\/\/innow.pl\/produkty\/wyposazenie-opcjonalne\/"},{"@type":"ListItem","position":4,"name":"Gazowe podnoszenie oparcia plec\u00f3w"}]},{"@type":"WebSite","@id":"https:\/\/innow.pl\/#website","url":"https:\/\/innow.pl\/","name":"INNOW","description":"","potentialAction":[{"@type":"SearchAction","target":{"@type":"EntryPoint","urlTemplate":"https:\/\/innow.pl\/?s={search_term_string}"},"query-input":{"@type":"PropertyValueSpecification","valueRequired":true,"valueName":"search_term_string"}}],"inLanguage":"en-US"}]}},"_links":{"self":[{"href":"https:\/\/innow.pl\/en\/wp-json\/wp\/v2\/product\/27436","targetHints":{"allow":["GET"]}}],"collection":[{"href":"https:\/\/innow.pl\/en\/wp-json\/wp\/v2\/product"}],"about":[{"href":"https:\/\/innow.pl\/en\/wp-json\/wp\/v2\/types\/product"}],"replies":[{"embeddable":true,"href":"https:\/\/innow.pl\/en\/wp-json\/wp\/v2\/comments?post=27436"}],"wp:featuredmedia":[{"embeddable":true,"href":"https:\/\/innow.pl\/en\/wp-json\/wp\/v2\/media\/27438"}],"wp:attachment":[{"href":"https:\/\/innow.pl\/en\/wp-json\/wp\/v2\/media?parent=27436"}],"wp:term":[{"taxonomy":"product_brand","embeddable":true,"href":"https:\/\/innow.pl\/en\/wp-json\/wp\/v2\/product_brand?post=27436"},{"taxonomy":"product_cat","embeddable":true,"href":"https:\/\/innow.pl\/en\/wp-json\/wp\/v2\/product_cat?post=27436"},{"taxonomy":"product_tag","embeddable":true,"href":"https:\/\/innow.pl\/en\/wp-json\/wp\/v2\/product_tag?post=27436"}],"curies":[{"name":"wp","href":"https:\/\/api.w.org\/{rel}","templated":true}]}}