{"id":27329,"date":"2017-08-30T08:03:05","date_gmt":"2017-08-30T06:03:05","guid":{"rendered":"https:\/\/innow.pl\/produkt\/s405-evo-stol-do-transportu-chorych\/"},"modified":"2026-01-30T11:24:33","modified_gmt":"2026-01-30T10:24:33","slug":"s405-evo-stol-do-transportu-chorych","status":"publish","type":"product","link":"https:\/\/innow.pl\/en\/produkt\/s405-evo-stol-do-transportu-chorych\/","title":{"rendered":"S405 EVO &#8211; St\u00f3\u0142 do transportu chorych"},"content":{"rendered":"<p>St\u00f3\u0142 transportowy (w\u00f3zek do transportu pacjent\u00f3w, \u0142\u00f3\u017cko do transferu) z hydrauliczn\u0105 regulacj\u0105 wysoko\u015bci s\u0142u\u017cy do przemieszczania pacjent\u00f3w pomi\u0119dzy poszczeg\u00f3lnymi oddzia\u0142ami czy gabinetami wewn\u0105trz budynk\u00f3w s\u0142u\u017cby zdrowia. Wersja podstawowa sto\u0142u do przewo\u017cenia chorych zawiera: hydrauliczn\u0105 regulacj\u0119 wysoko\u015bci, regulacj\u0119 odchylenia podg\u0142\u00f3wka\/oparcia plec\u00f3w realizowan\u0105 za pomoc\u0105 spr\u0119\u017cyny gazowej, stojak na kropl\u00f3wki z mo\u017cliwo\u015bci\u0105 zmiany jego wysoko\u015bci, ko\u0142a z <a style=\"color: #3f5ae0;\" href=\"https:\/\/innow.pl\/produkt\/centralny-system-hamowania\/\">centralnym systemem hamowania<\/a> oraz standardowe barierki. Dodatkowy asortyment do sto\u0142u widoczny jest pod opisem.<\/p>\n<p><em>Z okazji 35-lecia istnienia firmy INNOW, wprowadzili\u015bmy na sta\u0142e do wyposa\u017cenia podstawowego: <\/em><\/p>\n<ul>\n<li><em>barierki boczne i szczyty ze stali nierdzewnej INOX,<\/em><\/li>\n<li><em>ko\u0142o kierunkowe,<\/em><\/li>\n<li><em>obudow\u0119 ramy dolnej.<\/em><\/li>\n<\/ul>\n<p style=\"text-align: left;\"><a>Informacje o w\u0142a\u015bciwo\u015bciach dost\u0119pnych <strong>materia\u0142\u00f3w obiciowych<\/strong> dost\u0119pne po klikni\u0119ciu w zdj\u0119cie:<\/a><\/p>\n<p style=\"text-align: left;\"><a href=\"https:\/\/innow.pl\/publikacje\/KatalogPDF\/Pokrycia-obiciowe-tapicerki.pdf\" target=\"_blank\" rel=\"noopener\"><img decoding=\"async\" src=\"https:\/\/innow.pl\/wp-content\/uploads\/2024\/11\/Tapicerki.jpg\" \/><\/a><\/p>\n","protected":false},"excerpt":{"rendered":"<p>St\u00f3\u0142 transportowy (w\u00f3zek do transportu pacjent\u00f3w, \u0142\u00f3\u017cko do transferu) z hydrauliczn\u0105 regulacj\u0105 wysoko\u015bci s\u0142u\u017cy do przemieszczania pacjent\u00f3w pomi\u0119dzy poszczeg\u00f3lnymi oddzia\u0142ami czy gabinetami wewn\u0105trz budynk\u00f3w s\u0142u\u017cby zdrowia. Wersja podstawowa sto\u0142u do przewo\u017cenia chorych zawiera: hydrauliczn\u0105 regulacj\u0119 wysoko\u015bci, regulacj\u0119 odchylenia podg\u0142\u00f3wka\/oparcia plec\u00f3w realizowan\u0105 za pomoc\u0105 spr\u0119\u017cyny gazowej, stojak na kropl\u00f3wki z mo\u017cliwo\u015bci\u0105 zmiany jego wysoko\u015bci, ko\u0142a z [&hellip;]<\/p>\n","protected":false},"featured_media":27332,"comment_status":"open","ping_status":"closed","template":"","meta":{"_acf_changed":false},"product_brand":[],"product_cat":[521,515,439],"product_tag":[],"class_list":{"0":"post-27329","1":"product","2":"type-product","3":"status-publish","4":"has-post-thumbnail","6":"product_cat-stoly-o-regulowanej-wysokosci","7":"product_cat-stoly-do-transportu-chorych","8":"product_cat-transport","9":"pa_dlugosc-lezyska-190-cm","10":"pa_kat-odchylenia-podglowka-0-70","11":"pa_szerokosc-lezyska-60-cm-standardowa","12":"pa_szerokosc-lezyska-za-doplata-65-cm-545-zl-netto","13":"pa_szerokosc-lezyska-za-doplata-70-cm-685-zl-netto","14":"pa_wytrzymalosc-200-kg","16":"first","17":"instock","18":"taxable","19":"shipping-taxable","20":"purchasable","21":"product-type-simple"},"acf":[],"yoast_head":"<!-- This site is optimized with the Yoast SEO plugin v27.4 - https:\/\/yoast.com\/product\/yoast-seo-wordpress\/ -->\n<title>S405 EVO - St\u00f3\u0142 do transportu chorych - INNOW<\/title>\n<meta name=\"description\" content=\"Solidny st\u00f3\u0142 do transportu chorych umo\u017cliwiaj\u0105cy przemieszczanie pacjent\u00f3w o masie cia\u0142a do 180 kg. Sprawd\u017a dost\u0119pne wyposa\u017cenie i kolory tapicerki!\" \/>\n<meta name=\"robots\" content=\"index, follow, max-snippet:-1, max-image-preview:large, max-video-preview:-1\" \/>\n<link rel=\"canonical\" href=\"https:\/\/innow.pl\/produkt\/s405-evo-stol-do-transportu-chorych\/\" \/>\n<meta property=\"og:locale\" content=\"en_US\" \/>\n<meta property=\"og:type\" content=\"article\" \/>\n<meta property=\"og:title\" content=\"S405 EVO - St\u00f3\u0142 do transportu chorych - INNOW\" \/>\n<meta property=\"og:description\" content=\"Solidny st\u00f3\u0142 do transportu chorych umo\u017cliwiaj\u0105cy przemieszczanie pacjent\u00f3w o masie cia\u0142a do 180 kg. Sprawd\u017a dost\u0119pne wyposa\u017cenie i kolory tapicerki!\" \/>\n<meta property=\"og:url\" content=\"https:\/\/innow.pl\/produkt\/s405-evo-stol-do-transportu-chorych\/\" \/>\n<meta property=\"og:site_name\" content=\"INNOW\" \/>\n<meta property=\"article:modified_time\" content=\"2026-01-30T10:24:33+00:00\" \/>\n<meta property=\"og:image\" content=\"https:\/\/innow.pl\/wp-content\/uploads\/2024\/11\/S405_EVO_new.jpg\" \/>\n\t<meta property=\"og:image:width\" content=\"800\" \/>\n\t<meta property=\"og:image:height\" content=\"800\" \/>\n\t<meta property=\"og:image:type\" content=\"image\/jpeg\" \/>\n<meta name=\"twitter:card\" content=\"summary_large_image\" \/>\n<meta name=\"twitter:label1\" content=\"Est. reading time\" \/>\n\t<meta name=\"twitter:data1\" content=\"2 minutes\" \/>\n<script type=\"application\/ld+json\" class=\"yoast-schema-graph\">{\"@context\":\"https:\\\/\\\/schema.org\",\"@graph\":[{\"@type\":\"WebPage\",\"@id\":\"https:\\\/\\\/innow.pl\\\/produkt\\\/s405-evo-stol-do-transportu-chorych\\\/\",\"url\":\"https:\\\/\\\/innow.pl\\\/produkt\\\/s405-evo-stol-do-transportu-chorych\\\/\",\"name\":\"S405 EVO - St\u00f3\u0142 do transportu chorych - INNOW\",\"isPartOf\":{\"@id\":\"https:\\\/\\\/innow.pl\\\/#website\"},\"primaryImageOfPage\":{\"@id\":\"https:\\\/\\\/innow.pl\\\/produkt\\\/s405-evo-stol-do-transportu-chorych\\\/#primaryimage\"},\"image\":{\"@id\":\"https:\\\/\\\/innow.pl\\\/produkt\\\/s405-evo-stol-do-transportu-chorych\\\/#primaryimage\"},\"thumbnailUrl\":\"https:\\\/\\\/innow.pl\\\/wp-content\\\/uploads\\\/2024\\\/11\\\/S405_EVO_new.jpg\",\"datePublished\":\"2017-08-30T06:03:05+00:00\",\"dateModified\":\"2026-01-30T10:24:33+00:00\",\"description\":\"Solidny st\u00f3\u0142 do transportu chorych umo\u017cliwiaj\u0105cy przemieszczanie pacjent\u00f3w o masie cia\u0142a do 180 kg. Sprawd\u017a dost\u0119pne wyposa\u017cenie i kolory tapicerki!\",\"breadcrumb\":{\"@id\":\"https:\\\/\\\/innow.pl\\\/produkt\\\/s405-evo-stol-do-transportu-chorych\\\/#breadcrumb\"},\"inLanguage\":\"en-US\",\"potentialAction\":[{\"@type\":\"ReadAction\",\"target\":[\"https:\\\/\\\/innow.pl\\\/produkt\\\/s405-evo-stol-do-transportu-chorych\\\/\"]}]},{\"@type\":\"ImageObject\",\"inLanguage\":\"en-US\",\"@id\":\"https:\\\/\\\/innow.pl\\\/produkt\\\/s405-evo-stol-do-transportu-chorych\\\/#primaryimage\",\"url\":\"https:\\\/\\\/innow.pl\\\/wp-content\\\/uploads\\\/2024\\\/11\\\/S405_EVO_new.jpg\",\"contentUrl\":\"https:\\\/\\\/innow.pl\\\/wp-content\\\/uploads\\\/2024\\\/11\\\/S405_EVO_new.jpg\",\"width\":800,\"height\":800,\"caption\":\"St\u00f3\u0142 do transportu chorych - S405 EVO - INNOW\"},{\"@type\":\"BreadcrumbList\",\"@id\":\"https:\\\/\\\/innow.pl\\\/produkt\\\/s405-evo-stol-do-transportu-chorych\\\/#breadcrumb\",\"itemListElement\":[{\"@type\":\"ListItem\",\"position\":1,\"name\":\"INNOW\",\"item\":\"https:\\\/\\\/innow.pl\\\/en\\\/\"},{\"@type\":\"ListItem\",\"position\":2,\"name\":\"Produkty\",\"item\":\"https:\\\/\\\/innow.pl\\\/produkty\\\/\"},{\"@type\":\"ListItem\",\"position\":3,\"name\":\"Transport\",\"item\":\"https:\\\/\\\/innow.pl\\\/produkty\\\/transport\\\/\"},{\"@type\":\"ListItem\",\"position\":4,\"name\":\"Sto\u0142y, w\u00f3zki do transportu chorych\",\"item\":\"https:\\\/\\\/innow.pl\\\/produkty\\\/transport\\\/stoly-do-transportu-chorych\\\/\"},{\"@type\":\"ListItem\",\"position\":5,\"name\":\"Sto\u0142y o regulowanej wysoko\u015bci\",\"item\":\"https:\\\/\\\/innow.pl\\\/produkty\\\/transport\\\/stoly-do-transportu-chorych\\\/stoly-o-regulowanej-wysokosci\\\/\"},{\"@type\":\"ListItem\",\"position\":6,\"name\":\"S405 EVO &#8211; St\u00f3\u0142 do transportu chorych\"}]},{\"@type\":\"WebSite\",\"@id\":\"https:\\\/\\\/innow.pl\\\/#website\",\"url\":\"https:\\\/\\\/innow.pl\\\/\",\"name\":\"INNOW\",\"description\":\"\",\"potentialAction\":[{\"@type\":\"SearchAction\",\"target\":{\"@type\":\"EntryPoint\",\"urlTemplate\":\"https:\\\/\\\/innow.pl\\\/?s={search_term_string}\"},\"query-input\":{\"@type\":\"PropertyValueSpecification\",\"valueRequired\":true,\"valueName\":\"search_term_string\"}}],\"inLanguage\":\"en-US\"}]}<\/script>\n<!-- \/ Yoast SEO plugin. -->","yoast_head_json":{"title":"S405 EVO - St\u00f3\u0142 do transportu chorych - INNOW","description":"Solidny st\u00f3\u0142 do transportu chorych umo\u017cliwiaj\u0105cy przemieszczanie pacjent\u00f3w o masie cia\u0142a do 180 kg. Sprawd\u017a dost\u0119pne wyposa\u017cenie i kolory tapicerki!","robots":{"index":"index","follow":"follow","max-snippet":"max-snippet:-1","max-image-preview":"max-image-preview:large","max-video-preview":"max-video-preview:-1"},"canonical":"https:\/\/innow.pl\/produkt\/s405-evo-stol-do-transportu-chorych\/","og_locale":"en_US","og_type":"article","og_title":"S405 EVO - St\u00f3\u0142 do transportu chorych - INNOW","og_description":"Solidny st\u00f3\u0142 do transportu chorych umo\u017cliwiaj\u0105cy przemieszczanie pacjent\u00f3w o masie cia\u0142a do 180 kg. Sprawd\u017a dost\u0119pne wyposa\u017cenie i kolory tapicerki!","og_url":"https:\/\/innow.pl\/produkt\/s405-evo-stol-do-transportu-chorych\/","og_site_name":"INNOW","article_modified_time":"2026-01-30T10:24:33+00:00","og_image":[{"width":800,"height":800,"url":"https:\/\/innow.pl\/wp-content\/uploads\/2024\/11\/S405_EVO_new.jpg","type":"image\/jpeg"}],"twitter_card":"summary_large_image","twitter_misc":{"Est. reading time":"2 minutes"},"schema":{"@context":"https:\/\/schema.org","@graph":[{"@type":"WebPage","@id":"https:\/\/innow.pl\/produkt\/s405-evo-stol-do-transportu-chorych\/","url":"https:\/\/innow.pl\/produkt\/s405-evo-stol-do-transportu-chorych\/","name":"S405 EVO - St\u00f3\u0142 do transportu chorych - INNOW","isPartOf":{"@id":"https:\/\/innow.pl\/#website"},"primaryImageOfPage":{"@id":"https:\/\/innow.pl\/produkt\/s405-evo-stol-do-transportu-chorych\/#primaryimage"},"image":{"@id":"https:\/\/innow.pl\/produkt\/s405-evo-stol-do-transportu-chorych\/#primaryimage"},"thumbnailUrl":"https:\/\/innow.pl\/wp-content\/uploads\/2024\/11\/S405_EVO_new.jpg","datePublished":"2017-08-30T06:03:05+00:00","dateModified":"2026-01-30T10:24:33+00:00","description":"Solidny st\u00f3\u0142 do transportu chorych umo\u017cliwiaj\u0105cy przemieszczanie pacjent\u00f3w o masie cia\u0142a do 180 kg. Sprawd\u017a dost\u0119pne wyposa\u017cenie i kolory tapicerki!","breadcrumb":{"@id":"https:\/\/innow.pl\/produkt\/s405-evo-stol-do-transportu-chorych\/#breadcrumb"},"inLanguage":"en-US","potentialAction":[{"@type":"ReadAction","target":["https:\/\/innow.pl\/produkt\/s405-evo-stol-do-transportu-chorych\/"]}]},{"@type":"ImageObject","inLanguage":"en-US","@id":"https:\/\/innow.pl\/produkt\/s405-evo-stol-do-transportu-chorych\/#primaryimage","url":"https:\/\/innow.pl\/wp-content\/uploads\/2024\/11\/S405_EVO_new.jpg","contentUrl":"https:\/\/innow.pl\/wp-content\/uploads\/2024\/11\/S405_EVO_new.jpg","width":800,"height":800,"caption":"St\u00f3\u0142 do transportu chorych - S405 EVO - INNOW"},{"@type":"BreadcrumbList","@id":"https:\/\/innow.pl\/produkt\/s405-evo-stol-do-transportu-chorych\/#breadcrumb","itemListElement":[{"@type":"ListItem","position":1,"name":"INNOW","item":"https:\/\/innow.pl\/en\/"},{"@type":"ListItem","position":2,"name":"Produkty","item":"https:\/\/innow.pl\/produkty\/"},{"@type":"ListItem","position":3,"name":"Transport","item":"https:\/\/innow.pl\/produkty\/transport\/"},{"@type":"ListItem","position":4,"name":"Sto\u0142y, w\u00f3zki do transportu chorych","item":"https:\/\/innow.pl\/produkty\/transport\/stoly-do-transportu-chorych\/"},{"@type":"ListItem","position":5,"name":"Sto\u0142y o regulowanej wysoko\u015bci","item":"https:\/\/innow.pl\/produkty\/transport\/stoly-do-transportu-chorych\/stoly-o-regulowanej-wysokosci\/"},{"@type":"ListItem","position":6,"name":"S405 EVO &#8211; St\u00f3\u0142 do transportu chorych"}]},{"@type":"WebSite","@id":"https:\/\/innow.pl\/#website","url":"https:\/\/innow.pl\/","name":"INNOW","description":"","potentialAction":[{"@type":"SearchAction","target":{"@type":"EntryPoint","urlTemplate":"https:\/\/innow.pl\/?s={search_term_string}"},"query-input":{"@type":"PropertyValueSpecification","valueRequired":true,"valueName":"search_term_string"}}],"inLanguage":"en-US"}]}},"_links":{"self":[{"href":"https:\/\/innow.pl\/en\/wp-json\/wp\/v2\/product\/27329","targetHints":{"allow":["GET"]}}],"collection":[{"href":"https:\/\/innow.pl\/en\/wp-json\/wp\/v2\/product"}],"about":[{"href":"https:\/\/innow.pl\/en\/wp-json\/wp\/v2\/types\/product"}],"replies":[{"embeddable":true,"href":"https:\/\/innow.pl\/en\/wp-json\/wp\/v2\/comments?post=27329"}],"wp:featuredmedia":[{"embeddable":true,"href":"https:\/\/innow.pl\/en\/wp-json\/wp\/v2\/media\/27332"}],"wp:attachment":[{"href":"https:\/\/innow.pl\/en\/wp-json\/wp\/v2\/media?parent=27329"}],"wp:term":[{"taxonomy":"product_brand","embeddable":true,"href":"https:\/\/innow.pl\/en\/wp-json\/wp\/v2\/product_brand?post=27329"},{"taxonomy":"product_cat","embeddable":true,"href":"https:\/\/innow.pl\/en\/wp-json\/wp\/v2\/product_cat?post=27329"},{"taxonomy":"product_tag","embeddable":true,"href":"https:\/\/innow.pl\/en\/wp-json\/wp\/v2\/product_tag?post=27329"}],"curies":[{"name":"wp","href":"https:\/\/api.w.org\/{rel}","templated":true}]}}