{"id":27290,"date":"2017-08-29T13:37:02","date_gmt":"2017-08-29T11:37:02","guid":{"rendered":"https:\/\/innow.pl\/produkt\/ms6511-pas-do-przenoszenia-pacjenta-medinn\/"},"modified":"2025-02-19T11:42:03","modified_gmt":"2025-02-19T10:42:03","slug":"ms6511-pas-do-przenoszenia-pacjenta-medinn","status":"publish","type":"product","link":"https:\/\/innow.pl\/en\/produkt\/ms6511-pas-do-przenoszenia-pacjenta-medinn\/","title":{"rendered":"MS6511 &#8211; Pas do przenoszenia pacjenta rozmiar S MEDINN"},"content":{"rendered":"<p>Pas do podtrzymywania, pozycjonowania pacjenta, wsparcia podczas zmiany pozycji (siadanie, wstawanie). Wyr\u00f3b wyposa\u017cony jest w uchwyty pozwalaj\u0105ce na uchwycenie pacjenta bez jego dotykania. Rozmiar MEDINN 6511 S: 60-90 cm. Inne rozmiary:<\/p>\n<ul>\n<li><a href=\"https:\/\/innow.pl\/produkt\/ms6512-pas-do-przenoszenia-pacjenta-medinn\/\">M 78\u2013152 cm\u00a0 (MEDINN 6512)<\/a><\/li>\n<li><a href=\"https:\/\/innow.pl\/produkt\/ms6513-pas-do-przenoszenia-pacjenta-medinn\/\">L 84\u2013162 cm\u00a0 (MEDINN 6513)<\/a><\/li>\n<\/ul>\n<p>Poszczeg\u00f3lne cechy produkt\u00f3w mog\u0105 r\u00f3\u017cni\u0107 si\u0119 od tych na zdj\u0119ciach.<\/p>\n","protected":false},"excerpt":{"rendered":"<p>Pas do podtrzymywania, pozycjonowania pacjenta, wsparcia podczas zmiany pozycji (siadanie, wstawanie). Wyr\u00f3b wyposa\u017cony jest w uchwyty pozwalaj\u0105ce na uchwycenie pacjenta bez jego dotykania. Rozmiar MEDINN 6511 S: 60-90 cm. Inne rozmiary: M 78\u2013152 cm\u00a0 (MEDINN 6512) L 84\u2013162 cm\u00a0 (MEDINN 6513) Poszczeg\u00f3lne cechy produkt\u00f3w mog\u0105 r\u00f3\u017cni\u0107 si\u0119 od tych na zdj\u0119ciach.<\/p>\n","protected":false},"featured_media":27292,"comment_status":"open","ping_status":"closed","template":"","meta":{"_acf_changed":false},"product_brand":[],"product_cat":[425,392],"product_tag":[],"class_list":{"0":"post-27290","1":"product","2":"type-product","3":"status-publish","4":"has-post-thumbnail","6":"product_cat-pasy-do-przenoszenia","7":"product_cat-latwoslizgi-przemieszczanie-pacjentow","9":"first","10":"instock","11":"taxable","12":"shipping-taxable","13":"purchasable","14":"product-type-simple"},"acf":[],"yoast_head":"<!-- This site is optimized with the Yoast SEO plugin v27.4 - https:\/\/yoast.com\/product\/yoast-seo-wordpress\/ -->\n<title>MS6511 - Pas do przenoszenia pacjenta rozmiar S MEDINN - INNOW<\/title>\n<meta name=\"description\" content=\"Pas do przenoszenia pacjenta rozmiar S z uchwytami zapewniaj\u0105cy bezpiecze\u0144stwo podczas przenoszenia pacjenta. Poznaj szczeg\u00f3\u0142y!\" \/>\n<meta name=\"robots\" content=\"index, follow, max-snippet:-1, max-image-preview:large, max-video-preview:-1\" \/>\n<link rel=\"canonical\" href=\"https:\/\/innow.pl\/produkt\/ms6511-pas-do-przenoszenia-pacjenta-medinn\/\" \/>\n<meta property=\"og:locale\" content=\"en_US\" \/>\n<meta property=\"og:type\" content=\"article\" \/>\n<meta property=\"og:title\" content=\"MS6511 - Pas do przenoszenia pacjenta rozmiar S MEDINN - INNOW\" \/>\n<meta property=\"og:description\" content=\"Pas do przenoszenia pacjenta rozmiar S z uchwytami zapewniaj\u0105cy bezpiecze\u0144stwo podczas przenoszenia pacjenta. Poznaj szczeg\u00f3\u0142y!\" \/>\n<meta property=\"og:url\" content=\"https:\/\/innow.pl\/produkt\/ms6511-pas-do-przenoszenia-pacjenta-medinn\/\" \/>\n<meta property=\"og:site_name\" content=\"INNOW\" \/>\n<meta property=\"article:modified_time\" content=\"2025-02-19T10:42:03+00:00\" \/>\n<meta property=\"og:image\" content=\"https:\/\/innow.pl\/wp-content\/uploads\/2024\/11\/MS6513_new-2.jpg\" \/>\n\t<meta property=\"og:image:width\" content=\"600\" \/>\n\t<meta property=\"og:image:height\" content=\"600\" \/>\n\t<meta property=\"og:image:type\" content=\"image\/jpeg\" \/>\n<meta name=\"twitter:card\" content=\"summary_large_image\" \/>\n<meta name=\"twitter:label1\" content=\"Est. reading time\" \/>\n\t<meta name=\"twitter:data1\" content=\"1 minute\" \/>\n<script type=\"application\/ld+json\" class=\"yoast-schema-graph\">{\"@context\":\"https:\\\/\\\/schema.org\",\"@graph\":[{\"@type\":\"WebPage\",\"@id\":\"https:\\\/\\\/innow.pl\\\/produkt\\\/ms6511-pas-do-przenoszenia-pacjenta-medinn\\\/\",\"url\":\"https:\\\/\\\/innow.pl\\\/produkt\\\/ms6511-pas-do-przenoszenia-pacjenta-medinn\\\/\",\"name\":\"MS6511 - Pas do przenoszenia pacjenta rozmiar S MEDINN - INNOW\",\"isPartOf\":{\"@id\":\"https:\\\/\\\/innow.pl\\\/#website\"},\"primaryImageOfPage\":{\"@id\":\"https:\\\/\\\/innow.pl\\\/produkt\\\/ms6511-pas-do-przenoszenia-pacjenta-medinn\\\/#primaryimage\"},\"image\":{\"@id\":\"https:\\\/\\\/innow.pl\\\/produkt\\\/ms6511-pas-do-przenoszenia-pacjenta-medinn\\\/#primaryimage\"},\"thumbnailUrl\":\"https:\\\/\\\/innow.pl\\\/wp-content\\\/uploads\\\/2024\\\/11\\\/MS6513_new-2.jpg\",\"datePublished\":\"2017-08-29T11:37:02+00:00\",\"dateModified\":\"2025-02-19T10:42:03+00:00\",\"description\":\"Pas do przenoszenia pacjenta rozmiar S z uchwytami zapewniaj\u0105cy bezpiecze\u0144stwo podczas przenoszenia pacjenta. Poznaj szczeg\u00f3\u0142y!\",\"breadcrumb\":{\"@id\":\"https:\\\/\\\/innow.pl\\\/produkt\\\/ms6511-pas-do-przenoszenia-pacjenta-medinn\\\/#breadcrumb\"},\"inLanguage\":\"en-US\",\"potentialAction\":[{\"@type\":\"ReadAction\",\"target\":[\"https:\\\/\\\/innow.pl\\\/produkt\\\/ms6511-pas-do-przenoszenia-pacjenta-medinn\\\/\"]}]},{\"@type\":\"ImageObject\",\"inLanguage\":\"en-US\",\"@id\":\"https:\\\/\\\/innow.pl\\\/produkt\\\/ms6511-pas-do-przenoszenia-pacjenta-medinn\\\/#primaryimage\",\"url\":\"https:\\\/\\\/innow.pl\\\/wp-content\\\/uploads\\\/2024\\\/11\\\/MS6513_new-2.jpg\",\"contentUrl\":\"https:\\\/\\\/innow.pl\\\/wp-content\\\/uploads\\\/2024\\\/11\\\/MS6513_new-2.jpg\",\"width\":600,\"height\":600,\"caption\":\"Pas do przenoszenia pacjenta rozmiar L MEDINN - MS6513 - INNOW\"},{\"@type\":\"BreadcrumbList\",\"@id\":\"https:\\\/\\\/innow.pl\\\/produkt\\\/ms6511-pas-do-przenoszenia-pacjenta-medinn\\\/#breadcrumb\",\"itemListElement\":[{\"@type\":\"ListItem\",\"position\":1,\"name\":\"INNOW\",\"item\":\"https:\\\/\\\/innow.pl\\\/en\\\/\"},{\"@type\":\"ListItem\",\"position\":2,\"name\":\"Produkty\",\"item\":\"https:\\\/\\\/innow.pl\\\/produkty\\\/\"},{\"@type\":\"ListItem\",\"position\":3,\"name\":\"Glide aids \u2013 patient transfer\",\"item\":\"https:\\\/\\\/innow.pl\\\/en\\\/produkty\\\/glide-aids-patient-transfer\\\/\"},{\"@type\":\"ListItem\",\"position\":4,\"name\":\"Transfer belts\",\"item\":\"https:\\\/\\\/innow.pl\\\/en\\\/produkty\\\/glide-aids-patient-transfer\\\/transfer-belts\\\/\"},{\"@type\":\"ListItem\",\"position\":5,\"name\":\"MS6511 &#8211; Pas do przenoszenia pacjenta rozmiar S MEDINN\"}]},{\"@type\":\"WebSite\",\"@id\":\"https:\\\/\\\/innow.pl\\\/#website\",\"url\":\"https:\\\/\\\/innow.pl\\\/\",\"name\":\"INNOW\",\"description\":\"\",\"potentialAction\":[{\"@type\":\"SearchAction\",\"target\":{\"@type\":\"EntryPoint\",\"urlTemplate\":\"https:\\\/\\\/innow.pl\\\/?s={search_term_string}\"},\"query-input\":{\"@type\":\"PropertyValueSpecification\",\"valueRequired\":true,\"valueName\":\"search_term_string\"}}],\"inLanguage\":\"en-US\"}]}<\/script>\n<!-- \/ Yoast SEO plugin. -->","yoast_head_json":{"title":"MS6511 - Pas do przenoszenia pacjenta rozmiar S MEDINN - INNOW","description":"Pas do przenoszenia pacjenta rozmiar S z uchwytami zapewniaj\u0105cy bezpiecze\u0144stwo podczas przenoszenia pacjenta. Poznaj szczeg\u00f3\u0142y!","robots":{"index":"index","follow":"follow","max-snippet":"max-snippet:-1","max-image-preview":"max-image-preview:large","max-video-preview":"max-video-preview:-1"},"canonical":"https:\/\/innow.pl\/produkt\/ms6511-pas-do-przenoszenia-pacjenta-medinn\/","og_locale":"en_US","og_type":"article","og_title":"MS6511 - Pas do przenoszenia pacjenta rozmiar S MEDINN - INNOW","og_description":"Pas do przenoszenia pacjenta rozmiar S z uchwytami zapewniaj\u0105cy bezpiecze\u0144stwo podczas przenoszenia pacjenta. Poznaj szczeg\u00f3\u0142y!","og_url":"https:\/\/innow.pl\/produkt\/ms6511-pas-do-przenoszenia-pacjenta-medinn\/","og_site_name":"INNOW","article_modified_time":"2025-02-19T10:42:03+00:00","og_image":[{"width":600,"height":600,"url":"https:\/\/innow.pl\/wp-content\/uploads\/2024\/11\/MS6513_new-2.jpg","type":"image\/jpeg"}],"twitter_card":"summary_large_image","twitter_misc":{"Est. reading time":"1 minute"},"schema":{"@context":"https:\/\/schema.org","@graph":[{"@type":"WebPage","@id":"https:\/\/innow.pl\/produkt\/ms6511-pas-do-przenoszenia-pacjenta-medinn\/","url":"https:\/\/innow.pl\/produkt\/ms6511-pas-do-przenoszenia-pacjenta-medinn\/","name":"MS6511 - Pas do przenoszenia pacjenta rozmiar S MEDINN - INNOW","isPartOf":{"@id":"https:\/\/innow.pl\/#website"},"primaryImageOfPage":{"@id":"https:\/\/innow.pl\/produkt\/ms6511-pas-do-przenoszenia-pacjenta-medinn\/#primaryimage"},"image":{"@id":"https:\/\/innow.pl\/produkt\/ms6511-pas-do-przenoszenia-pacjenta-medinn\/#primaryimage"},"thumbnailUrl":"https:\/\/innow.pl\/wp-content\/uploads\/2024\/11\/MS6513_new-2.jpg","datePublished":"2017-08-29T11:37:02+00:00","dateModified":"2025-02-19T10:42:03+00:00","description":"Pas do przenoszenia pacjenta rozmiar S z uchwytami zapewniaj\u0105cy bezpiecze\u0144stwo podczas przenoszenia pacjenta. Poznaj szczeg\u00f3\u0142y!","breadcrumb":{"@id":"https:\/\/innow.pl\/produkt\/ms6511-pas-do-przenoszenia-pacjenta-medinn\/#breadcrumb"},"inLanguage":"en-US","potentialAction":[{"@type":"ReadAction","target":["https:\/\/innow.pl\/produkt\/ms6511-pas-do-przenoszenia-pacjenta-medinn\/"]}]},{"@type":"ImageObject","inLanguage":"en-US","@id":"https:\/\/innow.pl\/produkt\/ms6511-pas-do-przenoszenia-pacjenta-medinn\/#primaryimage","url":"https:\/\/innow.pl\/wp-content\/uploads\/2024\/11\/MS6513_new-2.jpg","contentUrl":"https:\/\/innow.pl\/wp-content\/uploads\/2024\/11\/MS6513_new-2.jpg","width":600,"height":600,"caption":"Pas do przenoszenia pacjenta rozmiar L MEDINN - MS6513 - INNOW"},{"@type":"BreadcrumbList","@id":"https:\/\/innow.pl\/produkt\/ms6511-pas-do-przenoszenia-pacjenta-medinn\/#breadcrumb","itemListElement":[{"@type":"ListItem","position":1,"name":"INNOW","item":"https:\/\/innow.pl\/en\/"},{"@type":"ListItem","position":2,"name":"Produkty","item":"https:\/\/innow.pl\/produkty\/"},{"@type":"ListItem","position":3,"name":"Glide aids \u2013 patient transfer","item":"https:\/\/innow.pl\/en\/produkty\/glide-aids-patient-transfer\/"},{"@type":"ListItem","position":4,"name":"Transfer belts","item":"https:\/\/innow.pl\/en\/produkty\/glide-aids-patient-transfer\/transfer-belts\/"},{"@type":"ListItem","position":5,"name":"MS6511 &#8211; Pas do przenoszenia pacjenta rozmiar S MEDINN"}]},{"@type":"WebSite","@id":"https:\/\/innow.pl\/#website","url":"https:\/\/innow.pl\/","name":"INNOW","description":"","potentialAction":[{"@type":"SearchAction","target":{"@type":"EntryPoint","urlTemplate":"https:\/\/innow.pl\/?s={search_term_string}"},"query-input":{"@type":"PropertyValueSpecification","valueRequired":true,"valueName":"search_term_string"}}],"inLanguage":"en-US"}]}},"_links":{"self":[{"href":"https:\/\/innow.pl\/en\/wp-json\/wp\/v2\/product\/27290","targetHints":{"allow":["GET"]}}],"collection":[{"href":"https:\/\/innow.pl\/en\/wp-json\/wp\/v2\/product"}],"about":[{"href":"https:\/\/innow.pl\/en\/wp-json\/wp\/v2\/types\/product"}],"replies":[{"embeddable":true,"href":"https:\/\/innow.pl\/en\/wp-json\/wp\/v2\/comments?post=27290"}],"wp:featuredmedia":[{"embeddable":true,"href":"https:\/\/innow.pl\/en\/wp-json\/wp\/v2\/media\/27292"}],"wp:attachment":[{"href":"https:\/\/innow.pl\/en\/wp-json\/wp\/v2\/media?parent=27290"}],"wp:term":[{"taxonomy":"product_brand","embeddable":true,"href":"https:\/\/innow.pl\/en\/wp-json\/wp\/v2\/product_brand?post=27290"},{"taxonomy":"product_cat","embeddable":true,"href":"https:\/\/innow.pl\/en\/wp-json\/wp\/v2\/product_cat?post=27290"},{"taxonomy":"product_tag","embeddable":true,"href":"https:\/\/innow.pl\/en\/wp-json\/wp\/v2\/product_tag?post=27290"}],"curies":[{"name":"wp","href":"https:\/\/api.w.org\/{rel}","templated":true}]}}