{"id":27284,"date":"2017-08-29T13:33:14","date_gmt":"2017-08-29T11:33:14","guid":{"rendered":"https:\/\/innow.pl\/produkt\/ms6505-pas-do-przenoszenia-male-nosze-50x20-cm-medinn\/"},"modified":"2025-02-19T11:42:23","modified_gmt":"2025-02-19T10:42:23","slug":"ms6505-pas-do-przenoszenia-male-nosze-50x20-cm-medinn","status":"publish","type":"product","link":"https:\/\/innow.pl\/en\/produkt\/ms6505-pas-do-przenoszenia-male-nosze-50x20-cm-medinn\/","title":{"rendered":"MS6505 &#8211; Pas do przenoszenia (ma\u0142e nosze) 50&#215;20 cm MEDINN"},"content":{"rendered":"<p>Pas do przenoszenia stanowi\u0105cy pomoc przy zmianie pozycji pacjenta przez personel. Pozwala na bezpieczne i sprawne przemieszczenie podopiecznego, zmniejszaj\u0105c wysi\u0142ek, jaki jest do tego potrzebny.<\/p>\n<div id=\"gt-input-tool\">\n<div dir=\"ltr\">Poszczeg\u00f3lne cechy produkt\u00f3w mog\u0105 r\u00f3\u017cni\u0107 si\u0119 od tych na zdj\u0119ciach.<\/div>\n<\/div>\n<p>&nbsp;<\/p>\n","protected":false},"excerpt":{"rendered":"<p>Pas do przenoszenia stanowi\u0105cy pomoc przy zmianie pozycji pacjenta przez personel. Pozwala na bezpieczne i sprawne przemieszczenie podopiecznego, zmniejszaj\u0105c wysi\u0142ek, jaki jest do tego potrzebny. Poszczeg\u00f3lne cechy produkt\u00f3w mog\u0105 r\u00f3\u017cni\u0107 si\u0119 od tych na zdj\u0119ciach. &nbsp;<\/p>\n","protected":false},"featured_media":27286,"comment_status":"open","ping_status":"closed","template":"","meta":{"_acf_changed":false},"product_brand":[],"product_cat":[425,392],"product_tag":[],"class_list":{"0":"post-27284","1":"product","2":"type-product","3":"status-publish","4":"has-post-thumbnail","6":"product_cat-pasy-do-przenoszenia","7":"product_cat-latwoslizgi-przemieszczanie-pacjentow","8":"pa_dlugosc-50-cm","10":"first","11":"instock","12":"taxable","13":"shipping-taxable","14":"purchasable","15":"product-type-simple"},"acf":[],"yoast_head":"<!-- This site is optimized with the Yoast SEO plugin v27.4 - https:\/\/yoast.com\/product\/yoast-seo-wordpress\/ -->\n<title>MS6505 - Pas do przenoszenia (ma\u0142e nosze) 50x20 cm MEDINN - INNOW<\/title>\n<meta name=\"description\" content=\"Funkcjonalny i trwa\u0142y pas do przenoszenia (ma\u0142e nosze) 50x20 cm MEDINN zapewniaj\u0105cy \u0142atw\u0105 i bezpieczn\u0105 zmian\u0119 pozycji pacjenta. Poznaj szczeg\u00f3\u0142y!\" \/>\n<meta name=\"robots\" content=\"index, follow, max-snippet:-1, max-image-preview:large, max-video-preview:-1\" \/>\n<link rel=\"canonical\" href=\"https:\/\/innow.pl\/produkt\/ms6505-pas-do-przenoszenia-male-nosze-50x20-cm-medinn\/\" \/>\n<meta property=\"og:locale\" content=\"en_US\" \/>\n<meta property=\"og:type\" content=\"article\" \/>\n<meta property=\"og:title\" content=\"MS6505 - Pas do przenoszenia (ma\u0142e nosze) 50x20 cm MEDINN - INNOW\" \/>\n<meta property=\"og:description\" content=\"Funkcjonalny i trwa\u0142y pas do przenoszenia (ma\u0142e nosze) 50x20 cm MEDINN zapewniaj\u0105cy \u0142atw\u0105 i bezpieczn\u0105 zmian\u0119 pozycji pacjenta. Poznaj szczeg\u00f3\u0142y!\" \/>\n<meta property=\"og:url\" content=\"https:\/\/innow.pl\/produkt\/ms6505-pas-do-przenoszenia-male-nosze-50x20-cm-medinn\/\" \/>\n<meta property=\"og:site_name\" content=\"INNOW\" \/>\n<meta property=\"article:modified_time\" content=\"2025-02-19T10:42:23+00:00\" \/>\n<meta property=\"og:image\" content=\"https:\/\/innow.pl\/wp-content\/uploads\/2024\/11\/MS6506-new-2-medical-2.jpg\" \/>\n\t<meta property=\"og:image:width\" content=\"1123\" \/>\n\t<meta property=\"og:image:height\" content=\"600\" \/>\n\t<meta property=\"og:image:type\" content=\"image\/jpeg\" \/>\n<meta name=\"twitter:card\" content=\"summary_large_image\" \/>\n<meta name=\"twitter:label1\" content=\"Est. reading time\" \/>\n\t<meta name=\"twitter:data1\" content=\"1 minute\" \/>\n<script type=\"application\/ld+json\" class=\"yoast-schema-graph\">{\"@context\":\"https:\\\/\\\/schema.org\",\"@graph\":[{\"@type\":\"WebPage\",\"@id\":\"https:\\\/\\\/innow.pl\\\/produkt\\\/ms6505-pas-do-przenoszenia-male-nosze-50x20-cm-medinn\\\/\",\"url\":\"https:\\\/\\\/innow.pl\\\/produkt\\\/ms6505-pas-do-przenoszenia-male-nosze-50x20-cm-medinn\\\/\",\"name\":\"MS6505 - Pas do przenoszenia (ma\u0142e nosze) 50x20 cm MEDINN - INNOW\",\"isPartOf\":{\"@id\":\"https:\\\/\\\/innow.pl\\\/#website\"},\"primaryImageOfPage\":{\"@id\":\"https:\\\/\\\/innow.pl\\\/produkt\\\/ms6505-pas-do-przenoszenia-male-nosze-50x20-cm-medinn\\\/#primaryimage\"},\"image\":{\"@id\":\"https:\\\/\\\/innow.pl\\\/produkt\\\/ms6505-pas-do-przenoszenia-male-nosze-50x20-cm-medinn\\\/#primaryimage\"},\"thumbnailUrl\":\"https:\\\/\\\/innow.pl\\\/wp-content\\\/uploads\\\/2024\\\/11\\\/MS6506-new-2-medical-2.jpg\",\"datePublished\":\"2017-08-29T11:33:14+00:00\",\"dateModified\":\"2025-02-19T10:42:23+00:00\",\"description\":\"Funkcjonalny i trwa\u0142y pas do przenoszenia (ma\u0142e nosze) 50x20 cm MEDINN zapewniaj\u0105cy \u0142atw\u0105 i bezpieczn\u0105 zmian\u0119 pozycji pacjenta. Poznaj szczeg\u00f3\u0142y!\",\"breadcrumb\":{\"@id\":\"https:\\\/\\\/innow.pl\\\/produkt\\\/ms6505-pas-do-przenoszenia-male-nosze-50x20-cm-medinn\\\/#breadcrumb\"},\"inLanguage\":\"en-US\",\"potentialAction\":[{\"@type\":\"ReadAction\",\"target\":[\"https:\\\/\\\/innow.pl\\\/produkt\\\/ms6505-pas-do-przenoszenia-male-nosze-50x20-cm-medinn\\\/\"]}]},{\"@type\":\"ImageObject\",\"inLanguage\":\"en-US\",\"@id\":\"https:\\\/\\\/innow.pl\\\/produkt\\\/ms6505-pas-do-przenoszenia-male-nosze-50x20-cm-medinn\\\/#primaryimage\",\"url\":\"https:\\\/\\\/innow.pl\\\/wp-content\\\/uploads\\\/2024\\\/11\\\/MS6506-new-2-medical-2.jpg\",\"contentUrl\":\"https:\\\/\\\/innow.pl\\\/wp-content\\\/uploads\\\/2024\\\/11\\\/MS6506-new-2-medical-2.jpg\",\"width\":1123,\"height\":600,\"caption\":\"Pas do przenoszenia (ma\u0142e nosze) 60x20 cm MEDINN \u2013 MS6506 \u2013 INNOW\"},{\"@type\":\"BreadcrumbList\",\"@id\":\"https:\\\/\\\/innow.pl\\\/produkt\\\/ms6505-pas-do-przenoszenia-male-nosze-50x20-cm-medinn\\\/#breadcrumb\",\"itemListElement\":[{\"@type\":\"ListItem\",\"position\":1,\"name\":\"INNOW\",\"item\":\"https:\\\/\\\/innow.pl\\\/en\\\/\"},{\"@type\":\"ListItem\",\"position\":2,\"name\":\"Produkty\",\"item\":\"https:\\\/\\\/innow.pl\\\/produkty\\\/\"},{\"@type\":\"ListItem\",\"position\":3,\"name\":\"\u0141atwo\u015blizgi - przemieszczanie pacjent\u00f3w\",\"item\":\"https:\\\/\\\/innow.pl\\\/produkty\\\/latwoslizgi-przemieszczanie-pacjentow\\\/\"},{\"@type\":\"ListItem\",\"position\":4,\"name\":\"Pasy do przenoszenia\",\"item\":\"https:\\\/\\\/innow.pl\\\/produkty\\\/latwoslizgi-przemieszczanie-pacjentow\\\/pasy-do-przenoszenia\\\/\"},{\"@type\":\"ListItem\",\"position\":5,\"name\":\"MS6505 &#8211; Pas do przenoszenia (ma\u0142e nosze) 50&#215;20 cm MEDINN\"}]},{\"@type\":\"WebSite\",\"@id\":\"https:\\\/\\\/innow.pl\\\/#website\",\"url\":\"https:\\\/\\\/innow.pl\\\/\",\"name\":\"INNOW\",\"description\":\"\",\"potentialAction\":[{\"@type\":\"SearchAction\",\"target\":{\"@type\":\"EntryPoint\",\"urlTemplate\":\"https:\\\/\\\/innow.pl\\\/?s={search_term_string}\"},\"query-input\":{\"@type\":\"PropertyValueSpecification\",\"valueRequired\":true,\"valueName\":\"search_term_string\"}}],\"inLanguage\":\"en-US\"}]}<\/script>\n<!-- \/ Yoast SEO plugin. -->","yoast_head_json":{"title":"MS6505 - Pas do przenoszenia (ma\u0142e nosze) 50x20 cm MEDINN - INNOW","description":"Funkcjonalny i trwa\u0142y pas do przenoszenia (ma\u0142e nosze) 50x20 cm MEDINN zapewniaj\u0105cy \u0142atw\u0105 i bezpieczn\u0105 zmian\u0119 pozycji pacjenta. Poznaj szczeg\u00f3\u0142y!","robots":{"index":"index","follow":"follow","max-snippet":"max-snippet:-1","max-image-preview":"max-image-preview:large","max-video-preview":"max-video-preview:-1"},"canonical":"https:\/\/innow.pl\/produkt\/ms6505-pas-do-przenoszenia-male-nosze-50x20-cm-medinn\/","og_locale":"en_US","og_type":"article","og_title":"MS6505 - Pas do przenoszenia (ma\u0142e nosze) 50x20 cm MEDINN - INNOW","og_description":"Funkcjonalny i trwa\u0142y pas do przenoszenia (ma\u0142e nosze) 50x20 cm MEDINN zapewniaj\u0105cy \u0142atw\u0105 i bezpieczn\u0105 zmian\u0119 pozycji pacjenta. Poznaj szczeg\u00f3\u0142y!","og_url":"https:\/\/innow.pl\/produkt\/ms6505-pas-do-przenoszenia-male-nosze-50x20-cm-medinn\/","og_site_name":"INNOW","article_modified_time":"2025-02-19T10:42:23+00:00","og_image":[{"width":1123,"height":600,"url":"https:\/\/innow.pl\/wp-content\/uploads\/2024\/11\/MS6506-new-2-medical-2.jpg","type":"image\/jpeg"}],"twitter_card":"summary_large_image","twitter_misc":{"Est. reading time":"1 minute"},"schema":{"@context":"https:\/\/schema.org","@graph":[{"@type":"WebPage","@id":"https:\/\/innow.pl\/produkt\/ms6505-pas-do-przenoszenia-male-nosze-50x20-cm-medinn\/","url":"https:\/\/innow.pl\/produkt\/ms6505-pas-do-przenoszenia-male-nosze-50x20-cm-medinn\/","name":"MS6505 - Pas do przenoszenia (ma\u0142e nosze) 50x20 cm MEDINN - INNOW","isPartOf":{"@id":"https:\/\/innow.pl\/#website"},"primaryImageOfPage":{"@id":"https:\/\/innow.pl\/produkt\/ms6505-pas-do-przenoszenia-male-nosze-50x20-cm-medinn\/#primaryimage"},"image":{"@id":"https:\/\/innow.pl\/produkt\/ms6505-pas-do-przenoszenia-male-nosze-50x20-cm-medinn\/#primaryimage"},"thumbnailUrl":"https:\/\/innow.pl\/wp-content\/uploads\/2024\/11\/MS6506-new-2-medical-2.jpg","datePublished":"2017-08-29T11:33:14+00:00","dateModified":"2025-02-19T10:42:23+00:00","description":"Funkcjonalny i trwa\u0142y pas do przenoszenia (ma\u0142e nosze) 50x20 cm MEDINN zapewniaj\u0105cy \u0142atw\u0105 i bezpieczn\u0105 zmian\u0119 pozycji pacjenta. Poznaj szczeg\u00f3\u0142y!","breadcrumb":{"@id":"https:\/\/innow.pl\/produkt\/ms6505-pas-do-przenoszenia-male-nosze-50x20-cm-medinn\/#breadcrumb"},"inLanguage":"en-US","potentialAction":[{"@type":"ReadAction","target":["https:\/\/innow.pl\/produkt\/ms6505-pas-do-przenoszenia-male-nosze-50x20-cm-medinn\/"]}]},{"@type":"ImageObject","inLanguage":"en-US","@id":"https:\/\/innow.pl\/produkt\/ms6505-pas-do-przenoszenia-male-nosze-50x20-cm-medinn\/#primaryimage","url":"https:\/\/innow.pl\/wp-content\/uploads\/2024\/11\/MS6506-new-2-medical-2.jpg","contentUrl":"https:\/\/innow.pl\/wp-content\/uploads\/2024\/11\/MS6506-new-2-medical-2.jpg","width":1123,"height":600,"caption":"Pas do przenoszenia (ma\u0142e nosze) 60x20 cm MEDINN \u2013 MS6506 \u2013 INNOW"},{"@type":"BreadcrumbList","@id":"https:\/\/innow.pl\/produkt\/ms6505-pas-do-przenoszenia-male-nosze-50x20-cm-medinn\/#breadcrumb","itemListElement":[{"@type":"ListItem","position":1,"name":"INNOW","item":"https:\/\/innow.pl\/en\/"},{"@type":"ListItem","position":2,"name":"Produkty","item":"https:\/\/innow.pl\/produkty\/"},{"@type":"ListItem","position":3,"name":"\u0141atwo\u015blizgi - przemieszczanie pacjent\u00f3w","item":"https:\/\/innow.pl\/produkty\/latwoslizgi-przemieszczanie-pacjentow\/"},{"@type":"ListItem","position":4,"name":"Pasy do przenoszenia","item":"https:\/\/innow.pl\/produkty\/latwoslizgi-przemieszczanie-pacjentow\/pasy-do-przenoszenia\/"},{"@type":"ListItem","position":5,"name":"MS6505 &#8211; Pas do przenoszenia (ma\u0142e nosze) 50&#215;20 cm MEDINN"}]},{"@type":"WebSite","@id":"https:\/\/innow.pl\/#website","url":"https:\/\/innow.pl\/","name":"INNOW","description":"","potentialAction":[{"@type":"SearchAction","target":{"@type":"EntryPoint","urlTemplate":"https:\/\/innow.pl\/?s={search_term_string}"},"query-input":{"@type":"PropertyValueSpecification","valueRequired":true,"valueName":"search_term_string"}}],"inLanguage":"en-US"}]}},"_links":{"self":[{"href":"https:\/\/innow.pl\/en\/wp-json\/wp\/v2\/product\/27284","targetHints":{"allow":["GET"]}}],"collection":[{"href":"https:\/\/innow.pl\/en\/wp-json\/wp\/v2\/product"}],"about":[{"href":"https:\/\/innow.pl\/en\/wp-json\/wp\/v2\/types\/product"}],"replies":[{"embeddable":true,"href":"https:\/\/innow.pl\/en\/wp-json\/wp\/v2\/comments?post=27284"}],"wp:featuredmedia":[{"embeddable":true,"href":"https:\/\/innow.pl\/en\/wp-json\/wp\/v2\/media\/27286"}],"wp:attachment":[{"href":"https:\/\/innow.pl\/en\/wp-json\/wp\/v2\/media?parent=27284"}],"wp:term":[{"taxonomy":"product_brand","embeddable":true,"href":"https:\/\/innow.pl\/en\/wp-json\/wp\/v2\/product_brand?post=27284"},{"taxonomy":"product_cat","embeddable":true,"href":"https:\/\/innow.pl\/en\/wp-json\/wp\/v2\/product_cat?post=27284"},{"taxonomy":"product_tag","embeddable":true,"href":"https:\/\/innow.pl\/en\/wp-json\/wp\/v2\/product_tag?post=27284"}],"curies":[{"name":"wp","href":"https:\/\/api.w.org\/{rel}","templated":true}]}}