{"id":27254,"date":"2017-08-29T12:16:01","date_gmt":"2017-08-29T10:16:01","guid":{"rendered":"https:\/\/innow.pl\/produkt\/ms6430-panel-slizgowy-podluzny-nosze-6-uchwytow-medinn\/"},"modified":"2025-02-19T11:46:19","modified_gmt":"2025-02-19T10:46:19","slug":"ms6430-panel-slizgowy-podluzny-nosze-6-uchwytow-medinn","status":"publish","type":"product","link":"https:\/\/innow.pl\/en\/produkt\/ms6430-panel-slizgowy-podluzny-nosze-6-uchwytow-medinn\/","title":{"rendered":"MS6430 &#8211; Panel \u015blizgowy pod\u0142u\u017cny (nosze, 6 uchwyt\u00f3w) MEDINN"},"content":{"rendered":"<p>Panel \u015blizgowy, kt\u00f3rego przeznaczeniem jest wspieranie personelu przy opiece nad pacjentami u\u0142atwiaj\u0105c ich przemieszczanie. Posiada on 6 ergonomicznych uchwyt\u00f3w rozmieszczonych wzd\u0142u\u017c d\u0142u\u017cszego boku. Wykonany jest ze sprasowanego polietylenu i odporny jest na dzia\u0142anie promieniowania UV.<\/p>\n","protected":false},"excerpt":{"rendered":"<p>Panel \u015blizgowy, kt\u00f3rego przeznaczeniem jest wspieranie personelu przy opiece nad pacjentami u\u0142atwiaj\u0105c ich przemieszczanie. Posiada on 6 ergonomicznych uchwyt\u00f3w rozmieszczonych wzd\u0142u\u017c d\u0142u\u017cszego boku. Wykonany jest ze sprasowanego polietylenu i odporny jest na dzia\u0142anie promieniowania UV.<\/p>\n","protected":false},"featured_media":27256,"comment_status":"open","ping_status":"closed","template":"","meta":{"_acf_changed":false},"product_brand":[],"product_cat":[393,421,1020,392],"product_tag":[],"class_list":{"0":"post-27254","1":"product","2":"type-product","3":"status-publish","4":"has-post-thumbnail","6":"product_cat-od-reki-w-salonie","7":"product_cat-panele-slizgowe","8":"product_cat-przemieszczanie-pacjentow","9":"product_cat-latwoslizgi-przemieszczanie-pacjentow","10":"pa_dlugosc-170-cm","11":"pa_szerokosc-50-cm","12":"pa_wysokosc-05-cm","14":"first","15":"instock","16":"taxable","17":"shipping-taxable","18":"purchasable","19":"product-type-simple"},"acf":[],"yoast_head":"<!-- This site is optimized with the Yoast SEO plugin v27.4 - https:\/\/yoast.com\/product\/yoast-seo-wordpress\/ -->\n<title>MS6430 - Panel \u015blizgowy pod\u0142u\u017cny (nosze, 6 uchwyt\u00f3w) MEDINN - INNOW<\/title>\n<meta name=\"description\" content=\"Praktyczny panel \u015blizgowy pod\u0142u\u017cny (nosze, 6 uchwyt\u00f3w) MEDINN pozwalaj\u0105cy na transport pacjenta w \u0142atwy i szybki spos\u00f3b. Dowiedz si\u0119 wi\u0119cej!\" \/>\n<meta name=\"robots\" content=\"index, follow, max-snippet:-1, max-image-preview:large, max-video-preview:-1\" \/>\n<link rel=\"canonical\" href=\"https:\/\/innow.pl\/produkt\/ms6430-panel-slizgowy-podluzny-nosze-6-uchwytow-medinn\/\" \/>\n<meta property=\"og:locale\" content=\"en_US\" \/>\n<meta property=\"og:type\" content=\"article\" \/>\n<meta property=\"og:title\" content=\"MS6430 - Panel \u015blizgowy pod\u0142u\u017cny (nosze, 6 uchwyt\u00f3w) MEDINN - INNOW\" \/>\n<meta property=\"og:description\" content=\"Praktyczny panel \u015blizgowy pod\u0142u\u017cny (nosze, 6 uchwyt\u00f3w) MEDINN pozwalaj\u0105cy na transport pacjenta w \u0142atwy i szybki spos\u00f3b. Dowiedz si\u0119 wi\u0119cej!\" \/>\n<meta property=\"og:url\" content=\"https:\/\/innow.pl\/produkt\/ms6430-panel-slizgowy-podluzny-nosze-6-uchwytow-medinn\/\" \/>\n<meta property=\"og:site_name\" content=\"INNOW\" \/>\n<meta property=\"article:modified_time\" content=\"2025-02-19T10:46:19+00:00\" \/>\n<meta property=\"og:image\" content=\"https:\/\/innow.pl\/wp-content\/uploads\/2024\/11\/MS6430_new.jpg\" \/>\n\t<meta property=\"og:image:width\" content=\"600\" \/>\n\t<meta property=\"og:image:height\" content=\"600\" \/>\n\t<meta property=\"og:image:type\" content=\"image\/jpeg\" \/>\n<meta name=\"twitter:card\" content=\"summary_large_image\" \/>\n<meta name=\"twitter:label1\" content=\"Est. reading time\" \/>\n\t<meta name=\"twitter:data1\" content=\"1 minute\" \/>\n<script type=\"application\/ld+json\" class=\"yoast-schema-graph\">{\"@context\":\"https:\\\/\\\/schema.org\",\"@graph\":[{\"@type\":\"WebPage\",\"@id\":\"https:\\\/\\\/innow.pl\\\/produkt\\\/ms6430-panel-slizgowy-podluzny-nosze-6-uchwytow-medinn\\\/\",\"url\":\"https:\\\/\\\/innow.pl\\\/produkt\\\/ms6430-panel-slizgowy-podluzny-nosze-6-uchwytow-medinn\\\/\",\"name\":\"MS6430 - Panel \u015blizgowy pod\u0142u\u017cny (nosze, 6 uchwyt\u00f3w) MEDINN - INNOW\",\"isPartOf\":{\"@id\":\"https:\\\/\\\/innow.pl\\\/#website\"},\"primaryImageOfPage\":{\"@id\":\"https:\\\/\\\/innow.pl\\\/produkt\\\/ms6430-panel-slizgowy-podluzny-nosze-6-uchwytow-medinn\\\/#primaryimage\"},\"image\":{\"@id\":\"https:\\\/\\\/innow.pl\\\/produkt\\\/ms6430-panel-slizgowy-podluzny-nosze-6-uchwytow-medinn\\\/#primaryimage\"},\"thumbnailUrl\":\"https:\\\/\\\/innow.pl\\\/wp-content\\\/uploads\\\/2024\\\/11\\\/MS6430_new.jpg\",\"datePublished\":\"2017-08-29T10:16:01+00:00\",\"dateModified\":\"2025-02-19T10:46:19+00:00\",\"description\":\"Praktyczny panel \u015blizgowy pod\u0142u\u017cny (nosze, 6 uchwyt\u00f3w) MEDINN pozwalaj\u0105cy na transport pacjenta w \u0142atwy i szybki spos\u00f3b. Dowiedz si\u0119 wi\u0119cej!\",\"breadcrumb\":{\"@id\":\"https:\\\/\\\/innow.pl\\\/produkt\\\/ms6430-panel-slizgowy-podluzny-nosze-6-uchwytow-medinn\\\/#breadcrumb\"},\"inLanguage\":\"en-US\",\"potentialAction\":[{\"@type\":\"ReadAction\",\"target\":[\"https:\\\/\\\/innow.pl\\\/produkt\\\/ms6430-panel-slizgowy-podluzny-nosze-6-uchwytow-medinn\\\/\"]}]},{\"@type\":\"ImageObject\",\"inLanguage\":\"en-US\",\"@id\":\"https:\\\/\\\/innow.pl\\\/produkt\\\/ms6430-panel-slizgowy-podluzny-nosze-6-uchwytow-medinn\\\/#primaryimage\",\"url\":\"https:\\\/\\\/innow.pl\\\/wp-content\\\/uploads\\\/2024\\\/11\\\/MS6430_new.jpg\",\"contentUrl\":\"https:\\\/\\\/innow.pl\\\/wp-content\\\/uploads\\\/2024\\\/11\\\/MS6430_new.jpg\",\"width\":600,\"height\":600,\"caption\":\"Panel \u015blizgowy pod\u0142u\u017cny (nosze, 6 uchwyt\u00f3w) MEDINN \u2013 MS6430 \u2013 INNOW\"},{\"@type\":\"BreadcrumbList\",\"@id\":\"https:\\\/\\\/innow.pl\\\/produkt\\\/ms6430-panel-slizgowy-podluzny-nosze-6-uchwytow-medinn\\\/#breadcrumb\",\"itemListElement\":[{\"@type\":\"ListItem\",\"position\":1,\"name\":\"INNOW\",\"item\":\"https:\\\/\\\/innow.pl\\\/en\\\/\"},{\"@type\":\"ListItem\",\"position\":2,\"name\":\"Produkty\",\"item\":\"https:\\\/\\\/innow.pl\\\/produkty\\\/\"},{\"@type\":\"ListItem\",\"position\":3,\"name\":\"\u0141atwo\u015blizgi - przemieszczanie pacjent\u00f3w\",\"item\":\"https:\\\/\\\/innow.pl\\\/produkty\\\/latwoslizgi-przemieszczanie-pacjentow\\\/\"},{\"@type\":\"ListItem\",\"position\":4,\"name\":\"Panele \u015blizgowe\",\"item\":\"https:\\\/\\\/innow.pl\\\/produkty\\\/latwoslizgi-przemieszczanie-pacjentow\\\/panele-slizgowe\\\/\"},{\"@type\":\"ListItem\",\"position\":5,\"name\":\"MS6430 &#8211; Panel \u015blizgowy pod\u0142u\u017cny (nosze, 6 uchwyt\u00f3w) MEDINN\"}]},{\"@type\":\"WebSite\",\"@id\":\"https:\\\/\\\/innow.pl\\\/#website\",\"url\":\"https:\\\/\\\/innow.pl\\\/\",\"name\":\"INNOW\",\"description\":\"\",\"potentialAction\":[{\"@type\":\"SearchAction\",\"target\":{\"@type\":\"EntryPoint\",\"urlTemplate\":\"https:\\\/\\\/innow.pl\\\/?s={search_term_string}\"},\"query-input\":{\"@type\":\"PropertyValueSpecification\",\"valueRequired\":true,\"valueName\":\"search_term_string\"}}],\"inLanguage\":\"en-US\"}]}<\/script>\n<!-- \/ Yoast SEO plugin. -->","yoast_head_json":{"title":"MS6430 - Panel \u015blizgowy pod\u0142u\u017cny (nosze, 6 uchwyt\u00f3w) MEDINN - INNOW","description":"Praktyczny panel \u015blizgowy pod\u0142u\u017cny (nosze, 6 uchwyt\u00f3w) MEDINN pozwalaj\u0105cy na transport pacjenta w \u0142atwy i szybki spos\u00f3b. Dowiedz si\u0119 wi\u0119cej!","robots":{"index":"index","follow":"follow","max-snippet":"max-snippet:-1","max-image-preview":"max-image-preview:large","max-video-preview":"max-video-preview:-1"},"canonical":"https:\/\/innow.pl\/produkt\/ms6430-panel-slizgowy-podluzny-nosze-6-uchwytow-medinn\/","og_locale":"en_US","og_type":"article","og_title":"MS6430 - Panel \u015blizgowy pod\u0142u\u017cny (nosze, 6 uchwyt\u00f3w) MEDINN - INNOW","og_description":"Praktyczny panel \u015blizgowy pod\u0142u\u017cny (nosze, 6 uchwyt\u00f3w) MEDINN pozwalaj\u0105cy na transport pacjenta w \u0142atwy i szybki spos\u00f3b. Dowiedz si\u0119 wi\u0119cej!","og_url":"https:\/\/innow.pl\/produkt\/ms6430-panel-slizgowy-podluzny-nosze-6-uchwytow-medinn\/","og_site_name":"INNOW","article_modified_time":"2025-02-19T10:46:19+00:00","og_image":[{"width":600,"height":600,"url":"https:\/\/innow.pl\/wp-content\/uploads\/2024\/11\/MS6430_new.jpg","type":"image\/jpeg"}],"twitter_card":"summary_large_image","twitter_misc":{"Est. reading time":"1 minute"},"schema":{"@context":"https:\/\/schema.org","@graph":[{"@type":"WebPage","@id":"https:\/\/innow.pl\/produkt\/ms6430-panel-slizgowy-podluzny-nosze-6-uchwytow-medinn\/","url":"https:\/\/innow.pl\/produkt\/ms6430-panel-slizgowy-podluzny-nosze-6-uchwytow-medinn\/","name":"MS6430 - Panel \u015blizgowy pod\u0142u\u017cny (nosze, 6 uchwyt\u00f3w) MEDINN - INNOW","isPartOf":{"@id":"https:\/\/innow.pl\/#website"},"primaryImageOfPage":{"@id":"https:\/\/innow.pl\/produkt\/ms6430-panel-slizgowy-podluzny-nosze-6-uchwytow-medinn\/#primaryimage"},"image":{"@id":"https:\/\/innow.pl\/produkt\/ms6430-panel-slizgowy-podluzny-nosze-6-uchwytow-medinn\/#primaryimage"},"thumbnailUrl":"https:\/\/innow.pl\/wp-content\/uploads\/2024\/11\/MS6430_new.jpg","datePublished":"2017-08-29T10:16:01+00:00","dateModified":"2025-02-19T10:46:19+00:00","description":"Praktyczny panel \u015blizgowy pod\u0142u\u017cny (nosze, 6 uchwyt\u00f3w) MEDINN pozwalaj\u0105cy na transport pacjenta w \u0142atwy i szybki spos\u00f3b. Dowiedz si\u0119 wi\u0119cej!","breadcrumb":{"@id":"https:\/\/innow.pl\/produkt\/ms6430-panel-slizgowy-podluzny-nosze-6-uchwytow-medinn\/#breadcrumb"},"inLanguage":"en-US","potentialAction":[{"@type":"ReadAction","target":["https:\/\/innow.pl\/produkt\/ms6430-panel-slizgowy-podluzny-nosze-6-uchwytow-medinn\/"]}]},{"@type":"ImageObject","inLanguage":"en-US","@id":"https:\/\/innow.pl\/produkt\/ms6430-panel-slizgowy-podluzny-nosze-6-uchwytow-medinn\/#primaryimage","url":"https:\/\/innow.pl\/wp-content\/uploads\/2024\/11\/MS6430_new.jpg","contentUrl":"https:\/\/innow.pl\/wp-content\/uploads\/2024\/11\/MS6430_new.jpg","width":600,"height":600,"caption":"Panel \u015blizgowy pod\u0142u\u017cny (nosze, 6 uchwyt\u00f3w) MEDINN \u2013 MS6430 \u2013 INNOW"},{"@type":"BreadcrumbList","@id":"https:\/\/innow.pl\/produkt\/ms6430-panel-slizgowy-podluzny-nosze-6-uchwytow-medinn\/#breadcrumb","itemListElement":[{"@type":"ListItem","position":1,"name":"INNOW","item":"https:\/\/innow.pl\/en\/"},{"@type":"ListItem","position":2,"name":"Produkty","item":"https:\/\/innow.pl\/produkty\/"},{"@type":"ListItem","position":3,"name":"\u0141atwo\u015blizgi - przemieszczanie pacjent\u00f3w","item":"https:\/\/innow.pl\/produkty\/latwoslizgi-przemieszczanie-pacjentow\/"},{"@type":"ListItem","position":4,"name":"Panele \u015blizgowe","item":"https:\/\/innow.pl\/produkty\/latwoslizgi-przemieszczanie-pacjentow\/panele-slizgowe\/"},{"@type":"ListItem","position":5,"name":"MS6430 &#8211; Panel \u015blizgowy pod\u0142u\u017cny (nosze, 6 uchwyt\u00f3w) MEDINN"}]},{"@type":"WebSite","@id":"https:\/\/innow.pl\/#website","url":"https:\/\/innow.pl\/","name":"INNOW","description":"","potentialAction":[{"@type":"SearchAction","target":{"@type":"EntryPoint","urlTemplate":"https:\/\/innow.pl\/?s={search_term_string}"},"query-input":{"@type":"PropertyValueSpecification","valueRequired":true,"valueName":"search_term_string"}}],"inLanguage":"en-US"}]}},"_links":{"self":[{"href":"https:\/\/innow.pl\/en\/wp-json\/wp\/v2\/product\/27254","targetHints":{"allow":["GET"]}}],"collection":[{"href":"https:\/\/innow.pl\/en\/wp-json\/wp\/v2\/product"}],"about":[{"href":"https:\/\/innow.pl\/en\/wp-json\/wp\/v2\/types\/product"}],"replies":[{"embeddable":true,"href":"https:\/\/innow.pl\/en\/wp-json\/wp\/v2\/comments?post=27254"}],"wp:featuredmedia":[{"embeddable":true,"href":"https:\/\/innow.pl\/en\/wp-json\/wp\/v2\/media\/27256"}],"wp:attachment":[{"href":"https:\/\/innow.pl\/en\/wp-json\/wp\/v2\/media?parent=27254"}],"wp:term":[{"taxonomy":"product_brand","embeddable":true,"href":"https:\/\/innow.pl\/en\/wp-json\/wp\/v2\/product_brand?post=27254"},{"taxonomy":"product_cat","embeddable":true,"href":"https:\/\/innow.pl\/en\/wp-json\/wp\/v2\/product_cat?post=27254"},{"taxonomy":"product_tag","embeddable":true,"href":"https:\/\/innow.pl\/en\/wp-json\/wp\/v2\/product_tag?post=27254"}],"curies":[{"name":"wp","href":"https:\/\/api.w.org\/{rel}","templated":true}]}}