{"id":27242,"date":"2017-08-29T12:05:27","date_gmt":"2017-08-29T10:05:27","guid":{"rendered":"https:\/\/innow.pl\/produkt\/ms6410-panel-slizgowy-do-przemieszczania-75x33-cm-medinn\/"},"modified":"2025-02-24T07:38:43","modified_gmt":"2025-02-24T06:38:43","slug":"ms6410-panel-slizgowy-do-przemieszczania-75x33-cm-medinn","status":"publish","type":"product","link":"https:\/\/innow.pl\/en\/produkt\/ms6410-panel-slizgowy-do-przemieszczania-75x33-cm-medinn\/","title":{"rendered":"MS6410 &#8211; Panel \u015blizgowy do przemieszczania 75&#215;33 cm MEDINN"},"content":{"rendered":"<p>Panel \u015blizgowy, kt\u00f3rego wykorzystanie znacznie zmniejsza wysi\u0142ek personelu konieczny do przemieszczania pacjenta. Umo\u017cliwia transport osoby na \u0142\u00f3\u017cko oraz z \u0142\u00f3\u017cka, a tak\u017ce fotela, siedzenia samochodowego, czy w\u00f3zka inwalidzkiego. Zapewnia bezpiecze\u0144stwo u\u017cytkowania dzi\u0119ki obecno\u015bci dw\u00f3ch antypo\u015blizgowych pas\u00f3w. Wyr\u00f3b cechuje si\u0119 lekko\u015bci\u0105 i posiada ergonomiczne uchwyty usprawniaj\u0105ce transport. Panel wytworzony jest ze sprasowanego polietylenu, ma niebieski kolor i charakteryzuje si\u0119 odporno\u015bci\u0105 na promieniowanie UV. Poszczeg\u00f3lne cechy produkt\u00f3w mog\u0105 r\u00f3\u017cni\u0107 si\u0119 od tych na zdj\u0119ciach.<\/p>\n","protected":false},"excerpt":{"rendered":"<p>Panel \u015blizgowy, kt\u00f3rego wykorzystanie znacznie zmniejsza wysi\u0142ek personelu konieczny do przemieszczania pacjenta. Umo\u017cliwia transport osoby na \u0142\u00f3\u017cko oraz z \u0142\u00f3\u017cka, a tak\u017ce fotela, siedzenia samochodowego, czy w\u00f3zka inwalidzkiego. Zapewnia bezpiecze\u0144stwo u\u017cytkowania dzi\u0119ki obecno\u015bci dw\u00f3ch antypo\u015blizgowych pas\u00f3w. Wyr\u00f3b cechuje si\u0119 lekko\u015bci\u0105 i posiada ergonomiczne uchwyty usprawniaj\u0105ce transport. Panel wytworzony jest ze sprasowanego polietylenu, ma niebieski kolor [&hellip;]<\/p>\n","protected":false},"featured_media":27244,"comment_status":"open","ping_status":"closed","template":"","meta":{"_acf_changed":false},"product_brand":[],"product_cat":[421,392],"product_tag":[],"class_list":{"0":"post-27242","1":"product","2":"type-product","3":"status-publish","4":"has-post-thumbnail","6":"product_cat-panele-slizgowe","7":"product_cat-latwoslizgi-przemieszczanie-pacjentow","9":"first","10":"instock","11":"taxable","12":"shipping-taxable","13":"purchasable","14":"product-type-simple"},"acf":[],"yoast_head":"<!-- This site is optimized with the Yoast SEO plugin v27.4 - https:\/\/yoast.com\/product\/yoast-seo-wordpress\/ -->\n<title>MS6410 - Panel \u015blizgowy do przemieszczania 75x33 cm MEDINN - INNOW<\/title>\n<meta name=\"description\" content=\"Praktyczny, znacznie usprawniaj\u0105cy prac\u0119 personelu panel \u015blizgowy do przemieszczania 75x33 cm MEDINN ze \u017c\u0142obieniami i antypo\u015blizgowymi pasami. Sprawd\u017a!\" \/>\n<meta name=\"robots\" content=\"index, follow, max-snippet:-1, max-image-preview:large, max-video-preview:-1\" \/>\n<link rel=\"canonical\" href=\"https:\/\/innow.pl\/produkt\/ms6410-panel-slizgowy-do-przemieszczania-75x33-cm-medinn\/\" \/>\n<meta property=\"og:locale\" content=\"en_US\" \/>\n<meta property=\"og:type\" content=\"article\" \/>\n<meta property=\"og:title\" content=\"MS6410 - Panel \u015blizgowy do przemieszczania 75x33 cm MEDINN - INNOW\" \/>\n<meta property=\"og:description\" content=\"Praktyczny, znacznie usprawniaj\u0105cy prac\u0119 personelu panel \u015blizgowy do przemieszczania 75x33 cm MEDINN ze \u017c\u0142obieniami i antypo\u015blizgowymi pasami. Sprawd\u017a!\" \/>\n<meta property=\"og:url\" content=\"https:\/\/innow.pl\/produkt\/ms6410-panel-slizgowy-do-przemieszczania-75x33-cm-medinn\/\" \/>\n<meta property=\"og:site_name\" content=\"INNOW\" \/>\n<meta property=\"article:modified_time\" content=\"2025-02-24T06:38:43+00:00\" \/>\n<meta property=\"og:image\" content=\"https:\/\/innow.pl\/wp-content\/uploads\/2024\/11\/MS6410_1.jpg\" \/>\n\t<meta property=\"og:image:width\" content=\"487\" \/>\n\t<meta property=\"og:image:height\" content=\"480\" \/>\n\t<meta property=\"og:image:type\" content=\"image\/jpeg\" \/>\n<meta name=\"twitter:card\" content=\"summary_large_image\" \/>\n<meta name=\"twitter:label1\" content=\"Est. reading time\" \/>\n\t<meta name=\"twitter:data1\" content=\"1 minute\" \/>\n<script type=\"application\/ld+json\" class=\"yoast-schema-graph\">{\"@context\":\"https:\\\/\\\/schema.org\",\"@graph\":[{\"@type\":\"WebPage\",\"@id\":\"https:\\\/\\\/innow.pl\\\/produkt\\\/ms6410-panel-slizgowy-do-przemieszczania-75x33-cm-medinn\\\/\",\"url\":\"https:\\\/\\\/innow.pl\\\/produkt\\\/ms6410-panel-slizgowy-do-przemieszczania-75x33-cm-medinn\\\/\",\"name\":\"MS6410 - Panel \u015blizgowy do przemieszczania 75x33 cm MEDINN - INNOW\",\"isPartOf\":{\"@id\":\"https:\\\/\\\/innow.pl\\\/#website\"},\"primaryImageOfPage\":{\"@id\":\"https:\\\/\\\/innow.pl\\\/produkt\\\/ms6410-panel-slizgowy-do-przemieszczania-75x33-cm-medinn\\\/#primaryimage\"},\"image\":{\"@id\":\"https:\\\/\\\/innow.pl\\\/produkt\\\/ms6410-panel-slizgowy-do-przemieszczania-75x33-cm-medinn\\\/#primaryimage\"},\"thumbnailUrl\":\"https:\\\/\\\/innow.pl\\\/wp-content\\\/uploads\\\/2024\\\/11\\\/MS6410_1.jpg\",\"datePublished\":\"2017-08-29T10:05:27+00:00\",\"dateModified\":\"2025-02-24T06:38:43+00:00\",\"description\":\"Praktyczny, znacznie usprawniaj\u0105cy prac\u0119 personelu panel \u015blizgowy do przemieszczania 75x33 cm MEDINN ze \u017c\u0142obieniami i antypo\u015blizgowymi pasami. Sprawd\u017a!\",\"breadcrumb\":{\"@id\":\"https:\\\/\\\/innow.pl\\\/produkt\\\/ms6410-panel-slizgowy-do-przemieszczania-75x33-cm-medinn\\\/#breadcrumb\"},\"inLanguage\":\"en-US\",\"potentialAction\":[{\"@type\":\"ReadAction\",\"target\":[\"https:\\\/\\\/innow.pl\\\/produkt\\\/ms6410-panel-slizgowy-do-przemieszczania-75x33-cm-medinn\\\/\"]}]},{\"@type\":\"ImageObject\",\"inLanguage\":\"en-US\",\"@id\":\"https:\\\/\\\/innow.pl\\\/produkt\\\/ms6410-panel-slizgowy-do-przemieszczania-75x33-cm-medinn\\\/#primaryimage\",\"url\":\"https:\\\/\\\/innow.pl\\\/wp-content\\\/uploads\\\/2024\\\/11\\\/MS6410_1.jpg\",\"contentUrl\":\"https:\\\/\\\/innow.pl\\\/wp-content\\\/uploads\\\/2024\\\/11\\\/MS6410_1.jpg\",\"width\":487,\"height\":480,\"caption\":\"Panel \u015blizgowy do przemieszczania 75x33 cm MEDINN \u2013 MS6410 \u2013 INNOW\"},{\"@type\":\"BreadcrumbList\",\"@id\":\"https:\\\/\\\/innow.pl\\\/produkt\\\/ms6410-panel-slizgowy-do-przemieszczania-75x33-cm-medinn\\\/#breadcrumb\",\"itemListElement\":[{\"@type\":\"ListItem\",\"position\":1,\"name\":\"INNOW\",\"item\":\"https:\\\/\\\/innow.pl\\\/en\\\/\"},{\"@type\":\"ListItem\",\"position\":2,\"name\":\"Produkty\",\"item\":\"https:\\\/\\\/innow.pl\\\/produkty\\\/\"},{\"@type\":\"ListItem\",\"position\":3,\"name\":\"\u0141atwo\u015blizgi - przemieszczanie pacjent\u00f3w\",\"item\":\"https:\\\/\\\/innow.pl\\\/produkty\\\/latwoslizgi-przemieszczanie-pacjentow\\\/\"},{\"@type\":\"ListItem\",\"position\":4,\"name\":\"Panele \u015blizgowe\",\"item\":\"https:\\\/\\\/innow.pl\\\/produkty\\\/latwoslizgi-przemieszczanie-pacjentow\\\/panele-slizgowe\\\/\"},{\"@type\":\"ListItem\",\"position\":5,\"name\":\"MS6410 &#8211; Panel \u015blizgowy do przemieszczania 75&#215;33 cm MEDINN\"}]},{\"@type\":\"WebSite\",\"@id\":\"https:\\\/\\\/innow.pl\\\/#website\",\"url\":\"https:\\\/\\\/innow.pl\\\/\",\"name\":\"INNOW\",\"description\":\"\",\"potentialAction\":[{\"@type\":\"SearchAction\",\"target\":{\"@type\":\"EntryPoint\",\"urlTemplate\":\"https:\\\/\\\/innow.pl\\\/?s={search_term_string}\"},\"query-input\":{\"@type\":\"PropertyValueSpecification\",\"valueRequired\":true,\"valueName\":\"search_term_string\"}}],\"inLanguage\":\"en-US\"}]}<\/script>\n<!-- \/ Yoast SEO plugin. -->","yoast_head_json":{"title":"MS6410 - Panel \u015blizgowy do przemieszczania 75x33 cm MEDINN - INNOW","description":"Praktyczny, znacznie usprawniaj\u0105cy prac\u0119 personelu panel \u015blizgowy do przemieszczania 75x33 cm MEDINN ze \u017c\u0142obieniami i antypo\u015blizgowymi pasami. Sprawd\u017a!","robots":{"index":"index","follow":"follow","max-snippet":"max-snippet:-1","max-image-preview":"max-image-preview:large","max-video-preview":"max-video-preview:-1"},"canonical":"https:\/\/innow.pl\/produkt\/ms6410-panel-slizgowy-do-przemieszczania-75x33-cm-medinn\/","og_locale":"en_US","og_type":"article","og_title":"MS6410 - Panel \u015blizgowy do przemieszczania 75x33 cm MEDINN - INNOW","og_description":"Praktyczny, znacznie usprawniaj\u0105cy prac\u0119 personelu panel \u015blizgowy do przemieszczania 75x33 cm MEDINN ze \u017c\u0142obieniami i antypo\u015blizgowymi pasami. Sprawd\u017a!","og_url":"https:\/\/innow.pl\/produkt\/ms6410-panel-slizgowy-do-przemieszczania-75x33-cm-medinn\/","og_site_name":"INNOW","article_modified_time":"2025-02-24T06:38:43+00:00","og_image":[{"width":487,"height":480,"url":"https:\/\/innow.pl\/wp-content\/uploads\/2024\/11\/MS6410_1.jpg","type":"image\/jpeg"}],"twitter_card":"summary_large_image","twitter_misc":{"Est. reading time":"1 minute"},"schema":{"@context":"https:\/\/schema.org","@graph":[{"@type":"WebPage","@id":"https:\/\/innow.pl\/produkt\/ms6410-panel-slizgowy-do-przemieszczania-75x33-cm-medinn\/","url":"https:\/\/innow.pl\/produkt\/ms6410-panel-slizgowy-do-przemieszczania-75x33-cm-medinn\/","name":"MS6410 - Panel \u015blizgowy do przemieszczania 75x33 cm MEDINN - INNOW","isPartOf":{"@id":"https:\/\/innow.pl\/#website"},"primaryImageOfPage":{"@id":"https:\/\/innow.pl\/produkt\/ms6410-panel-slizgowy-do-przemieszczania-75x33-cm-medinn\/#primaryimage"},"image":{"@id":"https:\/\/innow.pl\/produkt\/ms6410-panel-slizgowy-do-przemieszczania-75x33-cm-medinn\/#primaryimage"},"thumbnailUrl":"https:\/\/innow.pl\/wp-content\/uploads\/2024\/11\/MS6410_1.jpg","datePublished":"2017-08-29T10:05:27+00:00","dateModified":"2025-02-24T06:38:43+00:00","description":"Praktyczny, znacznie usprawniaj\u0105cy prac\u0119 personelu panel \u015blizgowy do przemieszczania 75x33 cm MEDINN ze \u017c\u0142obieniami i antypo\u015blizgowymi pasami. Sprawd\u017a!","breadcrumb":{"@id":"https:\/\/innow.pl\/produkt\/ms6410-panel-slizgowy-do-przemieszczania-75x33-cm-medinn\/#breadcrumb"},"inLanguage":"en-US","potentialAction":[{"@type":"ReadAction","target":["https:\/\/innow.pl\/produkt\/ms6410-panel-slizgowy-do-przemieszczania-75x33-cm-medinn\/"]}]},{"@type":"ImageObject","inLanguage":"en-US","@id":"https:\/\/innow.pl\/produkt\/ms6410-panel-slizgowy-do-przemieszczania-75x33-cm-medinn\/#primaryimage","url":"https:\/\/innow.pl\/wp-content\/uploads\/2024\/11\/MS6410_1.jpg","contentUrl":"https:\/\/innow.pl\/wp-content\/uploads\/2024\/11\/MS6410_1.jpg","width":487,"height":480,"caption":"Panel \u015blizgowy do przemieszczania 75x33 cm MEDINN \u2013 MS6410 \u2013 INNOW"},{"@type":"BreadcrumbList","@id":"https:\/\/innow.pl\/produkt\/ms6410-panel-slizgowy-do-przemieszczania-75x33-cm-medinn\/#breadcrumb","itemListElement":[{"@type":"ListItem","position":1,"name":"INNOW","item":"https:\/\/innow.pl\/en\/"},{"@type":"ListItem","position":2,"name":"Produkty","item":"https:\/\/innow.pl\/produkty\/"},{"@type":"ListItem","position":3,"name":"\u0141atwo\u015blizgi - przemieszczanie pacjent\u00f3w","item":"https:\/\/innow.pl\/produkty\/latwoslizgi-przemieszczanie-pacjentow\/"},{"@type":"ListItem","position":4,"name":"Panele \u015blizgowe","item":"https:\/\/innow.pl\/produkty\/latwoslizgi-przemieszczanie-pacjentow\/panele-slizgowe\/"},{"@type":"ListItem","position":5,"name":"MS6410 &#8211; Panel \u015blizgowy do przemieszczania 75&#215;33 cm MEDINN"}]},{"@type":"WebSite","@id":"https:\/\/innow.pl\/#website","url":"https:\/\/innow.pl\/","name":"INNOW","description":"","potentialAction":[{"@type":"SearchAction","target":{"@type":"EntryPoint","urlTemplate":"https:\/\/innow.pl\/?s={search_term_string}"},"query-input":{"@type":"PropertyValueSpecification","valueRequired":true,"valueName":"search_term_string"}}],"inLanguage":"en-US"}]}},"_links":{"self":[{"href":"https:\/\/innow.pl\/en\/wp-json\/wp\/v2\/product\/27242","targetHints":{"allow":["GET"]}}],"collection":[{"href":"https:\/\/innow.pl\/en\/wp-json\/wp\/v2\/product"}],"about":[{"href":"https:\/\/innow.pl\/en\/wp-json\/wp\/v2\/types\/product"}],"replies":[{"embeddable":true,"href":"https:\/\/innow.pl\/en\/wp-json\/wp\/v2\/comments?post=27242"}],"wp:featuredmedia":[{"embeddable":true,"href":"https:\/\/innow.pl\/en\/wp-json\/wp\/v2\/media\/27244"}],"wp:attachment":[{"href":"https:\/\/innow.pl\/en\/wp-json\/wp\/v2\/media?parent=27242"}],"wp:term":[{"taxonomy":"product_brand","embeddable":true,"href":"https:\/\/innow.pl\/en\/wp-json\/wp\/v2\/product_brand?post=27242"},{"taxonomy":"product_cat","embeddable":true,"href":"https:\/\/innow.pl\/en\/wp-json\/wp\/v2\/product_cat?post=27242"},{"taxonomy":"product_tag","embeddable":true,"href":"https:\/\/innow.pl\/en\/wp-json\/wp\/v2\/product_tag?post=27242"}],"curies":[{"name":"wp","href":"https:\/\/api.w.org\/{rel}","templated":true}]}}