{"id":27190,"date":"2017-08-25T12:10:39","date_gmt":"2017-08-25T10:10:39","guid":{"rendered":"https:\/\/innow.pl\/produkt\/sw102-szafka-lekarska-wiszaca-metalowa-drzwi-szklane-przesuwne\/"},"modified":"2025-02-24T07:47:34","modified_gmt":"2025-02-24T06:47:34","slug":"sw102-szafka-lekarska-wiszaca-metalowa-drzwi-szklane-przesuwne","status":"publish","type":"product","link":"https:\/\/innow.pl\/en\/produkt\/sw102-szafka-lekarska-wiszaca-metalowa-drzwi-szklane-przesuwne\/","title":{"rendered":"SW102 &#8211; Szafka lekarska wisz\u0105ca, metalowa, drzwi szklane, przesuwne"},"content":{"rendered":"<p>Dwudrzwiowa, wisz\u0105ca szafka lekarska z przesuwanymi, szklanymi drzwiami. Szafka mo\u017ce zosta\u0107 wykonana w kolorach przedstawionych na zdj\u0119ciu 2 &#8211;\u00a0 bez dodatkowej op\u0142aty. UWAGA: Ze wzgl\u0119du na wyposa\u017cenie szaf w szk\u0142o, zaleca si\u0119 ich odbi\u00f3r osobisty. W przypadku wysy\u0142ki spedycyjnej, koszt mo\u017ce wynie\u015b\u0107 ok. 200-300 z\u0142 netto \/ palet\u0119 (+ 23% VAT). Ostateczna, wi\u0105\u017c\u0105ca wycena dokonywana jest indywidualnie w zale\u017cno\u015bci od odleg\u0142o\u015bci i aktualnych zada\u0144 logistycznych w firmie. DOSTAWA SZAF MO\u017bE SI\u0118 WI\u0104ZA\u0106 SI\u0118 Z KONIECZNO\u015aCI\u0104 ODBIORU PRZESY\u0141KI WPROST Z POJAZDU DOSTAWCZEGO (tzw. odbi\u00f3r z ulicy), Z MIEJSCA DO JAKIEGO POJAZD B\u0118DZIE M\u00d3G\u0141 DOJECHA\u0106.<\/p>\n","protected":false},"excerpt":{"rendered":"<p>Dwudrzwiowa, wisz\u0105ca szafka lekarska z przesuwanymi, szklanymi drzwiami. Szafka mo\u017ce zosta\u0107 wykonana w kolorach przedstawionych na zdj\u0119ciu 2 &#8211;\u00a0 bez dodatkowej op\u0142aty. UWAGA: Ze wzgl\u0119du na wyposa\u017cenie szaf w szk\u0142o, zaleca si\u0119 ich odbi\u00f3r osobisty. W przypadku wysy\u0142ki spedycyjnej, koszt mo\u017ce wynie\u015b\u0107 ok. 200-300 z\u0142 netto \/ palet\u0119 (+ 23% VAT). Ostateczna, wi\u0105\u017c\u0105ca wycena dokonywana [&hellip;]<\/p>\n","protected":false},"featured_media":27192,"comment_status":"open","ping_status":"closed","template":"","meta":{"_acf_changed":false},"product_brand":[],"product_cat":[440,452],"product_tag":[],"class_list":{"0":"post-27190","1":"product","2":"type-product","3":"status-publish","4":"has-post-thumbnail","6":"product_cat-meble-medyczne","7":"product_cat-szafy-lekarskie-i-kartotekowe","8":"pa_szerokosc-80-cm","9":"pa_wysokosc-50-cm","11":"first","12":"instock","13":"taxable","14":"shipping-taxable","15":"purchasable","16":"product-type-simple"},"acf":[],"yoast_head":"<!-- This site is optimized with the Yoast SEO plugin v27.4 - https:\/\/yoast.com\/product\/yoast-seo-wordpress\/ -->\n<title>SW102 - Szafka lekarska wisz\u0105ca, metalowa, drzwi szklane, przesuwne - INNOW<\/title>\n<meta name=\"description\" content=\"Pojemna, estetycznie wykonana szafka lekarska wisz\u0105ca z przesuwnymi szklanymi drzwiami - szeroka gama dost\u0119pnych kolor\u00f3w metalowej konstrukcji. Zobacz!\" \/>\n<meta name=\"robots\" content=\"index, follow, max-snippet:-1, max-image-preview:large, max-video-preview:-1\" \/>\n<link rel=\"canonical\" href=\"https:\/\/innow.pl\/produkt\/sw102-szafka-lekarska-wiszaca-metalowa-drzwi-szklane-przesuwne\/\" \/>\n<meta property=\"og:locale\" content=\"en_US\" \/>\n<meta property=\"og:type\" content=\"article\" \/>\n<meta property=\"og:title\" content=\"SW102 - Szafka lekarska wisz\u0105ca, metalowa, drzwi szklane, przesuwne - INNOW\" \/>\n<meta property=\"og:description\" content=\"Pojemna, estetycznie wykonana szafka lekarska wisz\u0105ca z przesuwnymi szklanymi drzwiami - szeroka gama dost\u0119pnych kolor\u00f3w metalowej konstrukcji. Zobacz!\" \/>\n<meta property=\"og:url\" content=\"https:\/\/innow.pl\/produkt\/sw102-szafka-lekarska-wiszaca-metalowa-drzwi-szklane-przesuwne\/\" \/>\n<meta property=\"og:site_name\" content=\"INNOW\" \/>\n<meta property=\"article:modified_time\" content=\"2025-02-24T06:47:34+00:00\" \/>\n<meta property=\"og:image\" content=\"https:\/\/innow.pl\/wp-content\/uploads\/2024\/11\/SW102_1_.jpg\" \/>\n\t<meta property=\"og:image:width\" content=\"370\" \/>\n\t<meta property=\"og:image:height\" content=\"370\" \/>\n\t<meta property=\"og:image:type\" content=\"image\/jpeg\" \/>\n<meta name=\"twitter:card\" content=\"summary_large_image\" \/>\n<meta name=\"twitter:label1\" content=\"Est. reading time\" \/>\n\t<meta name=\"twitter:data1\" content=\"1 minute\" \/>\n<script type=\"application\/ld+json\" class=\"yoast-schema-graph\">{\"@context\":\"https:\\\/\\\/schema.org\",\"@graph\":[{\"@type\":\"WebPage\",\"@id\":\"https:\\\/\\\/innow.pl\\\/produkt\\\/sw102-szafka-lekarska-wiszaca-metalowa-drzwi-szklane-przesuwne\\\/\",\"url\":\"https:\\\/\\\/innow.pl\\\/produkt\\\/sw102-szafka-lekarska-wiszaca-metalowa-drzwi-szklane-przesuwne\\\/\",\"name\":\"SW102 - Szafka lekarska wisz\u0105ca, metalowa, drzwi szklane, przesuwne - INNOW\",\"isPartOf\":{\"@id\":\"https:\\\/\\\/innow.pl\\\/#website\"},\"primaryImageOfPage\":{\"@id\":\"https:\\\/\\\/innow.pl\\\/produkt\\\/sw102-szafka-lekarska-wiszaca-metalowa-drzwi-szklane-przesuwne\\\/#primaryimage\"},\"image\":{\"@id\":\"https:\\\/\\\/innow.pl\\\/produkt\\\/sw102-szafka-lekarska-wiszaca-metalowa-drzwi-szklane-przesuwne\\\/#primaryimage\"},\"thumbnailUrl\":\"https:\\\/\\\/innow.pl\\\/wp-content\\\/uploads\\\/2024\\\/11\\\/SW102_1_.jpg\",\"datePublished\":\"2017-08-25T10:10:39+00:00\",\"dateModified\":\"2025-02-24T06:47:34+00:00\",\"description\":\"Pojemna, estetycznie wykonana szafka lekarska wisz\u0105ca z przesuwnymi szklanymi drzwiami - szeroka gama dost\u0119pnych kolor\u00f3w metalowej konstrukcji. Zobacz!\",\"breadcrumb\":{\"@id\":\"https:\\\/\\\/innow.pl\\\/produkt\\\/sw102-szafka-lekarska-wiszaca-metalowa-drzwi-szklane-przesuwne\\\/#breadcrumb\"},\"inLanguage\":\"en-US\",\"potentialAction\":[{\"@type\":\"ReadAction\",\"target\":[\"https:\\\/\\\/innow.pl\\\/produkt\\\/sw102-szafka-lekarska-wiszaca-metalowa-drzwi-szklane-przesuwne\\\/\"]}]},{\"@type\":\"ImageObject\",\"inLanguage\":\"en-US\",\"@id\":\"https:\\\/\\\/innow.pl\\\/produkt\\\/sw102-szafka-lekarska-wiszaca-metalowa-drzwi-szklane-przesuwne\\\/#primaryimage\",\"url\":\"https:\\\/\\\/innow.pl\\\/wp-content\\\/uploads\\\/2024\\\/11\\\/SW102_1_.jpg\",\"contentUrl\":\"https:\\\/\\\/innow.pl\\\/wp-content\\\/uploads\\\/2024\\\/11\\\/SW102_1_.jpg\",\"width\":370,\"height\":370,\"caption\":\"Szafka lekarska wisz\u0105ca, metalowa, drzwi szklane, przesuwne \u2013 SW102 \u2013 INNOW\"},{\"@type\":\"BreadcrumbList\",\"@id\":\"https:\\\/\\\/innow.pl\\\/produkt\\\/sw102-szafka-lekarska-wiszaca-metalowa-drzwi-szklane-przesuwne\\\/#breadcrumb\",\"itemListElement\":[{\"@type\":\"ListItem\",\"position\":1,\"name\":\"INNOW\",\"item\":\"https:\\\/\\\/innow.pl\\\/en\\\/\"},{\"@type\":\"ListItem\",\"position\":2,\"name\":\"Produkty\",\"item\":\"https:\\\/\\\/innow.pl\\\/produkty\\\/\"},{\"@type\":\"ListItem\",\"position\":3,\"name\":\"Meble medyczne\",\"item\":\"https:\\\/\\\/innow.pl\\\/produkty\\\/meble-medyczne\\\/\"},{\"@type\":\"ListItem\",\"position\":4,\"name\":\"Szafy lekarskie i kartotekowe\",\"item\":\"https:\\\/\\\/innow.pl\\\/produkty\\\/meble-medyczne\\\/szafy-lekarskie-i-kartotekowe\\\/\"},{\"@type\":\"ListItem\",\"position\":5,\"name\":\"SW102 &#8211; Szafka lekarska wisz\u0105ca, metalowa, drzwi szklane, przesuwne\"}]},{\"@type\":\"WebSite\",\"@id\":\"https:\\\/\\\/innow.pl\\\/#website\",\"url\":\"https:\\\/\\\/innow.pl\\\/\",\"name\":\"INNOW\",\"description\":\"\",\"potentialAction\":[{\"@type\":\"SearchAction\",\"target\":{\"@type\":\"EntryPoint\",\"urlTemplate\":\"https:\\\/\\\/innow.pl\\\/?s={search_term_string}\"},\"query-input\":{\"@type\":\"PropertyValueSpecification\",\"valueRequired\":true,\"valueName\":\"search_term_string\"}}],\"inLanguage\":\"en-US\"}]}<\/script>\n<!-- \/ Yoast SEO plugin. -->","yoast_head_json":{"title":"SW102 - Szafka lekarska wisz\u0105ca, metalowa, drzwi szklane, przesuwne - INNOW","description":"Pojemna, estetycznie wykonana szafka lekarska wisz\u0105ca z przesuwnymi szklanymi drzwiami - szeroka gama dost\u0119pnych kolor\u00f3w metalowej konstrukcji. Zobacz!","robots":{"index":"index","follow":"follow","max-snippet":"max-snippet:-1","max-image-preview":"max-image-preview:large","max-video-preview":"max-video-preview:-1"},"canonical":"https:\/\/innow.pl\/produkt\/sw102-szafka-lekarska-wiszaca-metalowa-drzwi-szklane-przesuwne\/","og_locale":"en_US","og_type":"article","og_title":"SW102 - Szafka lekarska wisz\u0105ca, metalowa, drzwi szklane, przesuwne - INNOW","og_description":"Pojemna, estetycznie wykonana szafka lekarska wisz\u0105ca z przesuwnymi szklanymi drzwiami - szeroka gama dost\u0119pnych kolor\u00f3w metalowej konstrukcji. Zobacz!","og_url":"https:\/\/innow.pl\/produkt\/sw102-szafka-lekarska-wiszaca-metalowa-drzwi-szklane-przesuwne\/","og_site_name":"INNOW","article_modified_time":"2025-02-24T06:47:34+00:00","og_image":[{"width":370,"height":370,"url":"https:\/\/innow.pl\/wp-content\/uploads\/2024\/11\/SW102_1_.jpg","type":"image\/jpeg"}],"twitter_card":"summary_large_image","twitter_misc":{"Est. reading time":"1 minute"},"schema":{"@context":"https:\/\/schema.org","@graph":[{"@type":"WebPage","@id":"https:\/\/innow.pl\/produkt\/sw102-szafka-lekarska-wiszaca-metalowa-drzwi-szklane-przesuwne\/","url":"https:\/\/innow.pl\/produkt\/sw102-szafka-lekarska-wiszaca-metalowa-drzwi-szklane-przesuwne\/","name":"SW102 - Szafka lekarska wisz\u0105ca, metalowa, drzwi szklane, przesuwne - INNOW","isPartOf":{"@id":"https:\/\/innow.pl\/#website"},"primaryImageOfPage":{"@id":"https:\/\/innow.pl\/produkt\/sw102-szafka-lekarska-wiszaca-metalowa-drzwi-szklane-przesuwne\/#primaryimage"},"image":{"@id":"https:\/\/innow.pl\/produkt\/sw102-szafka-lekarska-wiszaca-metalowa-drzwi-szklane-przesuwne\/#primaryimage"},"thumbnailUrl":"https:\/\/innow.pl\/wp-content\/uploads\/2024\/11\/SW102_1_.jpg","datePublished":"2017-08-25T10:10:39+00:00","dateModified":"2025-02-24T06:47:34+00:00","description":"Pojemna, estetycznie wykonana szafka lekarska wisz\u0105ca z przesuwnymi szklanymi drzwiami - szeroka gama dost\u0119pnych kolor\u00f3w metalowej konstrukcji. Zobacz!","breadcrumb":{"@id":"https:\/\/innow.pl\/produkt\/sw102-szafka-lekarska-wiszaca-metalowa-drzwi-szklane-przesuwne\/#breadcrumb"},"inLanguage":"en-US","potentialAction":[{"@type":"ReadAction","target":["https:\/\/innow.pl\/produkt\/sw102-szafka-lekarska-wiszaca-metalowa-drzwi-szklane-przesuwne\/"]}]},{"@type":"ImageObject","inLanguage":"en-US","@id":"https:\/\/innow.pl\/produkt\/sw102-szafka-lekarska-wiszaca-metalowa-drzwi-szklane-przesuwne\/#primaryimage","url":"https:\/\/innow.pl\/wp-content\/uploads\/2024\/11\/SW102_1_.jpg","contentUrl":"https:\/\/innow.pl\/wp-content\/uploads\/2024\/11\/SW102_1_.jpg","width":370,"height":370,"caption":"Szafka lekarska wisz\u0105ca, metalowa, drzwi szklane, przesuwne \u2013 SW102 \u2013 INNOW"},{"@type":"BreadcrumbList","@id":"https:\/\/innow.pl\/produkt\/sw102-szafka-lekarska-wiszaca-metalowa-drzwi-szklane-przesuwne\/#breadcrumb","itemListElement":[{"@type":"ListItem","position":1,"name":"INNOW","item":"https:\/\/innow.pl\/en\/"},{"@type":"ListItem","position":2,"name":"Produkty","item":"https:\/\/innow.pl\/produkty\/"},{"@type":"ListItem","position":3,"name":"Meble medyczne","item":"https:\/\/innow.pl\/produkty\/meble-medyczne\/"},{"@type":"ListItem","position":4,"name":"Szafy lekarskie i kartotekowe","item":"https:\/\/innow.pl\/produkty\/meble-medyczne\/szafy-lekarskie-i-kartotekowe\/"},{"@type":"ListItem","position":5,"name":"SW102 &#8211; Szafka lekarska wisz\u0105ca, metalowa, drzwi szklane, przesuwne"}]},{"@type":"WebSite","@id":"https:\/\/innow.pl\/#website","url":"https:\/\/innow.pl\/","name":"INNOW","description":"","potentialAction":[{"@type":"SearchAction","target":{"@type":"EntryPoint","urlTemplate":"https:\/\/innow.pl\/?s={search_term_string}"},"query-input":{"@type":"PropertyValueSpecification","valueRequired":true,"valueName":"search_term_string"}}],"inLanguage":"en-US"}]}},"_links":{"self":[{"href":"https:\/\/innow.pl\/en\/wp-json\/wp\/v2\/product\/27190","targetHints":{"allow":["GET"]}}],"collection":[{"href":"https:\/\/innow.pl\/en\/wp-json\/wp\/v2\/product"}],"about":[{"href":"https:\/\/innow.pl\/en\/wp-json\/wp\/v2\/types\/product"}],"replies":[{"embeddable":true,"href":"https:\/\/innow.pl\/en\/wp-json\/wp\/v2\/comments?post=27190"}],"wp:featuredmedia":[{"embeddable":true,"href":"https:\/\/innow.pl\/en\/wp-json\/wp\/v2\/media\/27192"}],"wp:attachment":[{"href":"https:\/\/innow.pl\/en\/wp-json\/wp\/v2\/media?parent=27190"}],"wp:term":[{"taxonomy":"product_brand","embeddable":true,"href":"https:\/\/innow.pl\/en\/wp-json\/wp\/v2\/product_brand?post=27190"},{"taxonomy":"product_cat","embeddable":true,"href":"https:\/\/innow.pl\/en\/wp-json\/wp\/v2\/product_cat?post=27190"},{"taxonomy":"product_tag","embeddable":true,"href":"https:\/\/innow.pl\/en\/wp-json\/wp\/v2\/product_tag?post=27190"}],"curies":[{"name":"wp","href":"https:\/\/api.w.org\/{rel}","templated":true}]}}