{"id":27184,"date":"2017-08-25T11:59:44","date_gmt":"2017-08-25T09:59:44","guid":{"rendered":"https:\/\/innow.pl\/produkt\/sw101-szafka-lekarska-wiszaca-metalowa\/"},"modified":"2025-02-24T07:47:57","modified_gmt":"2025-02-24T06:47:57","slug":"sw101-szafka-lekarska-wiszaca-metalowa","status":"publish","type":"product","link":"https:\/\/innow.pl\/en\/produkt\/sw101-szafka-lekarska-wiszaca-metalowa\/","title":{"rendered":"SW101 &#8211; Szafka lekarska wisz\u0105ca, metalowa"},"content":{"rendered":"<p>Wisz\u0105ca, jednodrzwiowa, metalowa szafka lekarska. Szaf\u0119 mo\u017cna zam\u00f3wi\u0107 w jednym z kolor\u00f3w widocznych na drugim zdj\u0119ciu (bez dodatkowej op\u0142aty). UWAGA: Ze wzgl\u0119du na wyposa\u017cenie szaf w szk\u0142o, zaleca si\u0119 ich odbi\u00f3r osobisty. W przypadku wysy\u0142ki spedycyjnej, koszt mo\u017ce wynie\u015b\u0107 ok. 200-300 z\u0142 netto \/ palet\u0119 (+ 23% VAT). Ostateczna, wi\u0105\u017c\u0105ca wycena dokonywana jest indywidualnie w zale\u017cno\u015bci od odleg\u0142o\u015bci i aktualnych zada\u0144 logistycznych w firmie. DOSTAWA SZAF MO\u017bE SI\u0118 WI\u0104ZA\u0106 SI\u0118 Z KONIECZNO\u015aCI\u0104 ODBIORU PRZESY\u0141KI WPROST Z POJAZDU DOSTAWCZEGO (tzw. odbi\u00f3r z ulicy), Z MIEJSCA DO JAKIEGO POJAZD B\u0118DZIE M\u00d3G\u0141 DOJECHA\u0106.<\/p>\n","protected":false},"excerpt":{"rendered":"<p>Wisz\u0105ca, jednodrzwiowa, metalowa szafka lekarska. Szaf\u0119 mo\u017cna zam\u00f3wi\u0107 w jednym z kolor\u00f3w widocznych na drugim zdj\u0119ciu (bez dodatkowej op\u0142aty). UWAGA: Ze wzgl\u0119du na wyposa\u017cenie szaf w szk\u0142o, zaleca si\u0119 ich odbi\u00f3r osobisty. W przypadku wysy\u0142ki spedycyjnej, koszt mo\u017ce wynie\u015b\u0107 ok. 200-300 z\u0142 netto \/ palet\u0119 (+ 23% VAT). Ostateczna, wi\u0105\u017c\u0105ca wycena dokonywana jest indywidualnie w [&hellip;]<\/p>\n","protected":false},"featured_media":27186,"comment_status":"open","ping_status":"closed","template":"","meta":{"_acf_changed":false},"product_brand":[],"product_cat":[440,452],"product_tag":[],"class_list":{"0":"post-27184","1":"product","2":"type-product","3":"status-publish","4":"has-post-thumbnail","6":"product_cat-meble-medyczne","7":"product_cat-szafy-lekarskie-i-kartotekowe","8":"pa_szerokosc-40-cm","9":"pa_wysokosc-50-cm","11":"first","12":"instock","13":"taxable","14":"shipping-taxable","15":"purchasable","16":"product-type-simple"},"acf":[],"yoast_head":"<!-- This site is optimized with the Yoast SEO plugin v27.4 - https:\/\/yoast.com\/product\/yoast-seo-wordpress\/ -->\n<title>SW101 - Szafka lekarska wisz\u0105ca, metalowa - INNOW<\/title>\n<meta name=\"description\" content=\"Trwa\u0142a i bardzo pojemna szafka lekarska wisz\u0105ca, metalowa - oferujemy du\u017cy wyb\u00f3r dost\u0119pnych kolor\u00f3w konstrukcji. Kliknij po wi\u0119cej informacji!\" \/>\n<meta name=\"robots\" content=\"index, follow, max-snippet:-1, max-image-preview:large, max-video-preview:-1\" \/>\n<link rel=\"canonical\" href=\"https:\/\/innow.pl\/produkt\/sw101-szafka-lekarska-wiszaca-metalowa\/\" \/>\n<meta property=\"og:locale\" content=\"en_US\" \/>\n<meta property=\"og:type\" content=\"article\" \/>\n<meta property=\"og:title\" content=\"SW101 - Szafka lekarska wisz\u0105ca, metalowa - INNOW\" \/>\n<meta property=\"og:description\" content=\"Trwa\u0142a i bardzo pojemna szafka lekarska wisz\u0105ca, metalowa - oferujemy du\u017cy wyb\u00f3r dost\u0119pnych kolor\u00f3w konstrukcji. Kliknij po wi\u0119cej informacji!\" \/>\n<meta property=\"og:url\" content=\"https:\/\/innow.pl\/produkt\/sw101-szafka-lekarska-wiszaca-metalowa\/\" \/>\n<meta property=\"og:site_name\" content=\"INNOW\" \/>\n<meta property=\"article:modified_time\" content=\"2025-02-24T06:47:57+00:00\" \/>\n<meta property=\"og:image\" content=\"https:\/\/innow.pl\/wp-content\/uploads\/2024\/11\/SW101_1_.jpg\" \/>\n\t<meta property=\"og:image:width\" content=\"370\" \/>\n\t<meta property=\"og:image:height\" content=\"370\" \/>\n\t<meta property=\"og:image:type\" content=\"image\/jpeg\" \/>\n<meta name=\"twitter:card\" content=\"summary_large_image\" \/>\n<meta name=\"twitter:label1\" content=\"Est. reading time\" \/>\n\t<meta name=\"twitter:data1\" content=\"1 minute\" \/>\n<script type=\"application\/ld+json\" class=\"yoast-schema-graph\">{\"@context\":\"https:\\\/\\\/schema.org\",\"@graph\":[{\"@type\":\"WebPage\",\"@id\":\"https:\\\/\\\/innow.pl\\\/produkt\\\/sw101-szafka-lekarska-wiszaca-metalowa\\\/\",\"url\":\"https:\\\/\\\/innow.pl\\\/produkt\\\/sw101-szafka-lekarska-wiszaca-metalowa\\\/\",\"name\":\"SW101 - Szafka lekarska wisz\u0105ca, metalowa - INNOW\",\"isPartOf\":{\"@id\":\"https:\\\/\\\/innow.pl\\\/#website\"},\"primaryImageOfPage\":{\"@id\":\"https:\\\/\\\/innow.pl\\\/produkt\\\/sw101-szafka-lekarska-wiszaca-metalowa\\\/#primaryimage\"},\"image\":{\"@id\":\"https:\\\/\\\/innow.pl\\\/produkt\\\/sw101-szafka-lekarska-wiszaca-metalowa\\\/#primaryimage\"},\"thumbnailUrl\":\"https:\\\/\\\/innow.pl\\\/wp-content\\\/uploads\\\/2024\\\/11\\\/SW101_1_.jpg\",\"datePublished\":\"2017-08-25T09:59:44+00:00\",\"dateModified\":\"2025-02-24T06:47:57+00:00\",\"description\":\"Trwa\u0142a i bardzo pojemna szafka lekarska wisz\u0105ca, metalowa - oferujemy du\u017cy wyb\u00f3r dost\u0119pnych kolor\u00f3w konstrukcji. Kliknij po wi\u0119cej informacji!\",\"breadcrumb\":{\"@id\":\"https:\\\/\\\/innow.pl\\\/produkt\\\/sw101-szafka-lekarska-wiszaca-metalowa\\\/#breadcrumb\"},\"inLanguage\":\"en-US\",\"potentialAction\":[{\"@type\":\"ReadAction\",\"target\":[\"https:\\\/\\\/innow.pl\\\/produkt\\\/sw101-szafka-lekarska-wiszaca-metalowa\\\/\"]}]},{\"@type\":\"ImageObject\",\"inLanguage\":\"en-US\",\"@id\":\"https:\\\/\\\/innow.pl\\\/produkt\\\/sw101-szafka-lekarska-wiszaca-metalowa\\\/#primaryimage\",\"url\":\"https:\\\/\\\/innow.pl\\\/wp-content\\\/uploads\\\/2024\\\/11\\\/SW101_1_.jpg\",\"contentUrl\":\"https:\\\/\\\/innow.pl\\\/wp-content\\\/uploads\\\/2024\\\/11\\\/SW101_1_.jpg\",\"width\":370,\"height\":370,\"caption\":\"Szafka lekarska wisz\u0105ca, metalowa \u2013 SW101 \u2013 INNOW\"},{\"@type\":\"BreadcrumbList\",\"@id\":\"https:\\\/\\\/innow.pl\\\/produkt\\\/sw101-szafka-lekarska-wiszaca-metalowa\\\/#breadcrumb\",\"itemListElement\":[{\"@type\":\"ListItem\",\"position\":1,\"name\":\"INNOW\",\"item\":\"https:\\\/\\\/innow.pl\\\/en\\\/\"},{\"@type\":\"ListItem\",\"position\":2,\"name\":\"Produkty\",\"item\":\"https:\\\/\\\/innow.pl\\\/produkty\\\/\"},{\"@type\":\"ListItem\",\"position\":3,\"name\":\"Meble medyczne\",\"item\":\"https:\\\/\\\/innow.pl\\\/produkty\\\/meble-medyczne\\\/\"},{\"@type\":\"ListItem\",\"position\":4,\"name\":\"Szafy lekarskie i kartotekowe\",\"item\":\"https:\\\/\\\/innow.pl\\\/produkty\\\/meble-medyczne\\\/szafy-lekarskie-i-kartotekowe\\\/\"},{\"@type\":\"ListItem\",\"position\":5,\"name\":\"SW101 &#8211; Szafka lekarska wisz\u0105ca, metalowa\"}]},{\"@type\":\"WebSite\",\"@id\":\"https:\\\/\\\/innow.pl\\\/#website\",\"url\":\"https:\\\/\\\/innow.pl\\\/\",\"name\":\"INNOW\",\"description\":\"\",\"potentialAction\":[{\"@type\":\"SearchAction\",\"target\":{\"@type\":\"EntryPoint\",\"urlTemplate\":\"https:\\\/\\\/innow.pl\\\/?s={search_term_string}\"},\"query-input\":{\"@type\":\"PropertyValueSpecification\",\"valueRequired\":true,\"valueName\":\"search_term_string\"}}],\"inLanguage\":\"en-US\"}]}<\/script>\n<!-- \/ Yoast SEO plugin. -->","yoast_head_json":{"title":"SW101 - Szafka lekarska wisz\u0105ca, metalowa - INNOW","description":"Trwa\u0142a i bardzo pojemna szafka lekarska wisz\u0105ca, metalowa - oferujemy du\u017cy wyb\u00f3r dost\u0119pnych kolor\u00f3w konstrukcji. Kliknij po wi\u0119cej informacji!","robots":{"index":"index","follow":"follow","max-snippet":"max-snippet:-1","max-image-preview":"max-image-preview:large","max-video-preview":"max-video-preview:-1"},"canonical":"https:\/\/innow.pl\/produkt\/sw101-szafka-lekarska-wiszaca-metalowa\/","og_locale":"en_US","og_type":"article","og_title":"SW101 - Szafka lekarska wisz\u0105ca, metalowa - INNOW","og_description":"Trwa\u0142a i bardzo pojemna szafka lekarska wisz\u0105ca, metalowa - oferujemy du\u017cy wyb\u00f3r dost\u0119pnych kolor\u00f3w konstrukcji. Kliknij po wi\u0119cej informacji!","og_url":"https:\/\/innow.pl\/produkt\/sw101-szafka-lekarska-wiszaca-metalowa\/","og_site_name":"INNOW","article_modified_time":"2025-02-24T06:47:57+00:00","og_image":[{"width":370,"height":370,"url":"https:\/\/innow.pl\/wp-content\/uploads\/2024\/11\/SW101_1_.jpg","type":"image\/jpeg"}],"twitter_card":"summary_large_image","twitter_misc":{"Est. reading time":"1 minute"},"schema":{"@context":"https:\/\/schema.org","@graph":[{"@type":"WebPage","@id":"https:\/\/innow.pl\/produkt\/sw101-szafka-lekarska-wiszaca-metalowa\/","url":"https:\/\/innow.pl\/produkt\/sw101-szafka-lekarska-wiszaca-metalowa\/","name":"SW101 - Szafka lekarska wisz\u0105ca, metalowa - INNOW","isPartOf":{"@id":"https:\/\/innow.pl\/#website"},"primaryImageOfPage":{"@id":"https:\/\/innow.pl\/produkt\/sw101-szafka-lekarska-wiszaca-metalowa\/#primaryimage"},"image":{"@id":"https:\/\/innow.pl\/produkt\/sw101-szafka-lekarska-wiszaca-metalowa\/#primaryimage"},"thumbnailUrl":"https:\/\/innow.pl\/wp-content\/uploads\/2024\/11\/SW101_1_.jpg","datePublished":"2017-08-25T09:59:44+00:00","dateModified":"2025-02-24T06:47:57+00:00","description":"Trwa\u0142a i bardzo pojemna szafka lekarska wisz\u0105ca, metalowa - oferujemy du\u017cy wyb\u00f3r dost\u0119pnych kolor\u00f3w konstrukcji. Kliknij po wi\u0119cej informacji!","breadcrumb":{"@id":"https:\/\/innow.pl\/produkt\/sw101-szafka-lekarska-wiszaca-metalowa\/#breadcrumb"},"inLanguage":"en-US","potentialAction":[{"@type":"ReadAction","target":["https:\/\/innow.pl\/produkt\/sw101-szafka-lekarska-wiszaca-metalowa\/"]}]},{"@type":"ImageObject","inLanguage":"en-US","@id":"https:\/\/innow.pl\/produkt\/sw101-szafka-lekarska-wiszaca-metalowa\/#primaryimage","url":"https:\/\/innow.pl\/wp-content\/uploads\/2024\/11\/SW101_1_.jpg","contentUrl":"https:\/\/innow.pl\/wp-content\/uploads\/2024\/11\/SW101_1_.jpg","width":370,"height":370,"caption":"Szafka lekarska wisz\u0105ca, metalowa \u2013 SW101 \u2013 INNOW"},{"@type":"BreadcrumbList","@id":"https:\/\/innow.pl\/produkt\/sw101-szafka-lekarska-wiszaca-metalowa\/#breadcrumb","itemListElement":[{"@type":"ListItem","position":1,"name":"INNOW","item":"https:\/\/innow.pl\/en\/"},{"@type":"ListItem","position":2,"name":"Produkty","item":"https:\/\/innow.pl\/produkty\/"},{"@type":"ListItem","position":3,"name":"Meble medyczne","item":"https:\/\/innow.pl\/produkty\/meble-medyczne\/"},{"@type":"ListItem","position":4,"name":"Szafy lekarskie i kartotekowe","item":"https:\/\/innow.pl\/produkty\/meble-medyczne\/szafy-lekarskie-i-kartotekowe\/"},{"@type":"ListItem","position":5,"name":"SW101 &#8211; Szafka lekarska wisz\u0105ca, metalowa"}]},{"@type":"WebSite","@id":"https:\/\/innow.pl\/#website","url":"https:\/\/innow.pl\/","name":"INNOW","description":"","potentialAction":[{"@type":"SearchAction","target":{"@type":"EntryPoint","urlTemplate":"https:\/\/innow.pl\/?s={search_term_string}"},"query-input":{"@type":"PropertyValueSpecification","valueRequired":true,"valueName":"search_term_string"}}],"inLanguage":"en-US"}]}},"_links":{"self":[{"href":"https:\/\/innow.pl\/en\/wp-json\/wp\/v2\/product\/27184","targetHints":{"allow":["GET"]}}],"collection":[{"href":"https:\/\/innow.pl\/en\/wp-json\/wp\/v2\/product"}],"about":[{"href":"https:\/\/innow.pl\/en\/wp-json\/wp\/v2\/types\/product"}],"replies":[{"embeddable":true,"href":"https:\/\/innow.pl\/en\/wp-json\/wp\/v2\/comments?post=27184"}],"wp:featuredmedia":[{"embeddable":true,"href":"https:\/\/innow.pl\/en\/wp-json\/wp\/v2\/media\/27186"}],"wp:attachment":[{"href":"https:\/\/innow.pl\/en\/wp-json\/wp\/v2\/media?parent=27184"}],"wp:term":[{"taxonomy":"product_brand","embeddable":true,"href":"https:\/\/innow.pl\/en\/wp-json\/wp\/v2\/product_brand?post=27184"},{"taxonomy":"product_cat","embeddable":true,"href":"https:\/\/innow.pl\/en\/wp-json\/wp\/v2\/product_cat?post=27184"},{"taxonomy":"product_tag","embeddable":true,"href":"https:\/\/innow.pl\/en\/wp-json\/wp\/v2\/product_tag?post=27184"}],"curies":[{"name":"wp","href":"https:\/\/api.w.org\/{rel}","templated":true}]}}