{"id":27135,"date":"2017-08-25T06:11:30","date_gmt":"2017-08-25T04:11:30","guid":{"rendered":"https:\/\/innow.pl\/produkt\/polka-stolik-z-tylu\/"},"modified":"2025-02-24T07:51:09","modified_gmt":"2025-02-24T06:51:09","slug":"polka-stolik-z-tylu","status":"publish","type":"product","link":"https:\/\/innow.pl\/en\/produkt\/polka-stolik-z-tylu\/","title":{"rendered":"P\u00f3\u0142ka &#8211; stolik z ty\u0142u"},"content":{"rendered":"","protected":false},"excerpt":{"rendered":"","protected":false},"featured_media":27137,"comment_status":"open","ping_status":"closed","template":"","meta":{"_acf_changed":false},"product_brand":[],"product_cat":[49],"product_tag":[],"class_list":{"0":"post-27135","1":"product","2":"type-product","3":"status-publish","4":"has-post-thumbnail","6":"product_cat-lazienka-i-wc","8":"first","9":"instock","10":"taxable","11":"shipping-taxable","12":"purchasable","13":"product-type-simple"},"acf":[],"yoast_head":"<!-- This site is optimized with the Yoast SEO plugin v27.4 - https:\/\/yoast.com\/product\/yoast-seo-wordpress\/ -->\n<title>P\u00f3\u0142ka - stolik z ty\u0142u - INNOW<\/title>\n<meta name=\"robots\" content=\"index, follow, max-snippet:-1, max-image-preview:large, max-video-preview:-1\" \/>\n<link rel=\"canonical\" href=\"https:\/\/innow.pl\/produkt\/polka-stolik-z-tylu\/\" \/>\n<meta property=\"og:locale\" content=\"en_US\" \/>\n<meta property=\"og:type\" content=\"article\" \/>\n<meta property=\"og:title\" content=\"P\u00f3\u0142ka - stolik z ty\u0142u - INNOW\" \/>\n<meta property=\"og:url\" content=\"https:\/\/innow.pl\/produkt\/polka-stolik-z-tylu\/\" \/>\n<meta property=\"og:site_name\" content=\"INNOW\" \/>\n<meta property=\"article:modified_time\" content=\"2025-02-24T06:51:09+00:00\" \/>\n<meta property=\"og:image\" content=\"https:\/\/innow.pl\/wp-content\/uploads\/2024\/11\/polka_stolik_z_tylu_1_logo.jpg\" \/>\n\t<meta property=\"og:image:width\" content=\"800\" \/>\n\t<meta property=\"og:image:height\" content=\"800\" \/>\n\t<meta property=\"og:image:type\" content=\"image\/jpeg\" \/>\n<meta name=\"twitter:card\" content=\"summary_large_image\" \/>\n<meta name=\"twitter:label1\" content=\"Est. reading time\" \/>\n\t<meta name=\"twitter:data1\" content=\"1 minute\" \/>\n<script type=\"application\/ld+json\" class=\"yoast-schema-graph\">{\"@context\":\"https:\\\/\\\/schema.org\",\"@graph\":[{\"@type\":\"WebPage\",\"@id\":\"https:\\\/\\\/innow.pl\\\/produkt\\\/polka-stolik-z-tylu\\\/\",\"url\":\"https:\\\/\\\/innow.pl\\\/produkt\\\/polka-stolik-z-tylu\\\/\",\"name\":\"P\u00f3\u0142ka - stolik z ty\u0142u - INNOW\",\"isPartOf\":{\"@id\":\"https:\\\/\\\/innow.pl\\\/#website\"},\"primaryImageOfPage\":{\"@id\":\"https:\\\/\\\/innow.pl\\\/produkt\\\/polka-stolik-z-tylu\\\/#primaryimage\"},\"image\":{\"@id\":\"https:\\\/\\\/innow.pl\\\/produkt\\\/polka-stolik-z-tylu\\\/#primaryimage\"},\"thumbnailUrl\":\"https:\\\/\\\/innow.pl\\\/wp-content\\\/uploads\\\/2024\\\/11\\\/polka_stolik_z_tylu_1_logo.jpg\",\"datePublished\":\"2017-08-25T04:11:30+00:00\",\"dateModified\":\"2025-02-24T06:51:09+00:00\",\"breadcrumb\":{\"@id\":\"https:\\\/\\\/innow.pl\\\/produkt\\\/polka-stolik-z-tylu\\\/#breadcrumb\"},\"inLanguage\":\"en-US\",\"potentialAction\":[{\"@type\":\"ReadAction\",\"target\":[\"https:\\\/\\\/innow.pl\\\/produkt\\\/polka-stolik-z-tylu\\\/\"]}]},{\"@type\":\"ImageObject\",\"inLanguage\":\"en-US\",\"@id\":\"https:\\\/\\\/innow.pl\\\/produkt\\\/polka-stolik-z-tylu\\\/#primaryimage\",\"url\":\"https:\\\/\\\/innow.pl\\\/wp-content\\\/uploads\\\/2024\\\/11\\\/polka_stolik_z_tylu_1_logo.jpg\",\"contentUrl\":\"https:\\\/\\\/innow.pl\\\/wp-content\\\/uploads\\\/2024\\\/11\\\/polka_stolik_z_tylu_1_logo.jpg\",\"width\":800,\"height\":800,\"caption\":\"P\u00f3\u0142ka - stolik z ty\u0142u - INNOW\"},{\"@type\":\"BreadcrumbList\",\"@id\":\"https:\\\/\\\/innow.pl\\\/produkt\\\/polka-stolik-z-tylu\\\/#breadcrumb\",\"itemListElement\":[{\"@type\":\"ListItem\",\"position\":1,\"name\":\"INNOW\",\"item\":\"https:\\\/\\\/innow.pl\\\/en\\\/\"},{\"@type\":\"ListItem\",\"position\":2,\"name\":\"Produkty\",\"item\":\"https:\\\/\\\/innow.pl\\\/produkty\\\/\"},{\"@type\":\"ListItem\",\"position\":3,\"name\":\"\u0141azienka i WC\",\"item\":\"https:\\\/\\\/innow.pl\\\/produkty\\\/lazienka-i-wc\\\/\"},{\"@type\":\"ListItem\",\"position\":4,\"name\":\"P\u00f3\u0142ka &#8211; stolik z ty\u0142u\"}]},{\"@type\":\"WebSite\",\"@id\":\"https:\\\/\\\/innow.pl\\\/#website\",\"url\":\"https:\\\/\\\/innow.pl\\\/\",\"name\":\"INNOW\",\"description\":\"\",\"potentialAction\":[{\"@type\":\"SearchAction\",\"target\":{\"@type\":\"EntryPoint\",\"urlTemplate\":\"https:\\\/\\\/innow.pl\\\/?s={search_term_string}\"},\"query-input\":{\"@type\":\"PropertyValueSpecification\",\"valueRequired\":true,\"valueName\":\"search_term_string\"}}],\"inLanguage\":\"en-US\"}]}<\/script>\n<!-- \/ Yoast SEO plugin. -->","yoast_head_json":{"title":"P\u00f3\u0142ka - stolik z ty\u0142u - INNOW","robots":{"index":"index","follow":"follow","max-snippet":"max-snippet:-1","max-image-preview":"max-image-preview:large","max-video-preview":"max-video-preview:-1"},"canonical":"https:\/\/innow.pl\/produkt\/polka-stolik-z-tylu\/","og_locale":"en_US","og_type":"article","og_title":"P\u00f3\u0142ka - stolik z ty\u0142u - INNOW","og_url":"https:\/\/innow.pl\/produkt\/polka-stolik-z-tylu\/","og_site_name":"INNOW","article_modified_time":"2025-02-24T06:51:09+00:00","og_image":[{"width":800,"height":800,"url":"https:\/\/innow.pl\/wp-content\/uploads\/2024\/11\/polka_stolik_z_tylu_1_logo.jpg","type":"image\/jpeg"}],"twitter_card":"summary_large_image","twitter_misc":{"Est. reading time":"1 minute"},"schema":{"@context":"https:\/\/schema.org","@graph":[{"@type":"WebPage","@id":"https:\/\/innow.pl\/produkt\/polka-stolik-z-tylu\/","url":"https:\/\/innow.pl\/produkt\/polka-stolik-z-tylu\/","name":"P\u00f3\u0142ka - stolik z ty\u0142u - INNOW","isPartOf":{"@id":"https:\/\/innow.pl\/#website"},"primaryImageOfPage":{"@id":"https:\/\/innow.pl\/produkt\/polka-stolik-z-tylu\/#primaryimage"},"image":{"@id":"https:\/\/innow.pl\/produkt\/polka-stolik-z-tylu\/#primaryimage"},"thumbnailUrl":"https:\/\/innow.pl\/wp-content\/uploads\/2024\/11\/polka_stolik_z_tylu_1_logo.jpg","datePublished":"2017-08-25T04:11:30+00:00","dateModified":"2025-02-24T06:51:09+00:00","breadcrumb":{"@id":"https:\/\/innow.pl\/produkt\/polka-stolik-z-tylu\/#breadcrumb"},"inLanguage":"en-US","potentialAction":[{"@type":"ReadAction","target":["https:\/\/innow.pl\/produkt\/polka-stolik-z-tylu\/"]}]},{"@type":"ImageObject","inLanguage":"en-US","@id":"https:\/\/innow.pl\/produkt\/polka-stolik-z-tylu\/#primaryimage","url":"https:\/\/innow.pl\/wp-content\/uploads\/2024\/11\/polka_stolik_z_tylu_1_logo.jpg","contentUrl":"https:\/\/innow.pl\/wp-content\/uploads\/2024\/11\/polka_stolik_z_tylu_1_logo.jpg","width":800,"height":800,"caption":"P\u00f3\u0142ka - stolik z ty\u0142u - INNOW"},{"@type":"BreadcrumbList","@id":"https:\/\/innow.pl\/produkt\/polka-stolik-z-tylu\/#breadcrumb","itemListElement":[{"@type":"ListItem","position":1,"name":"INNOW","item":"https:\/\/innow.pl\/en\/"},{"@type":"ListItem","position":2,"name":"Produkty","item":"https:\/\/innow.pl\/produkty\/"},{"@type":"ListItem","position":3,"name":"\u0141azienka i WC","item":"https:\/\/innow.pl\/produkty\/lazienka-i-wc\/"},{"@type":"ListItem","position":4,"name":"P\u00f3\u0142ka &#8211; stolik z ty\u0142u"}]},{"@type":"WebSite","@id":"https:\/\/innow.pl\/#website","url":"https:\/\/innow.pl\/","name":"INNOW","description":"","potentialAction":[{"@type":"SearchAction","target":{"@type":"EntryPoint","urlTemplate":"https:\/\/innow.pl\/?s={search_term_string}"},"query-input":{"@type":"PropertyValueSpecification","valueRequired":true,"valueName":"search_term_string"}}],"inLanguage":"en-US"}]}},"_links":{"self":[{"href":"https:\/\/innow.pl\/en\/wp-json\/wp\/v2\/product\/27135","targetHints":{"allow":["GET"]}}],"collection":[{"href":"https:\/\/innow.pl\/en\/wp-json\/wp\/v2\/product"}],"about":[{"href":"https:\/\/innow.pl\/en\/wp-json\/wp\/v2\/types\/product"}],"replies":[{"embeddable":true,"href":"https:\/\/innow.pl\/en\/wp-json\/wp\/v2\/comments?post=27135"}],"wp:featuredmedia":[{"embeddable":true,"href":"https:\/\/innow.pl\/en\/wp-json\/wp\/v2\/media\/27137"}],"wp:attachment":[{"href":"https:\/\/innow.pl\/en\/wp-json\/wp\/v2\/media?parent=27135"}],"wp:term":[{"taxonomy":"product_brand","embeddable":true,"href":"https:\/\/innow.pl\/en\/wp-json\/wp\/v2\/product_brand?post=27135"},{"taxonomy":"product_cat","embeddable":true,"href":"https:\/\/innow.pl\/en\/wp-json\/wp\/v2\/product_cat?post=27135"},{"taxonomy":"product_tag","embeddable":true,"href":"https:\/\/innow.pl\/en\/wp-json\/wp\/v2\/product_tag?post=27135"}],"curies":[{"name":"wp","href":"https:\/\/api.w.org\/{rel}","templated":true}]}}