{"id":26976,"date":"2017-08-11T11:53:06","date_gmt":"2017-08-11T09:53:06","guid":{"rendered":"https:\/\/innow.pl\/produkt\/ave-maryja-piesni-maryjne-i-nabozne\/"},"modified":"2025-01-27T11:10:25","modified_gmt":"2025-01-27T10:10:25","slug":"ave-maryja-piesni-maryjne-i-nabozne","status":"publish","type":"product","link":"https:\/\/innow.pl\/en\/produkt\/ave-maryja-piesni-maryjne-i-nabozne\/","title":{"rendered":"AVE MARYJA &#8211; Pie\u015bni Maryjne i Nabo\u017cne"},"content":{"rendered":"<p><a> Najnowsza p\u0142yta wydawnictwa INNOW-CLASSIC po\u015bwi\u0119cona jest w ca\u0142o\u015bci Matce Bo\u017cej, a w szczeg\u00f3lno\u015bci objawieniom w Lourdes. We wk\u0142adce znajduje si\u0119 wielostronicowa ksi\u0105\u017ceczka zawieraj\u0105ca histori\u0119 objawie\u0144, a tak\u017ce ich owoc\u00f3w w postaci grot lurdzkich.<\/a>  <a> P\u0142yta mo\u017ce wi\u0119c by\u0107 wst\u0119pem do pog\u0142\u0119bienia wiedzy, wiary i ufno\u015bci w Bo\u017ce Mi\u0142osierdzie i opiek\u0119 Matki Bo\u017cej. To tak\u017ce bardzo dobry prezent \u015blubny!<\/a>  Staranno\u015b\u0107 wydania, zawarto\u015b\u0107 muzyczna, zwi\u0119z\u0142y i ciekawy opis objawie\u0144 i sanktuari\u00f3w stanowi niepodwa\u017calny atut p\u0142yty.<\/p>\n","protected":false},"excerpt":{"rendered":"<p>Najnowsza p\u0142yta wydawnictwa INNOW-CLASSIC po\u015bwi\u0119cona jest w ca\u0142o\u015bci Matce Bo\u017cej, a w szczeg\u00f3lno\u015bci objawieniom w Lourdes. We wk\u0142adce znajduje si\u0119 wielostronicowa ksi\u0105\u017ceczka zawieraj\u0105ca histori\u0119 objawie\u0144, a tak\u017ce ich owoc\u00f3w w postaci grot lurdzkich. P\u0142yta mo\u017ce wi\u0119c by\u0107 wst\u0119pem do pog\u0142\u0119bienia wiedzy, wiary i ufno\u015bci w Bo\u017ce Mi\u0142osierdzie i opiek\u0119 Matki Bo\u017cej. To tak\u017ce bardzo dobry [&hellip;]<\/p>\n","protected":false},"featured_media":26978,"comment_status":"open","ping_status":"open","template":"","meta":{"_acf_changed":false},"product_brand":[],"product_cat":[401,400,394],"product_tag":[],"class_list":{"0":"post-26976","1":"product","2":"type-product","3":"status-publish","4":"has-post-thumbnail","6":"product_cat-innow-classic","7":"product_cat-plyty-cd","8":"product_cat-sklepik-z-kultura","10":"first","11":"instock","12":"taxable","13":"shipping-taxable","14":"purchasable","15":"product-type-simple"},"acf":[],"yoast_head":"<!-- This site is optimized with the Yoast SEO plugin v27.4 - https:\/\/yoast.com\/product\/yoast-seo-wordpress\/ -->\n<title>AVE MARYJA - Pie\u015bni Maryjne i Nabo\u017cne - INNOW<\/title>\n<meta name=\"description\" content=\"P\u0142yta AVE MARYJA - Pie\u015bni Maryjne i Nabo\u017cne z do\u0142\u0105czon\u0105 ksi\u0105\u017ceczk\u0105 z historiami objawie\u0144 i opisem grot lurdzkich. Kliknij po wi\u0119cej szczeg\u00f3\u0142\u00f3w!\" \/>\n<meta name=\"robots\" content=\"index, follow, max-snippet:-1, max-image-preview:large, max-video-preview:-1\" \/>\n<link rel=\"canonical\" href=\"https:\/\/innow.pl\/produkt\/ave-maryja-piesni-maryjne-i-nabozne\/\" \/>\n<meta property=\"og:locale\" content=\"en_US\" \/>\n<meta property=\"og:type\" content=\"article\" \/>\n<meta property=\"og:title\" content=\"AVE MARYJA - Pie\u015bni Maryjne i Nabo\u017cne - INNOW\" \/>\n<meta property=\"og:description\" content=\"P\u0142yta AVE MARYJA - Pie\u015bni Maryjne i Nabo\u017cne z do\u0142\u0105czon\u0105 ksi\u0105\u017ceczk\u0105 z historiami objawie\u0144 i opisem grot lurdzkich. Kliknij po wi\u0119cej szczeg\u00f3\u0142\u00f3w!\" \/>\n<meta property=\"og:url\" content=\"https:\/\/innow.pl\/produkt\/ave-maryja-piesni-maryjne-i-nabozne\/\" \/>\n<meta property=\"og:site_name\" content=\"INNOW\" \/>\n<meta property=\"article:modified_time\" content=\"2025-01-27T10:10:25+00:00\" \/>\n<meta property=\"og:image\" content=\"https:\/\/innow.pl\/wp-content\/uploads\/2024\/11\/AVE-MARYJA-Piesni-Maryjne-i-Nabozne.jpg\" \/>\n\t<meta property=\"og:image:width\" content=\"500\" \/>\n\t<meta property=\"og:image:height\" content=\"500\" \/>\n\t<meta property=\"og:image:type\" content=\"image\/jpeg\" \/>\n<meta name=\"twitter:card\" content=\"summary_large_image\" \/>\n<meta name=\"twitter:label1\" content=\"Est. reading time\" \/>\n\t<meta name=\"twitter:data1\" content=\"1 minute\" \/>\n<script type=\"application\/ld+json\" class=\"yoast-schema-graph\">{\"@context\":\"https:\\\/\\\/schema.org\",\"@graph\":[{\"@type\":\"WebPage\",\"@id\":\"https:\\\/\\\/innow.pl\\\/produkt\\\/ave-maryja-piesni-maryjne-i-nabozne\\\/\",\"url\":\"https:\\\/\\\/innow.pl\\\/produkt\\\/ave-maryja-piesni-maryjne-i-nabozne\\\/\",\"name\":\"AVE MARYJA - Pie\u015bni Maryjne i Nabo\u017cne - INNOW\",\"isPartOf\":{\"@id\":\"https:\\\/\\\/innow.pl\\\/#website\"},\"primaryImageOfPage\":{\"@id\":\"https:\\\/\\\/innow.pl\\\/produkt\\\/ave-maryja-piesni-maryjne-i-nabozne\\\/#primaryimage\"},\"image\":{\"@id\":\"https:\\\/\\\/innow.pl\\\/produkt\\\/ave-maryja-piesni-maryjne-i-nabozne\\\/#primaryimage\"},\"thumbnailUrl\":\"https:\\\/\\\/innow.pl\\\/wp-content\\\/uploads\\\/2024\\\/11\\\/AVE-MARYJA-Piesni-Maryjne-i-Nabozne.jpg\",\"datePublished\":\"2017-08-11T09:53:06+00:00\",\"dateModified\":\"2025-01-27T10:10:25+00:00\",\"description\":\"P\u0142yta AVE MARYJA - Pie\u015bni Maryjne i Nabo\u017cne z do\u0142\u0105czon\u0105 ksi\u0105\u017ceczk\u0105 z historiami objawie\u0144 i opisem grot lurdzkich. Kliknij po wi\u0119cej szczeg\u00f3\u0142\u00f3w!\",\"breadcrumb\":{\"@id\":\"https:\\\/\\\/innow.pl\\\/produkt\\\/ave-maryja-piesni-maryjne-i-nabozne\\\/#breadcrumb\"},\"inLanguage\":\"en-US\",\"potentialAction\":[{\"@type\":\"ReadAction\",\"target\":[\"https:\\\/\\\/innow.pl\\\/produkt\\\/ave-maryja-piesni-maryjne-i-nabozne\\\/\"]}]},{\"@type\":\"ImageObject\",\"inLanguage\":\"en-US\",\"@id\":\"https:\\\/\\\/innow.pl\\\/produkt\\\/ave-maryja-piesni-maryjne-i-nabozne\\\/#primaryimage\",\"url\":\"https:\\\/\\\/innow.pl\\\/wp-content\\\/uploads\\\/2024\\\/11\\\/AVE-MARYJA-Piesni-Maryjne-i-Nabozne.jpg\",\"contentUrl\":\"https:\\\/\\\/innow.pl\\\/wp-content\\\/uploads\\\/2024\\\/11\\\/AVE-MARYJA-Piesni-Maryjne-i-Nabozne.jpg\",\"width\":500,\"height\":500,\"caption\":\"Ave Maryja - Pie\u015bni Maryjne i Nabo\u017cne \u2013 INNOW\"},{\"@type\":\"BreadcrumbList\",\"@id\":\"https:\\\/\\\/innow.pl\\\/produkt\\\/ave-maryja-piesni-maryjne-i-nabozne\\\/#breadcrumb\",\"itemListElement\":[{\"@type\":\"ListItem\",\"position\":1,\"name\":\"INNOW\",\"item\":\"https:\\\/\\\/innow.pl\\\/en\\\/\"},{\"@type\":\"ListItem\",\"position\":2,\"name\":\"Produkty\",\"item\":\"https:\\\/\\\/innow.pl\\\/produkty\\\/\"},{\"@type\":\"ListItem\",\"position\":3,\"name\":\"Culture corner\",\"item\":\"https:\\\/\\\/innow.pl\\\/en\\\/produkty\\\/culture-corner\\\/\"},{\"@type\":\"ListItem\",\"position\":4,\"name\":\"CD's\",\"item\":\"https:\\\/\\\/innow.pl\\\/en\\\/produkty\\\/culture-corner\\\/cds\\\/\"},{\"@type\":\"ListItem\",\"position\":5,\"name\":\"INNOW-Classic\",\"item\":\"https:\\\/\\\/innow.pl\\\/en\\\/produkty\\\/culture-corner\\\/cds\\\/innow-classic-en\\\/\"},{\"@type\":\"ListItem\",\"position\":6,\"name\":\"AVE MARYJA &#8211; Pie\u015bni Maryjne i Nabo\u017cne\"}]},{\"@type\":\"WebSite\",\"@id\":\"https:\\\/\\\/innow.pl\\\/#website\",\"url\":\"https:\\\/\\\/innow.pl\\\/\",\"name\":\"INNOW\",\"description\":\"\",\"potentialAction\":[{\"@type\":\"SearchAction\",\"target\":{\"@type\":\"EntryPoint\",\"urlTemplate\":\"https:\\\/\\\/innow.pl\\\/?s={search_term_string}\"},\"query-input\":{\"@type\":\"PropertyValueSpecification\",\"valueRequired\":true,\"valueName\":\"search_term_string\"}}],\"inLanguage\":\"en-US\"}]}<\/script>\n<!-- \/ Yoast SEO plugin. -->","yoast_head_json":{"title":"AVE MARYJA - Pie\u015bni Maryjne i Nabo\u017cne - INNOW","description":"P\u0142yta AVE MARYJA - Pie\u015bni Maryjne i Nabo\u017cne z do\u0142\u0105czon\u0105 ksi\u0105\u017ceczk\u0105 z historiami objawie\u0144 i opisem grot lurdzkich. Kliknij po wi\u0119cej szczeg\u00f3\u0142\u00f3w!","robots":{"index":"index","follow":"follow","max-snippet":"max-snippet:-1","max-image-preview":"max-image-preview:large","max-video-preview":"max-video-preview:-1"},"canonical":"https:\/\/innow.pl\/produkt\/ave-maryja-piesni-maryjne-i-nabozne\/","og_locale":"en_US","og_type":"article","og_title":"AVE MARYJA - Pie\u015bni Maryjne i Nabo\u017cne - INNOW","og_description":"P\u0142yta AVE MARYJA - Pie\u015bni Maryjne i Nabo\u017cne z do\u0142\u0105czon\u0105 ksi\u0105\u017ceczk\u0105 z historiami objawie\u0144 i opisem grot lurdzkich. Kliknij po wi\u0119cej szczeg\u00f3\u0142\u00f3w!","og_url":"https:\/\/innow.pl\/produkt\/ave-maryja-piesni-maryjne-i-nabozne\/","og_site_name":"INNOW","article_modified_time":"2025-01-27T10:10:25+00:00","og_image":[{"width":500,"height":500,"url":"https:\/\/innow.pl\/wp-content\/uploads\/2024\/11\/AVE-MARYJA-Piesni-Maryjne-i-Nabozne.jpg","type":"image\/jpeg"}],"twitter_card":"summary_large_image","twitter_misc":{"Est. reading time":"1 minute"},"schema":{"@context":"https:\/\/schema.org","@graph":[{"@type":"WebPage","@id":"https:\/\/innow.pl\/produkt\/ave-maryja-piesni-maryjne-i-nabozne\/","url":"https:\/\/innow.pl\/produkt\/ave-maryja-piesni-maryjne-i-nabozne\/","name":"AVE MARYJA - Pie\u015bni Maryjne i Nabo\u017cne - INNOW","isPartOf":{"@id":"https:\/\/innow.pl\/#website"},"primaryImageOfPage":{"@id":"https:\/\/innow.pl\/produkt\/ave-maryja-piesni-maryjne-i-nabozne\/#primaryimage"},"image":{"@id":"https:\/\/innow.pl\/produkt\/ave-maryja-piesni-maryjne-i-nabozne\/#primaryimage"},"thumbnailUrl":"https:\/\/innow.pl\/wp-content\/uploads\/2024\/11\/AVE-MARYJA-Piesni-Maryjne-i-Nabozne.jpg","datePublished":"2017-08-11T09:53:06+00:00","dateModified":"2025-01-27T10:10:25+00:00","description":"P\u0142yta AVE MARYJA - Pie\u015bni Maryjne i Nabo\u017cne z do\u0142\u0105czon\u0105 ksi\u0105\u017ceczk\u0105 z historiami objawie\u0144 i opisem grot lurdzkich. Kliknij po wi\u0119cej szczeg\u00f3\u0142\u00f3w!","breadcrumb":{"@id":"https:\/\/innow.pl\/produkt\/ave-maryja-piesni-maryjne-i-nabozne\/#breadcrumb"},"inLanguage":"en-US","potentialAction":[{"@type":"ReadAction","target":["https:\/\/innow.pl\/produkt\/ave-maryja-piesni-maryjne-i-nabozne\/"]}]},{"@type":"ImageObject","inLanguage":"en-US","@id":"https:\/\/innow.pl\/produkt\/ave-maryja-piesni-maryjne-i-nabozne\/#primaryimage","url":"https:\/\/innow.pl\/wp-content\/uploads\/2024\/11\/AVE-MARYJA-Piesni-Maryjne-i-Nabozne.jpg","contentUrl":"https:\/\/innow.pl\/wp-content\/uploads\/2024\/11\/AVE-MARYJA-Piesni-Maryjne-i-Nabozne.jpg","width":500,"height":500,"caption":"Ave Maryja - Pie\u015bni Maryjne i Nabo\u017cne \u2013 INNOW"},{"@type":"BreadcrumbList","@id":"https:\/\/innow.pl\/produkt\/ave-maryja-piesni-maryjne-i-nabozne\/#breadcrumb","itemListElement":[{"@type":"ListItem","position":1,"name":"INNOW","item":"https:\/\/innow.pl\/en\/"},{"@type":"ListItem","position":2,"name":"Produkty","item":"https:\/\/innow.pl\/produkty\/"},{"@type":"ListItem","position":3,"name":"Culture corner","item":"https:\/\/innow.pl\/en\/produkty\/culture-corner\/"},{"@type":"ListItem","position":4,"name":"CD's","item":"https:\/\/innow.pl\/en\/produkty\/culture-corner\/cds\/"},{"@type":"ListItem","position":5,"name":"INNOW-Classic","item":"https:\/\/innow.pl\/en\/produkty\/culture-corner\/cds\/innow-classic-en\/"},{"@type":"ListItem","position":6,"name":"AVE MARYJA &#8211; Pie\u015bni Maryjne i Nabo\u017cne"}]},{"@type":"WebSite","@id":"https:\/\/innow.pl\/#website","url":"https:\/\/innow.pl\/","name":"INNOW","description":"","potentialAction":[{"@type":"SearchAction","target":{"@type":"EntryPoint","urlTemplate":"https:\/\/innow.pl\/?s={search_term_string}"},"query-input":{"@type":"PropertyValueSpecification","valueRequired":true,"valueName":"search_term_string"}}],"inLanguage":"en-US"}]}},"_links":{"self":[{"href":"https:\/\/innow.pl\/en\/wp-json\/wp\/v2\/product\/26976","targetHints":{"allow":["GET"]}}],"collection":[{"href":"https:\/\/innow.pl\/en\/wp-json\/wp\/v2\/product"}],"about":[{"href":"https:\/\/innow.pl\/en\/wp-json\/wp\/v2\/types\/product"}],"replies":[{"embeddable":true,"href":"https:\/\/innow.pl\/en\/wp-json\/wp\/v2\/comments?post=26976"}],"wp:featuredmedia":[{"embeddable":true,"href":"https:\/\/innow.pl\/en\/wp-json\/wp\/v2\/media\/26978"}],"wp:attachment":[{"href":"https:\/\/innow.pl\/en\/wp-json\/wp\/v2\/media?parent=26976"}],"wp:term":[{"taxonomy":"product_brand","embeddable":true,"href":"https:\/\/innow.pl\/en\/wp-json\/wp\/v2\/product_brand?post=26976"},{"taxonomy":"product_cat","embeddable":true,"href":"https:\/\/innow.pl\/en\/wp-json\/wp\/v2\/product_cat?post=26976"},{"taxonomy":"product_tag","embeddable":true,"href":"https:\/\/innow.pl\/en\/wp-json\/wp\/v2\/product_tag?post=26976"}],"curies":[{"name":"wp","href":"https:\/\/api.w.org\/{rel}","templated":true}]}}