{"id":26863,"date":"2017-07-10T08:02:39","date_gmt":"2017-07-10T06:02:39","guid":{"rendered":"https:\/\/innow.pl\/produkt\/s422h-stol-rehabilitacyjny-z-hydrauliczna-reg-wys\/"},"modified":"2025-05-19T12:31:11","modified_gmt":"2025-05-19T10:31:11","slug":"s422h-stol-rehabilitacyjny-z-hydrauliczna-reg-wys","status":"publish","type":"product","link":"https:\/\/innow.pl\/en\/produkt\/s422h-stol-rehabilitacyjny-z-hydrauliczna-reg-wys\/","title":{"rendered":"S422H &#8211; St\u00f3\u0142 rehabilitacyjny z hydrauliczn\u0105 regulacj\u0105 wysoko\u015bci"},"content":{"rendered":"<p>St\u00f3\u0142 o hydraulicznej regulacji wysoko\u015bci, pozwalaj\u0105cy na uzyskanie korzystnej zar\u00f3wno dla pacjenta, jak i terapeuty. Mo\u017ce by\u0107 stosowany w rehabilitacji, masa\u017cu. Model w wersji podstawowej ma 2-cz\u0119\u015bciowe le\u017cysko z podg\u0142\u00f3wkiem oraz regulacj\u0105 podg\u0142\u00f3wka za pomoc\u0105 spr\u0119\u017cyny gazowej. <em>Na zdj\u0119ciu widoczna jest <strong>podstawowa wersja<\/strong> sto\u0142u + podajnik podk\u0142ad\u00f3w. <\/em> Rama g\u00f3rna wraz ze zmian\u0105 po\u0142o\u017cenia przemieszcza si\u0119 o ok. 20 cm. \u00a0<\/p>\n<p style=\"text-align: left;\"><a>Informacje o w\u0142a\u015bciwo\u015bciach dost\u0119pnych <strong>materia\u0142\u00f3w obiciowych<\/strong> dost\u0119pne po klikni\u0119ciu w zdj\u0119cie:<\/a>\u00a0<\/p>\n<p style=\"text-align: left;\"><a href=\"https:\/\/innow.pl\/publikacje\/KatalogPDF\/Pokrycia-obiciowe-tapicerki.pdf\" target=\"_blank\" rel=\"noopener\"><img decoding=\"async\" src=\"https:\/\/innow.pl\/wp-content\/uploads\/2024\/11\/Tapicerki.jpg\" \/><\/a><\/p>\n","protected":false},"excerpt":{"rendered":"<p>St\u00f3\u0142 o hydraulicznej regulacji wysoko\u015bci, pozwalaj\u0105cy na uzyskanie korzystnej zar\u00f3wno dla pacjenta, jak i terapeuty. Mo\u017ce by\u0107 stosowany w rehabilitacji, masa\u017cu. Model w wersji podstawowej ma 2-cz\u0119\u015bciowe le\u017cysko z podg\u0142\u00f3wkiem oraz regulacj\u0105 podg\u0142\u00f3wka za pomoc\u0105 spr\u0119\u017cyny gazowej. Na zdj\u0119ciu widoczna jest podstawowa wersja sto\u0142u + podajnik podk\u0142ad\u00f3w. Rama g\u00f3rna wraz ze zmian\u0105 po\u0142o\u017cenia przemieszcza si\u0119 [&hellip;]<\/p>\n","protected":false},"featured_media":26866,"comment_status":"open","ping_status":"closed","template":"","meta":{"_acf_changed":false},"product_brand":[],"product_cat":[406,501,454],"product_tag":[],"class_list":{"0":"post-26863","1":"product","2":"type-product","3":"status-publish","4":"has-post-thumbnail","6":"product_cat-stoly-rehabilitacyjne","7":"product_cat-stoly-hydrauliczne-na-wahaczach","8":"product_cat-stoly-z-hydrauliczna-regulacja-wysokosci","9":"pa_dlugosc-200-220-cm","10":"pa_regulacja-podglowka-w-dol-591","11":"pa_regulacja-podglowka-w-gore-631","12":"pa_szerokosc-standardowa-70-cm","13":"pa_szerokosc-za-doplata-65-cm-i-75-cm-430-zl-netto-80-cm-610-zl-netto-90-cm-755-zl-netto","14":"pa_wysokosc-55-80-cm","15":"pa_wytrzymalosc-150-kg","17":"first","18":"instock","19":"taxable","20":"shipping-taxable","21":"purchasable","22":"product-type-simple"},"acf":[],"yoast_head":"<!-- This site is optimized with the Yoast SEO plugin v27.4 - https:\/\/yoast.com\/product\/yoast-seo-wordpress\/ -->\n<title>S422H - St\u00f3\u0142 rehabilitacyjny z hydrauliczn\u0105 regulacj\u0105 wysoko\u015bci - INNOW<\/title>\n<meta name=\"description\" content=\"Niedrogi st\u00f3\u0142 rehabilitacyjny z hydrauliczn\u0105 regulacj\u0105 wysoko\u015bci - du\u017cy wyb\u00f3r kolor\u00f3w zmywalnych pokry\u0107 tapicerskich, wytrzyma\u0142a konstrukcja. Zobacz!\" \/>\n<meta name=\"robots\" content=\"index, follow, max-snippet:-1, max-image-preview:large, max-video-preview:-1\" \/>\n<link rel=\"canonical\" href=\"https:\/\/innow.pl\/produkt\/s422h-stol-rehabilitacyjny-z-hydrauliczna-reg-wys\/\" \/>\n<meta property=\"og:locale\" content=\"en_US\" \/>\n<meta property=\"og:type\" content=\"article\" \/>\n<meta property=\"og:title\" content=\"S422H - St\u00f3\u0142 rehabilitacyjny z hydrauliczn\u0105 regulacj\u0105 wysoko\u015bci - INNOW\" \/>\n<meta property=\"og:description\" content=\"Niedrogi st\u00f3\u0142 rehabilitacyjny z hydrauliczn\u0105 regulacj\u0105 wysoko\u015bci - du\u017cy wyb\u00f3r kolor\u00f3w zmywalnych pokry\u0107 tapicerskich, wytrzyma\u0142a konstrukcja. Zobacz!\" \/>\n<meta property=\"og:url\" content=\"https:\/\/innow.pl\/produkt\/s422h-stol-rehabilitacyjny-z-hydrauliczna-reg-wys\/\" \/>\n<meta property=\"og:site_name\" content=\"INNOW\" \/>\n<meta property=\"article:modified_time\" content=\"2025-05-19T10:31:11+00:00\" \/>\n<meta property=\"og:image\" content=\"https:\/\/innow.pl\/wp-content\/uploads\/2024\/11\/S422H.jpg\" \/>\n\t<meta property=\"og:image:width\" content=\"800\" \/>\n\t<meta property=\"og:image:height\" content=\"800\" \/>\n\t<meta property=\"og:image:type\" content=\"image\/jpeg\" \/>\n<meta name=\"twitter:card\" content=\"summary_large_image\" \/>\n<meta name=\"twitter:label1\" content=\"Est. reading time\" \/>\n\t<meta name=\"twitter:data1\" content=\"1 minute\" \/>\n<script type=\"application\/ld+json\" class=\"yoast-schema-graph\">{\"@context\":\"https:\\\/\\\/schema.org\",\"@graph\":[{\"@type\":\"WebPage\",\"@id\":\"https:\\\/\\\/innow.pl\\\/produkt\\\/s422h-stol-rehabilitacyjny-z-hydrauliczna-reg-wys\\\/\",\"url\":\"https:\\\/\\\/innow.pl\\\/produkt\\\/s422h-stol-rehabilitacyjny-z-hydrauliczna-reg-wys\\\/\",\"name\":\"S422H - St\u00f3\u0142 rehabilitacyjny z hydrauliczn\u0105 regulacj\u0105 wysoko\u015bci - INNOW\",\"isPartOf\":{\"@id\":\"https:\\\/\\\/innow.pl\\\/#website\"},\"primaryImageOfPage\":{\"@id\":\"https:\\\/\\\/innow.pl\\\/produkt\\\/s422h-stol-rehabilitacyjny-z-hydrauliczna-reg-wys\\\/#primaryimage\"},\"image\":{\"@id\":\"https:\\\/\\\/innow.pl\\\/produkt\\\/s422h-stol-rehabilitacyjny-z-hydrauliczna-reg-wys\\\/#primaryimage\"},\"thumbnailUrl\":\"https:\\\/\\\/innow.pl\\\/wp-content\\\/uploads\\\/2024\\\/11\\\/S422H.jpg\",\"datePublished\":\"2017-07-10T06:02:39+00:00\",\"dateModified\":\"2025-05-19T10:31:11+00:00\",\"description\":\"Niedrogi st\u00f3\u0142 rehabilitacyjny z hydrauliczn\u0105 regulacj\u0105 wysoko\u015bci - du\u017cy wyb\u00f3r kolor\u00f3w zmywalnych pokry\u0107 tapicerskich, wytrzyma\u0142a konstrukcja. Zobacz!\",\"breadcrumb\":{\"@id\":\"https:\\\/\\\/innow.pl\\\/produkt\\\/s422h-stol-rehabilitacyjny-z-hydrauliczna-reg-wys\\\/#breadcrumb\"},\"inLanguage\":\"en-US\",\"potentialAction\":[{\"@type\":\"ReadAction\",\"target\":[\"https:\\\/\\\/innow.pl\\\/produkt\\\/s422h-stol-rehabilitacyjny-z-hydrauliczna-reg-wys\\\/\"]}]},{\"@type\":\"ImageObject\",\"inLanguage\":\"en-US\",\"@id\":\"https:\\\/\\\/innow.pl\\\/produkt\\\/s422h-stol-rehabilitacyjny-z-hydrauliczna-reg-wys\\\/#primaryimage\",\"url\":\"https:\\\/\\\/innow.pl\\\/wp-content\\\/uploads\\\/2024\\\/11\\\/S422H.jpg\",\"contentUrl\":\"https:\\\/\\\/innow.pl\\\/wp-content\\\/uploads\\\/2024\\\/11\\\/S422H.jpg\",\"width\":800,\"height\":800,\"caption\":\"St\u00f3\u0142 rehabilitacyjny z hydrauliczn\u0105 regulacj\u0105 wysoko\u015bci \u2013 S422H \u2013 INNOW\"},{\"@type\":\"BreadcrumbList\",\"@id\":\"https:\\\/\\\/innow.pl\\\/produkt\\\/s422h-stol-rehabilitacyjny-z-hydrauliczna-reg-wys\\\/#breadcrumb\",\"itemListElement\":[{\"@type\":\"ListItem\",\"position\":1,\"name\":\"INNOW\",\"item\":\"https:\\\/\\\/innow.pl\\\/en\\\/\"},{\"@type\":\"ListItem\",\"position\":2,\"name\":\"Produkty\",\"item\":\"https:\\\/\\\/innow.pl\\\/produkty\\\/\"},{\"@type\":\"ListItem\",\"position\":3,\"name\":\"Sto\u0142y do masa\u017cu, rehabilitacji\",\"item\":\"https:\\\/\\\/innow.pl\\\/produkty\\\/stoly-rehabilitacyjne\\\/\"},{\"@type\":\"ListItem\",\"position\":4,\"name\":\"Sto\u0142y z hydrauliczn\u0105 regulacj\u0105 wysoko\u015bci\",\"item\":\"https:\\\/\\\/innow.pl\\\/produkty\\\/stoly-rehabilitacyjne\\\/stoly-z-hydrauliczna-regulacja-wysokosci\\\/\"},{\"@type\":\"ListItem\",\"position\":5,\"name\":\"Sto\u0142y hydrauliczne na wahaczach\",\"item\":\"https:\\\/\\\/innow.pl\\\/produkty\\\/stoly-rehabilitacyjne\\\/stoly-z-hydrauliczna-regulacja-wysokosci\\\/stoly-hydrauliczne-na-wahaczach\\\/\"},{\"@type\":\"ListItem\",\"position\":6,\"name\":\"S422H &#8211; St\u00f3\u0142 rehabilitacyjny z hydrauliczn\u0105 regulacj\u0105 wysoko\u015bci\"}]},{\"@type\":\"WebSite\",\"@id\":\"https:\\\/\\\/innow.pl\\\/#website\",\"url\":\"https:\\\/\\\/innow.pl\\\/\",\"name\":\"INNOW\",\"description\":\"\",\"potentialAction\":[{\"@type\":\"SearchAction\",\"target\":{\"@type\":\"EntryPoint\",\"urlTemplate\":\"https:\\\/\\\/innow.pl\\\/?s={search_term_string}\"},\"query-input\":{\"@type\":\"PropertyValueSpecification\",\"valueRequired\":true,\"valueName\":\"search_term_string\"}}],\"inLanguage\":\"en-US\"}]}<\/script>\n<!-- \/ Yoast SEO plugin. -->","yoast_head_json":{"title":"S422H - St\u00f3\u0142 rehabilitacyjny z hydrauliczn\u0105 regulacj\u0105 wysoko\u015bci - INNOW","description":"Niedrogi st\u00f3\u0142 rehabilitacyjny z hydrauliczn\u0105 regulacj\u0105 wysoko\u015bci - du\u017cy wyb\u00f3r kolor\u00f3w zmywalnych pokry\u0107 tapicerskich, wytrzyma\u0142a konstrukcja. Zobacz!","robots":{"index":"index","follow":"follow","max-snippet":"max-snippet:-1","max-image-preview":"max-image-preview:large","max-video-preview":"max-video-preview:-1"},"canonical":"https:\/\/innow.pl\/produkt\/s422h-stol-rehabilitacyjny-z-hydrauliczna-reg-wys\/","og_locale":"en_US","og_type":"article","og_title":"S422H - St\u00f3\u0142 rehabilitacyjny z hydrauliczn\u0105 regulacj\u0105 wysoko\u015bci - INNOW","og_description":"Niedrogi st\u00f3\u0142 rehabilitacyjny z hydrauliczn\u0105 regulacj\u0105 wysoko\u015bci - du\u017cy wyb\u00f3r kolor\u00f3w zmywalnych pokry\u0107 tapicerskich, wytrzyma\u0142a konstrukcja. Zobacz!","og_url":"https:\/\/innow.pl\/produkt\/s422h-stol-rehabilitacyjny-z-hydrauliczna-reg-wys\/","og_site_name":"INNOW","article_modified_time":"2025-05-19T10:31:11+00:00","og_image":[{"width":800,"height":800,"url":"https:\/\/innow.pl\/wp-content\/uploads\/2024\/11\/S422H.jpg","type":"image\/jpeg"}],"twitter_card":"summary_large_image","twitter_misc":{"Est. reading time":"1 minute"},"schema":{"@context":"https:\/\/schema.org","@graph":[{"@type":"WebPage","@id":"https:\/\/innow.pl\/produkt\/s422h-stol-rehabilitacyjny-z-hydrauliczna-reg-wys\/","url":"https:\/\/innow.pl\/produkt\/s422h-stol-rehabilitacyjny-z-hydrauliczna-reg-wys\/","name":"S422H - St\u00f3\u0142 rehabilitacyjny z hydrauliczn\u0105 regulacj\u0105 wysoko\u015bci - INNOW","isPartOf":{"@id":"https:\/\/innow.pl\/#website"},"primaryImageOfPage":{"@id":"https:\/\/innow.pl\/produkt\/s422h-stol-rehabilitacyjny-z-hydrauliczna-reg-wys\/#primaryimage"},"image":{"@id":"https:\/\/innow.pl\/produkt\/s422h-stol-rehabilitacyjny-z-hydrauliczna-reg-wys\/#primaryimage"},"thumbnailUrl":"https:\/\/innow.pl\/wp-content\/uploads\/2024\/11\/S422H.jpg","datePublished":"2017-07-10T06:02:39+00:00","dateModified":"2025-05-19T10:31:11+00:00","description":"Niedrogi st\u00f3\u0142 rehabilitacyjny z hydrauliczn\u0105 regulacj\u0105 wysoko\u015bci - du\u017cy wyb\u00f3r kolor\u00f3w zmywalnych pokry\u0107 tapicerskich, wytrzyma\u0142a konstrukcja. Zobacz!","breadcrumb":{"@id":"https:\/\/innow.pl\/produkt\/s422h-stol-rehabilitacyjny-z-hydrauliczna-reg-wys\/#breadcrumb"},"inLanguage":"en-US","potentialAction":[{"@type":"ReadAction","target":["https:\/\/innow.pl\/produkt\/s422h-stol-rehabilitacyjny-z-hydrauliczna-reg-wys\/"]}]},{"@type":"ImageObject","inLanguage":"en-US","@id":"https:\/\/innow.pl\/produkt\/s422h-stol-rehabilitacyjny-z-hydrauliczna-reg-wys\/#primaryimage","url":"https:\/\/innow.pl\/wp-content\/uploads\/2024\/11\/S422H.jpg","contentUrl":"https:\/\/innow.pl\/wp-content\/uploads\/2024\/11\/S422H.jpg","width":800,"height":800,"caption":"St\u00f3\u0142 rehabilitacyjny z hydrauliczn\u0105 regulacj\u0105 wysoko\u015bci \u2013 S422H \u2013 INNOW"},{"@type":"BreadcrumbList","@id":"https:\/\/innow.pl\/produkt\/s422h-stol-rehabilitacyjny-z-hydrauliczna-reg-wys\/#breadcrumb","itemListElement":[{"@type":"ListItem","position":1,"name":"INNOW","item":"https:\/\/innow.pl\/en\/"},{"@type":"ListItem","position":2,"name":"Produkty","item":"https:\/\/innow.pl\/produkty\/"},{"@type":"ListItem","position":3,"name":"Sto\u0142y do masa\u017cu, rehabilitacji","item":"https:\/\/innow.pl\/produkty\/stoly-rehabilitacyjne\/"},{"@type":"ListItem","position":4,"name":"Sto\u0142y z hydrauliczn\u0105 regulacj\u0105 wysoko\u015bci","item":"https:\/\/innow.pl\/produkty\/stoly-rehabilitacyjne\/stoly-z-hydrauliczna-regulacja-wysokosci\/"},{"@type":"ListItem","position":5,"name":"Sto\u0142y hydrauliczne na wahaczach","item":"https:\/\/innow.pl\/produkty\/stoly-rehabilitacyjne\/stoly-z-hydrauliczna-regulacja-wysokosci\/stoly-hydrauliczne-na-wahaczach\/"},{"@type":"ListItem","position":6,"name":"S422H &#8211; St\u00f3\u0142 rehabilitacyjny z hydrauliczn\u0105 regulacj\u0105 wysoko\u015bci"}]},{"@type":"WebSite","@id":"https:\/\/innow.pl\/#website","url":"https:\/\/innow.pl\/","name":"INNOW","description":"","potentialAction":[{"@type":"SearchAction","target":{"@type":"EntryPoint","urlTemplate":"https:\/\/innow.pl\/?s={search_term_string}"},"query-input":{"@type":"PropertyValueSpecification","valueRequired":true,"valueName":"search_term_string"}}],"inLanguage":"en-US"}]}},"_links":{"self":[{"href":"https:\/\/innow.pl\/en\/wp-json\/wp\/v2\/product\/26863","targetHints":{"allow":["GET"]}}],"collection":[{"href":"https:\/\/innow.pl\/en\/wp-json\/wp\/v2\/product"}],"about":[{"href":"https:\/\/innow.pl\/en\/wp-json\/wp\/v2\/types\/product"}],"replies":[{"embeddable":true,"href":"https:\/\/innow.pl\/en\/wp-json\/wp\/v2\/comments?post=26863"}],"wp:featuredmedia":[{"embeddable":true,"href":"https:\/\/innow.pl\/en\/wp-json\/wp\/v2\/media\/26866"}],"wp:attachment":[{"href":"https:\/\/innow.pl\/en\/wp-json\/wp\/v2\/media?parent=26863"}],"wp:term":[{"taxonomy":"product_brand","embeddable":true,"href":"https:\/\/innow.pl\/en\/wp-json\/wp\/v2\/product_brand?post=26863"},{"taxonomy":"product_cat","embeddable":true,"href":"https:\/\/innow.pl\/en\/wp-json\/wp\/v2\/product_cat?post=26863"},{"taxonomy":"product_tag","embeddable":true,"href":"https:\/\/innow.pl\/en\/wp-json\/wp\/v2\/product_tag?post=26863"}],"curies":[{"name":"wp","href":"https:\/\/api.w.org\/{rel}","templated":true}]}}