{"id":26788,"date":"2017-07-07T06:49:52","date_gmt":"2017-07-07T04:49:52","guid":{"rendered":"https:\/\/innow.pl\/produkt\/ssb-schody-z-pochylnia-do-suchego-basenu\/"},"modified":"2025-02-24T08:27:58","modified_gmt":"2025-02-24T07:27:58","slug":"ssb-schody-z-pochylnia-do-suchego-basenu","status":"publish","type":"product","link":"https:\/\/innow.pl\/en\/produkt\/ssb-schody-z-pochylnia-do-suchego-basenu\/","title":{"rendered":"SSB &#8211; Schody z pochylni\u0105 do suchego basenu"},"content":{"rendered":"<p>Schody z ukszta\u0142towan\u0105 pochylni\u0105 dopasowane do suchego basenu. Jako zestaw z suchym basenem przeznaczone s\u0105 do rehabilitacji dzieci.<\/p>\n","protected":false},"excerpt":{"rendered":"<p>Schody z ukszta\u0142towan\u0105 pochylni\u0105 dopasowane do suchego basenu. Jako zestaw z suchym basenem przeznaczone s\u0105 do rehabilitacji dzieci.<\/p>\n","protected":false},"featured_media":26790,"comment_status":"open","ping_status":"closed","template":"","meta":{"_acf_changed":false},"product_brand":[],"product_cat":[438,549,456,484],"product_tag":[],"class_list":{"0":"post-26788","1":"product","2":"type-product","3":"status-publish","4":"has-post-thumbnail","6":"product_cat-pielegnacja-i-rehabilitacja","7":"product_cat-sprzet-rehabilitacyjny-dla-dzieci","8":"product_cat-urzadzenia-do-fizjoterapii","9":"product_cat-usprawnienie-lecznicze","11":"first","12":"instock","13":"taxable","14":"shipping-taxable","15":"purchasable","16":"product-type-simple"},"acf":[],"yoast_head":"<!-- This site is optimized with the Yoast SEO plugin v27.4 - https:\/\/yoast.com\/product\/yoast-seo-wordpress\/ -->\n<title>SSB - Schody z pochylni\u0105 do suchego basenu - INNOW<\/title>\n<meta name=\"description\" content=\"Wykonane w atrakcyjnych kolorach schody z pochylni\u0105 do suchego basenu - pomys\u0142owa i ciekawa rehabilitacja dzieci. Zam\u00f3w ju\u017c dzi\u015b!\" \/>\n<meta name=\"robots\" content=\"index, follow, max-snippet:-1, max-image-preview:large, max-video-preview:-1\" \/>\n<link rel=\"canonical\" href=\"https:\/\/innow.pl\/produkt\/ssb-schody-z-pochylnia-do-suchego-basenu\/\" \/>\n<meta property=\"og:locale\" content=\"en_US\" \/>\n<meta property=\"og:type\" content=\"article\" \/>\n<meta property=\"og:title\" content=\"SSB - Schody z pochylni\u0105 do suchego basenu - INNOW\" \/>\n<meta property=\"og:description\" content=\"Wykonane w atrakcyjnych kolorach schody z pochylni\u0105 do suchego basenu - pomys\u0142owa i ciekawa rehabilitacja dzieci. Zam\u00f3w ju\u017c dzi\u015b!\" \/>\n<meta property=\"og:url\" content=\"https:\/\/innow.pl\/produkt\/ssb-schody-z-pochylnia-do-suchego-basenu\/\" \/>\n<meta property=\"og:site_name\" content=\"INNOW\" \/>\n<meta property=\"article:modified_time\" content=\"2025-02-24T07:27:58+00:00\" \/>\n<meta property=\"og:image\" content=\"https:\/\/innow.pl\/wp-content\/uploads\/2024\/11\/suchy_basen-2.jpg\" \/>\n\t<meta property=\"og:image:width\" content=\"600\" \/>\n\t<meta property=\"og:image:height\" content=\"600\" \/>\n\t<meta property=\"og:image:type\" content=\"image\/jpeg\" \/>\n<meta name=\"twitter:card\" content=\"summary_large_image\" \/>\n<meta name=\"twitter:label1\" content=\"Est. reading time\" \/>\n\t<meta name=\"twitter:data1\" content=\"1 minute\" \/>\n<script type=\"application\/ld+json\" class=\"yoast-schema-graph\">{\"@context\":\"https:\\\/\\\/schema.org\",\"@graph\":[{\"@type\":\"WebPage\",\"@id\":\"https:\\\/\\\/innow.pl\\\/produkt\\\/ssb-schody-z-pochylnia-do-suchego-basenu\\\/\",\"url\":\"https:\\\/\\\/innow.pl\\\/produkt\\\/ssb-schody-z-pochylnia-do-suchego-basenu\\\/\",\"name\":\"SSB - Schody z pochylni\u0105 do suchego basenu - INNOW\",\"isPartOf\":{\"@id\":\"https:\\\/\\\/innow.pl\\\/#website\"},\"primaryImageOfPage\":{\"@id\":\"https:\\\/\\\/innow.pl\\\/produkt\\\/ssb-schody-z-pochylnia-do-suchego-basenu\\\/#primaryimage\"},\"image\":{\"@id\":\"https:\\\/\\\/innow.pl\\\/produkt\\\/ssb-schody-z-pochylnia-do-suchego-basenu\\\/#primaryimage\"},\"thumbnailUrl\":\"https:\\\/\\\/innow.pl\\\/wp-content\\\/uploads\\\/2024\\\/11\\\/suchy_basen-2.jpg\",\"datePublished\":\"2017-07-07T04:49:52+00:00\",\"dateModified\":\"2025-02-24T07:27:58+00:00\",\"description\":\"Wykonane w atrakcyjnych kolorach schody z pochylni\u0105 do suchego basenu - pomys\u0142owa i ciekawa rehabilitacja dzieci. Zam\u00f3w ju\u017c dzi\u015b!\",\"breadcrumb\":{\"@id\":\"https:\\\/\\\/innow.pl\\\/produkt\\\/ssb-schody-z-pochylnia-do-suchego-basenu\\\/#breadcrumb\"},\"inLanguage\":\"en-US\",\"potentialAction\":[{\"@type\":\"ReadAction\",\"target\":[\"https:\\\/\\\/innow.pl\\\/produkt\\\/ssb-schody-z-pochylnia-do-suchego-basenu\\\/\"]}]},{\"@type\":\"ImageObject\",\"inLanguage\":\"en-US\",\"@id\":\"https:\\\/\\\/innow.pl\\\/produkt\\\/ssb-schody-z-pochylnia-do-suchego-basenu\\\/#primaryimage\",\"url\":\"https:\\\/\\\/innow.pl\\\/wp-content\\\/uploads\\\/2024\\\/11\\\/suchy_basen-2.jpg\",\"contentUrl\":\"https:\\\/\\\/innow.pl\\\/wp-content\\\/uploads\\\/2024\\\/11\\\/suchy_basen-2.jpg\",\"width\":600,\"height\":600,\"caption\":\"Suchy basen 200x200 cm z mat\u0105 pod\u0142ogow\u0105 \u2013 SB01 \u2013 INNOW\"},{\"@type\":\"BreadcrumbList\",\"@id\":\"https:\\\/\\\/innow.pl\\\/produkt\\\/ssb-schody-z-pochylnia-do-suchego-basenu\\\/#breadcrumb\",\"itemListElement\":[{\"@type\":\"ListItem\",\"position\":1,\"name\":\"INNOW\",\"item\":\"https:\\\/\\\/innow.pl\\\/en\\\/\"},{\"@type\":\"ListItem\",\"position\":2,\"name\":\"Produkty\",\"item\":\"https:\\\/\\\/innow.pl\\\/produkty\\\/\"},{\"@type\":\"ListItem\",\"position\":3,\"name\":\"Piel\u0119gnacja i rehabilitacja\",\"item\":\"https:\\\/\\\/innow.pl\\\/produkty\\\/pielegnacja-i-rehabilitacja\\\/\"},{\"@type\":\"ListItem\",\"position\":4,\"name\":\"Urz\u0105dzenia do fizjoterapii\",\"item\":\"https:\\\/\\\/innow.pl\\\/produkty\\\/pielegnacja-i-rehabilitacja\\\/urzadzenia-do-fizjoterapii\\\/\"},{\"@type\":\"ListItem\",\"position\":5,\"name\":\"Usprawnienie lecznicze\",\"item\":\"https:\\\/\\\/innow.pl\\\/produkty\\\/pielegnacja-i-rehabilitacja\\\/urzadzenia-do-fizjoterapii\\\/usprawnienie-lecznicze\\\/\"},{\"@type\":\"ListItem\",\"position\":6,\"name\":\"Sprz\u0119t rehabilitacyjny dla dzieci\",\"item\":\"https:\\\/\\\/innow.pl\\\/produkty\\\/pielegnacja-i-rehabilitacja\\\/urzadzenia-do-fizjoterapii\\\/usprawnienie-lecznicze\\\/sprzet-rehabilitacyjny-dla-dzieci\\\/\"},{\"@type\":\"ListItem\",\"position\":7,\"name\":\"SSB &#8211; Schody z pochylni\u0105 do suchego basenu\"}]},{\"@type\":\"WebSite\",\"@id\":\"https:\\\/\\\/innow.pl\\\/#website\",\"url\":\"https:\\\/\\\/innow.pl\\\/\",\"name\":\"INNOW\",\"description\":\"\",\"potentialAction\":[{\"@type\":\"SearchAction\",\"target\":{\"@type\":\"EntryPoint\",\"urlTemplate\":\"https:\\\/\\\/innow.pl\\\/?s={search_term_string}\"},\"query-input\":{\"@type\":\"PropertyValueSpecification\",\"valueRequired\":true,\"valueName\":\"search_term_string\"}}],\"inLanguage\":\"en-US\"}]}<\/script>\n<!-- \/ Yoast SEO plugin. -->","yoast_head_json":{"title":"SSB - Schody z pochylni\u0105 do suchego basenu - INNOW","description":"Wykonane w atrakcyjnych kolorach schody z pochylni\u0105 do suchego basenu - pomys\u0142owa i ciekawa rehabilitacja dzieci. Zam\u00f3w ju\u017c dzi\u015b!","robots":{"index":"index","follow":"follow","max-snippet":"max-snippet:-1","max-image-preview":"max-image-preview:large","max-video-preview":"max-video-preview:-1"},"canonical":"https:\/\/innow.pl\/produkt\/ssb-schody-z-pochylnia-do-suchego-basenu\/","og_locale":"en_US","og_type":"article","og_title":"SSB - Schody z pochylni\u0105 do suchego basenu - INNOW","og_description":"Wykonane w atrakcyjnych kolorach schody z pochylni\u0105 do suchego basenu - pomys\u0142owa i ciekawa rehabilitacja dzieci. Zam\u00f3w ju\u017c dzi\u015b!","og_url":"https:\/\/innow.pl\/produkt\/ssb-schody-z-pochylnia-do-suchego-basenu\/","og_site_name":"INNOW","article_modified_time":"2025-02-24T07:27:58+00:00","og_image":[{"width":600,"height":600,"url":"https:\/\/innow.pl\/wp-content\/uploads\/2024\/11\/suchy_basen-2.jpg","type":"image\/jpeg"}],"twitter_card":"summary_large_image","twitter_misc":{"Est. reading time":"1 minute"},"schema":{"@context":"https:\/\/schema.org","@graph":[{"@type":"WebPage","@id":"https:\/\/innow.pl\/produkt\/ssb-schody-z-pochylnia-do-suchego-basenu\/","url":"https:\/\/innow.pl\/produkt\/ssb-schody-z-pochylnia-do-suchego-basenu\/","name":"SSB - Schody z pochylni\u0105 do suchego basenu - INNOW","isPartOf":{"@id":"https:\/\/innow.pl\/#website"},"primaryImageOfPage":{"@id":"https:\/\/innow.pl\/produkt\/ssb-schody-z-pochylnia-do-suchego-basenu\/#primaryimage"},"image":{"@id":"https:\/\/innow.pl\/produkt\/ssb-schody-z-pochylnia-do-suchego-basenu\/#primaryimage"},"thumbnailUrl":"https:\/\/innow.pl\/wp-content\/uploads\/2024\/11\/suchy_basen-2.jpg","datePublished":"2017-07-07T04:49:52+00:00","dateModified":"2025-02-24T07:27:58+00:00","description":"Wykonane w atrakcyjnych kolorach schody z pochylni\u0105 do suchego basenu - pomys\u0142owa i ciekawa rehabilitacja dzieci. Zam\u00f3w ju\u017c dzi\u015b!","breadcrumb":{"@id":"https:\/\/innow.pl\/produkt\/ssb-schody-z-pochylnia-do-suchego-basenu\/#breadcrumb"},"inLanguage":"en-US","potentialAction":[{"@type":"ReadAction","target":["https:\/\/innow.pl\/produkt\/ssb-schody-z-pochylnia-do-suchego-basenu\/"]}]},{"@type":"ImageObject","inLanguage":"en-US","@id":"https:\/\/innow.pl\/produkt\/ssb-schody-z-pochylnia-do-suchego-basenu\/#primaryimage","url":"https:\/\/innow.pl\/wp-content\/uploads\/2024\/11\/suchy_basen-2.jpg","contentUrl":"https:\/\/innow.pl\/wp-content\/uploads\/2024\/11\/suchy_basen-2.jpg","width":600,"height":600,"caption":"Suchy basen 200x200 cm z mat\u0105 pod\u0142ogow\u0105 \u2013 SB01 \u2013 INNOW"},{"@type":"BreadcrumbList","@id":"https:\/\/innow.pl\/produkt\/ssb-schody-z-pochylnia-do-suchego-basenu\/#breadcrumb","itemListElement":[{"@type":"ListItem","position":1,"name":"INNOW","item":"https:\/\/innow.pl\/en\/"},{"@type":"ListItem","position":2,"name":"Produkty","item":"https:\/\/innow.pl\/produkty\/"},{"@type":"ListItem","position":3,"name":"Piel\u0119gnacja i rehabilitacja","item":"https:\/\/innow.pl\/produkty\/pielegnacja-i-rehabilitacja\/"},{"@type":"ListItem","position":4,"name":"Urz\u0105dzenia do fizjoterapii","item":"https:\/\/innow.pl\/produkty\/pielegnacja-i-rehabilitacja\/urzadzenia-do-fizjoterapii\/"},{"@type":"ListItem","position":5,"name":"Usprawnienie lecznicze","item":"https:\/\/innow.pl\/produkty\/pielegnacja-i-rehabilitacja\/urzadzenia-do-fizjoterapii\/usprawnienie-lecznicze\/"},{"@type":"ListItem","position":6,"name":"Sprz\u0119t rehabilitacyjny dla dzieci","item":"https:\/\/innow.pl\/produkty\/pielegnacja-i-rehabilitacja\/urzadzenia-do-fizjoterapii\/usprawnienie-lecznicze\/sprzet-rehabilitacyjny-dla-dzieci\/"},{"@type":"ListItem","position":7,"name":"SSB &#8211; Schody z pochylni\u0105 do suchego basenu"}]},{"@type":"WebSite","@id":"https:\/\/innow.pl\/#website","url":"https:\/\/innow.pl\/","name":"INNOW","description":"","potentialAction":[{"@type":"SearchAction","target":{"@type":"EntryPoint","urlTemplate":"https:\/\/innow.pl\/?s={search_term_string}"},"query-input":{"@type":"PropertyValueSpecification","valueRequired":true,"valueName":"search_term_string"}}],"inLanguage":"en-US"}]}},"_links":{"self":[{"href":"https:\/\/innow.pl\/en\/wp-json\/wp\/v2\/product\/26788","targetHints":{"allow":["GET"]}}],"collection":[{"href":"https:\/\/innow.pl\/en\/wp-json\/wp\/v2\/product"}],"about":[{"href":"https:\/\/innow.pl\/en\/wp-json\/wp\/v2\/types\/product"}],"replies":[{"embeddable":true,"href":"https:\/\/innow.pl\/en\/wp-json\/wp\/v2\/comments?post=26788"}],"wp:featuredmedia":[{"embeddable":true,"href":"https:\/\/innow.pl\/en\/wp-json\/wp\/v2\/media\/26790"}],"wp:attachment":[{"href":"https:\/\/innow.pl\/en\/wp-json\/wp\/v2\/media?parent=26788"}],"wp:term":[{"taxonomy":"product_brand","embeddable":true,"href":"https:\/\/innow.pl\/en\/wp-json\/wp\/v2\/product_brand?post=26788"},{"taxonomy":"product_cat","embeddable":true,"href":"https:\/\/innow.pl\/en\/wp-json\/wp\/v2\/product_cat?post=26788"},{"taxonomy":"product_tag","embeddable":true,"href":"https:\/\/innow.pl\/en\/wp-json\/wp\/v2\/product_tag?post=26788"}],"curies":[{"name":"wp","href":"https:\/\/api.w.org\/{rel}","templated":true}]}}