{"id":26719,"date":"2017-07-06T09:18:01","date_gmt":"2017-07-06T07:18:01","guid":{"rendered":"https:\/\/innow.pl\/produkt\/ugul-kabina-standard-200-x-200-cm\/"},"modified":"2025-02-27T09:38:27","modified_gmt":"2025-02-27T08:38:27","slug":"ugul-kabina-standard-200-x-200-cm","status":"publish","type":"product","link":"https:\/\/innow.pl\/en\/produkt\/ugul-kabina-standard-200-x-200-cm\/","title":{"rendered":"UGUL &#8211; Kabina standard 200 x 200 cm"},"content":{"rendered":"<p align=\"left\">Uniwersalny Gabinet Usprawniania Leczniczego (UGUL) umo\u017cliwiaj\u0105cy stosowanie kinezyterapii nawet z udzia\u0142em kilku pacjent\u00f3w jednocze\u015bnie. Wykonany jest z prostok\u0105tnych ram o przybli\u017conych wymiarach 100 x 200 cm, w tym drabinki oraz przywieszki (opcjonalnie). Pozwala na stosowanie wybranych konfiguracji, kt\u00f3re uwzgl\u0119dniaj\u0105 potrzeby, wymagania i mo\u017cliwo\u015bci przestrzenne zak\u0142adu rehabilitacji. Umieszczenie wewn\u0105trz sto\u0142u do rehabilitacji oraz zastosowanie osprz\u0119tu (np. obci\u0105\u017cniki, pasy, linki, podwieszki) tworzy z kabiny podstawowy zestaw UGUL. Elementy kabiny s\u0105 zunifikowane, co umo\u017cliwia montowanie ich w dowolnym miejscu oraz rozmieszczeniu. Kabina pozwala na zastosowanie zawiesze\u0144 ca\u0142kowitych, wyci\u0105gu Perschl&#8217;a, a tak\u017ce na wykonywanie \u0107wicze\u0144 czynnych z oporem, systemem bloczkowo-ci\u0119\u017carowym i \u0107wicze\u0144 czynnych w odci\u0105\u017ceniu.<\/p>\n","protected":false},"excerpt":{"rendered":"<p>Uniwersalny Gabinet Usprawniania Leczniczego (UGUL) umo\u017cliwiaj\u0105cy stosowanie kinezyterapii nawet z udzia\u0142em kilku pacjent\u00f3w jednocze\u015bnie. Wykonany jest z prostok\u0105tnych ram o przybli\u017conych wymiarach 100 x 200 cm, w tym drabinki oraz przywieszki (opcjonalnie). Pozwala na stosowanie wybranych konfiguracji, kt\u00f3re uwzgl\u0119dniaj\u0105 potrzeby, wymagania i mo\u017cliwo\u015bci przestrzenne zak\u0142adu rehabilitacji. Umieszczenie wewn\u0105trz sto\u0142u do rehabilitacji oraz zastosowanie osprz\u0119tu (np. [&hellip;]<\/p>\n","protected":false},"featured_media":26721,"comment_status":"open","ping_status":"closed","template":"","meta":{"_acf_changed":false},"product_brand":[],"product_cat":[486,438,456,484],"product_tag":[],"class_list":{"0":"post-26719","1":"product","2":"type-product","3":"status-publish","4":"has-post-thumbnail","6":"product_cat-kabiny-stanowiska-rehabilitacyjne","7":"product_cat-pielegnacja-i-rehabilitacja","8":"product_cat-urzadzenia-do-fizjoterapii","9":"product_cat-usprawnienie-lecznicze","11":"first","12":"instock","13":"taxable","14":"shipping-taxable","15":"purchasable","16":"product-type-simple"},"acf":[],"yoast_head":"<!-- This site is optimized with the Yoast SEO plugin v27.4 - https:\/\/yoast.com\/product\/yoast-seo-wordpress\/ -->\n<title>UGUL - Kabina standard 200 x 200 cm - INNOW<\/title>\n<meta name=\"description\" content=\"Kabina standard 200 x 200 cm umo\u017cliwiaj\u0105ca mocowanie osprz\u0119tu w dowolnych miejscach oraz jednoczesn\u0105 rehabilitacj\u0119 grupy pacjent\u00f3w. Kliknij i sprawd\u017a!\" \/>\n<meta name=\"robots\" content=\"index, follow, max-snippet:-1, max-image-preview:large, max-video-preview:-1\" \/>\n<link rel=\"canonical\" href=\"https:\/\/innow.pl\/produkt\/ugul-kabina-standard-200-x-200-cm\/\" \/>\n<meta property=\"og:locale\" content=\"en_US\" \/>\n<meta property=\"og:type\" content=\"article\" \/>\n<meta property=\"og:title\" content=\"UGUL - Kabina standard 200 x 200 cm - INNOW\" \/>\n<meta property=\"og:description\" content=\"Kabina standard 200 x 200 cm umo\u017cliwiaj\u0105ca mocowanie osprz\u0119tu w dowolnych miejscach oraz jednoczesn\u0105 rehabilitacj\u0119 grupy pacjent\u00f3w. Kliknij i sprawd\u017a!\" \/>\n<meta property=\"og:url\" content=\"https:\/\/innow.pl\/produkt\/ugul-kabina-standard-200-x-200-cm\/\" \/>\n<meta property=\"og:site_name\" content=\"INNOW\" \/>\n<meta property=\"article:modified_time\" content=\"2025-02-27T08:38:27+00:00\" \/>\n<meta property=\"og:image\" content=\"https:\/\/innow.pl\/wp-content\/uploads\/2024\/11\/UGUL_1.jpg\" \/>\n\t<meta property=\"og:image:width\" content=\"480\" \/>\n\t<meta property=\"og:image:height\" content=\"480\" \/>\n\t<meta property=\"og:image:type\" content=\"image\/jpeg\" \/>\n<meta name=\"twitter:card\" content=\"summary_large_image\" \/>\n<meta name=\"twitter:label1\" content=\"Est. reading time\" \/>\n\t<meta name=\"twitter:data1\" content=\"1 minute\" \/>\n<script type=\"application\/ld+json\" class=\"yoast-schema-graph\">{\"@context\":\"https:\\\/\\\/schema.org\",\"@graph\":[{\"@type\":\"WebPage\",\"@id\":\"https:\\\/\\\/innow.pl\\\/produkt\\\/ugul-kabina-standard-200-x-200-cm\\\/\",\"url\":\"https:\\\/\\\/innow.pl\\\/produkt\\\/ugul-kabina-standard-200-x-200-cm\\\/\",\"name\":\"UGUL - Kabina standard 200 x 200 cm - INNOW\",\"isPartOf\":{\"@id\":\"https:\\\/\\\/innow.pl\\\/#website\"},\"primaryImageOfPage\":{\"@id\":\"https:\\\/\\\/innow.pl\\\/produkt\\\/ugul-kabina-standard-200-x-200-cm\\\/#primaryimage\"},\"image\":{\"@id\":\"https:\\\/\\\/innow.pl\\\/produkt\\\/ugul-kabina-standard-200-x-200-cm\\\/#primaryimage\"},\"thumbnailUrl\":\"https:\\\/\\\/innow.pl\\\/wp-content\\\/uploads\\\/2024\\\/11\\\/UGUL_1.jpg\",\"datePublished\":\"2017-07-06T07:18:01+00:00\",\"dateModified\":\"2025-02-27T08:38:27+00:00\",\"description\":\"Kabina standard 200 x 200 cm umo\u017cliwiaj\u0105ca mocowanie osprz\u0119tu w dowolnych miejscach oraz jednoczesn\u0105 rehabilitacj\u0119 grupy pacjent\u00f3w. Kliknij i sprawd\u017a!\",\"breadcrumb\":{\"@id\":\"https:\\\/\\\/innow.pl\\\/produkt\\\/ugul-kabina-standard-200-x-200-cm\\\/#breadcrumb\"},\"inLanguage\":\"en-US\",\"potentialAction\":[{\"@type\":\"ReadAction\",\"target\":[\"https:\\\/\\\/innow.pl\\\/produkt\\\/ugul-kabina-standard-200-x-200-cm\\\/\"]}]},{\"@type\":\"ImageObject\",\"inLanguage\":\"en-US\",\"@id\":\"https:\\\/\\\/innow.pl\\\/produkt\\\/ugul-kabina-standard-200-x-200-cm\\\/#primaryimage\",\"url\":\"https:\\\/\\\/innow.pl\\\/wp-content\\\/uploads\\\/2024\\\/11\\\/UGUL_1.jpg\",\"contentUrl\":\"https:\\\/\\\/innow.pl\\\/wp-content\\\/uploads\\\/2024\\\/11\\\/UGUL_1.jpg\",\"width\":480,\"height\":480,\"caption\":\"Kabina standard 200 x 200 cm \u2013 UGUL \u2013 INNOW\"},{\"@type\":\"BreadcrumbList\",\"@id\":\"https:\\\/\\\/innow.pl\\\/produkt\\\/ugul-kabina-standard-200-x-200-cm\\\/#breadcrumb\",\"itemListElement\":[{\"@type\":\"ListItem\",\"position\":1,\"name\":\"INNOW\",\"item\":\"https:\\\/\\\/innow.pl\\\/en\\\/\"},{\"@type\":\"ListItem\",\"position\":2,\"name\":\"Produkty\",\"item\":\"https:\\\/\\\/innow.pl\\\/produkty\\\/\"},{\"@type\":\"ListItem\",\"position\":3,\"name\":\"Piel\u0119gnacja i rehabilitacja\",\"item\":\"https:\\\/\\\/innow.pl\\\/produkty\\\/pielegnacja-i-rehabilitacja\\\/\"},{\"@type\":\"ListItem\",\"position\":4,\"name\":\"Urz\u0105dzenia do fizjoterapii\",\"item\":\"https:\\\/\\\/innow.pl\\\/produkty\\\/pielegnacja-i-rehabilitacja\\\/urzadzenia-do-fizjoterapii\\\/\"},{\"@type\":\"ListItem\",\"position\":5,\"name\":\"Usprawnienie lecznicze\",\"item\":\"https:\\\/\\\/innow.pl\\\/produkty\\\/pielegnacja-i-rehabilitacja\\\/urzadzenia-do-fizjoterapii\\\/usprawnienie-lecznicze\\\/\"},{\"@type\":\"ListItem\",\"position\":6,\"name\":\"Kabiny, stanowiska rehabilitacyjne\",\"item\":\"https:\\\/\\\/innow.pl\\\/produkty\\\/pielegnacja-i-rehabilitacja\\\/urzadzenia-do-fizjoterapii\\\/usprawnienie-lecznicze\\\/kabiny-stanowiska-rehabilitacyjne\\\/\"},{\"@type\":\"ListItem\",\"position\":7,\"name\":\"UGUL &#8211; Kabina standard 200 x 200 cm\"}]},{\"@type\":\"WebSite\",\"@id\":\"https:\\\/\\\/innow.pl\\\/#website\",\"url\":\"https:\\\/\\\/innow.pl\\\/\",\"name\":\"INNOW\",\"description\":\"\",\"potentialAction\":[{\"@type\":\"SearchAction\",\"target\":{\"@type\":\"EntryPoint\",\"urlTemplate\":\"https:\\\/\\\/innow.pl\\\/?s={search_term_string}\"},\"query-input\":{\"@type\":\"PropertyValueSpecification\",\"valueRequired\":true,\"valueName\":\"search_term_string\"}}],\"inLanguage\":\"en-US\"}]}<\/script>\n<!-- \/ Yoast SEO plugin. -->","yoast_head_json":{"title":"UGUL - Kabina standard 200 x 200 cm - INNOW","description":"Kabina standard 200 x 200 cm umo\u017cliwiaj\u0105ca mocowanie osprz\u0119tu w dowolnych miejscach oraz jednoczesn\u0105 rehabilitacj\u0119 grupy pacjent\u00f3w. Kliknij i sprawd\u017a!","robots":{"index":"index","follow":"follow","max-snippet":"max-snippet:-1","max-image-preview":"max-image-preview:large","max-video-preview":"max-video-preview:-1"},"canonical":"https:\/\/innow.pl\/produkt\/ugul-kabina-standard-200-x-200-cm\/","og_locale":"en_US","og_type":"article","og_title":"UGUL - Kabina standard 200 x 200 cm - INNOW","og_description":"Kabina standard 200 x 200 cm umo\u017cliwiaj\u0105ca mocowanie osprz\u0119tu w dowolnych miejscach oraz jednoczesn\u0105 rehabilitacj\u0119 grupy pacjent\u00f3w. Kliknij i sprawd\u017a!","og_url":"https:\/\/innow.pl\/produkt\/ugul-kabina-standard-200-x-200-cm\/","og_site_name":"INNOW","article_modified_time":"2025-02-27T08:38:27+00:00","og_image":[{"width":480,"height":480,"url":"https:\/\/innow.pl\/wp-content\/uploads\/2024\/11\/UGUL_1.jpg","type":"image\/jpeg"}],"twitter_card":"summary_large_image","twitter_misc":{"Est. reading time":"1 minute"},"schema":{"@context":"https:\/\/schema.org","@graph":[{"@type":"WebPage","@id":"https:\/\/innow.pl\/produkt\/ugul-kabina-standard-200-x-200-cm\/","url":"https:\/\/innow.pl\/produkt\/ugul-kabina-standard-200-x-200-cm\/","name":"UGUL - Kabina standard 200 x 200 cm - INNOW","isPartOf":{"@id":"https:\/\/innow.pl\/#website"},"primaryImageOfPage":{"@id":"https:\/\/innow.pl\/produkt\/ugul-kabina-standard-200-x-200-cm\/#primaryimage"},"image":{"@id":"https:\/\/innow.pl\/produkt\/ugul-kabina-standard-200-x-200-cm\/#primaryimage"},"thumbnailUrl":"https:\/\/innow.pl\/wp-content\/uploads\/2024\/11\/UGUL_1.jpg","datePublished":"2017-07-06T07:18:01+00:00","dateModified":"2025-02-27T08:38:27+00:00","description":"Kabina standard 200 x 200 cm umo\u017cliwiaj\u0105ca mocowanie osprz\u0119tu w dowolnych miejscach oraz jednoczesn\u0105 rehabilitacj\u0119 grupy pacjent\u00f3w. Kliknij i sprawd\u017a!","breadcrumb":{"@id":"https:\/\/innow.pl\/produkt\/ugul-kabina-standard-200-x-200-cm\/#breadcrumb"},"inLanguage":"en-US","potentialAction":[{"@type":"ReadAction","target":["https:\/\/innow.pl\/produkt\/ugul-kabina-standard-200-x-200-cm\/"]}]},{"@type":"ImageObject","inLanguage":"en-US","@id":"https:\/\/innow.pl\/produkt\/ugul-kabina-standard-200-x-200-cm\/#primaryimage","url":"https:\/\/innow.pl\/wp-content\/uploads\/2024\/11\/UGUL_1.jpg","contentUrl":"https:\/\/innow.pl\/wp-content\/uploads\/2024\/11\/UGUL_1.jpg","width":480,"height":480,"caption":"Kabina standard 200 x 200 cm \u2013 UGUL \u2013 INNOW"},{"@type":"BreadcrumbList","@id":"https:\/\/innow.pl\/produkt\/ugul-kabina-standard-200-x-200-cm\/#breadcrumb","itemListElement":[{"@type":"ListItem","position":1,"name":"INNOW","item":"https:\/\/innow.pl\/en\/"},{"@type":"ListItem","position":2,"name":"Produkty","item":"https:\/\/innow.pl\/produkty\/"},{"@type":"ListItem","position":3,"name":"Piel\u0119gnacja i rehabilitacja","item":"https:\/\/innow.pl\/produkty\/pielegnacja-i-rehabilitacja\/"},{"@type":"ListItem","position":4,"name":"Urz\u0105dzenia do fizjoterapii","item":"https:\/\/innow.pl\/produkty\/pielegnacja-i-rehabilitacja\/urzadzenia-do-fizjoterapii\/"},{"@type":"ListItem","position":5,"name":"Usprawnienie lecznicze","item":"https:\/\/innow.pl\/produkty\/pielegnacja-i-rehabilitacja\/urzadzenia-do-fizjoterapii\/usprawnienie-lecznicze\/"},{"@type":"ListItem","position":6,"name":"Kabiny, stanowiska rehabilitacyjne","item":"https:\/\/innow.pl\/produkty\/pielegnacja-i-rehabilitacja\/urzadzenia-do-fizjoterapii\/usprawnienie-lecznicze\/kabiny-stanowiska-rehabilitacyjne\/"},{"@type":"ListItem","position":7,"name":"UGUL &#8211; Kabina standard 200 x 200 cm"}]},{"@type":"WebSite","@id":"https:\/\/innow.pl\/#website","url":"https:\/\/innow.pl\/","name":"INNOW","description":"","potentialAction":[{"@type":"SearchAction","target":{"@type":"EntryPoint","urlTemplate":"https:\/\/innow.pl\/?s={search_term_string}"},"query-input":{"@type":"PropertyValueSpecification","valueRequired":true,"valueName":"search_term_string"}}],"inLanguage":"en-US"}]}},"_links":{"self":[{"href":"https:\/\/innow.pl\/en\/wp-json\/wp\/v2\/product\/26719","targetHints":{"allow":["GET"]}}],"collection":[{"href":"https:\/\/innow.pl\/en\/wp-json\/wp\/v2\/product"}],"about":[{"href":"https:\/\/innow.pl\/en\/wp-json\/wp\/v2\/types\/product"}],"replies":[{"embeddable":true,"href":"https:\/\/innow.pl\/en\/wp-json\/wp\/v2\/comments?post=26719"}],"wp:featuredmedia":[{"embeddable":true,"href":"https:\/\/innow.pl\/en\/wp-json\/wp\/v2\/media\/26721"}],"wp:attachment":[{"href":"https:\/\/innow.pl\/en\/wp-json\/wp\/v2\/media?parent=26719"}],"wp:term":[{"taxonomy":"product_brand","embeddable":true,"href":"https:\/\/innow.pl\/en\/wp-json\/wp\/v2\/product_brand?post=26719"},{"taxonomy":"product_cat","embeddable":true,"href":"https:\/\/innow.pl\/en\/wp-json\/wp\/v2\/product_cat?post=26719"},{"taxonomy":"product_tag","embeddable":true,"href":"https:\/\/innow.pl\/en\/wp-json\/wp\/v2\/product_tag?post=26719"}],"curies":[{"name":"wp","href":"https:\/\/api.w.org\/{rel}","templated":true}]}}